{"id":18519,"date":"2024-08-01T13:46:39","date_gmt":"2024-08-01T11:46:39","guid":{"rendered":"https:\/\/www.viastein.hu\/termek\/\u043d\u0435\u043a\u0430\u0442\u0435\u0433\u043e\u0440\u0438\u0437\u043e\u0432\u0430\u043d\u043e\/bastenski-ivicnjak\/"},"modified":"2024-08-01T13:46:39","modified_gmt":"2024-08-01T11:46:39","slug":"bastenski-ivicnjak","status":"publish","type":"product","link":"https:\/\/www.viastein.hu\/sr\/termek\/dekorativne-obloge\/bastenski-dodaci\/ivicnjaci\/bastenski-ivicnjak\/","title":{"rendered":"Ba\u0161tenski ivi\u010dnjak"},"content":{"rendered":"<p>Ba\u0161tenski ivi\u010dnjak je prakti\u010dan element iz kategorije ba\u0161tenska galanterija, namenjen za uredno oblikovanje dvori\u0161ta, staza, zelenih povr\u0161ina i poplo\u010danih zona. Proizvod se prirodno povezuje sa pojmovima ivi\u010dnjak, betonski ivi\u010dnjaci, ba\u0161tenski ivi\u010dnjak, dekoracija za dvori\u0161te i elementi za dvori\u0161te. Zahvaljuju\u0107i uskla\u0111enim bojama i funkcionalnom obliku lako se kombinuje sa behaton plo\u010dama, betonskim plo\u010dama i ostalim Viastein re\u0161enjima.<\/p>\n","protected":false},"excerpt":{"rendered":"<p>Ba\u0161tenski ivi\u010dnjak je prakti\u010dan element iz kategorije ba\u0161tenska galanterija, namenjen za uredno oblikovanje dvori\u0161ta, staza, zelenih povr\u0161ina i poplo\u010danih zona. Proizvod se prirodno povezuje sa pojmovima ivi\u010dnjak, betonski ivi\u010dnjaci, ba\u0161tenski ivi\u010dnjak, dekoracija za dvori\u0161te i elementi za dvori\u0161te. Zahvaljuju\u0107i uskla\u0111enim bojama i funkcionalnom obliku lako se kombinuje sa behaton plo\u010dama, betonskim plo\u010dama i ostalim Viastein [&hellip;]<\/p>\n","protected":false},"featured_media":18520,"template":"","meta":{"_acf_changed":false},"product_brand":[],"product_cat":[393,417],"product_tag":[588],"class_list":{"0":"post-18519","1":"product","2":"type-product","3":"status-publish","4":"has-post-thumbnail","6":"product_cat-bastenski-dodaci","7":"product_cat-ivicnjaci","8":"product_tag-via26","10":"first","11":"instock","12":"sold-individually","13":"taxable","14":"shipping-taxable","15":"purchasable","16":"product-type-variable"},"acf":[],"yoast_head":"<!-- This site is optimized with the Yoast SEO plugin v27.4 - https:\/\/yoast.com\/product\/yoast-seo-wordpress\/ -->\n<title>Ba\u0161tenski ivi\u010dnjak - Viastein<\/title>\n<meta name=\"robots\" content=\"index, follow, max-snippet:-1, max-image-preview:large, max-video-preview:-1\" \/>\n<link rel=\"canonical\" href=\"https:\/\/www.viastein.hu\/sr\/termek\/dekorativne-obloge\/bastenski-dodaci\/ivicnjaci\/bastenski-ivicnjak\/\" \/>\n<meta property=\"og:locale\" content=\"en_US\" \/>\n<meta property=\"og:type\" content=\"article\" \/>\n<meta property=\"og:title\" content=\"Ba\u0161tenski ivi\u010dnjak - Viastein\" \/>\n<meta property=\"og:description\" content=\"Ba\u0161tenski ivi\u010dnjak je prakti\u010dan element iz kategorije ba\u0161tenska galanterija, namenjen za uredno oblikovanje dvori\u0161ta, staza, zelenih povr\u0161ina i poplo\u010danih zona. Proizvod se prirodno povezuje sa pojmovima ivi\u010dnjak, betonski ivi\u010dnjaci, ba\u0161tenski ivi\u010dnjak, dekoracija za dvori\u0161te i elementi za dvori\u0161te. Zahvaljuju\u0107i uskla\u0111enim bojama i funkcionalnom obliku lako se kombinuje sa behaton plo\u010dama, betonskim plo\u010dama i ostalim Viastein [&hellip;]\" \/>\n<meta property=\"og:url\" content=\"https:\/\/www.viastein.hu\/sr\/termek\/dekorativne-obloge\/bastenski-dodaci\/ivicnjaci\/bastenski-ivicnjak\/\" \/>\n<meta property=\"og:site_name\" content=\"Viastein\" \/>\n<meta property=\"article:publisher\" content=\"https:\/\/www.facebook.com\/viastein.hu\/\" \/>\n<meta property=\"og:image\" content=\"https:\/\/www.viastein.hu\/wp-content\/uploads\/2024\/08\/img1-11.jpg\" \/>\n\t<meta property=\"og:image:width\" content=\"1200\" \/>\n\t<meta property=\"og:image:height\" content=\"1600\" \/>\n\t<meta property=\"og:image:type\" content=\"image\/jpeg\" \/>\n<meta name=\"twitter:card\" content=\"summary_large_image\" \/>\n<script type=\"application\/ld+json\" class=\"yoast-schema-graph\">{\"@context\":\"https:\\\/\\\/schema.org\",\"@graph\":[{\"@type\":\"WebPage\",\"@id\":\"https:\\\/\\\/www.viastein.hu\\\/sr\\\/termek\\\/dekorativne-obloge\\\/bastenski-dodaci\\\/ivicnjaci\\\/bastenski-ivicnjak\\\/\",\"url\":\"https:\\\/\\\/www.viastein.hu\\\/sr\\\/termek\\\/dekorativne-obloge\\\/bastenski-dodaci\\\/ivicnjaci\\\/bastenski-ivicnjak\\\/\",\"name\":\"Ba\u0161tenski ivi\u010dnjak - Viastein\",\"isPartOf\":{\"@id\":\"https:\\\/\\\/www.viastein.hu\\\/sr\\\/#website\"},\"primaryImageOfPage\":{\"@id\":\"https:\\\/\\\/www.viastein.hu\\\/sr\\\/termek\\\/dekorativne-obloge\\\/bastenski-dodaci\\\/ivicnjaci\\\/bastenski-ivicnjak\\\/#primaryimage\"},\"image\":{\"@id\":\"https:\\\/\\\/www.viastein.hu\\\/sr\\\/termek\\\/dekorativne-obloge\\\/bastenski-dodaci\\\/ivicnjaci\\\/bastenski-ivicnjak\\\/#primaryimage\"},\"thumbnailUrl\":\"https:\\\/\\\/www.viastein.hu\\\/wp-content\\\/uploads\\\/2024\\\/08\\\/img1-11.jpg\",\"datePublished\":\"2024-08-01T11:46:39+00:00\",\"breadcrumb\":{\"@id\":\"https:\\\/\\\/www.viastein.hu\\\/sr\\\/termek\\\/dekorativne-obloge\\\/bastenski-dodaci\\\/ivicnjaci\\\/bastenski-ivicnjak\\\/#breadcrumb\"},\"inLanguage\":\"sr-RS-latin\",\"potentialAction\":[{\"@type\":\"ReadAction\",\"target\":[\"https:\\\/\\\/www.viastein.hu\\\/sr\\\/termek\\\/dekorativne-obloge\\\/bastenski-dodaci\\\/ivicnjaci\\\/bastenski-ivicnjak\\\/\"]}]},{\"@type\":\"ImageObject\",\"inLanguage\":\"sr-RS-latin\",\"@id\":\"https:\\\/\\\/www.viastein.hu\\\/sr\\\/termek\\\/dekorativne-obloge\\\/bastenski-dodaci\\\/ivicnjaci\\\/bastenski-ivicnjak\\\/#primaryimage\",\"url\":\"https:\\\/\\\/www.viastein.hu\\\/wp-content\\\/uploads\\\/2024\\\/08\\\/img1-11.jpg\",\"contentUrl\":\"https:\\\/\\\/www.viastein.hu\\\/wp-content\\\/uploads\\\/2024\\\/08\\\/img1-11.jpg\",\"width\":1200,\"height\":1600},{\"@type\":\"BreadcrumbList\",\"@id\":\"https:\\\/\\\/www.viastein.hu\\\/sr\\\/termek\\\/dekorativne-obloge\\\/bastenski-dodaci\\\/ivicnjaci\\\/bastenski-ivicnjak\\\/#breadcrumb\",\"itemListElement\":[{\"@type\":\"ListItem\",\"position\":1,\"name\":\"Viastein\",\"item\":\"https:\\\/\\\/www.viastein.hu\\\/sr\\\/\"},{\"@type\":\"ListItem\",\"position\":2,\"name\":\"\u041f\u0440\u043e\u0434\u0430\u0432\u043d\u0438\u0446\u0430\",\"item\":\"https:\\\/\\\/www.viastein.hu\\\/sr\\\/%d0%bf%d1%80%d0%be%d0%b4%d0%b0%d0%b2%d0%bd%d0%b8%d1%86%d0%b0\\\/\"},{\"@type\":\"ListItem\",\"position\":3,\"name\":\"DEKORATIVNE OBLOGE\",\"item\":\"https:\\\/\\\/www.viastein.hu\\\/sr\\\/termek-kategoria\\\/dekorativne-obloge\\\/\"},{\"@type\":\"ListItem\",\"position\":4,\"name\":\"Ba\u0161tenski dodaci\",\"item\":\"https:\\\/\\\/www.viastein.hu\\\/sr\\\/termek-kategoria\\\/dekorativne-obloge\\\/bastenski-dodaci\\\/\"},{\"@type\":\"ListItem\",\"position\":5,\"name\":\"Ba\u0161tenski ivi\u010dnjak\"}]},{\"@type\":\"WebSite\",\"@id\":\"https:\\\/\\\/www.viastein.hu\\\/sr\\\/#website\",\"url\":\"https:\\\/\\\/www.viastein.hu\\\/sr\\\/\",\"name\":\"Viastein\",\"description\":\"D\u00edszburkolatok, falaz\u00f3elemek, vasbeton elemek. Pr\u00e9mium min\u0151s\u00e9gben, hazai rakt\u00e1rb\u00f3l, r\u00f6vid sz\u00e1ll\u00edt\u00e1si hat\u00e1rid\u0151vel.\",\"publisher\":{\"@id\":\"https:\\\/\\\/www.viastein.hu\\\/sr\\\/#organization\"},\"potentialAction\":[{\"@type\":\"SearchAction\",\"target\":{\"@type\":\"EntryPoint\",\"urlTemplate\":\"https:\\\/\\\/www.viastein.hu\\\/sr\\\/?s={search_term_string}\"},\"query-input\":{\"@type\":\"PropertyValueSpecification\",\"valueRequired\":true,\"valueName\":\"search_term_string\"}}],\"inLanguage\":\"sr-RS-latin\"},{\"@type\":\"Organization\",\"@id\":\"https:\\\/\\\/www.viastein.hu\\\/sr\\\/#organization\",\"name\":\"Viastein\",\"url\":\"https:\\\/\\\/www.viastein.hu\\\/sr\\\/\",\"logo\":{\"@type\":\"ImageObject\",\"inLanguage\":\"sr-RS-latin\",\"@id\":\"https:\\\/\\\/www.viastein.hu\\\/sr\\\/#\\\/schema\\\/logo\\\/image\\\/\",\"url\":\"https:\\\/\\\/www.viastein.hu\\\/wp-content\\\/uploads\\\/2024\\\/07\\\/viastein-color-logo-02-2.png\",\"contentUrl\":\"https:\\\/\\\/www.viastein.hu\\\/wp-content\\\/uploads\\\/2024\\\/07\\\/viastein-color-logo-02-2.png\",\"width\":232,\"height\":58,\"caption\":\"Viastein\"},\"image\":{\"@id\":\"https:\\\/\\\/www.viastein.hu\\\/sr\\\/#\\\/schema\\\/logo\\\/image\\\/\"},\"sameAs\":[\"https:\\\/\\\/www.facebook.com\\\/viastein.hu\\\/\",\"https:\\\/\\\/www.instagram.com\\\/viastein_hungary\\\/\",\"https:\\\/\\\/www.youtube.com\\\/@viasteinkft8464\",\"https:\\\/\\\/www.tiktok.com\\\/@viastein_hungary\"]}]}<\/script>\n<!-- \/ Yoast SEO plugin. -->","yoast_head_json":{"title":"Ba\u0161tenski ivi\u010dnjak - Viastein","robots":{"index":"index","follow":"follow","max-snippet":"max-snippet:-1","max-image-preview":"max-image-preview:large","max-video-preview":"max-video-preview:-1"},"canonical":"https:\/\/www.viastein.hu\/sr\/termek\/dekorativne-obloge\/bastenski-dodaci\/ivicnjaci\/bastenski-ivicnjak\/","og_locale":"en_US","og_type":"article","og_title":"Ba\u0161tenski ivi\u010dnjak - Viastein","og_description":"Ba\u0161tenski ivi\u010dnjak je prakti\u010dan element iz kategorije ba\u0161tenska galanterija, namenjen za uredno oblikovanje dvori\u0161ta, staza, zelenih povr\u0161ina i poplo\u010danih zona. Proizvod se prirodno povezuje sa pojmovima ivi\u010dnjak, betonski ivi\u010dnjaci, ba\u0161tenski ivi\u010dnjak, dekoracija za dvori\u0161te i elementi za dvori\u0161te. Zahvaljuju\u0107i uskla\u0111enim bojama i funkcionalnom obliku lako se kombinuje sa behaton plo\u010dama, betonskim plo\u010dama i ostalim Viastein [&hellip;]","og_url":"https:\/\/www.viastein.hu\/sr\/termek\/dekorativne-obloge\/bastenski-dodaci\/ivicnjaci\/bastenski-ivicnjak\/","og_site_name":"Viastein","article_publisher":"https:\/\/www.facebook.com\/viastein.hu\/","og_image":[{"width":1200,"height":1600,"url":"https:\/\/www.viastein.hu\/wp-content\/uploads\/2024\/08\/img1-11.jpg","type":"image\/jpeg"}],"twitter_card":"summary_large_image","schema":{"@context":"https:\/\/schema.org","@graph":[{"@type":"WebPage","@id":"https:\/\/www.viastein.hu\/sr\/termek\/dekorativne-obloge\/bastenski-dodaci\/ivicnjaci\/bastenski-ivicnjak\/","url":"https:\/\/www.viastein.hu\/sr\/termek\/dekorativne-obloge\/bastenski-dodaci\/ivicnjaci\/bastenski-ivicnjak\/","name":"Ba\u0161tenski ivi\u010dnjak - Viastein","isPartOf":{"@id":"https:\/\/www.viastein.hu\/sr\/#website"},"primaryImageOfPage":{"@id":"https:\/\/www.viastein.hu\/sr\/termek\/dekorativne-obloge\/bastenski-dodaci\/ivicnjaci\/bastenski-ivicnjak\/#primaryimage"},"image":{"@id":"https:\/\/www.viastein.hu\/sr\/termek\/dekorativne-obloge\/bastenski-dodaci\/ivicnjaci\/bastenski-ivicnjak\/#primaryimage"},"thumbnailUrl":"https:\/\/www.viastein.hu\/wp-content\/uploads\/2024\/08\/img1-11.jpg","datePublished":"2024-08-01T11:46:39+00:00","breadcrumb":{"@id":"https:\/\/www.viastein.hu\/sr\/termek\/dekorativne-obloge\/bastenski-dodaci\/ivicnjaci\/bastenski-ivicnjak\/#breadcrumb"},"inLanguage":"sr-RS-latin","potentialAction":[{"@type":"ReadAction","target":["https:\/\/www.viastein.hu\/sr\/termek\/dekorativne-obloge\/bastenski-dodaci\/ivicnjaci\/bastenski-ivicnjak\/"]}]},{"@type":"ImageObject","inLanguage":"sr-RS-latin","@id":"https:\/\/www.viastein.hu\/sr\/termek\/dekorativne-obloge\/bastenski-dodaci\/ivicnjaci\/bastenski-ivicnjak\/#primaryimage","url":"https:\/\/www.viastein.hu\/wp-content\/uploads\/2024\/08\/img1-11.jpg","contentUrl":"https:\/\/www.viastein.hu\/wp-content\/uploads\/2024\/08\/img1-11.jpg","width":1200,"height":1600},{"@type":"BreadcrumbList","@id":"https:\/\/www.viastein.hu\/sr\/termek\/dekorativne-obloge\/bastenski-dodaci\/ivicnjaci\/bastenski-ivicnjak\/#breadcrumb","itemListElement":[{"@type":"ListItem","position":1,"name":"Viastein","item":"https:\/\/www.viastein.hu\/sr\/"},{"@type":"ListItem","position":2,"name":"\u041f\u0440\u043e\u0434\u0430\u0432\u043d\u0438\u0446\u0430","item":"https:\/\/www.viastein.hu\/sr\/%d0%bf%d1%80%d0%be%d0%b4%d0%b0%d0%b2%d0%bd%d0%b8%d1%86%d0%b0\/"},{"@type":"ListItem","position":3,"name":"DEKORATIVNE OBLOGE","item":"https:\/\/www.viastein.hu\/sr\/termek-kategoria\/dekorativne-obloge\/"},{"@type":"ListItem","position":4,"name":"Ba\u0161tenski dodaci","item":"https:\/\/www.viastein.hu\/sr\/termek-kategoria\/dekorativne-obloge\/bastenski-dodaci\/"},{"@type":"ListItem","position":5,"name":"Ba\u0161tenski ivi\u010dnjak"}]},{"@type":"WebSite","@id":"https:\/\/www.viastein.hu\/sr\/#website","url":"https:\/\/www.viastein.hu\/sr\/","name":"Viastein","description":"D\u00edszburkolatok, falaz\u00f3elemek, vasbeton elemek. Pr\u00e9mium min\u0151s\u00e9gben, hazai rakt\u00e1rb\u00f3l, r\u00f6vid sz\u00e1ll\u00edt\u00e1si hat\u00e1rid\u0151vel.","publisher":{"@id":"https:\/\/www.viastein.hu\/sr\/#organization"},"potentialAction":[{"@type":"SearchAction","target":{"@type":"EntryPoint","urlTemplate":"https:\/\/www.viastein.hu\/sr\/?s={search_term_string}"},"query-input":{"@type":"PropertyValueSpecification","valueRequired":true,"valueName":"search_term_string"}}],"inLanguage":"sr-RS-latin"},{"@type":"Organization","@id":"https:\/\/www.viastein.hu\/sr\/#organization","name":"Viastein","url":"https:\/\/www.viastein.hu\/sr\/","logo":{"@type":"ImageObject","inLanguage":"sr-RS-latin","@id":"https:\/\/www.viastein.hu\/sr\/#\/schema\/logo\/image\/","url":"https:\/\/www.viastein.hu\/wp-content\/uploads\/2024\/07\/viastein-color-logo-02-2.png","contentUrl":"https:\/\/www.viastein.hu\/wp-content\/uploads\/2024\/07\/viastein-color-logo-02-2.png","width":232,"height":58,"caption":"Viastein"},"image":{"@id":"https:\/\/www.viastein.hu\/sr\/#\/schema\/logo\/image\/"},"sameAs":["https:\/\/www.facebook.com\/viastein.hu\/","https:\/\/www.instagram.com\/viastein_hungary\/","https:\/\/www.youtube.com\/@viasteinkft8464","https:\/\/www.tiktok.com\/@viastein_hungary"]}]}},"_links":{"self":[{"href":"https:\/\/www.viastein.hu\/sr\/wp-json\/wp\/v2\/product\/18519","targetHints":{"allow":["GET"]}}],"collection":[{"href":"https:\/\/www.viastein.hu\/sr\/wp-json\/wp\/v2\/product"}],"about":[{"href":"https:\/\/www.viastein.hu\/sr\/wp-json\/wp\/v2\/types\/product"}],"wp:featuredmedia":[{"embeddable":true,"href":"https:\/\/www.viastein.hu\/sr\/wp-json\/wp\/v2\/media\/18520"}],"wp:attachment":[{"href":"https:\/\/www.viastein.hu\/sr\/wp-json\/wp\/v2\/media?parent=18519"}],"wp:term":[{"taxonomy":"product_brand","embeddable":true,"href":"https:\/\/www.viastein.hu\/sr\/wp-json\/wp\/v2\/product_brand?post=18519"},{"taxonomy":"product_cat","embeddable":true,"href":"https:\/\/www.viastein.hu\/sr\/wp-json\/wp\/v2\/product_cat?post=18519"},{"taxonomy":"product_tag","embeddable":true,"href":"https:\/\/www.viastein.hu\/sr\/wp-json\/wp\/v2\/product_tag?post=18519"}],"curies":[{"name":"wp","href":"https:\/\/api.w.org\/{rel}","templated":true}]}}