{"id":18440,"date":"2026-02-13T14:19:23","date_gmt":"2026-02-13T12:19:23","guid":{"rendered":"https:\/\/www.viastein.hu\/termek\/\u043d\u0435\u043a\u0430\u0442\u0435\u0433\u043e\u0440\u0438\u0437\u043e\u0432\u0430\u043d\u043e\/folio-fino-lux\/"},"modified":"2026-02-13T14:19:23","modified_gmt":"2026-02-13T12:19:23","slug":"folio-fino-lux","status":"publish","type":"product","link":"https:\/\/www.viastein.hu\/sr\/termek\/dekorativne-obloge\/via-lux-rs\/folio-fino-lux\/","title":{"rendered":"Folio Fino LUX"},"content":{"rendered":"<p>Folio Fino LUX predstavlja premium plo\u010de \/ luksuzne plo\u010de za spoljne prostore u kojima su va\u017eni dizajn, dugotrajnost i visoka estetika. Povr\u0161ina, dimenzije i nijanse stvaraju moderan, elegantan i skladan izgled terasa, vrtova, dvori\u0161ta i javnih prostora. U SEO smislu prirodno pokriva izraze premium plo\u010de, luksuzne plo\u010de, moderne plo\u010de, dekorativne plo\u010de, plo\u010de za terasu i betonske plo\u010de. CleanProtect tehnologija doprinosi otpornosti, lak\u0161em odr\u017eavanju i dugoro\u010dnom o\u010duvanju estetske vrednosti.<\/p>\n","protected":false},"excerpt":{"rendered":"<p>Folio Fino LUX predstavlja premium plo\u010de \/ luksuzne plo\u010de za spoljne prostore u kojima su va\u017eni dizajn, dugotrajnost i visoka estetika. Povr\u0161ina, dimenzije i nijanse stvaraju moderan, elegantan i skladan izgled terasa, vrtova, dvori\u0161ta i javnih prostora. U SEO smislu prirodno pokriva izraze premium plo\u010de, luksuzne plo\u010de, moderne plo\u010de, dekorativne plo\u010de, plo\u010de za terasu i [&hellip;]<\/p>\n","protected":false},"featured_media":18442,"template":"","meta":{"_acf_changed":false},"product_brand":[],"product_cat":[438],"product_tag":[585],"class_list":{"0":"post-18440","1":"product","2":"type-product","3":"status-publish","4":"has-post-thumbnail","6":"product_cat-via-lux-rs","7":"product_tag-lux","9":"first","10":"instock","11":"sold-individually","12":"taxable","13":"shipping-taxable","14":"purchasable","15":"product-type-variable"},"acf":[],"yoast_head":"<!-- This site is optimized with the Yoast SEO plugin v27.4 - https:\/\/yoast.com\/product\/yoast-seo-wordpress\/ -->\n<title>Folio Fino LUX - Viastein<\/title>\n<meta name=\"robots\" content=\"index, follow, max-snippet:-1, max-image-preview:large, max-video-preview:-1\" \/>\n<link rel=\"canonical\" href=\"https:\/\/www.viastein.hu\/sr\/termek\/dekorativne-obloge\/via-lux-rs\/folio-fino-lux\/\" \/>\n<meta property=\"og:locale\" content=\"en_US\" \/>\n<meta property=\"og:type\" content=\"article\" \/>\n<meta property=\"og:title\" content=\"Folio Fino LUX - Viastein\" \/>\n<meta property=\"og:description\" content=\"Folio Fino LUX predstavlja premium plo\u010de \/ luksuzne plo\u010de za spoljne prostore u kojima su va\u017eni dizajn, dugotrajnost i visoka estetika. Povr\u0161ina, dimenzije i nijanse stvaraju moderan, elegantan i skladan izgled terasa, vrtova, dvori\u0161ta i javnih prostora. U SEO smislu prirodno pokriva izraze premium plo\u010de, luksuzne plo\u010de, moderne plo\u010de, dekorativne plo\u010de, plo\u010de za terasu i [&hellip;]\" \/>\n<meta property=\"og:url\" content=\"https:\/\/www.viastein.hu\/sr\/termek\/dekorativne-obloge\/via-lux-rs\/folio-fino-lux\/\" \/>\n<meta property=\"og:site_name\" content=\"Viastein\" \/>\n<meta property=\"article:publisher\" content=\"https:\/\/www.facebook.com\/viastein.hu\/\" \/>\n<meta property=\"og:image\" content=\"https:\/\/www.viastein.hu\/wp-content\/uploads\/2026\/02\/260407-folio-fino.webp\" \/>\n\t<meta property=\"og:image:width\" content=\"1200\" \/>\n\t<meta property=\"og:image:height\" content=\"1200\" \/>\n\t<meta property=\"og:image:type\" content=\"image\/webp\" \/>\n<meta name=\"twitter:card\" content=\"summary_large_image\" \/>\n<script type=\"application\/ld+json\" class=\"yoast-schema-graph\">{\"@context\":\"https:\\\/\\\/schema.org\",\"@graph\":[{\"@type\":\"WebPage\",\"@id\":\"https:\\\/\\\/www.viastein.hu\\\/sr\\\/termek\\\/dekorativne-obloge\\\/via-lux-rs\\\/folio-fino-lux\\\/\",\"url\":\"https:\\\/\\\/www.viastein.hu\\\/sr\\\/termek\\\/dekorativne-obloge\\\/via-lux-rs\\\/folio-fino-lux\\\/\",\"name\":\"Folio Fino LUX - Viastein\",\"isPartOf\":{\"@id\":\"https:\\\/\\\/www.viastein.hu\\\/sr\\\/#website\"},\"primaryImageOfPage\":{\"@id\":\"https:\\\/\\\/www.viastein.hu\\\/sr\\\/termek\\\/dekorativne-obloge\\\/via-lux-rs\\\/folio-fino-lux\\\/#primaryimage\"},\"image\":{\"@id\":\"https:\\\/\\\/www.viastein.hu\\\/sr\\\/termek\\\/dekorativne-obloge\\\/via-lux-rs\\\/folio-fino-lux\\\/#primaryimage\"},\"thumbnailUrl\":\"https:\\\/\\\/www.viastein.hu\\\/wp-content\\\/uploads\\\/2026\\\/02\\\/260407-folio-fino.webp\",\"datePublished\":\"2026-02-13T12:19:23+00:00\",\"breadcrumb\":{\"@id\":\"https:\\\/\\\/www.viastein.hu\\\/sr\\\/termek\\\/dekorativne-obloge\\\/via-lux-rs\\\/folio-fino-lux\\\/#breadcrumb\"},\"inLanguage\":\"sr-RS-latin\",\"potentialAction\":[{\"@type\":\"ReadAction\",\"target\":[\"https:\\\/\\\/www.viastein.hu\\\/sr\\\/termek\\\/dekorativne-obloge\\\/via-lux-rs\\\/folio-fino-lux\\\/\"]}]},{\"@type\":\"ImageObject\",\"inLanguage\":\"sr-RS-latin\",\"@id\":\"https:\\\/\\\/www.viastein.hu\\\/sr\\\/termek\\\/dekorativne-obloge\\\/via-lux-rs\\\/folio-fino-lux\\\/#primaryimage\",\"url\":\"https:\\\/\\\/www.viastein.hu\\\/wp-content\\\/uploads\\\/2026\\\/02\\\/260407-folio-fino.webp\",\"contentUrl\":\"https:\\\/\\\/www.viastein.hu\\\/wp-content\\\/uploads\\\/2026\\\/02\\\/260407-folio-fino.webp\",\"width\":1200,\"height\":1200},{\"@type\":\"BreadcrumbList\",\"@id\":\"https:\\\/\\\/www.viastein.hu\\\/sr\\\/termek\\\/dekorativne-obloge\\\/via-lux-rs\\\/folio-fino-lux\\\/#breadcrumb\",\"itemListElement\":[{\"@type\":\"ListItem\",\"position\":1,\"name\":\"Viastein\",\"item\":\"https:\\\/\\\/www.viastein.hu\\\/sr\\\/\"},{\"@type\":\"ListItem\",\"position\":2,\"name\":\"\u041f\u0440\u043e\u0434\u0430\u0432\u043d\u0438\u0446\u0430\",\"item\":\"https:\\\/\\\/www.viastein.hu\\\/sr\\\/%d0%bf%d1%80%d0%be%d0%b4%d0%b0%d0%b2%d0%bd%d0%b8%d1%86%d0%b0\\\/\"},{\"@type\":\"ListItem\",\"position\":3,\"name\":\"DEKORATIVNE OBLOGE\",\"item\":\"https:\\\/\\\/www.viastein.hu\\\/sr\\\/termek-kategoria\\\/dekorativne-obloge\\\/\"},{\"@type\":\"ListItem\",\"position\":4,\"name\":\"Via LUX\",\"item\":\"https:\\\/\\\/www.viastein.hu\\\/sr\\\/termek-kategoria\\\/dekorativne-obloge\\\/via-lux-rs\\\/\"},{\"@type\":\"ListItem\",\"position\":5,\"name\":\"Folio Fino LUX\"}]},{\"@type\":\"WebSite\",\"@id\":\"https:\\\/\\\/www.viastein.hu\\\/sr\\\/#website\",\"url\":\"https:\\\/\\\/www.viastein.hu\\\/sr\\\/\",\"name\":\"Viastein\",\"description\":\"D\u00edszburkolatok, falaz\u00f3elemek, vasbeton elemek. Pr\u00e9mium min\u0151s\u00e9gben, hazai rakt\u00e1rb\u00f3l, r\u00f6vid sz\u00e1ll\u00edt\u00e1si hat\u00e1rid\u0151vel.\",\"publisher\":{\"@id\":\"https:\\\/\\\/www.viastein.hu\\\/sr\\\/#organization\"},\"potentialAction\":[{\"@type\":\"SearchAction\",\"target\":{\"@type\":\"EntryPoint\",\"urlTemplate\":\"https:\\\/\\\/www.viastein.hu\\\/sr\\\/?s={search_term_string}\"},\"query-input\":{\"@type\":\"PropertyValueSpecification\",\"valueRequired\":true,\"valueName\":\"search_term_string\"}}],\"inLanguage\":\"sr-RS-latin\"},{\"@type\":\"Organization\",\"@id\":\"https:\\\/\\\/www.viastein.hu\\\/sr\\\/#organization\",\"name\":\"Viastein\",\"url\":\"https:\\\/\\\/www.viastein.hu\\\/sr\\\/\",\"logo\":{\"@type\":\"ImageObject\",\"inLanguage\":\"sr-RS-latin\",\"@id\":\"https:\\\/\\\/www.viastein.hu\\\/sr\\\/#\\\/schema\\\/logo\\\/image\\\/\",\"url\":\"https:\\\/\\\/www.viastein.hu\\\/wp-content\\\/uploads\\\/2024\\\/07\\\/viastein-color-logo-02-2.png\",\"contentUrl\":\"https:\\\/\\\/www.viastein.hu\\\/wp-content\\\/uploads\\\/2024\\\/07\\\/viastein-color-logo-02-2.png\",\"width\":232,\"height\":58,\"caption\":\"Viastein\"},\"image\":{\"@id\":\"https:\\\/\\\/www.viastein.hu\\\/sr\\\/#\\\/schema\\\/logo\\\/image\\\/\"},\"sameAs\":[\"https:\\\/\\\/www.facebook.com\\\/viastein.hu\\\/\",\"https:\\\/\\\/www.instagram.com\\\/viastein_hungary\\\/\",\"https:\\\/\\\/www.youtube.com\\\/@viasteinkft8464\",\"https:\\\/\\\/www.tiktok.com\\\/@viastein_hungary\"]}]}<\/script>\n<!-- \/ Yoast SEO plugin. -->","yoast_head_json":{"title":"Folio Fino LUX - Viastein","robots":{"index":"index","follow":"follow","max-snippet":"max-snippet:-1","max-image-preview":"max-image-preview:large","max-video-preview":"max-video-preview:-1"},"canonical":"https:\/\/www.viastein.hu\/sr\/termek\/dekorativne-obloge\/via-lux-rs\/folio-fino-lux\/","og_locale":"en_US","og_type":"article","og_title":"Folio Fino LUX - Viastein","og_description":"Folio Fino LUX predstavlja premium plo\u010de \/ luksuzne plo\u010de za spoljne prostore u kojima su va\u017eni dizajn, dugotrajnost i visoka estetika. Povr\u0161ina, dimenzije i nijanse stvaraju moderan, elegantan i skladan izgled terasa, vrtova, dvori\u0161ta i javnih prostora. U SEO smislu prirodno pokriva izraze premium plo\u010de, luksuzne plo\u010de, moderne plo\u010de, dekorativne plo\u010de, plo\u010de za terasu i [&hellip;]","og_url":"https:\/\/www.viastein.hu\/sr\/termek\/dekorativne-obloge\/via-lux-rs\/folio-fino-lux\/","og_site_name":"Viastein","article_publisher":"https:\/\/www.facebook.com\/viastein.hu\/","og_image":[{"width":1200,"height":1200,"url":"https:\/\/www.viastein.hu\/wp-content\/uploads\/2026\/02\/260407-folio-fino.webp","type":"image\/webp"}],"twitter_card":"summary_large_image","schema":{"@context":"https:\/\/schema.org","@graph":[{"@type":"WebPage","@id":"https:\/\/www.viastein.hu\/sr\/termek\/dekorativne-obloge\/via-lux-rs\/folio-fino-lux\/","url":"https:\/\/www.viastein.hu\/sr\/termek\/dekorativne-obloge\/via-lux-rs\/folio-fino-lux\/","name":"Folio Fino LUX - Viastein","isPartOf":{"@id":"https:\/\/www.viastein.hu\/sr\/#website"},"primaryImageOfPage":{"@id":"https:\/\/www.viastein.hu\/sr\/termek\/dekorativne-obloge\/via-lux-rs\/folio-fino-lux\/#primaryimage"},"image":{"@id":"https:\/\/www.viastein.hu\/sr\/termek\/dekorativne-obloge\/via-lux-rs\/folio-fino-lux\/#primaryimage"},"thumbnailUrl":"https:\/\/www.viastein.hu\/wp-content\/uploads\/2026\/02\/260407-folio-fino.webp","datePublished":"2026-02-13T12:19:23+00:00","breadcrumb":{"@id":"https:\/\/www.viastein.hu\/sr\/termek\/dekorativne-obloge\/via-lux-rs\/folio-fino-lux\/#breadcrumb"},"inLanguage":"sr-RS-latin","potentialAction":[{"@type":"ReadAction","target":["https:\/\/www.viastein.hu\/sr\/termek\/dekorativne-obloge\/via-lux-rs\/folio-fino-lux\/"]}]},{"@type":"ImageObject","inLanguage":"sr-RS-latin","@id":"https:\/\/www.viastein.hu\/sr\/termek\/dekorativne-obloge\/via-lux-rs\/folio-fino-lux\/#primaryimage","url":"https:\/\/www.viastein.hu\/wp-content\/uploads\/2026\/02\/260407-folio-fino.webp","contentUrl":"https:\/\/www.viastein.hu\/wp-content\/uploads\/2026\/02\/260407-folio-fino.webp","width":1200,"height":1200},{"@type":"BreadcrumbList","@id":"https:\/\/www.viastein.hu\/sr\/termek\/dekorativne-obloge\/via-lux-rs\/folio-fino-lux\/#breadcrumb","itemListElement":[{"@type":"ListItem","position":1,"name":"Viastein","item":"https:\/\/www.viastein.hu\/sr\/"},{"@type":"ListItem","position":2,"name":"\u041f\u0440\u043e\u0434\u0430\u0432\u043d\u0438\u0446\u0430","item":"https:\/\/www.viastein.hu\/sr\/%d0%bf%d1%80%d0%be%d0%b4%d0%b0%d0%b2%d0%bd%d0%b8%d1%86%d0%b0\/"},{"@type":"ListItem","position":3,"name":"DEKORATIVNE OBLOGE","item":"https:\/\/www.viastein.hu\/sr\/termek-kategoria\/dekorativne-obloge\/"},{"@type":"ListItem","position":4,"name":"Via LUX","item":"https:\/\/www.viastein.hu\/sr\/termek-kategoria\/dekorativne-obloge\/via-lux-rs\/"},{"@type":"ListItem","position":5,"name":"Folio Fino LUX"}]},{"@type":"WebSite","@id":"https:\/\/www.viastein.hu\/sr\/#website","url":"https:\/\/www.viastein.hu\/sr\/","name":"Viastein","description":"D\u00edszburkolatok, falaz\u00f3elemek, vasbeton elemek. Pr\u00e9mium min\u0151s\u00e9gben, hazai rakt\u00e1rb\u00f3l, r\u00f6vid sz\u00e1ll\u00edt\u00e1si hat\u00e1rid\u0151vel.","publisher":{"@id":"https:\/\/www.viastein.hu\/sr\/#organization"},"potentialAction":[{"@type":"SearchAction","target":{"@type":"EntryPoint","urlTemplate":"https:\/\/www.viastein.hu\/sr\/?s={search_term_string}"},"query-input":{"@type":"PropertyValueSpecification","valueRequired":true,"valueName":"search_term_string"}}],"inLanguage":"sr-RS-latin"},{"@type":"Organization","@id":"https:\/\/www.viastein.hu\/sr\/#organization","name":"Viastein","url":"https:\/\/www.viastein.hu\/sr\/","logo":{"@type":"ImageObject","inLanguage":"sr-RS-latin","@id":"https:\/\/www.viastein.hu\/sr\/#\/schema\/logo\/image\/","url":"https:\/\/www.viastein.hu\/wp-content\/uploads\/2024\/07\/viastein-color-logo-02-2.png","contentUrl":"https:\/\/www.viastein.hu\/wp-content\/uploads\/2024\/07\/viastein-color-logo-02-2.png","width":232,"height":58,"caption":"Viastein"},"image":{"@id":"https:\/\/www.viastein.hu\/sr\/#\/schema\/logo\/image\/"},"sameAs":["https:\/\/www.facebook.com\/viastein.hu\/","https:\/\/www.instagram.com\/viastein_hungary\/","https:\/\/www.youtube.com\/@viasteinkft8464","https:\/\/www.tiktok.com\/@viastein_hungary"]}]}},"_links":{"self":[{"href":"https:\/\/www.viastein.hu\/sr\/wp-json\/wp\/v2\/product\/18440","targetHints":{"allow":["GET"]}}],"collection":[{"href":"https:\/\/www.viastein.hu\/sr\/wp-json\/wp\/v2\/product"}],"about":[{"href":"https:\/\/www.viastein.hu\/sr\/wp-json\/wp\/v2\/types\/product"}],"wp:featuredmedia":[{"embeddable":true,"href":"https:\/\/www.viastein.hu\/sr\/wp-json\/wp\/v2\/media\/18442"}],"wp:attachment":[{"href":"https:\/\/www.viastein.hu\/sr\/wp-json\/wp\/v2\/media?parent=18440"}],"wp:term":[{"taxonomy":"product_brand","embeddable":true,"href":"https:\/\/www.viastein.hu\/sr\/wp-json\/wp\/v2\/product_brand?post=18440"},{"taxonomy":"product_cat","embeddable":true,"href":"https:\/\/www.viastein.hu\/sr\/wp-json\/wp\/v2\/product_cat?post=18440"},{"taxonomy":"product_tag","embeddable":true,"href":"https:\/\/www.viastein.hu\/sr\/wp-json\/wp\/v2\/product_tag?post=18440"}],"curies":[{"name":"wp","href":"https:\/\/api.w.org\/{rel}","templated":true}]}}