{"id":18784,"date":"2024-08-05T08:56:04","date_gmt":"2024-08-05T06:56:04","guid":{"rendered":"https:\/\/www.viastein.hu\/?page_id=18784"},"modified":"2026-05-13T13:58:48","modified_gmt":"2026-05-13T11:58:48","slug":"dekorativne-obloge","status":"publish","type":"page","link":"https:\/\/www.viastein.hu\/sr\/dekorativne-obloge\/","title":{"rendered":"DEKORATIVNE OBLOGE"},"content":{"rendered":"\t\t<div data-elementor-type=\"wp-page\" data-elementor-id=\"18784\" class=\"elementor elementor-18784 elementor-4008\" data-elementor-post-type=\"page\">\n\t\t\t\t\t\t<section class=\"elementor-section elementor-top-section elementor-element elementor-element-ad12d2e elementor-section-boxed elementor-section-height-default elementor-section-height-default\" data-id=\"ad12d2e\" data-element_type=\"section\" data-e-type=\"section\">\r\n\t\t\r\n\t\t\t\t\t\t\t<div class=\"elementor-container elementor-column-gap-default\">\r\n\t\t\t\t\t\t\t\t\t\t\t<div class=\"elementor-column elementor-col-100 elementor-top-column elementor-element elementor-element-17c1f5f\" data-id=\"17c1f5f\" data-element_type=\"column\" data-e-type=\"column\">\r\n\t\t\t\t\t<div class=\"elementor-widget-wrap elementor-element-populated\">\r\n\t\t\t\t\t\t\t\t<div class=\"elementor-element elementor-element-b7d7808 elementor-widget elementor-widget-porto_ultimate_heading\" data-id=\"b7d7808\" data-element_type=\"widget\" data-e-type=\"widget\" data-widget_type=\"porto_ultimate_heading.default\">\n\t\t\t\t<div class=\"elementor-widget-container\">\n\t\t\t\t\t<div class=\"porto-u-heading  porto-u-bd11424de395366805213f3c847c9ae4\"><div class=\"porto-u-sub-heading\" style=\"\"><h1 style=\"text-align: left;\">DEKORATIVNE OBLOGE<\/h1><\/div><style>.porto-u-bd11424de395366805213f3c847c9ae4.porto-u-heading{text-align:center}<\/style><\/div>\t\t\t\t<\/div>\n\t\t\t\t<\/div>\n\t\t\t\t<div class=\"elementor-element elementor-element-42f3967 elementor-widget elementor-widget-heading\" data-id=\"42f3967\" data-element_type=\"widget\" data-e-type=\"widget\" data-widget_type=\"heading.default\">\n\t\t\t\t<div class=\"elementor-widget-container\">\n\t\t\t\t\t<h5 class=\"elementor-heading-title elementor-size-default\">Dizajnirano za razli\u010dite potrebe i okru\u017eenja.<\/h5>\t\t\t\t<\/div>\n\t\t\t\t<\/div>\n\t\t\t\t<div class=\"elementor-element elementor-element-bc94d7e elementor-widget elementor-widget-shortcode\" data-id=\"bc94d7e\" data-element_type=\"widget\" data-e-type=\"widget\" data-widget_type=\"shortcode.default\">\n\t\t\t\t<div class=\"elementor-widget-container\">\n\t\t\t\t\t\t\t<div class=\"elementor-shortcode\">\t\t<div data-elementor-type=\"container\" data-elementor-id=\"14912\" class=\"elementor elementor-14912\" data-elementor-post-type=\"elementor_library\">\n\t\t\t\t<div class=\"elementor-element elementor-element-395c128 e-flex e-con-boxed e-con e-parent\" data-id=\"395c128\" data-element_type=\"container\" data-e-type=\"container\">\r\n\t\t\t\t\t<div class=\"e-con-inner\">\r\n\t\t\t\t<div class=\"elementor-element elementor-element-34f9e4f elementor-mobile-align-justify elementor-widget elementor-widget-button\" data-id=\"34f9e4f\" data-element_type=\"widget\" data-e-type=\"widget\" data-widget_type=\"button.default\">\n\t\t\t\t<div class=\"elementor-widget-container\">\n\t\t\t\t\t\t\t\t\t<div class=\"elementor-button-wrapper\">\n\t\t\t\t\t<a class=\"elementor-button elementor-button-link elementor-size-sm elementor-animation-grow\" href=\"https:\/\/www.viastein.hu\/ajanlatkeres-urlap\/\">\n\t\t\t\t\t\t<span class=\"elementor-button-content-wrapper\">\n\t\t\t\t\t\t\t\t\t<span class=\"elementor-button-text\">Ugr\u00e1s az aj\u00e1nlatk\u00e9r\u00e9shez!<\/span>\n\t\t\t\t\t<\/span>\n\t\t\t\t\t<\/a>\n\t\t\t\t<\/div>\n\t\t\t\t\t\t\t\t<\/div>\n\t\t\t\t<\/div>\n\t\t\t\t\t<\/div>\n\t\t\t\t<\/div>\n\t\t\t\t<\/div>\n\t\t<\/div>\n\t\t\t\t\t\t<\/div>\n\t\t\t\t<\/div>\n\t\t\t\t<div class=\"elementor-element elementor-element-e85ccc1 elementor-widget elementor-widget-heading\" data-id=\"e85ccc1\" data-element_type=\"widget\" data-e-type=\"widget\" data-widget_type=\"heading.default\">\n\t\t\t\t<div class=\"elementor-widget-container\">\n\t\t\t\t\t<h5 class=\"elementor-heading-title elementor-size-default\">Kategorije proizvoda<\/h5>\t\t\t\t<\/div>\n\t\t\t\t<\/div>\n\t\t\t\t<div class=\"elementor-element elementor-element-75fe1c7 elementor-widget elementor-widget-porto_posts_grid\" data-id=\"75fe1c7\" data-element_type=\"widget\" data-e-type=\"widget\" data-settings=\"{&quot;spacing&quot;:{&quot;unit&quot;:&quot;px&quot;,&quot;size&quot;:&quot;&quot;,&quot;sizes&quot;:[]}}\" data-widget_type=\"porto_posts_grid.default\">\n\t\t\t\t<div class=\"elementor-widget-container\">\n\t\t\t\t\t<div class=\"porto-posts-grid porto-posts-grid-d751713988987e9331980363e24189ce wc-cat-clip-path porto-blogj7ha\"><style scope=\"scope\"><\/style><ul class=\"posts-wrap posts-container products has-ccols ccols-xl-4 ccols-lg-3 ccols-md-2 ccols-sm-2 ccols-1 has-ccols-spacing\" role=\"none\" style=\"\">\r\n<li role=\"none\" class=\"product-category product-col porto-tb-item product_cat-426\">\r\n\t\t\t<a href=\"https:\/\/www.viastein.hu\/sr\/termek-kategoria\/dekorativne-obloge\/behaton-kocke-sistemi-poplocavanja-i-ploce\/\" aria-label=\"Go to category page\">\r\n\t\t<div class=\"thumb-info \">\r\n\t\t\t\t\t\t\t\t\t<div class=\"thumb-info-wrapper\">\r\n\t\t\t\t\t<img loading=\"lazy\" decoding=\"async\" src=\"https:\/\/www.viastein.hu\/wp-content\/uploads\/2024\/08\/img2-5-1000x667-1.jpg\" alt=\"Behaton kocke, sistemi poplo\u010davanja i plo\u010de\" width=\"1000\" height=\"667\" srcset=\"https:\/\/www.viastein.hu\/wp-content\/uploads\/2024\/08\/img2-5-1000x667-1.jpg 1000w, https:\/\/www.viastein.hu\/wp-content\/uploads\/2024\/08\/img2-5-1000x667-1-768x512.jpg 768w, https:\/\/www.viastein.hu\/wp-content\/uploads\/2024\/08\/img2-5-1000x667-1-640x427.jpg 640w, https:\/\/www.viastein.hu\/wp-content\/uploads\/2024\/08\/img2-5-1000x667-1-400x267.jpg 400w, https:\/\/www.viastein.hu\/wp-content\/uploads\/2024\/08\/img2-5-1000x667-1-600x400.jpg 600w\" sizes=\"auto, (max-width: 1000px) 100vw, 1000px\" \/>\t\t\t\t<\/div>\r\n\t\t\t\t\t\t\t\t\t\t\t\t\t<div class=\"thumb-info-wrap\">\r\n\t\t\t\t\t<div class=\"thumb-info-title\">\r\n\t\t\t\t\t\t\t\t\t\t\t\t\t\t\t\t<h3 class=\"sub-title thumb-info-inner\">Behaton kocke, sistemi poplo\u010davanja i plo\u010de<\/h3>\r\n\t\t\t\t\t\t\t\t\t\t\t\t\t\t\t\t\t\t<span class=\"thumb-info-type\">\r\n\t\t\t\t\t\t\t\t\t\t\t\t\t\t\t\t <mark class=\"count\">22<\/mark> products\t\t\t\t\t\t\t<\/span>\r\n\t\t\t\t\t\t\t\t\t\t\t\t\t\t\t\t\t\t\t<\/div>\r\n\t\t\t\t<\/div>\r\n\t\t\t\t\t<\/div>\r\n\t<\/a>\r\n\r\n\t\r\n\t<\/li>\r\n\r\n<li role=\"none\" class=\"product-category product-col porto-tb-item product_cat-386\">\r\n\t\t\t<a href=\"https:\/\/www.viastein.hu\/sr\/termek-kategoria\/dekorativne-obloge\/zidovi-i-sistemi-ograda\/\" aria-label=\"Go to category page\">\r\n\t\t<div class=\"thumb-info \">\r\n\t\t\t\t\t\t\t\t\t<div class=\"thumb-info-wrapper\">\r\n\t\t\t\t\t<img loading=\"lazy\" decoding=\"async\" src=\"https:\/\/www.viastein.hu\/wp-content\/uploads\/2024\/08\/img1-2-1000x1333-1-768x1024.jpg\" alt=\"Zidovi i sistemi ograda\" width=\"768\" height=\"1024\" srcset=\"https:\/\/www.viastein.hu\/wp-content\/uploads\/2024\/08\/img1-2-1000x1333-1-768x1024.jpg 768w, https:\/\/www.viastein.hu\/wp-content\/uploads\/2024\/08\/img1-2-1000x1333-1-640x853.jpg 640w, https:\/\/www.viastein.hu\/wp-content\/uploads\/2024\/08\/img1-2-1000x1333-1-400x533.jpg 400w, https:\/\/www.viastein.hu\/wp-content\/uploads\/2024\/08\/img1-2-1000x1333-1-600x800.jpg 600w\" sizes=\"auto, (max-width: 768px) 100vw, 768px\" \/>\t\t\t\t<\/div>\r\n\t\t\t\t\t\t\t\t\t\t\t\t\t<div class=\"thumb-info-wrap\">\r\n\t\t\t\t\t<div class=\"thumb-info-title\">\r\n\t\t\t\t\t\t\t\t\t\t\t\t\t\t\t\t<h3 class=\"sub-title thumb-info-inner\">Zidovi i sistemi ograda<\/h3>\r\n\t\t\t\t\t\t\t\t\t\t\t\t\t\t\t\t\t\t<span class=\"thumb-info-type\">\r\n\t\t\t\t\t\t\t\t\t\t\t\t\t\t\t\t <mark class=\"count\">4<\/mark> products\t\t\t\t\t\t\t<\/span>\r\n\t\t\t\t\t\t\t\t\t\t\t\t\t\t\t\t\t\t\t<\/div>\r\n\t\t\t\t<\/div>\r\n\t\t\t\t\t<\/div>\r\n\t<\/a>\r\n\r\n\t\r\n\t<\/li>\r\n\r\n<li role=\"none\" class=\"product-category product-col porto-tb-item product_cat-393\">\r\n\t\t\t<a href=\"https:\/\/www.viastein.hu\/sr\/termek-kategoria\/dekorativne-obloge\/bastenski-dodaci\/\" aria-label=\"Go to category page\">\r\n\t\t<div class=\"thumb-info \">\r\n\t\t\t\t\t\t\t\t\t<div class=\"thumb-info-wrapper\">\r\n\t\t\t\t\t<img loading=\"lazy\" decoding=\"async\" src=\"https:\/\/www.viastein.hu\/wp-content\/uploads\/2024\/08\/img1-11-1000x1333-1-768x1024.jpg\" alt=\"Ba\u0161tenski dodaci\" width=\"768\" height=\"1024\" srcset=\"https:\/\/www.viastein.hu\/wp-content\/uploads\/2024\/08\/img1-11-1000x1333-1-768x1024.jpg 768w, https:\/\/www.viastein.hu\/wp-content\/uploads\/2024\/08\/img1-11-1000x1333-1-640x853.jpg 640w, https:\/\/www.viastein.hu\/wp-content\/uploads\/2024\/08\/img1-11-1000x1333-1-400x533.jpg 400w, https:\/\/www.viastein.hu\/wp-content\/uploads\/2024\/08\/img1-11-1000x1333-1-600x800.jpg 600w\" sizes=\"auto, (max-width: 768px) 100vw, 768px\" \/>\t\t\t\t<\/div>\r\n\t\t\t\t\t\t\t\t\t\t\t\t\t<div class=\"thumb-info-wrap\">\r\n\t\t\t\t\t<div class=\"thumb-info-title\">\r\n\t\t\t\t\t\t\t\t\t\t\t\t\t\t\t\t<h3 class=\"sub-title thumb-info-inner\">Ba\u0161tenski dodaci<\/h3>\r\n\t\t\t\t\t\t\t\t\t\t\t\t\t\t\t\t\t\t<span class=\"thumb-info-type\">\r\n\t\t\t\t\t\t\t\t\t\t\t\t\t\t\t\t <mark class=\"count\">11<\/mark> products\t\t\t\t\t\t\t<\/span>\r\n\t\t\t\t\t\t\t\t\t\t\t\t\t\t\t\t\t\t\t<\/div>\r\n\t\t\t\t<\/div>\r\n\t\t\t\t\t<\/div>\r\n\t<\/a>\r\n\r\n\t\r\n\t<\/li>\r\n\r\n<li role=\"none\" class=\"product-category product-col porto-tb-item product_cat-438\">\r\n\t\t\t<a href=\"https:\/\/www.viastein.hu\/sr\/termek-kategoria\/dekorativne-obloge\/via-lux-rs\/\" aria-label=\"Go to category page\">\r\n\t\t<div class=\"thumb-info \">\r\n\t\t\t\t\t\t\t\t\t<div class=\"thumb-info-wrapper\">\r\n\t\t\t\t\t<img loading=\"lazy\" decoding=\"async\" src=\"https:\/\/www.viastein.hu\/wp-content\/uploads\/2026\/03\/Grando_100x100_krem_gysz_09-1024x683.jpg\" alt=\"Via LUX\" width=\"1024\" height=\"683\" srcset=\"https:\/\/www.viastein.hu\/wp-content\/uploads\/2026\/03\/Grando_100x100_krem_gysz_09-1024x683.jpg 1024w, https:\/\/www.viastein.hu\/wp-content\/uploads\/2026\/03\/Grando_100x100_krem_gysz_09-768x512.jpg 768w, https:\/\/www.viastein.hu\/wp-content\/uploads\/2026\/03\/Grando_100x100_krem_gysz_09-640x427.jpg 640w, https:\/\/www.viastein.hu\/wp-content\/uploads\/2026\/03\/Grando_100x100_krem_gysz_09-400x267.jpg 400w, https:\/\/www.viastein.hu\/wp-content\/uploads\/2026\/03\/Grando_100x100_krem_gysz_09-600x400.jpg 600w\" sizes=\"auto, (max-width: 1024px) 100vw, 1024px\" \/>\t\t\t\t<\/div>\r\n\t\t\t\t\t\t\t\t\t\t\t\t\t<div class=\"thumb-info-wrap\">\r\n\t\t\t\t\t<div class=\"thumb-info-title\">\r\n\t\t\t\t\t\t\t\t\t\t\t\t\t\t\t\t<h3 class=\"sub-title thumb-info-inner\">Via LUX<\/h3>\r\n\t\t\t\t\t\t\t\t\t\t\t\t\t\t\t\t\t\t<span class=\"thumb-info-type\">\r\n\t\t\t\t\t\t\t\t\t\t\t\t\t\t\t\t <mark class=\"count\">9<\/mark> products\t\t\t\t\t\t\t<\/span>\r\n\t\t\t\t\t\t\t\t\t\t\t\t\t\t\t\t\t\t\t<\/div>\r\n\t\t\t\t<\/div>\r\n\t\t\t\t\t<\/div>\r\n\t<\/a>\r\n\r\n\t\r\n\t<\/li>\r\n<\/ul><\/div>\t\t\t\t<\/div>\n\t\t\t\t<\/div>\n\t\t\t\t\t<\/div>\r\n\t\t\t\t<\/div>\r\n\t\t\t\t\t<\/div>\r\n\t\t\t\t<\/section>\r\n\t\t\t\t<\/div>\n\t\t","protected":false},"excerpt":{"rendered":"<p>DEKORATIVNE OBLOGE Dizajnirano za razli\u010dite potrebe i okru\u017eenja. Kategorije proizvoda Behaton kocke, sistemi poplo\u010davanja i plo\u010de 22 \u043f\u0440\u043e\u0438\u0437\u0432\u043e\u0434\u0430 Zidovi i sistemi ograda 4 \u043f\u0440\u043e\u0438\u0437\u0432\u043e\u0434\u0430 Ba\u0161tenski dodaci 11 \u043f\u0440\u043e\u0438\u0437\u0432\u043e\u0434\u0430 Via LUX 9 \u043f\u0440\u043e\u0438\u0437\u0432\u043e\u0434\u0430<\/p>\n","protected":false},"author":8,"featured_media":0,"parent":0,"menu_order":0,"comment_status":"closed","ping_status":"closed","template":"","meta":{"_acf_changed":false,"footnotes":""},"class_list":["post-18784","page","type-page","status-publish","hentry"],"acf":[],"yoast_head":"<!-- This site is optimized with the Yoast SEO plugin v27.4 - https:\/\/yoast.com\/product\/yoast-seo-wordpress\/ -->\n<title>DEKORATIVNE OBLOGE - Viastein<\/title>\n<meta name=\"robots\" content=\"index, follow, max-snippet:-1, max-image-preview:large, max-video-preview:-1\" \/>\n<link rel=\"canonical\" href=\"https:\/\/www.viastein.hu\/sr\/dekorativne-obloge\/\" \/>\n<meta property=\"og:locale\" content=\"en_US\" \/>\n<meta property=\"og:type\" content=\"article\" \/>\n<meta property=\"og:title\" content=\"DEKORATIVNE OBLOGE - Viastein\" \/>\n<meta property=\"og:description\" content=\"DEKORATIVNE OBLOGE Dizajnirano za razli\u010dite potrebe i okru\u017eenja. Kategorije proizvoda Behaton kocke, sistemi poplo\u010davanja i plo\u010de 22 \u043f\u0440\u043e\u0438\u0437\u0432\u043e\u0434\u0430 Zidovi i sistemi ograda 4 \u043f\u0440\u043e\u0438\u0437\u0432\u043e\u0434\u0430 Ba\u0161tenski dodaci 11 \u043f\u0440\u043e\u0438\u0437\u0432\u043e\u0434\u0430 Via LUX 9 \u043f\u0440\u043e\u0438\u0437\u0432\u043e\u0434\u0430\" \/>\n<meta property=\"og:url\" content=\"https:\/\/www.viastein.hu\/sr\/dekorativne-obloge\/\" \/>\n<meta property=\"og:site_name\" content=\"Viastein\" \/>\n<meta property=\"article:publisher\" content=\"https:\/\/www.facebook.com\/viastein.hu\/\" \/>\n<meta property=\"article:modified_time\" content=\"2026-05-13T11:58:48+00:00\" \/>\n<meta property=\"og:image\" content=\"https:\/\/www.viastein.hu\/wp-content\/uploads\/2024\/08\/img2-5-1000x667-1.jpg\" \/>\n<meta name=\"twitter:card\" content=\"summary_large_image\" \/>\n<meta name=\"twitter:label1\" content=\"Est. reading time\" \/>\n\t<meta name=\"twitter:data1\" content=\"1 minute\" \/>\n<script type=\"application\/ld+json\" class=\"yoast-schema-graph\">{\"@context\":\"https:\\\/\\\/schema.org\",\"@graph\":[{\"@type\":\"WebPage\",\"@id\":\"https:\\\/\\\/www.viastein.hu\\\/sr\\\/dekorativne-obloge\\\/\",\"url\":\"https:\\\/\\\/www.viastein.hu\\\/sr\\\/dekorativne-obloge\\\/\",\"name\":\"DEKORATIVNE OBLOGE - Viastein\",\"isPartOf\":{\"@id\":\"https:\\\/\\\/www.viastein.hu\\\/sr\\\/#website\"},\"primaryImageOfPage\":{\"@id\":\"https:\\\/\\\/www.viastein.hu\\\/sr\\\/dekorativne-obloge\\\/#primaryimage\"},\"image\":{\"@id\":\"https:\\\/\\\/www.viastein.hu\\\/sr\\\/dekorativne-obloge\\\/#primaryimage\"},\"thumbnailUrl\":\"https:\\\/\\\/www.viastein.hu\\\/wp-content\\\/uploads\\\/2024\\\/08\\\/img2-5-1000x667-1.jpg\",\"datePublished\":\"2024-08-05T06:56:04+00:00\",\"dateModified\":\"2026-05-13T11:58:48+00:00\",\"breadcrumb\":{\"@id\":\"https:\\\/\\\/www.viastein.hu\\\/sr\\\/dekorativne-obloge\\\/#breadcrumb\"},\"inLanguage\":\"sr-RS-latin\",\"potentialAction\":[{\"@type\":\"ReadAction\",\"target\":[\"https:\\\/\\\/www.viastein.hu\\\/sr\\\/dekorativne-obloge\\\/\"]}]},{\"@type\":\"ImageObject\",\"inLanguage\":\"sr-RS-latin\",\"@id\":\"https:\\\/\\\/www.viastein.hu\\\/sr\\\/dekorativne-obloge\\\/#primaryimage\",\"url\":\"https:\\\/\\\/www.viastein.hu\\\/wp-content\\\/uploads\\\/2024\\\/08\\\/img2-5-1000x667-1.jpg\",\"contentUrl\":\"https:\\\/\\\/www.viastein.hu\\\/wp-content\\\/uploads\\\/2024\\\/08\\\/img2-5-1000x667-1.jpg\"},{\"@type\":\"BreadcrumbList\",\"@id\":\"https:\\\/\\\/www.viastein.hu\\\/sr\\\/dekorativne-obloge\\\/#breadcrumb\",\"itemListElement\":[{\"@type\":\"ListItem\",\"position\":1,\"name\":\"Viastein\",\"item\":\"https:\\\/\\\/www.viastein.hu\\\/sr\\\/\"},{\"@type\":\"ListItem\",\"position\":2,\"name\":\"DEKORATIVNE OBLOGE\"}]},{\"@type\":\"WebSite\",\"@id\":\"https:\\\/\\\/www.viastein.hu\\\/sr\\\/#website\",\"url\":\"https:\\\/\\\/www.viastein.hu\\\/sr\\\/\",\"name\":\"Viastein\",\"description\":\"D\u00edszburkolatok, falaz\u00f3elemek, vasbeton elemek. Pr\u00e9mium min\u0151s\u00e9gben, hazai rakt\u00e1rb\u00f3l, r\u00f6vid sz\u00e1ll\u00edt\u00e1si hat\u00e1rid\u0151vel.\",\"publisher\":{\"@id\":\"https:\\\/\\\/www.viastein.hu\\\/sr\\\/#organization\"},\"potentialAction\":[{\"@type\":\"SearchAction\",\"target\":{\"@type\":\"EntryPoint\",\"urlTemplate\":\"https:\\\/\\\/www.viastein.hu\\\/sr\\\/?s={search_term_string}\"},\"query-input\":{\"@type\":\"PropertyValueSpecification\",\"valueRequired\":true,\"valueName\":\"search_term_string\"}}],\"inLanguage\":\"sr-RS-latin\"},{\"@type\":\"Organization\",\"@id\":\"https:\\\/\\\/www.viastein.hu\\\/sr\\\/#organization\",\"name\":\"Viastein\",\"url\":\"https:\\\/\\\/www.viastein.hu\\\/sr\\\/\",\"logo\":{\"@type\":\"ImageObject\",\"inLanguage\":\"sr-RS-latin\",\"@id\":\"https:\\\/\\\/www.viastein.hu\\\/sr\\\/#\\\/schema\\\/logo\\\/image\\\/\",\"url\":\"https:\\\/\\\/www.viastein.hu\\\/wp-content\\\/uploads\\\/2024\\\/07\\\/viastein-color-logo-02-2.png\",\"contentUrl\":\"https:\\\/\\\/www.viastein.hu\\\/wp-content\\\/uploads\\\/2024\\\/07\\\/viastein-color-logo-02-2.png\",\"width\":232,\"height\":58,\"caption\":\"Viastein\"},\"image\":{\"@id\":\"https:\\\/\\\/www.viastein.hu\\\/sr\\\/#\\\/schema\\\/logo\\\/image\\\/\"},\"sameAs\":[\"https:\\\/\\\/www.facebook.com\\\/viastein.hu\\\/\",\"https:\\\/\\\/www.instagram.com\\\/viastein_hungary\\\/\",\"https:\\\/\\\/www.youtube.com\\\/@viasteinkft8464\",\"https:\\\/\\\/www.tiktok.com\\\/@viastein_hungary\"]}]}<\/script>\n<!-- \/ Yoast SEO plugin. -->","yoast_head_json":{"title":"DEKORATIVNE OBLOGE - Viastein","robots":{"index":"index","follow":"follow","max-snippet":"max-snippet:-1","max-image-preview":"max-image-preview:large","max-video-preview":"max-video-preview:-1"},"canonical":"https:\/\/www.viastein.hu\/sr\/dekorativne-obloge\/","og_locale":"en_US","og_type":"article","og_title":"DEKORATIVNE OBLOGE - Viastein","og_description":"DEKORATIVNE OBLOGE Dizajnirano za razli\u010dite potrebe i okru\u017eenja. Kategorije proizvoda Behaton kocke, sistemi poplo\u010davanja i plo\u010de 22 \u043f\u0440\u043e\u0438\u0437\u0432\u043e\u0434\u0430 Zidovi i sistemi ograda 4 \u043f\u0440\u043e\u0438\u0437\u0432\u043e\u0434\u0430 Ba\u0161tenski dodaci 11 \u043f\u0440\u043e\u0438\u0437\u0432\u043e\u0434\u0430 Via LUX 9 \u043f\u0440\u043e\u0438\u0437\u0432\u043e\u0434\u0430","og_url":"https:\/\/www.viastein.hu\/sr\/dekorativne-obloge\/","og_site_name":"Viastein","article_publisher":"https:\/\/www.facebook.com\/viastein.hu\/","article_modified_time":"2026-05-13T11:58:48+00:00","og_image":[{"url":"https:\/\/www.viastein.hu\/wp-content\/uploads\/2024\/08\/img2-5-1000x667-1.jpg","type":"","width":"","height":""}],"twitter_card":"summary_large_image","twitter_misc":{"Est. reading time":"1 minute"},"schema":{"@context":"https:\/\/schema.org","@graph":[{"@type":"WebPage","@id":"https:\/\/www.viastein.hu\/sr\/dekorativne-obloge\/","url":"https:\/\/www.viastein.hu\/sr\/dekorativne-obloge\/","name":"DEKORATIVNE OBLOGE - Viastein","isPartOf":{"@id":"https:\/\/www.viastein.hu\/sr\/#website"},"primaryImageOfPage":{"@id":"https:\/\/www.viastein.hu\/sr\/dekorativne-obloge\/#primaryimage"},"image":{"@id":"https:\/\/www.viastein.hu\/sr\/dekorativne-obloge\/#primaryimage"},"thumbnailUrl":"https:\/\/www.viastein.hu\/wp-content\/uploads\/2024\/08\/img2-5-1000x667-1.jpg","datePublished":"2024-08-05T06:56:04+00:00","dateModified":"2026-05-13T11:58:48+00:00","breadcrumb":{"@id":"https:\/\/www.viastein.hu\/sr\/dekorativne-obloge\/#breadcrumb"},"inLanguage":"sr-RS-latin","potentialAction":[{"@type":"ReadAction","target":["https:\/\/www.viastein.hu\/sr\/dekorativne-obloge\/"]}]},{"@type":"ImageObject","inLanguage":"sr-RS-latin","@id":"https:\/\/www.viastein.hu\/sr\/dekorativne-obloge\/#primaryimage","url":"https:\/\/www.viastein.hu\/wp-content\/uploads\/2024\/08\/img2-5-1000x667-1.jpg","contentUrl":"https:\/\/www.viastein.hu\/wp-content\/uploads\/2024\/08\/img2-5-1000x667-1.jpg"},{"@type":"BreadcrumbList","@id":"https:\/\/www.viastein.hu\/sr\/dekorativne-obloge\/#breadcrumb","itemListElement":[{"@type":"ListItem","position":1,"name":"Viastein","item":"https:\/\/www.viastein.hu\/sr\/"},{"@type":"ListItem","position":2,"name":"DEKORATIVNE OBLOGE"}]},{"@type":"WebSite","@id":"https:\/\/www.viastein.hu\/sr\/#website","url":"https:\/\/www.viastein.hu\/sr\/","name":"Viastein","description":"D\u00edszburkolatok, falaz\u00f3elemek, vasbeton elemek. Pr\u00e9mium min\u0151s\u00e9gben, hazai rakt\u00e1rb\u00f3l, r\u00f6vid sz\u00e1ll\u00edt\u00e1si hat\u00e1rid\u0151vel.","publisher":{"@id":"https:\/\/www.viastein.hu\/sr\/#organization"},"potentialAction":[{"@type":"SearchAction","target":{"@type":"EntryPoint","urlTemplate":"https:\/\/www.viastein.hu\/sr\/?s={search_term_string}"},"query-input":{"@type":"PropertyValueSpecification","valueRequired":true,"valueName":"search_term_string"}}],"inLanguage":"sr-RS-latin"},{"@type":"Organization","@id":"https:\/\/www.viastein.hu\/sr\/#organization","name":"Viastein","url":"https:\/\/www.viastein.hu\/sr\/","logo":{"@type":"ImageObject","inLanguage":"sr-RS-latin","@id":"https:\/\/www.viastein.hu\/sr\/#\/schema\/logo\/image\/","url":"https:\/\/www.viastein.hu\/wp-content\/uploads\/2024\/07\/viastein-color-logo-02-2.png","contentUrl":"https:\/\/www.viastein.hu\/wp-content\/uploads\/2024\/07\/viastein-color-logo-02-2.png","width":232,"height":58,"caption":"Viastein"},"image":{"@id":"https:\/\/www.viastein.hu\/sr\/#\/schema\/logo\/image\/"},"sameAs":["https:\/\/www.facebook.com\/viastein.hu\/","https:\/\/www.instagram.com\/viastein_hungary\/","https:\/\/www.youtube.com\/@viasteinkft8464","https:\/\/www.tiktok.com\/@viastein_hungary"]}]}},"_links":{"self":[{"href":"https:\/\/www.viastein.hu\/sr\/wp-json\/wp\/v2\/pages\/18784","targetHints":{"allow":["GET"]}}],"collection":[{"href":"https:\/\/www.viastein.hu\/sr\/wp-json\/wp\/v2\/pages"}],"about":[{"href":"https:\/\/www.viastein.hu\/sr\/wp-json\/wp\/v2\/types\/page"}],"author":[{"embeddable":true,"href":"https:\/\/www.viastein.hu\/sr\/wp-json\/wp\/v2\/users\/8"}],"replies":[{"embeddable":true,"href":"https:\/\/www.viastein.hu\/sr\/wp-json\/wp\/v2\/comments?post=18784"}],"version-history":[{"count":4,"href":"https:\/\/www.viastein.hu\/sr\/wp-json\/wp\/v2\/pages\/18784\/revisions"}],"predecessor-version":[{"id":18788,"href":"https:\/\/www.viastein.hu\/sr\/wp-json\/wp\/v2\/pages\/18784\/revisions\/18788"}],"wp:attachment":[{"href":"https:\/\/www.viastein.hu\/sr\/wp-json\/wp\/v2\/media?parent=18784"}],"curies":[{"name":"wp","href":"https:\/\/api.w.org\/{rel}","templated":true}]}}