{"id":17601,"date":"2026-05-11T14:35:51","date_gmt":"2026-05-11T12:35:51","guid":{"rendered":"https:\/\/www.viastein.hu\/%d0%bf%d1%80%d0%be%d0%b4%d0%b0%d0%b2%d0%bd%d0%b8%d1%86%d0%b0\/"},"modified":"2026-05-11T14:35:52","modified_gmt":"2026-05-11T12:35:52","slug":"%d0%bf%d1%80%d0%be%d0%b4%d0%b0%d0%b2%d0%bd%d0%b8%d1%86%d0%b0","status":"publish","type":"page","link":"https:\/\/www.viastein.hu\/sr\/%d0%bf%d1%80%d0%be%d0%b4%d0%b0%d0%b2%d0%bd%d0%b8%d1%86%d0%b0\/","title":{"rendered":"\u041f\u0440\u043e\u0434\u0430\u0432\u043d\u0438\u0446\u0430"},"content":{"rendered":"","protected":false},"excerpt":{"rendered":"","protected":false},"author":8,"featured_media":0,"parent":0,"menu_order":0,"comment_status":"closed","ping_status":"closed","template":"","meta":{"_acf_changed":false,"footnotes":""},"class_list":["post-17601","page","type-page","status-publish","hentry"],"acf":[],"yoast_head":"<!-- This site is optimized with the Yoast SEO plugin v27.4 - https:\/\/yoast.com\/product\/yoast-seo-wordpress\/ -->\n<title>\u041f\u0440\u043e\u0434\u0430\u0432\u043d\u0438\u0446\u0430 - Viastein<\/title>\n<meta name=\"robots\" content=\"index, follow, max-snippet:-1, max-image-preview:large, max-video-preview:-1\" \/>\n<link rel=\"canonical\" href=\"https:\/\/www.viastein.hu\/sr\/%d0%bf%d1%80%d0%be%d0%b4%d0%b0%d0%b2%d0%bd%d0%b8%d1%86%d0%b0\/\" \/>\n<meta property=\"og:locale\" content=\"en_US\" \/>\n<meta property=\"og:type\" content=\"article\" \/>\n<meta property=\"og:title\" content=\"\u041f\u0440\u043e\u0434\u0430\u0432\u043d\u0438\u0446\u0430 - Viastein\" \/>\n<meta property=\"og:url\" content=\"https:\/\/www.viastein.hu\/sr\/%d0%bf%d1%80%d0%be%d0%b4%d0%b0%d0%b2%d0%bd%d0%b8%d1%86%d0%b0\/\" \/>\n<meta property=\"og:site_name\" content=\"Viastein\" \/>\n<meta property=\"article:publisher\" content=\"https:\/\/www.facebook.com\/viastein.hu\/\" \/>\n<meta property=\"article:modified_time\" content=\"2026-05-11T12:35:52+00:00\" \/>\n<meta name=\"twitter:card\" content=\"summary_large_image\" \/>\n<script type=\"application\/ld+json\" class=\"yoast-schema-graph\">{\"@context\":\"https:\\\/\\\/schema.org\",\"@graph\":[{\"@type\":\"WebPage\",\"@id\":\"https:\\\/\\\/www.viastein.hu\\\/sr\\\/%d0%bf%d1%80%d0%be%d0%b4%d0%b0%d0%b2%d0%bd%d0%b8%d1%86%d0%b0\\\/\",\"url\":\"https:\\\/\\\/www.viastein.hu\\\/sr\\\/%d0%bf%d1%80%d0%be%d0%b4%d0%b0%d0%b2%d0%bd%d0%b8%d1%86%d0%b0\\\/\",\"name\":\"\u041f\u0440\u043e\u0434\u0430\u0432\u043d\u0438\u0446\u0430 - Viastein\",\"isPartOf\":{\"@id\":\"https:\\\/\\\/www.viastein.hu\\\/sr\\\/#website\"},\"datePublished\":\"2026-05-11T12:35:51+00:00\",\"dateModified\":\"2026-05-11T12:35:52+00:00\",\"breadcrumb\":{\"@id\":\"https:\\\/\\\/www.viastein.hu\\\/sr\\\/%d0%bf%d1%80%d0%be%d0%b4%d0%b0%d0%b2%d0%bd%d0%b8%d1%86%d0%b0\\\/#breadcrumb\"},\"inLanguage\":\"sr-RS-latin\",\"potentialAction\":[{\"@type\":\"ReadAction\",\"target\":[\"https:\\\/\\\/www.viastein.hu\\\/sr\\\/%d0%bf%d1%80%d0%be%d0%b4%d0%b0%d0%b2%d0%bd%d0%b8%d1%86%d0%b0\\\/\"]}]},{\"@type\":\"BreadcrumbList\",\"@id\":\"https:\\\/\\\/www.viastein.hu\\\/sr\\\/%d0%bf%d1%80%d0%be%d0%b4%d0%b0%d0%b2%d0%bd%d0%b8%d1%86%d0%b0\\\/#breadcrumb\",\"itemListElement\":[{\"@type\":\"ListItem\",\"position\":1,\"name\":\"Viastein\",\"item\":\"https:\\\/\\\/www.viastein.hu\\\/sr\\\/\"},{\"@type\":\"ListItem\",\"position\":2,\"name\":\"\u041f\u0440\u043e\u0434\u0430\u0432\u043d\u0438\u0446\u0430\"}]},{\"@type\":\"WebSite\",\"@id\":\"https:\\\/\\\/www.viastein.hu\\\/sr\\\/#website\",\"url\":\"https:\\\/\\\/www.viastein.hu\\\/sr\\\/\",\"name\":\"Viastein\",\"description\":\"D\u00edszburkolatok, falaz\u00f3elemek, vasbeton elemek. Pr\u00e9mium min\u0151s\u00e9gben, hazai rakt\u00e1rb\u00f3l, r\u00f6vid sz\u00e1ll\u00edt\u00e1si hat\u00e1rid\u0151vel.\",\"publisher\":{\"@id\":\"https:\\\/\\\/www.viastein.hu\\\/sr\\\/#organization\"},\"potentialAction\":[{\"@type\":\"SearchAction\",\"target\":{\"@type\":\"EntryPoint\",\"urlTemplate\":\"https:\\\/\\\/www.viastein.hu\\\/sr\\\/?s={search_term_string}\"},\"query-input\":{\"@type\":\"PropertyValueSpecification\",\"valueRequired\":true,\"valueName\":\"search_term_string\"}}],\"inLanguage\":\"sr-RS-latin\"},{\"@type\":\"Organization\",\"@id\":\"https:\\\/\\\/www.viastein.hu\\\/sr\\\/#organization\",\"name\":\"Viastein\",\"url\":\"https:\\\/\\\/www.viastein.hu\\\/sr\\\/\",\"logo\":{\"@type\":\"ImageObject\",\"inLanguage\":\"sr-RS-latin\",\"@id\":\"https:\\\/\\\/www.viastein.hu\\\/sr\\\/#\\\/schema\\\/logo\\\/image\\\/\",\"url\":\"https:\\\/\\\/www.viastein.hu\\\/wp-content\\\/uploads\\\/2024\\\/07\\\/viastein-color-logo-02-2.png\",\"contentUrl\":\"https:\\\/\\\/www.viastein.hu\\\/wp-content\\\/uploads\\\/2024\\\/07\\\/viastein-color-logo-02-2.png\",\"width\":232,\"height\":58,\"caption\":\"Viastein\"},\"image\":{\"@id\":\"https:\\\/\\\/www.viastein.hu\\\/sr\\\/#\\\/schema\\\/logo\\\/image\\\/\"},\"sameAs\":[\"https:\\\/\\\/www.facebook.com\\\/viastein.hu\\\/\",\"https:\\\/\\\/www.instagram.com\\\/viastein_hungary\\\/\",\"https:\\\/\\\/www.youtube.com\\\/@viasteinkft8464\",\"https:\\\/\\\/www.tiktok.com\\\/@viastein_hungary\"]}]}<\/script>\n<!-- \/ Yoast SEO plugin. -->","yoast_head_json":{"title":"\u041f\u0440\u043e\u0434\u0430\u0432\u043d\u0438\u0446\u0430 - Viastein","robots":{"index":"index","follow":"follow","max-snippet":"max-snippet:-1","max-image-preview":"max-image-preview:large","max-video-preview":"max-video-preview:-1"},"canonical":"https:\/\/www.viastein.hu\/sr\/%d0%bf%d1%80%d0%be%d0%b4%d0%b0%d0%b2%d0%bd%d0%b8%d1%86%d0%b0\/","og_locale":"en_US","og_type":"article","og_title":"\u041f\u0440\u043e\u0434\u0430\u0432\u043d\u0438\u0446\u0430 - Viastein","og_url":"https:\/\/www.viastein.hu\/sr\/%d0%bf%d1%80%d0%be%d0%b4%d0%b0%d0%b2%d0%bd%d0%b8%d1%86%d0%b0\/","og_site_name":"Viastein","article_publisher":"https:\/\/www.facebook.com\/viastein.hu\/","article_modified_time":"2026-05-11T12:35:52+00:00","twitter_card":"summary_large_image","schema":{"@context":"https:\/\/schema.org","@graph":[{"@type":"WebPage","@id":"https:\/\/www.viastein.hu\/sr\/%d0%bf%d1%80%d0%be%d0%b4%d0%b0%d0%b2%d0%bd%d0%b8%d1%86%d0%b0\/","url":"https:\/\/www.viastein.hu\/sr\/%d0%bf%d1%80%d0%be%d0%b4%d0%b0%d0%b2%d0%bd%d0%b8%d1%86%d0%b0\/","name":"\u041f\u0440\u043e\u0434\u0430\u0432\u043d\u0438\u0446\u0430 - Viastein","isPartOf":{"@id":"https:\/\/www.viastein.hu\/sr\/#website"},"datePublished":"2026-05-11T12:35:51+00:00","dateModified":"2026-05-11T12:35:52+00:00","breadcrumb":{"@id":"https:\/\/www.viastein.hu\/sr\/%d0%bf%d1%80%d0%be%d0%b4%d0%b0%d0%b2%d0%bd%d0%b8%d1%86%d0%b0\/#breadcrumb"},"inLanguage":"sr-RS-latin","potentialAction":[{"@type":"ReadAction","target":["https:\/\/www.viastein.hu\/sr\/%d0%bf%d1%80%d0%be%d0%b4%d0%b0%d0%b2%d0%bd%d0%b8%d1%86%d0%b0\/"]}]},{"@type":"BreadcrumbList","@id":"https:\/\/www.viastein.hu\/sr\/%d0%bf%d1%80%d0%be%d0%b4%d0%b0%d0%b2%d0%bd%d0%b8%d1%86%d0%b0\/#breadcrumb","itemListElement":[{"@type":"ListItem","position":1,"name":"Viastein","item":"https:\/\/www.viastein.hu\/sr\/"},{"@type":"ListItem","position":2,"name":"\u041f\u0440\u043e\u0434\u0430\u0432\u043d\u0438\u0446\u0430"}]},{"@type":"WebSite","@id":"https:\/\/www.viastein.hu\/sr\/#website","url":"https:\/\/www.viastein.hu\/sr\/","name":"Viastein","description":"D\u00edszburkolatok, falaz\u00f3elemek, vasbeton elemek. Pr\u00e9mium min\u0151s\u00e9gben, hazai rakt\u00e1rb\u00f3l, r\u00f6vid sz\u00e1ll\u00edt\u00e1si hat\u00e1rid\u0151vel.","publisher":{"@id":"https:\/\/www.viastein.hu\/sr\/#organization"},"potentialAction":[{"@type":"SearchAction","target":{"@type":"EntryPoint","urlTemplate":"https:\/\/www.viastein.hu\/sr\/?s={search_term_string}"},"query-input":{"@type":"PropertyValueSpecification","valueRequired":true,"valueName":"search_term_string"}}],"inLanguage":"sr-RS-latin"},{"@type":"Organization","@id":"https:\/\/www.viastein.hu\/sr\/#organization","name":"Viastein","url":"https:\/\/www.viastein.hu\/sr\/","logo":{"@type":"ImageObject","inLanguage":"sr-RS-latin","@id":"https:\/\/www.viastein.hu\/sr\/#\/schema\/logo\/image\/","url":"https:\/\/www.viastein.hu\/wp-content\/uploads\/2024\/07\/viastein-color-logo-02-2.png","contentUrl":"https:\/\/www.viastein.hu\/wp-content\/uploads\/2024\/07\/viastein-color-logo-02-2.png","width":232,"height":58,"caption":"Viastein"},"image":{"@id":"https:\/\/www.viastein.hu\/sr\/#\/schema\/logo\/image\/"},"sameAs":["https:\/\/www.facebook.com\/viastein.hu\/","https:\/\/www.instagram.com\/viastein_hungary\/","https:\/\/www.youtube.com\/@viasteinkft8464","https:\/\/www.tiktok.com\/@viastein_hungary"]}]}},"_links":{"self":[{"href":"https:\/\/www.viastein.hu\/sr\/wp-json\/wp\/v2\/pages\/17601","targetHints":{"allow":["GET"]}}],"collection":[{"href":"https:\/\/www.viastein.hu\/sr\/wp-json\/wp\/v2\/pages"}],"about":[{"href":"https:\/\/www.viastein.hu\/sr\/wp-json\/wp\/v2\/types\/page"}],"author":[{"embeddable":true,"href":"https:\/\/www.viastein.hu\/sr\/wp-json\/wp\/v2\/users\/8"}],"replies":[{"embeddable":true,"href":"https:\/\/www.viastein.hu\/sr\/wp-json\/wp\/v2\/comments?post=17601"}],"version-history":[{"count":0,"href":"https:\/\/www.viastein.hu\/sr\/wp-json\/wp\/v2\/pages\/17601\/revisions"}],"wp:attachment":[{"href":"https:\/\/www.viastein.hu\/sr\/wp-json\/wp\/v2\/media?parent=17601"}],"curies":[{"name":"wp","href":"https:\/\/api.w.org\/{rel}","templated":true}]}}