{"id":18136,"date":"2026-02-11T13:32:32","date_gmt":"2026-02-11T11:32:32","guid":{"rendered":"https:\/\/www.viastein.hu\/termek\/nezaraden\u00e9\/florence-lux\/"},"modified":"2026-02-11T13:32:32","modified_gmt":"2026-02-11T11:32:32","slug":"florence-lux","status":"publish","type":"product","link":"https:\/\/www.viastein.hu\/sk\/termek\/dekoracne-dlazby\/via-lux-sk\/florence-lux\/","title":{"rendered":"Florence LUX"},"content":{"rendered":"<p>\u0160trukt\u00farovan\u00fa dla\u017ebu Florence LUX charakterizuje\u00a0 rustik\u00e1lny aj monument\u00e1lny vzh\u013ead z\u00e1rove\u0148. Zaoblen\u00e9 rohy a bohato text\u00farovan\u00fd povrch pripom\u00ednaj\u00fa pr\u00edrodn\u00fd kame\u0148 a dod\u00e1vaj\u00fa ploche jedine\u010dn\u00fd charakter. Harmonick\u00e1 kombin\u00e1cia piatich rozmerov kame\u0148a \u2013 v\u00fdrazn\u00e9 ve\u013ekoform\u00e1tov\u00e9 prvky a jemne dop\u013a\u0148aj\u00face men\u0161ie kusy \u2013 vytv\u00e1ra vyv\u00e1\u017een\u00fd, no p\u00f4sobiv\u00fd obraz dla\u017eby. V pr\u00e9miovom segmente prirodzene podporuje v\u00fdrazy ako luxusn\u00e1 dla\u017eba, pr\u00e9miov\u00e1 dla\u017eba<\/p>\n<p>a dizajnov\u00e1 dla\u017eba.<\/p>\n<p>Luxusn\u00fa kvalitu dla\u017eby Florence LUX zavr\u0161uje technol\u00f3gia CleanProtect, ktor\u00e1 nielen zvy\u0161uje trv\u00e1cnos\u0165 a odolnos\u0165 povrchu, ale dlhodobo zachov\u00e1va aj estetick\u00fa hodnotu dla\u017eby. Dla\u017eba Florence LUX sa prirodzenou eleganciou za\u010dle\u0148uje do svojho prostredia a z\u00e1rove\u0148 jemne zv\u00fdraz\u0148uje danosti priestoru.<\/p>\n<p>Jej farebnos\u0165, napr\u00edklad ecru a svetl\u00e1 perle\u0165ov\u00e1 siv\u00e1, sa d\u00e1 elegantne kombinova\u0165 s dla\u017ebami<\/p>\n<p>a z\u00e1hradn\u00fdmi doplnkami VIASTEIN LUX.<\/p>\n","protected":false},"excerpt":{"rendered":"<p>\u0160trukt\u00farovan\u00fa dla\u017ebu Florence LUX charakterizuje\u00a0 rustik\u00e1lny aj monument\u00e1lny vzh\u013ead z\u00e1rove\u0148. Zaoblen\u00e9 rohy a bohato text\u00farovan\u00fd povrch pripom\u00ednaj\u00fa pr\u00edrodn\u00fd kame\u0148 a dod\u00e1vaj\u00fa ploche jedine\u010dn\u00fd charakter. Harmonick\u00e1 kombin\u00e1cia piatich rozmerov kame\u0148a \u2013 v\u00fdrazn\u00e9 ve\u013ekoform\u00e1tov\u00e9 prvky a jemne dop\u013a\u0148aj\u00face men\u0161ie kusy \u2013 vytv\u00e1ra vyv\u00e1\u017een\u00fd, no p\u00f4sobiv\u00fd obraz dla\u017eby. V pr\u00e9miovom segmente prirodzene podporuje v\u00fdrazy ako luxusn\u00e1 dla\u017eba, pr\u00e9miov\u00e1 [&hellip;]<\/p>\n","protected":false},"featured_media":18171,"template":"","meta":{"_acf_changed":false},"product_brand":[],"product_cat":[439],"product_tag":[586,595,593],"class_list":{"0":"post-18136","1":"product","2":"type-product","3":"status-publish","4":"has-post-thumbnail","6":"product_cat-via-lux-sk","7":"product_tag-lux","8":"product_tag-szemelygepjarmu","9":"product_tag-terasz","11":"first","12":"instock","13":"sold-individually","14":"taxable","15":"shipping-taxable","16":"purchasable","17":"product-type-variable"},"acf":[],"yoast_head":"<!-- This site is optimized with the Yoast SEO plugin v27.4 - https:\/\/yoast.com\/product\/yoast-seo-wordpress\/ -->\n<title>Florence LUX - Viastein<\/title>\n<meta name=\"robots\" content=\"index, follow, max-snippet:-1, max-image-preview:large, max-video-preview:-1\" \/>\n<link rel=\"canonical\" href=\"https:\/\/www.viastein.hu\/sk\/termek\/dekoracne-dlazby\/via-lux-sk\/florence-lux\/\" \/>\n<meta property=\"og:locale\" content=\"sk_SK\" \/>\n<meta property=\"og:type\" content=\"article\" \/>\n<meta property=\"og:title\" content=\"Florence LUX - Viastein\" \/>\n<meta property=\"og:description\" content=\"\u0160trukt\u00farovan\u00fa dla\u017ebu Florence LUX charakterizuje\u00a0 rustik\u00e1lny aj monument\u00e1lny vzh\u013ead z\u00e1rove\u0148. Zaoblen\u00e9 rohy a bohato text\u00farovan\u00fd povrch pripom\u00ednaj\u00fa pr\u00edrodn\u00fd kame\u0148 a dod\u00e1vaj\u00fa ploche jedine\u010dn\u00fd charakter. Harmonick\u00e1 kombin\u00e1cia piatich rozmerov kame\u0148a \u2013 v\u00fdrazn\u00e9 ve\u013ekoform\u00e1tov\u00e9 prvky a jemne dop\u013a\u0148aj\u00face men\u0161ie kusy \u2013 vytv\u00e1ra vyv\u00e1\u017een\u00fd, no p\u00f4sobiv\u00fd obraz dla\u017eby. V pr\u00e9miovom segmente prirodzene podporuje v\u00fdrazy ako luxusn\u00e1 dla\u017eba, pr\u00e9miov\u00e1 [&hellip;]\" \/>\n<meta property=\"og:url\" content=\"https:\/\/www.viastein.hu\/sk\/termek\/dekoracne-dlazby\/via-lux-sk\/florence-lux\/\" \/>\n<meta property=\"og:site_name\" content=\"Viastein\" \/>\n<meta property=\"article:publisher\" content=\"https:\/\/www.facebook.com\/viastein.hu\/\" \/>\n<meta property=\"og:image\" content=\"https:\/\/www.viastein.hu\/wp-content\/uploads\/2026\/02\/260407-florence-lux.webp\" \/>\n\t<meta property=\"og:image:width\" content=\"1200\" \/>\n\t<meta property=\"og:image:height\" content=\"1200\" \/>\n\t<meta property=\"og:image:type\" content=\"image\/webp\" \/>\n<meta name=\"twitter:card\" content=\"summary_large_image\" \/>\n<meta name=\"twitter:label1\" content=\"Predpokladan\u00fd \u010das \u010d\u00edtania\" \/>\n\t<meta name=\"twitter:data1\" content=\"1 min\u00fata\" \/>\n<script type=\"application\/ld+json\" class=\"yoast-schema-graph\">{\"@context\":\"https:\\\/\\\/schema.org\",\"@graph\":[{\"@type\":\"WebPage\",\"@id\":\"https:\\\/\\\/www.viastein.hu\\\/sk\\\/termek\\\/dekoracne-dlazby\\\/via-lux-sk\\\/florence-lux\\\/\",\"url\":\"https:\\\/\\\/www.viastein.hu\\\/sk\\\/termek\\\/dekoracne-dlazby\\\/via-lux-sk\\\/florence-lux\\\/\",\"name\":\"Florence LUX - Viastein\",\"isPartOf\":{\"@id\":\"https:\\\/\\\/www.viastein.hu\\\/sk\\\/#website\"},\"primaryImageOfPage\":{\"@id\":\"https:\\\/\\\/www.viastein.hu\\\/sk\\\/termek\\\/dekoracne-dlazby\\\/via-lux-sk\\\/florence-lux\\\/#primaryimage\"},\"image\":{\"@id\":\"https:\\\/\\\/www.viastein.hu\\\/sk\\\/termek\\\/dekoracne-dlazby\\\/via-lux-sk\\\/florence-lux\\\/#primaryimage\"},\"thumbnailUrl\":\"https:\\\/\\\/www.viastein.hu\\\/wp-content\\\/uploads\\\/2026\\\/02\\\/260407-florence-lux.webp\",\"datePublished\":\"2026-02-11T11:32:32+00:00\",\"breadcrumb\":{\"@id\":\"https:\\\/\\\/www.viastein.hu\\\/sk\\\/termek\\\/dekoracne-dlazby\\\/via-lux-sk\\\/florence-lux\\\/#breadcrumb\"},\"inLanguage\":\"sk-SK\",\"potentialAction\":[{\"@type\":\"ReadAction\",\"target\":[\"https:\\\/\\\/www.viastein.hu\\\/sk\\\/termek\\\/dekoracne-dlazby\\\/via-lux-sk\\\/florence-lux\\\/\"]}]},{\"@type\":\"ImageObject\",\"inLanguage\":\"sk-SK\",\"@id\":\"https:\\\/\\\/www.viastein.hu\\\/sk\\\/termek\\\/dekoracne-dlazby\\\/via-lux-sk\\\/florence-lux\\\/#primaryimage\",\"url\":\"https:\\\/\\\/www.viastein.hu\\\/wp-content\\\/uploads\\\/2026\\\/02\\\/260407-florence-lux.webp\",\"contentUrl\":\"https:\\\/\\\/www.viastein.hu\\\/wp-content\\\/uploads\\\/2026\\\/02\\\/260407-florence-lux.webp\",\"width\":1200,\"height\":1200},{\"@type\":\"BreadcrumbList\",\"@id\":\"https:\\\/\\\/www.viastein.hu\\\/sk\\\/termek\\\/dekoracne-dlazby\\\/via-lux-sk\\\/florence-lux\\\/#breadcrumb\",\"itemListElement\":[{\"@type\":\"ListItem\",\"position\":1,\"name\":\"Viastein\",\"item\":\"https:\\\/\\\/www.viastein.hu\\\/sk\\\/\"},{\"@type\":\"ListItem\",\"position\":2,\"name\":\"Obchod\",\"item\":\"https:\\\/\\\/www.viastein.hu\\\/sk\\\/obchod\\\/\"},{\"@type\":\"ListItem\",\"position\":3,\"name\":\"DEKORA\u010cN\u00c9 DLA\u017dBY\",\"item\":\"https:\\\/\\\/www.viastein.hu\\\/sk\\\/termek-kategoria\\\/dekoracne-dlazby\\\/\"},{\"@type\":\"ListItem\",\"position\":4,\"name\":\"Via LUX\",\"item\":\"https:\\\/\\\/www.viastein.hu\\\/sk\\\/termek-kategoria\\\/dekoracne-dlazby\\\/via-lux-sk\\\/\"},{\"@type\":\"ListItem\",\"position\":5,\"name\":\"Florence LUX\"}]},{\"@type\":\"WebSite\",\"@id\":\"https:\\\/\\\/www.viastein.hu\\\/sk\\\/#website\",\"url\":\"https:\\\/\\\/www.viastein.hu\\\/sk\\\/\",\"name\":\"Viastein\",\"description\":\"D\u00edszburkolatok, falaz\u00f3elemek, vasbeton elemek. Pr\u00e9mium min\u0151s\u00e9gben, hazai rakt\u00e1rb\u00f3l, r\u00f6vid sz\u00e1ll\u00edt\u00e1si hat\u00e1rid\u0151vel.\",\"publisher\":{\"@id\":\"https:\\\/\\\/www.viastein.hu\\\/sk\\\/#organization\"},\"potentialAction\":[{\"@type\":\"SearchAction\",\"target\":{\"@type\":\"EntryPoint\",\"urlTemplate\":\"https:\\\/\\\/www.viastein.hu\\\/sk\\\/?s={search_term_string}\"},\"query-input\":{\"@type\":\"PropertyValueSpecification\",\"valueRequired\":true,\"valueName\":\"search_term_string\"}}],\"inLanguage\":\"sk-SK\"},{\"@type\":\"Organization\",\"@id\":\"https:\\\/\\\/www.viastein.hu\\\/sk\\\/#organization\",\"name\":\"Viastein\",\"url\":\"https:\\\/\\\/www.viastein.hu\\\/sk\\\/\",\"logo\":{\"@type\":\"ImageObject\",\"inLanguage\":\"sk-SK\",\"@id\":\"https:\\\/\\\/www.viastein.hu\\\/sk\\\/#\\\/schema\\\/logo\\\/image\\\/\",\"url\":\"https:\\\/\\\/www.viastein.hu\\\/wp-content\\\/uploads\\\/2024\\\/07\\\/viastein-color-logo-02-2.png\",\"contentUrl\":\"https:\\\/\\\/www.viastein.hu\\\/wp-content\\\/uploads\\\/2024\\\/07\\\/viastein-color-logo-02-2.png\",\"width\":232,\"height\":58,\"caption\":\"Viastein\"},\"image\":{\"@id\":\"https:\\\/\\\/www.viastein.hu\\\/sk\\\/#\\\/schema\\\/logo\\\/image\\\/\"},\"sameAs\":[\"https:\\\/\\\/www.facebook.com\\\/viastein.hu\\\/\",\"https:\\\/\\\/www.instagram.com\\\/viastein_hungary\\\/\",\"https:\\\/\\\/www.youtube.com\\\/@viasteinkft8464\",\"https:\\\/\\\/www.tiktok.com\\\/@viastein_hungary\"]}]}<\/script>\n<!-- \/ Yoast SEO plugin. -->","yoast_head_json":{"title":"Florence LUX - Viastein","robots":{"index":"index","follow":"follow","max-snippet":"max-snippet:-1","max-image-preview":"max-image-preview:large","max-video-preview":"max-video-preview:-1"},"canonical":"https:\/\/www.viastein.hu\/sk\/termek\/dekoracne-dlazby\/via-lux-sk\/florence-lux\/","og_locale":"sk_SK","og_type":"article","og_title":"Florence LUX - Viastein","og_description":"\u0160trukt\u00farovan\u00fa dla\u017ebu Florence LUX charakterizuje\u00a0 rustik\u00e1lny aj monument\u00e1lny vzh\u013ead z\u00e1rove\u0148. Zaoblen\u00e9 rohy a bohato text\u00farovan\u00fd povrch pripom\u00ednaj\u00fa pr\u00edrodn\u00fd kame\u0148 a dod\u00e1vaj\u00fa ploche jedine\u010dn\u00fd charakter. Harmonick\u00e1 kombin\u00e1cia piatich rozmerov kame\u0148a \u2013 v\u00fdrazn\u00e9 ve\u013ekoform\u00e1tov\u00e9 prvky a jemne dop\u013a\u0148aj\u00face men\u0161ie kusy \u2013 vytv\u00e1ra vyv\u00e1\u017een\u00fd, no p\u00f4sobiv\u00fd obraz dla\u017eby. V pr\u00e9miovom segmente prirodzene podporuje v\u00fdrazy ako luxusn\u00e1 dla\u017eba, pr\u00e9miov\u00e1 [&hellip;]","og_url":"https:\/\/www.viastein.hu\/sk\/termek\/dekoracne-dlazby\/via-lux-sk\/florence-lux\/","og_site_name":"Viastein","article_publisher":"https:\/\/www.facebook.com\/viastein.hu\/","og_image":[{"width":1200,"height":1200,"url":"https:\/\/www.viastein.hu\/wp-content\/uploads\/2026\/02\/260407-florence-lux.webp","type":"image\/webp"}],"twitter_card":"summary_large_image","twitter_misc":{"Predpokladan\u00fd \u010das \u010d\u00edtania":"1 min\u00fata"},"schema":{"@context":"https:\/\/schema.org","@graph":[{"@type":"WebPage","@id":"https:\/\/www.viastein.hu\/sk\/termek\/dekoracne-dlazby\/via-lux-sk\/florence-lux\/","url":"https:\/\/www.viastein.hu\/sk\/termek\/dekoracne-dlazby\/via-lux-sk\/florence-lux\/","name":"Florence LUX - Viastein","isPartOf":{"@id":"https:\/\/www.viastein.hu\/sk\/#website"},"primaryImageOfPage":{"@id":"https:\/\/www.viastein.hu\/sk\/termek\/dekoracne-dlazby\/via-lux-sk\/florence-lux\/#primaryimage"},"image":{"@id":"https:\/\/www.viastein.hu\/sk\/termek\/dekoracne-dlazby\/via-lux-sk\/florence-lux\/#primaryimage"},"thumbnailUrl":"https:\/\/www.viastein.hu\/wp-content\/uploads\/2026\/02\/260407-florence-lux.webp","datePublished":"2026-02-11T11:32:32+00:00","breadcrumb":{"@id":"https:\/\/www.viastein.hu\/sk\/termek\/dekoracne-dlazby\/via-lux-sk\/florence-lux\/#breadcrumb"},"inLanguage":"sk-SK","potentialAction":[{"@type":"ReadAction","target":["https:\/\/www.viastein.hu\/sk\/termek\/dekoracne-dlazby\/via-lux-sk\/florence-lux\/"]}]},{"@type":"ImageObject","inLanguage":"sk-SK","@id":"https:\/\/www.viastein.hu\/sk\/termek\/dekoracne-dlazby\/via-lux-sk\/florence-lux\/#primaryimage","url":"https:\/\/www.viastein.hu\/wp-content\/uploads\/2026\/02\/260407-florence-lux.webp","contentUrl":"https:\/\/www.viastein.hu\/wp-content\/uploads\/2026\/02\/260407-florence-lux.webp","width":1200,"height":1200},{"@type":"BreadcrumbList","@id":"https:\/\/www.viastein.hu\/sk\/termek\/dekoracne-dlazby\/via-lux-sk\/florence-lux\/#breadcrumb","itemListElement":[{"@type":"ListItem","position":1,"name":"Viastein","item":"https:\/\/www.viastein.hu\/sk\/"},{"@type":"ListItem","position":2,"name":"Obchod","item":"https:\/\/www.viastein.hu\/sk\/obchod\/"},{"@type":"ListItem","position":3,"name":"DEKORA\u010cN\u00c9 DLA\u017dBY","item":"https:\/\/www.viastein.hu\/sk\/termek-kategoria\/dekoracne-dlazby\/"},{"@type":"ListItem","position":4,"name":"Via LUX","item":"https:\/\/www.viastein.hu\/sk\/termek-kategoria\/dekoracne-dlazby\/via-lux-sk\/"},{"@type":"ListItem","position":5,"name":"Florence LUX"}]},{"@type":"WebSite","@id":"https:\/\/www.viastein.hu\/sk\/#website","url":"https:\/\/www.viastein.hu\/sk\/","name":"Viastein","description":"D\u00edszburkolatok, falaz\u00f3elemek, vasbeton elemek. Pr\u00e9mium min\u0151s\u00e9gben, hazai rakt\u00e1rb\u00f3l, r\u00f6vid sz\u00e1ll\u00edt\u00e1si hat\u00e1rid\u0151vel.","publisher":{"@id":"https:\/\/www.viastein.hu\/sk\/#organization"},"potentialAction":[{"@type":"SearchAction","target":{"@type":"EntryPoint","urlTemplate":"https:\/\/www.viastein.hu\/sk\/?s={search_term_string}"},"query-input":{"@type":"PropertyValueSpecification","valueRequired":true,"valueName":"search_term_string"}}],"inLanguage":"sk-SK"},{"@type":"Organization","@id":"https:\/\/www.viastein.hu\/sk\/#organization","name":"Viastein","url":"https:\/\/www.viastein.hu\/sk\/","logo":{"@type":"ImageObject","inLanguage":"sk-SK","@id":"https:\/\/www.viastein.hu\/sk\/#\/schema\/logo\/image\/","url":"https:\/\/www.viastein.hu\/wp-content\/uploads\/2024\/07\/viastein-color-logo-02-2.png","contentUrl":"https:\/\/www.viastein.hu\/wp-content\/uploads\/2024\/07\/viastein-color-logo-02-2.png","width":232,"height":58,"caption":"Viastein"},"image":{"@id":"https:\/\/www.viastein.hu\/sk\/#\/schema\/logo\/image\/"},"sameAs":["https:\/\/www.facebook.com\/viastein.hu\/","https:\/\/www.instagram.com\/viastein_hungary\/","https:\/\/www.youtube.com\/@viasteinkft8464","https:\/\/www.tiktok.com\/@viastein_hungary"]}]}},"_links":{"self":[{"href":"https:\/\/www.viastein.hu\/sk\/wp-json\/wp\/v2\/product\/18136","targetHints":{"allow":["GET"]}}],"collection":[{"href":"https:\/\/www.viastein.hu\/sk\/wp-json\/wp\/v2\/product"}],"about":[{"href":"https:\/\/www.viastein.hu\/sk\/wp-json\/wp\/v2\/types\/product"}],"wp:featuredmedia":[{"embeddable":true,"href":"https:\/\/www.viastein.hu\/sk\/wp-json\/wp\/v2\/media\/18171"}],"wp:attachment":[{"href":"https:\/\/www.viastein.hu\/sk\/wp-json\/wp\/v2\/media?parent=18136"}],"wp:term":[{"taxonomy":"product_brand","embeddable":true,"href":"https:\/\/www.viastein.hu\/sk\/wp-json\/wp\/v2\/product_brand?post=18136"},{"taxonomy":"product_cat","embeddable":true,"href":"https:\/\/www.viastein.hu\/sk\/wp-json\/wp\/v2\/product_cat?post=18136"},{"taxonomy":"product_tag","embeddable":true,"href":"https:\/\/www.viastein.hu\/sk\/wp-json\/wp\/v2\/product_tag?post=18136"}],"curies":[{"name":"wp","href":"https:\/\/api.w.org\/{rel}","templated":true}]}}