{"id":18128,"date":"2024-08-01T13:46:38","date_gmt":"2024-08-01T11:46:38","guid":{"rendered":"https:\/\/www.viastein.hu\/termek\/nezaraden\u00e9\/florence-strukturovana\/"},"modified":"2024-08-01T13:46:38","modified_gmt":"2024-08-01T11:46:38","slug":"florence-strukturovana","status":"publish","type":"product","link":"https:\/\/www.viastein.hu\/sk\/termek\/dekoracne-dlazby\/dlazby-dlazobne-systemy-a-platne\/strukturovane-dlazby\/florence-strukturovana\/","title":{"rendered":"Florence \u0161trukt\u00farovan\u00e1"},"content":{"rendered":"<p>\u0160trukt\u00farovan\u00e1 dla\u017eba FLORENCE je rustik\u00e1lna<\/p>\n<p>aj monument\u00e1lna z\u00e1rove\u0148. Rustik\u00e1lna preto,<\/p>\n<p>\u017ee zaoblen\u00e9 rohy a povrchov\u00e1 \u0161trukt\u00fara vytv\u00e1raj\u00fa na povrchu kame\u0148ov jedine\u010dn\u00fd pr\u00edrodn\u00fd efekt. Monument\u00e1lna preto, \u017ee ve\u013ekoform\u00e1tov\u00e9 kamene v kombin\u00e1cii zv\u00fdraz\u0148uj\u00fa men\u0161ie dla\u017eobn\u00e9 prvky. Po zabudovan\u00ed vytv\u00e1ra dla\u017eba s povrchovou ochranou Clean &amp; Color Protect (CP+) prostredie, akoby v\u017edy bola s\u00fa\u010das\u0165ou budovy. Zd\u00f4raz\u0148uje priestor a z\u00e1rove\u0148 ho jemne potl\u00e1\u010da; pr\u00e1ve t\u00fdmto protikladom sa st\u00e1va dokonalou a prirodzene p\u00f4sobiacou. K jej t\u00f3novan\u00fdm farb\u00e1m sa hodia taktie\u017e i na\u0161e z\u00e1hradn\u00e9 doplnky.<\/p>\n","protected":false},"excerpt":{"rendered":"<p>\u0160trukt\u00farovan\u00e1 dla\u017eba FLORENCE je rustik\u00e1lna aj monument\u00e1lna z\u00e1rove\u0148. Rustik\u00e1lna preto, \u017ee zaoblen\u00e9 rohy a povrchov\u00e1 \u0161trukt\u00fara vytv\u00e1raj\u00fa na povrchu kame\u0148ov jedine\u010dn\u00fd pr\u00edrodn\u00fd efekt. Monument\u00e1lna preto, \u017ee ve\u013ekoform\u00e1tov\u00e9 kamene v kombin\u00e1cii zv\u00fdraz\u0148uj\u00fa men\u0161ie dla\u017eobn\u00e9 prvky. Po zabudovan\u00ed vytv\u00e1ra dla\u017eba s povrchovou ochranou Clean &amp; Color Protect (CP+) prostredie, akoby v\u017edy bola s\u00fa\u010das\u0165ou budovy. Zd\u00f4raz\u0148uje priestor a [&hellip;]<\/p>\n","protected":false},"featured_media":18129,"template":"","meta":{"_acf_changed":false},"product_brand":[],"product_cat":[427,436],"product_tag":[591,595,593,589],"class_list":{"0":"post-18128","1":"product","2":"type-product","3":"status-publish","4":"has-post-thumbnail","6":"product_cat-dlazby-dlazobne-systemy-a-platne","7":"product_cat-strukturovane-dlazby","8":"product_tag-clean-and-color-protect","9":"product_tag-szemelygepjarmu","10":"product_tag-terasz","11":"product_tag-via26","13":"first","14":"instock","15":"sold-individually","16":"taxable","17":"shipping-taxable","18":"purchasable","19":"product-type-variable"},"acf":[],"yoast_head":"<!-- This site is optimized with the Yoast SEO plugin v27.4 - https:\/\/yoast.com\/product\/yoast-seo-wordpress\/ -->\n<title>Florence \u0161trukt\u00farovan\u00e1 - Viastein<\/title>\n<meta name=\"robots\" content=\"index, follow, max-snippet:-1, max-image-preview:large, max-video-preview:-1\" \/>\n<link rel=\"canonical\" href=\"https:\/\/www.viastein.hu\/sk\/termek\/dekoracne-dlazby\/dlazby-dlazobne-systemy-a-platne\/strukturovane-dlazby\/florence-strukturovana\/\" \/>\n<meta property=\"og:locale\" content=\"sk_SK\" \/>\n<meta property=\"og:type\" content=\"article\" \/>\n<meta property=\"og:title\" content=\"Florence \u0161trukt\u00farovan\u00e1 - Viastein\" \/>\n<meta property=\"og:description\" content=\"\u0160trukt\u00farovan\u00e1 dla\u017eba FLORENCE je rustik\u00e1lna aj monument\u00e1lna z\u00e1rove\u0148. Rustik\u00e1lna preto, \u017ee zaoblen\u00e9 rohy a povrchov\u00e1 \u0161trukt\u00fara vytv\u00e1raj\u00fa na povrchu kame\u0148ov jedine\u010dn\u00fd pr\u00edrodn\u00fd efekt. Monument\u00e1lna preto, \u017ee ve\u013ekoform\u00e1tov\u00e9 kamene v kombin\u00e1cii zv\u00fdraz\u0148uj\u00fa men\u0161ie dla\u017eobn\u00e9 prvky. Po zabudovan\u00ed vytv\u00e1ra dla\u017eba s povrchovou ochranou Clean &amp; Color Protect (CP+) prostredie, akoby v\u017edy bola s\u00fa\u010das\u0165ou budovy. Zd\u00f4raz\u0148uje priestor a [&hellip;]\" \/>\n<meta property=\"og:url\" content=\"https:\/\/www.viastein.hu\/sk\/termek\/dekoracne-dlazby\/dlazby-dlazobne-systemy-a-platne\/strukturovane-dlazby\/florence-strukturovana\/\" \/>\n<meta property=\"og:site_name\" content=\"Viastein\" \/>\n<meta property=\"article:publisher\" content=\"https:\/\/www.facebook.com\/viastein.hu\/\" \/>\n<meta property=\"og:image\" content=\"https:\/\/www.viastein.hu\/wp-content\/uploads\/2024\/08\/img1-8.jpg\" \/>\n\t<meta property=\"og:image:width\" content=\"1200\" \/>\n\t<meta property=\"og:image:height\" content=\"1600\" \/>\n\t<meta property=\"og:image:type\" content=\"image\/jpeg\" \/>\n<meta name=\"twitter:card\" content=\"summary_large_image\" \/>\n<meta name=\"twitter:label1\" content=\"Predpokladan\u00fd \u010das \u010d\u00edtania\" \/>\n\t<meta name=\"twitter:data1\" content=\"1 min\u00fata\" \/>\n<script type=\"application\/ld+json\" class=\"yoast-schema-graph\">{\"@context\":\"https:\\\/\\\/schema.org\",\"@graph\":[{\"@type\":\"WebPage\",\"@id\":\"https:\\\/\\\/www.viastein.hu\\\/sk\\\/termek\\\/dekoracne-dlazby\\\/dlazby-dlazobne-systemy-a-platne\\\/strukturovane-dlazby\\\/florence-strukturovana\\\/\",\"url\":\"https:\\\/\\\/www.viastein.hu\\\/sk\\\/termek\\\/dekoracne-dlazby\\\/dlazby-dlazobne-systemy-a-platne\\\/strukturovane-dlazby\\\/florence-strukturovana\\\/\",\"name\":\"Florence \u0161trukt\u00farovan\u00e1 - Viastein\",\"isPartOf\":{\"@id\":\"https:\\\/\\\/www.viastein.hu\\\/sk\\\/#website\"},\"primaryImageOfPage\":{\"@id\":\"https:\\\/\\\/www.viastein.hu\\\/sk\\\/termek\\\/dekoracne-dlazby\\\/dlazby-dlazobne-systemy-a-platne\\\/strukturovane-dlazby\\\/florence-strukturovana\\\/#primaryimage\"},\"image\":{\"@id\":\"https:\\\/\\\/www.viastein.hu\\\/sk\\\/termek\\\/dekoracne-dlazby\\\/dlazby-dlazobne-systemy-a-platne\\\/strukturovane-dlazby\\\/florence-strukturovana\\\/#primaryimage\"},\"thumbnailUrl\":\"https:\\\/\\\/www.viastein.hu\\\/wp-content\\\/uploads\\\/2024\\\/08\\\/img1-8.jpg\",\"datePublished\":\"2024-08-01T11:46:38+00:00\",\"breadcrumb\":{\"@id\":\"https:\\\/\\\/www.viastein.hu\\\/sk\\\/termek\\\/dekoracne-dlazby\\\/dlazby-dlazobne-systemy-a-platne\\\/strukturovane-dlazby\\\/florence-strukturovana\\\/#breadcrumb\"},\"inLanguage\":\"sk-SK\",\"potentialAction\":[{\"@type\":\"ReadAction\",\"target\":[\"https:\\\/\\\/www.viastein.hu\\\/sk\\\/termek\\\/dekoracne-dlazby\\\/dlazby-dlazobne-systemy-a-platne\\\/strukturovane-dlazby\\\/florence-strukturovana\\\/\"]}]},{\"@type\":\"ImageObject\",\"inLanguage\":\"sk-SK\",\"@id\":\"https:\\\/\\\/www.viastein.hu\\\/sk\\\/termek\\\/dekoracne-dlazby\\\/dlazby-dlazobne-systemy-a-platne\\\/strukturovane-dlazby\\\/florence-strukturovana\\\/#primaryimage\",\"url\":\"https:\\\/\\\/www.viastein.hu\\\/wp-content\\\/uploads\\\/2024\\\/08\\\/img1-8.jpg\",\"contentUrl\":\"https:\\\/\\\/www.viastein.hu\\\/wp-content\\\/uploads\\\/2024\\\/08\\\/img1-8.jpg\",\"width\":1200,\"height\":1600},{\"@type\":\"BreadcrumbList\",\"@id\":\"https:\\\/\\\/www.viastein.hu\\\/sk\\\/termek\\\/dekoracne-dlazby\\\/dlazby-dlazobne-systemy-a-platne\\\/strukturovane-dlazby\\\/florence-strukturovana\\\/#breadcrumb\",\"itemListElement\":[{\"@type\":\"ListItem\",\"position\":1,\"name\":\"Viastein\",\"item\":\"https:\\\/\\\/www.viastein.hu\\\/sk\\\/\"},{\"@type\":\"ListItem\",\"position\":2,\"name\":\"Obchod\",\"item\":\"https:\\\/\\\/www.viastein.hu\\\/sk\\\/obchod\\\/\"},{\"@type\":\"ListItem\",\"position\":3,\"name\":\"DEKORA\u010cN\u00c9 DLA\u017dBY\",\"item\":\"https:\\\/\\\/www.viastein.hu\\\/sk\\\/termek-kategoria\\\/dekoracne-dlazby\\\/\"},{\"@type\":\"ListItem\",\"position\":4,\"name\":\"Dla\u017eby, dla\u017eobn\u00e9 syst\u00e9my a platne\",\"item\":\"https:\\\/\\\/www.viastein.hu\\\/sk\\\/termek-kategoria\\\/dekoracne-dlazby\\\/dlazby-dlazobne-systemy-a-platne\\\/\"},{\"@type\":\"ListItem\",\"position\":5,\"name\":\"Florence \u0161trukt\u00farovan\u00e1\"}]},{\"@type\":\"WebSite\",\"@id\":\"https:\\\/\\\/www.viastein.hu\\\/sk\\\/#website\",\"url\":\"https:\\\/\\\/www.viastein.hu\\\/sk\\\/\",\"name\":\"Viastein\",\"description\":\"D\u00edszburkolatok, falaz\u00f3elemek, vasbeton elemek. Pr\u00e9mium min\u0151s\u00e9gben, hazai rakt\u00e1rb\u00f3l, r\u00f6vid sz\u00e1ll\u00edt\u00e1si hat\u00e1rid\u0151vel.\",\"publisher\":{\"@id\":\"https:\\\/\\\/www.viastein.hu\\\/sk\\\/#organization\"},\"potentialAction\":[{\"@type\":\"SearchAction\",\"target\":{\"@type\":\"EntryPoint\",\"urlTemplate\":\"https:\\\/\\\/www.viastein.hu\\\/sk\\\/?s={search_term_string}\"},\"query-input\":{\"@type\":\"PropertyValueSpecification\",\"valueRequired\":true,\"valueName\":\"search_term_string\"}}],\"inLanguage\":\"sk-SK\"},{\"@type\":\"Organization\",\"@id\":\"https:\\\/\\\/www.viastein.hu\\\/sk\\\/#organization\",\"name\":\"Viastein\",\"url\":\"https:\\\/\\\/www.viastein.hu\\\/sk\\\/\",\"logo\":{\"@type\":\"ImageObject\",\"inLanguage\":\"sk-SK\",\"@id\":\"https:\\\/\\\/www.viastein.hu\\\/sk\\\/#\\\/schema\\\/logo\\\/image\\\/\",\"url\":\"https:\\\/\\\/www.viastein.hu\\\/wp-content\\\/uploads\\\/2024\\\/07\\\/viastein-color-logo-02-2.png\",\"contentUrl\":\"https:\\\/\\\/www.viastein.hu\\\/wp-content\\\/uploads\\\/2024\\\/07\\\/viastein-color-logo-02-2.png\",\"width\":232,\"height\":58,\"caption\":\"Viastein\"},\"image\":{\"@id\":\"https:\\\/\\\/www.viastein.hu\\\/sk\\\/#\\\/schema\\\/logo\\\/image\\\/\"},\"sameAs\":[\"https:\\\/\\\/www.facebook.com\\\/viastein.hu\\\/\",\"https:\\\/\\\/www.instagram.com\\\/viastein_hungary\\\/\",\"https:\\\/\\\/www.youtube.com\\\/@viasteinkft8464\",\"https:\\\/\\\/www.tiktok.com\\\/@viastein_hungary\"]}]}<\/script>\n<!-- \/ Yoast SEO plugin. -->","yoast_head_json":{"title":"Florence \u0161trukt\u00farovan\u00e1 - Viastein","robots":{"index":"index","follow":"follow","max-snippet":"max-snippet:-1","max-image-preview":"max-image-preview:large","max-video-preview":"max-video-preview:-1"},"canonical":"https:\/\/www.viastein.hu\/sk\/termek\/dekoracne-dlazby\/dlazby-dlazobne-systemy-a-platne\/strukturovane-dlazby\/florence-strukturovana\/","og_locale":"sk_SK","og_type":"article","og_title":"Florence \u0161trukt\u00farovan\u00e1 - Viastein","og_description":"\u0160trukt\u00farovan\u00e1 dla\u017eba FLORENCE je rustik\u00e1lna aj monument\u00e1lna z\u00e1rove\u0148. Rustik\u00e1lna preto, \u017ee zaoblen\u00e9 rohy a povrchov\u00e1 \u0161trukt\u00fara vytv\u00e1raj\u00fa na povrchu kame\u0148ov jedine\u010dn\u00fd pr\u00edrodn\u00fd efekt. Monument\u00e1lna preto, \u017ee ve\u013ekoform\u00e1tov\u00e9 kamene v kombin\u00e1cii zv\u00fdraz\u0148uj\u00fa men\u0161ie dla\u017eobn\u00e9 prvky. Po zabudovan\u00ed vytv\u00e1ra dla\u017eba s povrchovou ochranou Clean &amp; Color Protect (CP+) prostredie, akoby v\u017edy bola s\u00fa\u010das\u0165ou budovy. Zd\u00f4raz\u0148uje priestor a [&hellip;]","og_url":"https:\/\/www.viastein.hu\/sk\/termek\/dekoracne-dlazby\/dlazby-dlazobne-systemy-a-platne\/strukturovane-dlazby\/florence-strukturovana\/","og_site_name":"Viastein","article_publisher":"https:\/\/www.facebook.com\/viastein.hu\/","og_image":[{"width":1200,"height":1600,"url":"https:\/\/www.viastein.hu\/wp-content\/uploads\/2024\/08\/img1-8.jpg","type":"image\/jpeg"}],"twitter_card":"summary_large_image","twitter_misc":{"Predpokladan\u00fd \u010das \u010d\u00edtania":"1 min\u00fata"},"schema":{"@context":"https:\/\/schema.org","@graph":[{"@type":"WebPage","@id":"https:\/\/www.viastein.hu\/sk\/termek\/dekoracne-dlazby\/dlazby-dlazobne-systemy-a-platne\/strukturovane-dlazby\/florence-strukturovana\/","url":"https:\/\/www.viastein.hu\/sk\/termek\/dekoracne-dlazby\/dlazby-dlazobne-systemy-a-platne\/strukturovane-dlazby\/florence-strukturovana\/","name":"Florence \u0161trukt\u00farovan\u00e1 - Viastein","isPartOf":{"@id":"https:\/\/www.viastein.hu\/sk\/#website"},"primaryImageOfPage":{"@id":"https:\/\/www.viastein.hu\/sk\/termek\/dekoracne-dlazby\/dlazby-dlazobne-systemy-a-platne\/strukturovane-dlazby\/florence-strukturovana\/#primaryimage"},"image":{"@id":"https:\/\/www.viastein.hu\/sk\/termek\/dekoracne-dlazby\/dlazby-dlazobne-systemy-a-platne\/strukturovane-dlazby\/florence-strukturovana\/#primaryimage"},"thumbnailUrl":"https:\/\/www.viastein.hu\/wp-content\/uploads\/2024\/08\/img1-8.jpg","datePublished":"2024-08-01T11:46:38+00:00","breadcrumb":{"@id":"https:\/\/www.viastein.hu\/sk\/termek\/dekoracne-dlazby\/dlazby-dlazobne-systemy-a-platne\/strukturovane-dlazby\/florence-strukturovana\/#breadcrumb"},"inLanguage":"sk-SK","potentialAction":[{"@type":"ReadAction","target":["https:\/\/www.viastein.hu\/sk\/termek\/dekoracne-dlazby\/dlazby-dlazobne-systemy-a-platne\/strukturovane-dlazby\/florence-strukturovana\/"]}]},{"@type":"ImageObject","inLanguage":"sk-SK","@id":"https:\/\/www.viastein.hu\/sk\/termek\/dekoracne-dlazby\/dlazby-dlazobne-systemy-a-platne\/strukturovane-dlazby\/florence-strukturovana\/#primaryimage","url":"https:\/\/www.viastein.hu\/wp-content\/uploads\/2024\/08\/img1-8.jpg","contentUrl":"https:\/\/www.viastein.hu\/wp-content\/uploads\/2024\/08\/img1-8.jpg","width":1200,"height":1600},{"@type":"BreadcrumbList","@id":"https:\/\/www.viastein.hu\/sk\/termek\/dekoracne-dlazby\/dlazby-dlazobne-systemy-a-platne\/strukturovane-dlazby\/florence-strukturovana\/#breadcrumb","itemListElement":[{"@type":"ListItem","position":1,"name":"Viastein","item":"https:\/\/www.viastein.hu\/sk\/"},{"@type":"ListItem","position":2,"name":"Obchod","item":"https:\/\/www.viastein.hu\/sk\/obchod\/"},{"@type":"ListItem","position":3,"name":"DEKORA\u010cN\u00c9 DLA\u017dBY","item":"https:\/\/www.viastein.hu\/sk\/termek-kategoria\/dekoracne-dlazby\/"},{"@type":"ListItem","position":4,"name":"Dla\u017eby, dla\u017eobn\u00e9 syst\u00e9my a platne","item":"https:\/\/www.viastein.hu\/sk\/termek-kategoria\/dekoracne-dlazby\/dlazby-dlazobne-systemy-a-platne\/"},{"@type":"ListItem","position":5,"name":"Florence \u0161trukt\u00farovan\u00e1"}]},{"@type":"WebSite","@id":"https:\/\/www.viastein.hu\/sk\/#website","url":"https:\/\/www.viastein.hu\/sk\/","name":"Viastein","description":"D\u00edszburkolatok, falaz\u00f3elemek, vasbeton elemek. Pr\u00e9mium min\u0151s\u00e9gben, hazai rakt\u00e1rb\u00f3l, r\u00f6vid sz\u00e1ll\u00edt\u00e1si hat\u00e1rid\u0151vel.","publisher":{"@id":"https:\/\/www.viastein.hu\/sk\/#organization"},"potentialAction":[{"@type":"SearchAction","target":{"@type":"EntryPoint","urlTemplate":"https:\/\/www.viastein.hu\/sk\/?s={search_term_string}"},"query-input":{"@type":"PropertyValueSpecification","valueRequired":true,"valueName":"search_term_string"}}],"inLanguage":"sk-SK"},{"@type":"Organization","@id":"https:\/\/www.viastein.hu\/sk\/#organization","name":"Viastein","url":"https:\/\/www.viastein.hu\/sk\/","logo":{"@type":"ImageObject","inLanguage":"sk-SK","@id":"https:\/\/www.viastein.hu\/sk\/#\/schema\/logo\/image\/","url":"https:\/\/www.viastein.hu\/wp-content\/uploads\/2024\/07\/viastein-color-logo-02-2.png","contentUrl":"https:\/\/www.viastein.hu\/wp-content\/uploads\/2024\/07\/viastein-color-logo-02-2.png","width":232,"height":58,"caption":"Viastein"},"image":{"@id":"https:\/\/www.viastein.hu\/sk\/#\/schema\/logo\/image\/"},"sameAs":["https:\/\/www.facebook.com\/viastein.hu\/","https:\/\/www.instagram.com\/viastein_hungary\/","https:\/\/www.youtube.com\/@viasteinkft8464","https:\/\/www.tiktok.com\/@viastein_hungary"]}]}},"_links":{"self":[{"href":"https:\/\/www.viastein.hu\/sk\/wp-json\/wp\/v2\/product\/18128","targetHints":{"allow":["GET"]}}],"collection":[{"href":"https:\/\/www.viastein.hu\/sk\/wp-json\/wp\/v2\/product"}],"about":[{"href":"https:\/\/www.viastein.hu\/sk\/wp-json\/wp\/v2\/types\/product"}],"wp:featuredmedia":[{"embeddable":true,"href":"https:\/\/www.viastein.hu\/sk\/wp-json\/wp\/v2\/media\/18129"}],"wp:attachment":[{"href":"https:\/\/www.viastein.hu\/sk\/wp-json\/wp\/v2\/media?parent=18128"}],"wp:term":[{"taxonomy":"product_brand","embeddable":true,"href":"https:\/\/www.viastein.hu\/sk\/wp-json\/wp\/v2\/product_brand?post=18128"},{"taxonomy":"product_cat","embeddable":true,"href":"https:\/\/www.viastein.hu\/sk\/wp-json\/wp\/v2\/product_cat?post=18128"},{"taxonomy":"product_tag","embeddable":true,"href":"https:\/\/www.viastein.hu\/sk\/wp-json\/wp\/v2\/product_tag?post=18128"}],"curies":[{"name":"wp","href":"https:\/\/api.w.org\/{rel}","templated":true}]}}