{"id":18094,"date":"2026-02-13T14:19:23","date_gmt":"2026-02-13T12:19:23","guid":{"rendered":"https:\/\/www.viastein.hu\/termek\/nezaraden\u00e9\/folio-fino-lux\/"},"modified":"2026-02-13T14:19:23","modified_gmt":"2026-02-13T12:19:23","slug":"folio-fino-lux","status":"publish","type":"product","link":"https:\/\/www.viastein.hu\/sk\/termek\/dekoracne-dlazby\/via-lux-sk\/folio-fino-lux\/","title":{"rendered":"Folio Fino LUX"},"content":{"rendered":"<p>Terasov\u00e9 platne Folio Fino LUX predstavuj\u00fa dokonal\u00fa jednotku funk\u010dnosti a rafinovan\u00e9ho dizajnu, \u010d\u00edm vytv\u00e1raj\u00fa harmonick\u00fd s\u00falad architekt\u00fary a obytn\u00e9ho prostredia. Ich \u010dist\u00fd vzh\u013ead a prec\u00edzne spracovan\u00fd povrch poskytuj\u00fa pokojn\u00fa, elegantn\u00fa atmosf\u00e9ru ide\u00e1lnu na oddych a na\u010derpanie energie. V pr\u00e9miovom segmente prirodzene podporuje v\u00fdrazy ako luxusn\u00e1 dla\u017eba, pr\u00e9miov\u00e1 dla\u017eba a dizajnov\u00e1 dla\u017eba.<\/p>\n<p>Pr\u00e9miov\u00fa kvalitu garantuje technol\u00f3gia CleanProtect, ktor\u00e1 prispieva k trv\u00e1cnosti, odolnosti a dlhodob\u00e9mu zachovaniu estetickej hodnoty dla\u017eby. Farebnos\u0165 bl\u00edzka pr\u00edrode jemne zapad\u00e1 do okolia a povy\u0161uje atmosf\u00e9ru ter\u00e1s, z\u00e1hrad a balk\u00f3nov na vy\u0161\u0161iu \u00farove\u0148.<\/p>\n<p>Folio Fino LUX je ide\u00e1lnou vo\u013ebou pre v\u0161etk\u00fdch, ktor\u00ed h\u013eadaj\u00fa decentn\u00fa eleganciu a v\u00fdnimo\u010dn\u00fa kvalitu vo vonkaj\u0161\u00edch dla\u017eb\u00e1ch.<\/p>\n","protected":false},"excerpt":{"rendered":"<p>Terasov\u00e9 platne Folio Fino LUX predstavuj\u00fa dokonal\u00fa jednotku funk\u010dnosti a rafinovan\u00e9ho dizajnu, \u010d\u00edm vytv\u00e1raj\u00fa harmonick\u00fd s\u00falad architekt\u00fary a obytn\u00e9ho prostredia. Ich \u010dist\u00fd vzh\u013ead a prec\u00edzne spracovan\u00fd povrch poskytuj\u00fa pokojn\u00fa, elegantn\u00fa atmosf\u00e9ru ide\u00e1lnu na oddych a na\u010derpanie energie. V pr\u00e9miovom segmente prirodzene podporuje v\u00fdrazy ako luxusn\u00e1 dla\u017eba, pr\u00e9miov\u00e1 dla\u017eba a dizajnov\u00e1 dla\u017eba. Pr\u00e9miov\u00fa kvalitu garantuje technol\u00f3gia [&hellip;]<\/p>\n","protected":false},"featured_media":18099,"template":"","meta":{"_acf_changed":false},"product_brand":[],"product_cat":[439],"product_tag":[592,586,593],"class_list":{"0":"post-18094","1":"product","2":"type-product","3":"status-publish","4":"has-post-thumbnail","6":"product_cat-via-lux-sk","7":"product_tag-gyalogos","8":"product_tag-lux","9":"product_tag-terasz","11":"first","12":"instock","13":"sold-individually","14":"taxable","15":"shipping-taxable","16":"purchasable","17":"product-type-variable"},"acf":[],"yoast_head":"<!-- This site is optimized with the Yoast SEO plugin v27.4 - https:\/\/yoast.com\/product\/yoast-seo-wordpress\/ -->\n<title>Folio Fino LUX - Viastein<\/title>\n<meta name=\"robots\" content=\"index, follow, max-snippet:-1, max-image-preview:large, max-video-preview:-1\" \/>\n<link rel=\"canonical\" href=\"https:\/\/www.viastein.hu\/sk\/termek\/dekoracne-dlazby\/via-lux-sk\/folio-fino-lux\/\" \/>\n<meta property=\"og:locale\" content=\"sk_SK\" \/>\n<meta property=\"og:type\" content=\"article\" \/>\n<meta property=\"og:title\" content=\"Folio Fino LUX - Viastein\" \/>\n<meta property=\"og:description\" content=\"Terasov\u00e9 platne Folio Fino LUX predstavuj\u00fa dokonal\u00fa jednotku funk\u010dnosti a rafinovan\u00e9ho dizajnu, \u010d\u00edm vytv\u00e1raj\u00fa harmonick\u00fd s\u00falad architekt\u00fary a obytn\u00e9ho prostredia. Ich \u010dist\u00fd vzh\u013ead a prec\u00edzne spracovan\u00fd povrch poskytuj\u00fa pokojn\u00fa, elegantn\u00fa atmosf\u00e9ru ide\u00e1lnu na oddych a na\u010derpanie energie. V pr\u00e9miovom segmente prirodzene podporuje v\u00fdrazy ako luxusn\u00e1 dla\u017eba, pr\u00e9miov\u00e1 dla\u017eba a dizajnov\u00e1 dla\u017eba. Pr\u00e9miov\u00fa kvalitu garantuje technol\u00f3gia [&hellip;]\" \/>\n<meta property=\"og:url\" content=\"https:\/\/www.viastein.hu\/sk\/termek\/dekoracne-dlazby\/via-lux-sk\/folio-fino-lux\/\" \/>\n<meta property=\"og:site_name\" content=\"Viastein\" \/>\n<meta property=\"article:publisher\" content=\"https:\/\/www.facebook.com\/viastein.hu\/\" \/>\n<meta property=\"og:image\" content=\"https:\/\/www.viastein.hu\/wp-content\/uploads\/2026\/02\/260407-folio-fino.webp\" \/>\n\t<meta property=\"og:image:width\" content=\"1200\" \/>\n\t<meta property=\"og:image:height\" content=\"1200\" \/>\n\t<meta property=\"og:image:type\" content=\"image\/webp\" \/>\n<meta name=\"twitter:card\" content=\"summary_large_image\" \/>\n<meta name=\"twitter:label1\" content=\"Predpokladan\u00fd \u010das \u010d\u00edtania\" \/>\n\t<meta name=\"twitter:data1\" content=\"1 min\u00fata\" \/>\n<script type=\"application\/ld+json\" class=\"yoast-schema-graph\">{\"@context\":\"https:\\\/\\\/schema.org\",\"@graph\":[{\"@type\":\"WebPage\",\"@id\":\"https:\\\/\\\/www.viastein.hu\\\/sk\\\/termek\\\/dekoracne-dlazby\\\/via-lux-sk\\\/folio-fino-lux\\\/\",\"url\":\"https:\\\/\\\/www.viastein.hu\\\/sk\\\/termek\\\/dekoracne-dlazby\\\/via-lux-sk\\\/folio-fino-lux\\\/\",\"name\":\"Folio Fino LUX - Viastein\",\"isPartOf\":{\"@id\":\"https:\\\/\\\/www.viastein.hu\\\/sk\\\/#website\"},\"primaryImageOfPage\":{\"@id\":\"https:\\\/\\\/www.viastein.hu\\\/sk\\\/termek\\\/dekoracne-dlazby\\\/via-lux-sk\\\/folio-fino-lux\\\/#primaryimage\"},\"image\":{\"@id\":\"https:\\\/\\\/www.viastein.hu\\\/sk\\\/termek\\\/dekoracne-dlazby\\\/via-lux-sk\\\/folio-fino-lux\\\/#primaryimage\"},\"thumbnailUrl\":\"https:\\\/\\\/www.viastein.hu\\\/wp-content\\\/uploads\\\/2026\\\/02\\\/260407-folio-fino.webp\",\"datePublished\":\"2026-02-13T12:19:23+00:00\",\"breadcrumb\":{\"@id\":\"https:\\\/\\\/www.viastein.hu\\\/sk\\\/termek\\\/dekoracne-dlazby\\\/via-lux-sk\\\/folio-fino-lux\\\/#breadcrumb\"},\"inLanguage\":\"sk-SK\",\"potentialAction\":[{\"@type\":\"ReadAction\",\"target\":[\"https:\\\/\\\/www.viastein.hu\\\/sk\\\/termek\\\/dekoracne-dlazby\\\/via-lux-sk\\\/folio-fino-lux\\\/\"]}]},{\"@type\":\"ImageObject\",\"inLanguage\":\"sk-SK\",\"@id\":\"https:\\\/\\\/www.viastein.hu\\\/sk\\\/termek\\\/dekoracne-dlazby\\\/via-lux-sk\\\/folio-fino-lux\\\/#primaryimage\",\"url\":\"https:\\\/\\\/www.viastein.hu\\\/wp-content\\\/uploads\\\/2026\\\/02\\\/260407-folio-fino.webp\",\"contentUrl\":\"https:\\\/\\\/www.viastein.hu\\\/wp-content\\\/uploads\\\/2026\\\/02\\\/260407-folio-fino.webp\",\"width\":1200,\"height\":1200},{\"@type\":\"BreadcrumbList\",\"@id\":\"https:\\\/\\\/www.viastein.hu\\\/sk\\\/termek\\\/dekoracne-dlazby\\\/via-lux-sk\\\/folio-fino-lux\\\/#breadcrumb\",\"itemListElement\":[{\"@type\":\"ListItem\",\"position\":1,\"name\":\"Viastein\",\"item\":\"https:\\\/\\\/www.viastein.hu\\\/sk\\\/\"},{\"@type\":\"ListItem\",\"position\":2,\"name\":\"Obchod\",\"item\":\"https:\\\/\\\/www.viastein.hu\\\/sk\\\/obchod\\\/\"},{\"@type\":\"ListItem\",\"position\":3,\"name\":\"DEKORA\u010cN\u00c9 DLA\u017dBY\",\"item\":\"https:\\\/\\\/www.viastein.hu\\\/sk\\\/termek-kategoria\\\/dekoracne-dlazby\\\/\"},{\"@type\":\"ListItem\",\"position\":4,\"name\":\"Via LUX\",\"item\":\"https:\\\/\\\/www.viastein.hu\\\/sk\\\/termek-kategoria\\\/dekoracne-dlazby\\\/via-lux-sk\\\/\"},{\"@type\":\"ListItem\",\"position\":5,\"name\":\"Folio Fino LUX\"}]},{\"@type\":\"WebSite\",\"@id\":\"https:\\\/\\\/www.viastein.hu\\\/sk\\\/#website\",\"url\":\"https:\\\/\\\/www.viastein.hu\\\/sk\\\/\",\"name\":\"Viastein\",\"description\":\"D\u00edszburkolatok, falaz\u00f3elemek, vasbeton elemek. Pr\u00e9mium min\u0151s\u00e9gben, hazai rakt\u00e1rb\u00f3l, r\u00f6vid sz\u00e1ll\u00edt\u00e1si hat\u00e1rid\u0151vel.\",\"publisher\":{\"@id\":\"https:\\\/\\\/www.viastein.hu\\\/sk\\\/#organization\"},\"potentialAction\":[{\"@type\":\"SearchAction\",\"target\":{\"@type\":\"EntryPoint\",\"urlTemplate\":\"https:\\\/\\\/www.viastein.hu\\\/sk\\\/?s={search_term_string}\"},\"query-input\":{\"@type\":\"PropertyValueSpecification\",\"valueRequired\":true,\"valueName\":\"search_term_string\"}}],\"inLanguage\":\"sk-SK\"},{\"@type\":\"Organization\",\"@id\":\"https:\\\/\\\/www.viastein.hu\\\/sk\\\/#organization\",\"name\":\"Viastein\",\"url\":\"https:\\\/\\\/www.viastein.hu\\\/sk\\\/\",\"logo\":{\"@type\":\"ImageObject\",\"inLanguage\":\"sk-SK\",\"@id\":\"https:\\\/\\\/www.viastein.hu\\\/sk\\\/#\\\/schema\\\/logo\\\/image\\\/\",\"url\":\"https:\\\/\\\/www.viastein.hu\\\/wp-content\\\/uploads\\\/2024\\\/07\\\/viastein-color-logo-02-2.png\",\"contentUrl\":\"https:\\\/\\\/www.viastein.hu\\\/wp-content\\\/uploads\\\/2024\\\/07\\\/viastein-color-logo-02-2.png\",\"width\":232,\"height\":58,\"caption\":\"Viastein\"},\"image\":{\"@id\":\"https:\\\/\\\/www.viastein.hu\\\/sk\\\/#\\\/schema\\\/logo\\\/image\\\/\"},\"sameAs\":[\"https:\\\/\\\/www.facebook.com\\\/viastein.hu\\\/\",\"https:\\\/\\\/www.instagram.com\\\/viastein_hungary\\\/\",\"https:\\\/\\\/www.youtube.com\\\/@viasteinkft8464\",\"https:\\\/\\\/www.tiktok.com\\\/@viastein_hungary\"]}]}<\/script>\n<!-- \/ Yoast SEO plugin. -->","yoast_head_json":{"title":"Folio Fino LUX - Viastein","robots":{"index":"index","follow":"follow","max-snippet":"max-snippet:-1","max-image-preview":"max-image-preview:large","max-video-preview":"max-video-preview:-1"},"canonical":"https:\/\/www.viastein.hu\/sk\/termek\/dekoracne-dlazby\/via-lux-sk\/folio-fino-lux\/","og_locale":"sk_SK","og_type":"article","og_title":"Folio Fino LUX - Viastein","og_description":"Terasov\u00e9 platne Folio Fino LUX predstavuj\u00fa dokonal\u00fa jednotku funk\u010dnosti a rafinovan\u00e9ho dizajnu, \u010d\u00edm vytv\u00e1raj\u00fa harmonick\u00fd s\u00falad architekt\u00fary a obytn\u00e9ho prostredia. Ich \u010dist\u00fd vzh\u013ead a prec\u00edzne spracovan\u00fd povrch poskytuj\u00fa pokojn\u00fa, elegantn\u00fa atmosf\u00e9ru ide\u00e1lnu na oddych a na\u010derpanie energie. V pr\u00e9miovom segmente prirodzene podporuje v\u00fdrazy ako luxusn\u00e1 dla\u017eba, pr\u00e9miov\u00e1 dla\u017eba a dizajnov\u00e1 dla\u017eba. Pr\u00e9miov\u00fa kvalitu garantuje technol\u00f3gia [&hellip;]","og_url":"https:\/\/www.viastein.hu\/sk\/termek\/dekoracne-dlazby\/via-lux-sk\/folio-fino-lux\/","og_site_name":"Viastein","article_publisher":"https:\/\/www.facebook.com\/viastein.hu\/","og_image":[{"width":1200,"height":1200,"url":"https:\/\/www.viastein.hu\/wp-content\/uploads\/2026\/02\/260407-folio-fino.webp","type":"image\/webp"}],"twitter_card":"summary_large_image","twitter_misc":{"Predpokladan\u00fd \u010das \u010d\u00edtania":"1 min\u00fata"},"schema":{"@context":"https:\/\/schema.org","@graph":[{"@type":"WebPage","@id":"https:\/\/www.viastein.hu\/sk\/termek\/dekoracne-dlazby\/via-lux-sk\/folio-fino-lux\/","url":"https:\/\/www.viastein.hu\/sk\/termek\/dekoracne-dlazby\/via-lux-sk\/folio-fino-lux\/","name":"Folio Fino LUX - Viastein","isPartOf":{"@id":"https:\/\/www.viastein.hu\/sk\/#website"},"primaryImageOfPage":{"@id":"https:\/\/www.viastein.hu\/sk\/termek\/dekoracne-dlazby\/via-lux-sk\/folio-fino-lux\/#primaryimage"},"image":{"@id":"https:\/\/www.viastein.hu\/sk\/termek\/dekoracne-dlazby\/via-lux-sk\/folio-fino-lux\/#primaryimage"},"thumbnailUrl":"https:\/\/www.viastein.hu\/wp-content\/uploads\/2026\/02\/260407-folio-fino.webp","datePublished":"2026-02-13T12:19:23+00:00","breadcrumb":{"@id":"https:\/\/www.viastein.hu\/sk\/termek\/dekoracne-dlazby\/via-lux-sk\/folio-fino-lux\/#breadcrumb"},"inLanguage":"sk-SK","potentialAction":[{"@type":"ReadAction","target":["https:\/\/www.viastein.hu\/sk\/termek\/dekoracne-dlazby\/via-lux-sk\/folio-fino-lux\/"]}]},{"@type":"ImageObject","inLanguage":"sk-SK","@id":"https:\/\/www.viastein.hu\/sk\/termek\/dekoracne-dlazby\/via-lux-sk\/folio-fino-lux\/#primaryimage","url":"https:\/\/www.viastein.hu\/wp-content\/uploads\/2026\/02\/260407-folio-fino.webp","contentUrl":"https:\/\/www.viastein.hu\/wp-content\/uploads\/2026\/02\/260407-folio-fino.webp","width":1200,"height":1200},{"@type":"BreadcrumbList","@id":"https:\/\/www.viastein.hu\/sk\/termek\/dekoracne-dlazby\/via-lux-sk\/folio-fino-lux\/#breadcrumb","itemListElement":[{"@type":"ListItem","position":1,"name":"Viastein","item":"https:\/\/www.viastein.hu\/sk\/"},{"@type":"ListItem","position":2,"name":"Obchod","item":"https:\/\/www.viastein.hu\/sk\/obchod\/"},{"@type":"ListItem","position":3,"name":"DEKORA\u010cN\u00c9 DLA\u017dBY","item":"https:\/\/www.viastein.hu\/sk\/termek-kategoria\/dekoracne-dlazby\/"},{"@type":"ListItem","position":4,"name":"Via LUX","item":"https:\/\/www.viastein.hu\/sk\/termek-kategoria\/dekoracne-dlazby\/via-lux-sk\/"},{"@type":"ListItem","position":5,"name":"Folio Fino LUX"}]},{"@type":"WebSite","@id":"https:\/\/www.viastein.hu\/sk\/#website","url":"https:\/\/www.viastein.hu\/sk\/","name":"Viastein","description":"D\u00edszburkolatok, falaz\u00f3elemek, vasbeton elemek. Pr\u00e9mium min\u0151s\u00e9gben, hazai rakt\u00e1rb\u00f3l, r\u00f6vid sz\u00e1ll\u00edt\u00e1si hat\u00e1rid\u0151vel.","publisher":{"@id":"https:\/\/www.viastein.hu\/sk\/#organization"},"potentialAction":[{"@type":"SearchAction","target":{"@type":"EntryPoint","urlTemplate":"https:\/\/www.viastein.hu\/sk\/?s={search_term_string}"},"query-input":{"@type":"PropertyValueSpecification","valueRequired":true,"valueName":"search_term_string"}}],"inLanguage":"sk-SK"},{"@type":"Organization","@id":"https:\/\/www.viastein.hu\/sk\/#organization","name":"Viastein","url":"https:\/\/www.viastein.hu\/sk\/","logo":{"@type":"ImageObject","inLanguage":"sk-SK","@id":"https:\/\/www.viastein.hu\/sk\/#\/schema\/logo\/image\/","url":"https:\/\/www.viastein.hu\/wp-content\/uploads\/2024\/07\/viastein-color-logo-02-2.png","contentUrl":"https:\/\/www.viastein.hu\/wp-content\/uploads\/2024\/07\/viastein-color-logo-02-2.png","width":232,"height":58,"caption":"Viastein"},"image":{"@id":"https:\/\/www.viastein.hu\/sk\/#\/schema\/logo\/image\/"},"sameAs":["https:\/\/www.facebook.com\/viastein.hu\/","https:\/\/www.instagram.com\/viastein_hungary\/","https:\/\/www.youtube.com\/@viasteinkft8464","https:\/\/www.tiktok.com\/@viastein_hungary"]}]}},"_links":{"self":[{"href":"https:\/\/www.viastein.hu\/sk\/wp-json\/wp\/v2\/product\/18094","targetHints":{"allow":["GET"]}}],"collection":[{"href":"https:\/\/www.viastein.hu\/sk\/wp-json\/wp\/v2\/product"}],"about":[{"href":"https:\/\/www.viastein.hu\/sk\/wp-json\/wp\/v2\/types\/product"}],"wp:featuredmedia":[{"embeddable":true,"href":"https:\/\/www.viastein.hu\/sk\/wp-json\/wp\/v2\/media\/18099"}],"wp:attachment":[{"href":"https:\/\/www.viastein.hu\/sk\/wp-json\/wp\/v2\/media?parent=18094"}],"wp:term":[{"taxonomy":"product_brand","embeddable":true,"href":"https:\/\/www.viastein.hu\/sk\/wp-json\/wp\/v2\/product_brand?post=18094"},{"taxonomy":"product_cat","embeddable":true,"href":"https:\/\/www.viastein.hu\/sk\/wp-json\/wp\/v2\/product_cat?post=18094"},{"taxonomy":"product_tag","embeddable":true,"href":"https:\/\/www.viastein.hu\/sk\/wp-json\/wp\/v2\/product_tag?post=18094"}],"curies":[{"name":"wp","href":"https:\/\/api.w.org\/{rel}","templated":true}]}}