{"id":18023,"date":"2026-02-16T11:16:56","date_gmt":"2026-02-16T09:16:56","guid":{"rendered":"https:\/\/www.viastein.hu\/termek\/nezaraden\u00e9\/imperia-border-lux-obrubnik\/"},"modified":"2026-02-16T11:16:56","modified_gmt":"2026-02-16T09:16:56","slug":"imperia-border-lux-obrubnik","status":"publish","type":"product","link":"https:\/\/www.viastein.hu\/sk\/termek\/dekoracne-dlazby\/via-lux-sk\/imperia-border-lux-obrubnik\/","title":{"rendered":"Imperia Border LUX obrubn\u00edk"},"content":{"rendered":"<p>Obrubn\u00edk Imperia Border LUX je nevyhnutn\u00fdm,<br \/>\nno elegantn\u00fdm doplnkom dla\u017ebov\u00fdch syst\u00e9mov, ktor\u00fd pln\u00ed funk\u010dn\u00fa aj estetick\u00fa \u00falohu. Svoj\u00edm \u010dist\u00fdm vzh\u013eadom zabezpe\u010duje presn\u00e9 ukon\u010denie dla\u017eieb a z\u00e1rove\u0148 vytv\u00e1ra jemn\u00fd prechod medzi dla\u017ebou a okolit\u00fdmi povrchmi \u2013 napr\u00edklad tr\u00e1vnikom. V pr\u00e9miovom segmente prirodzene podporuje v\u00fdrazy ako luxusn\u00e1 dla\u017eba, pr\u00e9miov\u00e1 dla\u017eba a dizajnov\u00e1 dla\u017eba.<br \/>\nRafinovan\u00e1 farebn\u00e1 \u0161k\u00e1la, odtiene ecru a tmav\u00e1 perle\u0165ov\u00e1 siv\u00e1, dokonale lad\u00ed s ostatn\u00fdmi \u010dlenmi produktovej rodiny VIASTEIN LUX, \u010d\u00edm vytv\u00e1ra jednotn\u00fd a vysokokvalitn\u00fd celkov\u00fd dojem.<br \/>\nImperia Border LUX je ide\u00e1lnou vo\u013ebou, ak h\u013ead\u00e1te vysokokvalitn\u00e9 rie\u0161enia aj v detailoch pre upraven\u00fd a n\u00e1ro\u010dn\u00fd celkov\u00fd vzh\u013ead.<\/p>\n","protected":false},"excerpt":{"rendered":"<p>Obrubn\u00edk Imperia Border LUX je nevyhnutn\u00fdm, no elegantn\u00fdm doplnkom dla\u017ebov\u00fdch syst\u00e9mov, ktor\u00fd pln\u00ed funk\u010dn\u00fa aj estetick\u00fa \u00falohu. Svoj\u00edm \u010dist\u00fdm vzh\u013eadom zabezpe\u010duje presn\u00e9 ukon\u010denie dla\u017eieb a z\u00e1rove\u0148 vytv\u00e1ra jemn\u00fd prechod medzi dla\u017ebou a okolit\u00fdmi povrchmi \u2013 napr\u00edklad tr\u00e1vnikom. V pr\u00e9miovom segmente prirodzene podporuje v\u00fdrazy ako luxusn\u00e1 dla\u017eba, pr\u00e9miov\u00e1 dla\u017eba a dizajnov\u00e1 dla\u017eba. Rafinovan\u00e1 farebn\u00e1 \u0161k\u00e1la, odtiene [&hellip;]<\/p>\n","protected":false},"featured_media":18025,"template":"","meta":{"_acf_changed":false},"product_brand":[],"product_cat":[439],"product_tag":[586],"class_list":{"0":"post-18023","1":"product","2":"type-product","3":"status-publish","4":"has-post-thumbnail","6":"product_cat-via-lux-sk","7":"product_tag-lux","9":"first","10":"instock","11":"sold-individually","12":"taxable","13":"shipping-taxable","14":"purchasable","15":"product-type-variable"},"acf":[],"yoast_head":"<!-- This site is optimized with the Yoast SEO plugin v27.4 - https:\/\/yoast.com\/product\/yoast-seo-wordpress\/ -->\n<title>Imperia Border LUX obrubn\u00edk - Viastein<\/title>\n<meta name=\"robots\" content=\"index, follow, max-snippet:-1, max-image-preview:large, max-video-preview:-1\" \/>\n<link rel=\"canonical\" href=\"https:\/\/www.viastein.hu\/sk\/termek\/dekoracne-dlazby\/via-lux-sk\/imperia-border-lux-obrubnik\/\" \/>\n<meta property=\"og:locale\" content=\"sk_SK\" \/>\n<meta property=\"og:type\" content=\"article\" \/>\n<meta property=\"og:title\" content=\"Imperia Border LUX obrubn\u00edk - Viastein\" \/>\n<meta property=\"og:description\" content=\"Obrubn\u00edk Imperia Border LUX je nevyhnutn\u00fdm, no elegantn\u00fdm doplnkom dla\u017ebov\u00fdch syst\u00e9mov, ktor\u00fd pln\u00ed funk\u010dn\u00fa aj estetick\u00fa \u00falohu. Svoj\u00edm \u010dist\u00fdm vzh\u013eadom zabezpe\u010duje presn\u00e9 ukon\u010denie dla\u017eieb a z\u00e1rove\u0148 vytv\u00e1ra jemn\u00fd prechod medzi dla\u017ebou a okolit\u00fdmi povrchmi \u2013 napr\u00edklad tr\u00e1vnikom. V pr\u00e9miovom segmente prirodzene podporuje v\u00fdrazy ako luxusn\u00e1 dla\u017eba, pr\u00e9miov\u00e1 dla\u017eba a dizajnov\u00e1 dla\u017eba. Rafinovan\u00e1 farebn\u00e1 \u0161k\u00e1la, odtiene [&hellip;]\" \/>\n<meta property=\"og:url\" content=\"https:\/\/www.viastein.hu\/sk\/termek\/dekoracne-dlazby\/via-lux-sk\/imperia-border-lux-obrubnik\/\" \/>\n<meta property=\"og:site_name\" content=\"Viastein\" \/>\n<meta property=\"article:publisher\" content=\"https:\/\/www.facebook.com\/viastein.hu\/\" \/>\n<meta property=\"og:image\" content=\"https:\/\/www.viastein.hu\/wp-content\/uploads\/2026\/02\/260407-imperia-border-lux.webp\" \/>\n\t<meta property=\"og:image:width\" content=\"1200\" \/>\n\t<meta property=\"og:image:height\" content=\"1200\" \/>\n\t<meta property=\"og:image:type\" content=\"image\/webp\" \/>\n<meta name=\"twitter:card\" content=\"summary_large_image\" \/>\n<meta name=\"twitter:label1\" content=\"Predpokladan\u00fd \u010das \u010d\u00edtania\" \/>\n\t<meta name=\"twitter:data1\" content=\"1 min\u00fata\" \/>\n<script type=\"application\/ld+json\" class=\"yoast-schema-graph\">{\"@context\":\"https:\\\/\\\/schema.org\",\"@graph\":[{\"@type\":\"WebPage\",\"@id\":\"https:\\\/\\\/www.viastein.hu\\\/sk\\\/termek\\\/dekoracne-dlazby\\\/via-lux-sk\\\/imperia-border-lux-obrubnik\\\/\",\"url\":\"https:\\\/\\\/www.viastein.hu\\\/sk\\\/termek\\\/dekoracne-dlazby\\\/via-lux-sk\\\/imperia-border-lux-obrubnik\\\/\",\"name\":\"Imperia Border LUX obrubn\u00edk - Viastein\",\"isPartOf\":{\"@id\":\"https:\\\/\\\/www.viastein.hu\\\/sk\\\/#website\"},\"primaryImageOfPage\":{\"@id\":\"https:\\\/\\\/www.viastein.hu\\\/sk\\\/termek\\\/dekoracne-dlazby\\\/via-lux-sk\\\/imperia-border-lux-obrubnik\\\/#primaryimage\"},\"image\":{\"@id\":\"https:\\\/\\\/www.viastein.hu\\\/sk\\\/termek\\\/dekoracne-dlazby\\\/via-lux-sk\\\/imperia-border-lux-obrubnik\\\/#primaryimage\"},\"thumbnailUrl\":\"https:\\\/\\\/www.viastein.hu\\\/wp-content\\\/uploads\\\/2026\\\/02\\\/260407-imperia-border-lux.webp\",\"datePublished\":\"2026-02-16T09:16:56+00:00\",\"breadcrumb\":{\"@id\":\"https:\\\/\\\/www.viastein.hu\\\/sk\\\/termek\\\/dekoracne-dlazby\\\/via-lux-sk\\\/imperia-border-lux-obrubnik\\\/#breadcrumb\"},\"inLanguage\":\"sk-SK\",\"potentialAction\":[{\"@type\":\"ReadAction\",\"target\":[\"https:\\\/\\\/www.viastein.hu\\\/sk\\\/termek\\\/dekoracne-dlazby\\\/via-lux-sk\\\/imperia-border-lux-obrubnik\\\/\"]}]},{\"@type\":\"ImageObject\",\"inLanguage\":\"sk-SK\",\"@id\":\"https:\\\/\\\/www.viastein.hu\\\/sk\\\/termek\\\/dekoracne-dlazby\\\/via-lux-sk\\\/imperia-border-lux-obrubnik\\\/#primaryimage\",\"url\":\"https:\\\/\\\/www.viastein.hu\\\/wp-content\\\/uploads\\\/2026\\\/02\\\/260407-imperia-border-lux.webp\",\"contentUrl\":\"https:\\\/\\\/www.viastein.hu\\\/wp-content\\\/uploads\\\/2026\\\/02\\\/260407-imperia-border-lux.webp\",\"width\":1200,\"height\":1200},{\"@type\":\"BreadcrumbList\",\"@id\":\"https:\\\/\\\/www.viastein.hu\\\/sk\\\/termek\\\/dekoracne-dlazby\\\/via-lux-sk\\\/imperia-border-lux-obrubnik\\\/#breadcrumb\",\"itemListElement\":[{\"@type\":\"ListItem\",\"position\":1,\"name\":\"Viastein\",\"item\":\"https:\\\/\\\/www.viastein.hu\\\/sk\\\/\"},{\"@type\":\"ListItem\",\"position\":2,\"name\":\"Obchod\",\"item\":\"https:\\\/\\\/www.viastein.hu\\\/sk\\\/obchod\\\/\"},{\"@type\":\"ListItem\",\"position\":3,\"name\":\"DEKORA\u010cN\u00c9 DLA\u017dBY\",\"item\":\"https:\\\/\\\/www.viastein.hu\\\/sk\\\/termek-kategoria\\\/dekoracne-dlazby\\\/\"},{\"@type\":\"ListItem\",\"position\":4,\"name\":\"Via LUX\",\"item\":\"https:\\\/\\\/www.viastein.hu\\\/sk\\\/termek-kategoria\\\/dekoracne-dlazby\\\/via-lux-sk\\\/\"},{\"@type\":\"ListItem\",\"position\":5,\"name\":\"Imperia Border LUX obrubn\u00edk\"}]},{\"@type\":\"WebSite\",\"@id\":\"https:\\\/\\\/www.viastein.hu\\\/sk\\\/#website\",\"url\":\"https:\\\/\\\/www.viastein.hu\\\/sk\\\/\",\"name\":\"Viastein\",\"description\":\"D\u00edszburkolatok, falaz\u00f3elemek, vasbeton elemek. Pr\u00e9mium min\u0151s\u00e9gben, hazai rakt\u00e1rb\u00f3l, r\u00f6vid sz\u00e1ll\u00edt\u00e1si hat\u00e1rid\u0151vel.\",\"publisher\":{\"@id\":\"https:\\\/\\\/www.viastein.hu\\\/sk\\\/#organization\"},\"potentialAction\":[{\"@type\":\"SearchAction\",\"target\":{\"@type\":\"EntryPoint\",\"urlTemplate\":\"https:\\\/\\\/www.viastein.hu\\\/sk\\\/?s={search_term_string}\"},\"query-input\":{\"@type\":\"PropertyValueSpecification\",\"valueRequired\":true,\"valueName\":\"search_term_string\"}}],\"inLanguage\":\"sk-SK\"},{\"@type\":\"Organization\",\"@id\":\"https:\\\/\\\/www.viastein.hu\\\/sk\\\/#organization\",\"name\":\"Viastein\",\"url\":\"https:\\\/\\\/www.viastein.hu\\\/sk\\\/\",\"logo\":{\"@type\":\"ImageObject\",\"inLanguage\":\"sk-SK\",\"@id\":\"https:\\\/\\\/www.viastein.hu\\\/sk\\\/#\\\/schema\\\/logo\\\/image\\\/\",\"url\":\"https:\\\/\\\/www.viastein.hu\\\/wp-content\\\/uploads\\\/2024\\\/07\\\/viastein-color-logo-02-2.png\",\"contentUrl\":\"https:\\\/\\\/www.viastein.hu\\\/wp-content\\\/uploads\\\/2024\\\/07\\\/viastein-color-logo-02-2.png\",\"width\":232,\"height\":58,\"caption\":\"Viastein\"},\"image\":{\"@id\":\"https:\\\/\\\/www.viastein.hu\\\/sk\\\/#\\\/schema\\\/logo\\\/image\\\/\"},\"sameAs\":[\"https:\\\/\\\/www.facebook.com\\\/viastein.hu\\\/\",\"https:\\\/\\\/www.instagram.com\\\/viastein_hungary\\\/\",\"https:\\\/\\\/www.youtube.com\\\/@viasteinkft8464\",\"https:\\\/\\\/www.tiktok.com\\\/@viastein_hungary\"]}]}<\/script>\n<!-- \/ Yoast SEO plugin. -->","yoast_head_json":{"title":"Imperia Border LUX obrubn\u00edk - Viastein","robots":{"index":"index","follow":"follow","max-snippet":"max-snippet:-1","max-image-preview":"max-image-preview:large","max-video-preview":"max-video-preview:-1"},"canonical":"https:\/\/www.viastein.hu\/sk\/termek\/dekoracne-dlazby\/via-lux-sk\/imperia-border-lux-obrubnik\/","og_locale":"sk_SK","og_type":"article","og_title":"Imperia Border LUX obrubn\u00edk - Viastein","og_description":"Obrubn\u00edk Imperia Border LUX je nevyhnutn\u00fdm, no elegantn\u00fdm doplnkom dla\u017ebov\u00fdch syst\u00e9mov, ktor\u00fd pln\u00ed funk\u010dn\u00fa aj estetick\u00fa \u00falohu. Svoj\u00edm \u010dist\u00fdm vzh\u013eadom zabezpe\u010duje presn\u00e9 ukon\u010denie dla\u017eieb a z\u00e1rove\u0148 vytv\u00e1ra jemn\u00fd prechod medzi dla\u017ebou a okolit\u00fdmi povrchmi \u2013 napr\u00edklad tr\u00e1vnikom. V pr\u00e9miovom segmente prirodzene podporuje v\u00fdrazy ako luxusn\u00e1 dla\u017eba, pr\u00e9miov\u00e1 dla\u017eba a dizajnov\u00e1 dla\u017eba. Rafinovan\u00e1 farebn\u00e1 \u0161k\u00e1la, odtiene [&hellip;]","og_url":"https:\/\/www.viastein.hu\/sk\/termek\/dekoracne-dlazby\/via-lux-sk\/imperia-border-lux-obrubnik\/","og_site_name":"Viastein","article_publisher":"https:\/\/www.facebook.com\/viastein.hu\/","og_image":[{"width":1200,"height":1200,"url":"https:\/\/www.viastein.hu\/wp-content\/uploads\/2026\/02\/260407-imperia-border-lux.webp","type":"image\/webp"}],"twitter_card":"summary_large_image","twitter_misc":{"Predpokladan\u00fd \u010das \u010d\u00edtania":"1 min\u00fata"},"schema":{"@context":"https:\/\/schema.org","@graph":[{"@type":"WebPage","@id":"https:\/\/www.viastein.hu\/sk\/termek\/dekoracne-dlazby\/via-lux-sk\/imperia-border-lux-obrubnik\/","url":"https:\/\/www.viastein.hu\/sk\/termek\/dekoracne-dlazby\/via-lux-sk\/imperia-border-lux-obrubnik\/","name":"Imperia Border LUX obrubn\u00edk - Viastein","isPartOf":{"@id":"https:\/\/www.viastein.hu\/sk\/#website"},"primaryImageOfPage":{"@id":"https:\/\/www.viastein.hu\/sk\/termek\/dekoracne-dlazby\/via-lux-sk\/imperia-border-lux-obrubnik\/#primaryimage"},"image":{"@id":"https:\/\/www.viastein.hu\/sk\/termek\/dekoracne-dlazby\/via-lux-sk\/imperia-border-lux-obrubnik\/#primaryimage"},"thumbnailUrl":"https:\/\/www.viastein.hu\/wp-content\/uploads\/2026\/02\/260407-imperia-border-lux.webp","datePublished":"2026-02-16T09:16:56+00:00","breadcrumb":{"@id":"https:\/\/www.viastein.hu\/sk\/termek\/dekoracne-dlazby\/via-lux-sk\/imperia-border-lux-obrubnik\/#breadcrumb"},"inLanguage":"sk-SK","potentialAction":[{"@type":"ReadAction","target":["https:\/\/www.viastein.hu\/sk\/termek\/dekoracne-dlazby\/via-lux-sk\/imperia-border-lux-obrubnik\/"]}]},{"@type":"ImageObject","inLanguage":"sk-SK","@id":"https:\/\/www.viastein.hu\/sk\/termek\/dekoracne-dlazby\/via-lux-sk\/imperia-border-lux-obrubnik\/#primaryimage","url":"https:\/\/www.viastein.hu\/wp-content\/uploads\/2026\/02\/260407-imperia-border-lux.webp","contentUrl":"https:\/\/www.viastein.hu\/wp-content\/uploads\/2026\/02\/260407-imperia-border-lux.webp","width":1200,"height":1200},{"@type":"BreadcrumbList","@id":"https:\/\/www.viastein.hu\/sk\/termek\/dekoracne-dlazby\/via-lux-sk\/imperia-border-lux-obrubnik\/#breadcrumb","itemListElement":[{"@type":"ListItem","position":1,"name":"Viastein","item":"https:\/\/www.viastein.hu\/sk\/"},{"@type":"ListItem","position":2,"name":"Obchod","item":"https:\/\/www.viastein.hu\/sk\/obchod\/"},{"@type":"ListItem","position":3,"name":"DEKORA\u010cN\u00c9 DLA\u017dBY","item":"https:\/\/www.viastein.hu\/sk\/termek-kategoria\/dekoracne-dlazby\/"},{"@type":"ListItem","position":4,"name":"Via LUX","item":"https:\/\/www.viastein.hu\/sk\/termek-kategoria\/dekoracne-dlazby\/via-lux-sk\/"},{"@type":"ListItem","position":5,"name":"Imperia Border LUX obrubn\u00edk"}]},{"@type":"WebSite","@id":"https:\/\/www.viastein.hu\/sk\/#website","url":"https:\/\/www.viastein.hu\/sk\/","name":"Viastein","description":"D\u00edszburkolatok, falaz\u00f3elemek, vasbeton elemek. Pr\u00e9mium min\u0151s\u00e9gben, hazai rakt\u00e1rb\u00f3l, r\u00f6vid sz\u00e1ll\u00edt\u00e1si hat\u00e1rid\u0151vel.","publisher":{"@id":"https:\/\/www.viastein.hu\/sk\/#organization"},"potentialAction":[{"@type":"SearchAction","target":{"@type":"EntryPoint","urlTemplate":"https:\/\/www.viastein.hu\/sk\/?s={search_term_string}"},"query-input":{"@type":"PropertyValueSpecification","valueRequired":true,"valueName":"search_term_string"}}],"inLanguage":"sk-SK"},{"@type":"Organization","@id":"https:\/\/www.viastein.hu\/sk\/#organization","name":"Viastein","url":"https:\/\/www.viastein.hu\/sk\/","logo":{"@type":"ImageObject","inLanguage":"sk-SK","@id":"https:\/\/www.viastein.hu\/sk\/#\/schema\/logo\/image\/","url":"https:\/\/www.viastein.hu\/wp-content\/uploads\/2024\/07\/viastein-color-logo-02-2.png","contentUrl":"https:\/\/www.viastein.hu\/wp-content\/uploads\/2024\/07\/viastein-color-logo-02-2.png","width":232,"height":58,"caption":"Viastein"},"image":{"@id":"https:\/\/www.viastein.hu\/sk\/#\/schema\/logo\/image\/"},"sameAs":["https:\/\/www.facebook.com\/viastein.hu\/","https:\/\/www.instagram.com\/viastein_hungary\/","https:\/\/www.youtube.com\/@viasteinkft8464","https:\/\/www.tiktok.com\/@viastein_hungary"]}]}},"_links":{"self":[{"href":"https:\/\/www.viastein.hu\/sk\/wp-json\/wp\/v2\/product\/18023","targetHints":{"allow":["GET"]}}],"collection":[{"href":"https:\/\/www.viastein.hu\/sk\/wp-json\/wp\/v2\/product"}],"about":[{"href":"https:\/\/www.viastein.hu\/sk\/wp-json\/wp\/v2\/types\/product"}],"wp:featuredmedia":[{"embeddable":true,"href":"https:\/\/www.viastein.hu\/sk\/wp-json\/wp\/v2\/media\/18025"}],"wp:attachment":[{"href":"https:\/\/www.viastein.hu\/sk\/wp-json\/wp\/v2\/media?parent=18023"}],"wp:term":[{"taxonomy":"product_brand","embeddable":true,"href":"https:\/\/www.viastein.hu\/sk\/wp-json\/wp\/v2\/product_brand?post=18023"},{"taxonomy":"product_cat","embeddable":true,"href":"https:\/\/www.viastein.hu\/sk\/wp-json\/wp\/v2\/product_cat?post=18023"},{"taxonomy":"product_tag","embeddable":true,"href":"https:\/\/www.viastein.hu\/sk\/wp-json\/wp\/v2\/product_tag?post=18023"}],"curies":[{"name":"wp","href":"https:\/\/api.w.org\/{rel}","templated":true}]}}