{"id":18015,"date":"2026-02-16T11:45:38","date_gmt":"2026-02-16T09:45:38","guid":{"rendered":"https:\/\/www.viastein.hu\/termek\/nezaraden\u00e9\/imperia-step-lux-blokove-schody\/"},"modified":"2026-02-16T11:45:38","modified_gmt":"2026-02-16T09:45:38","slug":"imperia-step-lux-blokove-schody","status":"publish","type":"product","link":"https:\/\/www.viastein.hu\/sk\/termek\/dekoracne-dlazby\/via-lux-sk\/imperia-step-lux-blokove-schody\/","title":{"rendered":"Imperia Step LUX blokov\u00e9 schody"},"content":{"rendered":"<p>Blokov\u00e9 schody Imperia Step LUX s\u00fa dokonal\u00fdm doplnkom dla\u017eieb VIASTEIN LUX a prin\u00e1\u0161aj\u00fa jednoduch\u00e9, pohodln\u00e9 rie\u0161enie aj rafinovan\u00fd vzh\u013ead. Povrchov\u00e9 vyhotovenie zodpoved\u00e1 povrchu dla\u017eieb VIASTEIN LUX. Komfortn\u00e1 v\u00fd\u0161ka kroku zjednodu\u0161uje budovanie z\u00e1hradn\u00fdch schodov a z\u00e1rove\u0148 esteticky zapad\u00e1 do luxusn\u00e9ho prostredia. V pr\u00e9miovom segmente prirodzene podporuje v\u00fdrazy ako luxusn\u00e1 dla\u017eba, pr\u00e9miov\u00e1 dla\u017eba a dizajnov\u00e1 dla\u017eba.<\/p>\n<p>\u010cist\u00e9 l\u00ednie a presn\u00e9 rozmery harmonicky prep\u00e1jaj\u00fa z\u00e1hradu, budovu a r\u00f4zne spevnen\u00e9 plochy. Farebnos\u0165 ladiaca s produktovou rodinou VIASTEIN LUX vytv\u00e1ra jednotn\u00fd, vysokokvalitn\u00fd celkov\u00fd dojem. Vo farb\u00e1ch ecru a tmav\u00e1 perle\u0165ov\u00e1 siv\u00e1 je ide\u00e1lnou vo\u013ebou k dla\u017eb\u00e1m VIASTEIN LUX.<\/p>\n<p>O trv\u00e1cnos\u0165 povrchu a nad\u010dasov\u00fd vzh\u013ead sa star\u00e1 technol\u00f3gia CleanProtect, v\u010faka \u010domu je Imperia Step LUX v\u00fdnimo\u010dnou vo\u013ebou nielen z estetick\u00e9ho, ale aj technick\u00e9ho h\u013eadiska.<\/p>\n","protected":false},"excerpt":{"rendered":"<p>Blokov\u00e9 schody Imperia Step LUX s\u00fa dokonal\u00fdm doplnkom dla\u017eieb VIASTEIN LUX a prin\u00e1\u0161aj\u00fa jednoduch\u00e9, pohodln\u00e9 rie\u0161enie aj rafinovan\u00fd vzh\u013ead. Povrchov\u00e9 vyhotovenie zodpoved\u00e1 povrchu dla\u017eieb VIASTEIN LUX. Komfortn\u00e1 v\u00fd\u0161ka kroku zjednodu\u0161uje budovanie z\u00e1hradn\u00fdch schodov a z\u00e1rove\u0148 esteticky zapad\u00e1 do luxusn\u00e9ho prostredia. V pr\u00e9miovom segmente prirodzene podporuje v\u00fdrazy ako luxusn\u00e1 dla\u017eba, pr\u00e9miov\u00e1 dla\u017eba a dizajnov\u00e1 dla\u017eba. \u010cist\u00e9 [&hellip;]<\/p>\n","protected":false},"featured_media":18020,"template":"","meta":{"_acf_changed":false},"product_brand":[],"product_cat":[439],"product_tag":[591,586],"class_list":{"0":"post-18015","1":"product","2":"type-product","3":"status-publish","4":"has-post-thumbnail","6":"product_cat-via-lux-sk","7":"product_tag-clean-and-color-protect","8":"product_tag-lux","10":"first","11":"instock","12":"sold-individually","13":"taxable","14":"shipping-taxable","15":"purchasable","16":"product-type-variable"},"acf":[],"yoast_head":"<!-- This site is optimized with the Yoast SEO plugin v27.4 - https:\/\/yoast.com\/product\/yoast-seo-wordpress\/ -->\n<title>Imperia Step LUX blokov\u00e9 schody - Viastein<\/title>\n<meta name=\"robots\" content=\"index, follow, max-snippet:-1, max-image-preview:large, max-video-preview:-1\" \/>\n<link rel=\"canonical\" href=\"https:\/\/www.viastein.hu\/sk\/termek\/dekoracne-dlazby\/via-lux-sk\/imperia-step-lux-blokove-schody\/\" \/>\n<meta property=\"og:locale\" content=\"sk_SK\" \/>\n<meta property=\"og:type\" content=\"article\" \/>\n<meta property=\"og:title\" content=\"Imperia Step LUX blokov\u00e9 schody - Viastein\" \/>\n<meta property=\"og:description\" content=\"Blokov\u00e9 schody Imperia Step LUX s\u00fa dokonal\u00fdm doplnkom dla\u017eieb VIASTEIN LUX a prin\u00e1\u0161aj\u00fa jednoduch\u00e9, pohodln\u00e9 rie\u0161enie aj rafinovan\u00fd vzh\u013ead. Povrchov\u00e9 vyhotovenie zodpoved\u00e1 povrchu dla\u017eieb VIASTEIN LUX. Komfortn\u00e1 v\u00fd\u0161ka kroku zjednodu\u0161uje budovanie z\u00e1hradn\u00fdch schodov a z\u00e1rove\u0148 esteticky zapad\u00e1 do luxusn\u00e9ho prostredia. V pr\u00e9miovom segmente prirodzene podporuje v\u00fdrazy ako luxusn\u00e1 dla\u017eba, pr\u00e9miov\u00e1 dla\u017eba a dizajnov\u00e1 dla\u017eba. \u010cist\u00e9 [&hellip;]\" \/>\n<meta property=\"og:url\" content=\"https:\/\/www.viastein.hu\/sk\/termek\/dekoracne-dlazby\/via-lux-sk\/imperia-step-lux-blokove-schody\/\" \/>\n<meta property=\"og:site_name\" content=\"Viastein\" \/>\n<meta property=\"article:publisher\" content=\"https:\/\/www.facebook.com\/viastein.hu\/\" \/>\n<meta property=\"og:image\" content=\"https:\/\/www.viastein.hu\/wp-content\/uploads\/2026\/02\/260407-imperia-step.webp\" \/>\n\t<meta property=\"og:image:width\" content=\"1200\" \/>\n\t<meta property=\"og:image:height\" content=\"1200\" \/>\n\t<meta property=\"og:image:type\" content=\"image\/webp\" \/>\n<meta name=\"twitter:card\" content=\"summary_large_image\" \/>\n<meta name=\"twitter:label1\" content=\"Predpokladan\u00fd \u010das \u010d\u00edtania\" \/>\n\t<meta name=\"twitter:data1\" content=\"1 min\u00fata\" \/>\n<script type=\"application\/ld+json\" class=\"yoast-schema-graph\">{\"@context\":\"https:\\\/\\\/schema.org\",\"@graph\":[{\"@type\":\"WebPage\",\"@id\":\"https:\\\/\\\/www.viastein.hu\\\/sk\\\/termek\\\/dekoracne-dlazby\\\/via-lux-sk\\\/imperia-step-lux-blokove-schody\\\/\",\"url\":\"https:\\\/\\\/www.viastein.hu\\\/sk\\\/termek\\\/dekoracne-dlazby\\\/via-lux-sk\\\/imperia-step-lux-blokove-schody\\\/\",\"name\":\"Imperia Step LUX blokov\u00e9 schody - Viastein\",\"isPartOf\":{\"@id\":\"https:\\\/\\\/www.viastein.hu\\\/sk\\\/#website\"},\"primaryImageOfPage\":{\"@id\":\"https:\\\/\\\/www.viastein.hu\\\/sk\\\/termek\\\/dekoracne-dlazby\\\/via-lux-sk\\\/imperia-step-lux-blokove-schody\\\/#primaryimage\"},\"image\":{\"@id\":\"https:\\\/\\\/www.viastein.hu\\\/sk\\\/termek\\\/dekoracne-dlazby\\\/via-lux-sk\\\/imperia-step-lux-blokove-schody\\\/#primaryimage\"},\"thumbnailUrl\":\"https:\\\/\\\/www.viastein.hu\\\/wp-content\\\/uploads\\\/2026\\\/02\\\/260407-imperia-step.webp\",\"datePublished\":\"2026-02-16T09:45:38+00:00\",\"breadcrumb\":{\"@id\":\"https:\\\/\\\/www.viastein.hu\\\/sk\\\/termek\\\/dekoracne-dlazby\\\/via-lux-sk\\\/imperia-step-lux-blokove-schody\\\/#breadcrumb\"},\"inLanguage\":\"sk-SK\",\"potentialAction\":[{\"@type\":\"ReadAction\",\"target\":[\"https:\\\/\\\/www.viastein.hu\\\/sk\\\/termek\\\/dekoracne-dlazby\\\/via-lux-sk\\\/imperia-step-lux-blokove-schody\\\/\"]}]},{\"@type\":\"ImageObject\",\"inLanguage\":\"sk-SK\",\"@id\":\"https:\\\/\\\/www.viastein.hu\\\/sk\\\/termek\\\/dekoracne-dlazby\\\/via-lux-sk\\\/imperia-step-lux-blokove-schody\\\/#primaryimage\",\"url\":\"https:\\\/\\\/www.viastein.hu\\\/wp-content\\\/uploads\\\/2026\\\/02\\\/260407-imperia-step.webp\",\"contentUrl\":\"https:\\\/\\\/www.viastein.hu\\\/wp-content\\\/uploads\\\/2026\\\/02\\\/260407-imperia-step.webp\",\"width\":1200,\"height\":1200},{\"@type\":\"BreadcrumbList\",\"@id\":\"https:\\\/\\\/www.viastein.hu\\\/sk\\\/termek\\\/dekoracne-dlazby\\\/via-lux-sk\\\/imperia-step-lux-blokove-schody\\\/#breadcrumb\",\"itemListElement\":[{\"@type\":\"ListItem\",\"position\":1,\"name\":\"Viastein\",\"item\":\"https:\\\/\\\/www.viastein.hu\\\/sk\\\/\"},{\"@type\":\"ListItem\",\"position\":2,\"name\":\"Obchod\",\"item\":\"https:\\\/\\\/www.viastein.hu\\\/sk\\\/obchod\\\/\"},{\"@type\":\"ListItem\",\"position\":3,\"name\":\"DEKORA\u010cN\u00c9 DLA\u017dBY\",\"item\":\"https:\\\/\\\/www.viastein.hu\\\/sk\\\/termek-kategoria\\\/dekoracne-dlazby\\\/\"},{\"@type\":\"ListItem\",\"position\":4,\"name\":\"Via LUX\",\"item\":\"https:\\\/\\\/www.viastein.hu\\\/sk\\\/termek-kategoria\\\/dekoracne-dlazby\\\/via-lux-sk\\\/\"},{\"@type\":\"ListItem\",\"position\":5,\"name\":\"Imperia Step LUX blokov\u00e9 schody\"}]},{\"@type\":\"WebSite\",\"@id\":\"https:\\\/\\\/www.viastein.hu\\\/sk\\\/#website\",\"url\":\"https:\\\/\\\/www.viastein.hu\\\/sk\\\/\",\"name\":\"Viastein\",\"description\":\"D\u00edszburkolatok, falaz\u00f3elemek, vasbeton elemek. Pr\u00e9mium min\u0151s\u00e9gben, hazai rakt\u00e1rb\u00f3l, r\u00f6vid sz\u00e1ll\u00edt\u00e1si hat\u00e1rid\u0151vel.\",\"publisher\":{\"@id\":\"https:\\\/\\\/www.viastein.hu\\\/sk\\\/#organization\"},\"potentialAction\":[{\"@type\":\"SearchAction\",\"target\":{\"@type\":\"EntryPoint\",\"urlTemplate\":\"https:\\\/\\\/www.viastein.hu\\\/sk\\\/?s={search_term_string}\"},\"query-input\":{\"@type\":\"PropertyValueSpecification\",\"valueRequired\":true,\"valueName\":\"search_term_string\"}}],\"inLanguage\":\"sk-SK\"},{\"@type\":\"Organization\",\"@id\":\"https:\\\/\\\/www.viastein.hu\\\/sk\\\/#organization\",\"name\":\"Viastein\",\"url\":\"https:\\\/\\\/www.viastein.hu\\\/sk\\\/\",\"logo\":{\"@type\":\"ImageObject\",\"inLanguage\":\"sk-SK\",\"@id\":\"https:\\\/\\\/www.viastein.hu\\\/sk\\\/#\\\/schema\\\/logo\\\/image\\\/\",\"url\":\"https:\\\/\\\/www.viastein.hu\\\/wp-content\\\/uploads\\\/2024\\\/07\\\/viastein-color-logo-02-2.png\",\"contentUrl\":\"https:\\\/\\\/www.viastein.hu\\\/wp-content\\\/uploads\\\/2024\\\/07\\\/viastein-color-logo-02-2.png\",\"width\":232,\"height\":58,\"caption\":\"Viastein\"},\"image\":{\"@id\":\"https:\\\/\\\/www.viastein.hu\\\/sk\\\/#\\\/schema\\\/logo\\\/image\\\/\"},\"sameAs\":[\"https:\\\/\\\/www.facebook.com\\\/viastein.hu\\\/\",\"https:\\\/\\\/www.instagram.com\\\/viastein_hungary\\\/\",\"https:\\\/\\\/www.youtube.com\\\/@viasteinkft8464\",\"https:\\\/\\\/www.tiktok.com\\\/@viastein_hungary\"]}]}<\/script>\n<!-- \/ Yoast SEO plugin. -->","yoast_head_json":{"title":"Imperia Step LUX blokov\u00e9 schody - Viastein","robots":{"index":"index","follow":"follow","max-snippet":"max-snippet:-1","max-image-preview":"max-image-preview:large","max-video-preview":"max-video-preview:-1"},"canonical":"https:\/\/www.viastein.hu\/sk\/termek\/dekoracne-dlazby\/via-lux-sk\/imperia-step-lux-blokove-schody\/","og_locale":"sk_SK","og_type":"article","og_title":"Imperia Step LUX blokov\u00e9 schody - Viastein","og_description":"Blokov\u00e9 schody Imperia Step LUX s\u00fa dokonal\u00fdm doplnkom dla\u017eieb VIASTEIN LUX a prin\u00e1\u0161aj\u00fa jednoduch\u00e9, pohodln\u00e9 rie\u0161enie aj rafinovan\u00fd vzh\u013ead. Povrchov\u00e9 vyhotovenie zodpoved\u00e1 povrchu dla\u017eieb VIASTEIN LUX. Komfortn\u00e1 v\u00fd\u0161ka kroku zjednodu\u0161uje budovanie z\u00e1hradn\u00fdch schodov a z\u00e1rove\u0148 esteticky zapad\u00e1 do luxusn\u00e9ho prostredia. V pr\u00e9miovom segmente prirodzene podporuje v\u00fdrazy ako luxusn\u00e1 dla\u017eba, pr\u00e9miov\u00e1 dla\u017eba a dizajnov\u00e1 dla\u017eba. \u010cist\u00e9 [&hellip;]","og_url":"https:\/\/www.viastein.hu\/sk\/termek\/dekoracne-dlazby\/via-lux-sk\/imperia-step-lux-blokove-schody\/","og_site_name":"Viastein","article_publisher":"https:\/\/www.facebook.com\/viastein.hu\/","og_image":[{"width":1200,"height":1200,"url":"https:\/\/www.viastein.hu\/wp-content\/uploads\/2026\/02\/260407-imperia-step.webp","type":"image\/webp"}],"twitter_card":"summary_large_image","twitter_misc":{"Predpokladan\u00fd \u010das \u010d\u00edtania":"1 min\u00fata"},"schema":{"@context":"https:\/\/schema.org","@graph":[{"@type":"WebPage","@id":"https:\/\/www.viastein.hu\/sk\/termek\/dekoracne-dlazby\/via-lux-sk\/imperia-step-lux-blokove-schody\/","url":"https:\/\/www.viastein.hu\/sk\/termek\/dekoracne-dlazby\/via-lux-sk\/imperia-step-lux-blokove-schody\/","name":"Imperia Step LUX blokov\u00e9 schody - Viastein","isPartOf":{"@id":"https:\/\/www.viastein.hu\/sk\/#website"},"primaryImageOfPage":{"@id":"https:\/\/www.viastein.hu\/sk\/termek\/dekoracne-dlazby\/via-lux-sk\/imperia-step-lux-blokove-schody\/#primaryimage"},"image":{"@id":"https:\/\/www.viastein.hu\/sk\/termek\/dekoracne-dlazby\/via-lux-sk\/imperia-step-lux-blokove-schody\/#primaryimage"},"thumbnailUrl":"https:\/\/www.viastein.hu\/wp-content\/uploads\/2026\/02\/260407-imperia-step.webp","datePublished":"2026-02-16T09:45:38+00:00","breadcrumb":{"@id":"https:\/\/www.viastein.hu\/sk\/termek\/dekoracne-dlazby\/via-lux-sk\/imperia-step-lux-blokove-schody\/#breadcrumb"},"inLanguage":"sk-SK","potentialAction":[{"@type":"ReadAction","target":["https:\/\/www.viastein.hu\/sk\/termek\/dekoracne-dlazby\/via-lux-sk\/imperia-step-lux-blokove-schody\/"]}]},{"@type":"ImageObject","inLanguage":"sk-SK","@id":"https:\/\/www.viastein.hu\/sk\/termek\/dekoracne-dlazby\/via-lux-sk\/imperia-step-lux-blokove-schody\/#primaryimage","url":"https:\/\/www.viastein.hu\/wp-content\/uploads\/2026\/02\/260407-imperia-step.webp","contentUrl":"https:\/\/www.viastein.hu\/wp-content\/uploads\/2026\/02\/260407-imperia-step.webp","width":1200,"height":1200},{"@type":"BreadcrumbList","@id":"https:\/\/www.viastein.hu\/sk\/termek\/dekoracne-dlazby\/via-lux-sk\/imperia-step-lux-blokove-schody\/#breadcrumb","itemListElement":[{"@type":"ListItem","position":1,"name":"Viastein","item":"https:\/\/www.viastein.hu\/sk\/"},{"@type":"ListItem","position":2,"name":"Obchod","item":"https:\/\/www.viastein.hu\/sk\/obchod\/"},{"@type":"ListItem","position":3,"name":"DEKORA\u010cN\u00c9 DLA\u017dBY","item":"https:\/\/www.viastein.hu\/sk\/termek-kategoria\/dekoracne-dlazby\/"},{"@type":"ListItem","position":4,"name":"Via LUX","item":"https:\/\/www.viastein.hu\/sk\/termek-kategoria\/dekoracne-dlazby\/via-lux-sk\/"},{"@type":"ListItem","position":5,"name":"Imperia Step LUX blokov\u00e9 schody"}]},{"@type":"WebSite","@id":"https:\/\/www.viastein.hu\/sk\/#website","url":"https:\/\/www.viastein.hu\/sk\/","name":"Viastein","description":"D\u00edszburkolatok, falaz\u00f3elemek, vasbeton elemek. Pr\u00e9mium min\u0151s\u00e9gben, hazai rakt\u00e1rb\u00f3l, r\u00f6vid sz\u00e1ll\u00edt\u00e1si hat\u00e1rid\u0151vel.","publisher":{"@id":"https:\/\/www.viastein.hu\/sk\/#organization"},"potentialAction":[{"@type":"SearchAction","target":{"@type":"EntryPoint","urlTemplate":"https:\/\/www.viastein.hu\/sk\/?s={search_term_string}"},"query-input":{"@type":"PropertyValueSpecification","valueRequired":true,"valueName":"search_term_string"}}],"inLanguage":"sk-SK"},{"@type":"Organization","@id":"https:\/\/www.viastein.hu\/sk\/#organization","name":"Viastein","url":"https:\/\/www.viastein.hu\/sk\/","logo":{"@type":"ImageObject","inLanguage":"sk-SK","@id":"https:\/\/www.viastein.hu\/sk\/#\/schema\/logo\/image\/","url":"https:\/\/www.viastein.hu\/wp-content\/uploads\/2024\/07\/viastein-color-logo-02-2.png","contentUrl":"https:\/\/www.viastein.hu\/wp-content\/uploads\/2024\/07\/viastein-color-logo-02-2.png","width":232,"height":58,"caption":"Viastein"},"image":{"@id":"https:\/\/www.viastein.hu\/sk\/#\/schema\/logo\/image\/"},"sameAs":["https:\/\/www.facebook.com\/viastein.hu\/","https:\/\/www.instagram.com\/viastein_hungary\/","https:\/\/www.youtube.com\/@viasteinkft8464","https:\/\/www.tiktok.com\/@viastein_hungary"]}]}},"_links":{"self":[{"href":"https:\/\/www.viastein.hu\/sk\/wp-json\/wp\/v2\/product\/18015","targetHints":{"allow":["GET"]}}],"collection":[{"href":"https:\/\/www.viastein.hu\/sk\/wp-json\/wp\/v2\/product"}],"about":[{"href":"https:\/\/www.viastein.hu\/sk\/wp-json\/wp\/v2\/types\/product"}],"wp:featuredmedia":[{"embeddable":true,"href":"https:\/\/www.viastein.hu\/sk\/wp-json\/wp\/v2\/media\/18020"}],"wp:attachment":[{"href":"https:\/\/www.viastein.hu\/sk\/wp-json\/wp\/v2\/media?parent=18015"}],"wp:term":[{"taxonomy":"product_brand","embeddable":true,"href":"https:\/\/www.viastein.hu\/sk\/wp-json\/wp\/v2\/product_brand?post=18015"},{"taxonomy":"product_cat","embeddable":true,"href":"https:\/\/www.viastein.hu\/sk\/wp-json\/wp\/v2\/product_cat?post=18015"},{"taxonomy":"product_tag","embeddable":true,"href":"https:\/\/www.viastein.hu\/sk\/wp-json\/wp\/v2\/product_tag?post=18015"}],"curies":[{"name":"wp","href":"https:\/\/api.w.org\/{rel}","templated":true}]}}