{"id":17988,"date":"2024-08-01T13:46:39","date_gmt":"2024-08-01T11:46:39","guid":{"rendered":"https:\/\/www.viastein.hu\/termek\/nezaraden\u00e9\/lunetto\/"},"modified":"2024-08-01T13:46:39","modified_gmt":"2024-08-01T11:46:39","slug":"lunetto","status":"publish","type":"product","link":"https:\/\/www.viastein.hu\/sk\/termek\/dekoracne-dlazby\/zahradne-doplnky\/kvetinace\/lunetto\/","title":{"rendered":"Lunetto"},"content":{"rendered":"<p>A LUNETTO n\u00f6v\u00e9nykos\u00e1r-n\u00f6v\u00e9nyt\u00e1mfal csal\u00e1di h\u00e1zak kertj\u00e9nek, k\u00f6zter\u00fcletek parkjainak l\u00e1tv\u00e1nyos \u00e9s eszt\u00e9tikus eleme. Alakj\u00e1b\u00f3l ad\u00f3d\u00f3an b\u00e1rmilyen egyenes, \u00edves vagy k\u00f6r alak\u00fa falazat, kiemelt n\u00f6v\u00e9ny\u00e1gy\u00e1s, n\u00f6v\u00e9nyt\u00e1mfal kialak\u00edthat\u00f3.<\/p>\n","protected":false},"excerpt":{"rendered":"<p>A LUNETTO n\u00f6v\u00e9nykos\u00e1r-n\u00f6v\u00e9nyt\u00e1mfal csal\u00e1di h\u00e1zak kertj\u00e9nek, k\u00f6zter\u00fcletek parkjainak l\u00e1tv\u00e1nyos \u00e9s eszt\u00e9tikus eleme. Alakj\u00e1b\u00f3l ad\u00f3d\u00f3an b\u00e1rmilyen egyenes, \u00edves vagy k\u00f6r alak\u00fa falazat, kiemelt n\u00f6v\u00e9ny\u00e1gy\u00e1s, n\u00f6v\u00e9nyt\u00e1mfal kialak\u00edthat\u00f3.<\/p>\n","protected":false},"featured_media":17989,"template":"","meta":{"_acf_changed":false},"product_brand":[],"product_cat":[412,394],"product_tag":[589],"class_list":{"0":"post-17988","1":"product","2":"type-product","3":"status-publish","4":"has-post-thumbnail","6":"product_cat-kvetinace","7":"product_cat-zahradne-doplnky","8":"product_tag-via26","10":"first","11":"instock","12":"sold-individually","13":"taxable","14":"shipping-taxable","15":"purchasable","16":"product-type-variable"},"acf":[],"yoast_head":"<!-- This site is optimized with the Yoast SEO plugin v27.4 - https:\/\/yoast.com\/product\/yoast-seo-wordpress\/ -->\n<title>Lunetto - Viastein<\/title>\n<meta name=\"robots\" content=\"index, follow, max-snippet:-1, max-image-preview:large, max-video-preview:-1\" \/>\n<link rel=\"canonical\" href=\"https:\/\/www.viastein.hu\/sk\/termek\/dekoracne-dlazby\/zahradne-doplnky\/kvetinace\/lunetto\/\" \/>\n<meta property=\"og:locale\" content=\"sk_SK\" \/>\n<meta property=\"og:type\" content=\"article\" \/>\n<meta property=\"og:title\" content=\"Lunetto - Viastein\" \/>\n<meta property=\"og:description\" content=\"A LUNETTO n\u00f6v\u00e9nykos\u00e1r-n\u00f6v\u00e9nyt\u00e1mfal csal\u00e1di h\u00e1zak kertj\u00e9nek, k\u00f6zter\u00fcletek parkjainak l\u00e1tv\u00e1nyos \u00e9s eszt\u00e9tikus eleme. Alakj\u00e1b\u00f3l ad\u00f3d\u00f3an b\u00e1rmilyen egyenes, \u00edves vagy k\u00f6r alak\u00fa falazat, kiemelt n\u00f6v\u00e9ny\u00e1gy\u00e1s, n\u00f6v\u00e9nyt\u00e1mfal kialak\u00edthat\u00f3.\" \/>\n<meta property=\"og:url\" content=\"https:\/\/www.viastein.hu\/sk\/termek\/dekoracne-dlazby\/zahradne-doplnky\/kvetinace\/lunetto\/\" \/>\n<meta property=\"og:site_name\" content=\"Viastein\" \/>\n<meta property=\"article:publisher\" content=\"https:\/\/www.facebook.com\/viastein.hu\/\" \/>\n<meta property=\"og:image\" content=\"https:\/\/www.viastein.hu\/wp-content\/uploads\/2024\/08\/img1-12.jpg\" \/>\n\t<meta property=\"og:image:width\" content=\"1200\" \/>\n\t<meta property=\"og:image:height\" content=\"1600\" \/>\n\t<meta property=\"og:image:type\" content=\"image\/jpeg\" \/>\n<meta name=\"twitter:card\" content=\"summary_large_image\" \/>\n<script type=\"application\/ld+json\" class=\"yoast-schema-graph\">{\"@context\":\"https:\\\/\\\/schema.org\",\"@graph\":[{\"@type\":\"WebPage\",\"@id\":\"https:\\\/\\\/www.viastein.hu\\\/sk\\\/termek\\\/dekoracne-dlazby\\\/zahradne-doplnky\\\/kvetinace\\\/lunetto\\\/\",\"url\":\"https:\\\/\\\/www.viastein.hu\\\/sk\\\/termek\\\/dekoracne-dlazby\\\/zahradne-doplnky\\\/kvetinace\\\/lunetto\\\/\",\"name\":\"Lunetto - Viastein\",\"isPartOf\":{\"@id\":\"https:\\\/\\\/www.viastein.hu\\\/sk\\\/#website\"},\"primaryImageOfPage\":{\"@id\":\"https:\\\/\\\/www.viastein.hu\\\/sk\\\/termek\\\/dekoracne-dlazby\\\/zahradne-doplnky\\\/kvetinace\\\/lunetto\\\/#primaryimage\"},\"image\":{\"@id\":\"https:\\\/\\\/www.viastein.hu\\\/sk\\\/termek\\\/dekoracne-dlazby\\\/zahradne-doplnky\\\/kvetinace\\\/lunetto\\\/#primaryimage\"},\"thumbnailUrl\":\"https:\\\/\\\/www.viastein.hu\\\/wp-content\\\/uploads\\\/2024\\\/08\\\/img1-12.jpg\",\"datePublished\":\"2024-08-01T11:46:39+00:00\",\"breadcrumb\":{\"@id\":\"https:\\\/\\\/www.viastein.hu\\\/sk\\\/termek\\\/dekoracne-dlazby\\\/zahradne-doplnky\\\/kvetinace\\\/lunetto\\\/#breadcrumb\"},\"inLanguage\":\"sk-SK\",\"potentialAction\":[{\"@type\":\"ReadAction\",\"target\":[\"https:\\\/\\\/www.viastein.hu\\\/sk\\\/termek\\\/dekoracne-dlazby\\\/zahradne-doplnky\\\/kvetinace\\\/lunetto\\\/\"]}]},{\"@type\":\"ImageObject\",\"inLanguage\":\"sk-SK\",\"@id\":\"https:\\\/\\\/www.viastein.hu\\\/sk\\\/termek\\\/dekoracne-dlazby\\\/zahradne-doplnky\\\/kvetinace\\\/lunetto\\\/#primaryimage\",\"url\":\"https:\\\/\\\/www.viastein.hu\\\/wp-content\\\/uploads\\\/2024\\\/08\\\/img1-12.jpg\",\"contentUrl\":\"https:\\\/\\\/www.viastein.hu\\\/wp-content\\\/uploads\\\/2024\\\/08\\\/img1-12.jpg\",\"width\":1200,\"height\":1600},{\"@type\":\"BreadcrumbList\",\"@id\":\"https:\\\/\\\/www.viastein.hu\\\/sk\\\/termek\\\/dekoracne-dlazby\\\/zahradne-doplnky\\\/kvetinace\\\/lunetto\\\/#breadcrumb\",\"itemListElement\":[{\"@type\":\"ListItem\",\"position\":1,\"name\":\"Viastein\",\"item\":\"https:\\\/\\\/www.viastein.hu\\\/sk\\\/\"},{\"@type\":\"ListItem\",\"position\":2,\"name\":\"Obchod\",\"item\":\"https:\\\/\\\/www.viastein.hu\\\/sk\\\/obchod\\\/\"},{\"@type\":\"ListItem\",\"position\":3,\"name\":\"DEKORA\u010cN\u00c9 DLA\u017dBY\",\"item\":\"https:\\\/\\\/www.viastein.hu\\\/sk\\\/termek-kategoria\\\/dekoracne-dlazby\\\/\"},{\"@type\":\"ListItem\",\"position\":4,\"name\":\"Z\u00e1hradn\u00e9 doplnky\",\"item\":\"https:\\\/\\\/www.viastein.hu\\\/sk\\\/termek-kategoria\\\/dekoracne-dlazby\\\/zahradne-doplnky\\\/\"},{\"@type\":\"ListItem\",\"position\":5,\"name\":\"Lunetto\"}]},{\"@type\":\"WebSite\",\"@id\":\"https:\\\/\\\/www.viastein.hu\\\/sk\\\/#website\",\"url\":\"https:\\\/\\\/www.viastein.hu\\\/sk\\\/\",\"name\":\"Viastein\",\"description\":\"D\u00edszburkolatok, falaz\u00f3elemek, vasbeton elemek. Pr\u00e9mium min\u0151s\u00e9gben, hazai rakt\u00e1rb\u00f3l, r\u00f6vid sz\u00e1ll\u00edt\u00e1si hat\u00e1rid\u0151vel.\",\"publisher\":{\"@id\":\"https:\\\/\\\/www.viastein.hu\\\/sk\\\/#organization\"},\"potentialAction\":[{\"@type\":\"SearchAction\",\"target\":{\"@type\":\"EntryPoint\",\"urlTemplate\":\"https:\\\/\\\/www.viastein.hu\\\/sk\\\/?s={search_term_string}\"},\"query-input\":{\"@type\":\"PropertyValueSpecification\",\"valueRequired\":true,\"valueName\":\"search_term_string\"}}],\"inLanguage\":\"sk-SK\"},{\"@type\":\"Organization\",\"@id\":\"https:\\\/\\\/www.viastein.hu\\\/sk\\\/#organization\",\"name\":\"Viastein\",\"url\":\"https:\\\/\\\/www.viastein.hu\\\/sk\\\/\",\"logo\":{\"@type\":\"ImageObject\",\"inLanguage\":\"sk-SK\",\"@id\":\"https:\\\/\\\/www.viastein.hu\\\/sk\\\/#\\\/schema\\\/logo\\\/image\\\/\",\"url\":\"https:\\\/\\\/www.viastein.hu\\\/wp-content\\\/uploads\\\/2024\\\/07\\\/viastein-color-logo-02-2.png\",\"contentUrl\":\"https:\\\/\\\/www.viastein.hu\\\/wp-content\\\/uploads\\\/2024\\\/07\\\/viastein-color-logo-02-2.png\",\"width\":232,\"height\":58,\"caption\":\"Viastein\"},\"image\":{\"@id\":\"https:\\\/\\\/www.viastein.hu\\\/sk\\\/#\\\/schema\\\/logo\\\/image\\\/\"},\"sameAs\":[\"https:\\\/\\\/www.facebook.com\\\/viastein.hu\\\/\",\"https:\\\/\\\/www.instagram.com\\\/viastein_hungary\\\/\",\"https:\\\/\\\/www.youtube.com\\\/@viasteinkft8464\",\"https:\\\/\\\/www.tiktok.com\\\/@viastein_hungary\"]}]}<\/script>\n<!-- \/ Yoast SEO plugin. -->","yoast_head_json":{"title":"Lunetto - Viastein","robots":{"index":"index","follow":"follow","max-snippet":"max-snippet:-1","max-image-preview":"max-image-preview:large","max-video-preview":"max-video-preview:-1"},"canonical":"https:\/\/www.viastein.hu\/sk\/termek\/dekoracne-dlazby\/zahradne-doplnky\/kvetinace\/lunetto\/","og_locale":"sk_SK","og_type":"article","og_title":"Lunetto - Viastein","og_description":"A LUNETTO n\u00f6v\u00e9nykos\u00e1r-n\u00f6v\u00e9nyt\u00e1mfal csal\u00e1di h\u00e1zak kertj\u00e9nek, k\u00f6zter\u00fcletek parkjainak l\u00e1tv\u00e1nyos \u00e9s eszt\u00e9tikus eleme. Alakj\u00e1b\u00f3l ad\u00f3d\u00f3an b\u00e1rmilyen egyenes, \u00edves vagy k\u00f6r alak\u00fa falazat, kiemelt n\u00f6v\u00e9ny\u00e1gy\u00e1s, n\u00f6v\u00e9nyt\u00e1mfal kialak\u00edthat\u00f3.","og_url":"https:\/\/www.viastein.hu\/sk\/termek\/dekoracne-dlazby\/zahradne-doplnky\/kvetinace\/lunetto\/","og_site_name":"Viastein","article_publisher":"https:\/\/www.facebook.com\/viastein.hu\/","og_image":[{"width":1200,"height":1600,"url":"https:\/\/www.viastein.hu\/wp-content\/uploads\/2024\/08\/img1-12.jpg","type":"image\/jpeg"}],"twitter_card":"summary_large_image","schema":{"@context":"https:\/\/schema.org","@graph":[{"@type":"WebPage","@id":"https:\/\/www.viastein.hu\/sk\/termek\/dekoracne-dlazby\/zahradne-doplnky\/kvetinace\/lunetto\/","url":"https:\/\/www.viastein.hu\/sk\/termek\/dekoracne-dlazby\/zahradne-doplnky\/kvetinace\/lunetto\/","name":"Lunetto - Viastein","isPartOf":{"@id":"https:\/\/www.viastein.hu\/sk\/#website"},"primaryImageOfPage":{"@id":"https:\/\/www.viastein.hu\/sk\/termek\/dekoracne-dlazby\/zahradne-doplnky\/kvetinace\/lunetto\/#primaryimage"},"image":{"@id":"https:\/\/www.viastein.hu\/sk\/termek\/dekoracne-dlazby\/zahradne-doplnky\/kvetinace\/lunetto\/#primaryimage"},"thumbnailUrl":"https:\/\/www.viastein.hu\/wp-content\/uploads\/2024\/08\/img1-12.jpg","datePublished":"2024-08-01T11:46:39+00:00","breadcrumb":{"@id":"https:\/\/www.viastein.hu\/sk\/termek\/dekoracne-dlazby\/zahradne-doplnky\/kvetinace\/lunetto\/#breadcrumb"},"inLanguage":"sk-SK","potentialAction":[{"@type":"ReadAction","target":["https:\/\/www.viastein.hu\/sk\/termek\/dekoracne-dlazby\/zahradne-doplnky\/kvetinace\/lunetto\/"]}]},{"@type":"ImageObject","inLanguage":"sk-SK","@id":"https:\/\/www.viastein.hu\/sk\/termek\/dekoracne-dlazby\/zahradne-doplnky\/kvetinace\/lunetto\/#primaryimage","url":"https:\/\/www.viastein.hu\/wp-content\/uploads\/2024\/08\/img1-12.jpg","contentUrl":"https:\/\/www.viastein.hu\/wp-content\/uploads\/2024\/08\/img1-12.jpg","width":1200,"height":1600},{"@type":"BreadcrumbList","@id":"https:\/\/www.viastein.hu\/sk\/termek\/dekoracne-dlazby\/zahradne-doplnky\/kvetinace\/lunetto\/#breadcrumb","itemListElement":[{"@type":"ListItem","position":1,"name":"Viastein","item":"https:\/\/www.viastein.hu\/sk\/"},{"@type":"ListItem","position":2,"name":"Obchod","item":"https:\/\/www.viastein.hu\/sk\/obchod\/"},{"@type":"ListItem","position":3,"name":"DEKORA\u010cN\u00c9 DLA\u017dBY","item":"https:\/\/www.viastein.hu\/sk\/termek-kategoria\/dekoracne-dlazby\/"},{"@type":"ListItem","position":4,"name":"Z\u00e1hradn\u00e9 doplnky","item":"https:\/\/www.viastein.hu\/sk\/termek-kategoria\/dekoracne-dlazby\/zahradne-doplnky\/"},{"@type":"ListItem","position":5,"name":"Lunetto"}]},{"@type":"WebSite","@id":"https:\/\/www.viastein.hu\/sk\/#website","url":"https:\/\/www.viastein.hu\/sk\/","name":"Viastein","description":"D\u00edszburkolatok, falaz\u00f3elemek, vasbeton elemek. Pr\u00e9mium min\u0151s\u00e9gben, hazai rakt\u00e1rb\u00f3l, r\u00f6vid sz\u00e1ll\u00edt\u00e1si hat\u00e1rid\u0151vel.","publisher":{"@id":"https:\/\/www.viastein.hu\/sk\/#organization"},"potentialAction":[{"@type":"SearchAction","target":{"@type":"EntryPoint","urlTemplate":"https:\/\/www.viastein.hu\/sk\/?s={search_term_string}"},"query-input":{"@type":"PropertyValueSpecification","valueRequired":true,"valueName":"search_term_string"}}],"inLanguage":"sk-SK"},{"@type":"Organization","@id":"https:\/\/www.viastein.hu\/sk\/#organization","name":"Viastein","url":"https:\/\/www.viastein.hu\/sk\/","logo":{"@type":"ImageObject","inLanguage":"sk-SK","@id":"https:\/\/www.viastein.hu\/sk\/#\/schema\/logo\/image\/","url":"https:\/\/www.viastein.hu\/wp-content\/uploads\/2024\/07\/viastein-color-logo-02-2.png","contentUrl":"https:\/\/www.viastein.hu\/wp-content\/uploads\/2024\/07\/viastein-color-logo-02-2.png","width":232,"height":58,"caption":"Viastein"},"image":{"@id":"https:\/\/www.viastein.hu\/sk\/#\/schema\/logo\/image\/"},"sameAs":["https:\/\/www.facebook.com\/viastein.hu\/","https:\/\/www.instagram.com\/viastein_hungary\/","https:\/\/www.youtube.com\/@viasteinkft8464","https:\/\/www.tiktok.com\/@viastein_hungary"]}]}},"_links":{"self":[{"href":"https:\/\/www.viastein.hu\/sk\/wp-json\/wp\/v2\/product\/17988","targetHints":{"allow":["GET"]}}],"collection":[{"href":"https:\/\/www.viastein.hu\/sk\/wp-json\/wp\/v2\/product"}],"about":[{"href":"https:\/\/www.viastein.hu\/sk\/wp-json\/wp\/v2\/types\/product"}],"wp:featuredmedia":[{"embeddable":true,"href":"https:\/\/www.viastein.hu\/sk\/wp-json\/wp\/v2\/media\/17989"}],"wp:attachment":[{"href":"https:\/\/www.viastein.hu\/sk\/wp-json\/wp\/v2\/media?parent=17988"}],"wp:term":[{"taxonomy":"product_brand","embeddable":true,"href":"https:\/\/www.viastein.hu\/sk\/wp-json\/wp\/v2\/product_brand?post=17988"},{"taxonomy":"product_cat","embeddable":true,"href":"https:\/\/www.viastein.hu\/sk\/wp-json\/wp\/v2\/product_cat?post=17988"},{"taxonomy":"product_tag","embeddable":true,"href":"https:\/\/www.viastein.hu\/sk\/wp-json\/wp\/v2\/product_tag?post=17988"}],"curies":[{"name":"wp","href":"https:\/\/api.w.org\/{rel}","templated":true}]}}