{"id":17971,"date":"2024-08-01T13:46:39","date_gmt":"2024-08-01T11:46:39","guid":{"rendered":"https:\/\/www.viastein.hu\/termek\/nezaraden\u00e9\/mattone-tres\/"},"modified":"2024-08-01T13:46:39","modified_gmt":"2024-08-01T11:46:39","slug":"mattone-tres","status":"publish","type":"product","link":"https:\/\/www.viastein.hu\/sk\/termek\/dekoracne-dlazby\/steny-plotove-systemy\/mattone-tres\/","title":{"rendered":"Mattone Tres"},"content":{"rendered":"<p>M\u00fary a plotov\u00e9 syst\u00e9my Murovac\u00ed blok MATTONE TRES v\u010faka \u0161tiepan\u00e9mu povrchu vytvoren\u00e9mu technol\u00f3giou VIA+ prin\u00e1\u0161a do okrasn\u00fdch z\u00e1hrad a parkov pestr\u00fa farebnos\u0165<br \/>\na atmosf\u00e9ru pr\u00edrodn\u00fdch kame\u0148ov. Jeho tri prvky<br \/>\ns r\u00f4znou d\u013a\u017ekou str\u00e1n umo\u017e\u0148uj\u00fa budovanie protihlukov\u00fdch a deliaciich stien, vyv\u00fd\u0161en\u00fdch z\u00e1honov alebo z\u00e1hradn\u00fdch jazierok. Doplnkov\u00e9 syst\u00e9mov\u00e9 prvky zv\u00fdraz\u0148uj\u00fa a individualizuj\u00fa zabudovan\u00e9 priestory. Charakter postaven\u00e9mu murivu dod\u00e1va pr\u00edrodn\u00fd farebn\u00fd odtie\u0148. Murovacie bloky MATTONE TRES maj\u00fa dve pozd\u013a\u017ene strany so \u0161tiepan\u00fdm povrchom. Stavebn\u00e9 strany s\u00fa hladk\u00e9, preto s\u00fa optim\u00e1lne pou\u017eite\u013en\u00e9 na n\u00edzke alebo deliace m\u00fary a vyv\u00fd\u0161en\u00e9 z\u00e1hony.<br \/>\nS\u00fa tie\u017e vhodn\u00fdm rie\u0161en\u00edm pre bet\u00f3nov\u00fd plot, plotov\u00e9 syst\u00e9my, plotov\u00e9 tv\u00e1rnice aj oporn\u00fd m\u00far.<br \/>\nDoplnkov\u00e9 a ukon\u010dovacie prvky n\u00e1\u0161ho stenov\u00e9ho syst\u00e9mu MATTONE TRES dotv\u00e1raj\u00fa a zv\u00fdraz\u0148uj\u00fa steny, vyv\u00fd\u0161en\u00e9 z\u00e1hony a m\u00fary z blokov v dvoroch, parkoch a z\u00e1hrad\u00e1ch. Krycie dosky so \u0161tiepan\u00fdm \u0161trukt\u00farovan\u00fdm povrchom vyroben\u00fdm technol\u00f3giou VIA+ uzatv\u00e1raj\u00fa a chr\u00e1nia horn\u00fa plochu vyv\u00fd\u0161en\u00e9ho z\u00e1honu alebo deliaceho m\u00faru pred nepriazniv\u00fdmi vplyvmi po\u010dasia a z\u00e1rove\u0148 mu dod\u00e1vaj\u00fa estetick\u00fd a charakteristick\u00fd vzh\u013ead. Rohov\u00fd prvok dop\u013a\u0148a zmenu smeru krycej dosky dokonal\u00fdm napojen\u00edm muriva pod uhlom. Koncov\u00fd prvok krycej dosky dotv\u00e1ra posledn\u00e9 ukon\u010denie deliacej steny a rob\u00ed stavbu \u00faplnou<br \/>\na estetickou.<\/p>\n<p>&nbsp;<\/p>\n","protected":false},"excerpt":{"rendered":"<p>M\u00fary a plotov\u00e9 syst\u00e9my Murovac\u00ed blok MATTONE TRES v\u010faka \u0161tiepan\u00e9mu povrchu vytvoren\u00e9mu technol\u00f3giou VIA+ prin\u00e1\u0161a do okrasn\u00fdch z\u00e1hrad a parkov pestr\u00fa farebnos\u0165 a atmosf\u00e9ru pr\u00edrodn\u00fdch kame\u0148ov. Jeho tri prvky s r\u00f4znou d\u013a\u017ekou str\u00e1n umo\u017e\u0148uj\u00fa budovanie protihlukov\u00fdch a deliaciich stien, vyv\u00fd\u0161en\u00fdch z\u00e1honov alebo z\u00e1hradn\u00fdch jazierok. Doplnkov\u00e9 syst\u00e9mov\u00e9 prvky zv\u00fdraz\u0148uj\u00fa a individualizuj\u00fa zabudovan\u00e9 priestory. Charakter postaven\u00e9mu murivu [&hellip;]<\/p>\n","protected":false},"featured_media":17972,"template":"","meta":{"_acf_changed":false},"product_brand":[],"product_cat":[385],"product_tag":[589],"class_list":{"0":"post-17971","1":"product","2":"type-product","3":"status-publish","4":"has-post-thumbnail","6":"product_cat-steny-plotove-systemy","7":"product_tag-via26","9":"first","10":"instock","11":"sold-individually","12":"taxable","13":"shipping-taxable","14":"purchasable","15":"product-type-variable"},"acf":[],"yoast_head":"<!-- This site is optimized with the Yoast SEO plugin v27.4 - https:\/\/yoast.com\/product\/yoast-seo-wordpress\/ -->\n<title>Mattone Tres - Viastein<\/title>\n<meta name=\"robots\" content=\"index, follow, max-snippet:-1, max-image-preview:large, max-video-preview:-1\" \/>\n<link rel=\"canonical\" href=\"https:\/\/www.viastein.hu\/sk\/termek\/dekoracne-dlazby\/steny-plotove-systemy\/mattone-tres\/\" \/>\n<meta property=\"og:locale\" content=\"sk_SK\" \/>\n<meta property=\"og:type\" content=\"article\" \/>\n<meta property=\"og:title\" content=\"Mattone Tres - Viastein\" \/>\n<meta property=\"og:description\" content=\"M\u00fary a plotov\u00e9 syst\u00e9my Murovac\u00ed blok MATTONE TRES v\u010faka \u0161tiepan\u00e9mu povrchu vytvoren\u00e9mu technol\u00f3giou VIA+ prin\u00e1\u0161a do okrasn\u00fdch z\u00e1hrad a parkov pestr\u00fa farebnos\u0165 a atmosf\u00e9ru pr\u00edrodn\u00fdch kame\u0148ov. Jeho tri prvky s r\u00f4znou d\u013a\u017ekou str\u00e1n umo\u017e\u0148uj\u00fa budovanie protihlukov\u00fdch a deliaciich stien, vyv\u00fd\u0161en\u00fdch z\u00e1honov alebo z\u00e1hradn\u00fdch jazierok. Doplnkov\u00e9 syst\u00e9mov\u00e9 prvky zv\u00fdraz\u0148uj\u00fa a individualizuj\u00fa zabudovan\u00e9 priestory. Charakter postaven\u00e9mu murivu [&hellip;]\" \/>\n<meta property=\"og:url\" content=\"https:\/\/www.viastein.hu\/sk\/termek\/dekoracne-dlazby\/steny-plotove-systemy\/mattone-tres\/\" \/>\n<meta property=\"og:site_name\" content=\"Viastein\" \/>\n<meta property=\"article:publisher\" content=\"https:\/\/www.facebook.com\/viastein.hu\/\" \/>\n<meta property=\"og:image\" content=\"https:\/\/www.viastein.hu\/wp-content\/uploads\/2024\/08\/img1-13.jpg\" \/>\n\t<meta property=\"og:image:width\" content=\"1200\" \/>\n\t<meta property=\"og:image:height\" content=\"1600\" \/>\n\t<meta property=\"og:image:type\" content=\"image\/jpeg\" \/>\n<meta name=\"twitter:card\" content=\"summary_large_image\" \/>\n<meta name=\"twitter:label1\" content=\"Predpokladan\u00fd \u010das \u010d\u00edtania\" \/>\n\t<meta name=\"twitter:data1\" content=\"1 min\u00fata\" \/>\n<script type=\"application\/ld+json\" class=\"yoast-schema-graph\">{\"@context\":\"https:\\\/\\\/schema.org\",\"@graph\":[{\"@type\":\"WebPage\",\"@id\":\"https:\\\/\\\/www.viastein.hu\\\/sk\\\/termek\\\/dekoracne-dlazby\\\/steny-plotove-systemy\\\/mattone-tres\\\/\",\"url\":\"https:\\\/\\\/www.viastein.hu\\\/sk\\\/termek\\\/dekoracne-dlazby\\\/steny-plotove-systemy\\\/mattone-tres\\\/\",\"name\":\"Mattone Tres - Viastein\",\"isPartOf\":{\"@id\":\"https:\\\/\\\/www.viastein.hu\\\/sk\\\/#website\"},\"primaryImageOfPage\":{\"@id\":\"https:\\\/\\\/www.viastein.hu\\\/sk\\\/termek\\\/dekoracne-dlazby\\\/steny-plotove-systemy\\\/mattone-tres\\\/#primaryimage\"},\"image\":{\"@id\":\"https:\\\/\\\/www.viastein.hu\\\/sk\\\/termek\\\/dekoracne-dlazby\\\/steny-plotove-systemy\\\/mattone-tres\\\/#primaryimage\"},\"thumbnailUrl\":\"https:\\\/\\\/www.viastein.hu\\\/wp-content\\\/uploads\\\/2024\\\/08\\\/img1-13.jpg\",\"datePublished\":\"2024-08-01T11:46:39+00:00\",\"breadcrumb\":{\"@id\":\"https:\\\/\\\/www.viastein.hu\\\/sk\\\/termek\\\/dekoracne-dlazby\\\/steny-plotove-systemy\\\/mattone-tres\\\/#breadcrumb\"},\"inLanguage\":\"sk-SK\",\"potentialAction\":[{\"@type\":\"ReadAction\",\"target\":[\"https:\\\/\\\/www.viastein.hu\\\/sk\\\/termek\\\/dekoracne-dlazby\\\/steny-plotove-systemy\\\/mattone-tres\\\/\"]}]},{\"@type\":\"ImageObject\",\"inLanguage\":\"sk-SK\",\"@id\":\"https:\\\/\\\/www.viastein.hu\\\/sk\\\/termek\\\/dekoracne-dlazby\\\/steny-plotove-systemy\\\/mattone-tres\\\/#primaryimage\",\"url\":\"https:\\\/\\\/www.viastein.hu\\\/wp-content\\\/uploads\\\/2024\\\/08\\\/img1-13.jpg\",\"contentUrl\":\"https:\\\/\\\/www.viastein.hu\\\/wp-content\\\/uploads\\\/2024\\\/08\\\/img1-13.jpg\",\"width\":1200,\"height\":1600},{\"@type\":\"BreadcrumbList\",\"@id\":\"https:\\\/\\\/www.viastein.hu\\\/sk\\\/termek\\\/dekoracne-dlazby\\\/steny-plotove-systemy\\\/mattone-tres\\\/#breadcrumb\",\"itemListElement\":[{\"@type\":\"ListItem\",\"position\":1,\"name\":\"Viastein\",\"item\":\"https:\\\/\\\/www.viastein.hu\\\/sk\\\/\"},{\"@type\":\"ListItem\",\"position\":2,\"name\":\"Obchod\",\"item\":\"https:\\\/\\\/www.viastein.hu\\\/sk\\\/obchod\\\/\"},{\"@type\":\"ListItem\",\"position\":3,\"name\":\"DEKORA\u010cN\u00c9 DLA\u017dBY\",\"item\":\"https:\\\/\\\/www.viastein.hu\\\/sk\\\/termek-kategoria\\\/dekoracne-dlazby\\\/\"},{\"@type\":\"ListItem\",\"position\":4,\"name\":\"Steny, plotov\u00e9 syst\u00e9my\",\"item\":\"https:\\\/\\\/www.viastein.hu\\\/sk\\\/termek-kategoria\\\/dekoracne-dlazby\\\/steny-plotove-systemy\\\/\"},{\"@type\":\"ListItem\",\"position\":5,\"name\":\"Mattone Tres\"}]},{\"@type\":\"WebSite\",\"@id\":\"https:\\\/\\\/www.viastein.hu\\\/sk\\\/#website\",\"url\":\"https:\\\/\\\/www.viastein.hu\\\/sk\\\/\",\"name\":\"Viastein\",\"description\":\"D\u00edszburkolatok, falaz\u00f3elemek, vasbeton elemek. Pr\u00e9mium min\u0151s\u00e9gben, hazai rakt\u00e1rb\u00f3l, r\u00f6vid sz\u00e1ll\u00edt\u00e1si hat\u00e1rid\u0151vel.\",\"publisher\":{\"@id\":\"https:\\\/\\\/www.viastein.hu\\\/sk\\\/#organization\"},\"potentialAction\":[{\"@type\":\"SearchAction\",\"target\":{\"@type\":\"EntryPoint\",\"urlTemplate\":\"https:\\\/\\\/www.viastein.hu\\\/sk\\\/?s={search_term_string}\"},\"query-input\":{\"@type\":\"PropertyValueSpecification\",\"valueRequired\":true,\"valueName\":\"search_term_string\"}}],\"inLanguage\":\"sk-SK\"},{\"@type\":\"Organization\",\"@id\":\"https:\\\/\\\/www.viastein.hu\\\/sk\\\/#organization\",\"name\":\"Viastein\",\"url\":\"https:\\\/\\\/www.viastein.hu\\\/sk\\\/\",\"logo\":{\"@type\":\"ImageObject\",\"inLanguage\":\"sk-SK\",\"@id\":\"https:\\\/\\\/www.viastein.hu\\\/sk\\\/#\\\/schema\\\/logo\\\/image\\\/\",\"url\":\"https:\\\/\\\/www.viastein.hu\\\/wp-content\\\/uploads\\\/2024\\\/07\\\/viastein-color-logo-02-2.png\",\"contentUrl\":\"https:\\\/\\\/www.viastein.hu\\\/wp-content\\\/uploads\\\/2024\\\/07\\\/viastein-color-logo-02-2.png\",\"width\":232,\"height\":58,\"caption\":\"Viastein\"},\"image\":{\"@id\":\"https:\\\/\\\/www.viastein.hu\\\/sk\\\/#\\\/schema\\\/logo\\\/image\\\/\"},\"sameAs\":[\"https:\\\/\\\/www.facebook.com\\\/viastein.hu\\\/\",\"https:\\\/\\\/www.instagram.com\\\/viastein_hungary\\\/\",\"https:\\\/\\\/www.youtube.com\\\/@viasteinkft8464\",\"https:\\\/\\\/www.tiktok.com\\\/@viastein_hungary\"]}]}<\/script>\n<!-- \/ Yoast SEO plugin. -->","yoast_head_json":{"title":"Mattone Tres - Viastein","robots":{"index":"index","follow":"follow","max-snippet":"max-snippet:-1","max-image-preview":"max-image-preview:large","max-video-preview":"max-video-preview:-1"},"canonical":"https:\/\/www.viastein.hu\/sk\/termek\/dekoracne-dlazby\/steny-plotove-systemy\/mattone-tres\/","og_locale":"sk_SK","og_type":"article","og_title":"Mattone Tres - Viastein","og_description":"M\u00fary a plotov\u00e9 syst\u00e9my Murovac\u00ed blok MATTONE TRES v\u010faka \u0161tiepan\u00e9mu povrchu vytvoren\u00e9mu technol\u00f3giou VIA+ prin\u00e1\u0161a do okrasn\u00fdch z\u00e1hrad a parkov pestr\u00fa farebnos\u0165 a atmosf\u00e9ru pr\u00edrodn\u00fdch kame\u0148ov. Jeho tri prvky s r\u00f4znou d\u013a\u017ekou str\u00e1n umo\u017e\u0148uj\u00fa budovanie protihlukov\u00fdch a deliaciich stien, vyv\u00fd\u0161en\u00fdch z\u00e1honov alebo z\u00e1hradn\u00fdch jazierok. Doplnkov\u00e9 syst\u00e9mov\u00e9 prvky zv\u00fdraz\u0148uj\u00fa a individualizuj\u00fa zabudovan\u00e9 priestory. Charakter postaven\u00e9mu murivu [&hellip;]","og_url":"https:\/\/www.viastein.hu\/sk\/termek\/dekoracne-dlazby\/steny-plotove-systemy\/mattone-tres\/","og_site_name":"Viastein","article_publisher":"https:\/\/www.facebook.com\/viastein.hu\/","og_image":[{"width":1200,"height":1600,"url":"https:\/\/www.viastein.hu\/wp-content\/uploads\/2024\/08\/img1-13.jpg","type":"image\/jpeg"}],"twitter_card":"summary_large_image","twitter_misc":{"Predpokladan\u00fd \u010das \u010d\u00edtania":"1 min\u00fata"},"schema":{"@context":"https:\/\/schema.org","@graph":[{"@type":"WebPage","@id":"https:\/\/www.viastein.hu\/sk\/termek\/dekoracne-dlazby\/steny-plotove-systemy\/mattone-tres\/","url":"https:\/\/www.viastein.hu\/sk\/termek\/dekoracne-dlazby\/steny-plotove-systemy\/mattone-tres\/","name":"Mattone Tres - Viastein","isPartOf":{"@id":"https:\/\/www.viastein.hu\/sk\/#website"},"primaryImageOfPage":{"@id":"https:\/\/www.viastein.hu\/sk\/termek\/dekoracne-dlazby\/steny-plotove-systemy\/mattone-tres\/#primaryimage"},"image":{"@id":"https:\/\/www.viastein.hu\/sk\/termek\/dekoracne-dlazby\/steny-plotove-systemy\/mattone-tres\/#primaryimage"},"thumbnailUrl":"https:\/\/www.viastein.hu\/wp-content\/uploads\/2024\/08\/img1-13.jpg","datePublished":"2024-08-01T11:46:39+00:00","breadcrumb":{"@id":"https:\/\/www.viastein.hu\/sk\/termek\/dekoracne-dlazby\/steny-plotove-systemy\/mattone-tres\/#breadcrumb"},"inLanguage":"sk-SK","potentialAction":[{"@type":"ReadAction","target":["https:\/\/www.viastein.hu\/sk\/termek\/dekoracne-dlazby\/steny-plotove-systemy\/mattone-tres\/"]}]},{"@type":"ImageObject","inLanguage":"sk-SK","@id":"https:\/\/www.viastein.hu\/sk\/termek\/dekoracne-dlazby\/steny-plotove-systemy\/mattone-tres\/#primaryimage","url":"https:\/\/www.viastein.hu\/wp-content\/uploads\/2024\/08\/img1-13.jpg","contentUrl":"https:\/\/www.viastein.hu\/wp-content\/uploads\/2024\/08\/img1-13.jpg","width":1200,"height":1600},{"@type":"BreadcrumbList","@id":"https:\/\/www.viastein.hu\/sk\/termek\/dekoracne-dlazby\/steny-plotove-systemy\/mattone-tres\/#breadcrumb","itemListElement":[{"@type":"ListItem","position":1,"name":"Viastein","item":"https:\/\/www.viastein.hu\/sk\/"},{"@type":"ListItem","position":2,"name":"Obchod","item":"https:\/\/www.viastein.hu\/sk\/obchod\/"},{"@type":"ListItem","position":3,"name":"DEKORA\u010cN\u00c9 DLA\u017dBY","item":"https:\/\/www.viastein.hu\/sk\/termek-kategoria\/dekoracne-dlazby\/"},{"@type":"ListItem","position":4,"name":"Steny, plotov\u00e9 syst\u00e9my","item":"https:\/\/www.viastein.hu\/sk\/termek-kategoria\/dekoracne-dlazby\/steny-plotove-systemy\/"},{"@type":"ListItem","position":5,"name":"Mattone Tres"}]},{"@type":"WebSite","@id":"https:\/\/www.viastein.hu\/sk\/#website","url":"https:\/\/www.viastein.hu\/sk\/","name":"Viastein","description":"D\u00edszburkolatok, falaz\u00f3elemek, vasbeton elemek. Pr\u00e9mium min\u0151s\u00e9gben, hazai rakt\u00e1rb\u00f3l, r\u00f6vid sz\u00e1ll\u00edt\u00e1si hat\u00e1rid\u0151vel.","publisher":{"@id":"https:\/\/www.viastein.hu\/sk\/#organization"},"potentialAction":[{"@type":"SearchAction","target":{"@type":"EntryPoint","urlTemplate":"https:\/\/www.viastein.hu\/sk\/?s={search_term_string}"},"query-input":{"@type":"PropertyValueSpecification","valueRequired":true,"valueName":"search_term_string"}}],"inLanguage":"sk-SK"},{"@type":"Organization","@id":"https:\/\/www.viastein.hu\/sk\/#organization","name":"Viastein","url":"https:\/\/www.viastein.hu\/sk\/","logo":{"@type":"ImageObject","inLanguage":"sk-SK","@id":"https:\/\/www.viastein.hu\/sk\/#\/schema\/logo\/image\/","url":"https:\/\/www.viastein.hu\/wp-content\/uploads\/2024\/07\/viastein-color-logo-02-2.png","contentUrl":"https:\/\/www.viastein.hu\/wp-content\/uploads\/2024\/07\/viastein-color-logo-02-2.png","width":232,"height":58,"caption":"Viastein"},"image":{"@id":"https:\/\/www.viastein.hu\/sk\/#\/schema\/logo\/image\/"},"sameAs":["https:\/\/www.facebook.com\/viastein.hu\/","https:\/\/www.instagram.com\/viastein_hungary\/","https:\/\/www.youtube.com\/@viasteinkft8464","https:\/\/www.tiktok.com\/@viastein_hungary"]}]}},"_links":{"self":[{"href":"https:\/\/www.viastein.hu\/sk\/wp-json\/wp\/v2\/product\/17971","targetHints":{"allow":["GET"]}}],"collection":[{"href":"https:\/\/www.viastein.hu\/sk\/wp-json\/wp\/v2\/product"}],"about":[{"href":"https:\/\/www.viastein.hu\/sk\/wp-json\/wp\/v2\/types\/product"}],"wp:featuredmedia":[{"embeddable":true,"href":"https:\/\/www.viastein.hu\/sk\/wp-json\/wp\/v2\/media\/17972"}],"wp:attachment":[{"href":"https:\/\/www.viastein.hu\/sk\/wp-json\/wp\/v2\/media?parent=17971"}],"wp:term":[{"taxonomy":"product_brand","embeddable":true,"href":"https:\/\/www.viastein.hu\/sk\/wp-json\/wp\/v2\/product_brand?post=17971"},{"taxonomy":"product_cat","embeddable":true,"href":"https:\/\/www.viastein.hu\/sk\/wp-json\/wp\/v2\/product_cat?post=17971"},{"taxonomy":"product_tag","embeddable":true,"href":"https:\/\/www.viastein.hu\/sk\/wp-json\/wp\/v2\/product_tag?post=17971"}],"curies":[{"name":"wp","href":"https:\/\/api.w.org\/{rel}","templated":true}]}}