{"id":17961,"date":"2026-02-16T10:10:43","date_gmt":"2026-02-16T08:10:43","guid":{"rendered":"https:\/\/www.viastein.hu\/termek\/nezaraden\u00e9\/antico-lux-plotovy-system\/"},"modified":"2026-02-16T10:10:43","modified_gmt":"2026-02-16T08:10:43","slug":"antico-lux-plotovy-system","status":"publish","type":"product","link":"https:\/\/www.viastein.hu\/sk\/termek\/dekoracne-dlazby\/via-lux-sk\/antico-lux-plotovy-system\/","title":{"rendered":"Antico LUX plotov\u00fd syst\u00e9m"},"content":{"rendered":"<p>Plotov\u00fd syst\u00e9m Modulo Antico LUX je elegantn\u00fdm stretnut\u00edm rustik\u00e1lneho charakteru a \u010dist\u00fdch\u00a0 tvarov. V\u010faka technol\u00f3gii \u0161tiepan\u00e9ho opracovania je povrch prvkov jedine\u010dn\u00fd a p\u00f4sob\u00ed prirodzene. Prirodzenos\u0165 sa prejavuje aj v \u010dist\u00fdch farb\u00e1ch prostredn\u00edctvom kamienkov vidite\u013en\u00fdch<\/p>\n<p>na \u0161tiepanom povrchu. Plotov\u00fd syst\u00e9m Modulo Antico LUX harmonicky zapad\u00e1 do prostredia ak\u00e9hoko\u013evek \u0161t\u00fdlu a z\u00e1rove\u0148 sa vyzna\u010duje v\u00fdrazn\u00fdm vzh\u013eadom. Je dokonal\u00fdm pr\u00edkladom toho, ako sa modern\u00e1 elegancia a rustik\u00e1lny \u0161t\u00fdl navz\u00e1jom dop\u013a\u0148aj\u00fa. V pr\u00e9miovom segmente prirodzene podporuje v\u00fdrazy ako luxusn\u00e1 dla\u017eba, pr\u00e9miov\u00e1 dla\u017eba a dizajnov\u00e1 dla\u017eba.<\/p>\n<p>Plotov\u00e9 prvky Modulo Antico LUX s\u00fa dut\u00e9ho vyhotovenia, vyp\u013a\u0148aj\u00fa sa bet\u00f3nom<\/p>\n<p>a na pripraven\u00fdch miestach sa vystu\u017euj\u00fa zvislo<\/p>\n<p>aj vodorovne. V\u010faka svojej v\u0161estrannosti<\/p>\n<p>s\u00fa ide\u00e1lnym rie\u0161en\u00edm nielen pre ploty, ale aj pre n\u00edzke m\u00fariky a vyv\u00fd\u0161en\u00e9 z\u00e1hony.<\/p>\n<p>Farby Ice a Shadow plotov\u00e9ho syst\u00e9mu Modulo Antico LUX mo\u017eno elegantne navz\u00e1jom kombinova\u0165.<\/p>\n<p>Krycie dosky plota a st\u013apikov patriace k syst\u00e9mu nielen esteticky uzatv\u00e1raj\u00fa plochy, ale poskytuj\u00fa<\/p>\n<p>aj \u00fa\u010dinn\u00fa ochranu pred poveternostn\u00fdmi vplyvmi.<\/p>\n","protected":false},"excerpt":{"rendered":"<p>Plotov\u00fd syst\u00e9m Modulo Antico LUX je elegantn\u00fdm stretnut\u00edm rustik\u00e1lneho charakteru a \u010dist\u00fdch\u00a0 tvarov. V\u010faka technol\u00f3gii \u0161tiepan\u00e9ho opracovania je povrch prvkov jedine\u010dn\u00fd a p\u00f4sob\u00ed prirodzene. Prirodzenos\u0165 sa prejavuje aj v \u010dist\u00fdch farb\u00e1ch prostredn\u00edctvom kamienkov vidite\u013en\u00fdch na \u0161tiepanom povrchu. Plotov\u00fd syst\u00e9m Modulo Antico LUX harmonicky zapad\u00e1 do prostredia ak\u00e9hoko\u013evek \u0161t\u00fdlu a z\u00e1rove\u0148 sa vyzna\u010duje v\u00fdrazn\u00fdm vzh\u013eadom. Je [&hellip;]<\/p>\n","protected":false},"featured_media":17962,"template":"","meta":{"_acf_changed":false},"product_brand":[],"product_cat":[439],"product_tag":[586,589],"class_list":{"0":"post-17961","1":"product","2":"type-product","3":"status-publish","4":"has-post-thumbnail","6":"product_cat-via-lux-sk","7":"product_tag-lux","8":"product_tag-via26","10":"first","11":"instock","12":"sold-individually","13":"taxable","14":"shipping-taxable","15":"purchasable","16":"product-type-variable"},"acf":[],"yoast_head":"<!-- This site is optimized with the Yoast SEO plugin v27.4 - https:\/\/yoast.com\/product\/yoast-seo-wordpress\/ -->\n<title>Antico LUX plotov\u00fd syst\u00e9m - Viastein<\/title>\n<meta name=\"robots\" content=\"index, follow, max-snippet:-1, max-image-preview:large, max-video-preview:-1\" \/>\n<link rel=\"canonical\" href=\"https:\/\/www.viastein.hu\/sk\/termek\/dekoracne-dlazby\/via-lux-sk\/antico-lux-plotovy-system\/\" \/>\n<meta property=\"og:locale\" content=\"sk_SK\" \/>\n<meta property=\"og:type\" content=\"article\" \/>\n<meta property=\"og:title\" content=\"Antico LUX plotov\u00fd syst\u00e9m - Viastein\" \/>\n<meta property=\"og:description\" content=\"Plotov\u00fd syst\u00e9m Modulo Antico LUX je elegantn\u00fdm stretnut\u00edm rustik\u00e1lneho charakteru a \u010dist\u00fdch\u00a0 tvarov. V\u010faka technol\u00f3gii \u0161tiepan\u00e9ho opracovania je povrch prvkov jedine\u010dn\u00fd a p\u00f4sob\u00ed prirodzene. Prirodzenos\u0165 sa prejavuje aj v \u010dist\u00fdch farb\u00e1ch prostredn\u00edctvom kamienkov vidite\u013en\u00fdch na \u0161tiepanom povrchu. Plotov\u00fd syst\u00e9m Modulo Antico LUX harmonicky zapad\u00e1 do prostredia ak\u00e9hoko\u013evek \u0161t\u00fdlu a z\u00e1rove\u0148 sa vyzna\u010duje v\u00fdrazn\u00fdm vzh\u013eadom. Je [&hellip;]\" \/>\n<meta property=\"og:url\" content=\"https:\/\/www.viastein.hu\/sk\/termek\/dekoracne-dlazby\/via-lux-sk\/antico-lux-plotovy-system\/\" \/>\n<meta property=\"og:site_name\" content=\"Viastein\" \/>\n<meta property=\"article:publisher\" content=\"https:\/\/www.facebook.com\/viastein.hu\/\" \/>\n<meta property=\"og:image\" content=\"https:\/\/www.viastein.hu\/wp-content\/uploads\/2026\/02\/260407-modulo-antico.webp\" \/>\n\t<meta property=\"og:image:width\" content=\"1200\" \/>\n\t<meta property=\"og:image:height\" content=\"1200\" \/>\n\t<meta property=\"og:image:type\" content=\"image\/webp\" \/>\n<meta name=\"twitter:card\" content=\"summary_large_image\" \/>\n<meta name=\"twitter:label1\" content=\"Predpokladan\u00fd \u010das \u010d\u00edtania\" \/>\n\t<meta name=\"twitter:data1\" content=\"1 min\u00fata\" \/>\n<script type=\"application\/ld+json\" class=\"yoast-schema-graph\">{\"@context\":\"https:\\\/\\\/schema.org\",\"@graph\":[{\"@type\":\"WebPage\",\"@id\":\"https:\\\/\\\/www.viastein.hu\\\/sk\\\/termek\\\/dekoracne-dlazby\\\/via-lux-sk\\\/antico-lux-plotovy-system\\\/\",\"url\":\"https:\\\/\\\/www.viastein.hu\\\/sk\\\/termek\\\/dekoracne-dlazby\\\/via-lux-sk\\\/antico-lux-plotovy-system\\\/\",\"name\":\"Antico LUX plotov\u00fd syst\u00e9m - Viastein\",\"isPartOf\":{\"@id\":\"https:\\\/\\\/www.viastein.hu\\\/sk\\\/#website\"},\"primaryImageOfPage\":{\"@id\":\"https:\\\/\\\/www.viastein.hu\\\/sk\\\/termek\\\/dekoracne-dlazby\\\/via-lux-sk\\\/antico-lux-plotovy-system\\\/#primaryimage\"},\"image\":{\"@id\":\"https:\\\/\\\/www.viastein.hu\\\/sk\\\/termek\\\/dekoracne-dlazby\\\/via-lux-sk\\\/antico-lux-plotovy-system\\\/#primaryimage\"},\"thumbnailUrl\":\"https:\\\/\\\/www.viastein.hu\\\/wp-content\\\/uploads\\\/2026\\\/02\\\/260407-modulo-antico.webp\",\"datePublished\":\"2026-02-16T08:10:43+00:00\",\"breadcrumb\":{\"@id\":\"https:\\\/\\\/www.viastein.hu\\\/sk\\\/termek\\\/dekoracne-dlazby\\\/via-lux-sk\\\/antico-lux-plotovy-system\\\/#breadcrumb\"},\"inLanguage\":\"sk-SK\",\"potentialAction\":[{\"@type\":\"ReadAction\",\"target\":[\"https:\\\/\\\/www.viastein.hu\\\/sk\\\/termek\\\/dekoracne-dlazby\\\/via-lux-sk\\\/antico-lux-plotovy-system\\\/\"]}]},{\"@type\":\"ImageObject\",\"inLanguage\":\"sk-SK\",\"@id\":\"https:\\\/\\\/www.viastein.hu\\\/sk\\\/termek\\\/dekoracne-dlazby\\\/via-lux-sk\\\/antico-lux-plotovy-system\\\/#primaryimage\",\"url\":\"https:\\\/\\\/www.viastein.hu\\\/wp-content\\\/uploads\\\/2026\\\/02\\\/260407-modulo-antico.webp\",\"contentUrl\":\"https:\\\/\\\/www.viastein.hu\\\/wp-content\\\/uploads\\\/2026\\\/02\\\/260407-modulo-antico.webp\",\"width\":1200,\"height\":1200},{\"@type\":\"BreadcrumbList\",\"@id\":\"https:\\\/\\\/www.viastein.hu\\\/sk\\\/termek\\\/dekoracne-dlazby\\\/via-lux-sk\\\/antico-lux-plotovy-system\\\/#breadcrumb\",\"itemListElement\":[{\"@type\":\"ListItem\",\"position\":1,\"name\":\"Viastein\",\"item\":\"https:\\\/\\\/www.viastein.hu\\\/sk\\\/\"},{\"@type\":\"ListItem\",\"position\":2,\"name\":\"Obchod\",\"item\":\"https:\\\/\\\/www.viastein.hu\\\/sk\\\/obchod\\\/\"},{\"@type\":\"ListItem\",\"position\":3,\"name\":\"DEKORA\u010cN\u00c9 DLA\u017dBY\",\"item\":\"https:\\\/\\\/www.viastein.hu\\\/sk\\\/termek-kategoria\\\/dekoracne-dlazby\\\/\"},{\"@type\":\"ListItem\",\"position\":4,\"name\":\"Via LUX\",\"item\":\"https:\\\/\\\/www.viastein.hu\\\/sk\\\/termek-kategoria\\\/dekoracne-dlazby\\\/via-lux-sk\\\/\"},{\"@type\":\"ListItem\",\"position\":5,\"name\":\"Antico LUX plotov\u00fd syst\u00e9m\"}]},{\"@type\":\"WebSite\",\"@id\":\"https:\\\/\\\/www.viastein.hu\\\/sk\\\/#website\",\"url\":\"https:\\\/\\\/www.viastein.hu\\\/sk\\\/\",\"name\":\"Viastein\",\"description\":\"D\u00edszburkolatok, falaz\u00f3elemek, vasbeton elemek. Pr\u00e9mium min\u0151s\u00e9gben, hazai rakt\u00e1rb\u00f3l, r\u00f6vid sz\u00e1ll\u00edt\u00e1si hat\u00e1rid\u0151vel.\",\"publisher\":{\"@id\":\"https:\\\/\\\/www.viastein.hu\\\/sk\\\/#organization\"},\"potentialAction\":[{\"@type\":\"SearchAction\",\"target\":{\"@type\":\"EntryPoint\",\"urlTemplate\":\"https:\\\/\\\/www.viastein.hu\\\/sk\\\/?s={search_term_string}\"},\"query-input\":{\"@type\":\"PropertyValueSpecification\",\"valueRequired\":true,\"valueName\":\"search_term_string\"}}],\"inLanguage\":\"sk-SK\"},{\"@type\":\"Organization\",\"@id\":\"https:\\\/\\\/www.viastein.hu\\\/sk\\\/#organization\",\"name\":\"Viastein\",\"url\":\"https:\\\/\\\/www.viastein.hu\\\/sk\\\/\",\"logo\":{\"@type\":\"ImageObject\",\"inLanguage\":\"sk-SK\",\"@id\":\"https:\\\/\\\/www.viastein.hu\\\/sk\\\/#\\\/schema\\\/logo\\\/image\\\/\",\"url\":\"https:\\\/\\\/www.viastein.hu\\\/wp-content\\\/uploads\\\/2024\\\/07\\\/viastein-color-logo-02-2.png\",\"contentUrl\":\"https:\\\/\\\/www.viastein.hu\\\/wp-content\\\/uploads\\\/2024\\\/07\\\/viastein-color-logo-02-2.png\",\"width\":232,\"height\":58,\"caption\":\"Viastein\"},\"image\":{\"@id\":\"https:\\\/\\\/www.viastein.hu\\\/sk\\\/#\\\/schema\\\/logo\\\/image\\\/\"},\"sameAs\":[\"https:\\\/\\\/www.facebook.com\\\/viastein.hu\\\/\",\"https:\\\/\\\/www.instagram.com\\\/viastein_hungary\\\/\",\"https:\\\/\\\/www.youtube.com\\\/@viasteinkft8464\",\"https:\\\/\\\/www.tiktok.com\\\/@viastein_hungary\"]}]}<\/script>\n<!-- \/ Yoast SEO plugin. -->","yoast_head_json":{"title":"Antico LUX plotov\u00fd syst\u00e9m - Viastein","robots":{"index":"index","follow":"follow","max-snippet":"max-snippet:-1","max-image-preview":"max-image-preview:large","max-video-preview":"max-video-preview:-1"},"canonical":"https:\/\/www.viastein.hu\/sk\/termek\/dekoracne-dlazby\/via-lux-sk\/antico-lux-plotovy-system\/","og_locale":"sk_SK","og_type":"article","og_title":"Antico LUX plotov\u00fd syst\u00e9m - Viastein","og_description":"Plotov\u00fd syst\u00e9m Modulo Antico LUX je elegantn\u00fdm stretnut\u00edm rustik\u00e1lneho charakteru a \u010dist\u00fdch\u00a0 tvarov. V\u010faka technol\u00f3gii \u0161tiepan\u00e9ho opracovania je povrch prvkov jedine\u010dn\u00fd a p\u00f4sob\u00ed prirodzene. Prirodzenos\u0165 sa prejavuje aj v \u010dist\u00fdch farb\u00e1ch prostredn\u00edctvom kamienkov vidite\u013en\u00fdch na \u0161tiepanom povrchu. Plotov\u00fd syst\u00e9m Modulo Antico LUX harmonicky zapad\u00e1 do prostredia ak\u00e9hoko\u013evek \u0161t\u00fdlu a z\u00e1rove\u0148 sa vyzna\u010duje v\u00fdrazn\u00fdm vzh\u013eadom. Je [&hellip;]","og_url":"https:\/\/www.viastein.hu\/sk\/termek\/dekoracne-dlazby\/via-lux-sk\/antico-lux-plotovy-system\/","og_site_name":"Viastein","article_publisher":"https:\/\/www.facebook.com\/viastein.hu\/","og_image":[{"width":1200,"height":1200,"url":"https:\/\/www.viastein.hu\/wp-content\/uploads\/2026\/02\/260407-modulo-antico.webp","type":"image\/webp"}],"twitter_card":"summary_large_image","twitter_misc":{"Predpokladan\u00fd \u010das \u010d\u00edtania":"1 min\u00fata"},"schema":{"@context":"https:\/\/schema.org","@graph":[{"@type":"WebPage","@id":"https:\/\/www.viastein.hu\/sk\/termek\/dekoracne-dlazby\/via-lux-sk\/antico-lux-plotovy-system\/","url":"https:\/\/www.viastein.hu\/sk\/termek\/dekoracne-dlazby\/via-lux-sk\/antico-lux-plotovy-system\/","name":"Antico LUX plotov\u00fd syst\u00e9m - Viastein","isPartOf":{"@id":"https:\/\/www.viastein.hu\/sk\/#website"},"primaryImageOfPage":{"@id":"https:\/\/www.viastein.hu\/sk\/termek\/dekoracne-dlazby\/via-lux-sk\/antico-lux-plotovy-system\/#primaryimage"},"image":{"@id":"https:\/\/www.viastein.hu\/sk\/termek\/dekoracne-dlazby\/via-lux-sk\/antico-lux-plotovy-system\/#primaryimage"},"thumbnailUrl":"https:\/\/www.viastein.hu\/wp-content\/uploads\/2026\/02\/260407-modulo-antico.webp","datePublished":"2026-02-16T08:10:43+00:00","breadcrumb":{"@id":"https:\/\/www.viastein.hu\/sk\/termek\/dekoracne-dlazby\/via-lux-sk\/antico-lux-plotovy-system\/#breadcrumb"},"inLanguage":"sk-SK","potentialAction":[{"@type":"ReadAction","target":["https:\/\/www.viastein.hu\/sk\/termek\/dekoracne-dlazby\/via-lux-sk\/antico-lux-plotovy-system\/"]}]},{"@type":"ImageObject","inLanguage":"sk-SK","@id":"https:\/\/www.viastein.hu\/sk\/termek\/dekoracne-dlazby\/via-lux-sk\/antico-lux-plotovy-system\/#primaryimage","url":"https:\/\/www.viastein.hu\/wp-content\/uploads\/2026\/02\/260407-modulo-antico.webp","contentUrl":"https:\/\/www.viastein.hu\/wp-content\/uploads\/2026\/02\/260407-modulo-antico.webp","width":1200,"height":1200},{"@type":"BreadcrumbList","@id":"https:\/\/www.viastein.hu\/sk\/termek\/dekoracne-dlazby\/via-lux-sk\/antico-lux-plotovy-system\/#breadcrumb","itemListElement":[{"@type":"ListItem","position":1,"name":"Viastein","item":"https:\/\/www.viastein.hu\/sk\/"},{"@type":"ListItem","position":2,"name":"Obchod","item":"https:\/\/www.viastein.hu\/sk\/obchod\/"},{"@type":"ListItem","position":3,"name":"DEKORA\u010cN\u00c9 DLA\u017dBY","item":"https:\/\/www.viastein.hu\/sk\/termek-kategoria\/dekoracne-dlazby\/"},{"@type":"ListItem","position":4,"name":"Via LUX","item":"https:\/\/www.viastein.hu\/sk\/termek-kategoria\/dekoracne-dlazby\/via-lux-sk\/"},{"@type":"ListItem","position":5,"name":"Antico LUX plotov\u00fd syst\u00e9m"}]},{"@type":"WebSite","@id":"https:\/\/www.viastein.hu\/sk\/#website","url":"https:\/\/www.viastein.hu\/sk\/","name":"Viastein","description":"D\u00edszburkolatok, falaz\u00f3elemek, vasbeton elemek. Pr\u00e9mium min\u0151s\u00e9gben, hazai rakt\u00e1rb\u00f3l, r\u00f6vid sz\u00e1ll\u00edt\u00e1si hat\u00e1rid\u0151vel.","publisher":{"@id":"https:\/\/www.viastein.hu\/sk\/#organization"},"potentialAction":[{"@type":"SearchAction","target":{"@type":"EntryPoint","urlTemplate":"https:\/\/www.viastein.hu\/sk\/?s={search_term_string}"},"query-input":{"@type":"PropertyValueSpecification","valueRequired":true,"valueName":"search_term_string"}}],"inLanguage":"sk-SK"},{"@type":"Organization","@id":"https:\/\/www.viastein.hu\/sk\/#organization","name":"Viastein","url":"https:\/\/www.viastein.hu\/sk\/","logo":{"@type":"ImageObject","inLanguage":"sk-SK","@id":"https:\/\/www.viastein.hu\/sk\/#\/schema\/logo\/image\/","url":"https:\/\/www.viastein.hu\/wp-content\/uploads\/2024\/07\/viastein-color-logo-02-2.png","contentUrl":"https:\/\/www.viastein.hu\/wp-content\/uploads\/2024\/07\/viastein-color-logo-02-2.png","width":232,"height":58,"caption":"Viastein"},"image":{"@id":"https:\/\/www.viastein.hu\/sk\/#\/schema\/logo\/image\/"},"sameAs":["https:\/\/www.facebook.com\/viastein.hu\/","https:\/\/www.instagram.com\/viastein_hungary\/","https:\/\/www.youtube.com\/@viasteinkft8464","https:\/\/www.tiktok.com\/@viastein_hungary"]}]}},"_links":{"self":[{"href":"https:\/\/www.viastein.hu\/sk\/wp-json\/wp\/v2\/product\/17961","targetHints":{"allow":["GET"]}}],"collection":[{"href":"https:\/\/www.viastein.hu\/sk\/wp-json\/wp\/v2\/product"}],"about":[{"href":"https:\/\/www.viastein.hu\/sk\/wp-json\/wp\/v2\/types\/product"}],"wp:featuredmedia":[{"embeddable":true,"href":"https:\/\/www.viastein.hu\/sk\/wp-json\/wp\/v2\/media\/17962"}],"wp:attachment":[{"href":"https:\/\/www.viastein.hu\/sk\/wp-json\/wp\/v2\/media?parent=17961"}],"wp:term":[{"taxonomy":"product_brand","embeddable":true,"href":"https:\/\/www.viastein.hu\/sk\/wp-json\/wp\/v2\/product_brand?post=17961"},{"taxonomy":"product_cat","embeddable":true,"href":"https:\/\/www.viastein.hu\/sk\/wp-json\/wp\/v2\/product_cat?post=17961"},{"taxonomy":"product_tag","embeddable":true,"href":"https:\/\/www.viastein.hu\/sk\/wp-json\/wp\/v2\/product_tag?post=17961"}],"curies":[{"name":"wp","href":"https:\/\/api.w.org\/{rel}","templated":true}]}}