{"id":17903,"date":"2024-08-01T13:46:41","date_gmt":"2024-08-01T11:46:41","guid":{"rendered":"https:\/\/www.viastein.hu\/termek\/nezaraden\u00e9\/primo\/"},"modified":"2024-08-01T13:46:41","modified_gmt":"2024-08-01T11:46:41","slug":"primo","status":"publish","type":"product","link":"https:\/\/www.viastein.hu\/sk\/termek\/dekoracne-dlazby\/dlazby-dlazobne-systemy-a-platne\/hladke-jemnozrnne-dlazby\/primo\/","title":{"rendered":"Primo"},"content":{"rendered":"<p>Na\u0161a dla\u017eba PRIMO je skuto\u010dnou v\u00fdnimo\u010dnos\u0165ou. Jej nezvy\u010dajn\u00fd vzor dod\u00e1va ka\u017edej ploche jedine\u010dn\u00fd vzh\u013ead a pripom\u00edna kresbu pr\u00edrodn\u00fdch kame\u0148ov. Sp\u013a\u0148a n\u00e1roky na v\u0161etky \u00fa\u017eitkov\u00e9 funkcie, okrem za\u0165a\u017eenia n\u00e1kladnou dopravou. Medzi vydl\u00e1\u017eden\u00fdmi plochami mo\u017eno \u013eahko vytvori\u0165 harmonick\u00fd s\u00falad. \u0160tyri t\u00f3novan\u00e9 farby sme ur\u010dili tak, aby sa dali jednoducho zladi\u0165 s ka\u017ed\u00fdm \u0161t\u00fdlom. \u010cistotu dla\u017eby zabezpe\u010duje povrchov\u00fd ochrann\u00fd prostriedok Clean &amp; Color Protect (CP+).<\/p>\n","protected":false},"excerpt":{"rendered":"<p>Na\u0161a dla\u017eba PRIMO je skuto\u010dnou v\u00fdnimo\u010dnos\u0165ou. Jej nezvy\u010dajn\u00fd vzor dod\u00e1va ka\u017edej ploche jedine\u010dn\u00fd vzh\u013ead a pripom\u00edna kresbu pr\u00edrodn\u00fdch kame\u0148ov. Sp\u013a\u0148a n\u00e1roky na v\u0161etky \u00fa\u017eitkov\u00e9 funkcie, okrem za\u0165a\u017eenia n\u00e1kladnou dopravou. Medzi vydl\u00e1\u017eden\u00fdmi plochami mo\u017eno \u013eahko vytvori\u0165 harmonick\u00fd s\u00falad. \u0160tyri t\u00f3novan\u00e9 farby sme ur\u010dili tak, aby sa dali jednoducho zladi\u0165 s ka\u017ed\u00fdm \u0161t\u00fdlom. \u010cistotu dla\u017eby zabezpe\u010duje povrchov\u00fd [&hellip;]<\/p>\n","protected":false},"featured_media":17904,"template":"","meta":{"_acf_changed":false},"product_brand":[],"product_cat":[427,433],"product_tag":[591,592,595,593,589],"class_list":{"0":"post-17903","1":"product","2":"type-product","3":"status-publish","4":"has-post-thumbnail","6":"product_cat-dlazby-dlazobne-systemy-a-platne","7":"product_cat-hladke-jemnozrnne-dlazby","8":"product_tag-clean-and-color-protect","9":"product_tag-gyalogos","10":"product_tag-szemelygepjarmu","11":"product_tag-terasz","12":"product_tag-via26","14":"first","15":"instock","16":"sold-individually","17":"taxable","18":"shipping-taxable","19":"purchasable","20":"product-type-variable"},"acf":[],"yoast_head":"<!-- This site is optimized with the Yoast SEO plugin v27.4 - https:\/\/yoast.com\/product\/yoast-seo-wordpress\/ -->\n<title>Primo - Viastein<\/title>\n<meta name=\"robots\" content=\"index, follow, max-snippet:-1, max-image-preview:large, max-video-preview:-1\" \/>\n<link rel=\"canonical\" href=\"https:\/\/www.viastein.hu\/sk\/termek\/dekoracne-dlazby\/dlazby-dlazobne-systemy-a-platne\/hladke-jemnozrnne-dlazby\/primo\/\" \/>\n<meta property=\"og:locale\" content=\"sk_SK\" \/>\n<meta property=\"og:type\" content=\"article\" \/>\n<meta property=\"og:title\" content=\"Primo - Viastein\" \/>\n<meta property=\"og:description\" content=\"Na\u0161a dla\u017eba PRIMO je skuto\u010dnou v\u00fdnimo\u010dnos\u0165ou. Jej nezvy\u010dajn\u00fd vzor dod\u00e1va ka\u017edej ploche jedine\u010dn\u00fd vzh\u013ead a pripom\u00edna kresbu pr\u00edrodn\u00fdch kame\u0148ov. Sp\u013a\u0148a n\u00e1roky na v\u0161etky \u00fa\u017eitkov\u00e9 funkcie, okrem za\u0165a\u017eenia n\u00e1kladnou dopravou. Medzi vydl\u00e1\u017eden\u00fdmi plochami mo\u017eno \u013eahko vytvori\u0165 harmonick\u00fd s\u00falad. \u0160tyri t\u00f3novan\u00e9 farby sme ur\u010dili tak, aby sa dali jednoducho zladi\u0165 s ka\u017ed\u00fdm \u0161t\u00fdlom. \u010cistotu dla\u017eby zabezpe\u010duje povrchov\u00fd [&hellip;]\" \/>\n<meta property=\"og:url\" content=\"https:\/\/www.viastein.hu\/sk\/termek\/dekoracne-dlazby\/dlazby-dlazobne-systemy-a-platne\/hladke-jemnozrnne-dlazby\/primo\/\" \/>\n<meta property=\"og:site_name\" content=\"Viastein\" \/>\n<meta property=\"article:publisher\" content=\"https:\/\/www.facebook.com\/viastein.hu\/\" \/>\n<meta property=\"og:image\" content=\"https:\/\/www.viastein.hu\/wp-content\/uploads\/2024\/08\/Primo-szavanna-kep.jpg\" \/>\n\t<meta property=\"og:image:width\" content=\"1207\" \/>\n\t<meta property=\"og:image:height\" content=\"1600\" \/>\n\t<meta property=\"og:image:type\" content=\"image\/jpeg\" \/>\n<meta name=\"twitter:card\" content=\"summary_large_image\" \/>\n<script type=\"application\/ld+json\" class=\"yoast-schema-graph\">{\"@context\":\"https:\\\/\\\/schema.org\",\"@graph\":[{\"@type\":\"WebPage\",\"@id\":\"https:\\\/\\\/www.viastein.hu\\\/sk\\\/termek\\\/dekoracne-dlazby\\\/dlazby-dlazobne-systemy-a-platne\\\/hladke-jemnozrnne-dlazby\\\/primo\\\/\",\"url\":\"https:\\\/\\\/www.viastein.hu\\\/sk\\\/termek\\\/dekoracne-dlazby\\\/dlazby-dlazobne-systemy-a-platne\\\/hladke-jemnozrnne-dlazby\\\/primo\\\/\",\"name\":\"Primo - Viastein\",\"isPartOf\":{\"@id\":\"https:\\\/\\\/www.viastein.hu\\\/sk\\\/#website\"},\"primaryImageOfPage\":{\"@id\":\"https:\\\/\\\/www.viastein.hu\\\/sk\\\/termek\\\/dekoracne-dlazby\\\/dlazby-dlazobne-systemy-a-platne\\\/hladke-jemnozrnne-dlazby\\\/primo\\\/#primaryimage\"},\"image\":{\"@id\":\"https:\\\/\\\/www.viastein.hu\\\/sk\\\/termek\\\/dekoracne-dlazby\\\/dlazby-dlazobne-systemy-a-platne\\\/hladke-jemnozrnne-dlazby\\\/primo\\\/#primaryimage\"},\"thumbnailUrl\":\"https:\\\/\\\/www.viastein.hu\\\/wp-content\\\/uploads\\\/2024\\\/08\\\/Primo-szavanna-kep.jpg\",\"datePublished\":\"2024-08-01T11:46:41+00:00\",\"breadcrumb\":{\"@id\":\"https:\\\/\\\/www.viastein.hu\\\/sk\\\/termek\\\/dekoracne-dlazby\\\/dlazby-dlazobne-systemy-a-platne\\\/hladke-jemnozrnne-dlazby\\\/primo\\\/#breadcrumb\"},\"inLanguage\":\"sk-SK\",\"potentialAction\":[{\"@type\":\"ReadAction\",\"target\":[\"https:\\\/\\\/www.viastein.hu\\\/sk\\\/termek\\\/dekoracne-dlazby\\\/dlazby-dlazobne-systemy-a-platne\\\/hladke-jemnozrnne-dlazby\\\/primo\\\/\"]}]},{\"@type\":\"ImageObject\",\"inLanguage\":\"sk-SK\",\"@id\":\"https:\\\/\\\/www.viastein.hu\\\/sk\\\/termek\\\/dekoracne-dlazby\\\/dlazby-dlazobne-systemy-a-platne\\\/hladke-jemnozrnne-dlazby\\\/primo\\\/#primaryimage\",\"url\":\"https:\\\/\\\/www.viastein.hu\\\/wp-content\\\/uploads\\\/2024\\\/08\\\/Primo-szavanna-kep.jpg\",\"contentUrl\":\"https:\\\/\\\/www.viastein.hu\\\/wp-content\\\/uploads\\\/2024\\\/08\\\/Primo-szavanna-kep.jpg\",\"width\":1207,\"height\":1600},{\"@type\":\"BreadcrumbList\",\"@id\":\"https:\\\/\\\/www.viastein.hu\\\/sk\\\/termek\\\/dekoracne-dlazby\\\/dlazby-dlazobne-systemy-a-platne\\\/hladke-jemnozrnne-dlazby\\\/primo\\\/#breadcrumb\",\"itemListElement\":[{\"@type\":\"ListItem\",\"position\":1,\"name\":\"Viastein\",\"item\":\"https:\\\/\\\/www.viastein.hu\\\/sk\\\/\"},{\"@type\":\"ListItem\",\"position\":2,\"name\":\"Obchod\",\"item\":\"https:\\\/\\\/www.viastein.hu\\\/sk\\\/obchod\\\/\"},{\"@type\":\"ListItem\",\"position\":3,\"name\":\"DEKORA\u010cN\u00c9 DLA\u017dBY\",\"item\":\"https:\\\/\\\/www.viastein.hu\\\/sk\\\/termek-kategoria\\\/dekoracne-dlazby\\\/\"},{\"@type\":\"ListItem\",\"position\":4,\"name\":\"Dla\u017eby, dla\u017eobn\u00e9 syst\u00e9my a platne\",\"item\":\"https:\\\/\\\/www.viastein.hu\\\/sk\\\/termek-kategoria\\\/dekoracne-dlazby\\\/dlazby-dlazobne-systemy-a-platne\\\/\"},{\"@type\":\"ListItem\",\"position\":5,\"name\":\"Primo\"}]},{\"@type\":\"WebSite\",\"@id\":\"https:\\\/\\\/www.viastein.hu\\\/sk\\\/#website\",\"url\":\"https:\\\/\\\/www.viastein.hu\\\/sk\\\/\",\"name\":\"Viastein\",\"description\":\"D\u00edszburkolatok, falaz\u00f3elemek, vasbeton elemek. Pr\u00e9mium min\u0151s\u00e9gben, hazai rakt\u00e1rb\u00f3l, r\u00f6vid sz\u00e1ll\u00edt\u00e1si hat\u00e1rid\u0151vel.\",\"publisher\":{\"@id\":\"https:\\\/\\\/www.viastein.hu\\\/sk\\\/#organization\"},\"potentialAction\":[{\"@type\":\"SearchAction\",\"target\":{\"@type\":\"EntryPoint\",\"urlTemplate\":\"https:\\\/\\\/www.viastein.hu\\\/sk\\\/?s={search_term_string}\"},\"query-input\":{\"@type\":\"PropertyValueSpecification\",\"valueRequired\":true,\"valueName\":\"search_term_string\"}}],\"inLanguage\":\"sk-SK\"},{\"@type\":\"Organization\",\"@id\":\"https:\\\/\\\/www.viastein.hu\\\/sk\\\/#organization\",\"name\":\"Viastein\",\"url\":\"https:\\\/\\\/www.viastein.hu\\\/sk\\\/\",\"logo\":{\"@type\":\"ImageObject\",\"inLanguage\":\"sk-SK\",\"@id\":\"https:\\\/\\\/www.viastein.hu\\\/sk\\\/#\\\/schema\\\/logo\\\/image\\\/\",\"url\":\"https:\\\/\\\/www.viastein.hu\\\/wp-content\\\/uploads\\\/2024\\\/07\\\/viastein-color-logo-02-2.png\",\"contentUrl\":\"https:\\\/\\\/www.viastein.hu\\\/wp-content\\\/uploads\\\/2024\\\/07\\\/viastein-color-logo-02-2.png\",\"width\":232,\"height\":58,\"caption\":\"Viastein\"},\"image\":{\"@id\":\"https:\\\/\\\/www.viastein.hu\\\/sk\\\/#\\\/schema\\\/logo\\\/image\\\/\"},\"sameAs\":[\"https:\\\/\\\/www.facebook.com\\\/viastein.hu\\\/\",\"https:\\\/\\\/www.instagram.com\\\/viastein_hungary\\\/\",\"https:\\\/\\\/www.youtube.com\\\/@viasteinkft8464\",\"https:\\\/\\\/www.tiktok.com\\\/@viastein_hungary\"]}]}<\/script>\n<!-- \/ Yoast SEO plugin. -->","yoast_head_json":{"title":"Primo - Viastein","robots":{"index":"index","follow":"follow","max-snippet":"max-snippet:-1","max-image-preview":"max-image-preview:large","max-video-preview":"max-video-preview:-1"},"canonical":"https:\/\/www.viastein.hu\/sk\/termek\/dekoracne-dlazby\/dlazby-dlazobne-systemy-a-platne\/hladke-jemnozrnne-dlazby\/primo\/","og_locale":"sk_SK","og_type":"article","og_title":"Primo - Viastein","og_description":"Na\u0161a dla\u017eba PRIMO je skuto\u010dnou v\u00fdnimo\u010dnos\u0165ou. Jej nezvy\u010dajn\u00fd vzor dod\u00e1va ka\u017edej ploche jedine\u010dn\u00fd vzh\u013ead a pripom\u00edna kresbu pr\u00edrodn\u00fdch kame\u0148ov. Sp\u013a\u0148a n\u00e1roky na v\u0161etky \u00fa\u017eitkov\u00e9 funkcie, okrem za\u0165a\u017eenia n\u00e1kladnou dopravou. Medzi vydl\u00e1\u017eden\u00fdmi plochami mo\u017eno \u013eahko vytvori\u0165 harmonick\u00fd s\u00falad. \u0160tyri t\u00f3novan\u00e9 farby sme ur\u010dili tak, aby sa dali jednoducho zladi\u0165 s ka\u017ed\u00fdm \u0161t\u00fdlom. \u010cistotu dla\u017eby zabezpe\u010duje povrchov\u00fd [&hellip;]","og_url":"https:\/\/www.viastein.hu\/sk\/termek\/dekoracne-dlazby\/dlazby-dlazobne-systemy-a-platne\/hladke-jemnozrnne-dlazby\/primo\/","og_site_name":"Viastein","article_publisher":"https:\/\/www.facebook.com\/viastein.hu\/","og_image":[{"width":1207,"height":1600,"url":"https:\/\/www.viastein.hu\/wp-content\/uploads\/2024\/08\/Primo-szavanna-kep.jpg","type":"image\/jpeg"}],"twitter_card":"summary_large_image","schema":{"@context":"https:\/\/schema.org","@graph":[{"@type":"WebPage","@id":"https:\/\/www.viastein.hu\/sk\/termek\/dekoracne-dlazby\/dlazby-dlazobne-systemy-a-platne\/hladke-jemnozrnne-dlazby\/primo\/","url":"https:\/\/www.viastein.hu\/sk\/termek\/dekoracne-dlazby\/dlazby-dlazobne-systemy-a-platne\/hladke-jemnozrnne-dlazby\/primo\/","name":"Primo - Viastein","isPartOf":{"@id":"https:\/\/www.viastein.hu\/sk\/#website"},"primaryImageOfPage":{"@id":"https:\/\/www.viastein.hu\/sk\/termek\/dekoracne-dlazby\/dlazby-dlazobne-systemy-a-platne\/hladke-jemnozrnne-dlazby\/primo\/#primaryimage"},"image":{"@id":"https:\/\/www.viastein.hu\/sk\/termek\/dekoracne-dlazby\/dlazby-dlazobne-systemy-a-platne\/hladke-jemnozrnne-dlazby\/primo\/#primaryimage"},"thumbnailUrl":"https:\/\/www.viastein.hu\/wp-content\/uploads\/2024\/08\/Primo-szavanna-kep.jpg","datePublished":"2024-08-01T11:46:41+00:00","breadcrumb":{"@id":"https:\/\/www.viastein.hu\/sk\/termek\/dekoracne-dlazby\/dlazby-dlazobne-systemy-a-platne\/hladke-jemnozrnne-dlazby\/primo\/#breadcrumb"},"inLanguage":"sk-SK","potentialAction":[{"@type":"ReadAction","target":["https:\/\/www.viastein.hu\/sk\/termek\/dekoracne-dlazby\/dlazby-dlazobne-systemy-a-platne\/hladke-jemnozrnne-dlazby\/primo\/"]}]},{"@type":"ImageObject","inLanguage":"sk-SK","@id":"https:\/\/www.viastein.hu\/sk\/termek\/dekoracne-dlazby\/dlazby-dlazobne-systemy-a-platne\/hladke-jemnozrnne-dlazby\/primo\/#primaryimage","url":"https:\/\/www.viastein.hu\/wp-content\/uploads\/2024\/08\/Primo-szavanna-kep.jpg","contentUrl":"https:\/\/www.viastein.hu\/wp-content\/uploads\/2024\/08\/Primo-szavanna-kep.jpg","width":1207,"height":1600},{"@type":"BreadcrumbList","@id":"https:\/\/www.viastein.hu\/sk\/termek\/dekoracne-dlazby\/dlazby-dlazobne-systemy-a-platne\/hladke-jemnozrnne-dlazby\/primo\/#breadcrumb","itemListElement":[{"@type":"ListItem","position":1,"name":"Viastein","item":"https:\/\/www.viastein.hu\/sk\/"},{"@type":"ListItem","position":2,"name":"Obchod","item":"https:\/\/www.viastein.hu\/sk\/obchod\/"},{"@type":"ListItem","position":3,"name":"DEKORA\u010cN\u00c9 DLA\u017dBY","item":"https:\/\/www.viastein.hu\/sk\/termek-kategoria\/dekoracne-dlazby\/"},{"@type":"ListItem","position":4,"name":"Dla\u017eby, dla\u017eobn\u00e9 syst\u00e9my a platne","item":"https:\/\/www.viastein.hu\/sk\/termek-kategoria\/dekoracne-dlazby\/dlazby-dlazobne-systemy-a-platne\/"},{"@type":"ListItem","position":5,"name":"Primo"}]},{"@type":"WebSite","@id":"https:\/\/www.viastein.hu\/sk\/#website","url":"https:\/\/www.viastein.hu\/sk\/","name":"Viastein","description":"D\u00edszburkolatok, falaz\u00f3elemek, vasbeton elemek. Pr\u00e9mium min\u0151s\u00e9gben, hazai rakt\u00e1rb\u00f3l, r\u00f6vid sz\u00e1ll\u00edt\u00e1si hat\u00e1rid\u0151vel.","publisher":{"@id":"https:\/\/www.viastein.hu\/sk\/#organization"},"potentialAction":[{"@type":"SearchAction","target":{"@type":"EntryPoint","urlTemplate":"https:\/\/www.viastein.hu\/sk\/?s={search_term_string}"},"query-input":{"@type":"PropertyValueSpecification","valueRequired":true,"valueName":"search_term_string"}}],"inLanguage":"sk-SK"},{"@type":"Organization","@id":"https:\/\/www.viastein.hu\/sk\/#organization","name":"Viastein","url":"https:\/\/www.viastein.hu\/sk\/","logo":{"@type":"ImageObject","inLanguage":"sk-SK","@id":"https:\/\/www.viastein.hu\/sk\/#\/schema\/logo\/image\/","url":"https:\/\/www.viastein.hu\/wp-content\/uploads\/2024\/07\/viastein-color-logo-02-2.png","contentUrl":"https:\/\/www.viastein.hu\/wp-content\/uploads\/2024\/07\/viastein-color-logo-02-2.png","width":232,"height":58,"caption":"Viastein"},"image":{"@id":"https:\/\/www.viastein.hu\/sk\/#\/schema\/logo\/image\/"},"sameAs":["https:\/\/www.facebook.com\/viastein.hu\/","https:\/\/www.instagram.com\/viastein_hungary\/","https:\/\/www.youtube.com\/@viasteinkft8464","https:\/\/www.tiktok.com\/@viastein_hungary"]}]}},"_links":{"self":[{"href":"https:\/\/www.viastein.hu\/sk\/wp-json\/wp\/v2\/product\/17903","targetHints":{"allow":["GET"]}}],"collection":[{"href":"https:\/\/www.viastein.hu\/sk\/wp-json\/wp\/v2\/product"}],"about":[{"href":"https:\/\/www.viastein.hu\/sk\/wp-json\/wp\/v2\/types\/product"}],"wp:featuredmedia":[{"embeddable":true,"href":"https:\/\/www.viastein.hu\/sk\/wp-json\/wp\/v2\/media\/17904"}],"wp:attachment":[{"href":"https:\/\/www.viastein.hu\/sk\/wp-json\/wp\/v2\/media?parent=17903"}],"wp:term":[{"taxonomy":"product_brand","embeddable":true,"href":"https:\/\/www.viastein.hu\/sk\/wp-json\/wp\/v2\/product_brand?post=17903"},{"taxonomy":"product_cat","embeddable":true,"href":"https:\/\/www.viastein.hu\/sk\/wp-json\/wp\/v2\/product_cat?post=17903"},{"taxonomy":"product_tag","embeddable":true,"href":"https:\/\/www.viastein.hu\/sk\/wp-json\/wp\/v2\/product_tag?post=17903"}],"curies":[{"name":"wp","href":"https:\/\/api.w.org\/{rel}","templated":true}]}}