{"id":17895,"date":"2024-08-01T13:46:39","date_gmt":"2024-08-01T11:46:39","guid":{"rendered":"https:\/\/www.viastein.hu\/termek\/nezaraden\u00e9\/pulito-trio\/"},"modified":"2024-08-01T13:46:39","modified_gmt":"2024-08-01T11:46:39","slug":"pulito-trio","status":"publish","type":"product","link":"https:\/\/www.viastein.hu\/sk\/termek\/dekoracne-dlazby\/dlazby-dlazobne-systemy-a-platne\/hladke-jemnozrnne-dlazby\/pulito-trio\/","title":{"rendered":"Pulito Trio"},"content":{"rendered":"<p>PULITO TRIO sa svoj\u00edm homog\u00e9nnym hladk\u00fdm povrchom, t\u00f3novan\u00fdmi farbami, s\u00favisl\u00fdm povrchom a prirodzen\u00fdmi l\u00edniami \u013eahko za\u010dlen\u00ed<\/p>\n<p>do ak\u00e9hoko\u013evek prostredia. Modern\u00fdm ploch\u00e1m dod\u00e1va klasick\u00fd vzh\u013ead a rustik\u00e1lnym domovom prirodzen\u00fd v\u00fdraz. Jeho nov\u00e9 farby mo\u017eno navz\u00e1jom mie\u0161a\u0165 a v\u00fdborne harmonizuj\u00fa, tak\u017ee mo\u017en\u00e9 kombin\u00e1cie obmedzuje iba fant\u00e1zia.<\/p>\n","protected":false},"excerpt":{"rendered":"<p>PULITO TRIO sa svoj\u00edm homog\u00e9nnym hladk\u00fdm povrchom, t\u00f3novan\u00fdmi farbami, s\u00favisl\u00fdm povrchom a prirodzen\u00fdmi l\u00edniami \u013eahko za\u010dlen\u00ed do ak\u00e9hoko\u013evek prostredia. Modern\u00fdm ploch\u00e1m dod\u00e1va klasick\u00fd vzh\u013ead a rustik\u00e1lnym domovom prirodzen\u00fd v\u00fdraz. Jeho nov\u00e9 farby mo\u017eno navz\u00e1jom mie\u0161a\u0165 a v\u00fdborne harmonizuj\u00fa, tak\u017ee mo\u017en\u00e9 kombin\u00e1cie obmedzuje iba fant\u00e1zia.<\/p>\n","protected":false},"featured_media":17896,"template":"","meta":{"_acf_changed":false},"product_brand":[],"product_cat":[427,433],"product_tag":[592,593,589],"class_list":{"0":"post-17895","1":"product","2":"type-product","3":"status-publish","4":"has-post-thumbnail","6":"product_cat-dlazby-dlazobne-systemy-a-platne","7":"product_cat-hladke-jemnozrnne-dlazby","8":"product_tag-gyalogos","9":"product_tag-terasz","10":"product_tag-via26","12":"first","13":"instock","14":"sold-individually","15":"taxable","16":"shipping-taxable","17":"purchasable","18":"product-type-variable"},"acf":[],"yoast_head":"<!-- This site is optimized with the Yoast SEO plugin v27.4 - https:\/\/yoast.com\/product\/yoast-seo-wordpress\/ -->\n<title>Pulito Trio - Viastein<\/title>\n<meta name=\"robots\" content=\"index, follow, max-snippet:-1, max-image-preview:large, max-video-preview:-1\" \/>\n<link rel=\"canonical\" href=\"https:\/\/www.viastein.hu\/sk\/termek\/dekoracne-dlazby\/dlazby-dlazobne-systemy-a-platne\/hladke-jemnozrnne-dlazby\/pulito-trio\/\" \/>\n<meta property=\"og:locale\" content=\"sk_SK\" \/>\n<meta property=\"og:type\" content=\"article\" \/>\n<meta property=\"og:title\" content=\"Pulito Trio - Viastein\" \/>\n<meta property=\"og:description\" content=\"PULITO TRIO sa svoj\u00edm homog\u00e9nnym hladk\u00fdm povrchom, t\u00f3novan\u00fdmi farbami, s\u00favisl\u00fdm povrchom a prirodzen\u00fdmi l\u00edniami \u013eahko za\u010dlen\u00ed do ak\u00e9hoko\u013evek prostredia. Modern\u00fdm ploch\u00e1m dod\u00e1va klasick\u00fd vzh\u013ead a rustik\u00e1lnym domovom prirodzen\u00fd v\u00fdraz. Jeho nov\u00e9 farby mo\u017eno navz\u00e1jom mie\u0161a\u0165 a v\u00fdborne harmonizuj\u00fa, tak\u017ee mo\u017en\u00e9 kombin\u00e1cie obmedzuje iba fant\u00e1zia.\" \/>\n<meta property=\"og:url\" content=\"https:\/\/www.viastein.hu\/sk\/termek\/dekoracne-dlazby\/dlazby-dlazobne-systemy-a-platne\/hladke-jemnozrnne-dlazby\/pulito-trio\/\" \/>\n<meta property=\"og:site_name\" content=\"Viastein\" \/>\n<meta property=\"article:publisher\" content=\"https:\/\/www.facebook.com\/viastein.hu\/\" \/>\n<meta property=\"og:image\" content=\"https:\/\/www.viastein.hu\/wp-content\/uploads\/2024\/08\/img2-18.jpg\" \/>\n\t<meta property=\"og:image:width\" content=\"1200\" \/>\n\t<meta property=\"og:image:height\" content=\"800\" \/>\n\t<meta property=\"og:image:type\" content=\"image\/jpeg\" \/>\n<meta name=\"twitter:card\" content=\"summary_large_image\" \/>\n<script type=\"application\/ld+json\" class=\"yoast-schema-graph\">{\"@context\":\"https:\\\/\\\/schema.org\",\"@graph\":[{\"@type\":\"WebPage\",\"@id\":\"https:\\\/\\\/www.viastein.hu\\\/sk\\\/termek\\\/dekoracne-dlazby\\\/dlazby-dlazobne-systemy-a-platne\\\/hladke-jemnozrnne-dlazby\\\/pulito-trio\\\/\",\"url\":\"https:\\\/\\\/www.viastein.hu\\\/sk\\\/termek\\\/dekoracne-dlazby\\\/dlazby-dlazobne-systemy-a-platne\\\/hladke-jemnozrnne-dlazby\\\/pulito-trio\\\/\",\"name\":\"Pulito Trio - Viastein\",\"isPartOf\":{\"@id\":\"https:\\\/\\\/www.viastein.hu\\\/sk\\\/#website\"},\"primaryImageOfPage\":{\"@id\":\"https:\\\/\\\/www.viastein.hu\\\/sk\\\/termek\\\/dekoracne-dlazby\\\/dlazby-dlazobne-systemy-a-platne\\\/hladke-jemnozrnne-dlazby\\\/pulito-trio\\\/#primaryimage\"},\"image\":{\"@id\":\"https:\\\/\\\/www.viastein.hu\\\/sk\\\/termek\\\/dekoracne-dlazby\\\/dlazby-dlazobne-systemy-a-platne\\\/hladke-jemnozrnne-dlazby\\\/pulito-trio\\\/#primaryimage\"},\"thumbnailUrl\":\"https:\\\/\\\/www.viastein.hu\\\/wp-content\\\/uploads\\\/2024\\\/08\\\/img2-18.jpg\",\"datePublished\":\"2024-08-01T11:46:39+00:00\",\"breadcrumb\":{\"@id\":\"https:\\\/\\\/www.viastein.hu\\\/sk\\\/termek\\\/dekoracne-dlazby\\\/dlazby-dlazobne-systemy-a-platne\\\/hladke-jemnozrnne-dlazby\\\/pulito-trio\\\/#breadcrumb\"},\"inLanguage\":\"sk-SK\",\"potentialAction\":[{\"@type\":\"ReadAction\",\"target\":[\"https:\\\/\\\/www.viastein.hu\\\/sk\\\/termek\\\/dekoracne-dlazby\\\/dlazby-dlazobne-systemy-a-platne\\\/hladke-jemnozrnne-dlazby\\\/pulito-trio\\\/\"]}]},{\"@type\":\"ImageObject\",\"inLanguage\":\"sk-SK\",\"@id\":\"https:\\\/\\\/www.viastein.hu\\\/sk\\\/termek\\\/dekoracne-dlazby\\\/dlazby-dlazobne-systemy-a-platne\\\/hladke-jemnozrnne-dlazby\\\/pulito-trio\\\/#primaryimage\",\"url\":\"https:\\\/\\\/www.viastein.hu\\\/wp-content\\\/uploads\\\/2024\\\/08\\\/img2-18.jpg\",\"contentUrl\":\"https:\\\/\\\/www.viastein.hu\\\/wp-content\\\/uploads\\\/2024\\\/08\\\/img2-18.jpg\",\"width\":1200,\"height\":800},{\"@type\":\"BreadcrumbList\",\"@id\":\"https:\\\/\\\/www.viastein.hu\\\/sk\\\/termek\\\/dekoracne-dlazby\\\/dlazby-dlazobne-systemy-a-platne\\\/hladke-jemnozrnne-dlazby\\\/pulito-trio\\\/#breadcrumb\",\"itemListElement\":[{\"@type\":\"ListItem\",\"position\":1,\"name\":\"Viastein\",\"item\":\"https:\\\/\\\/www.viastein.hu\\\/sk\\\/\"},{\"@type\":\"ListItem\",\"position\":2,\"name\":\"Obchod\",\"item\":\"https:\\\/\\\/www.viastein.hu\\\/sk\\\/obchod\\\/\"},{\"@type\":\"ListItem\",\"position\":3,\"name\":\"DEKORA\u010cN\u00c9 DLA\u017dBY\",\"item\":\"https:\\\/\\\/www.viastein.hu\\\/sk\\\/termek-kategoria\\\/dekoracne-dlazby\\\/\"},{\"@type\":\"ListItem\",\"position\":4,\"name\":\"Dla\u017eby, dla\u017eobn\u00e9 syst\u00e9my a platne\",\"item\":\"https:\\\/\\\/www.viastein.hu\\\/sk\\\/termek-kategoria\\\/dekoracne-dlazby\\\/dlazby-dlazobne-systemy-a-platne\\\/\"},{\"@type\":\"ListItem\",\"position\":5,\"name\":\"Pulito Trio\"}]},{\"@type\":\"WebSite\",\"@id\":\"https:\\\/\\\/www.viastein.hu\\\/sk\\\/#website\",\"url\":\"https:\\\/\\\/www.viastein.hu\\\/sk\\\/\",\"name\":\"Viastein\",\"description\":\"D\u00edszburkolatok, falaz\u00f3elemek, vasbeton elemek. Pr\u00e9mium min\u0151s\u00e9gben, hazai rakt\u00e1rb\u00f3l, r\u00f6vid sz\u00e1ll\u00edt\u00e1si hat\u00e1rid\u0151vel.\",\"publisher\":{\"@id\":\"https:\\\/\\\/www.viastein.hu\\\/sk\\\/#organization\"},\"potentialAction\":[{\"@type\":\"SearchAction\",\"target\":{\"@type\":\"EntryPoint\",\"urlTemplate\":\"https:\\\/\\\/www.viastein.hu\\\/sk\\\/?s={search_term_string}\"},\"query-input\":{\"@type\":\"PropertyValueSpecification\",\"valueRequired\":true,\"valueName\":\"search_term_string\"}}],\"inLanguage\":\"sk-SK\"},{\"@type\":\"Organization\",\"@id\":\"https:\\\/\\\/www.viastein.hu\\\/sk\\\/#organization\",\"name\":\"Viastein\",\"url\":\"https:\\\/\\\/www.viastein.hu\\\/sk\\\/\",\"logo\":{\"@type\":\"ImageObject\",\"inLanguage\":\"sk-SK\",\"@id\":\"https:\\\/\\\/www.viastein.hu\\\/sk\\\/#\\\/schema\\\/logo\\\/image\\\/\",\"url\":\"https:\\\/\\\/www.viastein.hu\\\/wp-content\\\/uploads\\\/2024\\\/07\\\/viastein-color-logo-02-2.png\",\"contentUrl\":\"https:\\\/\\\/www.viastein.hu\\\/wp-content\\\/uploads\\\/2024\\\/07\\\/viastein-color-logo-02-2.png\",\"width\":232,\"height\":58,\"caption\":\"Viastein\"},\"image\":{\"@id\":\"https:\\\/\\\/www.viastein.hu\\\/sk\\\/#\\\/schema\\\/logo\\\/image\\\/\"},\"sameAs\":[\"https:\\\/\\\/www.facebook.com\\\/viastein.hu\\\/\",\"https:\\\/\\\/www.instagram.com\\\/viastein_hungary\\\/\",\"https:\\\/\\\/www.youtube.com\\\/@viasteinkft8464\",\"https:\\\/\\\/www.tiktok.com\\\/@viastein_hungary\"]}]}<\/script>\n<!-- \/ Yoast SEO plugin. -->","yoast_head_json":{"title":"Pulito Trio - Viastein","robots":{"index":"index","follow":"follow","max-snippet":"max-snippet:-1","max-image-preview":"max-image-preview:large","max-video-preview":"max-video-preview:-1"},"canonical":"https:\/\/www.viastein.hu\/sk\/termek\/dekoracne-dlazby\/dlazby-dlazobne-systemy-a-platne\/hladke-jemnozrnne-dlazby\/pulito-trio\/","og_locale":"sk_SK","og_type":"article","og_title":"Pulito Trio - Viastein","og_description":"PULITO TRIO sa svoj\u00edm homog\u00e9nnym hladk\u00fdm povrchom, t\u00f3novan\u00fdmi farbami, s\u00favisl\u00fdm povrchom a prirodzen\u00fdmi l\u00edniami \u013eahko za\u010dlen\u00ed do ak\u00e9hoko\u013evek prostredia. Modern\u00fdm ploch\u00e1m dod\u00e1va klasick\u00fd vzh\u013ead a rustik\u00e1lnym domovom prirodzen\u00fd v\u00fdraz. Jeho nov\u00e9 farby mo\u017eno navz\u00e1jom mie\u0161a\u0165 a v\u00fdborne harmonizuj\u00fa, tak\u017ee mo\u017en\u00e9 kombin\u00e1cie obmedzuje iba fant\u00e1zia.","og_url":"https:\/\/www.viastein.hu\/sk\/termek\/dekoracne-dlazby\/dlazby-dlazobne-systemy-a-platne\/hladke-jemnozrnne-dlazby\/pulito-trio\/","og_site_name":"Viastein","article_publisher":"https:\/\/www.facebook.com\/viastein.hu\/","og_image":[{"width":1200,"height":800,"url":"https:\/\/www.viastein.hu\/wp-content\/uploads\/2024\/08\/img2-18.jpg","type":"image\/jpeg"}],"twitter_card":"summary_large_image","schema":{"@context":"https:\/\/schema.org","@graph":[{"@type":"WebPage","@id":"https:\/\/www.viastein.hu\/sk\/termek\/dekoracne-dlazby\/dlazby-dlazobne-systemy-a-platne\/hladke-jemnozrnne-dlazby\/pulito-trio\/","url":"https:\/\/www.viastein.hu\/sk\/termek\/dekoracne-dlazby\/dlazby-dlazobne-systemy-a-platne\/hladke-jemnozrnne-dlazby\/pulito-trio\/","name":"Pulito Trio - Viastein","isPartOf":{"@id":"https:\/\/www.viastein.hu\/sk\/#website"},"primaryImageOfPage":{"@id":"https:\/\/www.viastein.hu\/sk\/termek\/dekoracne-dlazby\/dlazby-dlazobne-systemy-a-platne\/hladke-jemnozrnne-dlazby\/pulito-trio\/#primaryimage"},"image":{"@id":"https:\/\/www.viastein.hu\/sk\/termek\/dekoracne-dlazby\/dlazby-dlazobne-systemy-a-platne\/hladke-jemnozrnne-dlazby\/pulito-trio\/#primaryimage"},"thumbnailUrl":"https:\/\/www.viastein.hu\/wp-content\/uploads\/2024\/08\/img2-18.jpg","datePublished":"2024-08-01T11:46:39+00:00","breadcrumb":{"@id":"https:\/\/www.viastein.hu\/sk\/termek\/dekoracne-dlazby\/dlazby-dlazobne-systemy-a-platne\/hladke-jemnozrnne-dlazby\/pulito-trio\/#breadcrumb"},"inLanguage":"sk-SK","potentialAction":[{"@type":"ReadAction","target":["https:\/\/www.viastein.hu\/sk\/termek\/dekoracne-dlazby\/dlazby-dlazobne-systemy-a-platne\/hladke-jemnozrnne-dlazby\/pulito-trio\/"]}]},{"@type":"ImageObject","inLanguage":"sk-SK","@id":"https:\/\/www.viastein.hu\/sk\/termek\/dekoracne-dlazby\/dlazby-dlazobne-systemy-a-platne\/hladke-jemnozrnne-dlazby\/pulito-trio\/#primaryimage","url":"https:\/\/www.viastein.hu\/wp-content\/uploads\/2024\/08\/img2-18.jpg","contentUrl":"https:\/\/www.viastein.hu\/wp-content\/uploads\/2024\/08\/img2-18.jpg","width":1200,"height":800},{"@type":"BreadcrumbList","@id":"https:\/\/www.viastein.hu\/sk\/termek\/dekoracne-dlazby\/dlazby-dlazobne-systemy-a-platne\/hladke-jemnozrnne-dlazby\/pulito-trio\/#breadcrumb","itemListElement":[{"@type":"ListItem","position":1,"name":"Viastein","item":"https:\/\/www.viastein.hu\/sk\/"},{"@type":"ListItem","position":2,"name":"Obchod","item":"https:\/\/www.viastein.hu\/sk\/obchod\/"},{"@type":"ListItem","position":3,"name":"DEKORA\u010cN\u00c9 DLA\u017dBY","item":"https:\/\/www.viastein.hu\/sk\/termek-kategoria\/dekoracne-dlazby\/"},{"@type":"ListItem","position":4,"name":"Dla\u017eby, dla\u017eobn\u00e9 syst\u00e9my a platne","item":"https:\/\/www.viastein.hu\/sk\/termek-kategoria\/dekoracne-dlazby\/dlazby-dlazobne-systemy-a-platne\/"},{"@type":"ListItem","position":5,"name":"Pulito Trio"}]},{"@type":"WebSite","@id":"https:\/\/www.viastein.hu\/sk\/#website","url":"https:\/\/www.viastein.hu\/sk\/","name":"Viastein","description":"D\u00edszburkolatok, falaz\u00f3elemek, vasbeton elemek. Pr\u00e9mium min\u0151s\u00e9gben, hazai rakt\u00e1rb\u00f3l, r\u00f6vid sz\u00e1ll\u00edt\u00e1si hat\u00e1rid\u0151vel.","publisher":{"@id":"https:\/\/www.viastein.hu\/sk\/#organization"},"potentialAction":[{"@type":"SearchAction","target":{"@type":"EntryPoint","urlTemplate":"https:\/\/www.viastein.hu\/sk\/?s={search_term_string}"},"query-input":{"@type":"PropertyValueSpecification","valueRequired":true,"valueName":"search_term_string"}}],"inLanguage":"sk-SK"},{"@type":"Organization","@id":"https:\/\/www.viastein.hu\/sk\/#organization","name":"Viastein","url":"https:\/\/www.viastein.hu\/sk\/","logo":{"@type":"ImageObject","inLanguage":"sk-SK","@id":"https:\/\/www.viastein.hu\/sk\/#\/schema\/logo\/image\/","url":"https:\/\/www.viastein.hu\/wp-content\/uploads\/2024\/07\/viastein-color-logo-02-2.png","contentUrl":"https:\/\/www.viastein.hu\/wp-content\/uploads\/2024\/07\/viastein-color-logo-02-2.png","width":232,"height":58,"caption":"Viastein"},"image":{"@id":"https:\/\/www.viastein.hu\/sk\/#\/schema\/logo\/image\/"},"sameAs":["https:\/\/www.facebook.com\/viastein.hu\/","https:\/\/www.instagram.com\/viastein_hungary\/","https:\/\/www.youtube.com\/@viasteinkft8464","https:\/\/www.tiktok.com\/@viastein_hungary"]}]}},"_links":{"self":[{"href":"https:\/\/www.viastein.hu\/sk\/wp-json\/wp\/v2\/product\/17895","targetHints":{"allow":["GET"]}}],"collection":[{"href":"https:\/\/www.viastein.hu\/sk\/wp-json\/wp\/v2\/product"}],"about":[{"href":"https:\/\/www.viastein.hu\/sk\/wp-json\/wp\/v2\/types\/product"}],"wp:featuredmedia":[{"embeddable":true,"href":"https:\/\/www.viastein.hu\/sk\/wp-json\/wp\/v2\/media\/17896"}],"wp:attachment":[{"href":"https:\/\/www.viastein.hu\/sk\/wp-json\/wp\/v2\/media?parent=17895"}],"wp:term":[{"taxonomy":"product_brand","embeddable":true,"href":"https:\/\/www.viastein.hu\/sk\/wp-json\/wp\/v2\/product_brand?post=17895"},{"taxonomy":"product_cat","embeddable":true,"href":"https:\/\/www.viastein.hu\/sk\/wp-json\/wp\/v2\/product_cat?post=17895"},{"taxonomy":"product_tag","embeddable":true,"href":"https:\/\/www.viastein.hu\/sk\/wp-json\/wp\/v2\/product_tag?post=17895"}],"curies":[{"name":"wp","href":"https:\/\/api.w.org\/{rel}","templated":true}]}}