{"id":17845,"date":"2024-08-01T13:46:40","date_gmt":"2024-08-01T11:46:40","guid":{"rendered":"https:\/\/www.viastein.hu\/termek\/nezaraden\u00e9\/sempre-mistro\/"},"modified":"2024-08-01T13:46:40","modified_gmt":"2024-08-01T11:46:40","slug":"sempre-mistro","status":"publish","type":"product","link":"https:\/\/www.viastein.hu\/sk\/termek\/dekoracne-dlazby\/dlazby-dlazobne-systemy-a-platne\/tryskane-dlazby\/sempre-mistro\/","title":{"rendered":"Sempre Mistro"},"content":{"rendered":"<p>Tri druhy kame\u0148ov produktovej rodiny SEMPRE MISTRO s\u00fa pod\u013ea vzoru pokl\u00e1dky v jednotliv\u00fdch radoch ukladan\u00e9 zmie\u0161ane. Disponuje ochranou Clean &amp; Color Protect (CP+)<\/p>\n<p>Siln\u00e9 di\u0161tan\u010dn\u00e9 rebrovanie NEXUS rob\u00ed dekora\u010dn\u00fa dla\u017ebu vhodnou aj na dla\u017edenie vysoko za\u0165a\u017een\u00fdch pl\u00f4ch, verejn\u00fdch priestorov<\/p>\n<p>a parkov\u00edsk. V\u010faka rozmanit\u00fdm t\u00f3novan\u00fdm farb\u00e1m v\u00fdborne zapad\u00e1 do okolia akejko\u013evek budovy.<\/p>\n","protected":false},"excerpt":{"rendered":"<p>Tri druhy kame\u0148ov produktovej rodiny SEMPRE MISTRO s\u00fa pod\u013ea vzoru pokl\u00e1dky v jednotliv\u00fdch radoch ukladan\u00e9 zmie\u0161ane. Disponuje ochranou Clean &amp; Color Protect (CP+) Siln\u00e9 di\u0161tan\u010dn\u00e9 rebrovanie NEXUS rob\u00ed dekora\u010dn\u00fa dla\u017ebu vhodnou aj na dla\u017edenie vysoko za\u0165a\u017een\u00fdch pl\u00f4ch, verejn\u00fdch priestorov a parkov\u00edsk. V\u010faka rozmanit\u00fdm t\u00f3novan\u00fdm farb\u00e1m v\u00fdborne zapad\u00e1 do okolia akejko\u013evek budovy.<\/p>\n","protected":false},"featured_media":17819,"template":"","meta":{"_acf_changed":false},"product_brand":[],"product_cat":[427,433,430],"product_tag":[591,592,594,595,593,589],"class_list":{"0":"post-17845","1":"product","2":"type-product","3":"status-publish","4":"has-post-thumbnail","6":"product_cat-dlazby-dlazobne-systemy-a-platne","7":"product_cat-hladke-jemnozrnne-dlazby","8":"product_cat-tryskane-dlazby","9":"product_tag-clean-and-color-protect","10":"product_tag-gyalogos","11":"product_tag-nehezgepjarmu","12":"product_tag-szemelygepjarmu","13":"product_tag-terasz","14":"product_tag-via26","16":"first","17":"instock","18":"sold-individually","19":"taxable","20":"shipping-taxable","21":"purchasable","22":"product-type-variable"},"acf":[],"yoast_head":"<!-- This site is optimized with the Yoast SEO plugin v27.4 - https:\/\/yoast.com\/product\/yoast-seo-wordpress\/ -->\n<title>Sempre Mistro - Viastein<\/title>\n<meta name=\"robots\" content=\"index, follow, max-snippet:-1, max-image-preview:large, max-video-preview:-1\" \/>\n<link rel=\"canonical\" href=\"https:\/\/www.viastein.hu\/sk\/termek\/dekoracne-dlazby\/dlazby-dlazobne-systemy-a-platne\/tryskane-dlazby\/sempre-mistro\/\" \/>\n<meta property=\"og:locale\" content=\"sk_SK\" \/>\n<meta property=\"og:type\" content=\"article\" \/>\n<meta property=\"og:title\" content=\"Sempre Mistro - Viastein\" \/>\n<meta property=\"og:description\" content=\"Tri druhy kame\u0148ov produktovej rodiny SEMPRE MISTRO s\u00fa pod\u013ea vzoru pokl\u00e1dky v jednotliv\u00fdch radoch ukladan\u00e9 zmie\u0161ane. Disponuje ochranou Clean &amp; Color Protect (CP+) Siln\u00e9 di\u0161tan\u010dn\u00e9 rebrovanie NEXUS rob\u00ed dekora\u010dn\u00fa dla\u017ebu vhodnou aj na dla\u017edenie vysoko za\u0165a\u017een\u00fdch pl\u00f4ch, verejn\u00fdch priestorov a parkov\u00edsk. V\u010faka rozmanit\u00fdm t\u00f3novan\u00fdm farb\u00e1m v\u00fdborne zapad\u00e1 do okolia akejko\u013evek budovy.\" \/>\n<meta property=\"og:url\" content=\"https:\/\/www.viastein.hu\/sk\/termek\/dekoracne-dlazby\/dlazby-dlazobne-systemy-a-platne\/tryskane-dlazby\/sempre-mistro\/\" \/>\n<meta property=\"og:site_name\" content=\"Viastein\" \/>\n<meta property=\"article:publisher\" content=\"https:\/\/www.facebook.com\/viastein.hu\/\" \/>\n<meta property=\"og:image\" content=\"https:\/\/www.viastein.hu\/wp-content\/uploads\/2024\/08\/img2-21.jpg\" \/>\n\t<meta property=\"og:image:width\" content=\"1200\" \/>\n\t<meta property=\"og:image:height\" content=\"800\" \/>\n\t<meta property=\"og:image:type\" content=\"image\/jpeg\" \/>\n<meta name=\"twitter:card\" content=\"summary_large_image\" \/>\n<script type=\"application\/ld+json\" class=\"yoast-schema-graph\">{\"@context\":\"https:\\\/\\\/schema.org\",\"@graph\":[{\"@type\":\"WebPage\",\"@id\":\"https:\\\/\\\/www.viastein.hu\\\/sk\\\/termek\\\/dekoracne-dlazby\\\/dlazby-dlazobne-systemy-a-platne\\\/tryskane-dlazby\\\/sempre-mistro\\\/\",\"url\":\"https:\\\/\\\/www.viastein.hu\\\/sk\\\/termek\\\/dekoracne-dlazby\\\/dlazby-dlazobne-systemy-a-platne\\\/tryskane-dlazby\\\/sempre-mistro\\\/\",\"name\":\"Sempre Mistro - Viastein\",\"isPartOf\":{\"@id\":\"https:\\\/\\\/www.viastein.hu\\\/sk\\\/#website\"},\"primaryImageOfPage\":{\"@id\":\"https:\\\/\\\/www.viastein.hu\\\/sk\\\/termek\\\/dekoracne-dlazby\\\/dlazby-dlazobne-systemy-a-platne\\\/tryskane-dlazby\\\/sempre-mistro\\\/#primaryimage\"},\"image\":{\"@id\":\"https:\\\/\\\/www.viastein.hu\\\/sk\\\/termek\\\/dekoracne-dlazby\\\/dlazby-dlazobne-systemy-a-platne\\\/tryskane-dlazby\\\/sempre-mistro\\\/#primaryimage\"},\"thumbnailUrl\":\"https:\\\/\\\/www.viastein.hu\\\/wp-content\\\/uploads\\\/2024\\\/08\\\/img2-21.jpg\",\"datePublished\":\"2024-08-01T11:46:40+00:00\",\"breadcrumb\":{\"@id\":\"https:\\\/\\\/www.viastein.hu\\\/sk\\\/termek\\\/dekoracne-dlazby\\\/dlazby-dlazobne-systemy-a-platne\\\/tryskane-dlazby\\\/sempre-mistro\\\/#breadcrumb\"},\"inLanguage\":\"sk-SK\",\"potentialAction\":[{\"@type\":\"ReadAction\",\"target\":[\"https:\\\/\\\/www.viastein.hu\\\/sk\\\/termek\\\/dekoracne-dlazby\\\/dlazby-dlazobne-systemy-a-platne\\\/tryskane-dlazby\\\/sempre-mistro\\\/\"]}]},{\"@type\":\"ImageObject\",\"inLanguage\":\"sk-SK\",\"@id\":\"https:\\\/\\\/www.viastein.hu\\\/sk\\\/termek\\\/dekoracne-dlazby\\\/dlazby-dlazobne-systemy-a-platne\\\/tryskane-dlazby\\\/sempre-mistro\\\/#primaryimage\",\"url\":\"https:\\\/\\\/www.viastein.hu\\\/wp-content\\\/uploads\\\/2024\\\/08\\\/img2-21.jpg\",\"contentUrl\":\"https:\\\/\\\/www.viastein.hu\\\/wp-content\\\/uploads\\\/2024\\\/08\\\/img2-21.jpg\",\"width\":1200,\"height\":800},{\"@type\":\"BreadcrumbList\",\"@id\":\"https:\\\/\\\/www.viastein.hu\\\/sk\\\/termek\\\/dekoracne-dlazby\\\/dlazby-dlazobne-systemy-a-platne\\\/tryskane-dlazby\\\/sempre-mistro\\\/#breadcrumb\",\"itemListElement\":[{\"@type\":\"ListItem\",\"position\":1,\"name\":\"Viastein\",\"item\":\"https:\\\/\\\/www.viastein.hu\\\/sk\\\/\"},{\"@type\":\"ListItem\",\"position\":2,\"name\":\"Obchod\",\"item\":\"https:\\\/\\\/www.viastein.hu\\\/sk\\\/obchod\\\/\"},{\"@type\":\"ListItem\",\"position\":3,\"name\":\"DEKORA\u010cN\u00c9 DLA\u017dBY\",\"item\":\"https:\\\/\\\/www.viastein.hu\\\/sk\\\/termek-kategoria\\\/dekoracne-dlazby\\\/\"},{\"@type\":\"ListItem\",\"position\":4,\"name\":\"Dla\u017eby, dla\u017eobn\u00e9 syst\u00e9my a platne\",\"item\":\"https:\\\/\\\/www.viastein.hu\\\/sk\\\/termek-kategoria\\\/dekoracne-dlazby\\\/dlazby-dlazobne-systemy-a-platne\\\/\"},{\"@type\":\"ListItem\",\"position\":5,\"name\":\"Sempre Mistro\"}]},{\"@type\":\"WebSite\",\"@id\":\"https:\\\/\\\/www.viastein.hu\\\/sk\\\/#website\",\"url\":\"https:\\\/\\\/www.viastein.hu\\\/sk\\\/\",\"name\":\"Viastein\",\"description\":\"D\u00edszburkolatok, falaz\u00f3elemek, vasbeton elemek. Pr\u00e9mium min\u0151s\u00e9gben, hazai rakt\u00e1rb\u00f3l, r\u00f6vid sz\u00e1ll\u00edt\u00e1si hat\u00e1rid\u0151vel.\",\"publisher\":{\"@id\":\"https:\\\/\\\/www.viastein.hu\\\/sk\\\/#organization\"},\"potentialAction\":[{\"@type\":\"SearchAction\",\"target\":{\"@type\":\"EntryPoint\",\"urlTemplate\":\"https:\\\/\\\/www.viastein.hu\\\/sk\\\/?s={search_term_string}\"},\"query-input\":{\"@type\":\"PropertyValueSpecification\",\"valueRequired\":true,\"valueName\":\"search_term_string\"}}],\"inLanguage\":\"sk-SK\"},{\"@type\":\"Organization\",\"@id\":\"https:\\\/\\\/www.viastein.hu\\\/sk\\\/#organization\",\"name\":\"Viastein\",\"url\":\"https:\\\/\\\/www.viastein.hu\\\/sk\\\/\",\"logo\":{\"@type\":\"ImageObject\",\"inLanguage\":\"sk-SK\",\"@id\":\"https:\\\/\\\/www.viastein.hu\\\/sk\\\/#\\\/schema\\\/logo\\\/image\\\/\",\"url\":\"https:\\\/\\\/www.viastein.hu\\\/wp-content\\\/uploads\\\/2024\\\/07\\\/viastein-color-logo-02-2.png\",\"contentUrl\":\"https:\\\/\\\/www.viastein.hu\\\/wp-content\\\/uploads\\\/2024\\\/07\\\/viastein-color-logo-02-2.png\",\"width\":232,\"height\":58,\"caption\":\"Viastein\"},\"image\":{\"@id\":\"https:\\\/\\\/www.viastein.hu\\\/sk\\\/#\\\/schema\\\/logo\\\/image\\\/\"},\"sameAs\":[\"https:\\\/\\\/www.facebook.com\\\/viastein.hu\\\/\",\"https:\\\/\\\/www.instagram.com\\\/viastein_hungary\\\/\",\"https:\\\/\\\/www.youtube.com\\\/@viasteinkft8464\",\"https:\\\/\\\/www.tiktok.com\\\/@viastein_hungary\"]}]}<\/script>\n<!-- \/ Yoast SEO plugin. -->","yoast_head_json":{"title":"Sempre Mistro - Viastein","robots":{"index":"index","follow":"follow","max-snippet":"max-snippet:-1","max-image-preview":"max-image-preview:large","max-video-preview":"max-video-preview:-1"},"canonical":"https:\/\/www.viastein.hu\/sk\/termek\/dekoracne-dlazby\/dlazby-dlazobne-systemy-a-platne\/tryskane-dlazby\/sempre-mistro\/","og_locale":"sk_SK","og_type":"article","og_title":"Sempre Mistro - Viastein","og_description":"Tri druhy kame\u0148ov produktovej rodiny SEMPRE MISTRO s\u00fa pod\u013ea vzoru pokl\u00e1dky v jednotliv\u00fdch radoch ukladan\u00e9 zmie\u0161ane. Disponuje ochranou Clean &amp; Color Protect (CP+) Siln\u00e9 di\u0161tan\u010dn\u00e9 rebrovanie NEXUS rob\u00ed dekora\u010dn\u00fa dla\u017ebu vhodnou aj na dla\u017edenie vysoko za\u0165a\u017een\u00fdch pl\u00f4ch, verejn\u00fdch priestorov a parkov\u00edsk. V\u010faka rozmanit\u00fdm t\u00f3novan\u00fdm farb\u00e1m v\u00fdborne zapad\u00e1 do okolia akejko\u013evek budovy.","og_url":"https:\/\/www.viastein.hu\/sk\/termek\/dekoracne-dlazby\/dlazby-dlazobne-systemy-a-platne\/tryskane-dlazby\/sempre-mistro\/","og_site_name":"Viastein","article_publisher":"https:\/\/www.facebook.com\/viastein.hu\/","og_image":[{"width":1200,"height":800,"url":"https:\/\/www.viastein.hu\/wp-content\/uploads\/2024\/08\/img2-21.jpg","type":"image\/jpeg"}],"twitter_card":"summary_large_image","schema":{"@context":"https:\/\/schema.org","@graph":[{"@type":"WebPage","@id":"https:\/\/www.viastein.hu\/sk\/termek\/dekoracne-dlazby\/dlazby-dlazobne-systemy-a-platne\/tryskane-dlazby\/sempre-mistro\/","url":"https:\/\/www.viastein.hu\/sk\/termek\/dekoracne-dlazby\/dlazby-dlazobne-systemy-a-platne\/tryskane-dlazby\/sempre-mistro\/","name":"Sempre Mistro - Viastein","isPartOf":{"@id":"https:\/\/www.viastein.hu\/sk\/#website"},"primaryImageOfPage":{"@id":"https:\/\/www.viastein.hu\/sk\/termek\/dekoracne-dlazby\/dlazby-dlazobne-systemy-a-platne\/tryskane-dlazby\/sempre-mistro\/#primaryimage"},"image":{"@id":"https:\/\/www.viastein.hu\/sk\/termek\/dekoracne-dlazby\/dlazby-dlazobne-systemy-a-platne\/tryskane-dlazby\/sempre-mistro\/#primaryimage"},"thumbnailUrl":"https:\/\/www.viastein.hu\/wp-content\/uploads\/2024\/08\/img2-21.jpg","datePublished":"2024-08-01T11:46:40+00:00","breadcrumb":{"@id":"https:\/\/www.viastein.hu\/sk\/termek\/dekoracne-dlazby\/dlazby-dlazobne-systemy-a-platne\/tryskane-dlazby\/sempre-mistro\/#breadcrumb"},"inLanguage":"sk-SK","potentialAction":[{"@type":"ReadAction","target":["https:\/\/www.viastein.hu\/sk\/termek\/dekoracne-dlazby\/dlazby-dlazobne-systemy-a-platne\/tryskane-dlazby\/sempre-mistro\/"]}]},{"@type":"ImageObject","inLanguage":"sk-SK","@id":"https:\/\/www.viastein.hu\/sk\/termek\/dekoracne-dlazby\/dlazby-dlazobne-systemy-a-platne\/tryskane-dlazby\/sempre-mistro\/#primaryimage","url":"https:\/\/www.viastein.hu\/wp-content\/uploads\/2024\/08\/img2-21.jpg","contentUrl":"https:\/\/www.viastein.hu\/wp-content\/uploads\/2024\/08\/img2-21.jpg","width":1200,"height":800},{"@type":"BreadcrumbList","@id":"https:\/\/www.viastein.hu\/sk\/termek\/dekoracne-dlazby\/dlazby-dlazobne-systemy-a-platne\/tryskane-dlazby\/sempre-mistro\/#breadcrumb","itemListElement":[{"@type":"ListItem","position":1,"name":"Viastein","item":"https:\/\/www.viastein.hu\/sk\/"},{"@type":"ListItem","position":2,"name":"Obchod","item":"https:\/\/www.viastein.hu\/sk\/obchod\/"},{"@type":"ListItem","position":3,"name":"DEKORA\u010cN\u00c9 DLA\u017dBY","item":"https:\/\/www.viastein.hu\/sk\/termek-kategoria\/dekoracne-dlazby\/"},{"@type":"ListItem","position":4,"name":"Dla\u017eby, dla\u017eobn\u00e9 syst\u00e9my a platne","item":"https:\/\/www.viastein.hu\/sk\/termek-kategoria\/dekoracne-dlazby\/dlazby-dlazobne-systemy-a-platne\/"},{"@type":"ListItem","position":5,"name":"Sempre Mistro"}]},{"@type":"WebSite","@id":"https:\/\/www.viastein.hu\/sk\/#website","url":"https:\/\/www.viastein.hu\/sk\/","name":"Viastein","description":"D\u00edszburkolatok, falaz\u00f3elemek, vasbeton elemek. Pr\u00e9mium min\u0151s\u00e9gben, hazai rakt\u00e1rb\u00f3l, r\u00f6vid sz\u00e1ll\u00edt\u00e1si hat\u00e1rid\u0151vel.","publisher":{"@id":"https:\/\/www.viastein.hu\/sk\/#organization"},"potentialAction":[{"@type":"SearchAction","target":{"@type":"EntryPoint","urlTemplate":"https:\/\/www.viastein.hu\/sk\/?s={search_term_string}"},"query-input":{"@type":"PropertyValueSpecification","valueRequired":true,"valueName":"search_term_string"}}],"inLanguage":"sk-SK"},{"@type":"Organization","@id":"https:\/\/www.viastein.hu\/sk\/#organization","name":"Viastein","url":"https:\/\/www.viastein.hu\/sk\/","logo":{"@type":"ImageObject","inLanguage":"sk-SK","@id":"https:\/\/www.viastein.hu\/sk\/#\/schema\/logo\/image\/","url":"https:\/\/www.viastein.hu\/wp-content\/uploads\/2024\/07\/viastein-color-logo-02-2.png","contentUrl":"https:\/\/www.viastein.hu\/wp-content\/uploads\/2024\/07\/viastein-color-logo-02-2.png","width":232,"height":58,"caption":"Viastein"},"image":{"@id":"https:\/\/www.viastein.hu\/sk\/#\/schema\/logo\/image\/"},"sameAs":["https:\/\/www.facebook.com\/viastein.hu\/","https:\/\/www.instagram.com\/viastein_hungary\/","https:\/\/www.youtube.com\/@viasteinkft8464","https:\/\/www.tiktok.com\/@viastein_hungary"]}]}},"_links":{"self":[{"href":"https:\/\/www.viastein.hu\/sk\/wp-json\/wp\/v2\/product\/17845","targetHints":{"allow":["GET"]}}],"collection":[{"href":"https:\/\/www.viastein.hu\/sk\/wp-json\/wp\/v2\/product"}],"about":[{"href":"https:\/\/www.viastein.hu\/sk\/wp-json\/wp\/v2\/types\/product"}],"wp:featuredmedia":[{"embeddable":true,"href":"https:\/\/www.viastein.hu\/sk\/wp-json\/wp\/v2\/media\/17819"}],"wp:attachment":[{"href":"https:\/\/www.viastein.hu\/sk\/wp-json\/wp\/v2\/media?parent=17845"}],"wp:term":[{"taxonomy":"product_brand","embeddable":true,"href":"https:\/\/www.viastein.hu\/sk\/wp-json\/wp\/v2\/product_brand?post=17845"},{"taxonomy":"product_cat","embeddable":true,"href":"https:\/\/www.viastein.hu\/sk\/wp-json\/wp\/v2\/product_cat?post=17845"},{"taxonomy":"product_tag","embeddable":true,"href":"https:\/\/www.viastein.hu\/sk\/wp-json\/wp\/v2\/product_tag?post=17845"}],"curies":[{"name":"wp","href":"https:\/\/api.w.org\/{rel}","templated":true}]}}