{"id":17813,"date":"2025-08-14T13:05:56","date_gmt":"2025-08-14T11:05:56","guid":{"rendered":"https:\/\/www.viastein.hu\/termek\/nezaraden\u00e9\/sempre-verde\/"},"modified":"2025-08-14T13:05:56","modified_gmt":"2025-08-14T11:05:56","slug":"sempre-verde","status":"publish","type":"product","link":"https:\/\/www.viastein.hu\/sk\/termek\/dekoracne-dlazby\/dlazby-dlazobne-systemy-a-platne\/sempre-verde\/","title":{"rendered":"Sempre Verde"},"content":{"rendered":"<p>Na\u0161e zelen\u00e9 syst\u00e9my s\u00fa v s\u00falade s pr\u00edrodou. Zatr\u00e1v\u0148ovacia dla\u017eba SEMPRE VERDE m\u00e1 \u0161irok\u00e9 zatr\u00e1vnite\u013en\u00e9 \u0161k\u00e1ry, ktor\u00e9 odv\u00e1dzaj\u00fa zr\u00e1\u017ekov\u00fa vodu priamo do p\u00f4dy. Vyspel\u00fd proti\u0161mykov\u00fd di\u0161tan\u010dn\u00fd syst\u00e9m sa star\u00e1 o presn\u00fd obraz \u0161k\u00e1r<br \/>\nna celej ploche. V\u0161ade zabezpe\u010duje \u0161\u00edrku \u0161k\u00e1ry<br \/>\n30 mm. O r\u00fdchly odvod da\u017e\u010fovej vody sa star\u00e1 povrchov\u00fd ochrann\u00fd prostriedok Clean &amp; Color Protect (CP+).<\/p>\n","protected":false},"excerpt":{"rendered":"<p>Na\u0161e zelen\u00e9 syst\u00e9my s\u00fa v s\u00falade s pr\u00edrodou. Zatr\u00e1v\u0148ovacia dla\u017eba SEMPRE VERDE m\u00e1 \u0161irok\u00e9 zatr\u00e1vnite\u013en\u00e9 \u0161k\u00e1ry, ktor\u00e9 odv\u00e1dzaj\u00fa zr\u00e1\u017ekov\u00fa vodu priamo do p\u00f4dy. Vyspel\u00fd proti\u0161mykov\u00fd di\u0161tan\u010dn\u00fd syst\u00e9m sa star\u00e1 o presn\u00fd obraz \u0161k\u00e1r na celej ploche. V\u0161ade zabezpe\u010duje \u0161\u00edrku \u0161k\u00e1ry 30 mm. O r\u00fdchly odvod da\u017e\u010fovej vody sa star\u00e1 povrchov\u00fd ochrann\u00fd prostriedok Clean &amp; Color [&hellip;]<\/p>\n","protected":false},"featured_media":17814,"template":"","meta":{"_acf_changed":false},"product_brand":[],"product_cat":[427],"product_tag":[589],"class_list":{"0":"post-17813","1":"product","2":"type-product","3":"status-publish","4":"has-post-thumbnail","6":"product_cat-dlazby-dlazobne-systemy-a-platne","7":"product_tag-via26","9":"first","10":"instock","11":"sold-individually","12":"taxable","13":"shipping-taxable","14":"purchasable","15":"product-type-variable"},"acf":[],"yoast_head":"<!-- This site is optimized with the Yoast SEO plugin v27.4 - https:\/\/yoast.com\/product\/yoast-seo-wordpress\/ -->\n<title>Sempre Verde - Viastein<\/title>\n<meta name=\"robots\" content=\"index, follow, max-snippet:-1, max-image-preview:large, max-video-preview:-1\" \/>\n<link rel=\"canonical\" href=\"https:\/\/www.viastein.hu\/sk\/termek\/dekoracne-dlazby\/dlazby-dlazobne-systemy-a-platne\/sempre-verde\/\" \/>\n<meta property=\"og:locale\" content=\"sk_SK\" \/>\n<meta property=\"og:type\" content=\"article\" \/>\n<meta property=\"og:title\" content=\"Sempre Verde - Viastein\" \/>\n<meta property=\"og:description\" content=\"Na\u0161e zelen\u00e9 syst\u00e9my s\u00fa v s\u00falade s pr\u00edrodou. Zatr\u00e1v\u0148ovacia dla\u017eba SEMPRE VERDE m\u00e1 \u0161irok\u00e9 zatr\u00e1vnite\u013en\u00e9 \u0161k\u00e1ry, ktor\u00e9 odv\u00e1dzaj\u00fa zr\u00e1\u017ekov\u00fa vodu priamo do p\u00f4dy. Vyspel\u00fd proti\u0161mykov\u00fd di\u0161tan\u010dn\u00fd syst\u00e9m sa star\u00e1 o presn\u00fd obraz \u0161k\u00e1r na celej ploche. V\u0161ade zabezpe\u010duje \u0161\u00edrku \u0161k\u00e1ry 30 mm. O r\u00fdchly odvod da\u017e\u010fovej vody sa star\u00e1 povrchov\u00fd ochrann\u00fd prostriedok Clean &amp; Color [&hellip;]\" \/>\n<meta property=\"og:url\" content=\"https:\/\/www.viastein.hu\/sk\/termek\/dekoracne-dlazby\/dlazby-dlazobne-systemy-a-platne\/sempre-verde\/\" \/>\n<meta property=\"og:site_name\" content=\"Viastein\" \/>\n<meta property=\"article:publisher\" content=\"https:\/\/www.facebook.com\/viastein.hu\/\" \/>\n<meta property=\"og:image\" content=\"https:\/\/www.viastein.hu\/wp-content\/uploads\/2025\/08\/Sempre_Verde_antracit_01.jpg\" \/>\n\t<meta property=\"og:image:width\" content=\"1285\" \/>\n\t<meta property=\"og:image:height\" content=\"1920\" \/>\n\t<meta property=\"og:image:type\" content=\"image\/jpeg\" \/>\n<meta name=\"twitter:card\" content=\"summary_large_image\" \/>\n<script type=\"application\/ld+json\" class=\"yoast-schema-graph\">{\"@context\":\"https:\\\/\\\/schema.org\",\"@graph\":[{\"@type\":\"WebPage\",\"@id\":\"https:\\\/\\\/www.viastein.hu\\\/sk\\\/termek\\\/dekoracne-dlazby\\\/dlazby-dlazobne-systemy-a-platne\\\/sempre-verde\\\/\",\"url\":\"https:\\\/\\\/www.viastein.hu\\\/sk\\\/termek\\\/dekoracne-dlazby\\\/dlazby-dlazobne-systemy-a-platne\\\/sempre-verde\\\/\",\"name\":\"Sempre Verde - Viastein\",\"isPartOf\":{\"@id\":\"https:\\\/\\\/www.viastein.hu\\\/sk\\\/#website\"},\"primaryImageOfPage\":{\"@id\":\"https:\\\/\\\/www.viastein.hu\\\/sk\\\/termek\\\/dekoracne-dlazby\\\/dlazby-dlazobne-systemy-a-platne\\\/sempre-verde\\\/#primaryimage\"},\"image\":{\"@id\":\"https:\\\/\\\/www.viastein.hu\\\/sk\\\/termek\\\/dekoracne-dlazby\\\/dlazby-dlazobne-systemy-a-platne\\\/sempre-verde\\\/#primaryimage\"},\"thumbnailUrl\":\"https:\\\/\\\/www.viastein.hu\\\/wp-content\\\/uploads\\\/2025\\\/08\\\/Sempre_Verde_antracit_01.jpg\",\"datePublished\":\"2025-08-14T11:05:56+00:00\",\"breadcrumb\":{\"@id\":\"https:\\\/\\\/www.viastein.hu\\\/sk\\\/termek\\\/dekoracne-dlazby\\\/dlazby-dlazobne-systemy-a-platne\\\/sempre-verde\\\/#breadcrumb\"},\"inLanguage\":\"sk-SK\",\"potentialAction\":[{\"@type\":\"ReadAction\",\"target\":[\"https:\\\/\\\/www.viastein.hu\\\/sk\\\/termek\\\/dekoracne-dlazby\\\/dlazby-dlazobne-systemy-a-platne\\\/sempre-verde\\\/\"]}]},{\"@type\":\"ImageObject\",\"inLanguage\":\"sk-SK\",\"@id\":\"https:\\\/\\\/www.viastein.hu\\\/sk\\\/termek\\\/dekoracne-dlazby\\\/dlazby-dlazobne-systemy-a-platne\\\/sempre-verde\\\/#primaryimage\",\"url\":\"https:\\\/\\\/www.viastein.hu\\\/wp-content\\\/uploads\\\/2025\\\/08\\\/Sempre_Verde_antracit_01.jpg\",\"contentUrl\":\"https:\\\/\\\/www.viastein.hu\\\/wp-content\\\/uploads\\\/2025\\\/08\\\/Sempre_Verde_antracit_01.jpg\",\"width\":1285,\"height\":1920},{\"@type\":\"BreadcrumbList\",\"@id\":\"https:\\\/\\\/www.viastein.hu\\\/sk\\\/termek\\\/dekoracne-dlazby\\\/dlazby-dlazobne-systemy-a-platne\\\/sempre-verde\\\/#breadcrumb\",\"itemListElement\":[{\"@type\":\"ListItem\",\"position\":1,\"name\":\"Viastein\",\"item\":\"https:\\\/\\\/www.viastein.hu\\\/sk\\\/\"},{\"@type\":\"ListItem\",\"position\":2,\"name\":\"Obchod\",\"item\":\"https:\\\/\\\/www.viastein.hu\\\/sk\\\/obchod\\\/\"},{\"@type\":\"ListItem\",\"position\":3,\"name\":\"DEKORA\u010cN\u00c9 DLA\u017dBY\",\"item\":\"https:\\\/\\\/www.viastein.hu\\\/sk\\\/termek-kategoria\\\/dekoracne-dlazby\\\/\"},{\"@type\":\"ListItem\",\"position\":4,\"name\":\"Dla\u017eby, dla\u017eobn\u00e9 syst\u00e9my a platne\",\"item\":\"https:\\\/\\\/www.viastein.hu\\\/sk\\\/termek-kategoria\\\/dekoracne-dlazby\\\/dlazby-dlazobne-systemy-a-platne\\\/\"},{\"@type\":\"ListItem\",\"position\":5,\"name\":\"Sempre Verde\"}]},{\"@type\":\"WebSite\",\"@id\":\"https:\\\/\\\/www.viastein.hu\\\/sk\\\/#website\",\"url\":\"https:\\\/\\\/www.viastein.hu\\\/sk\\\/\",\"name\":\"Viastein\",\"description\":\"D\u00edszburkolatok, falaz\u00f3elemek, vasbeton elemek. Pr\u00e9mium min\u0151s\u00e9gben, hazai rakt\u00e1rb\u00f3l, r\u00f6vid sz\u00e1ll\u00edt\u00e1si hat\u00e1rid\u0151vel.\",\"publisher\":{\"@id\":\"https:\\\/\\\/www.viastein.hu\\\/sk\\\/#organization\"},\"potentialAction\":[{\"@type\":\"SearchAction\",\"target\":{\"@type\":\"EntryPoint\",\"urlTemplate\":\"https:\\\/\\\/www.viastein.hu\\\/sk\\\/?s={search_term_string}\"},\"query-input\":{\"@type\":\"PropertyValueSpecification\",\"valueRequired\":true,\"valueName\":\"search_term_string\"}}],\"inLanguage\":\"sk-SK\"},{\"@type\":\"Organization\",\"@id\":\"https:\\\/\\\/www.viastein.hu\\\/sk\\\/#organization\",\"name\":\"Viastein\",\"url\":\"https:\\\/\\\/www.viastein.hu\\\/sk\\\/\",\"logo\":{\"@type\":\"ImageObject\",\"inLanguage\":\"sk-SK\",\"@id\":\"https:\\\/\\\/www.viastein.hu\\\/sk\\\/#\\\/schema\\\/logo\\\/image\\\/\",\"url\":\"https:\\\/\\\/www.viastein.hu\\\/wp-content\\\/uploads\\\/2024\\\/07\\\/viastein-color-logo-02-2.png\",\"contentUrl\":\"https:\\\/\\\/www.viastein.hu\\\/wp-content\\\/uploads\\\/2024\\\/07\\\/viastein-color-logo-02-2.png\",\"width\":232,\"height\":58,\"caption\":\"Viastein\"},\"image\":{\"@id\":\"https:\\\/\\\/www.viastein.hu\\\/sk\\\/#\\\/schema\\\/logo\\\/image\\\/\"},\"sameAs\":[\"https:\\\/\\\/www.facebook.com\\\/viastein.hu\\\/\",\"https:\\\/\\\/www.instagram.com\\\/viastein_hungary\\\/\",\"https:\\\/\\\/www.youtube.com\\\/@viasteinkft8464\",\"https:\\\/\\\/www.tiktok.com\\\/@viastein_hungary\"]}]}<\/script>\n<!-- \/ Yoast SEO plugin. -->","yoast_head_json":{"title":"Sempre Verde - Viastein","robots":{"index":"index","follow":"follow","max-snippet":"max-snippet:-1","max-image-preview":"max-image-preview:large","max-video-preview":"max-video-preview:-1"},"canonical":"https:\/\/www.viastein.hu\/sk\/termek\/dekoracne-dlazby\/dlazby-dlazobne-systemy-a-platne\/sempre-verde\/","og_locale":"sk_SK","og_type":"article","og_title":"Sempre Verde - Viastein","og_description":"Na\u0161e zelen\u00e9 syst\u00e9my s\u00fa v s\u00falade s pr\u00edrodou. Zatr\u00e1v\u0148ovacia dla\u017eba SEMPRE VERDE m\u00e1 \u0161irok\u00e9 zatr\u00e1vnite\u013en\u00e9 \u0161k\u00e1ry, ktor\u00e9 odv\u00e1dzaj\u00fa zr\u00e1\u017ekov\u00fa vodu priamo do p\u00f4dy. Vyspel\u00fd proti\u0161mykov\u00fd di\u0161tan\u010dn\u00fd syst\u00e9m sa star\u00e1 o presn\u00fd obraz \u0161k\u00e1r na celej ploche. V\u0161ade zabezpe\u010duje \u0161\u00edrku \u0161k\u00e1ry 30 mm. O r\u00fdchly odvod da\u017e\u010fovej vody sa star\u00e1 povrchov\u00fd ochrann\u00fd prostriedok Clean &amp; Color [&hellip;]","og_url":"https:\/\/www.viastein.hu\/sk\/termek\/dekoracne-dlazby\/dlazby-dlazobne-systemy-a-platne\/sempre-verde\/","og_site_name":"Viastein","article_publisher":"https:\/\/www.facebook.com\/viastein.hu\/","og_image":[{"width":1285,"height":1920,"url":"https:\/\/www.viastein.hu\/wp-content\/uploads\/2025\/08\/Sempre_Verde_antracit_01.jpg","type":"image\/jpeg"}],"twitter_card":"summary_large_image","schema":{"@context":"https:\/\/schema.org","@graph":[{"@type":"WebPage","@id":"https:\/\/www.viastein.hu\/sk\/termek\/dekoracne-dlazby\/dlazby-dlazobne-systemy-a-platne\/sempre-verde\/","url":"https:\/\/www.viastein.hu\/sk\/termek\/dekoracne-dlazby\/dlazby-dlazobne-systemy-a-platne\/sempre-verde\/","name":"Sempre Verde - Viastein","isPartOf":{"@id":"https:\/\/www.viastein.hu\/sk\/#website"},"primaryImageOfPage":{"@id":"https:\/\/www.viastein.hu\/sk\/termek\/dekoracne-dlazby\/dlazby-dlazobne-systemy-a-platne\/sempre-verde\/#primaryimage"},"image":{"@id":"https:\/\/www.viastein.hu\/sk\/termek\/dekoracne-dlazby\/dlazby-dlazobne-systemy-a-platne\/sempre-verde\/#primaryimage"},"thumbnailUrl":"https:\/\/www.viastein.hu\/wp-content\/uploads\/2025\/08\/Sempre_Verde_antracit_01.jpg","datePublished":"2025-08-14T11:05:56+00:00","breadcrumb":{"@id":"https:\/\/www.viastein.hu\/sk\/termek\/dekoracne-dlazby\/dlazby-dlazobne-systemy-a-platne\/sempre-verde\/#breadcrumb"},"inLanguage":"sk-SK","potentialAction":[{"@type":"ReadAction","target":["https:\/\/www.viastein.hu\/sk\/termek\/dekoracne-dlazby\/dlazby-dlazobne-systemy-a-platne\/sempre-verde\/"]}]},{"@type":"ImageObject","inLanguage":"sk-SK","@id":"https:\/\/www.viastein.hu\/sk\/termek\/dekoracne-dlazby\/dlazby-dlazobne-systemy-a-platne\/sempre-verde\/#primaryimage","url":"https:\/\/www.viastein.hu\/wp-content\/uploads\/2025\/08\/Sempre_Verde_antracit_01.jpg","contentUrl":"https:\/\/www.viastein.hu\/wp-content\/uploads\/2025\/08\/Sempre_Verde_antracit_01.jpg","width":1285,"height":1920},{"@type":"BreadcrumbList","@id":"https:\/\/www.viastein.hu\/sk\/termek\/dekoracne-dlazby\/dlazby-dlazobne-systemy-a-platne\/sempre-verde\/#breadcrumb","itemListElement":[{"@type":"ListItem","position":1,"name":"Viastein","item":"https:\/\/www.viastein.hu\/sk\/"},{"@type":"ListItem","position":2,"name":"Obchod","item":"https:\/\/www.viastein.hu\/sk\/obchod\/"},{"@type":"ListItem","position":3,"name":"DEKORA\u010cN\u00c9 DLA\u017dBY","item":"https:\/\/www.viastein.hu\/sk\/termek-kategoria\/dekoracne-dlazby\/"},{"@type":"ListItem","position":4,"name":"Dla\u017eby, dla\u017eobn\u00e9 syst\u00e9my a platne","item":"https:\/\/www.viastein.hu\/sk\/termek-kategoria\/dekoracne-dlazby\/dlazby-dlazobne-systemy-a-platne\/"},{"@type":"ListItem","position":5,"name":"Sempre Verde"}]},{"@type":"WebSite","@id":"https:\/\/www.viastein.hu\/sk\/#website","url":"https:\/\/www.viastein.hu\/sk\/","name":"Viastein","description":"D\u00edszburkolatok, falaz\u00f3elemek, vasbeton elemek. Pr\u00e9mium min\u0151s\u00e9gben, hazai rakt\u00e1rb\u00f3l, r\u00f6vid sz\u00e1ll\u00edt\u00e1si hat\u00e1rid\u0151vel.","publisher":{"@id":"https:\/\/www.viastein.hu\/sk\/#organization"},"potentialAction":[{"@type":"SearchAction","target":{"@type":"EntryPoint","urlTemplate":"https:\/\/www.viastein.hu\/sk\/?s={search_term_string}"},"query-input":{"@type":"PropertyValueSpecification","valueRequired":true,"valueName":"search_term_string"}}],"inLanguage":"sk-SK"},{"@type":"Organization","@id":"https:\/\/www.viastein.hu\/sk\/#organization","name":"Viastein","url":"https:\/\/www.viastein.hu\/sk\/","logo":{"@type":"ImageObject","inLanguage":"sk-SK","@id":"https:\/\/www.viastein.hu\/sk\/#\/schema\/logo\/image\/","url":"https:\/\/www.viastein.hu\/wp-content\/uploads\/2024\/07\/viastein-color-logo-02-2.png","contentUrl":"https:\/\/www.viastein.hu\/wp-content\/uploads\/2024\/07\/viastein-color-logo-02-2.png","width":232,"height":58,"caption":"Viastein"},"image":{"@id":"https:\/\/www.viastein.hu\/sk\/#\/schema\/logo\/image\/"},"sameAs":["https:\/\/www.facebook.com\/viastein.hu\/","https:\/\/www.instagram.com\/viastein_hungary\/","https:\/\/www.youtube.com\/@viasteinkft8464","https:\/\/www.tiktok.com\/@viastein_hungary"]}]}},"_links":{"self":[{"href":"https:\/\/www.viastein.hu\/sk\/wp-json\/wp\/v2\/product\/17813","targetHints":{"allow":["GET"]}}],"collection":[{"href":"https:\/\/www.viastein.hu\/sk\/wp-json\/wp\/v2\/product"}],"about":[{"href":"https:\/\/www.viastein.hu\/sk\/wp-json\/wp\/v2\/types\/product"}],"wp:featuredmedia":[{"embeddable":true,"href":"https:\/\/www.viastein.hu\/sk\/wp-json\/wp\/v2\/media\/17814"}],"wp:attachment":[{"href":"https:\/\/www.viastein.hu\/sk\/wp-json\/wp\/v2\/media?parent=17813"}],"wp:term":[{"taxonomy":"product_brand","embeddable":true,"href":"https:\/\/www.viastein.hu\/sk\/wp-json\/wp\/v2\/product_brand?post=17813"},{"taxonomy":"product_cat","embeddable":true,"href":"https:\/\/www.viastein.hu\/sk\/wp-json\/wp\/v2\/product_cat?post=17813"},{"taxonomy":"product_tag","embeddable":true,"href":"https:\/\/www.viastein.hu\/sk\/wp-json\/wp\/v2\/product_tag?post=17813"}],"curies":[{"name":"wp","href":"https:\/\/api.w.org\/{rel}","templated":true}]}}