{"id":11506,"date":"2025-10-28T17:26:48","date_gmt":"2025-10-28T15:26:48","guid":{"rendered":"https:\/\/www.viastein.hu\/?post_type=product&#038;p=11506"},"modified":"2025-11-04T21:32:25","modified_gmt":"2025-11-04T19:32:25","slug":"viapanel-vfpd450-2750x400x150","status":"publish","type":"product","link":"https:\/\/www.viastein.hu\/sk\/termek\/murivove-prvky\/viapanel-sk\/viapanel-vfpd450-2750x400x150\/","title":{"rendered":"VIAPANEL VFP\tD450 2750x400x150"},"content":{"rendered":"<p>Vasalt p\u00f3rusbeton v\u00e1laszfal paneleink \u00e9p\u00fcletek v\u00e1laszfalainak gyors, hat\u00e9kony k\u00e9sz\u00edt\u00e9s\u00e9t teszik lehet\u0151v\u00e9.<br \/>\nA panelek v\u00e1laszthat\u00f3 vastags\u00e1gi m\u00e9retei 100, 125, \u00e9s 150 mm, illetve kifejezetten nagy magass\u00e1g\u00fa \u00e9s\/vagy nagyobb ig\u00e9nybev\u00e9telekre tervezett v\u00e1laszfalak eset\u00e9n 200 mm-es vastags\u00e1gban is rendelhet\u0151k. Tests\u0171r\u0171s\u00e9gi oszt\u00e1lyuk egys\u00e9gesen D450-es (egyedi megrendel\u00e9s alapj\u00e1n k\u00e9sz\u00fclhet D500-as anyagmin\u0151s\u00e9gb\u0151l is).<br \/>\nA jellemz\u0151 magass\u00e1gi m\u00e9ret\u00fck 3000 mm, maxim\u00e1lis magass\u00e1gi m\u00e9ret\u00fck a vastags\u00e1g f\u00fcggv\u00e9ny\u00e9ben v\u00e1ltozik 3400 \u00e9s 6000 mm k\u00f6z\u00f6tt. Egyedi m\u00e9ret\u0171 elemek 1000 \u00e9s 5990 mm k\u00f6z\u00f6tt 10 mm-es m\u00e9retl\u00e9pcs\u0151ben rendelhet\u0151k, ugyanakkor elemek k\u00e9zi k\u00f6rf\u0171r\u00e9sszel az \u00e9p\u00edt\u00e9s helysz\u00edn\u00e9n m\u00e9retre v\u00e1ghat\u00f3k, \u00edgy nem felt\u00e9tlen\u00fcl sz\u00fcks\u00e9ges az egyedi hosszm\u00e9ret. Az elemsz\u00e9less\u00e9g egys\u00e9gesen n\u00e9vleges 600 mm, val\u00f3s 598 mm. Tests\u0171r\u0171s\u00e9gi oszt\u00e1ly egys\u00e9gesen D450-es, de nagyobb ig\u00e9nybev\u00e9tel eset\u00e9n lehet\u0151s\u00e9g van megrendel\u00e9s alapj\u00e1n D500-as oszt\u00e1lyb\u00f3l gy\u00e1rtani.<\/p>\n<p>&nbsp;<\/p>\n<p><!--StartFragment --><\/p>\n<p><strong><span class=\"cf0\">A term\u00e9k a felt\u00fcntetett<\/span><span class=\"cf1\">\u0151l elt<\/span><span class=\"cf0\">\u00e9r<\/span><span class=\"cf1\">\u0151 hosszm<\/span><span class=\"cf0\">\u00e9retben is rendelhet<\/span><span class=\"cf1\">\u0151, <\/span><span class=\"cf0\">\u00e1raj\u00e1nlat k\u00e9r\u00e9s\u00e9vel vegye fel vel\u00fcnk a kapcsolatot!<\/span><\/strong><\/p>\n<p><!--EndFragment --><\/p>\n","protected":false},"excerpt":{"rendered":"<h3 style=\"text-align: left;\">TECHNIKAI ADATOK<\/h3>\n<div style=\"max-width: 700px; margin: 0;\">\n<table style=\"width: 100%; border-collapse: collapse; text-align: left;\">\n<thead>\n<tr style=\"background-color: #000 !important; color: #fff !important;\">\n<th style=\"padding: 10px; background-color: #000 !important; color: #fff !important;\"><\/th>\n<th style=\"padding: 10px; background-color: #000 !important; color: #fff !important;\">Tests\u0171r\u0171s\u00e9g<\/th>\n<th style=\"padding: 10px; background-color: #000 !important; color: #fff !important;\">Magass\u00e1g<\/th>\n<th style=\"padding: 10px; background-color: #000 !important; color: #fff !important;\">Sz\u00e9less\u00e9g<\/th>\n<th style=\"padding: 10px; background-color: #000 !important; color: #fff !important;\">Vastags\u00e1g<\/th>\n<\/tr>\n<\/thead>\n<tbody>\n<tr style=\"background-color: #f0f2f2;\">\n<th style=\"padding: 10px;\">Viapanel VFP<\/th>\n<td style=\"padding: 10px;\">450 <!--StartFragment --><span class=\"cf0\">kg\/m\u00b3<\/span><!--EndFragment --><\/td>\n<td style=\"padding: 10px;\">2750 mm<\/td>\n<td style=\"padding: 10px;\">400 mm<\/td>\n<td style=\"padding: 10px;\">150 mm<\/td>\n<\/tr>\n<\/tbody>\n<\/table>\n<\/div>\n","protected":false},"featured_media":11452,"template":"","meta":{"_acf_changed":false},"product_brand":[],"product_cat":[243,176],"product_tag":[],"class_list":{"0":"post-11506","1":"product","2":"type-product","3":"status-publish","4":"has-post-thumbnail","6":"product_cat-falazoelemek","7":"product_cat-viapanel","9":"first","10":"instock","11":"sold-individually","12":"taxable","13":"shipping-taxable","14":"purchasable","15":"product-type-simple"},"acf":[],"yoast_head":"<!-- This site is optimized with the Yoast SEO plugin v27.4 - https:\/\/yoast.com\/product\/yoast-seo-wordpress\/ -->\n<title>VIAPANEL VFP D450 2750x400x150 - Viastein<\/title>\n<meta name=\"robots\" content=\"index, follow, max-snippet:-1, max-image-preview:large, max-video-preview:-1\" \/>\n<link rel=\"canonical\" href=\"https:\/\/www.viastein.hu\/sk\/termek\/murivove-prvky\/viapanel-sk\/viapanel-vfpd450-2750x400x150\/\" \/>\n<meta property=\"og:locale\" content=\"sk_SK\" \/>\n<meta property=\"og:type\" content=\"article\" \/>\n<meta property=\"og:title\" content=\"VIAPANEL VFP D450 2750x400x150 - Viastein\" \/>\n<meta property=\"og:description\" content=\"TECHNIKAI ADATOK      Tests\u0171r\u0171s\u00e9g Magass\u00e1g Sz\u00e9less\u00e9g Vastags\u00e1g     Viapanel VFP 450 kg\/m\u00b3 2750 mm 400 mm 150 mm\" \/>\n<meta property=\"og:url\" content=\"https:\/\/www.viastein.hu\/sk\/termek\/murivove-prvky\/viapanel-sk\/viapanel-vfpd450-2750x400x150\/\" \/>\n<meta property=\"og:site_name\" content=\"Viastein\" \/>\n<meta property=\"article:publisher\" content=\"https:\/\/www.facebook.com\/viastein.hu\/\" \/>\n<meta property=\"article:modified_time\" content=\"2025-11-04T19:32:25+00:00\" \/>\n<meta property=\"og:image\" content=\"https:\/\/www.viastein.hu\/wp-content\/uploads\/2025\/10\/Viapanel-d450-v3-attetszo-hatter.png\" \/>\n\t<meta property=\"og:image:width\" content=\"1920\" \/>\n\t<meta property=\"og:image:height\" content=\"1920\" \/>\n\t<meta property=\"og:image:type\" content=\"image\/png\" \/>\n<meta name=\"twitter:card\" content=\"summary_large_image\" \/>\n<meta name=\"twitter:label1\" content=\"Predpokladan\u00fd \u010das \u010d\u00edtania\" \/>\n\t<meta name=\"twitter:data1\" content=\"1 min\u00fata\" \/>\n<script type=\"application\/ld+json\" class=\"yoast-schema-graph\">{\"@context\":\"https:\\\/\\\/schema.org\",\"@graph\":[{\"@type\":\"WebPage\",\"@id\":\"https:\\\/\\\/www.viastein.hu\\\/sk\\\/termek\\\/murivove-prvky\\\/viapanel-sk\\\/viapanel-vfpd450-2750x400x150\\\/\",\"url\":\"https:\\\/\\\/www.viastein.hu\\\/sk\\\/termek\\\/murivove-prvky\\\/viapanel-sk\\\/viapanel-vfpd450-2750x400x150\\\/\",\"name\":\"VIAPANEL VFP D450 2750x400x150 - Viastein\",\"isPartOf\":{\"@id\":\"https:\\\/\\\/www.viastein.hu\\\/sk\\\/#website\"},\"primaryImageOfPage\":{\"@id\":\"https:\\\/\\\/www.viastein.hu\\\/sk\\\/termek\\\/murivove-prvky\\\/viapanel-sk\\\/viapanel-vfpd450-2750x400x150\\\/#primaryimage\"},\"image\":{\"@id\":\"https:\\\/\\\/www.viastein.hu\\\/sk\\\/termek\\\/murivove-prvky\\\/viapanel-sk\\\/viapanel-vfpd450-2750x400x150\\\/#primaryimage\"},\"thumbnailUrl\":\"https:\\\/\\\/www.viastein.hu\\\/wp-content\\\/uploads\\\/2025\\\/10\\\/Viapanel-d450-v3-attetszo-hatter.png\",\"datePublished\":\"2025-10-28T15:26:48+00:00\",\"dateModified\":\"2025-11-04T19:32:25+00:00\",\"breadcrumb\":{\"@id\":\"https:\\\/\\\/www.viastein.hu\\\/sk\\\/termek\\\/murivove-prvky\\\/viapanel-sk\\\/viapanel-vfpd450-2750x400x150\\\/#breadcrumb\"},\"inLanguage\":\"sk-SK\",\"potentialAction\":[{\"@type\":\"ReadAction\",\"target\":[\"https:\\\/\\\/www.viastein.hu\\\/sk\\\/termek\\\/murivove-prvky\\\/viapanel-sk\\\/viapanel-vfpd450-2750x400x150\\\/\"]}]},{\"@type\":\"ImageObject\",\"inLanguage\":\"sk-SK\",\"@id\":\"https:\\\/\\\/www.viastein.hu\\\/sk\\\/termek\\\/murivove-prvky\\\/viapanel-sk\\\/viapanel-vfpd450-2750x400x150\\\/#primaryimage\",\"url\":\"https:\\\/\\\/www.viastein.hu\\\/wp-content\\\/uploads\\\/2025\\\/10\\\/Viapanel-d450-v3-attetszo-hatter.png\",\"contentUrl\":\"https:\\\/\\\/www.viastein.hu\\\/wp-content\\\/uploads\\\/2025\\\/10\\\/Viapanel-d450-v3-attetszo-hatter.png\",\"width\":1920,\"height\":1920},{\"@type\":\"BreadcrumbList\",\"@id\":\"https:\\\/\\\/www.viastein.hu\\\/sk\\\/termek\\\/murivove-prvky\\\/viapanel-sk\\\/viapanel-vfpd450-2750x400x150\\\/#breadcrumb\",\"itemListElement\":[{\"@type\":\"ListItem\",\"position\":1,\"name\":\"Viastein\",\"item\":\"https:\\\/\\\/www.viastein.hu\\\/sk\\\/\"},{\"@type\":\"ListItem\",\"position\":2,\"name\":\"Obchod\",\"item\":\"https:\\\/\\\/www.viastein.hu\\\/sk\\\/obchod\\\/\"},{\"@type\":\"ListItem\",\"position\":3,\"name\":\"MURIVOV\u00c9 PRVKY\",\"item\":\"https:\\\/\\\/www.viastein.hu\\\/sk\\\/termek-kategoria\\\/murivove-prvky\\\/\"},{\"@type\":\"ListItem\",\"position\":4,\"name\":\"VIAPANEL\",\"item\":\"https:\\\/\\\/www.viastein.hu\\\/sk\\\/termek-kategoria\\\/murivove-prvky\\\/viapanel-sk\\\/\"},{\"@type\":\"ListItem\",\"position\":5,\"name\":\"VIAPANEL VFP D450 2750x400x150\"}]},{\"@type\":\"WebSite\",\"@id\":\"https:\\\/\\\/www.viastein.hu\\\/sk\\\/#website\",\"url\":\"https:\\\/\\\/www.viastein.hu\\\/sk\\\/\",\"name\":\"Viastein\",\"description\":\"D\u00edszburkolatok, falaz\u00f3elemek, vasbeton elemek. Pr\u00e9mium min\u0151s\u00e9gben, hazai rakt\u00e1rb\u00f3l, r\u00f6vid sz\u00e1ll\u00edt\u00e1si hat\u00e1rid\u0151vel.\",\"publisher\":{\"@id\":\"https:\\\/\\\/www.viastein.hu\\\/sk\\\/#organization\"},\"potentialAction\":[{\"@type\":\"SearchAction\",\"target\":{\"@type\":\"EntryPoint\",\"urlTemplate\":\"https:\\\/\\\/www.viastein.hu\\\/sk\\\/?s={search_term_string}\"},\"query-input\":{\"@type\":\"PropertyValueSpecification\",\"valueRequired\":true,\"valueName\":\"search_term_string\"}}],\"inLanguage\":\"sk-SK\"},{\"@type\":\"Organization\",\"@id\":\"https:\\\/\\\/www.viastein.hu\\\/sk\\\/#organization\",\"name\":\"Viastein\",\"url\":\"https:\\\/\\\/www.viastein.hu\\\/sk\\\/\",\"logo\":{\"@type\":\"ImageObject\",\"inLanguage\":\"sk-SK\",\"@id\":\"https:\\\/\\\/www.viastein.hu\\\/sk\\\/#\\\/schema\\\/logo\\\/image\\\/\",\"url\":\"https:\\\/\\\/www.viastein.hu\\\/wp-content\\\/uploads\\\/2024\\\/07\\\/viastein-color-logo-02-2.png\",\"contentUrl\":\"https:\\\/\\\/www.viastein.hu\\\/wp-content\\\/uploads\\\/2024\\\/07\\\/viastein-color-logo-02-2.png\",\"width\":232,\"height\":58,\"caption\":\"Viastein\"},\"image\":{\"@id\":\"https:\\\/\\\/www.viastein.hu\\\/sk\\\/#\\\/schema\\\/logo\\\/image\\\/\"},\"sameAs\":[\"https:\\\/\\\/www.facebook.com\\\/viastein.hu\\\/\",\"https:\\\/\\\/www.instagram.com\\\/viastein_hungary\\\/\",\"https:\\\/\\\/www.youtube.com\\\/@viasteinkft8464\",\"https:\\\/\\\/www.tiktok.com\\\/@viastein_hungary\"]}]}<\/script>\n<!-- \/ Yoast SEO plugin. -->","yoast_head_json":{"title":"VIAPANEL VFP D450 2750x400x150 - Viastein","robots":{"index":"index","follow":"follow","max-snippet":"max-snippet:-1","max-image-preview":"max-image-preview:large","max-video-preview":"max-video-preview:-1"},"canonical":"https:\/\/www.viastein.hu\/sk\/termek\/murivove-prvky\/viapanel-sk\/viapanel-vfpd450-2750x400x150\/","og_locale":"sk_SK","og_type":"article","og_title":"VIAPANEL VFP D450 2750x400x150 - Viastein","og_description":"TECHNIKAI ADATOK      Tests\u0171r\u0171s\u00e9g Magass\u00e1g Sz\u00e9less\u00e9g Vastags\u00e1g     Viapanel VFP 450 kg\/m\u00b3 2750 mm 400 mm 150 mm","og_url":"https:\/\/www.viastein.hu\/sk\/termek\/murivove-prvky\/viapanel-sk\/viapanel-vfpd450-2750x400x150\/","og_site_name":"Viastein","article_publisher":"https:\/\/www.facebook.com\/viastein.hu\/","article_modified_time":"2025-11-04T19:32:25+00:00","og_image":[{"width":1920,"height":1920,"url":"https:\/\/www.viastein.hu\/wp-content\/uploads\/2025\/10\/Viapanel-d450-v3-attetszo-hatter.png","type":"image\/png"}],"twitter_card":"summary_large_image","twitter_misc":{"Predpokladan\u00fd \u010das \u010d\u00edtania":"1 min\u00fata"},"schema":{"@context":"https:\/\/schema.org","@graph":[{"@type":"WebPage","@id":"https:\/\/www.viastein.hu\/sk\/termek\/murivove-prvky\/viapanel-sk\/viapanel-vfpd450-2750x400x150\/","url":"https:\/\/www.viastein.hu\/sk\/termek\/murivove-prvky\/viapanel-sk\/viapanel-vfpd450-2750x400x150\/","name":"VIAPANEL VFP D450 2750x400x150 - Viastein","isPartOf":{"@id":"https:\/\/www.viastein.hu\/sk\/#website"},"primaryImageOfPage":{"@id":"https:\/\/www.viastein.hu\/sk\/termek\/murivove-prvky\/viapanel-sk\/viapanel-vfpd450-2750x400x150\/#primaryimage"},"image":{"@id":"https:\/\/www.viastein.hu\/sk\/termek\/murivove-prvky\/viapanel-sk\/viapanel-vfpd450-2750x400x150\/#primaryimage"},"thumbnailUrl":"https:\/\/www.viastein.hu\/wp-content\/uploads\/2025\/10\/Viapanel-d450-v3-attetszo-hatter.png","datePublished":"2025-10-28T15:26:48+00:00","dateModified":"2025-11-04T19:32:25+00:00","breadcrumb":{"@id":"https:\/\/www.viastein.hu\/sk\/termek\/murivove-prvky\/viapanel-sk\/viapanel-vfpd450-2750x400x150\/#breadcrumb"},"inLanguage":"sk-SK","potentialAction":[{"@type":"ReadAction","target":["https:\/\/www.viastein.hu\/sk\/termek\/murivove-prvky\/viapanel-sk\/viapanel-vfpd450-2750x400x150\/"]}]},{"@type":"ImageObject","inLanguage":"sk-SK","@id":"https:\/\/www.viastein.hu\/sk\/termek\/murivove-prvky\/viapanel-sk\/viapanel-vfpd450-2750x400x150\/#primaryimage","url":"https:\/\/www.viastein.hu\/wp-content\/uploads\/2025\/10\/Viapanel-d450-v3-attetszo-hatter.png","contentUrl":"https:\/\/www.viastein.hu\/wp-content\/uploads\/2025\/10\/Viapanel-d450-v3-attetszo-hatter.png","width":1920,"height":1920},{"@type":"BreadcrumbList","@id":"https:\/\/www.viastein.hu\/sk\/termek\/murivove-prvky\/viapanel-sk\/viapanel-vfpd450-2750x400x150\/#breadcrumb","itemListElement":[{"@type":"ListItem","position":1,"name":"Viastein","item":"https:\/\/www.viastein.hu\/sk\/"},{"@type":"ListItem","position":2,"name":"Obchod","item":"https:\/\/www.viastein.hu\/sk\/obchod\/"},{"@type":"ListItem","position":3,"name":"MURIVOV\u00c9 PRVKY","item":"https:\/\/www.viastein.hu\/sk\/termek-kategoria\/murivove-prvky\/"},{"@type":"ListItem","position":4,"name":"VIAPANEL","item":"https:\/\/www.viastein.hu\/sk\/termek-kategoria\/murivove-prvky\/viapanel-sk\/"},{"@type":"ListItem","position":5,"name":"VIAPANEL VFP D450 2750x400x150"}]},{"@type":"WebSite","@id":"https:\/\/www.viastein.hu\/sk\/#website","url":"https:\/\/www.viastein.hu\/sk\/","name":"Viastein","description":"D\u00edszburkolatok, falaz\u00f3elemek, vasbeton elemek. Pr\u00e9mium min\u0151s\u00e9gben, hazai rakt\u00e1rb\u00f3l, r\u00f6vid sz\u00e1ll\u00edt\u00e1si hat\u00e1rid\u0151vel.","publisher":{"@id":"https:\/\/www.viastein.hu\/sk\/#organization"},"potentialAction":[{"@type":"SearchAction","target":{"@type":"EntryPoint","urlTemplate":"https:\/\/www.viastein.hu\/sk\/?s={search_term_string}"},"query-input":{"@type":"PropertyValueSpecification","valueRequired":true,"valueName":"search_term_string"}}],"inLanguage":"sk-SK"},{"@type":"Organization","@id":"https:\/\/www.viastein.hu\/sk\/#organization","name":"Viastein","url":"https:\/\/www.viastein.hu\/sk\/","logo":{"@type":"ImageObject","inLanguage":"sk-SK","@id":"https:\/\/www.viastein.hu\/sk\/#\/schema\/logo\/image\/","url":"https:\/\/www.viastein.hu\/wp-content\/uploads\/2024\/07\/viastein-color-logo-02-2.png","contentUrl":"https:\/\/www.viastein.hu\/wp-content\/uploads\/2024\/07\/viastein-color-logo-02-2.png","width":232,"height":58,"caption":"Viastein"},"image":{"@id":"https:\/\/www.viastein.hu\/sk\/#\/schema\/logo\/image\/"},"sameAs":["https:\/\/www.facebook.com\/viastein.hu\/","https:\/\/www.instagram.com\/viastein_hungary\/","https:\/\/www.youtube.com\/@viasteinkft8464","https:\/\/www.tiktok.com\/@viastein_hungary"]}]}},"_links":{"self":[{"href":"https:\/\/www.viastein.hu\/sk\/wp-json\/wp\/v2\/product\/11506","targetHints":{"allow":["GET"]}}],"collection":[{"href":"https:\/\/www.viastein.hu\/sk\/wp-json\/wp\/v2\/product"}],"about":[{"href":"https:\/\/www.viastein.hu\/sk\/wp-json\/wp\/v2\/types\/product"}],"wp:featuredmedia":[{"embeddable":true,"href":"https:\/\/www.viastein.hu\/sk\/wp-json\/wp\/v2\/media\/11452"}],"wp:attachment":[{"href":"https:\/\/www.viastein.hu\/sk\/wp-json\/wp\/v2\/media?parent=11506"}],"wp:term":[{"taxonomy":"product_brand","embeddable":true,"href":"https:\/\/www.viastein.hu\/sk\/wp-json\/wp\/v2\/product_brand?post=11506"},{"taxonomy":"product_cat","embeddable":true,"href":"https:\/\/www.viastein.hu\/sk\/wp-json\/wp\/v2\/product_cat?post=11506"},{"taxonomy":"product_tag","embeddable":true,"href":"https:\/\/www.viastein.hu\/sk\/wp-json\/wp\/v2\/product_tag?post=11506"}],"curies":[{"name":"wp","href":"https:\/\/api.w.org\/{rel}","templated":true}]}}