{"id":18845,"date":"2024-10-10T17:48:21","date_gmt":"2024-10-10T15:48:21","guid":{"rendered":"https:\/\/www.viastein.hu\/?page_id=18845"},"modified":"2026-05-14T10:20:33","modified_gmt":"2026-05-14T08:20:33","slug":"murivove-prvky","status":"publish","type":"page","link":"https:\/\/www.viastein.hu\/sk\/murivove-prvky\/","title":{"rendered":"MURIVOV\u00c9 PRVKY"},"content":{"rendered":"\t\t<div data-elementor-type=\"wp-page\" data-elementor-id=\"18845\" class=\"elementor elementor-18845 elementor-7224\" data-elementor-post-type=\"page\">\n\t\t\t\t\t\t<section class=\"elementor-section elementor-top-section elementor-element elementor-element-ad12d2e elementor-section-boxed elementor-section-height-default elementor-section-height-default\" data-id=\"ad12d2e\" data-element_type=\"section\" data-e-type=\"section\">\r\n\t\t\r\n\t\t\t\t\t\t\t<div class=\"elementor-container elementor-column-gap-default\">\r\n\t\t\t\t\t\t\t\t\t\t\t<div class=\"elementor-column elementor-col-100 elementor-top-column elementor-element elementor-element-17c1f5f\" data-id=\"17c1f5f\" data-element_type=\"column\" data-e-type=\"column\">\r\n\t\t\t\t\t<div class=\"elementor-widget-wrap elementor-element-populated\">\r\n\t\t\t\t\t\t\t\t<div class=\"elementor-element elementor-element-b7d7808 elementor-widget elementor-widget-porto_ultimate_heading\" data-id=\"b7d7808\" data-element_type=\"widget\" data-e-type=\"widget\" data-widget_type=\"porto_ultimate_heading.default\">\n\t\t\t\t<div class=\"elementor-widget-container\">\n\t\t\t\t\t<div class=\"porto-u-heading  porto-u-bd11424de395366805213f3c847c9ae4\"><div class=\"porto-u-sub-heading\" style=\"\"><h1 style=\"text-align: left;\">MURIVOV\u00c9 PRVKY<\/h1><\/div><style>.porto-u-bd11424de395366805213f3c847c9ae4.porto-u-heading{text-align:center}<\/style><\/div>\t\t\t\t<\/div>\n\t\t\t\t<\/div>\n\t\t\t\t<div class=\"elementor-element elementor-element-59ae0ca elementor-widget elementor-widget-heading\" data-id=\"59ae0ca\" data-element_type=\"widget\" data-e-type=\"widget\" data-widget_type=\"heading.default\">\n\t\t\t\t<div class=\"elementor-widget-container\">\n\t\t\t\t\t<h5 class=\"elementor-heading-title elementor-size-default\">Navrhnut\u00e9 pre r\u00f4zne potreby a prostredia.<\/h5>\t\t\t\t<\/div>\n\t\t\t\t<\/div>\n\t\t\t\t<div class=\"elementor-element elementor-element-6502b64 elementor-widget elementor-widget-shortcode\" data-id=\"6502b64\" data-element_type=\"widget\" data-e-type=\"widget\" data-widget_type=\"shortcode.default\">\n\t\t\t\t<div class=\"elementor-widget-container\">\n\t\t\t\t\t\t\t<div class=\"elementor-shortcode\">\t\t<div data-elementor-type=\"container\" data-elementor-id=\"14912\" class=\"elementor elementor-14912\" data-elementor-post-type=\"elementor_library\">\n\t\t\t\t<div class=\"elementor-element elementor-element-395c128 e-flex e-con-boxed e-con e-parent\" data-id=\"395c128\" data-element_type=\"container\" data-e-type=\"container\">\r\n\t\t\t\t\t<div class=\"e-con-inner\">\r\n\t\t\t\t<div class=\"elementor-element elementor-element-34f9e4f elementor-mobile-align-justify elementor-widget elementor-widget-button\" data-id=\"34f9e4f\" data-element_type=\"widget\" data-e-type=\"widget\" data-widget_type=\"button.default\">\n\t\t\t\t<div class=\"elementor-widget-container\">\n\t\t\t\t\t\t\t\t\t<div class=\"elementor-button-wrapper\">\n\t\t\t\t\t<a class=\"elementor-button elementor-button-link elementor-size-sm elementor-animation-grow\" href=\"https:\/\/www.viastein.hu\/ajanlatkeres-urlap\/\">\n\t\t\t\t\t\t<span class=\"elementor-button-content-wrapper\">\n\t\t\t\t\t\t\t\t\t<span class=\"elementor-button-text\">Ugr\u00e1s az aj\u00e1nlatk\u00e9r\u00e9shez!<\/span>\n\t\t\t\t\t<\/span>\n\t\t\t\t\t<\/a>\n\t\t\t\t<\/div>\n\t\t\t\t\t\t\t\t<\/div>\n\t\t\t\t<\/div>\n\t\t\t\t\t<\/div>\n\t\t\t\t<\/div>\n\t\t\t\t<\/div>\n\t\t<\/div>\n\t\t\t\t\t\t<\/div>\n\t\t\t\t<\/div>\n\t\t\t\t<div class=\"elementor-element elementor-element-4d9fe2b elementor-widget elementor-widget-heading\" data-id=\"4d9fe2b\" data-element_type=\"widget\" data-e-type=\"widget\" data-widget_type=\"heading.default\">\n\t\t\t\t<div class=\"elementor-widget-container\">\n\t\t\t\t\t<h5 class=\"elementor-heading-title elementor-size-default\">Skupiny produktov:\n<\/h5>\t\t\t\t<\/div>\n\t\t\t\t<\/div>\n\t\t\t\t<div class=\"elementor-element elementor-element-d7eed09 elementor-widget elementor-widget-porto_button\" data-id=\"d7eed09\" data-element_type=\"widget\" data-e-type=\"widget\" data-widget_type=\"porto_button.default\">\n\t\t\t\t<div class=\"elementor-widget-container\">\n\t\t\t\t\t<a class=\"btn btn-md btn-secondary\" href=\"https:\/\/www.viastein.hu\/wp-content\/uploads\/akcios-katalogus\/VIASTEIN_VIABLOKK_2025_2_Katalogus.pdf\"><span >VIABLOKK Term\u00e9kkatal\u00f3gus<\/span><\/a>\t\t\t\t<\/div>\n\t\t\t\t<\/div>\n\t\t\t\t\t<\/div>\r\n\t\t\t\t<\/div>\r\n\t\t\t\t\t<\/div>\r\n\t\t\t\t<\/section>\r\n\t\t<div class=\"elementor-element elementor-element-63dfd03 e-flex e-con-boxed e-con e-parent\" data-id=\"63dfd03\" data-element_type=\"container\" data-e-type=\"container\">\r\n\t\t\t\t\t<div class=\"e-con-inner\">\r\n\t\t\t\t\t<\/div>\n\t\t\t\t<\/div>\n\t\t\t\t<\/div>\n\t\t","protected":false},"excerpt":{"rendered":"<p>MURIVOV\u00c9 PRVKY Navrhnut\u00e9 pre r\u00f4zne potreby a prostredia. Skupiny produktov: VIABLOKK 28 term\u00e9k VIAPANEL 18 term\u00e9k VIAAKUSZTIK 5 term\u00e9k VIALINT 25 term\u00e9k Seg\u00e9danyagok 3 term\u00e9k VIABLOKK Term\u00e9kkatal\u00f3gus VIABLOKK 28 term\u00e9k VIAPANEL 18 term\u00e9k VIAAKUSZTIK 5 term\u00e9k VIALINT 25 term\u00e9k Seg\u00e9danyagok 3 term\u00e9k<\/p>\n","protected":false},"author":8,"featured_media":0,"parent":0,"menu_order":0,"comment_status":"closed","ping_status":"closed","template":"","meta":{"_acf_changed":false,"footnotes":""},"class_list":["post-18845","page","type-page","status-publish","hentry"],"acf":[],"yoast_head":"<!-- This site is optimized with the Yoast SEO plugin v27.4 - https:\/\/yoast.com\/product\/yoast-seo-wordpress\/ -->\n<title>MURIVOV\u00c9 PRVKY - Viastein<\/title>\n<meta name=\"robots\" content=\"index, follow, max-snippet:-1, max-image-preview:large, max-video-preview:-1\" \/>\n<link rel=\"canonical\" href=\"https:\/\/www.viastein.hu\/sk\/murivove-prvky\/\" \/>\n<meta property=\"og:locale\" content=\"sk_SK\" \/>\n<meta property=\"og:type\" content=\"article\" \/>\n<meta property=\"og:title\" content=\"MURIVOV\u00c9 PRVKY - Viastein\" \/>\n<meta property=\"og:description\" content=\"MURIVOV\u00c9 PRVKY Navrhnut\u00e9 pre r\u00f4zne potreby a prostredia. Skupiny produktov: VIABLOKK 28 term\u00e9k VIAPANEL 18 term\u00e9k VIAAKUSZTIK 5 term\u00e9k VIALINT 25 term\u00e9k Seg\u00e9danyagok 3 term\u00e9k VIABLOKK Term\u00e9kkatal\u00f3gus VIABLOKK 28 term\u00e9k VIAPANEL 18 term\u00e9k VIAAKUSZTIK 5 term\u00e9k VIALINT 25 term\u00e9k Seg\u00e9danyagok 3 term\u00e9k\" \/>\n<meta property=\"og:url\" content=\"https:\/\/www.viastein.hu\/sk\/murivove-prvky\/\" \/>\n<meta property=\"og:site_name\" content=\"Viastein\" \/>\n<meta property=\"article:publisher\" content=\"https:\/\/www.facebook.com\/viastein.hu\/\" \/>\n<meta property=\"article:modified_time\" content=\"2026-05-14T08:20:33+00:00\" \/>\n<meta property=\"og:image\" content=\"https:\/\/www.viastein.hu\/wp-content\/uploads\/2024\/07\/Vector-1-2.jpg\" \/>\n<meta name=\"twitter:card\" content=\"summary_large_image\" \/>\n<meta name=\"twitter:label1\" content=\"Predpokladan\u00fd \u010das \u010d\u00edtania\" \/>\n\t<meta name=\"twitter:data1\" content=\"3 min\u00faty\" \/>\n<script type=\"application\/ld+json\" class=\"yoast-schema-graph\">{\"@context\":\"https:\\\/\\\/schema.org\",\"@graph\":[{\"@type\":\"WebPage\",\"@id\":\"https:\\\/\\\/www.viastein.hu\\\/sk\\\/murivove-prvky\\\/\",\"url\":\"https:\\\/\\\/www.viastein.hu\\\/sk\\\/murivove-prvky\\\/\",\"name\":\"MURIVOV\u00c9 PRVKY - Viastein\",\"isPartOf\":{\"@id\":\"https:\\\/\\\/www.viastein.hu\\\/sk\\\/#website\"},\"primaryImageOfPage\":{\"@id\":\"https:\\\/\\\/www.viastein.hu\\\/sk\\\/murivove-prvky\\\/#primaryimage\"},\"image\":{\"@id\":\"https:\\\/\\\/www.viastein.hu\\\/sk\\\/murivove-prvky\\\/#primaryimage\"},\"thumbnailUrl\":\"https:\\\/\\\/www.viastein.hu\\\/wp-content\\\/uploads\\\/2024\\\/07\\\/Vector-1-2.jpg\",\"datePublished\":\"2024-10-10T15:48:21+00:00\",\"dateModified\":\"2026-05-14T08:20:33+00:00\",\"breadcrumb\":{\"@id\":\"https:\\\/\\\/www.viastein.hu\\\/sk\\\/murivove-prvky\\\/#breadcrumb\"},\"inLanguage\":\"sk-SK\",\"potentialAction\":[{\"@type\":\"ReadAction\",\"target\":[\"https:\\\/\\\/www.viastein.hu\\\/sk\\\/murivove-prvky\\\/\"]}]},{\"@type\":\"ImageObject\",\"inLanguage\":\"sk-SK\",\"@id\":\"https:\\\/\\\/www.viastein.hu\\\/sk\\\/murivove-prvky\\\/#primaryimage\",\"url\":\"https:\\\/\\\/www.viastein.hu\\\/wp-content\\\/uploads\\\/2024\\\/07\\\/Vector-1-2.jpg\",\"contentUrl\":\"https:\\\/\\\/www.viastein.hu\\\/wp-content\\\/uploads\\\/2024\\\/07\\\/Vector-1-2.jpg\"},{\"@type\":\"BreadcrumbList\",\"@id\":\"https:\\\/\\\/www.viastein.hu\\\/sk\\\/murivove-prvky\\\/#breadcrumb\",\"itemListElement\":[{\"@type\":\"ListItem\",\"position\":1,\"name\":\"Viastein\",\"item\":\"https:\\\/\\\/www.viastein.hu\\\/sk\\\/\"},{\"@type\":\"ListItem\",\"position\":2,\"name\":\"MURIVOV\u00c9 PRVKY\"}]},{\"@type\":\"WebSite\",\"@id\":\"https:\\\/\\\/www.viastein.hu\\\/sk\\\/#website\",\"url\":\"https:\\\/\\\/www.viastein.hu\\\/sk\\\/\",\"name\":\"Viastein\",\"description\":\"D\u00edszburkolatok, falaz\u00f3elemek, vasbeton elemek. Pr\u00e9mium min\u0151s\u00e9gben, hazai rakt\u00e1rb\u00f3l, r\u00f6vid sz\u00e1ll\u00edt\u00e1si hat\u00e1rid\u0151vel.\",\"publisher\":{\"@id\":\"https:\\\/\\\/www.viastein.hu\\\/sk\\\/#organization\"},\"potentialAction\":[{\"@type\":\"SearchAction\",\"target\":{\"@type\":\"EntryPoint\",\"urlTemplate\":\"https:\\\/\\\/www.viastein.hu\\\/sk\\\/?s={search_term_string}\"},\"query-input\":{\"@type\":\"PropertyValueSpecification\",\"valueRequired\":true,\"valueName\":\"search_term_string\"}}],\"inLanguage\":\"sk-SK\"},{\"@type\":\"Organization\",\"@id\":\"https:\\\/\\\/www.viastein.hu\\\/sk\\\/#organization\",\"name\":\"Viastein\",\"url\":\"https:\\\/\\\/www.viastein.hu\\\/sk\\\/\",\"logo\":{\"@type\":\"ImageObject\",\"inLanguage\":\"sk-SK\",\"@id\":\"https:\\\/\\\/www.viastein.hu\\\/sk\\\/#\\\/schema\\\/logo\\\/image\\\/\",\"url\":\"https:\\\/\\\/www.viastein.hu\\\/wp-content\\\/uploads\\\/2024\\\/07\\\/viastein-color-logo-02-2.png\",\"contentUrl\":\"https:\\\/\\\/www.viastein.hu\\\/wp-content\\\/uploads\\\/2024\\\/07\\\/viastein-color-logo-02-2.png\",\"width\":232,\"height\":58,\"caption\":\"Viastein\"},\"image\":{\"@id\":\"https:\\\/\\\/www.viastein.hu\\\/sk\\\/#\\\/schema\\\/logo\\\/image\\\/\"},\"sameAs\":[\"https:\\\/\\\/www.facebook.com\\\/viastein.hu\\\/\",\"https:\\\/\\\/www.instagram.com\\\/viastein_hungary\\\/\",\"https:\\\/\\\/www.youtube.com\\\/@viasteinkft8464\",\"https:\\\/\\\/www.tiktok.com\\\/@viastein_hungary\"]}]}<\/script>\n<!-- \/ Yoast SEO plugin. -->","yoast_head_json":{"title":"MURIVOV\u00c9 PRVKY - Viastein","robots":{"index":"index","follow":"follow","max-snippet":"max-snippet:-1","max-image-preview":"max-image-preview:large","max-video-preview":"max-video-preview:-1"},"canonical":"https:\/\/www.viastein.hu\/sk\/murivove-prvky\/","og_locale":"sk_SK","og_type":"article","og_title":"MURIVOV\u00c9 PRVKY - Viastein","og_description":"MURIVOV\u00c9 PRVKY Navrhnut\u00e9 pre r\u00f4zne potreby a prostredia. Skupiny produktov: VIABLOKK 28 term\u00e9k VIAPANEL 18 term\u00e9k VIAAKUSZTIK 5 term\u00e9k VIALINT 25 term\u00e9k Seg\u00e9danyagok 3 term\u00e9k VIABLOKK Term\u00e9kkatal\u00f3gus VIABLOKK 28 term\u00e9k VIAPANEL 18 term\u00e9k VIAAKUSZTIK 5 term\u00e9k VIALINT 25 term\u00e9k Seg\u00e9danyagok 3 term\u00e9k","og_url":"https:\/\/www.viastein.hu\/sk\/murivove-prvky\/","og_site_name":"Viastein","article_publisher":"https:\/\/www.facebook.com\/viastein.hu\/","article_modified_time":"2026-05-14T08:20:33+00:00","og_image":[{"url":"https:\/\/www.viastein.hu\/wp-content\/uploads\/2024\/07\/Vector-1-2.jpg","type":"","width":"","height":""}],"twitter_card":"summary_large_image","twitter_misc":{"Predpokladan\u00fd \u010das \u010d\u00edtania":"3 min\u00faty"},"schema":{"@context":"https:\/\/schema.org","@graph":[{"@type":"WebPage","@id":"https:\/\/www.viastein.hu\/sk\/murivove-prvky\/","url":"https:\/\/www.viastein.hu\/sk\/murivove-prvky\/","name":"MURIVOV\u00c9 PRVKY - Viastein","isPartOf":{"@id":"https:\/\/www.viastein.hu\/sk\/#website"},"primaryImageOfPage":{"@id":"https:\/\/www.viastein.hu\/sk\/murivove-prvky\/#primaryimage"},"image":{"@id":"https:\/\/www.viastein.hu\/sk\/murivove-prvky\/#primaryimage"},"thumbnailUrl":"https:\/\/www.viastein.hu\/wp-content\/uploads\/2024\/07\/Vector-1-2.jpg","datePublished":"2024-10-10T15:48:21+00:00","dateModified":"2026-05-14T08:20:33+00:00","breadcrumb":{"@id":"https:\/\/www.viastein.hu\/sk\/murivove-prvky\/#breadcrumb"},"inLanguage":"sk-SK","potentialAction":[{"@type":"ReadAction","target":["https:\/\/www.viastein.hu\/sk\/murivove-prvky\/"]}]},{"@type":"ImageObject","inLanguage":"sk-SK","@id":"https:\/\/www.viastein.hu\/sk\/murivove-prvky\/#primaryimage","url":"https:\/\/www.viastein.hu\/wp-content\/uploads\/2024\/07\/Vector-1-2.jpg","contentUrl":"https:\/\/www.viastein.hu\/wp-content\/uploads\/2024\/07\/Vector-1-2.jpg"},{"@type":"BreadcrumbList","@id":"https:\/\/www.viastein.hu\/sk\/murivove-prvky\/#breadcrumb","itemListElement":[{"@type":"ListItem","position":1,"name":"Viastein","item":"https:\/\/www.viastein.hu\/sk\/"},{"@type":"ListItem","position":2,"name":"MURIVOV\u00c9 PRVKY"}]},{"@type":"WebSite","@id":"https:\/\/www.viastein.hu\/sk\/#website","url":"https:\/\/www.viastein.hu\/sk\/","name":"Viastein","description":"D\u00edszburkolatok, falaz\u00f3elemek, vasbeton elemek. Pr\u00e9mium min\u0151s\u00e9gben, hazai rakt\u00e1rb\u00f3l, r\u00f6vid sz\u00e1ll\u00edt\u00e1si hat\u00e1rid\u0151vel.","publisher":{"@id":"https:\/\/www.viastein.hu\/sk\/#organization"},"potentialAction":[{"@type":"SearchAction","target":{"@type":"EntryPoint","urlTemplate":"https:\/\/www.viastein.hu\/sk\/?s={search_term_string}"},"query-input":{"@type":"PropertyValueSpecification","valueRequired":true,"valueName":"search_term_string"}}],"inLanguage":"sk-SK"},{"@type":"Organization","@id":"https:\/\/www.viastein.hu\/sk\/#organization","name":"Viastein","url":"https:\/\/www.viastein.hu\/sk\/","logo":{"@type":"ImageObject","inLanguage":"sk-SK","@id":"https:\/\/www.viastein.hu\/sk\/#\/schema\/logo\/image\/","url":"https:\/\/www.viastein.hu\/wp-content\/uploads\/2024\/07\/viastein-color-logo-02-2.png","contentUrl":"https:\/\/www.viastein.hu\/wp-content\/uploads\/2024\/07\/viastein-color-logo-02-2.png","width":232,"height":58,"caption":"Viastein"},"image":{"@id":"https:\/\/www.viastein.hu\/sk\/#\/schema\/logo\/image\/"},"sameAs":["https:\/\/www.facebook.com\/viastein.hu\/","https:\/\/www.instagram.com\/viastein_hungary\/","https:\/\/www.youtube.com\/@viasteinkft8464","https:\/\/www.tiktok.com\/@viastein_hungary"]}]}},"_links":{"self":[{"href":"https:\/\/www.viastein.hu\/sk\/wp-json\/wp\/v2\/pages\/18845","targetHints":{"allow":["GET"]}}],"collection":[{"href":"https:\/\/www.viastein.hu\/sk\/wp-json\/wp\/v2\/pages"}],"about":[{"href":"https:\/\/www.viastein.hu\/sk\/wp-json\/wp\/v2\/types\/page"}],"author":[{"embeddable":true,"href":"https:\/\/www.viastein.hu\/sk\/wp-json\/wp\/v2\/users\/8"}],"replies":[{"embeddable":true,"href":"https:\/\/www.viastein.hu\/sk\/wp-json\/wp\/v2\/comments?post=18845"}],"version-history":[{"count":11,"href":"https:\/\/www.viastein.hu\/sk\/wp-json\/wp\/v2\/pages\/18845\/revisions"}],"predecessor-version":[{"id":18861,"href":"https:\/\/www.viastein.hu\/sk\/wp-json\/wp\/v2\/pages\/18845\/revisions\/18861"}],"wp:attachment":[{"href":"https:\/\/www.viastein.hu\/sk\/wp-json\/wp\/v2\/media?parent=18845"}],"curies":[{"name":"wp","href":"https:\/\/api.w.org\/{rel}","templated":true}]}}