{"id":18770,"date":"2024-08-05T08:56:04","date_gmt":"2024-08-05T06:56:04","guid":{"rendered":"https:\/\/www.viastein.hu\/?page_id=18770"},"modified":"2026-05-13T13:16:52","modified_gmt":"2026-05-13T11:16:52","slug":"dekoracne-dlazby","status":"publish","type":"page","link":"https:\/\/www.viastein.hu\/sk\/dekoracne-dlazby\/","title":{"rendered":"DEKORA\u010cN\u00c9 DLA\u017dBY"},"content":{"rendered":"\t\t<div data-elementor-type=\"wp-page\" data-elementor-id=\"18770\" class=\"elementor elementor-18770 elementor-4008\" data-elementor-post-type=\"page\">\n\t\t\t\t\t\t<section class=\"elementor-section elementor-top-section elementor-element elementor-element-ad12d2e elementor-section-boxed elementor-section-height-default elementor-section-height-default\" data-id=\"ad12d2e\" data-element_type=\"section\" data-e-type=\"section\">\r\n\t\t\r\n\t\t\t\t\t\t\t<div class=\"elementor-container elementor-column-gap-default\">\r\n\t\t\t\t\t\t\t\t\t\t\t<div class=\"elementor-column elementor-col-100 elementor-top-column elementor-element elementor-element-17c1f5f\" data-id=\"17c1f5f\" data-element_type=\"column\" data-e-type=\"column\">\r\n\t\t\t\t\t<div class=\"elementor-widget-wrap elementor-element-populated\">\r\n\t\t\t\t\t\t\t\t<div class=\"elementor-element elementor-element-b7d7808 elementor-widget elementor-widget-porto_ultimate_heading\" data-id=\"b7d7808\" data-element_type=\"widget\" data-e-type=\"widget\" data-widget_type=\"porto_ultimate_heading.default\">\n\t\t\t\t<div class=\"elementor-widget-container\">\n\t\t\t\t\t<div class=\"porto-u-heading  porto-u-bd11424de395366805213f3c847c9ae4\"><div class=\"porto-u-sub-heading\" style=\"\"><h1 style=\"text-align: left;\">DEKORA\u010cN\u00c9 DLA\u017dBY<\/h1><\/div><style>.porto-u-bd11424de395366805213f3c847c9ae4.porto-u-heading{text-align:center}<\/style><\/div>\t\t\t\t<\/div>\n\t\t\t\t<\/div>\n\t\t\t\t<div class=\"elementor-element elementor-element-42f3967 elementor-widget elementor-widget-heading\" data-id=\"42f3967\" data-element_type=\"widget\" data-e-type=\"widget\" data-widget_type=\"heading.default\">\n\t\t\t\t<div class=\"elementor-widget-container\">\n\t\t\t\t\t<h5 class=\"elementor-heading-title elementor-size-default\">Navrhnut\u00e9 pre r\u00f4zne potreby a prostredia.<\/h5>\t\t\t\t<\/div>\n\t\t\t\t<\/div>\n\t\t\t\t<div class=\"elementor-element elementor-element-bc94d7e elementor-widget elementor-widget-shortcode\" data-id=\"bc94d7e\" data-element_type=\"widget\" data-e-type=\"widget\" data-widget_type=\"shortcode.default\">\n\t\t\t\t<div class=\"elementor-widget-container\">\n\t\t\t\t\t\t\t<div class=\"elementor-shortcode\">\t\t<div data-elementor-type=\"container\" data-elementor-id=\"14912\" class=\"elementor elementor-14912\" data-elementor-post-type=\"elementor_library\">\n\t\t\t\t<div class=\"elementor-element elementor-element-395c128 e-flex e-con-boxed e-con e-parent\" data-id=\"395c128\" data-element_type=\"container\" data-e-type=\"container\">\r\n\t\t\t\t\t<div class=\"e-con-inner\">\r\n\t\t\t\t<div class=\"elementor-element elementor-element-34f9e4f elementor-mobile-align-justify elementor-widget elementor-widget-button\" data-id=\"34f9e4f\" data-element_type=\"widget\" data-e-type=\"widget\" data-widget_type=\"button.default\">\n\t\t\t\t<div class=\"elementor-widget-container\">\n\t\t\t\t\t\t\t\t\t<div class=\"elementor-button-wrapper\">\n\t\t\t\t\t<a class=\"elementor-button elementor-button-link elementor-size-sm elementor-animation-grow\" href=\"https:\/\/www.viastein.hu\/ajanlatkeres-urlap\/\">\n\t\t\t\t\t\t<span class=\"elementor-button-content-wrapper\">\n\t\t\t\t\t\t\t\t\t<span class=\"elementor-button-text\">Ugr\u00e1s az aj\u00e1nlatk\u00e9r\u00e9shez!<\/span>\n\t\t\t\t\t<\/span>\n\t\t\t\t\t<\/a>\n\t\t\t\t<\/div>\n\t\t\t\t\t\t\t\t<\/div>\n\t\t\t\t<\/div>\n\t\t\t\t\t<\/div>\n\t\t\t\t<\/div>\n\t\t\t\t<\/div>\n\t\t<\/div>\n\t\t\t\t\t\t<\/div>\n\t\t\t\t<\/div>\n\t\t\t\t<div class=\"elementor-element elementor-element-e85ccc1 elementor-widget elementor-widget-heading\" data-id=\"e85ccc1\" data-element_type=\"widget\" data-e-type=\"widget\" data-widget_type=\"heading.default\">\n\t\t\t\t<div class=\"elementor-widget-container\">\n\t\t\t\t\t<h5 class=\"elementor-heading-title elementor-size-default\">Skupiny produktov:<\/h5>\t\t\t\t<\/div>\n\t\t\t\t<\/div>\n\t\t\t\t<div class=\"elementor-element elementor-element-75fe1c7 elementor-widget elementor-widget-porto_posts_grid\" data-id=\"75fe1c7\" data-element_type=\"widget\" data-e-type=\"widget\" data-settings=\"{&quot;spacing&quot;:{&quot;unit&quot;:&quot;px&quot;,&quot;size&quot;:&quot;&quot;,&quot;sizes&quot;:[]}}\" data-widget_type=\"porto_posts_grid.default\">\n\t\t\t\t<div class=\"elementor-widget-container\">\n\t\t\t\t\t<div class=\"porto-posts-grid porto-posts-grid-d751713988987e9331980363e24189ce wc-cat-clip-path porto-blogbz0p\"><style scope=\"scope\"><\/style><ul class=\"posts-wrap posts-container products has-ccols ccols-xl-4 ccols-lg-3 ccols-md-2 ccols-sm-2 ccols-1 has-ccols-spacing\" role=\"none\" style=\"\">\r\n<li role=\"none\" class=\"product-category product-col porto-tb-item product_cat-427\">\r\n\t\t\t<a href=\"https:\/\/www.viastein.hu\/sk\/termek-kategoria\/dekoracne-dlazby\/dlazby-dlazobne-systemy-a-platne\/\" aria-label=\"Go to category page\">\r\n\t\t<div class=\"thumb-info \">\r\n\t\t\t\t\t\t\t\t\t<div class=\"thumb-info-wrapper\">\r\n\t\t\t\t\t<img loading=\"lazy\" decoding=\"async\" src=\"https:\/\/www.viastein.hu\/wp-content\/uploads\/2024\/08\/img2-5-1000x667-1.jpg\" alt=\"Dla\u017eby, dla\u017eobn\u00e9 syst\u00e9my a platne\" width=\"1000\" height=\"667\" srcset=\"https:\/\/www.viastein.hu\/wp-content\/uploads\/2024\/08\/img2-5-1000x667-1.jpg 1000w, https:\/\/www.viastein.hu\/wp-content\/uploads\/2024\/08\/img2-5-1000x667-1-768x512.jpg 768w, https:\/\/www.viastein.hu\/wp-content\/uploads\/2024\/08\/img2-5-1000x667-1-640x427.jpg 640w, https:\/\/www.viastein.hu\/wp-content\/uploads\/2024\/08\/img2-5-1000x667-1-400x267.jpg 400w, https:\/\/www.viastein.hu\/wp-content\/uploads\/2024\/08\/img2-5-1000x667-1-600x400.jpg 600w\" sizes=\"auto, (max-width: 1000px) 100vw, 1000px\" \/>\t\t\t\t<\/div>\r\n\t\t\t\t\t\t\t\t\t\t\t\t\t<div class=\"thumb-info-wrap\">\r\n\t\t\t\t\t<div class=\"thumb-info-title\">\r\n\t\t\t\t\t\t\t\t\t\t\t\t\t\t\t\t<h3 class=\"sub-title thumb-info-inner\">Dla\u017eby, dla\u017eobn\u00e9 syst\u00e9my a platne<\/h3>\r\n\t\t\t\t\t\t\t\t\t\t\t\t\t\t\t\t\t\t<span class=\"thumb-info-type\">\r\n\t\t\t\t\t\t\t\t\t\t\t\t\t\t\t\t <mark class=\"count\">22<\/mark> produktov\t\t\t\t\t\t\t<\/span>\r\n\t\t\t\t\t\t\t\t\t\t\t\t\t\t\t\t\t\t\t<\/div>\r\n\t\t\t\t<\/div>\r\n\t\t\t\t\t<\/div>\r\n\t<\/a>\r\n\r\n\t\r\n\t<\/li>\r\n\r\n<li role=\"none\" class=\"product-category product-col porto-tb-item product_cat-385\">\r\n\t\t\t<a href=\"https:\/\/www.viastein.hu\/sk\/termek-kategoria\/dekoracne-dlazby\/steny-plotove-systemy\/\" aria-label=\"Go to category page\">\r\n\t\t<div class=\"thumb-info \">\r\n\t\t\t\t\t\t\t\t\t<div class=\"thumb-info-wrapper\">\r\n\t\t\t\t\t<img loading=\"lazy\" decoding=\"async\" src=\"https:\/\/www.viastein.hu\/wp-content\/uploads\/2024\/08\/img1-2-1000x1333-1-768x1024.jpg\" alt=\"Steny, plotov\u00e9 syst\u00e9my\" width=\"768\" height=\"1024\" srcset=\"https:\/\/www.viastein.hu\/wp-content\/uploads\/2024\/08\/img1-2-1000x1333-1-768x1024.jpg 768w, https:\/\/www.viastein.hu\/wp-content\/uploads\/2024\/08\/img1-2-1000x1333-1-640x853.jpg 640w, https:\/\/www.viastein.hu\/wp-content\/uploads\/2024\/08\/img1-2-1000x1333-1-400x533.jpg 400w, https:\/\/www.viastein.hu\/wp-content\/uploads\/2024\/08\/img1-2-1000x1333-1-600x800.jpg 600w\" sizes=\"auto, (max-width: 768px) 100vw, 768px\" \/>\t\t\t\t<\/div>\r\n\t\t\t\t\t\t\t\t\t\t\t\t\t<div class=\"thumb-info-wrap\">\r\n\t\t\t\t\t<div class=\"thumb-info-title\">\r\n\t\t\t\t\t\t\t\t\t\t\t\t\t\t\t\t<h3 class=\"sub-title thumb-info-inner\">Steny, plotov\u00e9 syst\u00e9my<\/h3>\r\n\t\t\t\t\t\t\t\t\t\t\t\t\t\t\t\t\t\t<span class=\"thumb-info-type\">\r\n\t\t\t\t\t\t\t\t\t\t\t\t\t\t\t\t <mark class=\"count\">4<\/mark> produkty\t\t\t\t\t\t\t<\/span>\r\n\t\t\t\t\t\t\t\t\t\t\t\t\t\t\t\t\t\t\t<\/div>\r\n\t\t\t\t<\/div>\r\n\t\t\t\t\t<\/div>\r\n\t<\/a>\r\n\r\n\t\r\n\t<\/li>\r\n\r\n<li role=\"none\" class=\"product-category product-col porto-tb-item product_cat-394\">\r\n\t\t\t<a href=\"https:\/\/www.viastein.hu\/sk\/termek-kategoria\/dekoracne-dlazby\/zahradne-doplnky\/\" aria-label=\"Go to category page\">\r\n\t\t<div class=\"thumb-info \">\r\n\t\t\t\t\t\t\t\t\t<div class=\"thumb-info-wrapper\">\r\n\t\t\t\t\t<img loading=\"lazy\" decoding=\"async\" src=\"https:\/\/www.viastein.hu\/wp-content\/uploads\/2024\/08\/img1-11-1000x1333-1-768x1024.jpg\" alt=\"Z\u00e1hradn\u00e9 doplnky\" width=\"768\" height=\"1024\" srcset=\"https:\/\/www.viastein.hu\/wp-content\/uploads\/2024\/08\/img1-11-1000x1333-1-768x1024.jpg 768w, https:\/\/www.viastein.hu\/wp-content\/uploads\/2024\/08\/img1-11-1000x1333-1-640x853.jpg 640w, https:\/\/www.viastein.hu\/wp-content\/uploads\/2024\/08\/img1-11-1000x1333-1-400x533.jpg 400w, https:\/\/www.viastein.hu\/wp-content\/uploads\/2024\/08\/img1-11-1000x1333-1-600x800.jpg 600w\" sizes=\"auto, (max-width: 768px) 100vw, 768px\" \/>\t\t\t\t<\/div>\r\n\t\t\t\t\t\t\t\t\t\t\t\t\t<div class=\"thumb-info-wrap\">\r\n\t\t\t\t\t<div class=\"thumb-info-title\">\r\n\t\t\t\t\t\t\t\t\t\t\t\t\t\t\t\t<h3 class=\"sub-title thumb-info-inner\">Z\u00e1hradn\u00e9 doplnky<\/h3>\r\n\t\t\t\t\t\t\t\t\t\t\t\t\t\t\t\t\t\t<span class=\"thumb-info-type\">\r\n\t\t\t\t\t\t\t\t\t\t\t\t\t\t\t\t <mark class=\"count\">11<\/mark> produktov\t\t\t\t\t\t\t<\/span>\r\n\t\t\t\t\t\t\t\t\t\t\t\t\t\t\t\t\t\t\t<\/div>\r\n\t\t\t\t<\/div>\r\n\t\t\t\t\t<\/div>\r\n\t<\/a>\r\n\r\n\t\r\n\t<\/li>\r\n\r\n<li role=\"none\" class=\"product-category product-col porto-tb-item product_cat-439\">\r\n\t\t\t<a href=\"https:\/\/www.viastein.hu\/sk\/termek-kategoria\/dekoracne-dlazby\/via-lux-sk\/\" aria-label=\"Go to category page\">\r\n\t\t<div class=\"thumb-info \">\r\n\t\t\t\t\t\t\t\t\t<div class=\"thumb-info-wrapper\">\r\n\t\t\t\t\t<img loading=\"lazy\" decoding=\"async\" src=\"https:\/\/www.viastein.hu\/wp-content\/uploads\/2026\/03\/Grando_100x100_krem_gysz_09-1024x683.jpg\" alt=\"Via LUX\" width=\"1024\" height=\"683\" srcset=\"https:\/\/www.viastein.hu\/wp-content\/uploads\/2026\/03\/Grando_100x100_krem_gysz_09-1024x683.jpg 1024w, https:\/\/www.viastein.hu\/wp-content\/uploads\/2026\/03\/Grando_100x100_krem_gysz_09-768x512.jpg 768w, https:\/\/www.viastein.hu\/wp-content\/uploads\/2026\/03\/Grando_100x100_krem_gysz_09-640x427.jpg 640w, https:\/\/www.viastein.hu\/wp-content\/uploads\/2026\/03\/Grando_100x100_krem_gysz_09-400x267.jpg 400w, https:\/\/www.viastein.hu\/wp-content\/uploads\/2026\/03\/Grando_100x100_krem_gysz_09-600x400.jpg 600w\" sizes=\"auto, (max-width: 1024px) 100vw, 1024px\" \/>\t\t\t\t<\/div>\r\n\t\t\t\t\t\t\t\t\t\t\t\t\t<div class=\"thumb-info-wrap\">\r\n\t\t\t\t\t<div class=\"thumb-info-title\">\r\n\t\t\t\t\t\t\t\t\t\t\t\t\t\t\t\t<h3 class=\"sub-title thumb-info-inner\">Via LUX<\/h3>\r\n\t\t\t\t\t\t\t\t\t\t\t\t\t\t\t\t\t\t<span class=\"thumb-info-type\">\r\n\t\t\t\t\t\t\t\t\t\t\t\t\t\t\t\t <mark class=\"count\">9<\/mark> produktov\t\t\t\t\t\t\t<\/span>\r\n\t\t\t\t\t\t\t\t\t\t\t\t\t\t\t\t\t\t\t<\/div>\r\n\t\t\t\t<\/div>\r\n\t\t\t\t\t<\/div>\r\n\t<\/a>\r\n\r\n\t\r\n\t<\/li>\r\n<\/ul><\/div>\t\t\t\t<\/div>\n\t\t\t\t<\/div>\n\t\t\t\t\t<\/div>\r\n\t\t\t\t<\/div>\r\n\t\t\t\t\t<\/div>\r\n\t\t\t\t<\/section>\r\n\t\t\t\t<\/div>\n\t\t","protected":false},"excerpt":{"rendered":"<p>DEKORA\u010cN\u00c9 DLA\u017dBY Navrhnut\u00e9 pre r\u00f4zne potreby a prostredia. Skupiny produktov: T\u00e9rk\u00f6vek, t\u00e9rk\u0151rendszerek \u00e9s lapok 22 term\u00e9k Falak, ker\u00edt\u00e9srendszerek 4 term\u00e9k Kerti kieg\u00e9sz\u00edt\u0151k 11 term\u00e9k Via LUX 9 term\u00e9k<\/p>\n","protected":false},"author":8,"featured_media":0,"parent":0,"menu_order":0,"comment_status":"closed","ping_status":"closed","template":"","meta":{"_acf_changed":false,"footnotes":""},"class_list":["post-18770","page","type-page","status-publish","hentry"],"acf":[],"yoast_head":"<!-- This site is optimized with the Yoast SEO plugin v27.4 - https:\/\/yoast.com\/product\/yoast-seo-wordpress\/ -->\n<title>DEKORA\u010cN\u00c9 DLA\u017dBY - Viastein<\/title>\n<meta name=\"robots\" content=\"index, follow, max-snippet:-1, max-image-preview:large, max-video-preview:-1\" \/>\n<link rel=\"canonical\" href=\"https:\/\/www.viastein.hu\/sk\/dekoracne-dlazby\/\" \/>\n<meta property=\"og:locale\" content=\"sk_SK\" \/>\n<meta property=\"og:type\" content=\"article\" \/>\n<meta property=\"og:title\" content=\"DEKORA\u010cN\u00c9 DLA\u017dBY - Viastein\" \/>\n<meta property=\"og:description\" content=\"DEKORA\u010cN\u00c9 DLA\u017dBY Navrhnut\u00e9 pre r\u00f4zne potreby a prostredia. Skupiny produktov: T\u00e9rk\u00f6vek, t\u00e9rk\u0151rendszerek \u00e9s lapok 22 term\u00e9k Falak, ker\u00edt\u00e9srendszerek 4 term\u00e9k Kerti kieg\u00e9sz\u00edt\u0151k 11 term\u00e9k Via LUX 9 term\u00e9k\" \/>\n<meta property=\"og:url\" content=\"https:\/\/www.viastein.hu\/sk\/dekoracne-dlazby\/\" \/>\n<meta property=\"og:site_name\" content=\"Viastein\" \/>\n<meta property=\"article:publisher\" content=\"https:\/\/www.facebook.com\/viastein.hu\/\" \/>\n<meta property=\"article:modified_time\" content=\"2026-05-13T11:16:52+00:00\" \/>\n<meta property=\"og:image\" content=\"https:\/\/www.viastein.hu\/wp-content\/uploads\/2024\/08\/img2-5-1000x667-1.jpg\" \/>\n<meta name=\"twitter:card\" content=\"summary_large_image\" \/>\n<meta name=\"twitter:label1\" content=\"Predpokladan\u00fd \u010das \u010d\u00edtania\" \/>\n\t<meta name=\"twitter:data1\" content=\"1 min\u00fata\" \/>\n<script type=\"application\/ld+json\" class=\"yoast-schema-graph\">{\"@context\":\"https:\\\/\\\/schema.org\",\"@graph\":[{\"@type\":\"WebPage\",\"@id\":\"https:\\\/\\\/www.viastein.hu\\\/sk\\\/dekoracne-dlazby\\\/\",\"url\":\"https:\\\/\\\/www.viastein.hu\\\/sk\\\/dekoracne-dlazby\\\/\",\"name\":\"DEKORA\u010cN\u00c9 DLA\u017dBY - Viastein\",\"isPartOf\":{\"@id\":\"https:\\\/\\\/www.viastein.hu\\\/sk\\\/#website\"},\"primaryImageOfPage\":{\"@id\":\"https:\\\/\\\/www.viastein.hu\\\/sk\\\/dekoracne-dlazby\\\/#primaryimage\"},\"image\":{\"@id\":\"https:\\\/\\\/www.viastein.hu\\\/sk\\\/dekoracne-dlazby\\\/#primaryimage\"},\"thumbnailUrl\":\"https:\\\/\\\/www.viastein.hu\\\/wp-content\\\/uploads\\\/2024\\\/08\\\/img2-5-1000x667-1.jpg\",\"datePublished\":\"2024-08-05T06:56:04+00:00\",\"dateModified\":\"2026-05-13T11:16:52+00:00\",\"breadcrumb\":{\"@id\":\"https:\\\/\\\/www.viastein.hu\\\/sk\\\/dekoracne-dlazby\\\/#breadcrumb\"},\"inLanguage\":\"sk-SK\",\"potentialAction\":[{\"@type\":\"ReadAction\",\"target\":[\"https:\\\/\\\/www.viastein.hu\\\/sk\\\/dekoracne-dlazby\\\/\"]}]},{\"@type\":\"ImageObject\",\"inLanguage\":\"sk-SK\",\"@id\":\"https:\\\/\\\/www.viastein.hu\\\/sk\\\/dekoracne-dlazby\\\/#primaryimage\",\"url\":\"https:\\\/\\\/www.viastein.hu\\\/wp-content\\\/uploads\\\/2024\\\/08\\\/img2-5-1000x667-1.jpg\",\"contentUrl\":\"https:\\\/\\\/www.viastein.hu\\\/wp-content\\\/uploads\\\/2024\\\/08\\\/img2-5-1000x667-1.jpg\"},{\"@type\":\"BreadcrumbList\",\"@id\":\"https:\\\/\\\/www.viastein.hu\\\/sk\\\/dekoracne-dlazby\\\/#breadcrumb\",\"itemListElement\":[{\"@type\":\"ListItem\",\"position\":1,\"name\":\"Viastein\",\"item\":\"https:\\\/\\\/www.viastein.hu\\\/sk\\\/\"},{\"@type\":\"ListItem\",\"position\":2,\"name\":\"DEKORA\u010cN\u00c9 DLA\u017dBY\"}]},{\"@type\":\"WebSite\",\"@id\":\"https:\\\/\\\/www.viastein.hu\\\/sk\\\/#website\",\"url\":\"https:\\\/\\\/www.viastein.hu\\\/sk\\\/\",\"name\":\"Viastein\",\"description\":\"D\u00edszburkolatok, falaz\u00f3elemek, vasbeton elemek. Pr\u00e9mium min\u0151s\u00e9gben, hazai rakt\u00e1rb\u00f3l, r\u00f6vid sz\u00e1ll\u00edt\u00e1si hat\u00e1rid\u0151vel.\",\"publisher\":{\"@id\":\"https:\\\/\\\/www.viastein.hu\\\/sk\\\/#organization\"},\"potentialAction\":[{\"@type\":\"SearchAction\",\"target\":{\"@type\":\"EntryPoint\",\"urlTemplate\":\"https:\\\/\\\/www.viastein.hu\\\/sk\\\/?s={search_term_string}\"},\"query-input\":{\"@type\":\"PropertyValueSpecification\",\"valueRequired\":true,\"valueName\":\"search_term_string\"}}],\"inLanguage\":\"sk-SK\"},{\"@type\":\"Organization\",\"@id\":\"https:\\\/\\\/www.viastein.hu\\\/sk\\\/#organization\",\"name\":\"Viastein\",\"url\":\"https:\\\/\\\/www.viastein.hu\\\/sk\\\/\",\"logo\":{\"@type\":\"ImageObject\",\"inLanguage\":\"sk-SK\",\"@id\":\"https:\\\/\\\/www.viastein.hu\\\/sk\\\/#\\\/schema\\\/logo\\\/image\\\/\",\"url\":\"https:\\\/\\\/www.viastein.hu\\\/wp-content\\\/uploads\\\/2024\\\/07\\\/viastein-color-logo-02-2.png\",\"contentUrl\":\"https:\\\/\\\/www.viastein.hu\\\/wp-content\\\/uploads\\\/2024\\\/07\\\/viastein-color-logo-02-2.png\",\"width\":232,\"height\":58,\"caption\":\"Viastein\"},\"image\":{\"@id\":\"https:\\\/\\\/www.viastein.hu\\\/sk\\\/#\\\/schema\\\/logo\\\/image\\\/\"},\"sameAs\":[\"https:\\\/\\\/www.facebook.com\\\/viastein.hu\\\/\",\"https:\\\/\\\/www.instagram.com\\\/viastein_hungary\\\/\",\"https:\\\/\\\/www.youtube.com\\\/@viasteinkft8464\",\"https:\\\/\\\/www.tiktok.com\\\/@viastein_hungary\"]}]}<\/script>\n<!-- \/ Yoast SEO plugin. -->","yoast_head_json":{"title":"DEKORA\u010cN\u00c9 DLA\u017dBY - Viastein","robots":{"index":"index","follow":"follow","max-snippet":"max-snippet:-1","max-image-preview":"max-image-preview:large","max-video-preview":"max-video-preview:-1"},"canonical":"https:\/\/www.viastein.hu\/sk\/dekoracne-dlazby\/","og_locale":"sk_SK","og_type":"article","og_title":"DEKORA\u010cN\u00c9 DLA\u017dBY - Viastein","og_description":"DEKORA\u010cN\u00c9 DLA\u017dBY Navrhnut\u00e9 pre r\u00f4zne potreby a prostredia. Skupiny produktov: T\u00e9rk\u00f6vek, t\u00e9rk\u0151rendszerek \u00e9s lapok 22 term\u00e9k Falak, ker\u00edt\u00e9srendszerek 4 term\u00e9k Kerti kieg\u00e9sz\u00edt\u0151k 11 term\u00e9k Via LUX 9 term\u00e9k","og_url":"https:\/\/www.viastein.hu\/sk\/dekoracne-dlazby\/","og_site_name":"Viastein","article_publisher":"https:\/\/www.facebook.com\/viastein.hu\/","article_modified_time":"2026-05-13T11:16:52+00:00","og_image":[{"url":"https:\/\/www.viastein.hu\/wp-content\/uploads\/2024\/08\/img2-5-1000x667-1.jpg","type":"","width":"","height":""}],"twitter_card":"summary_large_image","twitter_misc":{"Predpokladan\u00fd \u010das \u010d\u00edtania":"1 min\u00fata"},"schema":{"@context":"https:\/\/schema.org","@graph":[{"@type":"WebPage","@id":"https:\/\/www.viastein.hu\/sk\/dekoracne-dlazby\/","url":"https:\/\/www.viastein.hu\/sk\/dekoracne-dlazby\/","name":"DEKORA\u010cN\u00c9 DLA\u017dBY - Viastein","isPartOf":{"@id":"https:\/\/www.viastein.hu\/sk\/#website"},"primaryImageOfPage":{"@id":"https:\/\/www.viastein.hu\/sk\/dekoracne-dlazby\/#primaryimage"},"image":{"@id":"https:\/\/www.viastein.hu\/sk\/dekoracne-dlazby\/#primaryimage"},"thumbnailUrl":"https:\/\/www.viastein.hu\/wp-content\/uploads\/2024\/08\/img2-5-1000x667-1.jpg","datePublished":"2024-08-05T06:56:04+00:00","dateModified":"2026-05-13T11:16:52+00:00","breadcrumb":{"@id":"https:\/\/www.viastein.hu\/sk\/dekoracne-dlazby\/#breadcrumb"},"inLanguage":"sk-SK","potentialAction":[{"@type":"ReadAction","target":["https:\/\/www.viastein.hu\/sk\/dekoracne-dlazby\/"]}]},{"@type":"ImageObject","inLanguage":"sk-SK","@id":"https:\/\/www.viastein.hu\/sk\/dekoracne-dlazby\/#primaryimage","url":"https:\/\/www.viastein.hu\/wp-content\/uploads\/2024\/08\/img2-5-1000x667-1.jpg","contentUrl":"https:\/\/www.viastein.hu\/wp-content\/uploads\/2024\/08\/img2-5-1000x667-1.jpg"},{"@type":"BreadcrumbList","@id":"https:\/\/www.viastein.hu\/sk\/dekoracne-dlazby\/#breadcrumb","itemListElement":[{"@type":"ListItem","position":1,"name":"Viastein","item":"https:\/\/www.viastein.hu\/sk\/"},{"@type":"ListItem","position":2,"name":"DEKORA\u010cN\u00c9 DLA\u017dBY"}]},{"@type":"WebSite","@id":"https:\/\/www.viastein.hu\/sk\/#website","url":"https:\/\/www.viastein.hu\/sk\/","name":"Viastein","description":"D\u00edszburkolatok, falaz\u00f3elemek, vasbeton elemek. Pr\u00e9mium min\u0151s\u00e9gben, hazai rakt\u00e1rb\u00f3l, r\u00f6vid sz\u00e1ll\u00edt\u00e1si hat\u00e1rid\u0151vel.","publisher":{"@id":"https:\/\/www.viastein.hu\/sk\/#organization"},"potentialAction":[{"@type":"SearchAction","target":{"@type":"EntryPoint","urlTemplate":"https:\/\/www.viastein.hu\/sk\/?s={search_term_string}"},"query-input":{"@type":"PropertyValueSpecification","valueRequired":true,"valueName":"search_term_string"}}],"inLanguage":"sk-SK"},{"@type":"Organization","@id":"https:\/\/www.viastein.hu\/sk\/#organization","name":"Viastein","url":"https:\/\/www.viastein.hu\/sk\/","logo":{"@type":"ImageObject","inLanguage":"sk-SK","@id":"https:\/\/www.viastein.hu\/sk\/#\/schema\/logo\/image\/","url":"https:\/\/www.viastein.hu\/wp-content\/uploads\/2024\/07\/viastein-color-logo-02-2.png","contentUrl":"https:\/\/www.viastein.hu\/wp-content\/uploads\/2024\/07\/viastein-color-logo-02-2.png","width":232,"height":58,"caption":"Viastein"},"image":{"@id":"https:\/\/www.viastein.hu\/sk\/#\/schema\/logo\/image\/"},"sameAs":["https:\/\/www.facebook.com\/viastein.hu\/","https:\/\/www.instagram.com\/viastein_hungary\/","https:\/\/www.youtube.com\/@viasteinkft8464","https:\/\/www.tiktok.com\/@viastein_hungary"]}]}},"_links":{"self":[{"href":"https:\/\/www.viastein.hu\/sk\/wp-json\/wp\/v2\/pages\/18770","targetHints":{"allow":["GET"]}}],"collection":[{"href":"https:\/\/www.viastein.hu\/sk\/wp-json\/wp\/v2\/pages"}],"about":[{"href":"https:\/\/www.viastein.hu\/sk\/wp-json\/wp\/v2\/types\/page"}],"author":[{"embeddable":true,"href":"https:\/\/www.viastein.hu\/sk\/wp-json\/wp\/v2\/users\/8"}],"replies":[{"embeddable":true,"href":"https:\/\/www.viastein.hu\/sk\/wp-json\/wp\/v2\/comments?post=18770"}],"version-history":[{"count":4,"href":"https:\/\/www.viastein.hu\/sk\/wp-json\/wp\/v2\/pages\/18770\/revisions"}],"predecessor-version":[{"id":18775,"href":"https:\/\/www.viastein.hu\/sk\/wp-json\/wp\/v2\/pages\/18770\/revisions\/18775"}],"wp:attachment":[{"href":"https:\/\/www.viastein.hu\/sk\/wp-json\/wp\/v2\/media?parent=18770"}],"curies":[{"name":"wp","href":"https:\/\/api.w.org\/{rel}","templated":true}]}}