{"id":8527,"date":"2025-08-14T13:05:56","date_gmt":"2025-08-14T13:05:56","guid":{"rendered":"https:\/\/www.viastein.hu\/?post_type=product&#038;p=8527"},"modified":"2026-03-17T14:06:17","modified_gmt":"2026-03-17T12:06:17","slug":"sempre-verde","status":"publish","type":"product","link":"https:\/\/www.viastein.hu\/en\/termek\/diszburkolatok\/terkovek-terkorendszerek-lapok\/sempre-verde\/","title":{"rendered":"Sempre Verde"},"content":{"rendered":"<p>Z\u00f6ld rendszereink \u00f6sszhangban \u00e1llnak egym\u00e1ssal \u00e9s a term\u00e9szettel. A SEMPRE VERDE gyeph\u00e9zagos t\u00e9rk\u0151 sz\u00e9les, f\u00fcves\u00edthet\u0151 fug\u00e1i elvezetik a csapad\u00e9kot k\u00f6zvetlen\u00fcl a talajba. A fejlett, elcs\u00fasz\u00e1smentes t\u00e1vtart\u00f3 rendszer prec\u00edz fugak\u00e9pr\u0151l gondoskodik az eg\u00e9sz fel\u00fcleten, mindenhol 30 mm-es h\u00e9zagsz\u00e9less\u00e9get biztos\u00edtva. A csapad\u00e9kv\u00edz gyors elvezet\u00e9s\u00e9r\u0151l a Clean &amp; Color Protect (CP+) fel\u00fcletv\u00e9d\u0151 anyag gondoskodik.<\/p>\n","protected":false},"excerpt":{"rendered":"<p><strong>SZ\u00cdNEK<\/strong><\/p>\n<div class=\"row\" style=\"content: ''; display: flex; clear: both;\">\n<div class=\"column, column011\" style=\"float: left; ; padding: 10px;\">\n<p><img decoding=\"async\" class=\"attachment-full size-full\" src=\"https:\/\/www.viastein.hu\/wp-content\/uploads\/2024\/08\/antracit-3.jpg\" alt=\"\" \/><br \/>\n<strong style=\"font-size: 14px;\">antracit<\/strong><\/p>\n<\/div>\n<\/div>\n<hr style=\"border: solid 1px;\" \/>\n<div class=\"divwarp1\" style=\"height: 110px;\">\n<div class=\"row row011\" style=\"content: ''; display: flex; clear: both;\">\n<div class=\"IconColumn IconColumn1\" style=\"float: left; width: 50%; padding: 10px;\">\n<h4 style=\"font-size: 13px;\">TEHERB\u00cdR\u00c1S<\/h4>\n<div class=\"column01\" style=\"float: left; width: 33.33%; padding: 10px; display: flex;\"><img decoding=\"async\" style=\"padding-right: 15px;\" src=\"https:\/\/www.viastein.hu\/wp-content\/uploads\/2024\/08\/human.jpg\" alt=\"\" \/><br \/>\n<img style=\"https: \/\/www.viastein.hu\/wp-content\/uploads\/2024\/08\/Nehezgepjarmuvekhez-ajanlott.jpg;\" alt=\"\" \/><br \/>\n<img decoding=\"async\" style=\"padding-right: 15px;\" src=\"https:\/\/www.viastein.hu\/wp-content\/uploads\/2024\/08\/small-car.jpg\" alt=\"\" \/><\/div>\n<div class=\"column01\" style=\"float: left; width: 40%; padding: 10px; display: flex; cursor: pointer;\" title=\"Clean&amp;Color Protect v\u00e9delem\"><img decoding=\"async\" style=\"padding-right: 15px;\" src=\"https:\/\/www.viastein.hu\/wp-content\/uploads\/2024\/08\/Color-Clean-Protect.jpg\" alt=\"\" \/><br \/>\n<img decoding=\"async\" style=\"padding-right: 15px;\" src=\"https:\/\/www.viastein.hu\/wp-content\/uploads\/2024\/08\/Rendele\u0301sre.jpg\" \/><\/div>\n<\/div>\n<\/div>\n<\/div>\n<div title=\"Clean&amp;Color Protect v\u00e9delem\"><\/div>\n<div title=\"Clean&amp;Color Protect v\u00e9delem\"><\/div>\n<div class=\"divwarp1\">\n<div class=\"row row011\" style=\"content: ''; display: flex; clear: both;\">\n<div class=\"IconColumn\" style=\"float: left; width: 50%; padding: 10px;\">\n<h4 style=\"font-size: 13px;\"><\/h4>\n<div class=\"column01\" style=\"float: left; width: 33.33%; padding: 10px; display: flex; cursor: pointer;\" title=\"Color Protect\"><img decoding=\"async\" style=\"padding-right: 15px;\" src=\"https:\/\/www.viastein.hu\/wp-content\/uploads\/2024\/08\/VIA_.jpg\" alt=\"\" \/><\/div>\n<\/div>\n<\/div>\n<\/div>\n","protected":false},"featured_media":8528,"template":"","meta":{"_acf_changed":false},"product_brand":[],"product_cat":[56],"product_tag":[59,60,78,98,80,309],"class_list":{"0":"post-8527","1":"product","2":"type-product","3":"status-publish","4":"has-post-thumbnail","6":"product_cat-terkovek-terkorendszerek-lapok","7":"product_tag-clean-and-color-protect","8":"product_tag-gyalogos","9":"product_tag-nehezgepjarmu","10":"product_tag-rendelesre","11":"product_tag-szemelygepjarmu","12":"product_tag-via26","14":"first","15":"instock","16":"sold-individually","17":"taxable","18":"shipping-taxable","19":"purchasable","20":"product-type-variable"},"acf":[],"yoast_head":"<!-- This site is optimized with the Yoast SEO plugin v27.4 - https:\/\/yoast.com\/product\/yoast-seo-wordpress\/ -->\n<title>VIASTEIN Versa natura - Pr\u00e9mium + v\u00edz\u00e1tereszt\u0151 burkolat<\/title>\n<meta name=\"description\" content=\"Z\u00f6ld rendszereink \u00f6sszhangban \u00e1llnak egym\u00e1ssal \u00e9s a term\u00e9szettel. A Versa Natura t\u00e9rk\u0151 sz\u00e9les\u00edtett fug\u00e1i m\u00e1s burkolatokhoz k\u00e9pest gyorsabban elvezetik a fel\u00fclet\u00e9re ker\u00fclt csapad\u00e9kot k\u00f6zvetlen\u00fcl a talajba.\" \/>\n<meta name=\"robots\" content=\"index, follow, max-snippet:-1, max-image-preview:large, max-video-preview:-1\" \/>\n<link rel=\"canonical\" href=\"https:\/\/www.viastein.hu\/termek\/diszburkolatok\/terkovek-terkorendszerek-lapok\/sempre-verde\/\" \/>\n<meta property=\"og:locale\" content=\"en_US\" \/>\n<meta property=\"og:type\" content=\"article\" \/>\n<meta property=\"og:title\" content=\"VIASTEIN Versa natura - Pr\u00e9mium + v\u00edz\u00e1tereszt\u0151 burkolat\" \/>\n<meta property=\"og:description\" content=\"Z\u00f6ld rendszereink \u00f6sszhangban \u00e1llnak egym\u00e1ssal \u00e9s a term\u00e9szettel. A Versa Natura t\u00e9rk\u0151 sz\u00e9les\u00edtett fug\u00e1i m\u00e1s burkolatokhoz k\u00e9pest gyorsabban elvezetik a fel\u00fclet\u00e9re ker\u00fclt csapad\u00e9kot k\u00f6zvetlen\u00fcl a talajba.\" \/>\n<meta property=\"og:url\" content=\"https:\/\/www.viastein.hu\/termek\/diszburkolatok\/terkovek-terkorendszerek-lapok\/sempre-verde\/\" \/>\n<meta property=\"og:site_name\" content=\"Viastein\" \/>\n<meta property=\"article:publisher\" content=\"https:\/\/www.facebook.com\/viastein.hu\/\" \/>\n<meta property=\"article:modified_time\" content=\"2026-03-17T12:06:17+00:00\" \/>\n<meta property=\"og:image\" content=\"https:\/\/www.viastein.hu\/wp-content\/uploads\/2025\/08\/Sempre_Verde_antracit_01.jpg\" \/>\n\t<meta property=\"og:image:width\" content=\"1285\" \/>\n\t<meta property=\"og:image:height\" content=\"1920\" \/>\n\t<meta property=\"og:image:type\" content=\"image\/jpeg\" \/>\n<meta name=\"twitter:card\" content=\"summary_large_image\" \/>\n<meta name=\"twitter:label1\" content=\"Est. reading time\" \/>\n\t<meta name=\"twitter:data1\" content=\"1 minute\" \/>\n<script type=\"application\/ld+json\" class=\"yoast-schema-graph\">{\"@context\":\"https:\\\/\\\/schema.org\",\"@graph\":[{\"@type\":\"WebPage\",\"@id\":\"https:\\\/\\\/www.viastein.hu\\\/termek\\\/diszburkolatok\\\/terkovek-terkorendszerek-lapok\\\/sempre-verde\\\/\",\"url\":\"https:\\\/\\\/www.viastein.hu\\\/termek\\\/diszburkolatok\\\/terkovek-terkorendszerek-lapok\\\/sempre-verde\\\/\",\"name\":\"VIASTEIN Versa natura - Pr\u00e9mium + v\u00edz\u00e1tereszt\u0151 burkolat\",\"isPartOf\":{\"@id\":\"https:\\\/\\\/www.viastein.hu\\\/#website\"},\"primaryImageOfPage\":{\"@id\":\"https:\\\/\\\/www.viastein.hu\\\/termek\\\/diszburkolatok\\\/terkovek-terkorendszerek-lapok\\\/sempre-verde\\\/#primaryimage\"},\"image\":{\"@id\":\"https:\\\/\\\/www.viastein.hu\\\/termek\\\/diszburkolatok\\\/terkovek-terkorendszerek-lapok\\\/sempre-verde\\\/#primaryimage\"},\"thumbnailUrl\":\"https:\\\/\\\/www.viastein.hu\\\/wp-content\\\/uploads\\\/2025\\\/08\\\/Sempre_Verde_antracit_01.jpg\",\"datePublished\":\"2025-08-14T13:05:56+00:00\",\"dateModified\":\"2026-03-17T12:06:17+00:00\",\"description\":\"Z\u00f6ld rendszereink \u00f6sszhangban \u00e1llnak egym\u00e1ssal \u00e9s a term\u00e9szettel. A Versa Natura t\u00e9rk\u0151 sz\u00e9les\u00edtett fug\u00e1i m\u00e1s burkolatokhoz k\u00e9pest gyorsabban elvezetik a fel\u00fclet\u00e9re ker\u00fclt csapad\u00e9kot k\u00f6zvetlen\u00fcl a talajba.\",\"breadcrumb\":{\"@id\":\"https:\\\/\\\/www.viastein.hu\\\/termek\\\/diszburkolatok\\\/terkovek-terkorendszerek-lapok\\\/sempre-verde\\\/#breadcrumb\"},\"inLanguage\":\"en-US\",\"potentialAction\":[{\"@type\":\"ReadAction\",\"target\":[\"https:\\\/\\\/www.viastein.hu\\\/termek\\\/diszburkolatok\\\/terkovek-terkorendszerek-lapok\\\/sempre-verde\\\/\"]}]},{\"@type\":\"ImageObject\",\"inLanguage\":\"en-US\",\"@id\":\"https:\\\/\\\/www.viastein.hu\\\/termek\\\/diszburkolatok\\\/terkovek-terkorendszerek-lapok\\\/sempre-verde\\\/#primaryimage\",\"url\":\"https:\\\/\\\/www.viastein.hu\\\/wp-content\\\/uploads\\\/2025\\\/08\\\/Sempre_Verde_antracit_01.jpg\",\"contentUrl\":\"https:\\\/\\\/www.viastein.hu\\\/wp-content\\\/uploads\\\/2025\\\/08\\\/Sempre_Verde_antracit_01.jpg\",\"width\":1285,\"height\":1920},{\"@type\":\"BreadcrumbList\",\"@id\":\"https:\\\/\\\/www.viastein.hu\\\/termek\\\/diszburkolatok\\\/terkovek-terkorendszerek-lapok\\\/sempre-verde\\\/#breadcrumb\",\"itemListElement\":[{\"@type\":\"ListItem\",\"position\":1,\"name\":\"Kezd\u0151lap\",\"item\":\"https:\\\/\\\/www.viastein.hu\\\/\"},{\"@type\":\"ListItem\",\"position\":2,\"name\":\"Term\u00e9kek\",\"item\":\"https:\\\/\\\/www.viastein.hu\\\/termekek-2\\\/\"},{\"@type\":\"ListItem\",\"position\":3,\"name\":\"D\u00cdSZBURKOLATOK\",\"item\":\"https:\\\/\\\/www.viastein.hu\\\/termek-kategoria\\\/diszburkolatok\\\/\"},{\"@type\":\"ListItem\",\"position\":4,\"name\":\"T\u00e9rk\u00f6vek, t\u00e9rk\u0151rendszerek \u00e9s lapok\",\"item\":\"https:\\\/\\\/www.viastein.hu\\\/termek-kategoria\\\/diszburkolatok\\\/terkovek-terkorendszerek-lapok\\\/\"},{\"@type\":\"ListItem\",\"position\":5,\"name\":\"Sempre Verde\"}]},{\"@type\":\"WebSite\",\"@id\":\"https:\\\/\\\/www.viastein.hu\\\/#website\",\"url\":\"https:\\\/\\\/www.viastein.hu\\\/\",\"name\":\"Viastein\",\"description\":\"D\u00edszburkolatok, falaz\u00f3elemek, vasbeton elemek. Pr\u00e9mium min\u0151s\u00e9gben, hazai rakt\u00e1rb\u00f3l, r\u00f6vid sz\u00e1ll\u00edt\u00e1si hat\u00e1rid\u0151vel.\",\"publisher\":{\"@id\":\"https:\\\/\\\/www.viastein.hu\\\/#organization\"},\"potentialAction\":[{\"@type\":\"SearchAction\",\"target\":{\"@type\":\"EntryPoint\",\"urlTemplate\":\"https:\\\/\\\/www.viastein.hu\\\/?s={search_term_string}\"},\"query-input\":{\"@type\":\"PropertyValueSpecification\",\"valueRequired\":true,\"valueName\":\"search_term_string\"}}],\"inLanguage\":\"en-US\"},{\"@type\":\"Organization\",\"@id\":\"https:\\\/\\\/www.viastein.hu\\\/#organization\",\"name\":\"Viastein\",\"url\":\"https:\\\/\\\/www.viastein.hu\\\/\",\"logo\":{\"@type\":\"ImageObject\",\"inLanguage\":\"en-US\",\"@id\":\"https:\\\/\\\/www.viastein.hu\\\/#\\\/schema\\\/logo\\\/image\\\/\",\"url\":\"https:\\\/\\\/www.viastein.hu\\\/wp-content\\\/uploads\\\/2024\\\/07\\\/viastein-color-logo-02-2.png\",\"contentUrl\":\"https:\\\/\\\/www.viastein.hu\\\/wp-content\\\/uploads\\\/2024\\\/07\\\/viastein-color-logo-02-2.png\",\"width\":232,\"height\":58,\"caption\":\"Viastein\"},\"image\":{\"@id\":\"https:\\\/\\\/www.viastein.hu\\\/#\\\/schema\\\/logo\\\/image\\\/\"},\"sameAs\":[\"https:\\\/\\\/www.facebook.com\\\/viastein.hu\\\/\",\"https:\\\/\\\/www.instagram.com\\\/viastein_hungary\\\/\",\"https:\\\/\\\/www.youtube.com\\\/@viasteinkft8464\",\"https:\\\/\\\/www.tiktok.com\\\/@viastein_hungary\"]}]}<\/script>\n<!-- \/ Yoast SEO plugin. -->","yoast_head_json":{"title":"VIASTEIN Versa natura - Pr\u00e9mium + v\u00edz\u00e1tereszt\u0151 burkolat","description":"Z\u00f6ld rendszereink \u00f6sszhangban \u00e1llnak egym\u00e1ssal \u00e9s a term\u00e9szettel. A Versa Natura t\u00e9rk\u0151 sz\u00e9les\u00edtett fug\u00e1i m\u00e1s burkolatokhoz k\u00e9pest gyorsabban elvezetik a fel\u00fclet\u00e9re ker\u00fclt csapad\u00e9kot k\u00f6zvetlen\u00fcl a talajba.","robots":{"index":"index","follow":"follow","max-snippet":"max-snippet:-1","max-image-preview":"max-image-preview:large","max-video-preview":"max-video-preview:-1"},"canonical":"https:\/\/www.viastein.hu\/termek\/diszburkolatok\/terkovek-terkorendszerek-lapok\/sempre-verde\/","og_locale":"en_US","og_type":"article","og_title":"VIASTEIN Versa natura - Pr\u00e9mium + v\u00edz\u00e1tereszt\u0151 burkolat","og_description":"Z\u00f6ld rendszereink \u00f6sszhangban \u00e1llnak egym\u00e1ssal \u00e9s a term\u00e9szettel. A Versa Natura t\u00e9rk\u0151 sz\u00e9les\u00edtett fug\u00e1i m\u00e1s burkolatokhoz k\u00e9pest gyorsabban elvezetik a fel\u00fclet\u00e9re ker\u00fclt csapad\u00e9kot k\u00f6zvetlen\u00fcl a talajba.","og_url":"https:\/\/www.viastein.hu\/termek\/diszburkolatok\/terkovek-terkorendszerek-lapok\/sempre-verde\/","og_site_name":"Viastein","article_publisher":"https:\/\/www.facebook.com\/viastein.hu\/","article_modified_time":"2026-03-17T12:06:17+00:00","og_image":[{"width":1285,"height":1920,"url":"https:\/\/www.viastein.hu\/wp-content\/uploads\/2025\/08\/Sempre_Verde_antracit_01.jpg","type":"image\/jpeg"}],"twitter_card":"summary_large_image","twitter_misc":{"Est. reading time":"1 minute"},"schema":{"@context":"https:\/\/schema.org","@graph":[{"@type":"WebPage","@id":"https:\/\/www.viastein.hu\/termek\/diszburkolatok\/terkovek-terkorendszerek-lapok\/sempre-verde\/","url":"https:\/\/www.viastein.hu\/termek\/diszburkolatok\/terkovek-terkorendszerek-lapok\/sempre-verde\/","name":"VIASTEIN Versa natura - Pr\u00e9mium + v\u00edz\u00e1tereszt\u0151 burkolat","isPartOf":{"@id":"https:\/\/www.viastein.hu\/#website"},"primaryImageOfPage":{"@id":"https:\/\/www.viastein.hu\/termek\/diszburkolatok\/terkovek-terkorendszerek-lapok\/sempre-verde\/#primaryimage"},"image":{"@id":"https:\/\/www.viastein.hu\/termek\/diszburkolatok\/terkovek-terkorendszerek-lapok\/sempre-verde\/#primaryimage"},"thumbnailUrl":"https:\/\/www.viastein.hu\/wp-content\/uploads\/2025\/08\/Sempre_Verde_antracit_01.jpg","datePublished":"2025-08-14T13:05:56+00:00","dateModified":"2026-03-17T12:06:17+00:00","description":"Z\u00f6ld rendszereink \u00f6sszhangban \u00e1llnak egym\u00e1ssal \u00e9s a term\u00e9szettel. A Versa Natura t\u00e9rk\u0151 sz\u00e9les\u00edtett fug\u00e1i m\u00e1s burkolatokhoz k\u00e9pest gyorsabban elvezetik a fel\u00fclet\u00e9re ker\u00fclt csapad\u00e9kot k\u00f6zvetlen\u00fcl a talajba.","breadcrumb":{"@id":"https:\/\/www.viastein.hu\/termek\/diszburkolatok\/terkovek-terkorendszerek-lapok\/sempre-verde\/#breadcrumb"},"inLanguage":"en-US","potentialAction":[{"@type":"ReadAction","target":["https:\/\/www.viastein.hu\/termek\/diszburkolatok\/terkovek-terkorendszerek-lapok\/sempre-verde\/"]}]},{"@type":"ImageObject","inLanguage":"en-US","@id":"https:\/\/www.viastein.hu\/termek\/diszburkolatok\/terkovek-terkorendszerek-lapok\/sempre-verde\/#primaryimage","url":"https:\/\/www.viastein.hu\/wp-content\/uploads\/2025\/08\/Sempre_Verde_antracit_01.jpg","contentUrl":"https:\/\/www.viastein.hu\/wp-content\/uploads\/2025\/08\/Sempre_Verde_antracit_01.jpg","width":1285,"height":1920},{"@type":"BreadcrumbList","@id":"https:\/\/www.viastein.hu\/termek\/diszburkolatok\/terkovek-terkorendszerek-lapok\/sempre-verde\/#breadcrumb","itemListElement":[{"@type":"ListItem","position":1,"name":"Kezd\u0151lap","item":"https:\/\/www.viastein.hu\/"},{"@type":"ListItem","position":2,"name":"Term\u00e9kek","item":"https:\/\/www.viastein.hu\/termekek-2\/"},{"@type":"ListItem","position":3,"name":"D\u00cdSZBURKOLATOK","item":"https:\/\/www.viastein.hu\/termek-kategoria\/diszburkolatok\/"},{"@type":"ListItem","position":4,"name":"T\u00e9rk\u00f6vek, t\u00e9rk\u0151rendszerek \u00e9s lapok","item":"https:\/\/www.viastein.hu\/termek-kategoria\/diszburkolatok\/terkovek-terkorendszerek-lapok\/"},{"@type":"ListItem","position":5,"name":"Sempre Verde"}]},{"@type":"WebSite","@id":"https:\/\/www.viastein.hu\/#website","url":"https:\/\/www.viastein.hu\/","name":"Viastein","description":"D\u00edszburkolatok, falaz\u00f3elemek, vasbeton elemek. Pr\u00e9mium min\u0151s\u00e9gben, hazai rakt\u00e1rb\u00f3l, r\u00f6vid sz\u00e1ll\u00edt\u00e1si hat\u00e1rid\u0151vel.","publisher":{"@id":"https:\/\/www.viastein.hu\/#organization"},"potentialAction":[{"@type":"SearchAction","target":{"@type":"EntryPoint","urlTemplate":"https:\/\/www.viastein.hu\/?s={search_term_string}"},"query-input":{"@type":"PropertyValueSpecification","valueRequired":true,"valueName":"search_term_string"}}],"inLanguage":"en-US"},{"@type":"Organization","@id":"https:\/\/www.viastein.hu\/#organization","name":"Viastein","url":"https:\/\/www.viastein.hu\/","logo":{"@type":"ImageObject","inLanguage":"en-US","@id":"https:\/\/www.viastein.hu\/#\/schema\/logo\/image\/","url":"https:\/\/www.viastein.hu\/wp-content\/uploads\/2024\/07\/viastein-color-logo-02-2.png","contentUrl":"https:\/\/www.viastein.hu\/wp-content\/uploads\/2024\/07\/viastein-color-logo-02-2.png","width":232,"height":58,"caption":"Viastein"},"image":{"@id":"https:\/\/www.viastein.hu\/#\/schema\/logo\/image\/"},"sameAs":["https:\/\/www.facebook.com\/viastein.hu\/","https:\/\/www.instagram.com\/viastein_hungary\/","https:\/\/www.youtube.com\/@viasteinkft8464","https:\/\/www.tiktok.com\/@viastein_hungary"]}]}},"_links":{"self":[{"href":"https:\/\/www.viastein.hu\/en\/wp-json\/wp\/v2\/product\/8527","targetHints":{"allow":["GET"]}}],"collection":[{"href":"https:\/\/www.viastein.hu\/en\/wp-json\/wp\/v2\/product"}],"about":[{"href":"https:\/\/www.viastein.hu\/en\/wp-json\/wp\/v2\/types\/product"}],"wp:featuredmedia":[{"embeddable":true,"href":"https:\/\/www.viastein.hu\/en\/wp-json\/wp\/v2\/media\/8528"}],"wp:attachment":[{"href":"https:\/\/www.viastein.hu\/en\/wp-json\/wp\/v2\/media?parent=8527"}],"wp:term":[{"taxonomy":"product_brand","embeddable":true,"href":"https:\/\/www.viastein.hu\/en\/wp-json\/wp\/v2\/product_brand?post=8527"},{"taxonomy":"product_cat","embeddable":true,"href":"https:\/\/www.viastein.hu\/en\/wp-json\/wp\/v2\/product_cat?post=8527"},{"taxonomy":"product_tag","embeddable":true,"href":"https:\/\/www.viastein.hu\/en\/wp-json\/wp\/v2\/product_tag?post=8527"}],"curies":[{"name":"wp","href":"https:\/\/api.w.org\/{rel}","templated":true}]}}