{"id":8306,"date":"2025-07-17T12:28:01","date_gmt":"2025-07-17T12:28:01","guid":{"rendered":"https:\/\/www.viastein.hu\/?post_type=product&#038;p=8306"},"modified":"2026-02-05T16:39:18","modified_gmt":"2026-02-05T14:39:18","slug":"via-hold","status":"publish","type":"product","link":"https:\/\/www.viastein.hu\/en\/termek\/diszburkolatok\/keritesrendszerek\/via-hold\/","title":{"rendered":"Via Hold"},"content":{"rendered":"<div class=\"row\" style=\"display: table; clear: both;\">\n<p>A rusztikus fel\u00fclet\u0171 n\u00f6v\u00e9nyed\u00e9ny, t\u00e1mfalelem a betonac\u00e9l elhelyez\u00e9s\u00e9re l\u00e9tes\u00edtett m\u00e9lyed\u00e9ssel \u00e9s a beton vagy term\u0151f\u00f6ld kit\u00f6lt\u00e9s\u00e9re alkalmas \u00fcreggel teszi alkalmass\u00e1 egy stabil r\u00e9zs\u0171, magas \u00e1gy\u00e1s vagy kisebb t\u00e1mfal \u00e9p\u00edt\u00e9s\u00e9t. Sz\u00edne t\u00f6k\u00e9letesen harmoniz\u00e1lnak m\u00e1s kieg\u00e9sz\u00edt\u0151 vagy burkolati elemekkel.<\/p>\n<div class=\"column01\" style=\"float: left; width: 33.33%; padding: 10px;\">\n<h3 style=\"text-align: left;\">SPECIFIK\u00c1CI\u00d3K<\/h3>\n<div style=\"max-width: 500px; margin: 0;\">\n<table style=\"width: 100%; border-collapse: collapse; text-align: left;\">\n<thead>\n<tr style=\"background-color: #000 !important; color: #fff !important;\">\n<th style=\"padding: 10px; background-color: #000 !important; color: #fff !important;\"><\/th>\n<th style=\"padding: 10px; text-align: left; background-color: #000 !important; color: #fff !important;\">PR\u00c9MIUM+<\/th>\n<\/tr>\n<\/thead>\n<tbody>\n<tr style=\"background-color: #f0f2f2;\">\n<th style=\"padding: 10px;\">magass\u00e1g<\/th>\n<td style=\"padding: 10px;\">14,5 cm<\/td>\n<\/tr>\n<tr>\n<th style=\"padding: 10px;\">m\u00e9ret<\/th>\n<td style=\"padding: 10px;\">40 x 30 cm<\/td>\n<\/tr>\n<tr style=\"background-color: #f0f2f2;\">\n<th style=\"padding: 10px;\">db \/ raklap<\/th>\n<td style=\"padding: 10px;\">48<\/td>\n<\/tr>\n<tr>\n<th style=\"padding: 10px;\">kg \/ raklap<\/th>\n<td style=\"padding: 10px;\">762,84<\/td>\n<\/tr>\n<tr style=\"background-color: #f0f2f2;\">\n<th style=\"padding: 10px;\">sor \/ raklap<\/th>\n<td style=\"padding: 10px;\">6<\/td>\n<\/tr>\n<\/tbody>\n<\/table>\n<\/div>\n<\/div>\n<\/div>\n","protected":false},"excerpt":{"rendered":"<p><strong>SZ\u00cdNEK<\/strong><\/p>\n<div class=\"row\" style=\"display: flex; clear: both;\">\n<div class=\"wrpdiv\">\n<div class=\"column, column011\" style=\"float: left; ;padding: 10px;\">\n<p><img decoding=\"async\" class=\"attachment-full size-full\" src=\"https:\/\/www.viastein.hu\/wp-content\/uploads\/2024\/08\/kagylohej-11.jpg\" alt=\"\" \/><br \/>\n<strong>kagyl\u00f3h\u00e9j \u00e1rnyalt<\/strong><\/p>\n<\/div>\n<div class=\"column, column011\" style=\"float: left; padding: 10px;\">\n<p><img decoding=\"async\" class=\"attachment-full size-full\" src=\"https:\/\/www.viastein.hu\/wp-content\/uploads\/2024\/08\/mokka-10.jpg\" alt=\"\" \/><br \/>\n<strong>mokka \u00e1rnyalt<\/strong><\/p>\n<\/div>\n<div class=\"column, column011\" style=\"float: left; padding: 10px;\">\n<p><img decoding=\"async\" class=\"attachment-full size-full\" src=\"https:\/\/www.viastein.hu\/wp-content\/uploads\/2024\/08\/antracit-feher-2.jpg\" alt=\"\" \/><br \/>\n<strong>antracit\/feh\u00e9r \u00e1rnyalt<\/strong><\/p>\n<\/div>\n<\/div>\n<\/div>\n<hr style=\"border: solid 1px;\" \/>\n<p><img decoding=\"async\" style=\"padding-right: 15px;\" src=\"https:\/\/www.viastein.hu\/wp-content\/uploads\/2024\/08\/VIA.jpg\" alt=\"\" \/><img decoding=\"async\" class=\"\" style=\"padding-right: 15px;\" src=\"https:\/\/www.viastein.hu\/wp-content\/uploads\/2025\/07\/roppantott.jpg\" alt=\"\" width=\"84\" height=\"33\" \/><\/p>\n","protected":false},"featured_media":8308,"template":"","meta":{"_acf_changed":false},"product_brand":[],"product_cat":[64],"product_tag":[57,66,61,62,231,239],"class_list":{"0":"post-8306","1":"product","2":"type-product","3":"status-publish","4":"has-post-thumbnail","6":"product_cat-keritesrendszerek","7":"product_tag-antracit-feher-arnyalt","8":"product_tag-feluletkezelt","9":"product_tag-kagylohej-arnyalt","10":"product_tag-mokka-arnyalt","11":"product_tag-roppantott-felulet","12":"product_tag-via","14":"first","15":"instock","16":"sold-individually","17":"taxable","18":"shipping-taxable","19":"purchasable","20":"product-type-simple"},"acf":[],"yoast_head":"<!-- This site is optimized with the Yoast SEO plugin v27.4 - https:\/\/yoast.com\/product\/yoast-seo-wordpress\/ -->\n<title>Via Hold - Viastein<\/title>\n<meta name=\"description\" content=\"A MODULO ker\u00edt\u00e9selem k\u00fcl\u00f6nleges m\u00e9ret\u00e9vel, sz\u00edn\u00e9vel \u00e9s tiszta egyenes \u00e9leivel a mai letisztult formavil\u00e1g\u00fa \u00e9p\u00fcletek k\u00f6rnyezet\u00e9be remek\u00fcl illeszkedik.\" \/>\n<meta name=\"robots\" content=\"index, follow, max-snippet:-1, max-image-preview:large, max-video-preview:-1\" \/>\n<link rel=\"canonical\" href=\"https:\/\/www.viastein.hu\/termek\/diszburkolatok\/keritesrendszerek\/via-hold\/\" \/>\n<meta property=\"og:locale\" content=\"en_US\" \/>\n<meta property=\"og:type\" content=\"article\" \/>\n<meta property=\"og:title\" content=\"Via Hold - Viastein\" \/>\n<meta property=\"og:description\" content=\"A MODULO ker\u00edt\u00e9selem k\u00fcl\u00f6nleges m\u00e9ret\u00e9vel, sz\u00edn\u00e9vel \u00e9s tiszta egyenes \u00e9leivel a mai letisztult formavil\u00e1g\u00fa \u00e9p\u00fcletek k\u00f6rnyezet\u00e9be remek\u00fcl illeszkedik.\" \/>\n<meta property=\"og:url\" content=\"https:\/\/www.viastein.hu\/termek\/diszburkolatok\/keritesrendszerek\/via-hold\/\" \/>\n<meta property=\"og:site_name\" content=\"Viastein\" \/>\n<meta property=\"article:publisher\" content=\"https:\/\/www.facebook.com\/viastein.hu\/\" \/>\n<meta property=\"article:modified_time\" content=\"2026-02-05T14:39:18+00:00\" \/>\n<meta property=\"og:image\" content=\"https:\/\/www.viastein.hu\/wp-content\/uploads\/2025\/07\/Via-Hold.jpg\" \/>\n\t<meta property=\"og:image:width\" content=\"1200\" \/>\n\t<meta property=\"og:image:height\" content=\"1600\" \/>\n\t<meta property=\"og:image:type\" content=\"image\/jpeg\" \/>\n<meta name=\"twitter:card\" content=\"summary_large_image\" \/>\n<meta name=\"twitter:label1\" content=\"Est. reading time\" \/>\n\t<meta name=\"twitter:data1\" content=\"1 minute\" \/>\n<script type=\"application\/ld+json\" class=\"yoast-schema-graph\">{\"@context\":\"https:\\\/\\\/schema.org\",\"@graph\":[{\"@type\":\"WebPage\",\"@id\":\"https:\\\/\\\/www.viastein.hu\\\/termek\\\/diszburkolatok\\\/keritesrendszerek\\\/via-hold\\\/\",\"url\":\"https:\\\/\\\/www.viastein.hu\\\/termek\\\/diszburkolatok\\\/keritesrendszerek\\\/via-hold\\\/\",\"name\":\"Via Hold - Viastein\",\"isPartOf\":{\"@id\":\"https:\\\/\\\/www.viastein.hu\\\/#website\"},\"primaryImageOfPage\":{\"@id\":\"https:\\\/\\\/www.viastein.hu\\\/termek\\\/diszburkolatok\\\/keritesrendszerek\\\/via-hold\\\/#primaryimage\"},\"image\":{\"@id\":\"https:\\\/\\\/www.viastein.hu\\\/termek\\\/diszburkolatok\\\/keritesrendszerek\\\/via-hold\\\/#primaryimage\"},\"thumbnailUrl\":\"https:\\\/\\\/www.viastein.hu\\\/wp-content\\\/uploads\\\/2025\\\/07\\\/Via-Hold.jpg\",\"datePublished\":\"2025-07-17T12:28:01+00:00\",\"dateModified\":\"2026-02-05T14:39:18+00:00\",\"description\":\"A MODULO ker\u00edt\u00e9selem k\u00fcl\u00f6nleges m\u00e9ret\u00e9vel, sz\u00edn\u00e9vel \u00e9s tiszta egyenes \u00e9leivel a mai letisztult formavil\u00e1g\u00fa \u00e9p\u00fcletek k\u00f6rnyezet\u00e9be remek\u00fcl illeszkedik.\",\"breadcrumb\":{\"@id\":\"https:\\\/\\\/www.viastein.hu\\\/termek\\\/diszburkolatok\\\/keritesrendszerek\\\/via-hold\\\/#breadcrumb\"},\"inLanguage\":\"en-US\",\"potentialAction\":[{\"@type\":\"ReadAction\",\"target\":[\"https:\\\/\\\/www.viastein.hu\\\/termek\\\/diszburkolatok\\\/keritesrendszerek\\\/via-hold\\\/\"]}]},{\"@type\":\"ImageObject\",\"inLanguage\":\"en-US\",\"@id\":\"https:\\\/\\\/www.viastein.hu\\\/termek\\\/diszburkolatok\\\/keritesrendszerek\\\/via-hold\\\/#primaryimage\",\"url\":\"https:\\\/\\\/www.viastein.hu\\\/wp-content\\\/uploads\\\/2025\\\/07\\\/Via-Hold.jpg\",\"contentUrl\":\"https:\\\/\\\/www.viastein.hu\\\/wp-content\\\/uploads\\\/2025\\\/07\\\/Via-Hold.jpg\",\"width\":1200,\"height\":1600},{\"@type\":\"BreadcrumbList\",\"@id\":\"https:\\\/\\\/www.viastein.hu\\\/termek\\\/diszburkolatok\\\/keritesrendszerek\\\/via-hold\\\/#breadcrumb\",\"itemListElement\":[{\"@type\":\"ListItem\",\"position\":1,\"name\":\"Kezd\u0151lap\",\"item\":\"https:\\\/\\\/www.viastein.hu\\\/\"},{\"@type\":\"ListItem\",\"position\":2,\"name\":\"Term\u00e9kek\",\"item\":\"https:\\\/\\\/www.viastein.hu\\\/termekek-2\\\/\"},{\"@type\":\"ListItem\",\"position\":3,\"name\":\"D\u00cdSZBURKOLATOK\",\"item\":\"https:\\\/\\\/www.viastein.hu\\\/termek-kategoria\\\/diszburkolatok\\\/\"},{\"@type\":\"ListItem\",\"position\":4,\"name\":\"Falak, ker\u00edt\u00e9srendszerek\",\"item\":\"https:\\\/\\\/www.viastein.hu\\\/termek-kategoria\\\/diszburkolatok\\\/keritesrendszerek\\\/\"},{\"@type\":\"ListItem\",\"position\":5,\"name\":\"Via Hold\"}]},{\"@type\":\"WebSite\",\"@id\":\"https:\\\/\\\/www.viastein.hu\\\/#website\",\"url\":\"https:\\\/\\\/www.viastein.hu\\\/\",\"name\":\"Viastein\",\"description\":\"D\u00edszburkolatok, falaz\u00f3elemek, vasbeton elemek. Pr\u00e9mium min\u0151s\u00e9gben, hazai rakt\u00e1rb\u00f3l, r\u00f6vid sz\u00e1ll\u00edt\u00e1si hat\u00e1rid\u0151vel.\",\"publisher\":{\"@id\":\"https:\\\/\\\/www.viastein.hu\\\/#organization\"},\"potentialAction\":[{\"@type\":\"SearchAction\",\"target\":{\"@type\":\"EntryPoint\",\"urlTemplate\":\"https:\\\/\\\/www.viastein.hu\\\/?s={search_term_string}\"},\"query-input\":{\"@type\":\"PropertyValueSpecification\",\"valueRequired\":true,\"valueName\":\"search_term_string\"}}],\"inLanguage\":\"en-US\"},{\"@type\":\"Organization\",\"@id\":\"https:\\\/\\\/www.viastein.hu\\\/#organization\",\"name\":\"Viastein\",\"url\":\"https:\\\/\\\/www.viastein.hu\\\/\",\"logo\":{\"@type\":\"ImageObject\",\"inLanguage\":\"en-US\",\"@id\":\"https:\\\/\\\/www.viastein.hu\\\/#\\\/schema\\\/logo\\\/image\\\/\",\"url\":\"https:\\\/\\\/www.viastein.hu\\\/wp-content\\\/uploads\\\/2024\\\/07\\\/viastein-color-logo-02-2.png\",\"contentUrl\":\"https:\\\/\\\/www.viastein.hu\\\/wp-content\\\/uploads\\\/2024\\\/07\\\/viastein-color-logo-02-2.png\",\"width\":232,\"height\":58,\"caption\":\"Viastein\"},\"image\":{\"@id\":\"https:\\\/\\\/www.viastein.hu\\\/#\\\/schema\\\/logo\\\/image\\\/\"},\"sameAs\":[\"https:\\\/\\\/www.facebook.com\\\/viastein.hu\\\/\",\"https:\\\/\\\/www.instagram.com\\\/viastein_hungary\\\/\",\"https:\\\/\\\/www.youtube.com\\\/@viasteinkft8464\",\"https:\\\/\\\/www.tiktok.com\\\/@viastein_hungary\"]}]}<\/script>\n<!-- \/ Yoast SEO plugin. -->","yoast_head_json":{"title":"Via Hold - Viastein","description":"A MODULO ker\u00edt\u00e9selem k\u00fcl\u00f6nleges m\u00e9ret\u00e9vel, sz\u00edn\u00e9vel \u00e9s tiszta egyenes \u00e9leivel a mai letisztult formavil\u00e1g\u00fa \u00e9p\u00fcletek k\u00f6rnyezet\u00e9be remek\u00fcl illeszkedik.","robots":{"index":"index","follow":"follow","max-snippet":"max-snippet:-1","max-image-preview":"max-image-preview:large","max-video-preview":"max-video-preview:-1"},"canonical":"https:\/\/www.viastein.hu\/termek\/diszburkolatok\/keritesrendszerek\/via-hold\/","og_locale":"en_US","og_type":"article","og_title":"Via Hold - Viastein","og_description":"A MODULO ker\u00edt\u00e9selem k\u00fcl\u00f6nleges m\u00e9ret\u00e9vel, sz\u00edn\u00e9vel \u00e9s tiszta egyenes \u00e9leivel a mai letisztult formavil\u00e1g\u00fa \u00e9p\u00fcletek k\u00f6rnyezet\u00e9be remek\u00fcl illeszkedik.","og_url":"https:\/\/www.viastein.hu\/termek\/diszburkolatok\/keritesrendszerek\/via-hold\/","og_site_name":"Viastein","article_publisher":"https:\/\/www.facebook.com\/viastein.hu\/","article_modified_time":"2026-02-05T14:39:18+00:00","og_image":[{"width":1200,"height":1600,"url":"https:\/\/www.viastein.hu\/wp-content\/uploads\/2025\/07\/Via-Hold.jpg","type":"image\/jpeg"}],"twitter_card":"summary_large_image","twitter_misc":{"Est. reading time":"1 minute"},"schema":{"@context":"https:\/\/schema.org","@graph":[{"@type":"WebPage","@id":"https:\/\/www.viastein.hu\/termek\/diszburkolatok\/keritesrendszerek\/via-hold\/","url":"https:\/\/www.viastein.hu\/termek\/diszburkolatok\/keritesrendszerek\/via-hold\/","name":"Via Hold - Viastein","isPartOf":{"@id":"https:\/\/www.viastein.hu\/#website"},"primaryImageOfPage":{"@id":"https:\/\/www.viastein.hu\/termek\/diszburkolatok\/keritesrendszerek\/via-hold\/#primaryimage"},"image":{"@id":"https:\/\/www.viastein.hu\/termek\/diszburkolatok\/keritesrendszerek\/via-hold\/#primaryimage"},"thumbnailUrl":"https:\/\/www.viastein.hu\/wp-content\/uploads\/2025\/07\/Via-Hold.jpg","datePublished":"2025-07-17T12:28:01+00:00","dateModified":"2026-02-05T14:39:18+00:00","description":"A MODULO ker\u00edt\u00e9selem k\u00fcl\u00f6nleges m\u00e9ret\u00e9vel, sz\u00edn\u00e9vel \u00e9s tiszta egyenes \u00e9leivel a mai letisztult formavil\u00e1g\u00fa \u00e9p\u00fcletek k\u00f6rnyezet\u00e9be remek\u00fcl illeszkedik.","breadcrumb":{"@id":"https:\/\/www.viastein.hu\/termek\/diszburkolatok\/keritesrendszerek\/via-hold\/#breadcrumb"},"inLanguage":"en-US","potentialAction":[{"@type":"ReadAction","target":["https:\/\/www.viastein.hu\/termek\/diszburkolatok\/keritesrendszerek\/via-hold\/"]}]},{"@type":"ImageObject","inLanguage":"en-US","@id":"https:\/\/www.viastein.hu\/termek\/diszburkolatok\/keritesrendszerek\/via-hold\/#primaryimage","url":"https:\/\/www.viastein.hu\/wp-content\/uploads\/2025\/07\/Via-Hold.jpg","contentUrl":"https:\/\/www.viastein.hu\/wp-content\/uploads\/2025\/07\/Via-Hold.jpg","width":1200,"height":1600},{"@type":"BreadcrumbList","@id":"https:\/\/www.viastein.hu\/termek\/diszburkolatok\/keritesrendszerek\/via-hold\/#breadcrumb","itemListElement":[{"@type":"ListItem","position":1,"name":"Kezd\u0151lap","item":"https:\/\/www.viastein.hu\/"},{"@type":"ListItem","position":2,"name":"Term\u00e9kek","item":"https:\/\/www.viastein.hu\/termekek-2\/"},{"@type":"ListItem","position":3,"name":"D\u00cdSZBURKOLATOK","item":"https:\/\/www.viastein.hu\/termek-kategoria\/diszburkolatok\/"},{"@type":"ListItem","position":4,"name":"Falak, ker\u00edt\u00e9srendszerek","item":"https:\/\/www.viastein.hu\/termek-kategoria\/diszburkolatok\/keritesrendszerek\/"},{"@type":"ListItem","position":5,"name":"Via Hold"}]},{"@type":"WebSite","@id":"https:\/\/www.viastein.hu\/#website","url":"https:\/\/www.viastein.hu\/","name":"Viastein","description":"D\u00edszburkolatok, falaz\u00f3elemek, vasbeton elemek. Pr\u00e9mium min\u0151s\u00e9gben, hazai rakt\u00e1rb\u00f3l, r\u00f6vid sz\u00e1ll\u00edt\u00e1si hat\u00e1rid\u0151vel.","publisher":{"@id":"https:\/\/www.viastein.hu\/#organization"},"potentialAction":[{"@type":"SearchAction","target":{"@type":"EntryPoint","urlTemplate":"https:\/\/www.viastein.hu\/?s={search_term_string}"},"query-input":{"@type":"PropertyValueSpecification","valueRequired":true,"valueName":"search_term_string"}}],"inLanguage":"en-US"},{"@type":"Organization","@id":"https:\/\/www.viastein.hu\/#organization","name":"Viastein","url":"https:\/\/www.viastein.hu\/","logo":{"@type":"ImageObject","inLanguage":"en-US","@id":"https:\/\/www.viastein.hu\/#\/schema\/logo\/image\/","url":"https:\/\/www.viastein.hu\/wp-content\/uploads\/2024\/07\/viastein-color-logo-02-2.png","contentUrl":"https:\/\/www.viastein.hu\/wp-content\/uploads\/2024\/07\/viastein-color-logo-02-2.png","width":232,"height":58,"caption":"Viastein"},"image":{"@id":"https:\/\/www.viastein.hu\/#\/schema\/logo\/image\/"},"sameAs":["https:\/\/www.facebook.com\/viastein.hu\/","https:\/\/www.instagram.com\/viastein_hungary\/","https:\/\/www.youtube.com\/@viasteinkft8464","https:\/\/www.tiktok.com\/@viastein_hungary"]}]}},"_links":{"self":[{"href":"https:\/\/www.viastein.hu\/en\/wp-json\/wp\/v2\/product\/8306","targetHints":{"allow":["GET"]}}],"collection":[{"href":"https:\/\/www.viastein.hu\/en\/wp-json\/wp\/v2\/product"}],"about":[{"href":"https:\/\/www.viastein.hu\/en\/wp-json\/wp\/v2\/types\/product"}],"wp:featuredmedia":[{"embeddable":true,"href":"https:\/\/www.viastein.hu\/en\/wp-json\/wp\/v2\/media\/8308"}],"wp:attachment":[{"href":"https:\/\/www.viastein.hu\/en\/wp-json\/wp\/v2\/media?parent=8306"}],"wp:term":[{"taxonomy":"product_brand","embeddable":true,"href":"https:\/\/www.viastein.hu\/en\/wp-json\/wp\/v2\/product_brand?post=8306"},{"taxonomy":"product_cat","embeddable":true,"href":"https:\/\/www.viastein.hu\/en\/wp-json\/wp\/v2\/product_cat?post=8306"},{"taxonomy":"product_tag","embeddable":true,"href":"https:\/\/www.viastein.hu\/en\/wp-json\/wp\/v2\/product_tag?post=8306"}],"curies":[{"name":"wp","href":"https:\/\/api.w.org\/{rel}","templated":true}]}}