{"id":8305,"date":"2025-07-17T14:27:47","date_gmt":"2025-07-17T12:27:47","guid":{"rendered":"https:\/\/www.viastein.hu\/?post_type=product&#038;p=8305"},"modified":"2026-03-03T14:18:33","modified_gmt":"2026-03-03T12:18:33","slug":"vialint-tha-d450-15-3000x200x150-2","status":"publish","type":"product","link":"https:\/\/www.viastein.hu\/en\/termek\/falazoelemek\/kiegeszito\/vialint-tha-d450-15-3000x200x150-2\/","title":{"rendered":"VIALINT THA D450\/20 3000x200x200"},"content":{"rendered":"<p>A VIALINT el\u0151regy\u00e1rtott p\u00f3rusbeton vasalt \u00e1thidal\u00f3 kisebb ny\u00edl\u00e1s\u00e1thidal\u00e1sok \u00e9s terhek eset\u00e9n v\u00e1zkit\u00f6lt\u0151 \u00e9s teherhord\u00f3 falakban egyar\u00e1nt alkalmazhat\u00f3. A VIALINT \u00e1thidal\u00f3kat a megfelel\u0151 h\u0151szigetel\u00e9s \u00e9rdek\u00e9ben D450 tests\u0171r\u0171s\u00e9gi oszt\u00e1ly\u00fa anyagb\u00f3l gy\u00e1rtjuk a j\u00e1ratos ny\u00edl\u00e1sm\u00e9retekhez alkalmazkodva. Az \u00e1thidal\u00f3 a falaz\u00f3elemeinkhez igaz\u00edtva azonos 20 cm elemmagass\u00e1ggal \u00e9s a m\u00e9retrendhez illeszked\u0151 fal sz\u00e9less\u00e9g\u0171. A 20 cm-n\u00e9l sz\u00e9lesebb falak eset\u00e9n a falvastags\u00e1gnak megfelel\u0151 elrendez\u00e9s a VIALINT \u00e1thidal\u00f3k egym\u00e1s mell\u00e9 sorol\u00e1s\u00e1val alak\u00edthat\u00f3 ki. A VIALINT p\u00f3rusbeton vasalt \u00e1thidal\u00f3 a Harmoniz\u00e1lt szabv\u00e1ny: MSZ EN 845-2:2013+A 1 :2016 el\u0151\u00edr\u00e1sainak megfelel.<\/p>\n","protected":false},"excerpt":{"rendered":"<h3 class=\"elementor-heading-title elementor-size-medium\" style=\"margin-top: 20px; margin-bottom: 20px;\">M\u0171szaki \/ logisztikai adatok<\/h3>\n<div class=\"\">\n<table>\n<tbody>\n<tr>\n<th>m\u00e9ret<\/th>\n<td>3000 x 200 x 200 mm<\/td>\n<\/tr>\n<tr>\n<th>db \/ raklap<\/th>\n<td>8<\/td>\n<\/tr>\n<tr>\n<th>kg \/ db<\/th>\n<td>107<\/td>\n<\/tr>\n<tr>\n<th>kg \/ raklap<\/th>\n<td>856<\/td>\n<\/tr>\n<tr>\n<th>minim\u00e1lis felfekv\u00e9s (cm)<\/th>\n<td>35<\/td>\n<\/tr>\n<tr>\n<th>ny\u00edl\u00e1sm\u00e9ret (cm)<\/th>\n<td>250<\/td>\n<\/tr>\n<\/tbody>\n<\/table>\n<\/div>\n","protected":false},"featured_media":8843,"template":"","meta":{"_acf_changed":false},"product_brand":[],"product_cat":[219,210,174],"product_tag":[],"class_list":{"0":"post-8305","1":"product","2":"type-product","3":"status-publish","4":"has-post-thumbnail","6":"product_cat-athidalok","7":"product_cat-kiegeszito","8":"product_cat-vialint","9":"pa_csap-horony-kialakitas-igen","11":"first","12":"instock","13":"sold-individually","14":"taxable","15":"shipping-taxable","16":"purchasable","17":"product-type-simple"},"acf":[],"yoast_head":"<!-- This site is optimized with the Yoast SEO plugin v27.4 - https:\/\/yoast.com\/product\/yoast-seo-wordpress\/ -->\n<title>VIALINT THA D450\/20 3000x200x200 - Viastein<\/title>\n<meta name=\"description\" content=\"VIABLOKK homlokzati fal blokkelem\" \/>\n<meta name=\"robots\" content=\"index, follow, max-snippet:-1, max-image-preview:large, max-video-preview:-1\" \/>\n<link rel=\"canonical\" href=\"https:\/\/www.viastein.hu\/termek\/falazoelemek\/kiegeszito\/vialint-tha-d450-15-3000x200x150-2\/\" \/>\n<meta property=\"og:locale\" content=\"en_US\" \/>\n<meta property=\"og:type\" content=\"article\" \/>\n<meta property=\"og:title\" content=\"VIALINT THA D450\/20 3000x200x200 - Viastein\" \/>\n<meta property=\"og:description\" content=\"VIABLOKK homlokzati fal blokkelem\" \/>\n<meta property=\"og:url\" content=\"https:\/\/www.viastein.hu\/termek\/falazoelemek\/kiegeszito\/vialint-tha-d450-15-3000x200x150-2\/\" \/>\n<meta property=\"og:site_name\" content=\"Viastein\" \/>\n<meta property=\"article:publisher\" content=\"https:\/\/www.facebook.com\/viastein.hu\/\" \/>\n<meta property=\"article:modified_time\" content=\"2026-03-03T12:18:33+00:00\" \/>\n<meta property=\"og:image\" content=\"https:\/\/www.viastein.hu\/wp-content\/uploads\/2025\/07\/Vialint-3000x200x200.jpg\" \/>\n\t<meta property=\"og:image:width\" content=\"650\" \/>\n\t<meta property=\"og:image:height\" content=\"650\" \/>\n\t<meta property=\"og:image:type\" content=\"image\/jpeg\" \/>\n<meta name=\"twitter:card\" content=\"summary_large_image\" \/>\n<meta name=\"twitter:label1\" content=\"Est. reading time\" \/>\n\t<meta name=\"twitter:data1\" content=\"1 minute\" \/>\n<script type=\"application\/ld+json\" class=\"yoast-schema-graph\">{\"@context\":\"https:\\\/\\\/schema.org\",\"@graph\":[{\"@type\":\"WebPage\",\"@id\":\"https:\\\/\\\/www.viastein.hu\\\/termek\\\/falazoelemek\\\/kiegeszito\\\/vialint-tha-d450-15-3000x200x150-2\\\/\",\"url\":\"https:\\\/\\\/www.viastein.hu\\\/termek\\\/falazoelemek\\\/kiegeszito\\\/vialint-tha-d450-15-3000x200x150-2\\\/\",\"name\":\"VIALINT THA D450\\\/20 3000x200x200 - Viastein\",\"isPartOf\":{\"@id\":\"https:\\\/\\\/www.viastein.hu\\\/#website\"},\"primaryImageOfPage\":{\"@id\":\"https:\\\/\\\/www.viastein.hu\\\/termek\\\/falazoelemek\\\/kiegeszito\\\/vialint-tha-d450-15-3000x200x150-2\\\/#primaryimage\"},\"image\":{\"@id\":\"https:\\\/\\\/www.viastein.hu\\\/termek\\\/falazoelemek\\\/kiegeszito\\\/vialint-tha-d450-15-3000x200x150-2\\\/#primaryimage\"},\"thumbnailUrl\":\"https:\\\/\\\/www.viastein.hu\\\/wp-content\\\/uploads\\\/2025\\\/07\\\/Vialint-3000x200x200.jpg\",\"datePublished\":\"2025-07-17T12:27:47+00:00\",\"dateModified\":\"2026-03-03T12:18:33+00:00\",\"description\":\"VIABLOKK homlokzati fal blokkelem\",\"breadcrumb\":{\"@id\":\"https:\\\/\\\/www.viastein.hu\\\/termek\\\/falazoelemek\\\/kiegeszito\\\/vialint-tha-d450-15-3000x200x150-2\\\/#breadcrumb\"},\"inLanguage\":\"en-US\",\"potentialAction\":[{\"@type\":\"ReadAction\",\"target\":[\"https:\\\/\\\/www.viastein.hu\\\/termek\\\/falazoelemek\\\/kiegeszito\\\/vialint-tha-d450-15-3000x200x150-2\\\/\"]}]},{\"@type\":\"ImageObject\",\"inLanguage\":\"en-US\",\"@id\":\"https:\\\/\\\/www.viastein.hu\\\/termek\\\/falazoelemek\\\/kiegeszito\\\/vialint-tha-d450-15-3000x200x150-2\\\/#primaryimage\",\"url\":\"https:\\\/\\\/www.viastein.hu\\\/wp-content\\\/uploads\\\/2025\\\/07\\\/Vialint-3000x200x200.jpg\",\"contentUrl\":\"https:\\\/\\\/www.viastein.hu\\\/wp-content\\\/uploads\\\/2025\\\/07\\\/Vialint-3000x200x200.jpg\",\"width\":650,\"height\":650},{\"@type\":\"BreadcrumbList\",\"@id\":\"https:\\\/\\\/www.viastein.hu\\\/termek\\\/falazoelemek\\\/kiegeszito\\\/vialint-tha-d450-15-3000x200x150-2\\\/#breadcrumb\",\"itemListElement\":[{\"@type\":\"ListItem\",\"position\":1,\"name\":\"Kezd\u0151lap\",\"item\":\"https:\\\/\\\/www.viastein.hu\\\/\"},{\"@type\":\"ListItem\",\"position\":2,\"name\":\"Term\u00e9kek\",\"item\":\"https:\\\/\\\/www.viastein.hu\\\/termekek-2\\\/\"},{\"@type\":\"ListItem\",\"position\":3,\"name\":\"FALAZ\u00d3ELEMEK\",\"item\":\"https:\\\/\\\/www.viastein.hu\\\/termek-kategoria\\\/falazoelemek\\\/\"},{\"@type\":\"ListItem\",\"position\":4,\"name\":\"Kieg\u00e9sz\u00edt\u0151\",\"item\":\"https:\\\/\\\/www.viastein.hu\\\/termek-kategoria\\\/falazoelemek\\\/kiegeszito\\\/\"},{\"@type\":\"ListItem\",\"position\":5,\"name\":\"VIALINT THA D450\\\/20 3000x200x200\"}]},{\"@type\":\"WebSite\",\"@id\":\"https:\\\/\\\/www.viastein.hu\\\/#website\",\"url\":\"https:\\\/\\\/www.viastein.hu\\\/\",\"name\":\"Viastein\",\"description\":\"D\u00edszburkolatok, falaz\u00f3elemek, vasbeton elemek. Pr\u00e9mium min\u0151s\u00e9gben, hazai rakt\u00e1rb\u00f3l, r\u00f6vid sz\u00e1ll\u00edt\u00e1si hat\u00e1rid\u0151vel.\",\"publisher\":{\"@id\":\"https:\\\/\\\/www.viastein.hu\\\/#organization\"},\"potentialAction\":[{\"@type\":\"SearchAction\",\"target\":{\"@type\":\"EntryPoint\",\"urlTemplate\":\"https:\\\/\\\/www.viastein.hu\\\/?s={search_term_string}\"},\"query-input\":{\"@type\":\"PropertyValueSpecification\",\"valueRequired\":true,\"valueName\":\"search_term_string\"}}],\"inLanguage\":\"en-US\"},{\"@type\":\"Organization\",\"@id\":\"https:\\\/\\\/www.viastein.hu\\\/#organization\",\"name\":\"Viastein\",\"url\":\"https:\\\/\\\/www.viastein.hu\\\/\",\"logo\":{\"@type\":\"ImageObject\",\"inLanguage\":\"en-US\",\"@id\":\"https:\\\/\\\/www.viastein.hu\\\/#\\\/schema\\\/logo\\\/image\\\/\",\"url\":\"https:\\\/\\\/www.viastein.hu\\\/wp-content\\\/uploads\\\/2024\\\/07\\\/viastein-color-logo-02-2.png\",\"contentUrl\":\"https:\\\/\\\/www.viastein.hu\\\/wp-content\\\/uploads\\\/2024\\\/07\\\/viastein-color-logo-02-2.png\",\"width\":232,\"height\":58,\"caption\":\"Viastein\"},\"image\":{\"@id\":\"https:\\\/\\\/www.viastein.hu\\\/#\\\/schema\\\/logo\\\/image\\\/\"},\"sameAs\":[\"https:\\\/\\\/www.facebook.com\\\/viastein.hu\\\/\",\"https:\\\/\\\/www.instagram.com\\\/viastein_hungary\\\/\",\"https:\\\/\\\/www.youtube.com\\\/@viasteinkft8464\",\"https:\\\/\\\/www.tiktok.com\\\/@viastein_hungary\"]}]}<\/script>\n<!-- \/ Yoast SEO plugin. -->","yoast_head_json":{"title":"VIALINT THA D450\/20 3000x200x200 - Viastein","description":"VIABLOKK homlokzati fal blokkelem","robots":{"index":"index","follow":"follow","max-snippet":"max-snippet:-1","max-image-preview":"max-image-preview:large","max-video-preview":"max-video-preview:-1"},"canonical":"https:\/\/www.viastein.hu\/termek\/falazoelemek\/kiegeszito\/vialint-tha-d450-15-3000x200x150-2\/","og_locale":"en_US","og_type":"article","og_title":"VIALINT THA D450\/20 3000x200x200 - Viastein","og_description":"VIABLOKK homlokzati fal blokkelem","og_url":"https:\/\/www.viastein.hu\/termek\/falazoelemek\/kiegeszito\/vialint-tha-d450-15-3000x200x150-2\/","og_site_name":"Viastein","article_publisher":"https:\/\/www.facebook.com\/viastein.hu\/","article_modified_time":"2026-03-03T12:18:33+00:00","og_image":[{"width":650,"height":650,"url":"https:\/\/www.viastein.hu\/wp-content\/uploads\/2025\/07\/Vialint-3000x200x200.jpg","type":"image\/jpeg"}],"twitter_card":"summary_large_image","twitter_misc":{"Est. reading time":"1 minute"},"schema":{"@context":"https:\/\/schema.org","@graph":[{"@type":"WebPage","@id":"https:\/\/www.viastein.hu\/termek\/falazoelemek\/kiegeszito\/vialint-tha-d450-15-3000x200x150-2\/","url":"https:\/\/www.viastein.hu\/termek\/falazoelemek\/kiegeszito\/vialint-tha-d450-15-3000x200x150-2\/","name":"VIALINT THA D450\/20 3000x200x200 - Viastein","isPartOf":{"@id":"https:\/\/www.viastein.hu\/#website"},"primaryImageOfPage":{"@id":"https:\/\/www.viastein.hu\/termek\/falazoelemek\/kiegeszito\/vialint-tha-d450-15-3000x200x150-2\/#primaryimage"},"image":{"@id":"https:\/\/www.viastein.hu\/termek\/falazoelemek\/kiegeszito\/vialint-tha-d450-15-3000x200x150-2\/#primaryimage"},"thumbnailUrl":"https:\/\/www.viastein.hu\/wp-content\/uploads\/2025\/07\/Vialint-3000x200x200.jpg","datePublished":"2025-07-17T12:27:47+00:00","dateModified":"2026-03-03T12:18:33+00:00","description":"VIABLOKK homlokzati fal blokkelem","breadcrumb":{"@id":"https:\/\/www.viastein.hu\/termek\/falazoelemek\/kiegeszito\/vialint-tha-d450-15-3000x200x150-2\/#breadcrumb"},"inLanguage":"en-US","potentialAction":[{"@type":"ReadAction","target":["https:\/\/www.viastein.hu\/termek\/falazoelemek\/kiegeszito\/vialint-tha-d450-15-3000x200x150-2\/"]}]},{"@type":"ImageObject","inLanguage":"en-US","@id":"https:\/\/www.viastein.hu\/termek\/falazoelemek\/kiegeszito\/vialint-tha-d450-15-3000x200x150-2\/#primaryimage","url":"https:\/\/www.viastein.hu\/wp-content\/uploads\/2025\/07\/Vialint-3000x200x200.jpg","contentUrl":"https:\/\/www.viastein.hu\/wp-content\/uploads\/2025\/07\/Vialint-3000x200x200.jpg","width":650,"height":650},{"@type":"BreadcrumbList","@id":"https:\/\/www.viastein.hu\/termek\/falazoelemek\/kiegeszito\/vialint-tha-d450-15-3000x200x150-2\/#breadcrumb","itemListElement":[{"@type":"ListItem","position":1,"name":"Kezd\u0151lap","item":"https:\/\/www.viastein.hu\/"},{"@type":"ListItem","position":2,"name":"Term\u00e9kek","item":"https:\/\/www.viastein.hu\/termekek-2\/"},{"@type":"ListItem","position":3,"name":"FALAZ\u00d3ELEMEK","item":"https:\/\/www.viastein.hu\/termek-kategoria\/falazoelemek\/"},{"@type":"ListItem","position":4,"name":"Kieg\u00e9sz\u00edt\u0151","item":"https:\/\/www.viastein.hu\/termek-kategoria\/falazoelemek\/kiegeszito\/"},{"@type":"ListItem","position":5,"name":"VIALINT THA D450\/20 3000x200x200"}]},{"@type":"WebSite","@id":"https:\/\/www.viastein.hu\/#website","url":"https:\/\/www.viastein.hu\/","name":"Viastein","description":"D\u00edszburkolatok, falaz\u00f3elemek, vasbeton elemek. Pr\u00e9mium min\u0151s\u00e9gben, hazai rakt\u00e1rb\u00f3l, r\u00f6vid sz\u00e1ll\u00edt\u00e1si hat\u00e1rid\u0151vel.","publisher":{"@id":"https:\/\/www.viastein.hu\/#organization"},"potentialAction":[{"@type":"SearchAction","target":{"@type":"EntryPoint","urlTemplate":"https:\/\/www.viastein.hu\/?s={search_term_string}"},"query-input":{"@type":"PropertyValueSpecification","valueRequired":true,"valueName":"search_term_string"}}],"inLanguage":"en-US"},{"@type":"Organization","@id":"https:\/\/www.viastein.hu\/#organization","name":"Viastein","url":"https:\/\/www.viastein.hu\/","logo":{"@type":"ImageObject","inLanguage":"en-US","@id":"https:\/\/www.viastein.hu\/#\/schema\/logo\/image\/","url":"https:\/\/www.viastein.hu\/wp-content\/uploads\/2024\/07\/viastein-color-logo-02-2.png","contentUrl":"https:\/\/www.viastein.hu\/wp-content\/uploads\/2024\/07\/viastein-color-logo-02-2.png","width":232,"height":58,"caption":"Viastein"},"image":{"@id":"https:\/\/www.viastein.hu\/#\/schema\/logo\/image\/"},"sameAs":["https:\/\/www.facebook.com\/viastein.hu\/","https:\/\/www.instagram.com\/viastein_hungary\/","https:\/\/www.youtube.com\/@viasteinkft8464","https:\/\/www.tiktok.com\/@viastein_hungary"]}]}},"_links":{"self":[{"href":"https:\/\/www.viastein.hu\/en\/wp-json\/wp\/v2\/product\/8305","targetHints":{"allow":["GET"]}}],"collection":[{"href":"https:\/\/www.viastein.hu\/en\/wp-json\/wp\/v2\/product"}],"about":[{"href":"https:\/\/www.viastein.hu\/en\/wp-json\/wp\/v2\/types\/product"}],"wp:featuredmedia":[{"embeddable":true,"href":"https:\/\/www.viastein.hu\/en\/wp-json\/wp\/v2\/media\/8843"}],"wp:attachment":[{"href":"https:\/\/www.viastein.hu\/en\/wp-json\/wp\/v2\/media?parent=8305"}],"wp:term":[{"taxonomy":"product_brand","embeddable":true,"href":"https:\/\/www.viastein.hu\/en\/wp-json\/wp\/v2\/product_brand?post=8305"},{"taxonomy":"product_cat","embeddable":true,"href":"https:\/\/www.viastein.hu\/en\/wp-json\/wp\/v2\/product_cat?post=8305"},{"taxonomy":"product_tag","embeddable":true,"href":"https:\/\/www.viastein.hu\/en\/wp-json\/wp\/v2\/product_tag?post=8305"}],"curies":[{"name":"wp","href":"https:\/\/api.w.org\/{rel}","templated":true}]}}