{"id":8291,"date":"2025-07-17T11:25:06","date_gmt":"2025-07-17T11:25:06","guid":{"rendered":"https:\/\/www.viastein.hu\/?post_type=product&#038;p=8291"},"modified":"2026-02-16T10:55:26","modified_gmt":"2026-02-16T08:55:26","slug":"modulo-antico","status":"publish","type":"product","link":"https:\/\/www.viastein.hu\/en\/termek\/diszburkolatok\/keritesrendszerek\/modulo-antico\/","title":{"rendered":"Modulo Antico ker\u00edt\u00e9srendszer"},"content":{"rendered":"<div class=\"row\" style=\"display: table; clear: both;\">\n<p>A MODULO ANTICO ker\u00edt\u00e9selem egyedi m\u00e9rete, rusztikus fel\u00fclete \u00e9s tiszta sz\u00edne a mai letisztult formavil\u00e1g\u00fa \u00e9p\u00fcletek k\u00f6rnyezet\u00e9hez eleg\u00e1nsan m\u00e9gis karakteresen illeszkedik. Modulo Antico ker\u00edt\u00e9selem \u00fcreges kialak\u00edt\u00e1s\u00fa, betonnal kit\u00f6lthet\u0151, f\u00fcgg\u0151legesen \u00e9s v\u00edzszintesen az el\u0151k\u00e9sz\u00edtett helyen betonac\u00e9llal meger\u0151s\u00edthet\u0151. Kiv\u00e1l\u00f3an alkalmas lehet m\u00e9g kisebb t\u00e1mfal, t\u00e9relv\u00e1laszt\u00f3 fal \u00e9p\u00edt\u00e9s\u00e9re.<\/p>\n<p>MODULO Antico ker\u00edt\u00e9srendszer kieg\u00e9sz\u00edt\u0151 term\u00e9ke az egyedi m\u00e9ret\u0171 ker\u00edt\u00e9s fedlap. Rusztikus fel\u00fclete harmoniz\u00e1l \u00e9s t\u00f6k\u00e9letesen lez\u00e1rja valamint v\u00e9di id\u0151j\u00e1r\u00e1s viszontags\u00e1gait\u00f3l a ker\u00edt\u00e9selemet.<\/p>\n<p>MODULO Antico ker\u00edt\u00e9srendszer kieg\u00e9sz\u00edt\u0151 term\u00e9ke az egyedi m\u00e9ret\u0171 ker\u00edt\u00e9soszlop fedlap. N\u00e9gy oldal\u00e1n roppantott rusztikus fel\u00fclete nagyszer\u0171en harmoniz\u00e1l \u00e9s t\u00f6k\u00e9letesen lez\u00e1rja valamint v\u00e9di id\u0151j\u00e1r\u00e1s viszontags\u00e1gait\u00f3l a ker\u00edt\u00e9selemb\u0151l \u00e9p\u00edtett oszlopot.<\/p>\n<div class=\"column01\" style=\"float: left; width: 33.33%; padding: 10px;\">\n<h3 style=\"text-align: left;\">SPECIFIK\u00c1CI\u00d3K<\/h3>\n<div style=\"max-width: 800px; margin: 0;\">\n<table style=\"width: 1074px; border-collapse: collapse; text-align: left; height: 508px;\">\n<thead>\n<tr style=\"background-color: #000 !important; color: #fff !important;\">\n<th style=\"padding: 10px; background-color: #000 !important; color: #fff !important;\"><\/th>\n<th style=\"padding: 10px; text-align: left; background-color: #000 !important; color: #fff !important;\">MODULO ANTICO FEDLAP (KF)<\/th>\n<th style=\"padding: 10px; text-align: left; background-color: #000 !important; color: #fff !important;\">MODULO ANTICO OSZLOP FEDLAP (KOF)<\/th>\n<th style=\"padding: 10px; text-align: left; background-color: #000 !important; color: #fff !important;\">MODULO ANTICO KER\u00cdT\u00c9S ELEM (KE)<\/th>\n<\/tr>\n<\/thead>\n<tbody>\n<tr style=\"background-color: #f0f2f2;\">\n<th style=\"padding: 10px;\">vastags\u00e1g<\/th>\n<td style=\"padding: 10px;\">7,5 cm<\/td>\n<td style=\"padding: 10px;\">7,5 cm<\/td>\n<td style=\"padding: 10px;\">7,5 cm<\/td>\n<\/tr>\n<tr>\n<th style=\"padding: 10px;\">m\u00e9ret<\/th>\n<td style=\"padding: 10px;\">60 x 20 cm<\/td>\n<td style=\"padding: 10px;\">50 x 20 cm<\/td>\n<td style=\"padding: 10px;\">40 x 20 cm<\/td>\n<\/tr>\n<tr style=\"background-color: #f0f2f2;\">\n<th style=\"padding: 10px;\">db \/ raklap<\/th>\n<td style=\"padding: 10px;\">48<\/td>\n<td style=\"padding: 10px;\">48<\/td>\n<td style=\"padding: 10px;\">80<\/td>\n<\/tr>\n<tr>\n<th style=\"padding: 10px;\">kg \/ raklap<\/th>\n<td style=\"padding: 10px;\">984<\/td>\n<td style=\"padding: 10px;\">822<\/td>\n<td style=\"padding: 10px;\">840<\/td>\n<\/tr>\n<tr style=\"background-color: #f0f2f2;\">\n<th style=\"padding: 10px;\">sor \/ raklap<\/th>\n<td style=\"padding: 10px;\">6<\/td>\n<td style=\"padding: 10px;\">6<\/td>\n<td style=\"padding: 10px;\">10<\/td>\n<\/tr>\n<\/tbody>\n<\/table>\n<\/div>\n<\/div>\n<\/div>\n","protected":false},"excerpt":{"rendered":"<p><strong>SZ\u00cdNEK<\/strong><\/p>\n<div class=\"row\" style=\"content: ''; display: flex; clear: both;\">\n<div class=\"column, column011\" style=\"float: left; ; padding: 10px;\">\n<p><img decoding=\"async\" class=\"attachment-full size-full\" src=\"https:\/\/www.viastein.hu\/wp-content\/uploads\/2024\/08\/antracit-3.jpg\" alt=\"\" \/><br \/>\n<strong style=\"font-size: 14px;\">antracit<\/strong><\/p>\n<\/div>\n<div class=\"column, column011\" style=\"float: left; padding: 10px;\"><\/div>\n<div class=\"column, column011\" style=\"float: left; padding: 10px;\">\n<p><img decoding=\"async\" class=\"attachment-full size-full\" src=\"https:\/\/www.viastein.hu\/wp-content\/uploads\/2024\/08\/feher.jpg\" alt=\"\" \/><br \/>\n<strong style=\"font-size: 14px;\">feh\u00e9r<\/strong><\/p>\n<\/div>\n<\/div>\n<div class=\"row\" style=\"content: ''; display: flex; clear: both;\">\n<div class=\"column\" style=\"float: left; width: 42%; padding: 10px;\"><img decoding=\"async\" class=\"attachment-full size-full\" src=\"https:\/\/www.viastein.hu\/wp-content\/uploads\/2024\/08\/Skala-raklap-rajz.jpg \" alt=\"\" \/><\/div>\n<\/div>\n<hr style=\"border: solid 1px;\" \/>\n<p><img decoding=\"async\" style=\"padding-right: 15px;\" src=\"https:\/\/www.viastein.hu\/wp-content\/uploads\/2024\/08\/VIA.jpg\" alt=\"\" \/><img decoding=\"async\" class=\"\" style=\"padding-right: 15px;\" src=\"https:\/\/www.viastein.hu\/wp-content\/uploads\/2025\/07\/roppantott.jpg\" alt=\"\" width=\"84\" height=\"33\" \/><\/p>\n","protected":false},"featured_media":8294,"template":"","meta":{"_acf_changed":false},"product_brand":[],"product_cat":[64],"product_tag":[85,83,240,104,225],"class_list":{"0":"post-8291","1":"product","2":"type-product","3":"status-publish","4":"has-post-thumbnail","6":"product_cat-keritesrendszerek","7":"product_tag-antracit","8":"product_tag-feher","9":"product_tag-keritesrendszer","10":"product_tag-modulo","11":"product_tag-modulo-antico","13":"first","14":"instock","15":"sold-individually","16":"taxable","17":"shipping-taxable","18":"purchasable","19":"product-type-simple"},"acf":[],"yoast_head":"<!-- This site is optimized with the Yoast SEO plugin v27.4 - https:\/\/yoast.com\/product\/yoast-seo-wordpress\/ -->\n<title>Modulo Antico ker\u00edt\u00e9srendszer - Viastein<\/title>\n<meta name=\"description\" content=\"A MODULO ker\u00edt\u00e9selem k\u00fcl\u00f6nleges m\u00e9ret\u00e9vel, sz\u00edn\u00e9vel \u00e9s tiszta egyenes \u00e9leivel a mai letisztult formavil\u00e1g\u00fa \u00e9p\u00fcletek k\u00f6rnyezet\u00e9be remek\u00fcl illeszkedik.\" \/>\n<meta name=\"robots\" content=\"index, follow, max-snippet:-1, max-image-preview:large, max-video-preview:-1\" \/>\n<link rel=\"canonical\" href=\"https:\/\/www.viastein.hu\/termek\/diszburkolatok\/keritesrendszerek\/modulo-antico\/\" \/>\n<meta property=\"og:locale\" content=\"en_US\" \/>\n<meta property=\"og:type\" content=\"article\" \/>\n<meta property=\"og:title\" content=\"Modulo Antico ker\u00edt\u00e9srendszer - Viastein\" \/>\n<meta property=\"og:description\" content=\"A MODULO ker\u00edt\u00e9selem k\u00fcl\u00f6nleges m\u00e9ret\u00e9vel, sz\u00edn\u00e9vel \u00e9s tiszta egyenes \u00e9leivel a mai letisztult formavil\u00e1g\u00fa \u00e9p\u00fcletek k\u00f6rnyezet\u00e9be remek\u00fcl illeszkedik.\" \/>\n<meta property=\"og:url\" content=\"https:\/\/www.viastein.hu\/termek\/diszburkolatok\/keritesrendszerek\/modulo-antico\/\" \/>\n<meta property=\"og:site_name\" content=\"Viastein\" \/>\n<meta property=\"article:publisher\" content=\"https:\/\/www.facebook.com\/viastein.hu\/\" \/>\n<meta property=\"article:modified_time\" content=\"2026-02-16T08:55:26+00:00\" \/>\n<meta property=\"og:image\" content=\"https:\/\/www.viastein.hu\/wp-content\/uploads\/2025\/07\/modulo-antico.jpeg\" \/>\n\t<meta property=\"og:image:width\" content=\"1600\" \/>\n\t<meta property=\"og:image:height\" content=\"1200\" \/>\n\t<meta property=\"og:image:type\" content=\"image\/jpeg\" \/>\n<meta name=\"twitter:card\" content=\"summary_large_image\" \/>\n<meta name=\"twitter:label1\" content=\"Est. reading time\" \/>\n\t<meta name=\"twitter:data1\" content=\"2 minutes\" \/>\n<script type=\"application\/ld+json\" class=\"yoast-schema-graph\">{\"@context\":\"https:\\\/\\\/schema.org\",\"@graph\":[{\"@type\":\"WebPage\",\"@id\":\"https:\\\/\\\/www.viastein.hu\\\/termek\\\/diszburkolatok\\\/keritesrendszerek\\\/modulo-antico\\\/\",\"url\":\"https:\\\/\\\/www.viastein.hu\\\/termek\\\/diszburkolatok\\\/keritesrendszerek\\\/modulo-antico\\\/\",\"name\":\"Modulo Antico ker\u00edt\u00e9srendszer - Viastein\",\"isPartOf\":{\"@id\":\"https:\\\/\\\/www.viastein.hu\\\/#website\"},\"primaryImageOfPage\":{\"@id\":\"https:\\\/\\\/www.viastein.hu\\\/termek\\\/diszburkolatok\\\/keritesrendszerek\\\/modulo-antico\\\/#primaryimage\"},\"image\":{\"@id\":\"https:\\\/\\\/www.viastein.hu\\\/termek\\\/diszburkolatok\\\/keritesrendszerek\\\/modulo-antico\\\/#primaryimage\"},\"thumbnailUrl\":\"https:\\\/\\\/www.viastein.hu\\\/wp-content\\\/uploads\\\/2025\\\/07\\\/modulo-antico.jpeg\",\"datePublished\":\"2025-07-17T11:25:06+00:00\",\"dateModified\":\"2026-02-16T08:55:26+00:00\",\"description\":\"A MODULO ker\u00edt\u00e9selem k\u00fcl\u00f6nleges m\u00e9ret\u00e9vel, sz\u00edn\u00e9vel \u00e9s tiszta egyenes \u00e9leivel a mai letisztult formavil\u00e1g\u00fa \u00e9p\u00fcletek k\u00f6rnyezet\u00e9be remek\u00fcl illeszkedik.\",\"breadcrumb\":{\"@id\":\"https:\\\/\\\/www.viastein.hu\\\/termek\\\/diszburkolatok\\\/keritesrendszerek\\\/modulo-antico\\\/#breadcrumb\"},\"inLanguage\":\"en-US\",\"potentialAction\":[{\"@type\":\"ReadAction\",\"target\":[\"https:\\\/\\\/www.viastein.hu\\\/termek\\\/diszburkolatok\\\/keritesrendszerek\\\/modulo-antico\\\/\"]}]},{\"@type\":\"ImageObject\",\"inLanguage\":\"en-US\",\"@id\":\"https:\\\/\\\/www.viastein.hu\\\/termek\\\/diszburkolatok\\\/keritesrendszerek\\\/modulo-antico\\\/#primaryimage\",\"url\":\"https:\\\/\\\/www.viastein.hu\\\/wp-content\\\/uploads\\\/2025\\\/07\\\/modulo-antico.jpeg\",\"contentUrl\":\"https:\\\/\\\/www.viastein.hu\\\/wp-content\\\/uploads\\\/2025\\\/07\\\/modulo-antico.jpeg\",\"width\":1600,\"height\":1200},{\"@type\":\"BreadcrumbList\",\"@id\":\"https:\\\/\\\/www.viastein.hu\\\/termek\\\/diszburkolatok\\\/keritesrendszerek\\\/modulo-antico\\\/#breadcrumb\",\"itemListElement\":[{\"@type\":\"ListItem\",\"position\":1,\"name\":\"Kezd\u0151lap\",\"item\":\"https:\\\/\\\/www.viastein.hu\\\/\"},{\"@type\":\"ListItem\",\"position\":2,\"name\":\"Term\u00e9kek\",\"item\":\"https:\\\/\\\/www.viastein.hu\\\/termekek-2\\\/\"},{\"@type\":\"ListItem\",\"position\":3,\"name\":\"D\u00cdSZBURKOLATOK\",\"item\":\"https:\\\/\\\/www.viastein.hu\\\/termek-kategoria\\\/diszburkolatok\\\/\"},{\"@type\":\"ListItem\",\"position\":4,\"name\":\"Falak, ker\u00edt\u00e9srendszerek\",\"item\":\"https:\\\/\\\/www.viastein.hu\\\/termek-kategoria\\\/diszburkolatok\\\/keritesrendszerek\\\/\"},{\"@type\":\"ListItem\",\"position\":5,\"name\":\"Modulo Antico ker\u00edt\u00e9srendszer\"}]},{\"@type\":\"WebSite\",\"@id\":\"https:\\\/\\\/www.viastein.hu\\\/#website\",\"url\":\"https:\\\/\\\/www.viastein.hu\\\/\",\"name\":\"Viastein\",\"description\":\"D\u00edszburkolatok, falaz\u00f3elemek, vasbeton elemek. Pr\u00e9mium min\u0151s\u00e9gben, hazai rakt\u00e1rb\u00f3l, r\u00f6vid sz\u00e1ll\u00edt\u00e1si hat\u00e1rid\u0151vel.\",\"publisher\":{\"@id\":\"https:\\\/\\\/www.viastein.hu\\\/#organization\"},\"potentialAction\":[{\"@type\":\"SearchAction\",\"target\":{\"@type\":\"EntryPoint\",\"urlTemplate\":\"https:\\\/\\\/www.viastein.hu\\\/?s={search_term_string}\"},\"query-input\":{\"@type\":\"PropertyValueSpecification\",\"valueRequired\":true,\"valueName\":\"search_term_string\"}}],\"inLanguage\":\"en-US\"},{\"@type\":\"Organization\",\"@id\":\"https:\\\/\\\/www.viastein.hu\\\/#organization\",\"name\":\"Viastein\",\"url\":\"https:\\\/\\\/www.viastein.hu\\\/\",\"logo\":{\"@type\":\"ImageObject\",\"inLanguage\":\"en-US\",\"@id\":\"https:\\\/\\\/www.viastein.hu\\\/#\\\/schema\\\/logo\\\/image\\\/\",\"url\":\"https:\\\/\\\/www.viastein.hu\\\/wp-content\\\/uploads\\\/2024\\\/07\\\/viastein-color-logo-02-2.png\",\"contentUrl\":\"https:\\\/\\\/www.viastein.hu\\\/wp-content\\\/uploads\\\/2024\\\/07\\\/viastein-color-logo-02-2.png\",\"width\":232,\"height\":58,\"caption\":\"Viastein\"},\"image\":{\"@id\":\"https:\\\/\\\/www.viastein.hu\\\/#\\\/schema\\\/logo\\\/image\\\/\"},\"sameAs\":[\"https:\\\/\\\/www.facebook.com\\\/viastein.hu\\\/\",\"https:\\\/\\\/www.instagram.com\\\/viastein_hungary\\\/\",\"https:\\\/\\\/www.youtube.com\\\/@viasteinkft8464\",\"https:\\\/\\\/www.tiktok.com\\\/@viastein_hungary\"]}]}<\/script>\n<!-- \/ Yoast SEO plugin. -->","yoast_head_json":{"title":"Modulo Antico ker\u00edt\u00e9srendszer - Viastein","description":"A MODULO ker\u00edt\u00e9selem k\u00fcl\u00f6nleges m\u00e9ret\u00e9vel, sz\u00edn\u00e9vel \u00e9s tiszta egyenes \u00e9leivel a mai letisztult formavil\u00e1g\u00fa \u00e9p\u00fcletek k\u00f6rnyezet\u00e9be remek\u00fcl illeszkedik.","robots":{"index":"index","follow":"follow","max-snippet":"max-snippet:-1","max-image-preview":"max-image-preview:large","max-video-preview":"max-video-preview:-1"},"canonical":"https:\/\/www.viastein.hu\/termek\/diszburkolatok\/keritesrendszerek\/modulo-antico\/","og_locale":"en_US","og_type":"article","og_title":"Modulo Antico ker\u00edt\u00e9srendszer - Viastein","og_description":"A MODULO ker\u00edt\u00e9selem k\u00fcl\u00f6nleges m\u00e9ret\u00e9vel, sz\u00edn\u00e9vel \u00e9s tiszta egyenes \u00e9leivel a mai letisztult formavil\u00e1g\u00fa \u00e9p\u00fcletek k\u00f6rnyezet\u00e9be remek\u00fcl illeszkedik.","og_url":"https:\/\/www.viastein.hu\/termek\/diszburkolatok\/keritesrendszerek\/modulo-antico\/","og_site_name":"Viastein","article_publisher":"https:\/\/www.facebook.com\/viastein.hu\/","article_modified_time":"2026-02-16T08:55:26+00:00","og_image":[{"width":1600,"height":1200,"url":"https:\/\/www.viastein.hu\/wp-content\/uploads\/2025\/07\/modulo-antico.jpeg","type":"image\/jpeg"}],"twitter_card":"summary_large_image","twitter_misc":{"Est. reading time":"2 minutes"},"schema":{"@context":"https:\/\/schema.org","@graph":[{"@type":"WebPage","@id":"https:\/\/www.viastein.hu\/termek\/diszburkolatok\/keritesrendszerek\/modulo-antico\/","url":"https:\/\/www.viastein.hu\/termek\/diszburkolatok\/keritesrendszerek\/modulo-antico\/","name":"Modulo Antico ker\u00edt\u00e9srendszer - Viastein","isPartOf":{"@id":"https:\/\/www.viastein.hu\/#website"},"primaryImageOfPage":{"@id":"https:\/\/www.viastein.hu\/termek\/diszburkolatok\/keritesrendszerek\/modulo-antico\/#primaryimage"},"image":{"@id":"https:\/\/www.viastein.hu\/termek\/diszburkolatok\/keritesrendszerek\/modulo-antico\/#primaryimage"},"thumbnailUrl":"https:\/\/www.viastein.hu\/wp-content\/uploads\/2025\/07\/modulo-antico.jpeg","datePublished":"2025-07-17T11:25:06+00:00","dateModified":"2026-02-16T08:55:26+00:00","description":"A MODULO ker\u00edt\u00e9selem k\u00fcl\u00f6nleges m\u00e9ret\u00e9vel, sz\u00edn\u00e9vel \u00e9s tiszta egyenes \u00e9leivel a mai letisztult formavil\u00e1g\u00fa \u00e9p\u00fcletek k\u00f6rnyezet\u00e9be remek\u00fcl illeszkedik.","breadcrumb":{"@id":"https:\/\/www.viastein.hu\/termek\/diszburkolatok\/keritesrendszerek\/modulo-antico\/#breadcrumb"},"inLanguage":"en-US","potentialAction":[{"@type":"ReadAction","target":["https:\/\/www.viastein.hu\/termek\/diszburkolatok\/keritesrendszerek\/modulo-antico\/"]}]},{"@type":"ImageObject","inLanguage":"en-US","@id":"https:\/\/www.viastein.hu\/termek\/diszburkolatok\/keritesrendszerek\/modulo-antico\/#primaryimage","url":"https:\/\/www.viastein.hu\/wp-content\/uploads\/2025\/07\/modulo-antico.jpeg","contentUrl":"https:\/\/www.viastein.hu\/wp-content\/uploads\/2025\/07\/modulo-antico.jpeg","width":1600,"height":1200},{"@type":"BreadcrumbList","@id":"https:\/\/www.viastein.hu\/termek\/diszburkolatok\/keritesrendszerek\/modulo-antico\/#breadcrumb","itemListElement":[{"@type":"ListItem","position":1,"name":"Kezd\u0151lap","item":"https:\/\/www.viastein.hu\/"},{"@type":"ListItem","position":2,"name":"Term\u00e9kek","item":"https:\/\/www.viastein.hu\/termekek-2\/"},{"@type":"ListItem","position":3,"name":"D\u00cdSZBURKOLATOK","item":"https:\/\/www.viastein.hu\/termek-kategoria\/diszburkolatok\/"},{"@type":"ListItem","position":4,"name":"Falak, ker\u00edt\u00e9srendszerek","item":"https:\/\/www.viastein.hu\/termek-kategoria\/diszburkolatok\/keritesrendszerek\/"},{"@type":"ListItem","position":5,"name":"Modulo Antico ker\u00edt\u00e9srendszer"}]},{"@type":"WebSite","@id":"https:\/\/www.viastein.hu\/#website","url":"https:\/\/www.viastein.hu\/","name":"Viastein","description":"D\u00edszburkolatok, falaz\u00f3elemek, vasbeton elemek. Pr\u00e9mium min\u0151s\u00e9gben, hazai rakt\u00e1rb\u00f3l, r\u00f6vid sz\u00e1ll\u00edt\u00e1si hat\u00e1rid\u0151vel.","publisher":{"@id":"https:\/\/www.viastein.hu\/#organization"},"potentialAction":[{"@type":"SearchAction","target":{"@type":"EntryPoint","urlTemplate":"https:\/\/www.viastein.hu\/?s={search_term_string}"},"query-input":{"@type":"PropertyValueSpecification","valueRequired":true,"valueName":"search_term_string"}}],"inLanguage":"en-US"},{"@type":"Organization","@id":"https:\/\/www.viastein.hu\/#organization","name":"Viastein","url":"https:\/\/www.viastein.hu\/","logo":{"@type":"ImageObject","inLanguage":"en-US","@id":"https:\/\/www.viastein.hu\/#\/schema\/logo\/image\/","url":"https:\/\/www.viastein.hu\/wp-content\/uploads\/2024\/07\/viastein-color-logo-02-2.png","contentUrl":"https:\/\/www.viastein.hu\/wp-content\/uploads\/2024\/07\/viastein-color-logo-02-2.png","width":232,"height":58,"caption":"Viastein"},"image":{"@id":"https:\/\/www.viastein.hu\/#\/schema\/logo\/image\/"},"sameAs":["https:\/\/www.facebook.com\/viastein.hu\/","https:\/\/www.instagram.com\/viastein_hungary\/","https:\/\/www.youtube.com\/@viasteinkft8464","https:\/\/www.tiktok.com\/@viastein_hungary"]}]}},"_links":{"self":[{"href":"https:\/\/www.viastein.hu\/en\/wp-json\/wp\/v2\/product\/8291","targetHints":{"allow":["GET"]}}],"collection":[{"href":"https:\/\/www.viastein.hu\/en\/wp-json\/wp\/v2\/product"}],"about":[{"href":"https:\/\/www.viastein.hu\/en\/wp-json\/wp\/v2\/types\/product"}],"wp:featuredmedia":[{"embeddable":true,"href":"https:\/\/www.viastein.hu\/en\/wp-json\/wp\/v2\/media\/8294"}],"wp:attachment":[{"href":"https:\/\/www.viastein.hu\/en\/wp-json\/wp\/v2\/media?parent=8291"}],"wp:term":[{"taxonomy":"product_brand","embeddable":true,"href":"https:\/\/www.viastein.hu\/en\/wp-json\/wp\/v2\/product_brand?post=8291"},{"taxonomy":"product_cat","embeddable":true,"href":"https:\/\/www.viastein.hu\/en\/wp-json\/wp\/v2\/product_cat?post=8291"},{"taxonomy":"product_tag","embeddable":true,"href":"https:\/\/www.viastein.hu\/en\/wp-json\/wp\/v2\/product_tag?post=8291"}],"curies":[{"name":"wp","href":"https:\/\/api.w.org\/{rel}","templated":true}]}}