{"id":8286,"date":"2025-07-17T10:53:53","date_gmt":"2025-07-17T10:53:53","guid":{"rendered":"https:\/\/www.viastein.hu\/?post_type=product&#038;p=8286"},"modified":"2025-09-01T08:09:38","modified_gmt":"2025-09-01T08:09:38","slug":"via-fontana","status":"publish","type":"product","link":"https:\/\/www.viastein.hu\/en\/termek\/diszburkolatok\/kiegeszitok\/via-fontana\/","title":{"rendered":"Via Fontana"},"content":{"rendered":"<div class=\"row\" style=\"display: table; clear: both;\">\n<p>A VIA FONTANA betonelemek \u00e9s tartoz\u00e9kai felhaszn\u00e1l\u00e1s\u00e1val lehet\u0151s\u00e9ge van szakember \u00e1ltal megfelel\u0151en fel\u00e9p\u00edtett \u00e9s el\u0151k\u00e9sz\u00edtett v\u00edzvezet\u00e9k csatlakoztat\u00e1si v\u00e9gponton egy kerti k\u00fat (kerti csap) l\u00e9trehoz\u00e1s\u00e1ra. Oldalain roppantott fel\u00fclet\u0171 elemek eszt\u00e9tikusan illeszkednek az udvar, park k\u00f6rnyezet\u00e9be. A kerti k\u00fat sz\u00edn v\u00e1laszt\u00e9ka harmoniz\u00e1l teljes term\u00e9kv\u00e1laszt\u00e9kunkhoz.<\/p>\n<div class=\"column01\" style=\"float: left; width: 33.33%; padding: 10px;\">\n<h3 style=\"text-align: left;\">SPECIFIK\u00c1CI\u00d3K<\/h3>\n<div style=\"max-width: 800px; margin: 0;\">\n<table style=\"width: 100%; border-collapse: collapse; text-align: left;\">\n<thead>\n<tr style=\"background-color: #000 !important; color: #fff !important;\">\n<th style=\"padding: 10px; background-color: #000 !important; color: #fff !important;\"><\/th>\n<th style=\"padding: 10px; background-color: #000 !important; color: #fff !important;\"><\/th>\n<th style=\"padding: 10px; background-color: #000 !important; color: #fff !important;\"><\/th>\n<\/tr>\n<\/thead>\n<tbody>\n<tr style=\"background-color: #f0f2f2;\">\n<th style=\"padding: 10px;\">KOF2<\/th>\n<td style=\"padding: 10px;\">(56x36x8 cm)<\/td>\n<td style=\"padding: 10px;\">1 db<\/td>\n<\/tr>\n<tr>\n<th style=\"padding: 10px;\">OE1<\/th>\n<td style=\"padding: 10px;\">(25x30x16 cm)<\/td>\n<td style=\"padding: 10px;\">5 db<\/td>\n<\/tr>\n<tr style=\"background-color: #f0f2f2;\">\n<th style=\"padding: 10px;\">KOF1<\/th>\n<td style=\"padding: 10px;\">(31x36x8 cm)<\/td>\n<td style=\"padding: 10px;\">1 db<\/td>\n<\/tr>\n<tr>\n<th style=\"padding: 10px;\">CSAPTELEP<\/th>\n<td style=\"padding: 10px;\">(1\/2 col, r\u00e9z)<\/td>\n<td style=\"padding: 10px;\">1 db<\/td>\n<\/tr>\n<tr style=\"background-color: #f0f2f2;\">\n<th style=\"padding: 10px;\">RAGASZT\u00d3<\/th>\n<td style=\"padding: 10px;\"><\/td>\n<td style=\"padding: 10px;\"><\/td>\n<\/tr>\n<\/tbody>\n<\/table>\n<\/div>\n<\/div>\n<\/div>\n","protected":false},"excerpt":{"rendered":"<p><strong>SZ\u00cdNEK<\/strong><\/p>\n<div class=\"row\" style=\"display: flex; clear: both;\">\n<div class=\"wrpdiv\">\n<div class=\"column, column011\" style=\"float: left; padding: 10px;\">\n<p><img decoding=\"async\" class=\"attachment-full size-full\" src=\"https:\/\/www.viastein.hu\/wp-content\/uploads\/2024\/08\/kagylohej-11.jpg\" alt=\"\" \/><br \/>\n<strong>kagyl\u00f3h\u00e9j \u00e1rnyalt<\/strong><\/p>\n<\/div>\n<div class=\"column, column011\" style=\"float: left; padding: 10px;\">\n<p><img decoding=\"async\" class=\"attachment-full size-full\" src=\"https:\/\/www.viastein.hu\/wp-content\/uploads\/2024\/08\/mokka-10.jpg\" alt=\"\" \/><br \/>\n<strong>mokka \u00e1rnyalt<\/strong><\/p>\n<\/div>\n<div class=\"column, column011\" style=\"float: left; padding: 10px;\">\n<p><img decoding=\"async\" class=\"attachment-full size-full\" src=\"https:\/\/www.viastein.hu\/wp-content\/uploads\/2024\/08\/antracit-feher-2.jpg\" alt=\"\" \/><br \/>\n<strong>antracit\/feh\u00e9r \u00e1rnyalt<\/strong><\/p>\n<\/div>\n<\/div>\n<\/div>\n<div class=\"divwarp1\">\n<div class=\"row row011\" style=\"display: flex; clear: both;\">\n<div class=\"IconColumn IconColumn1\" style=\"float: left; width: 50%; padding: 10px;\">\n<hr style=\"border: solid 1px;\" \/>\n<div class=\"column01\" style=\"float: left; width: 33.33%; padding: 10px; display: flex; cursor: pointer;\" title=\"Color Protect\"><img decoding=\"async\" style=\"padding-right: 15px;\" src=\"https:\/\/www.viastein.hu\/wp-content\/uploads\/2024\/08\/VIA.jpg\" alt=\"\" \/><\/div>\n<div class=\"column01\" style=\"float: left; width: 33.33%; padding: 10px; display: flex; cursor: pointer;\" title=\"Color Protect\"><img decoding=\"async\" class=\"\" style=\"padding-right: 15px;\" src=\"https:\/\/www.viastein.hu\/wp-content\/uploads\/2025\/07\/roppantott.jpg\" alt=\"\" width=\"75\" height=\"31\" \/><\/div>\n<\/div>\n<\/div>\n<\/div>\n","protected":false},"featured_media":8287,"template":"","meta":{"_acf_changed":false},"product_brand":[],"product_cat":[67,224],"product_tag":[57,61,62,230,231,232],"class_list":{"0":"post-8286","1":"product","2":"type-product","3":"status-publish","4":"has-post-thumbnail","6":"product_cat-kiegeszitok","7":"product_cat-kerti-kut","8":"product_tag-antracit-feher-arnyalt","9":"product_tag-kagylohej-arnyalt","10":"product_tag-mokka-arnyalt","11":"product_tag-premium","12":"product_tag-roppantott-felulet","13":"product_tag-via-fontana","15":"first","16":"instock","17":"sold-individually","18":"taxable","19":"shipping-taxable","20":"purchasable","21":"product-type-simple"},"acf":[],"yoast_head":"<!-- This site is optimized with the Yoast SEO plugin v27.4 - https:\/\/yoast.com\/product\/yoast-seo-wordpress\/ -->\n<title>Via Fontana - Viastein<\/title>\n<meta name=\"description\" content=\"A Palisz\u00e1d sorszeg\u00e9ly magass\u00e1g\u00e1b\u00f3l ad\u00f3d\u00f3an alacsony vir\u00e1g\u00e1gy\u00e1sok, \u00fat- j\u00e1rda szeg\u00e9lyek vagy ak\u00e1r l\u00e9pcs\u0151k kialak\u00edt\u00e1s\u00e1ra is alkalmas.\" \/>\n<meta name=\"robots\" content=\"index, follow, max-snippet:-1, max-image-preview:large, max-video-preview:-1\" \/>\n<link rel=\"canonical\" href=\"https:\/\/www.viastein.hu\/termek\/diszburkolatok\/kiegeszitok\/via-fontana\/\" \/>\n<meta property=\"og:locale\" content=\"en_US\" \/>\n<meta property=\"og:type\" content=\"article\" \/>\n<meta property=\"og:title\" content=\"Via Fontana - Viastein\" \/>\n<meta property=\"og:description\" content=\"A Palisz\u00e1d sorszeg\u00e9ly magass\u00e1g\u00e1b\u00f3l ad\u00f3d\u00f3an alacsony vir\u00e1g\u00e1gy\u00e1sok, \u00fat- j\u00e1rda szeg\u00e9lyek vagy ak\u00e1r l\u00e9pcs\u0151k kialak\u00edt\u00e1s\u00e1ra is alkalmas.\" \/>\n<meta property=\"og:url\" content=\"https:\/\/www.viastein.hu\/termek\/diszburkolatok\/kiegeszitok\/via-fontana\/\" \/>\n<meta property=\"og:site_name\" content=\"Viastein\" \/>\n<meta property=\"article:publisher\" content=\"https:\/\/www.facebook.com\/viastein.hu\/\" \/>\n<meta property=\"article:modified_time\" content=\"2025-09-01T08:09:38+00:00\" \/>\n<meta property=\"og:image\" content=\"https:\/\/www.viastein.hu\/wp-content\/uploads\/2025\/07\/Via-Fontata-1.jpg\" \/>\n\t<meta property=\"og:image:width\" content=\"1200\" \/>\n\t<meta property=\"og:image:height\" content=\"1600\" \/>\n\t<meta property=\"og:image:type\" content=\"image\/jpeg\" \/>\n<meta name=\"twitter:card\" content=\"summary_large_image\" \/>\n<meta name=\"twitter:label1\" content=\"Est. reading time\" \/>\n\t<meta name=\"twitter:data1\" content=\"1 minute\" \/>\n<script type=\"application\/ld+json\" class=\"yoast-schema-graph\">{\"@context\":\"https:\\\/\\\/schema.org\",\"@graph\":[{\"@type\":\"WebPage\",\"@id\":\"https:\\\/\\\/www.viastein.hu\\\/termek\\\/diszburkolatok\\\/kiegeszitok\\\/via-fontana\\\/\",\"url\":\"https:\\\/\\\/www.viastein.hu\\\/termek\\\/diszburkolatok\\\/kiegeszitok\\\/via-fontana\\\/\",\"name\":\"Via Fontana - Viastein\",\"isPartOf\":{\"@id\":\"https:\\\/\\\/www.viastein.hu\\\/#website\"},\"primaryImageOfPage\":{\"@id\":\"https:\\\/\\\/www.viastein.hu\\\/termek\\\/diszburkolatok\\\/kiegeszitok\\\/via-fontana\\\/#primaryimage\"},\"image\":{\"@id\":\"https:\\\/\\\/www.viastein.hu\\\/termek\\\/diszburkolatok\\\/kiegeszitok\\\/via-fontana\\\/#primaryimage\"},\"thumbnailUrl\":\"https:\\\/\\\/www.viastein.hu\\\/wp-content\\\/uploads\\\/2025\\\/07\\\/Via-Fontata-1.jpg\",\"datePublished\":\"2025-07-17T10:53:53+00:00\",\"dateModified\":\"2025-09-01T08:09:38+00:00\",\"description\":\"A Palisz\u00e1d sorszeg\u00e9ly magass\u00e1g\u00e1b\u00f3l ad\u00f3d\u00f3an alacsony vir\u00e1g\u00e1gy\u00e1sok, \u00fat- j\u00e1rda szeg\u00e9lyek vagy ak\u00e1r l\u00e9pcs\u0151k kialak\u00edt\u00e1s\u00e1ra is alkalmas.\",\"breadcrumb\":{\"@id\":\"https:\\\/\\\/www.viastein.hu\\\/termek\\\/diszburkolatok\\\/kiegeszitok\\\/via-fontana\\\/#breadcrumb\"},\"inLanguage\":\"en-US\",\"potentialAction\":[{\"@type\":\"ReadAction\",\"target\":[\"https:\\\/\\\/www.viastein.hu\\\/termek\\\/diszburkolatok\\\/kiegeszitok\\\/via-fontana\\\/\"]}]},{\"@type\":\"ImageObject\",\"inLanguage\":\"en-US\",\"@id\":\"https:\\\/\\\/www.viastein.hu\\\/termek\\\/diszburkolatok\\\/kiegeszitok\\\/via-fontana\\\/#primaryimage\",\"url\":\"https:\\\/\\\/www.viastein.hu\\\/wp-content\\\/uploads\\\/2025\\\/07\\\/Via-Fontata-1.jpg\",\"contentUrl\":\"https:\\\/\\\/www.viastein.hu\\\/wp-content\\\/uploads\\\/2025\\\/07\\\/Via-Fontata-1.jpg\",\"width\":1200,\"height\":1600},{\"@type\":\"BreadcrumbList\",\"@id\":\"https:\\\/\\\/www.viastein.hu\\\/termek\\\/diszburkolatok\\\/kiegeszitok\\\/via-fontana\\\/#breadcrumb\",\"itemListElement\":[{\"@type\":\"ListItem\",\"position\":1,\"name\":\"Kezd\u0151lap\",\"item\":\"https:\\\/\\\/www.viastein.hu\\\/\"},{\"@type\":\"ListItem\",\"position\":2,\"name\":\"Term\u00e9kek\",\"item\":\"https:\\\/\\\/www.viastein.hu\\\/termekek-2\\\/\"},{\"@type\":\"ListItem\",\"position\":3,\"name\":\"D\u00cdSZBURKOLATOK\",\"item\":\"https:\\\/\\\/www.viastein.hu\\\/termek-kategoria\\\/diszburkolatok\\\/\"},{\"@type\":\"ListItem\",\"position\":4,\"name\":\"Kerti kieg\u00e9sz\u00edt\u0151k\",\"item\":\"https:\\\/\\\/www.viastein.hu\\\/termek-kategoria\\\/diszburkolatok\\\/kiegeszitok\\\/\"},{\"@type\":\"ListItem\",\"position\":5,\"name\":\"Via Fontana\"}]},{\"@type\":\"WebSite\",\"@id\":\"https:\\\/\\\/www.viastein.hu\\\/#website\",\"url\":\"https:\\\/\\\/www.viastein.hu\\\/\",\"name\":\"Viastein\",\"description\":\"D\u00edszburkolatok, falaz\u00f3elemek, vasbeton elemek. Pr\u00e9mium min\u0151s\u00e9gben, hazai rakt\u00e1rb\u00f3l, r\u00f6vid sz\u00e1ll\u00edt\u00e1si hat\u00e1rid\u0151vel.\",\"publisher\":{\"@id\":\"https:\\\/\\\/www.viastein.hu\\\/#organization\"},\"potentialAction\":[{\"@type\":\"SearchAction\",\"target\":{\"@type\":\"EntryPoint\",\"urlTemplate\":\"https:\\\/\\\/www.viastein.hu\\\/?s={search_term_string}\"},\"query-input\":{\"@type\":\"PropertyValueSpecification\",\"valueRequired\":true,\"valueName\":\"search_term_string\"}}],\"inLanguage\":\"en-US\"},{\"@type\":\"Organization\",\"@id\":\"https:\\\/\\\/www.viastein.hu\\\/#organization\",\"name\":\"Viastein\",\"url\":\"https:\\\/\\\/www.viastein.hu\\\/\",\"logo\":{\"@type\":\"ImageObject\",\"inLanguage\":\"en-US\",\"@id\":\"https:\\\/\\\/www.viastein.hu\\\/#\\\/schema\\\/logo\\\/image\\\/\",\"url\":\"https:\\\/\\\/www.viastein.hu\\\/wp-content\\\/uploads\\\/2024\\\/07\\\/viastein-color-logo-02-2.png\",\"contentUrl\":\"https:\\\/\\\/www.viastein.hu\\\/wp-content\\\/uploads\\\/2024\\\/07\\\/viastein-color-logo-02-2.png\",\"width\":232,\"height\":58,\"caption\":\"Viastein\"},\"image\":{\"@id\":\"https:\\\/\\\/www.viastein.hu\\\/#\\\/schema\\\/logo\\\/image\\\/\"},\"sameAs\":[\"https:\\\/\\\/www.facebook.com\\\/viastein.hu\\\/\",\"https:\\\/\\\/www.instagram.com\\\/viastein_hungary\\\/\",\"https:\\\/\\\/www.youtube.com\\\/@viasteinkft8464\",\"https:\\\/\\\/www.tiktok.com\\\/@viastein_hungary\"]}]}<\/script>\n<!-- \/ Yoast SEO plugin. -->","yoast_head_json":{"title":"Via Fontana - Viastein","description":"A Palisz\u00e1d sorszeg\u00e9ly magass\u00e1g\u00e1b\u00f3l ad\u00f3d\u00f3an alacsony vir\u00e1g\u00e1gy\u00e1sok, \u00fat- j\u00e1rda szeg\u00e9lyek vagy ak\u00e1r l\u00e9pcs\u0151k kialak\u00edt\u00e1s\u00e1ra is alkalmas.","robots":{"index":"index","follow":"follow","max-snippet":"max-snippet:-1","max-image-preview":"max-image-preview:large","max-video-preview":"max-video-preview:-1"},"canonical":"https:\/\/www.viastein.hu\/termek\/diszburkolatok\/kiegeszitok\/via-fontana\/","og_locale":"en_US","og_type":"article","og_title":"Via Fontana - Viastein","og_description":"A Palisz\u00e1d sorszeg\u00e9ly magass\u00e1g\u00e1b\u00f3l ad\u00f3d\u00f3an alacsony vir\u00e1g\u00e1gy\u00e1sok, \u00fat- j\u00e1rda szeg\u00e9lyek vagy ak\u00e1r l\u00e9pcs\u0151k kialak\u00edt\u00e1s\u00e1ra is alkalmas.","og_url":"https:\/\/www.viastein.hu\/termek\/diszburkolatok\/kiegeszitok\/via-fontana\/","og_site_name":"Viastein","article_publisher":"https:\/\/www.facebook.com\/viastein.hu\/","article_modified_time":"2025-09-01T08:09:38+00:00","og_image":[{"width":1200,"height":1600,"url":"https:\/\/www.viastein.hu\/wp-content\/uploads\/2025\/07\/Via-Fontata-1.jpg","type":"image\/jpeg"}],"twitter_card":"summary_large_image","twitter_misc":{"Est. reading time":"1 minute"},"schema":{"@context":"https:\/\/schema.org","@graph":[{"@type":"WebPage","@id":"https:\/\/www.viastein.hu\/termek\/diszburkolatok\/kiegeszitok\/via-fontana\/","url":"https:\/\/www.viastein.hu\/termek\/diszburkolatok\/kiegeszitok\/via-fontana\/","name":"Via Fontana - Viastein","isPartOf":{"@id":"https:\/\/www.viastein.hu\/#website"},"primaryImageOfPage":{"@id":"https:\/\/www.viastein.hu\/termek\/diszburkolatok\/kiegeszitok\/via-fontana\/#primaryimage"},"image":{"@id":"https:\/\/www.viastein.hu\/termek\/diszburkolatok\/kiegeszitok\/via-fontana\/#primaryimage"},"thumbnailUrl":"https:\/\/www.viastein.hu\/wp-content\/uploads\/2025\/07\/Via-Fontata-1.jpg","datePublished":"2025-07-17T10:53:53+00:00","dateModified":"2025-09-01T08:09:38+00:00","description":"A Palisz\u00e1d sorszeg\u00e9ly magass\u00e1g\u00e1b\u00f3l ad\u00f3d\u00f3an alacsony vir\u00e1g\u00e1gy\u00e1sok, \u00fat- j\u00e1rda szeg\u00e9lyek vagy ak\u00e1r l\u00e9pcs\u0151k kialak\u00edt\u00e1s\u00e1ra is alkalmas.","breadcrumb":{"@id":"https:\/\/www.viastein.hu\/termek\/diszburkolatok\/kiegeszitok\/via-fontana\/#breadcrumb"},"inLanguage":"en-US","potentialAction":[{"@type":"ReadAction","target":["https:\/\/www.viastein.hu\/termek\/diszburkolatok\/kiegeszitok\/via-fontana\/"]}]},{"@type":"ImageObject","inLanguage":"en-US","@id":"https:\/\/www.viastein.hu\/termek\/diszburkolatok\/kiegeszitok\/via-fontana\/#primaryimage","url":"https:\/\/www.viastein.hu\/wp-content\/uploads\/2025\/07\/Via-Fontata-1.jpg","contentUrl":"https:\/\/www.viastein.hu\/wp-content\/uploads\/2025\/07\/Via-Fontata-1.jpg","width":1200,"height":1600},{"@type":"BreadcrumbList","@id":"https:\/\/www.viastein.hu\/termek\/diszburkolatok\/kiegeszitok\/via-fontana\/#breadcrumb","itemListElement":[{"@type":"ListItem","position":1,"name":"Kezd\u0151lap","item":"https:\/\/www.viastein.hu\/"},{"@type":"ListItem","position":2,"name":"Term\u00e9kek","item":"https:\/\/www.viastein.hu\/termekek-2\/"},{"@type":"ListItem","position":3,"name":"D\u00cdSZBURKOLATOK","item":"https:\/\/www.viastein.hu\/termek-kategoria\/diszburkolatok\/"},{"@type":"ListItem","position":4,"name":"Kerti kieg\u00e9sz\u00edt\u0151k","item":"https:\/\/www.viastein.hu\/termek-kategoria\/diszburkolatok\/kiegeszitok\/"},{"@type":"ListItem","position":5,"name":"Via Fontana"}]},{"@type":"WebSite","@id":"https:\/\/www.viastein.hu\/#website","url":"https:\/\/www.viastein.hu\/","name":"Viastein","description":"D\u00edszburkolatok, falaz\u00f3elemek, vasbeton elemek. Pr\u00e9mium min\u0151s\u00e9gben, hazai rakt\u00e1rb\u00f3l, r\u00f6vid sz\u00e1ll\u00edt\u00e1si hat\u00e1rid\u0151vel.","publisher":{"@id":"https:\/\/www.viastein.hu\/#organization"},"potentialAction":[{"@type":"SearchAction","target":{"@type":"EntryPoint","urlTemplate":"https:\/\/www.viastein.hu\/?s={search_term_string}"},"query-input":{"@type":"PropertyValueSpecification","valueRequired":true,"valueName":"search_term_string"}}],"inLanguage":"en-US"},{"@type":"Organization","@id":"https:\/\/www.viastein.hu\/#organization","name":"Viastein","url":"https:\/\/www.viastein.hu\/","logo":{"@type":"ImageObject","inLanguage":"en-US","@id":"https:\/\/www.viastein.hu\/#\/schema\/logo\/image\/","url":"https:\/\/www.viastein.hu\/wp-content\/uploads\/2024\/07\/viastein-color-logo-02-2.png","contentUrl":"https:\/\/www.viastein.hu\/wp-content\/uploads\/2024\/07\/viastein-color-logo-02-2.png","width":232,"height":58,"caption":"Viastein"},"image":{"@id":"https:\/\/www.viastein.hu\/#\/schema\/logo\/image\/"},"sameAs":["https:\/\/www.facebook.com\/viastein.hu\/","https:\/\/www.instagram.com\/viastein_hungary\/","https:\/\/www.youtube.com\/@viasteinkft8464","https:\/\/www.tiktok.com\/@viastein_hungary"]}]}},"_links":{"self":[{"href":"https:\/\/www.viastein.hu\/en\/wp-json\/wp\/v2\/product\/8286","targetHints":{"allow":["GET"]}}],"collection":[{"href":"https:\/\/www.viastein.hu\/en\/wp-json\/wp\/v2\/product"}],"about":[{"href":"https:\/\/www.viastein.hu\/en\/wp-json\/wp\/v2\/types\/product"}],"wp:featuredmedia":[{"embeddable":true,"href":"https:\/\/www.viastein.hu\/en\/wp-json\/wp\/v2\/media\/8287"}],"wp:attachment":[{"href":"https:\/\/www.viastein.hu\/en\/wp-json\/wp\/v2\/media?parent=8286"}],"wp:term":[{"taxonomy":"product_brand","embeddable":true,"href":"https:\/\/www.viastein.hu\/en\/wp-json\/wp\/v2\/product_brand?post=8286"},{"taxonomy":"product_cat","embeddable":true,"href":"https:\/\/www.viastein.hu\/en\/wp-json\/wp\/v2\/product_cat?post=8286"},{"taxonomy":"product_tag","embeddable":true,"href":"https:\/\/www.viastein.hu\/en\/wp-json\/wp\/v2\/product_tag?post=8286"}],"curies":[{"name":"wp","href":"https:\/\/api.w.org\/{rel}","templated":true}]}}