{"id":8269,"date":"2025-07-17T09:01:19","date_gmt":"2025-07-17T09:01:19","guid":{"rendered":"https:\/\/www.viastein.hu\/?post_type=product&#038;p=8269"},"modified":"2026-02-05T16:41:56","modified_gmt":"2026-02-05T14:41:56","slug":"fugahomok","status":"publish","type":"product","link":"https:\/\/www.viastein.hu\/en\/termek\/diszburkolatok\/kiegeszitok\/fugahomok\/","title":{"rendered":"Fugahomok"},"content":{"rendered":"<div class=\"row\" style=\"display: table; clear: both;\">\n<p>A VIASTEIN fugahomok alkalmas minden t\u00f6m\u00f6r\u00edtett z\u00fazottk\u0151\u00e1gyazatra fektetett t\u00e9rburkol\u00f3 k\u0151, illetve lap fug\u00e1z\u00e1s\u00e1hoz. A VIASTEIN fugahomok a be\u00e9p\u00edtett t\u00e9rk\u00f6vek k\u00f6z\u00f6tti fugah\u00e9zag kit\u00f6lt\u00e9s\u00e9re alkalmazhat\u00f3, k\u00fcl- \u00e9s belt\u00e9ri felhaszn\u00e1l\u00e1sra egyar\u00e1nt alkalmas. Felhaszn\u00e1l\u00e1st a k\u00f6rnyezeti h\u0151m\u00e9rs\u00e9klet nem befoly\u00e1solja.<\/p>\n<div class=\"column01\" style=\"float: left; width: 33.33%; padding: 10px;\">\n<h3 style=\"text-align: center;\">SPECIFIK\u00c1CI\u00d3K<\/h3>\n<p style=\"text-align: center;\">25 kg \/ zs\u00e1k<\/p>\n<p style=\"text-align: center;\">0,3-0,8 mm m\u00e9retek<\/p>\n<p>&nbsp;<\/p>\n<\/div>\n<\/div>\n","protected":false},"excerpt":{"rendered":"<p>A VIASTEIN fugahomok alkalmas minden t\u00f6m\u00f6r\u00edtett z\u00fazottk\u0151\u00e1gyazatra fektetett t\u00e9rburkol\u00f3 k\u0151, illetve lap fug\u00e1z\u00e1s\u00e1hoz. A VIASTEIN fugahomok a be\u00e9p\u00edtett t\u00e9rk\u00f6vek k\u00f6z\u00f6tti fugah\u00e9zag kit\u00f6lt\u00e9s\u00e9re alkalmazhat\u00f3, k\u00fcl- \u00e9s belt\u00e9ri felhaszn\u00e1l\u00e1sra egyar\u00e1nt alkalmas. Felhaszn\u00e1l\u00e1st a k\u00f6rnyezeti h\u0151m\u00e9rs\u00e9klet nem befoly\u00e1solja. SPECIFIK\u00c1CI\u00d3K 25 kg \/ zs\u00e1k 0,3-0,8 mm m\u00e9retek &nbsp;<\/p>\n","protected":false},"featured_media":8316,"template":"","meta":{"_acf_changed":false},"product_brand":[],"product_cat":[223,67],"product_tag":[228],"class_list":{"0":"post-8269","1":"product","2":"type-product","3":"status-publish","4":"has-post-thumbnail","6":"product_cat-fugahomok","7":"product_cat-kiegeszitok","8":"product_tag-fugahomok","10":"first","11":"instock","12":"sold-individually","13":"taxable","14":"shipping-taxable","15":"purchasable","16":"product-type-simple"},"acf":[],"yoast_head":"<!-- This site is optimized with the Yoast SEO plugin v27.4 - https:\/\/yoast.com\/product\/yoast-seo-wordpress\/ -->\n<title>Fugahomok - Viastein<\/title>\n<meta name=\"description\" content=\"A Palisz\u00e1d sorszeg\u00e9ly magass\u00e1g\u00e1b\u00f3l ad\u00f3d\u00f3an alacsony vir\u00e1g\u00e1gy\u00e1sok, \u00fat- j\u00e1rda szeg\u00e9lyek vagy ak\u00e1r l\u00e9pcs\u0151k kialak\u00edt\u00e1s\u00e1ra is alkalmas.\" \/>\n<meta name=\"robots\" content=\"index, follow, max-snippet:-1, max-image-preview:large, max-video-preview:-1\" \/>\n<link rel=\"canonical\" href=\"https:\/\/www.viastein.hu\/termek\/diszburkolatok\/kiegeszitok\/fugahomok\/\" \/>\n<meta property=\"og:locale\" content=\"en_US\" \/>\n<meta property=\"og:type\" content=\"article\" \/>\n<meta property=\"og:title\" content=\"Fugahomok - Viastein\" \/>\n<meta property=\"og:description\" content=\"A Palisz\u00e1d sorszeg\u00e9ly magass\u00e1g\u00e1b\u00f3l ad\u00f3d\u00f3an alacsony vir\u00e1g\u00e1gy\u00e1sok, \u00fat- j\u00e1rda szeg\u00e9lyek vagy ak\u00e1r l\u00e9pcs\u0151k kialak\u00edt\u00e1s\u00e1ra is alkalmas.\" \/>\n<meta property=\"og:url\" content=\"https:\/\/www.viastein.hu\/termek\/diszburkolatok\/kiegeszitok\/fugahomok\/\" \/>\n<meta property=\"og:site_name\" content=\"Viastein\" \/>\n<meta property=\"article:publisher\" content=\"https:\/\/www.facebook.com\/viastein.hu\/\" \/>\n<meta property=\"article:modified_time\" content=\"2026-02-05T14:41:56+00:00\" \/>\n<meta property=\"og:image\" content=\"https:\/\/www.viastein.hu\/wp-content\/uploads\/2025\/07\/Fugahomok-1200-x-1600-768x1024.jpg\" \/>\n\t<meta property=\"og:image:width\" content=\"768\" \/>\n\t<meta property=\"og:image:height\" content=\"1024\" \/>\n\t<meta property=\"og:image:type\" content=\"image\/jpeg\" \/>\n<meta name=\"twitter:card\" content=\"summary_large_image\" \/>\n<meta name=\"twitter:label1\" content=\"Est. reading time\" \/>\n\t<meta name=\"twitter:data1\" content=\"1 minute\" \/>\n<script type=\"application\/ld+json\" class=\"yoast-schema-graph\">{\"@context\":\"https:\\\/\\\/schema.org\",\"@graph\":[{\"@type\":\"WebPage\",\"@id\":\"https:\\\/\\\/www.viastein.hu\\\/termek\\\/diszburkolatok\\\/kiegeszitok\\\/fugahomok\\\/\",\"url\":\"https:\\\/\\\/www.viastein.hu\\\/termek\\\/diszburkolatok\\\/kiegeszitok\\\/fugahomok\\\/\",\"name\":\"Fugahomok - Viastein\",\"isPartOf\":{\"@id\":\"https:\\\/\\\/www.viastein.hu\\\/#website\"},\"primaryImageOfPage\":{\"@id\":\"https:\\\/\\\/www.viastein.hu\\\/termek\\\/diszburkolatok\\\/kiegeszitok\\\/fugahomok\\\/#primaryimage\"},\"image\":{\"@id\":\"https:\\\/\\\/www.viastein.hu\\\/termek\\\/diszburkolatok\\\/kiegeszitok\\\/fugahomok\\\/#primaryimage\"},\"thumbnailUrl\":\"https:\\\/\\\/www.viastein.hu\\\/wp-content\\\/uploads\\\/2025\\\/07\\\/Fugahomok-1200-x-1600.jpg\",\"datePublished\":\"2025-07-17T09:01:19+00:00\",\"dateModified\":\"2026-02-05T14:41:56+00:00\",\"description\":\"A Palisz\u00e1d sorszeg\u00e9ly magass\u00e1g\u00e1b\u00f3l ad\u00f3d\u00f3an alacsony vir\u00e1g\u00e1gy\u00e1sok, \u00fat- j\u00e1rda szeg\u00e9lyek vagy ak\u00e1r l\u00e9pcs\u0151k kialak\u00edt\u00e1s\u00e1ra is alkalmas.\",\"breadcrumb\":{\"@id\":\"https:\\\/\\\/www.viastein.hu\\\/termek\\\/diszburkolatok\\\/kiegeszitok\\\/fugahomok\\\/#breadcrumb\"},\"inLanguage\":\"en-US\",\"potentialAction\":[{\"@type\":\"ReadAction\",\"target\":[\"https:\\\/\\\/www.viastein.hu\\\/termek\\\/diszburkolatok\\\/kiegeszitok\\\/fugahomok\\\/\"]}]},{\"@type\":\"ImageObject\",\"inLanguage\":\"en-US\",\"@id\":\"https:\\\/\\\/www.viastein.hu\\\/termek\\\/diszburkolatok\\\/kiegeszitok\\\/fugahomok\\\/#primaryimage\",\"url\":\"https:\\\/\\\/www.viastein.hu\\\/wp-content\\\/uploads\\\/2025\\\/07\\\/Fugahomok-1200-x-1600.jpg\",\"contentUrl\":\"https:\\\/\\\/www.viastein.hu\\\/wp-content\\\/uploads\\\/2025\\\/07\\\/Fugahomok-1200-x-1600.jpg\",\"width\":1200,\"height\":1600},{\"@type\":\"BreadcrumbList\",\"@id\":\"https:\\\/\\\/www.viastein.hu\\\/termek\\\/diszburkolatok\\\/kiegeszitok\\\/fugahomok\\\/#breadcrumb\",\"itemListElement\":[{\"@type\":\"ListItem\",\"position\":1,\"name\":\"Kezd\u0151lap\",\"item\":\"https:\\\/\\\/www.viastein.hu\\\/\"},{\"@type\":\"ListItem\",\"position\":2,\"name\":\"Term\u00e9kek\",\"item\":\"https:\\\/\\\/www.viastein.hu\\\/termekek-2\\\/\"},{\"@type\":\"ListItem\",\"position\":3,\"name\":\"D\u00cdSZBURKOLATOK\",\"item\":\"https:\\\/\\\/www.viastein.hu\\\/termek-kategoria\\\/diszburkolatok\\\/\"},{\"@type\":\"ListItem\",\"position\":4,\"name\":\"Kerti kieg\u00e9sz\u00edt\u0151k\",\"item\":\"https:\\\/\\\/www.viastein.hu\\\/termek-kategoria\\\/diszburkolatok\\\/kiegeszitok\\\/\"},{\"@type\":\"ListItem\",\"position\":5,\"name\":\"Fugahomok\"}]},{\"@type\":\"WebSite\",\"@id\":\"https:\\\/\\\/www.viastein.hu\\\/#website\",\"url\":\"https:\\\/\\\/www.viastein.hu\\\/\",\"name\":\"Viastein\",\"description\":\"D\u00edszburkolatok, falaz\u00f3elemek, vasbeton elemek. Pr\u00e9mium min\u0151s\u00e9gben, hazai rakt\u00e1rb\u00f3l, r\u00f6vid sz\u00e1ll\u00edt\u00e1si hat\u00e1rid\u0151vel.\",\"publisher\":{\"@id\":\"https:\\\/\\\/www.viastein.hu\\\/#organization\"},\"potentialAction\":[{\"@type\":\"SearchAction\",\"target\":{\"@type\":\"EntryPoint\",\"urlTemplate\":\"https:\\\/\\\/www.viastein.hu\\\/?s={search_term_string}\"},\"query-input\":{\"@type\":\"PropertyValueSpecification\",\"valueRequired\":true,\"valueName\":\"search_term_string\"}}],\"inLanguage\":\"en-US\"},{\"@type\":\"Organization\",\"@id\":\"https:\\\/\\\/www.viastein.hu\\\/#organization\",\"name\":\"Viastein\",\"url\":\"https:\\\/\\\/www.viastein.hu\\\/\",\"logo\":{\"@type\":\"ImageObject\",\"inLanguage\":\"en-US\",\"@id\":\"https:\\\/\\\/www.viastein.hu\\\/#\\\/schema\\\/logo\\\/image\\\/\",\"url\":\"https:\\\/\\\/www.viastein.hu\\\/wp-content\\\/uploads\\\/2024\\\/07\\\/viastein-color-logo-02-2.png\",\"contentUrl\":\"https:\\\/\\\/www.viastein.hu\\\/wp-content\\\/uploads\\\/2024\\\/07\\\/viastein-color-logo-02-2.png\",\"width\":232,\"height\":58,\"caption\":\"Viastein\"},\"image\":{\"@id\":\"https:\\\/\\\/www.viastein.hu\\\/#\\\/schema\\\/logo\\\/image\\\/\"},\"sameAs\":[\"https:\\\/\\\/www.facebook.com\\\/viastein.hu\\\/\",\"https:\\\/\\\/www.instagram.com\\\/viastein_hungary\\\/\",\"https:\\\/\\\/www.youtube.com\\\/@viasteinkft8464\",\"https:\\\/\\\/www.tiktok.com\\\/@viastein_hungary\"]}]}<\/script>\n<!-- \/ Yoast SEO plugin. -->","yoast_head_json":{"title":"Fugahomok - Viastein","description":"A Palisz\u00e1d sorszeg\u00e9ly magass\u00e1g\u00e1b\u00f3l ad\u00f3d\u00f3an alacsony vir\u00e1g\u00e1gy\u00e1sok, \u00fat- j\u00e1rda szeg\u00e9lyek vagy ak\u00e1r l\u00e9pcs\u0151k kialak\u00edt\u00e1s\u00e1ra is alkalmas.","robots":{"index":"index","follow":"follow","max-snippet":"max-snippet:-1","max-image-preview":"max-image-preview:large","max-video-preview":"max-video-preview:-1"},"canonical":"https:\/\/www.viastein.hu\/termek\/diszburkolatok\/kiegeszitok\/fugahomok\/","og_locale":"en_US","og_type":"article","og_title":"Fugahomok - Viastein","og_description":"A Palisz\u00e1d sorszeg\u00e9ly magass\u00e1g\u00e1b\u00f3l ad\u00f3d\u00f3an alacsony vir\u00e1g\u00e1gy\u00e1sok, \u00fat- j\u00e1rda szeg\u00e9lyek vagy ak\u00e1r l\u00e9pcs\u0151k kialak\u00edt\u00e1s\u00e1ra is alkalmas.","og_url":"https:\/\/www.viastein.hu\/termek\/diszburkolatok\/kiegeszitok\/fugahomok\/","og_site_name":"Viastein","article_publisher":"https:\/\/www.facebook.com\/viastein.hu\/","article_modified_time":"2026-02-05T14:41:56+00:00","og_image":[{"width":768,"height":1024,"url":"https:\/\/www.viastein.hu\/wp-content\/uploads\/2025\/07\/Fugahomok-1200-x-1600-768x1024.jpg","type":"image\/jpeg"}],"twitter_card":"summary_large_image","twitter_misc":{"Est. reading time":"1 minute"},"schema":{"@context":"https:\/\/schema.org","@graph":[{"@type":"WebPage","@id":"https:\/\/www.viastein.hu\/termek\/diszburkolatok\/kiegeszitok\/fugahomok\/","url":"https:\/\/www.viastein.hu\/termek\/diszburkolatok\/kiegeszitok\/fugahomok\/","name":"Fugahomok - Viastein","isPartOf":{"@id":"https:\/\/www.viastein.hu\/#website"},"primaryImageOfPage":{"@id":"https:\/\/www.viastein.hu\/termek\/diszburkolatok\/kiegeszitok\/fugahomok\/#primaryimage"},"image":{"@id":"https:\/\/www.viastein.hu\/termek\/diszburkolatok\/kiegeszitok\/fugahomok\/#primaryimage"},"thumbnailUrl":"https:\/\/www.viastein.hu\/wp-content\/uploads\/2025\/07\/Fugahomok-1200-x-1600.jpg","datePublished":"2025-07-17T09:01:19+00:00","dateModified":"2026-02-05T14:41:56+00:00","description":"A Palisz\u00e1d sorszeg\u00e9ly magass\u00e1g\u00e1b\u00f3l ad\u00f3d\u00f3an alacsony vir\u00e1g\u00e1gy\u00e1sok, \u00fat- j\u00e1rda szeg\u00e9lyek vagy ak\u00e1r l\u00e9pcs\u0151k kialak\u00edt\u00e1s\u00e1ra is alkalmas.","breadcrumb":{"@id":"https:\/\/www.viastein.hu\/termek\/diszburkolatok\/kiegeszitok\/fugahomok\/#breadcrumb"},"inLanguage":"en-US","potentialAction":[{"@type":"ReadAction","target":["https:\/\/www.viastein.hu\/termek\/diszburkolatok\/kiegeszitok\/fugahomok\/"]}]},{"@type":"ImageObject","inLanguage":"en-US","@id":"https:\/\/www.viastein.hu\/termek\/diszburkolatok\/kiegeszitok\/fugahomok\/#primaryimage","url":"https:\/\/www.viastein.hu\/wp-content\/uploads\/2025\/07\/Fugahomok-1200-x-1600.jpg","contentUrl":"https:\/\/www.viastein.hu\/wp-content\/uploads\/2025\/07\/Fugahomok-1200-x-1600.jpg","width":1200,"height":1600},{"@type":"BreadcrumbList","@id":"https:\/\/www.viastein.hu\/termek\/diszburkolatok\/kiegeszitok\/fugahomok\/#breadcrumb","itemListElement":[{"@type":"ListItem","position":1,"name":"Kezd\u0151lap","item":"https:\/\/www.viastein.hu\/"},{"@type":"ListItem","position":2,"name":"Term\u00e9kek","item":"https:\/\/www.viastein.hu\/termekek-2\/"},{"@type":"ListItem","position":3,"name":"D\u00cdSZBURKOLATOK","item":"https:\/\/www.viastein.hu\/termek-kategoria\/diszburkolatok\/"},{"@type":"ListItem","position":4,"name":"Kerti kieg\u00e9sz\u00edt\u0151k","item":"https:\/\/www.viastein.hu\/termek-kategoria\/diszburkolatok\/kiegeszitok\/"},{"@type":"ListItem","position":5,"name":"Fugahomok"}]},{"@type":"WebSite","@id":"https:\/\/www.viastein.hu\/#website","url":"https:\/\/www.viastein.hu\/","name":"Viastein","description":"D\u00edszburkolatok, falaz\u00f3elemek, vasbeton elemek. Pr\u00e9mium min\u0151s\u00e9gben, hazai rakt\u00e1rb\u00f3l, r\u00f6vid sz\u00e1ll\u00edt\u00e1si hat\u00e1rid\u0151vel.","publisher":{"@id":"https:\/\/www.viastein.hu\/#organization"},"potentialAction":[{"@type":"SearchAction","target":{"@type":"EntryPoint","urlTemplate":"https:\/\/www.viastein.hu\/?s={search_term_string}"},"query-input":{"@type":"PropertyValueSpecification","valueRequired":true,"valueName":"search_term_string"}}],"inLanguage":"en-US"},{"@type":"Organization","@id":"https:\/\/www.viastein.hu\/#organization","name":"Viastein","url":"https:\/\/www.viastein.hu\/","logo":{"@type":"ImageObject","inLanguage":"en-US","@id":"https:\/\/www.viastein.hu\/#\/schema\/logo\/image\/","url":"https:\/\/www.viastein.hu\/wp-content\/uploads\/2024\/07\/viastein-color-logo-02-2.png","contentUrl":"https:\/\/www.viastein.hu\/wp-content\/uploads\/2024\/07\/viastein-color-logo-02-2.png","width":232,"height":58,"caption":"Viastein"},"image":{"@id":"https:\/\/www.viastein.hu\/#\/schema\/logo\/image\/"},"sameAs":["https:\/\/www.facebook.com\/viastein.hu\/","https:\/\/www.instagram.com\/viastein_hungary\/","https:\/\/www.youtube.com\/@viasteinkft8464","https:\/\/www.tiktok.com\/@viastein_hungary"]}]}},"_links":{"self":[{"href":"https:\/\/www.viastein.hu\/en\/wp-json\/wp\/v2\/product\/8269","targetHints":{"allow":["GET"]}}],"collection":[{"href":"https:\/\/www.viastein.hu\/en\/wp-json\/wp\/v2\/product"}],"about":[{"href":"https:\/\/www.viastein.hu\/en\/wp-json\/wp\/v2\/types\/product"}],"wp:featuredmedia":[{"embeddable":true,"href":"https:\/\/www.viastein.hu\/en\/wp-json\/wp\/v2\/media\/8316"}],"wp:attachment":[{"href":"https:\/\/www.viastein.hu\/en\/wp-json\/wp\/v2\/media?parent=8269"}],"wp:term":[{"taxonomy":"product_brand","embeddable":true,"href":"https:\/\/www.viastein.hu\/en\/wp-json\/wp\/v2\/product_brand?post=8269"},{"taxonomy":"product_cat","embeddable":true,"href":"https:\/\/www.viastein.hu\/en\/wp-json\/wp\/v2\/product_cat?post=8269"},{"taxonomy":"product_tag","embeddable":true,"href":"https:\/\/www.viastein.hu\/en\/wp-json\/wp\/v2\/product_tag?post=8269"}],"curies":[{"name":"wp","href":"https:\/\/api.w.org\/{rel}","templated":true}]}}