{"id":8169,"date":"2025-07-15T13:05:44","date_gmt":"2025-07-15T13:05:44","guid":{"rendered":"https:\/\/www.viastein.hu\/?post_type=product&#038;p=8169"},"modified":"2026-02-05T16:52:01","modified_gmt":"2026-02-05T14:52:01","slug":"viaakustic-250x200x200-nf","status":"publish","type":"product","link":"https:\/\/www.viastein.hu\/en\/termek\/falazoelemek\/viaakusztik\/viaakustic-250x200x200-nf\/","title":{"rendered":"VIAAKUSZTIK 250x200x200 NF"},"content":{"rendered":"<p>A VIAAKUSZTIK t\u00f6m\u00f6r beton hangszigetel\u0151 falaz\u00f3elemek megfelelnek az MSZ EN 771-3 szabv\u00e1ny el\u0151\u00edr\u00e1s\u00e1nak \u00e9s k\u00f6vetelm\u00e9nyeinek. A lak\u00f3, illetve egy\u00e9b c\u00e9l\u00fa haszn\u00e1lati terek k\u00f6z\u00f6tti l\u00e9ghangszigetel\u00e9s rendk\u00edv\u00fcl fontos az \u00e9p\u00fcletekben. A k\u00fcl\u00f6nb\u00f6z\u0151 kialak\u00edt\u00e1s\u00fa \u00e9s k\u00fcl\u00f6nb\u00f6z\u0151 szerkezeti vastags\u00e1g\u00fa t\u00f6m\u00f6r beton falaz\u00f3elemekb\u0151l \u00e9p\u00edthet\u0151 akusztikai falak \u00e9p\u00edt\u00e9sre a VIAAKUSZTIK t\u00f6k\u00e9letesen alkalmas. Jellemz\u0151i a kiv\u00e1l\u00f3 hangszigetel\u00e9si tulajdons\u00e1g, a tart\u00f3s \u00e9s hossz\u00fa \u00e9lettartam, t\u0171z\u00e1ll\u00f3s\u00e1g, valamint a k\u00f6rnyezetbar\u00e1t alapanyagok felhaszn\u00e1l\u00e1sa.<\/p>\n","protected":false},"excerpt":{"rendered":"<h3 class=\"elementor-heading-title elementor-size-medium\" style=\"margin-top: 20px; margin-bottom: 20px;\">M\u0171szaki \/ logisztikai adatok<\/h3>\n<div class=\"\">\n<table>\n<tbody>\n<tr style=\"background-color: #f1f3f4;\">\n<th>m\u00e9ret<\/th>\n<td>250 x 200 x 200 mm<\/td>\n<\/tr>\n<tr style=\"background-color: #ffffff;\">\n<th>db \/ raklap<\/th>\n<td>60<\/td>\n<\/tr>\n<tr style=\"background-color: #f1f3f4;\">\n<th>kg \/ raklap<\/th>\n<td>1300<\/td>\n<\/tr>\n<\/tbody>\n<\/table>\n<\/div>\n","protected":false},"featured_media":8163,"template":"","meta":{"_acf_changed":false},"product_brand":[],"product_cat":[216,175],"product_tag":[],"class_list":{"0":"post-8169","1":"product","2":"type-product","3":"status-publish","4":"has-post-thumbnail","6":"product_cat-leghanggatlo","7":"product_cat-viaakusztik","8":"pa_csap-horony-kialakitas-igen","10":"first","11":"instock","12":"sold-individually","13":"taxable","14":"shipping-taxable","15":"purchasable","16":"product-type-simple"},"acf":[],"yoast_head":"<!-- This site is optimized with the Yoast SEO plugin v27.4 - https:\/\/yoast.com\/product\/yoast-seo-wordpress\/ -->\n<title>VIAAKUSZTIK 250x200x200 NF - Viastein<\/title>\n<meta name=\"description\" content=\"VIABLOKK homlokzati fal blokkelem\" \/>\n<meta name=\"robots\" content=\"index, follow, max-snippet:-1, max-image-preview:large, max-video-preview:-1\" \/>\n<link rel=\"canonical\" href=\"https:\/\/www.viastein.hu\/termek\/falazoelemek\/viaakusztik\/viaakustic-250x200x200-nf\/\" \/>\n<meta property=\"og:locale\" content=\"en_US\" \/>\n<meta property=\"og:type\" content=\"article\" \/>\n<meta property=\"og:title\" content=\"VIAAKUSZTIK 250x200x200 NF - Viastein\" \/>\n<meta property=\"og:description\" content=\"VIABLOKK homlokzati fal blokkelem\" \/>\n<meta property=\"og:url\" content=\"https:\/\/www.viastein.hu\/termek\/falazoelemek\/viaakusztik\/viaakustic-250x200x200-nf\/\" \/>\n<meta property=\"og:site_name\" content=\"Viastein\" \/>\n<meta property=\"article:publisher\" content=\"https:\/\/www.facebook.com\/viastein.hu\/\" \/>\n<meta property=\"article:modified_time\" content=\"2026-02-05T14:52:01+00:00\" \/>\n<meta property=\"og:image\" content=\"https:\/\/www.viastein.hu\/wp-content\/uploads\/2025\/07\/VIAAKUSTIC_ELEMEK_NF10.jpg\" \/>\n\t<meta property=\"og:image:width\" content=\"1035\" \/>\n\t<meta property=\"og:image:height\" content=\"1091\" \/>\n\t<meta property=\"og:image:type\" content=\"image\/jpeg\" \/>\n<meta name=\"twitter:card\" content=\"summary_large_image\" \/>\n<meta name=\"twitter:label1\" content=\"Est. reading time\" \/>\n\t<meta name=\"twitter:data1\" content=\"1 minute\" \/>\n<script type=\"application\/ld+json\" class=\"yoast-schema-graph\">{\"@context\":\"https:\\\/\\\/schema.org\",\"@graph\":[{\"@type\":\"WebPage\",\"@id\":\"https:\\\/\\\/www.viastein.hu\\\/termek\\\/falazoelemek\\\/viaakusztik\\\/viaakustic-250x200x200-nf\\\/\",\"url\":\"https:\\\/\\\/www.viastein.hu\\\/termek\\\/falazoelemek\\\/viaakusztik\\\/viaakustic-250x200x200-nf\\\/\",\"name\":\"VIAAKUSZTIK 250x200x200 NF - Viastein\",\"isPartOf\":{\"@id\":\"https:\\\/\\\/www.viastein.hu\\\/#website\"},\"primaryImageOfPage\":{\"@id\":\"https:\\\/\\\/www.viastein.hu\\\/termek\\\/falazoelemek\\\/viaakusztik\\\/viaakustic-250x200x200-nf\\\/#primaryimage\"},\"image\":{\"@id\":\"https:\\\/\\\/www.viastein.hu\\\/termek\\\/falazoelemek\\\/viaakusztik\\\/viaakustic-250x200x200-nf\\\/#primaryimage\"},\"thumbnailUrl\":\"https:\\\/\\\/www.viastein.hu\\\/wp-content\\\/uploads\\\/2025\\\/07\\\/VIAAKUSTIC_ELEMEK_NF10.jpg\",\"datePublished\":\"2025-07-15T13:05:44+00:00\",\"dateModified\":\"2026-02-05T14:52:01+00:00\",\"description\":\"VIABLOKK homlokzati fal blokkelem\",\"breadcrumb\":{\"@id\":\"https:\\\/\\\/www.viastein.hu\\\/termek\\\/falazoelemek\\\/viaakusztik\\\/viaakustic-250x200x200-nf\\\/#breadcrumb\"},\"inLanguage\":\"en-US\",\"potentialAction\":[{\"@type\":\"ReadAction\",\"target\":[\"https:\\\/\\\/www.viastein.hu\\\/termek\\\/falazoelemek\\\/viaakusztik\\\/viaakustic-250x200x200-nf\\\/\"]}]},{\"@type\":\"ImageObject\",\"inLanguage\":\"en-US\",\"@id\":\"https:\\\/\\\/www.viastein.hu\\\/termek\\\/falazoelemek\\\/viaakusztik\\\/viaakustic-250x200x200-nf\\\/#primaryimage\",\"url\":\"https:\\\/\\\/www.viastein.hu\\\/wp-content\\\/uploads\\\/2025\\\/07\\\/VIAAKUSTIC_ELEMEK_NF10.jpg\",\"contentUrl\":\"https:\\\/\\\/www.viastein.hu\\\/wp-content\\\/uploads\\\/2025\\\/07\\\/VIAAKUSTIC_ELEMEK_NF10.jpg\",\"width\":1035,\"height\":1091},{\"@type\":\"BreadcrumbList\",\"@id\":\"https:\\\/\\\/www.viastein.hu\\\/termek\\\/falazoelemek\\\/viaakusztik\\\/viaakustic-250x200x200-nf\\\/#breadcrumb\",\"itemListElement\":[{\"@type\":\"ListItem\",\"position\":1,\"name\":\"Kezd\u0151lap\",\"item\":\"https:\\\/\\\/www.viastein.hu\\\/\"},{\"@type\":\"ListItem\",\"position\":2,\"name\":\"Term\u00e9kek\",\"item\":\"https:\\\/\\\/www.viastein.hu\\\/termekek-2\\\/\"},{\"@type\":\"ListItem\",\"position\":3,\"name\":\"FALAZ\u00d3ELEMEK\",\"item\":\"https:\\\/\\\/www.viastein.hu\\\/termek-kategoria\\\/falazoelemek\\\/\"},{\"@type\":\"ListItem\",\"position\":4,\"name\":\"VIAAKUSZTIK\",\"item\":\"https:\\\/\\\/www.viastein.hu\\\/termek-kategoria\\\/falazoelemek\\\/viaakusztik\\\/\"},{\"@type\":\"ListItem\",\"position\":5,\"name\":\"VIAAKUSZTIK 250x200x200 NF\"}]},{\"@type\":\"WebSite\",\"@id\":\"https:\\\/\\\/www.viastein.hu\\\/#website\",\"url\":\"https:\\\/\\\/www.viastein.hu\\\/\",\"name\":\"Viastein\",\"description\":\"D\u00edszburkolatok, falaz\u00f3elemek, vasbeton elemek. Pr\u00e9mium min\u0151s\u00e9gben, hazai rakt\u00e1rb\u00f3l, r\u00f6vid sz\u00e1ll\u00edt\u00e1si hat\u00e1rid\u0151vel.\",\"publisher\":{\"@id\":\"https:\\\/\\\/www.viastein.hu\\\/#organization\"},\"potentialAction\":[{\"@type\":\"SearchAction\",\"target\":{\"@type\":\"EntryPoint\",\"urlTemplate\":\"https:\\\/\\\/www.viastein.hu\\\/?s={search_term_string}\"},\"query-input\":{\"@type\":\"PropertyValueSpecification\",\"valueRequired\":true,\"valueName\":\"search_term_string\"}}],\"inLanguage\":\"en-US\"},{\"@type\":\"Organization\",\"@id\":\"https:\\\/\\\/www.viastein.hu\\\/#organization\",\"name\":\"Viastein\",\"url\":\"https:\\\/\\\/www.viastein.hu\\\/\",\"logo\":{\"@type\":\"ImageObject\",\"inLanguage\":\"en-US\",\"@id\":\"https:\\\/\\\/www.viastein.hu\\\/#\\\/schema\\\/logo\\\/image\\\/\",\"url\":\"https:\\\/\\\/www.viastein.hu\\\/wp-content\\\/uploads\\\/2024\\\/07\\\/viastein-color-logo-02-2.png\",\"contentUrl\":\"https:\\\/\\\/www.viastein.hu\\\/wp-content\\\/uploads\\\/2024\\\/07\\\/viastein-color-logo-02-2.png\",\"width\":232,\"height\":58,\"caption\":\"Viastein\"},\"image\":{\"@id\":\"https:\\\/\\\/www.viastein.hu\\\/#\\\/schema\\\/logo\\\/image\\\/\"},\"sameAs\":[\"https:\\\/\\\/www.facebook.com\\\/viastein.hu\\\/\",\"https:\\\/\\\/www.instagram.com\\\/viastein_hungary\\\/\",\"https:\\\/\\\/www.youtube.com\\\/@viasteinkft8464\",\"https:\\\/\\\/www.tiktok.com\\\/@viastein_hungary\"]}]}<\/script>\n<!-- \/ Yoast SEO plugin. -->","yoast_head_json":{"title":"VIAAKUSZTIK 250x200x200 NF - Viastein","description":"VIABLOKK homlokzati fal blokkelem","robots":{"index":"index","follow":"follow","max-snippet":"max-snippet:-1","max-image-preview":"max-image-preview:large","max-video-preview":"max-video-preview:-1"},"canonical":"https:\/\/www.viastein.hu\/termek\/falazoelemek\/viaakusztik\/viaakustic-250x200x200-nf\/","og_locale":"en_US","og_type":"article","og_title":"VIAAKUSZTIK 250x200x200 NF - Viastein","og_description":"VIABLOKK homlokzati fal blokkelem","og_url":"https:\/\/www.viastein.hu\/termek\/falazoelemek\/viaakusztik\/viaakustic-250x200x200-nf\/","og_site_name":"Viastein","article_publisher":"https:\/\/www.facebook.com\/viastein.hu\/","article_modified_time":"2026-02-05T14:52:01+00:00","og_image":[{"width":1035,"height":1091,"url":"https:\/\/www.viastein.hu\/wp-content\/uploads\/2025\/07\/VIAAKUSTIC_ELEMEK_NF10.jpg","type":"image\/jpeg"}],"twitter_card":"summary_large_image","twitter_misc":{"Est. reading time":"1 minute"},"schema":{"@context":"https:\/\/schema.org","@graph":[{"@type":"WebPage","@id":"https:\/\/www.viastein.hu\/termek\/falazoelemek\/viaakusztik\/viaakustic-250x200x200-nf\/","url":"https:\/\/www.viastein.hu\/termek\/falazoelemek\/viaakusztik\/viaakustic-250x200x200-nf\/","name":"VIAAKUSZTIK 250x200x200 NF - Viastein","isPartOf":{"@id":"https:\/\/www.viastein.hu\/#website"},"primaryImageOfPage":{"@id":"https:\/\/www.viastein.hu\/termek\/falazoelemek\/viaakusztik\/viaakustic-250x200x200-nf\/#primaryimage"},"image":{"@id":"https:\/\/www.viastein.hu\/termek\/falazoelemek\/viaakusztik\/viaakustic-250x200x200-nf\/#primaryimage"},"thumbnailUrl":"https:\/\/www.viastein.hu\/wp-content\/uploads\/2025\/07\/VIAAKUSTIC_ELEMEK_NF10.jpg","datePublished":"2025-07-15T13:05:44+00:00","dateModified":"2026-02-05T14:52:01+00:00","description":"VIABLOKK homlokzati fal blokkelem","breadcrumb":{"@id":"https:\/\/www.viastein.hu\/termek\/falazoelemek\/viaakusztik\/viaakustic-250x200x200-nf\/#breadcrumb"},"inLanguage":"en-US","potentialAction":[{"@type":"ReadAction","target":["https:\/\/www.viastein.hu\/termek\/falazoelemek\/viaakusztik\/viaakustic-250x200x200-nf\/"]}]},{"@type":"ImageObject","inLanguage":"en-US","@id":"https:\/\/www.viastein.hu\/termek\/falazoelemek\/viaakusztik\/viaakustic-250x200x200-nf\/#primaryimage","url":"https:\/\/www.viastein.hu\/wp-content\/uploads\/2025\/07\/VIAAKUSTIC_ELEMEK_NF10.jpg","contentUrl":"https:\/\/www.viastein.hu\/wp-content\/uploads\/2025\/07\/VIAAKUSTIC_ELEMEK_NF10.jpg","width":1035,"height":1091},{"@type":"BreadcrumbList","@id":"https:\/\/www.viastein.hu\/termek\/falazoelemek\/viaakusztik\/viaakustic-250x200x200-nf\/#breadcrumb","itemListElement":[{"@type":"ListItem","position":1,"name":"Kezd\u0151lap","item":"https:\/\/www.viastein.hu\/"},{"@type":"ListItem","position":2,"name":"Term\u00e9kek","item":"https:\/\/www.viastein.hu\/termekek-2\/"},{"@type":"ListItem","position":3,"name":"FALAZ\u00d3ELEMEK","item":"https:\/\/www.viastein.hu\/termek-kategoria\/falazoelemek\/"},{"@type":"ListItem","position":4,"name":"VIAAKUSZTIK","item":"https:\/\/www.viastein.hu\/termek-kategoria\/falazoelemek\/viaakusztik\/"},{"@type":"ListItem","position":5,"name":"VIAAKUSZTIK 250x200x200 NF"}]},{"@type":"WebSite","@id":"https:\/\/www.viastein.hu\/#website","url":"https:\/\/www.viastein.hu\/","name":"Viastein","description":"D\u00edszburkolatok, falaz\u00f3elemek, vasbeton elemek. Pr\u00e9mium min\u0151s\u00e9gben, hazai rakt\u00e1rb\u00f3l, r\u00f6vid sz\u00e1ll\u00edt\u00e1si hat\u00e1rid\u0151vel.","publisher":{"@id":"https:\/\/www.viastein.hu\/#organization"},"potentialAction":[{"@type":"SearchAction","target":{"@type":"EntryPoint","urlTemplate":"https:\/\/www.viastein.hu\/?s={search_term_string}"},"query-input":{"@type":"PropertyValueSpecification","valueRequired":true,"valueName":"search_term_string"}}],"inLanguage":"en-US"},{"@type":"Organization","@id":"https:\/\/www.viastein.hu\/#organization","name":"Viastein","url":"https:\/\/www.viastein.hu\/","logo":{"@type":"ImageObject","inLanguage":"en-US","@id":"https:\/\/www.viastein.hu\/#\/schema\/logo\/image\/","url":"https:\/\/www.viastein.hu\/wp-content\/uploads\/2024\/07\/viastein-color-logo-02-2.png","contentUrl":"https:\/\/www.viastein.hu\/wp-content\/uploads\/2024\/07\/viastein-color-logo-02-2.png","width":232,"height":58,"caption":"Viastein"},"image":{"@id":"https:\/\/www.viastein.hu\/#\/schema\/logo\/image\/"},"sameAs":["https:\/\/www.facebook.com\/viastein.hu\/","https:\/\/www.instagram.com\/viastein_hungary\/","https:\/\/www.youtube.com\/@viasteinkft8464","https:\/\/www.tiktok.com\/@viastein_hungary"]}]}},"_links":{"self":[{"href":"https:\/\/www.viastein.hu\/en\/wp-json\/wp\/v2\/product\/8169","targetHints":{"allow":["GET"]}}],"collection":[{"href":"https:\/\/www.viastein.hu\/en\/wp-json\/wp\/v2\/product"}],"about":[{"href":"https:\/\/www.viastein.hu\/en\/wp-json\/wp\/v2\/types\/product"}],"wp:featuredmedia":[{"embeddable":true,"href":"https:\/\/www.viastein.hu\/en\/wp-json\/wp\/v2\/media\/8163"}],"wp:attachment":[{"href":"https:\/\/www.viastein.hu\/en\/wp-json\/wp\/v2\/media?parent=8169"}],"wp:term":[{"taxonomy":"product_brand","embeddable":true,"href":"https:\/\/www.viastein.hu\/en\/wp-json\/wp\/v2\/product_brand?post=8169"},{"taxonomy":"product_cat","embeddable":true,"href":"https:\/\/www.viastein.hu\/en\/wp-json\/wp\/v2\/product_cat?post=8169"},{"taxonomy":"product_tag","embeddable":true,"href":"https:\/\/www.viastein.hu\/en\/wp-json\/wp\/v2\/product_tag?post=8169"}],"curies":[{"name":"wp","href":"https:\/\/api.w.org\/{rel}","templated":true}]}}