{"id":7842,"date":"2024-11-24T17:27:14","date_gmt":"2024-11-24T17:27:14","guid":{"rendered":"https:\/\/www.viastein.hu\/?post_type=product&#038;p=7842"},"modified":"2025-06-19T13:14:47","modified_gmt":"2025-06-19T13:14:47","slug":"vb-jelu-vasbeton-gerenda","status":"publish","type":"product","link":"https:\/\/www.viastein.hu\/en\/termek\/vasbeton-elemek\/gerendak\/vb-jelu-vasbeton-gerenda\/","title":{"rendered":"VB jel\u0171 vasbeton gerenda"},"content":{"rendered":"","protected":false},"excerpt":{"rendered":"","protected":false},"featured_media":7836,"template":"","meta":{"_acf_changed":false},"product_brand":[],"product_cat":[181],"product_tag":[],"class_list":{"0":"post-7842","1":"product","2":"type-product","3":"status-publish","4":"has-post-thumbnail","6":"product_cat-gerendak","8":"first","9":"instock","10":"taxable","11":"shipping-taxable","12":"product-type-simple"},"acf":[],"yoast_head":"<!-- This site is optimized with the Yoast SEO plugin v27.2 - https:\/\/yoast.com\/product\/yoast-seo-wordpress\/ -->\n<title>VB jel\u0171 vasbeton gerenda - Viastein<\/title>\n<meta name=\"robots\" content=\"index, follow, max-snippet:-1, max-image-preview:large, max-video-preview:-1\" \/>\n<link rel=\"canonical\" href=\"https:\/\/www.viastein.hu\/termek\/vasbeton-elemek\/betonelem\/vb-jelu-vasbeton-gerenda\/\" \/>\n<meta property=\"og:locale\" content=\"en_US\" \/>\n<meta property=\"og:type\" content=\"article\" \/>\n<meta property=\"og:title\" content=\"VB jel\u0171 vasbeton gerenda - Viastein\" \/>\n<meta property=\"og:url\" content=\"https:\/\/www.viastein.hu\/termek\/vasbeton-elemek\/betonelem\/vb-jelu-vasbeton-gerenda\/\" \/>\n<meta property=\"og:site_name\" content=\"Viastein\" \/>\n<meta property=\"article:publisher\" content=\"https:\/\/www.facebook.com\/viastein.hu\/\" \/>\n<meta property=\"article:modified_time\" content=\"2025-06-19T13:14:47+00:00\" \/>\n<meta property=\"og:image\" content=\"https:\/\/www.viastein.hu\/wp-content\/uploads\/2024\/11\/VB.jpg\" \/>\n\t<meta property=\"og:image:width\" content=\"1920\" \/>\n\t<meta property=\"og:image:height\" content=\"1920\" \/>\n\t<meta property=\"og:image:type\" content=\"image\/jpeg\" \/>\n<meta name=\"twitter:card\" content=\"summary_large_image\" \/>\n<meta name=\"twitter:label1\" content=\"Est. reading time\" \/>\n\t<meta name=\"twitter:data1\" content=\"1 minute\" \/>\n<script type=\"application\/ld+json\" class=\"yoast-schema-graph\">{\"@context\":\"https:\/\/schema.org\",\"@graph\":[{\"@type\":\"WebPage\",\"@id\":\"https:\/\/www.viastein.hu\/termek\/vasbeton-elemek\/betonelem\/vb-jelu-vasbeton-gerenda\/\",\"url\":\"https:\/\/www.viastein.hu\/termek\/vasbeton-elemek\/betonelem\/vb-jelu-vasbeton-gerenda\/\",\"name\":\"VB jel\u0171 vasbeton gerenda - Viastein\",\"isPartOf\":{\"@id\":\"https:\/\/www.viastein.hu\/#website\"},\"primaryImageOfPage\":{\"@id\":\"https:\/\/www.viastein.hu\/termek\/vasbeton-elemek\/betonelem\/vb-jelu-vasbeton-gerenda\/#primaryimage\"},\"image\":{\"@id\":\"https:\/\/www.viastein.hu\/termek\/vasbeton-elemek\/betonelem\/vb-jelu-vasbeton-gerenda\/#primaryimage\"},\"thumbnailUrl\":\"https:\/\/www.viastein.hu\/wp-content\/uploads\/2024\/11\/VB.jpg\",\"datePublished\":\"2024-11-24T17:27:14+00:00\",\"dateModified\":\"2025-06-19T13:14:47+00:00\",\"breadcrumb\":{\"@id\":\"https:\/\/www.viastein.hu\/termek\/vasbeton-elemek\/betonelem\/vb-jelu-vasbeton-gerenda\/#breadcrumb\"},\"inLanguage\":\"en-US\",\"potentialAction\":[{\"@type\":\"ReadAction\",\"target\":[\"https:\/\/www.viastein.hu\/termek\/vasbeton-elemek\/betonelem\/vb-jelu-vasbeton-gerenda\/\"]}]},{\"@type\":\"ImageObject\",\"inLanguage\":\"en-US\",\"@id\":\"https:\/\/www.viastein.hu\/termek\/vasbeton-elemek\/betonelem\/vb-jelu-vasbeton-gerenda\/#primaryimage\",\"url\":\"https:\/\/www.viastein.hu\/wp-content\/uploads\/2024\/11\/VB.jpg\",\"contentUrl\":\"https:\/\/www.viastein.hu\/wp-content\/uploads\/2024\/11\/VB.jpg\",\"width\":1920,\"height\":1920},{\"@type\":\"BreadcrumbList\",\"@id\":\"https:\/\/www.viastein.hu\/termek\/vasbeton-elemek\/betonelem\/vb-jelu-vasbeton-gerenda\/#breadcrumb\",\"itemListElement\":[{\"@type\":\"ListItem\",\"position\":1,\"name\":\"Kezd\u0151lap\",\"item\":\"https:\/\/www.viastein.hu\/\"},{\"@type\":\"ListItem\",\"position\":2,\"name\":\"Term\u00e9kek\",\"item\":\"https:\/\/www.viastein.hu\/termekek-2\/\"},{\"@type\":\"ListItem\",\"position\":3,\"name\":\"VASBETON ELEMEK\",\"item\":\"https:\/\/www.viastein.hu\/termek-kategoria\/vasbeton-elemek\/\"},{\"@type\":\"ListItem\",\"position\":4,\"name\":\"Gerend\u00e1k\",\"item\":\"https:\/\/www.viastein.hu\/termek-kategoria\/vasbeton-elemek\/betonelem\/gerendak\/\"},{\"@type\":\"ListItem\",\"position\":5,\"name\":\"VB jel\u0171 vasbeton gerenda\"}]},{\"@type\":\"WebSite\",\"@id\":\"https:\/\/www.viastein.hu\/#website\",\"url\":\"https:\/\/www.viastein.hu\/\",\"name\":\"Viastein\",\"description\":\"D\u00edszburkolatok, falaz\u00f3elemek, vasbeton elemek. Pr\u00e9mium min\u0151s\u00e9gben, hazai rakt\u00e1rb\u00f3l, r\u00f6vid sz\u00e1ll\u00edt\u00e1si hat\u00e1rid\u0151vel.\",\"publisher\":{\"@id\":\"https:\/\/www.viastein.hu\/#organization\"},\"potentialAction\":[{\"@type\":\"SearchAction\",\"target\":{\"@type\":\"EntryPoint\",\"urlTemplate\":\"https:\/\/www.viastein.hu\/?s={search_term_string}\"},\"query-input\":{\"@type\":\"PropertyValueSpecification\",\"valueRequired\":true,\"valueName\":\"search_term_string\"}}],\"inLanguage\":\"en-US\"},{\"@type\":\"Organization\",\"@id\":\"https:\/\/www.viastein.hu\/#organization\",\"name\":\"Viastein\",\"url\":\"https:\/\/www.viastein.hu\/\",\"logo\":{\"@type\":\"ImageObject\",\"inLanguage\":\"en-US\",\"@id\":\"https:\/\/www.viastein.hu\/#\/schema\/logo\/image\/\",\"url\":\"https:\/\/www.viastein.hu\/wp-content\/uploads\/2024\/07\/viastein-color-logo-02-2.png\",\"contentUrl\":\"https:\/\/www.viastein.hu\/wp-content\/uploads\/2024\/07\/viastein-color-logo-02-2.png\",\"width\":232,\"height\":58,\"caption\":\"Viastein\"},\"image\":{\"@id\":\"https:\/\/www.viastein.hu\/#\/schema\/logo\/image\/\"},\"sameAs\":[\"https:\/\/www.facebook.com\/viastein.hu\/\",\"https:\/\/www.instagram.com\/viastein_hungary\/\",\"https:\/\/www.youtube.com\/@viasteinkft8464\",\"https:\/\/www.tiktok.com\/@viastein_hungary\"]}]}<\/script>\n<!-- \/ Yoast SEO plugin. -->","yoast_head_json":{"title":"VB jel\u0171 vasbeton gerenda - Viastein","robots":{"index":"index","follow":"follow","max-snippet":"max-snippet:-1","max-image-preview":"max-image-preview:large","max-video-preview":"max-video-preview:-1"},"canonical":"https:\/\/www.viastein.hu\/termek\/vasbeton-elemek\/betonelem\/vb-jelu-vasbeton-gerenda\/","og_locale":"en_US","og_type":"article","og_title":"VB jel\u0171 vasbeton gerenda - Viastein","og_url":"https:\/\/www.viastein.hu\/termek\/vasbeton-elemek\/betonelem\/vb-jelu-vasbeton-gerenda\/","og_site_name":"Viastein","article_publisher":"https:\/\/www.facebook.com\/viastein.hu\/","article_modified_time":"2025-06-19T13:14:47+00:00","og_image":[{"width":1920,"height":1920,"url":"https:\/\/www.viastein.hu\/wp-content\/uploads\/2024\/11\/VB.jpg","type":"image\/jpeg"}],"twitter_card":"summary_large_image","twitter_misc":{"Est. reading time":"1 minute"},"schema":{"@context":"https:\/\/schema.org","@graph":[{"@type":"WebPage","@id":"https:\/\/www.viastein.hu\/termek\/vasbeton-elemek\/betonelem\/vb-jelu-vasbeton-gerenda\/","url":"https:\/\/www.viastein.hu\/termek\/vasbeton-elemek\/betonelem\/vb-jelu-vasbeton-gerenda\/","name":"VB jel\u0171 vasbeton gerenda - Viastein","isPartOf":{"@id":"https:\/\/www.viastein.hu\/#website"},"primaryImageOfPage":{"@id":"https:\/\/www.viastein.hu\/termek\/vasbeton-elemek\/betonelem\/vb-jelu-vasbeton-gerenda\/#primaryimage"},"image":{"@id":"https:\/\/www.viastein.hu\/termek\/vasbeton-elemek\/betonelem\/vb-jelu-vasbeton-gerenda\/#primaryimage"},"thumbnailUrl":"https:\/\/www.viastein.hu\/wp-content\/uploads\/2024\/11\/VB.jpg","datePublished":"2024-11-24T17:27:14+00:00","dateModified":"2025-06-19T13:14:47+00:00","breadcrumb":{"@id":"https:\/\/www.viastein.hu\/termek\/vasbeton-elemek\/betonelem\/vb-jelu-vasbeton-gerenda\/#breadcrumb"},"inLanguage":"en-US","potentialAction":[{"@type":"ReadAction","target":["https:\/\/www.viastein.hu\/termek\/vasbeton-elemek\/betonelem\/vb-jelu-vasbeton-gerenda\/"]}]},{"@type":"ImageObject","inLanguage":"en-US","@id":"https:\/\/www.viastein.hu\/termek\/vasbeton-elemek\/betonelem\/vb-jelu-vasbeton-gerenda\/#primaryimage","url":"https:\/\/www.viastein.hu\/wp-content\/uploads\/2024\/11\/VB.jpg","contentUrl":"https:\/\/www.viastein.hu\/wp-content\/uploads\/2024\/11\/VB.jpg","width":1920,"height":1920},{"@type":"BreadcrumbList","@id":"https:\/\/www.viastein.hu\/termek\/vasbeton-elemek\/betonelem\/vb-jelu-vasbeton-gerenda\/#breadcrumb","itemListElement":[{"@type":"ListItem","position":1,"name":"Kezd\u0151lap","item":"https:\/\/www.viastein.hu\/"},{"@type":"ListItem","position":2,"name":"Term\u00e9kek","item":"https:\/\/www.viastein.hu\/termekek-2\/"},{"@type":"ListItem","position":3,"name":"VASBETON ELEMEK","item":"https:\/\/www.viastein.hu\/termek-kategoria\/vasbeton-elemek\/"},{"@type":"ListItem","position":4,"name":"Gerend\u00e1k","item":"https:\/\/www.viastein.hu\/termek-kategoria\/vasbeton-elemek\/betonelem\/gerendak\/"},{"@type":"ListItem","position":5,"name":"VB jel\u0171 vasbeton gerenda"}]},{"@type":"WebSite","@id":"https:\/\/www.viastein.hu\/#website","url":"https:\/\/www.viastein.hu\/","name":"Viastein","description":"D\u00edszburkolatok, falaz\u00f3elemek, vasbeton elemek. Pr\u00e9mium min\u0151s\u00e9gben, hazai rakt\u00e1rb\u00f3l, r\u00f6vid sz\u00e1ll\u00edt\u00e1si hat\u00e1rid\u0151vel.","publisher":{"@id":"https:\/\/www.viastein.hu\/#organization"},"potentialAction":[{"@type":"SearchAction","target":{"@type":"EntryPoint","urlTemplate":"https:\/\/www.viastein.hu\/?s={search_term_string}"},"query-input":{"@type":"PropertyValueSpecification","valueRequired":true,"valueName":"search_term_string"}}],"inLanguage":"en-US"},{"@type":"Organization","@id":"https:\/\/www.viastein.hu\/#organization","name":"Viastein","url":"https:\/\/www.viastein.hu\/","logo":{"@type":"ImageObject","inLanguage":"en-US","@id":"https:\/\/www.viastein.hu\/#\/schema\/logo\/image\/","url":"https:\/\/www.viastein.hu\/wp-content\/uploads\/2024\/07\/viastein-color-logo-02-2.png","contentUrl":"https:\/\/www.viastein.hu\/wp-content\/uploads\/2024\/07\/viastein-color-logo-02-2.png","width":232,"height":58,"caption":"Viastein"},"image":{"@id":"https:\/\/www.viastein.hu\/#\/schema\/logo\/image\/"},"sameAs":["https:\/\/www.facebook.com\/viastein.hu\/","https:\/\/www.instagram.com\/viastein_hungary\/","https:\/\/www.youtube.com\/@viasteinkft8464","https:\/\/www.tiktok.com\/@viastein_hungary"]}]}},"_links":{"self":[{"href":"https:\/\/www.viastein.hu\/en\/wp-json\/wp\/v2\/product\/7842","targetHints":{"allow":["GET"]}}],"collection":[{"href":"https:\/\/www.viastein.hu\/en\/wp-json\/wp\/v2\/product"}],"about":[{"href":"https:\/\/www.viastein.hu\/en\/wp-json\/wp\/v2\/types\/product"}],"wp:featuredmedia":[{"embeddable":true,"href":"https:\/\/www.viastein.hu\/en\/wp-json\/wp\/v2\/media\/7836"}],"wp:attachment":[{"href":"https:\/\/www.viastein.hu\/en\/wp-json\/wp\/v2\/media?parent=7842"}],"wp:term":[{"taxonomy":"product_brand","embeddable":true,"href":"https:\/\/www.viastein.hu\/en\/wp-json\/wp\/v2\/product_brand?post=7842"},{"taxonomy":"product_cat","embeddable":true,"href":"https:\/\/www.viastein.hu\/en\/wp-json\/wp\/v2\/product_cat?post=7842"},{"taxonomy":"product_tag","embeddable":true,"href":"https:\/\/www.viastein.hu\/en\/wp-json\/wp\/v2\/product_tag?post=7842"}],"curies":[{"name":"wp","href":"https:\/\/api.w.org\/{rel}","templated":true}]}}