{"id":3424,"date":"2024-08-01T13:49:10","date_gmt":"2024-08-01T13:49:10","guid":{"rendered":"https:\/\/www.viastein.hu\/?post_type=product&#038;p=3424"},"modified":"2026-02-05T16:19:34","modified_gmt":"2026-02-05T14:19:34","slug":"viablokk-d450-20","status":"publish","type":"product","link":"https:\/\/www.viastein.hu\/en\/termek\/falazoelemek\/viablokk\/viablokk-d450-20\/","title":{"rendered":"VIABLOKK D450\/20"},"content":{"rendered":"<p>A VIABLOKK p\u00f3rusbetonb\u00f3l k\u00e9sz\u00fclt v\u00e1laszfal elemek v\u00e1laszt\u00e9ka a 10, 12,5 \u00e9s 15 cm-es falvastags\u00e1g\u00fa szerkezetek \u00e9p\u00edt\u00e9s\u00e9t teszi lehet\u0151v\u00e9. Nagy fel\u00fclet\u0171 \u00e9s \/ vagy nagy terhel\u00e9s\u0171, illetve jelent\u0151s g\u00e9p\u00e9szeti terhel\u00e9s\u0171 v\u00e1laszfalak \u00e9p\u00edt\u00e9s\u00e9hez a 20 cm es vastags\u00e1g\u00fa elemek alkalmasak. A v\u00e1laszfal elemek a k\u00f6nny\u00fc illeszt\u00e9s \u00e9rdek\u00e9ben n\u00fatf\u00e9deres (NF) \u00e9s a k\u00f6nny\u0171 anyagmozgat\u00e1s \u00e9rdek\u00e9ben n\u00fatf\u00e9derrel+markolattal ell\u00e1tva (NF+GT) k\u00e9sz\u00fcl. A blokkelemek \u00e9p\u00edt\u00e9s\u00e9hez a VIABLOKK falaz\u00f3habarcs vagy a VIABLOKK-Tytan v\u00e9kony\u00e1gyas falaz\u00f3 ragaszt\u00f3 alkalmazhat\u00f3. A sima fel\u00fclet\u0171 v\u00e1laszfal elemek \u00e9p\u00edt\u00e9si oldalait habarccsal vagy falaz\u00f3 ragaszt\u00f3val el kell l\u00e1tni. A VIABLOKK p\u00f3rusbeton blokkelem a Harmoniz\u00e1lt szabv\u00e1ny: EN 771-4:2011 +A 1 :2015 el\u0151\u00edr\u00e1sainak megfelel.<\/p>\n","protected":false},"excerpt":{"rendered":"<h3 class=\"elementor-heading-title elementor-size-medium\" style=\"margin-top: 20px; margin-bottom: 20px;\">M\u0171szaki \/ logisztikai adatok<\/h3>\n<div class=\"\">\n<table>\n<tbody>\n<tr>\n<th>m\u00e9ret<\/th>\n<td>600 x 200 x 200 mm<\/td>\n<\/tr>\n<tr>\n<th>db \/ raklap<\/th>\n<td>70\/20,<br \/>\n10\/10<\/td>\n<\/tr>\n<tr>\n<th>kg \/ db<\/th>\n<td>15<\/td>\n<\/tr>\n<tr>\n<th>kg \/ raklap<\/th>\n<td>1200<\/td>\n<\/tr>\n<\/tbody>\n<\/table>\n<\/div>\n","protected":false},"featured_media":3430,"template":"","meta":{"_acf_changed":false},"product_brand":[],"product_cat":[177],"product_tag":[],"class_list":{"0":"post-3424","1":"product","2":"type-product","3":"status-publish","4":"has-post-thumbnail","6":"product_cat-viablokk","8":"first","9":"instock","10":"sold-individually","11":"taxable","12":"shipping-taxable","13":"purchasable","14":"product-type-simple"},"acf":[],"yoast_head":"<!-- This site is optimized with the Yoast SEO plugin v27.4 - https:\/\/yoast.com\/product\/yoast-seo-wordpress\/ -->\n<title>VIABLOKK D450\/20 - Viastein<\/title>\n<meta name=\"description\" content=\"VIABLOKK v\u00e1laszfal blokkelem\" \/>\n<meta name=\"robots\" content=\"index, follow, max-snippet:-1, max-image-preview:large, max-video-preview:-1\" \/>\n<link rel=\"canonical\" href=\"https:\/\/www.viastein.hu\/termek\/falazoelemek\/viablokk\/viablokk-d450-20\/\" \/>\n<meta property=\"og:locale\" content=\"en_US\" \/>\n<meta property=\"og:type\" content=\"article\" \/>\n<meta property=\"og:title\" content=\"VIABLOKK D450\/20 - Viastein\" \/>\n<meta property=\"og:description\" content=\"VIABLOKK v\u00e1laszfal blokkelem\" \/>\n<meta property=\"og:url\" content=\"https:\/\/www.viastein.hu\/termek\/falazoelemek\/viablokk\/viablokk-d450-20\/\" \/>\n<meta property=\"og:site_name\" content=\"Viastein\" \/>\n<meta property=\"article:publisher\" content=\"https:\/\/www.facebook.com\/viastein.hu\/\" \/>\n<meta property=\"article:modified_time\" content=\"2026-02-05T14:19:34+00:00\" \/>\n<meta property=\"og:image\" content=\"https:\/\/www.viastein.hu\/wp-content\/uploads\/2024\/08\/600x200x150.png\" \/>\n\t<meta property=\"og:image:width\" content=\"655\" \/>\n\t<meta property=\"og:image:height\" content=\"655\" \/>\n\t<meta property=\"og:image:type\" content=\"image\/png\" \/>\n<meta name=\"twitter:card\" content=\"summary_large_image\" \/>\n<meta name=\"twitter:label1\" content=\"Est. reading time\" \/>\n\t<meta name=\"twitter:data1\" content=\"1 minute\" \/>\n<script type=\"application\/ld+json\" class=\"yoast-schema-graph\">{\"@context\":\"https:\\\/\\\/schema.org\",\"@graph\":[{\"@type\":\"WebPage\",\"@id\":\"https:\\\/\\\/www.viastein.hu\\\/termek\\\/falazoelemek\\\/viablokk\\\/viablokk-d450-20\\\/\",\"url\":\"https:\\\/\\\/www.viastein.hu\\\/termek\\\/falazoelemek\\\/viablokk\\\/viablokk-d450-20\\\/\",\"name\":\"VIABLOKK D450\\\/20 - Viastein\",\"isPartOf\":{\"@id\":\"https:\\\/\\\/www.viastein.hu\\\/#website\"},\"primaryImageOfPage\":{\"@id\":\"https:\\\/\\\/www.viastein.hu\\\/termek\\\/falazoelemek\\\/viablokk\\\/viablokk-d450-20\\\/#primaryimage\"},\"image\":{\"@id\":\"https:\\\/\\\/www.viastein.hu\\\/termek\\\/falazoelemek\\\/viablokk\\\/viablokk-d450-20\\\/#primaryimage\"},\"thumbnailUrl\":\"https:\\\/\\\/www.viastein.hu\\\/wp-content\\\/uploads\\\/2024\\\/08\\\/600x200x150.png\",\"datePublished\":\"2024-08-01T13:49:10+00:00\",\"dateModified\":\"2026-02-05T14:19:34+00:00\",\"description\":\"VIABLOKK v\u00e1laszfal blokkelem\",\"breadcrumb\":{\"@id\":\"https:\\\/\\\/www.viastein.hu\\\/termek\\\/falazoelemek\\\/viablokk\\\/viablokk-d450-20\\\/#breadcrumb\"},\"inLanguage\":\"en-US\",\"potentialAction\":[{\"@type\":\"ReadAction\",\"target\":[\"https:\\\/\\\/www.viastein.hu\\\/termek\\\/falazoelemek\\\/viablokk\\\/viablokk-d450-20\\\/\"]}]},{\"@type\":\"ImageObject\",\"inLanguage\":\"en-US\",\"@id\":\"https:\\\/\\\/www.viastein.hu\\\/termek\\\/falazoelemek\\\/viablokk\\\/viablokk-d450-20\\\/#primaryimage\",\"url\":\"https:\\\/\\\/www.viastein.hu\\\/wp-content\\\/uploads\\\/2024\\\/08\\\/600x200x150.png\",\"contentUrl\":\"https:\\\/\\\/www.viastein.hu\\\/wp-content\\\/uploads\\\/2024\\\/08\\\/600x200x150.png\",\"width\":655,\"height\":655},{\"@type\":\"BreadcrumbList\",\"@id\":\"https:\\\/\\\/www.viastein.hu\\\/termek\\\/falazoelemek\\\/viablokk\\\/viablokk-d450-20\\\/#breadcrumb\",\"itemListElement\":[{\"@type\":\"ListItem\",\"position\":1,\"name\":\"Kezd\u0151lap\",\"item\":\"https:\\\/\\\/www.viastein.hu\\\/\"},{\"@type\":\"ListItem\",\"position\":2,\"name\":\"Term\u00e9kek\",\"item\":\"https:\\\/\\\/www.viastein.hu\\\/termekek-2\\\/\"},{\"@type\":\"ListItem\",\"position\":3,\"name\":\"FALAZ\u00d3ELEMEK\",\"item\":\"https:\\\/\\\/www.viastein.hu\\\/termek-kategoria\\\/falazoelemek\\\/\"},{\"@type\":\"ListItem\",\"position\":4,\"name\":\"VIABLOKK\",\"item\":\"https:\\\/\\\/www.viastein.hu\\\/termek-kategoria\\\/falazoelemek\\\/viablokk\\\/\"},{\"@type\":\"ListItem\",\"position\":5,\"name\":\"VIABLOKK D450\\\/20\"}]},{\"@type\":\"WebSite\",\"@id\":\"https:\\\/\\\/www.viastein.hu\\\/#website\",\"url\":\"https:\\\/\\\/www.viastein.hu\\\/\",\"name\":\"Viastein\",\"description\":\"D\u00edszburkolatok, falaz\u00f3elemek, vasbeton elemek. Pr\u00e9mium min\u0151s\u00e9gben, hazai rakt\u00e1rb\u00f3l, r\u00f6vid sz\u00e1ll\u00edt\u00e1si hat\u00e1rid\u0151vel.\",\"publisher\":{\"@id\":\"https:\\\/\\\/www.viastein.hu\\\/#organization\"},\"potentialAction\":[{\"@type\":\"SearchAction\",\"target\":{\"@type\":\"EntryPoint\",\"urlTemplate\":\"https:\\\/\\\/www.viastein.hu\\\/?s={search_term_string}\"},\"query-input\":{\"@type\":\"PropertyValueSpecification\",\"valueRequired\":true,\"valueName\":\"search_term_string\"}}],\"inLanguage\":\"en-US\"},{\"@type\":\"Organization\",\"@id\":\"https:\\\/\\\/www.viastein.hu\\\/#organization\",\"name\":\"Viastein\",\"url\":\"https:\\\/\\\/www.viastein.hu\\\/\",\"logo\":{\"@type\":\"ImageObject\",\"inLanguage\":\"en-US\",\"@id\":\"https:\\\/\\\/www.viastein.hu\\\/#\\\/schema\\\/logo\\\/image\\\/\",\"url\":\"https:\\\/\\\/www.viastein.hu\\\/wp-content\\\/uploads\\\/2024\\\/07\\\/viastein-color-logo-02-2.png\",\"contentUrl\":\"https:\\\/\\\/www.viastein.hu\\\/wp-content\\\/uploads\\\/2024\\\/07\\\/viastein-color-logo-02-2.png\",\"width\":232,\"height\":58,\"caption\":\"Viastein\"},\"image\":{\"@id\":\"https:\\\/\\\/www.viastein.hu\\\/#\\\/schema\\\/logo\\\/image\\\/\"},\"sameAs\":[\"https:\\\/\\\/www.facebook.com\\\/viastein.hu\\\/\",\"https:\\\/\\\/www.instagram.com\\\/viastein_hungary\\\/\",\"https:\\\/\\\/www.youtube.com\\\/@viasteinkft8464\",\"https:\\\/\\\/www.tiktok.com\\\/@viastein_hungary\"]}]}<\/script>\n<!-- \/ Yoast SEO plugin. -->","yoast_head_json":{"title":"VIABLOKK D450\/20 - Viastein","description":"VIABLOKK v\u00e1laszfal blokkelem","robots":{"index":"index","follow":"follow","max-snippet":"max-snippet:-1","max-image-preview":"max-image-preview:large","max-video-preview":"max-video-preview:-1"},"canonical":"https:\/\/www.viastein.hu\/termek\/falazoelemek\/viablokk\/viablokk-d450-20\/","og_locale":"en_US","og_type":"article","og_title":"VIABLOKK D450\/20 - Viastein","og_description":"VIABLOKK v\u00e1laszfal blokkelem","og_url":"https:\/\/www.viastein.hu\/termek\/falazoelemek\/viablokk\/viablokk-d450-20\/","og_site_name":"Viastein","article_publisher":"https:\/\/www.facebook.com\/viastein.hu\/","article_modified_time":"2026-02-05T14:19:34+00:00","og_image":[{"width":655,"height":655,"url":"https:\/\/www.viastein.hu\/wp-content\/uploads\/2024\/08\/600x200x150.png","type":"image\/png"}],"twitter_card":"summary_large_image","twitter_misc":{"Est. reading time":"1 minute"},"schema":{"@context":"https:\/\/schema.org","@graph":[{"@type":"WebPage","@id":"https:\/\/www.viastein.hu\/termek\/falazoelemek\/viablokk\/viablokk-d450-20\/","url":"https:\/\/www.viastein.hu\/termek\/falazoelemek\/viablokk\/viablokk-d450-20\/","name":"VIABLOKK D450\/20 - Viastein","isPartOf":{"@id":"https:\/\/www.viastein.hu\/#website"},"primaryImageOfPage":{"@id":"https:\/\/www.viastein.hu\/termek\/falazoelemek\/viablokk\/viablokk-d450-20\/#primaryimage"},"image":{"@id":"https:\/\/www.viastein.hu\/termek\/falazoelemek\/viablokk\/viablokk-d450-20\/#primaryimage"},"thumbnailUrl":"https:\/\/www.viastein.hu\/wp-content\/uploads\/2024\/08\/600x200x150.png","datePublished":"2024-08-01T13:49:10+00:00","dateModified":"2026-02-05T14:19:34+00:00","description":"VIABLOKK v\u00e1laszfal blokkelem","breadcrumb":{"@id":"https:\/\/www.viastein.hu\/termek\/falazoelemek\/viablokk\/viablokk-d450-20\/#breadcrumb"},"inLanguage":"en-US","potentialAction":[{"@type":"ReadAction","target":["https:\/\/www.viastein.hu\/termek\/falazoelemek\/viablokk\/viablokk-d450-20\/"]}]},{"@type":"ImageObject","inLanguage":"en-US","@id":"https:\/\/www.viastein.hu\/termek\/falazoelemek\/viablokk\/viablokk-d450-20\/#primaryimage","url":"https:\/\/www.viastein.hu\/wp-content\/uploads\/2024\/08\/600x200x150.png","contentUrl":"https:\/\/www.viastein.hu\/wp-content\/uploads\/2024\/08\/600x200x150.png","width":655,"height":655},{"@type":"BreadcrumbList","@id":"https:\/\/www.viastein.hu\/termek\/falazoelemek\/viablokk\/viablokk-d450-20\/#breadcrumb","itemListElement":[{"@type":"ListItem","position":1,"name":"Kezd\u0151lap","item":"https:\/\/www.viastein.hu\/"},{"@type":"ListItem","position":2,"name":"Term\u00e9kek","item":"https:\/\/www.viastein.hu\/termekek-2\/"},{"@type":"ListItem","position":3,"name":"FALAZ\u00d3ELEMEK","item":"https:\/\/www.viastein.hu\/termek-kategoria\/falazoelemek\/"},{"@type":"ListItem","position":4,"name":"VIABLOKK","item":"https:\/\/www.viastein.hu\/termek-kategoria\/falazoelemek\/viablokk\/"},{"@type":"ListItem","position":5,"name":"VIABLOKK D450\/20"}]},{"@type":"WebSite","@id":"https:\/\/www.viastein.hu\/#website","url":"https:\/\/www.viastein.hu\/","name":"Viastein","description":"D\u00edszburkolatok, falaz\u00f3elemek, vasbeton elemek. Pr\u00e9mium min\u0151s\u00e9gben, hazai rakt\u00e1rb\u00f3l, r\u00f6vid sz\u00e1ll\u00edt\u00e1si hat\u00e1rid\u0151vel.","publisher":{"@id":"https:\/\/www.viastein.hu\/#organization"},"potentialAction":[{"@type":"SearchAction","target":{"@type":"EntryPoint","urlTemplate":"https:\/\/www.viastein.hu\/?s={search_term_string}"},"query-input":{"@type":"PropertyValueSpecification","valueRequired":true,"valueName":"search_term_string"}}],"inLanguage":"en-US"},{"@type":"Organization","@id":"https:\/\/www.viastein.hu\/#organization","name":"Viastein","url":"https:\/\/www.viastein.hu\/","logo":{"@type":"ImageObject","inLanguage":"en-US","@id":"https:\/\/www.viastein.hu\/#\/schema\/logo\/image\/","url":"https:\/\/www.viastein.hu\/wp-content\/uploads\/2024\/07\/viastein-color-logo-02-2.png","contentUrl":"https:\/\/www.viastein.hu\/wp-content\/uploads\/2024\/07\/viastein-color-logo-02-2.png","width":232,"height":58,"caption":"Viastein"},"image":{"@id":"https:\/\/www.viastein.hu\/#\/schema\/logo\/image\/"},"sameAs":["https:\/\/www.facebook.com\/viastein.hu\/","https:\/\/www.instagram.com\/viastein_hungary\/","https:\/\/www.youtube.com\/@viasteinkft8464","https:\/\/www.tiktok.com\/@viastein_hungary"]}]}},"_links":{"self":[{"href":"https:\/\/www.viastein.hu\/en\/wp-json\/wp\/v2\/product\/3424","targetHints":{"allow":["GET"]}}],"collection":[{"href":"https:\/\/www.viastein.hu\/en\/wp-json\/wp\/v2\/product"}],"about":[{"href":"https:\/\/www.viastein.hu\/en\/wp-json\/wp\/v2\/types\/product"}],"wp:featuredmedia":[{"embeddable":true,"href":"https:\/\/www.viastein.hu\/en\/wp-json\/wp\/v2\/media\/3430"}],"wp:attachment":[{"href":"https:\/\/www.viastein.hu\/en\/wp-json\/wp\/v2\/media?parent=3424"}],"wp:term":[{"taxonomy":"product_brand","embeddable":true,"href":"https:\/\/www.viastein.hu\/en\/wp-json\/wp\/v2\/product_brand?post=3424"},{"taxonomy":"product_cat","embeddable":true,"href":"https:\/\/www.viastein.hu\/en\/wp-json\/wp\/v2\/product_cat?post=3424"},{"taxonomy":"product_tag","embeddable":true,"href":"https:\/\/www.viastein.hu\/en\/wp-json\/wp\/v2\/product_tag?post=3424"}],"curies":[{"name":"wp","href":"https:\/\/api.w.org\/{rel}","templated":true}]}}