{"id":3395,"date":"2024-08-01T13:48:19","date_gmt":"2024-08-01T13:48:19","guid":{"rendered":"https:\/\/www.viastein.hu\/?post_type=product&#038;p=3395"},"modified":"2026-02-05T16:28:08","modified_gmt":"2026-02-05T14:28:08","slug":"viablokk-d400-45-gt","status":"publish","type":"product","link":"https:\/\/www.viastein.hu\/en\/termek\/falazoelemek\/viablokk\/viablokk-d400-45-gt\/","title":{"rendered":"VIABLOKK D400\/45 NF+GT"},"content":{"rendered":"","protected":false},"excerpt":{"rendered":"<h3 class=\"elementor-heading-title elementor-size-medium\" style=\"margin-top: 20px; margin-bottom: 20px;\">M\u0171szaki \/ logisztikai adatok<\/h3>\n<div class=\"\">\n<table>\n<tbody>\n<tr>\n<th>m\u00e9ret<\/th>\n<td>600 x 200 x 450 mm<\/td>\n<\/tr>\n<tr>\n<th>db \/ raklap<\/th>\n<td>30\/45,<br \/>\n10\/15<\/td>\n<\/tr>\n<tr>\n<th>kg \/ db<\/th>\n<td>30<\/td>\n<\/tr>\n<tr>\n<th>kg \/ raklap<\/th>\n<td>1100<\/td>\n<\/tr>\n<\/tbody>\n<\/table>\n<\/div>\n","protected":false},"featured_media":9988,"template":"","meta":{"_acf_changed":false},"product_brand":[],"product_cat":[177],"product_tag":[],"class_list":{"0":"post-3395","1":"product","2":"type-product","3":"status-publish","4":"has-post-thumbnail","6":"product_cat-viablokk","7":"pa_csap-horony-kialakitas-igen","8":"pa_markolat-kialakitas-igen","10":"first","11":"instock","12":"sold-individually","13":"taxable","14":"shipping-taxable","15":"purchasable","16":"product-type-simple"},"acf":[],"yoast_head":"<!-- This site is optimized with the Yoast SEO plugin v27.4 - https:\/\/yoast.com\/product\/yoast-seo-wordpress\/ -->\n<title>VIABLOKK D400\/45 NF+GT - Viastein<\/title>\n<meta name=\"robots\" content=\"index, follow, max-snippet:-1, max-image-preview:large, max-video-preview:-1\" \/>\n<link rel=\"canonical\" href=\"https:\/\/www.viastein.hu\/termek\/falazoelemek\/viablokk\/viablokk-d400-45-gt\/\" \/>\n<meta property=\"og:locale\" content=\"en_US\" \/>\n<meta property=\"og:type\" content=\"article\" \/>\n<meta property=\"og:title\" content=\"VIABLOKK D400\/45 NF+GT - Viastein\" \/>\n<meta property=\"og:description\" content=\"M\u0171szaki \/ logisztikai adatok     m\u00e9ret 600 x 200 x 450 mm   db \/ raklap 30\/45, 10\/15   kg \/ db 30   kg \/ raklap 1100\" \/>\n<meta property=\"og:url\" content=\"https:\/\/www.viastein.hu\/termek\/falazoelemek\/viablokk\/viablokk-d400-45-gt\/\" \/>\n<meta property=\"og:site_name\" content=\"Viastein\" \/>\n<meta property=\"article:publisher\" content=\"https:\/\/www.facebook.com\/viastein.hu\/\" \/>\n<meta property=\"article:modified_time\" content=\"2026-02-05T14:28:08+00:00\" \/>\n<meta property=\"og:image\" content=\"https:\/\/www.viastein.hu\/wp-content\/uploads\/2025\/09\/600x200x500_NF_GT_1.png\" \/>\n\t<meta property=\"og:image:width\" content=\"650\" \/>\n\t<meta property=\"og:image:height\" content=\"650\" \/>\n\t<meta property=\"og:image:type\" content=\"image\/png\" \/>\n<meta name=\"twitter:card\" content=\"summary_large_image\" \/>\n<meta name=\"twitter:label1\" content=\"Est. reading time\" \/>\n\t<meta name=\"twitter:data1\" content=\"1 minute\" \/>\n<script type=\"application\/ld+json\" class=\"yoast-schema-graph\">{\"@context\":\"https:\\\/\\\/schema.org\",\"@graph\":[{\"@type\":\"WebPage\",\"@id\":\"https:\\\/\\\/www.viastein.hu\\\/termek\\\/falazoelemek\\\/viablokk\\\/viablokk-d400-45-gt\\\/\",\"url\":\"https:\\\/\\\/www.viastein.hu\\\/termek\\\/falazoelemek\\\/viablokk\\\/viablokk-d400-45-gt\\\/\",\"name\":\"VIABLOKK D400\\\/45 NF+GT - Viastein\",\"isPartOf\":{\"@id\":\"https:\\\/\\\/www.viastein.hu\\\/#website\"},\"primaryImageOfPage\":{\"@id\":\"https:\\\/\\\/www.viastein.hu\\\/termek\\\/falazoelemek\\\/viablokk\\\/viablokk-d400-45-gt\\\/#primaryimage\"},\"image\":{\"@id\":\"https:\\\/\\\/www.viastein.hu\\\/termek\\\/falazoelemek\\\/viablokk\\\/viablokk-d400-45-gt\\\/#primaryimage\"},\"thumbnailUrl\":\"https:\\\/\\\/www.viastein.hu\\\/wp-content\\\/uploads\\\/2025\\\/09\\\/600x200x500_NF_GT_1.png\",\"datePublished\":\"2024-08-01T13:48:19+00:00\",\"dateModified\":\"2026-02-05T14:28:08+00:00\",\"breadcrumb\":{\"@id\":\"https:\\\/\\\/www.viastein.hu\\\/termek\\\/falazoelemek\\\/viablokk\\\/viablokk-d400-45-gt\\\/#breadcrumb\"},\"inLanguage\":\"en-US\",\"potentialAction\":[{\"@type\":\"ReadAction\",\"target\":[\"https:\\\/\\\/www.viastein.hu\\\/termek\\\/falazoelemek\\\/viablokk\\\/viablokk-d400-45-gt\\\/\"]}]},{\"@type\":\"ImageObject\",\"inLanguage\":\"en-US\",\"@id\":\"https:\\\/\\\/www.viastein.hu\\\/termek\\\/falazoelemek\\\/viablokk\\\/viablokk-d400-45-gt\\\/#primaryimage\",\"url\":\"https:\\\/\\\/www.viastein.hu\\\/wp-content\\\/uploads\\\/2025\\\/09\\\/600x200x500_NF_GT_1.png\",\"contentUrl\":\"https:\\\/\\\/www.viastein.hu\\\/wp-content\\\/uploads\\\/2025\\\/09\\\/600x200x500_NF_GT_1.png\",\"width\":650,\"height\":650},{\"@type\":\"BreadcrumbList\",\"@id\":\"https:\\\/\\\/www.viastein.hu\\\/termek\\\/falazoelemek\\\/viablokk\\\/viablokk-d400-45-gt\\\/#breadcrumb\",\"itemListElement\":[{\"@type\":\"ListItem\",\"position\":1,\"name\":\"Kezd\u0151lap\",\"item\":\"https:\\\/\\\/www.viastein.hu\\\/\"},{\"@type\":\"ListItem\",\"position\":2,\"name\":\"Term\u00e9kek\",\"item\":\"https:\\\/\\\/www.viastein.hu\\\/termekek-2\\\/\"},{\"@type\":\"ListItem\",\"position\":3,\"name\":\"FALAZ\u00d3ELEMEK\",\"item\":\"https:\\\/\\\/www.viastein.hu\\\/termek-kategoria\\\/falazoelemek\\\/\"},{\"@type\":\"ListItem\",\"position\":4,\"name\":\"VIABLOKK\",\"item\":\"https:\\\/\\\/www.viastein.hu\\\/termek-kategoria\\\/falazoelemek\\\/viablokk\\\/\"},{\"@type\":\"ListItem\",\"position\":5,\"name\":\"VIABLOKK D400\\\/45 NF+GT\"}]},{\"@type\":\"WebSite\",\"@id\":\"https:\\\/\\\/www.viastein.hu\\\/#website\",\"url\":\"https:\\\/\\\/www.viastein.hu\\\/\",\"name\":\"Viastein\",\"description\":\"D\u00edszburkolatok, falaz\u00f3elemek, vasbeton elemek. Pr\u00e9mium min\u0151s\u00e9gben, hazai rakt\u00e1rb\u00f3l, r\u00f6vid sz\u00e1ll\u00edt\u00e1si hat\u00e1rid\u0151vel.\",\"publisher\":{\"@id\":\"https:\\\/\\\/www.viastein.hu\\\/#organization\"},\"potentialAction\":[{\"@type\":\"SearchAction\",\"target\":{\"@type\":\"EntryPoint\",\"urlTemplate\":\"https:\\\/\\\/www.viastein.hu\\\/?s={search_term_string}\"},\"query-input\":{\"@type\":\"PropertyValueSpecification\",\"valueRequired\":true,\"valueName\":\"search_term_string\"}}],\"inLanguage\":\"en-US\"},{\"@type\":\"Organization\",\"@id\":\"https:\\\/\\\/www.viastein.hu\\\/#organization\",\"name\":\"Viastein\",\"url\":\"https:\\\/\\\/www.viastein.hu\\\/\",\"logo\":{\"@type\":\"ImageObject\",\"inLanguage\":\"en-US\",\"@id\":\"https:\\\/\\\/www.viastein.hu\\\/#\\\/schema\\\/logo\\\/image\\\/\",\"url\":\"https:\\\/\\\/www.viastein.hu\\\/wp-content\\\/uploads\\\/2024\\\/07\\\/viastein-color-logo-02-2.png\",\"contentUrl\":\"https:\\\/\\\/www.viastein.hu\\\/wp-content\\\/uploads\\\/2024\\\/07\\\/viastein-color-logo-02-2.png\",\"width\":232,\"height\":58,\"caption\":\"Viastein\"},\"image\":{\"@id\":\"https:\\\/\\\/www.viastein.hu\\\/#\\\/schema\\\/logo\\\/image\\\/\"},\"sameAs\":[\"https:\\\/\\\/www.facebook.com\\\/viastein.hu\\\/\",\"https:\\\/\\\/www.instagram.com\\\/viastein_hungary\\\/\",\"https:\\\/\\\/www.youtube.com\\\/@viasteinkft8464\",\"https:\\\/\\\/www.tiktok.com\\\/@viastein_hungary\"]}]}<\/script>\n<!-- \/ Yoast SEO plugin. -->","yoast_head_json":{"title":"VIABLOKK D400\/45 NF+GT - Viastein","robots":{"index":"index","follow":"follow","max-snippet":"max-snippet:-1","max-image-preview":"max-image-preview:large","max-video-preview":"max-video-preview:-1"},"canonical":"https:\/\/www.viastein.hu\/termek\/falazoelemek\/viablokk\/viablokk-d400-45-gt\/","og_locale":"en_US","og_type":"article","og_title":"VIABLOKK D400\/45 NF+GT - Viastein","og_description":"M\u0171szaki \/ logisztikai adatok     m\u00e9ret 600 x 200 x 450 mm   db \/ raklap 30\/45, 10\/15   kg \/ db 30   kg \/ raklap 1100","og_url":"https:\/\/www.viastein.hu\/termek\/falazoelemek\/viablokk\/viablokk-d400-45-gt\/","og_site_name":"Viastein","article_publisher":"https:\/\/www.facebook.com\/viastein.hu\/","article_modified_time":"2026-02-05T14:28:08+00:00","og_image":[{"width":650,"height":650,"url":"https:\/\/www.viastein.hu\/wp-content\/uploads\/2025\/09\/600x200x500_NF_GT_1.png","type":"image\/png"}],"twitter_card":"summary_large_image","twitter_misc":{"Est. reading time":"1 minute"},"schema":{"@context":"https:\/\/schema.org","@graph":[{"@type":"WebPage","@id":"https:\/\/www.viastein.hu\/termek\/falazoelemek\/viablokk\/viablokk-d400-45-gt\/","url":"https:\/\/www.viastein.hu\/termek\/falazoelemek\/viablokk\/viablokk-d400-45-gt\/","name":"VIABLOKK D400\/45 NF+GT - Viastein","isPartOf":{"@id":"https:\/\/www.viastein.hu\/#website"},"primaryImageOfPage":{"@id":"https:\/\/www.viastein.hu\/termek\/falazoelemek\/viablokk\/viablokk-d400-45-gt\/#primaryimage"},"image":{"@id":"https:\/\/www.viastein.hu\/termek\/falazoelemek\/viablokk\/viablokk-d400-45-gt\/#primaryimage"},"thumbnailUrl":"https:\/\/www.viastein.hu\/wp-content\/uploads\/2025\/09\/600x200x500_NF_GT_1.png","datePublished":"2024-08-01T13:48:19+00:00","dateModified":"2026-02-05T14:28:08+00:00","breadcrumb":{"@id":"https:\/\/www.viastein.hu\/termek\/falazoelemek\/viablokk\/viablokk-d400-45-gt\/#breadcrumb"},"inLanguage":"en-US","potentialAction":[{"@type":"ReadAction","target":["https:\/\/www.viastein.hu\/termek\/falazoelemek\/viablokk\/viablokk-d400-45-gt\/"]}]},{"@type":"ImageObject","inLanguage":"en-US","@id":"https:\/\/www.viastein.hu\/termek\/falazoelemek\/viablokk\/viablokk-d400-45-gt\/#primaryimage","url":"https:\/\/www.viastein.hu\/wp-content\/uploads\/2025\/09\/600x200x500_NF_GT_1.png","contentUrl":"https:\/\/www.viastein.hu\/wp-content\/uploads\/2025\/09\/600x200x500_NF_GT_1.png","width":650,"height":650},{"@type":"BreadcrumbList","@id":"https:\/\/www.viastein.hu\/termek\/falazoelemek\/viablokk\/viablokk-d400-45-gt\/#breadcrumb","itemListElement":[{"@type":"ListItem","position":1,"name":"Kezd\u0151lap","item":"https:\/\/www.viastein.hu\/"},{"@type":"ListItem","position":2,"name":"Term\u00e9kek","item":"https:\/\/www.viastein.hu\/termekek-2\/"},{"@type":"ListItem","position":3,"name":"FALAZ\u00d3ELEMEK","item":"https:\/\/www.viastein.hu\/termek-kategoria\/falazoelemek\/"},{"@type":"ListItem","position":4,"name":"VIABLOKK","item":"https:\/\/www.viastein.hu\/termek-kategoria\/falazoelemek\/viablokk\/"},{"@type":"ListItem","position":5,"name":"VIABLOKK D400\/45 NF+GT"}]},{"@type":"WebSite","@id":"https:\/\/www.viastein.hu\/#website","url":"https:\/\/www.viastein.hu\/","name":"Viastein","description":"D\u00edszburkolatok, falaz\u00f3elemek, vasbeton elemek. Pr\u00e9mium min\u0151s\u00e9gben, hazai rakt\u00e1rb\u00f3l, r\u00f6vid sz\u00e1ll\u00edt\u00e1si hat\u00e1rid\u0151vel.","publisher":{"@id":"https:\/\/www.viastein.hu\/#organization"},"potentialAction":[{"@type":"SearchAction","target":{"@type":"EntryPoint","urlTemplate":"https:\/\/www.viastein.hu\/?s={search_term_string}"},"query-input":{"@type":"PropertyValueSpecification","valueRequired":true,"valueName":"search_term_string"}}],"inLanguage":"en-US"},{"@type":"Organization","@id":"https:\/\/www.viastein.hu\/#organization","name":"Viastein","url":"https:\/\/www.viastein.hu\/","logo":{"@type":"ImageObject","inLanguage":"en-US","@id":"https:\/\/www.viastein.hu\/#\/schema\/logo\/image\/","url":"https:\/\/www.viastein.hu\/wp-content\/uploads\/2024\/07\/viastein-color-logo-02-2.png","contentUrl":"https:\/\/www.viastein.hu\/wp-content\/uploads\/2024\/07\/viastein-color-logo-02-2.png","width":232,"height":58,"caption":"Viastein"},"image":{"@id":"https:\/\/www.viastein.hu\/#\/schema\/logo\/image\/"},"sameAs":["https:\/\/www.facebook.com\/viastein.hu\/","https:\/\/www.instagram.com\/viastein_hungary\/","https:\/\/www.youtube.com\/@viasteinkft8464","https:\/\/www.tiktok.com\/@viastein_hungary"]}]}},"_links":{"self":[{"href":"https:\/\/www.viastein.hu\/en\/wp-json\/wp\/v2\/product\/3395","targetHints":{"allow":["GET"]}}],"collection":[{"href":"https:\/\/www.viastein.hu\/en\/wp-json\/wp\/v2\/product"}],"about":[{"href":"https:\/\/www.viastein.hu\/en\/wp-json\/wp\/v2\/types\/product"}],"wp:featuredmedia":[{"embeddable":true,"href":"https:\/\/www.viastein.hu\/en\/wp-json\/wp\/v2\/media\/9988"}],"wp:attachment":[{"href":"https:\/\/www.viastein.hu\/en\/wp-json\/wp\/v2\/media?parent=3395"}],"wp:term":[{"taxonomy":"product_brand","embeddable":true,"href":"https:\/\/www.viastein.hu\/en\/wp-json\/wp\/v2\/product_brand?post=3395"},{"taxonomy":"product_cat","embeddable":true,"href":"https:\/\/www.viastein.hu\/en\/wp-json\/wp\/v2\/product_cat?post=3395"},{"taxonomy":"product_tag","embeddable":true,"href":"https:\/\/www.viastein.hu\/en\/wp-json\/wp\/v2\/product_tag?post=3395"}],"curies":[{"name":"wp","href":"https:\/\/api.w.org\/{rel}","templated":true}]}}