{"id":3338,"date":"2024-08-01T13:47:05","date_gmt":"2024-08-01T13:47:05","guid":{"rendered":"https:\/\/www.viastein.hu\/?post_type=product&#038;p=3338"},"modified":"2026-03-17T14:16:52","modified_gmt":"2026-03-17T12:16:52","slug":"skala","status":"publish","type":"product","link":"https:\/\/www.viastein.hu\/en\/termek\/diszburkolatok\/terkovek-terkorendszerek-lapok\/skala\/","title":{"rendered":"Sk\u00e1la"},"content":{"rendered":"<p>A SK\u00c1LA k\u00f6v\u00fcnk h\u00e1rom \u00e1rnyalt sz\u00edn\u00e9vel a legjobban illeszkedik a VIASTEIN kollekci\u00f3 t\u00f6bbi elem\u00e9hez. Praktikus megold\u00e1s olyan m\u00e9rs\u00e9kelt teherb\u00edr\u00e1s\u00fa fel\u00fcletek kialak\u00edt\u00e1s\u00e1hoz, mint j\u00e1rda, terasz, ker\u00e9kp\u00e1r\u00fat. Egyenes, \u00e9llet\u00f6r\u00e9s n\u00e9lk\u00fcli \u00e9lei z\u00f6kken\u0151mentes burkolat kialak\u00edt\u00e1s\u00e1t teszik lehet\u0151v\u00e9. A 4 f\u00e9le m\u00e9retb\u0151l \u00e1ll\u00f3 sorok k\u00f6nnyen, gyorsan rakhat\u00f3k, m\u00e9ret kombin\u00e1ci\u00f3i be\u00e9p\u00edtve eleg\u00e1ns, egyenletes text\u00far\u00e1t k\u00f6lcs\u00f6n\u00f6znek b\u00e1rmilyen m\u00e9ret\u0171 fel\u00fcletnek.<\/p>\n","protected":false},"excerpt":{"rendered":"<p><strong>SZ\u00cdNEK<\/strong><\/p>\n<div class=\"row\" style=\"content: ''; display: flex; clear: both;\">\n<div class=\"column, column011\" style=\"float: left; ; padding: 10px;\">\n<p><img decoding=\"async\" class=\"attachment-full size-full\" src=\"https:\/\/www.viastein.hu\/wp-content\/uploads\/2024\/08\/antracit-feher-2.jpg\" alt=\"\" \/><br \/>\n<strong style=\"font-size: 14px;\">antracit-feh\u00e9r \u00e1rnyalt<\/strong><\/p>\n<\/div>\n<div class=\"column, column011\" style=\"float: left; padding: 10px;\">\n<p><img decoding=\"async\" class=\"attachment-full size-full\" src=\"https:\/\/www.viastein.hu\/wp-content\/uploads\/2024\/08\/kagylohej-2.jpg\" alt=\"\" \/><br \/>\n<strong style=\"font-size: 14px;\">kagyl\u00f3h\u00e9j \u00e1rnyalt<\/strong><\/p>\n<\/div>\n<div class=\"column, column011\" style=\"float: left; padding: 10px;\">\n<p><img decoding=\"async\" class=\"attachment-full size-full\" src=\"https:\/\/www.viastein.hu\/wp-content\/uploads\/2024\/08\/mokka-3.jpg\" alt=\"\" \/><br \/>\n<strong style=\"font-size: 14px;\">mokka \u00e1rnyalt<\/strong><img decoding=\"async\" class=\"attachment-full size-full\" src=\"https:\/\/www.viastein.hu\/wp-content\/uploads\/2024\/08\/Skala-raklap-rajz.jpg \" alt=\"\" \/><\/p>\n<\/div>\n<\/div>\n<hr style=\"border: solid 1px;\" \/>\n<div class=\"divwarp1\" style=\"height: 110px;\">\n<div class=\"row row011\" style=\"content: ''; display: flex; clear: both;\">\n<div class=\"IconColumn IconColumn1\" style=\"float: left; width: 50%; padding: 10px;\">\n<h4 style=\"font-size: 13px;\">TEHERB\u00cdR\u00c1S<\/h4>\n<div class=\"column01\" style=\"float: left; width: 33.33%; padding: 10px; display: flex;\"><img decoding=\"async\" style=\"padding-right: 15px;\" src=\"https:\/\/www.viastein.hu\/wp-content\/uploads\/2024\/08\/human.jpg\" alt=\"\" \/><br \/>\n<img decoding=\"async\" style=\"padding-right: 15px;\" src=\"https:\/\/www.viastein.hu\/wp-content\/uploads\/2024\/08\/terrace.jpg\" alt=\"\" \/><br \/>\n<img decoding=\"async\" style=\"padding-right: 15px;\" src=\"https:\/\/www.viastein.hu\/wp-content\/uploads\/2024\/08\/small-car.jpg\" alt=\"\" \/><\/div>\n<\/div>\n<div class=\"IconColumn IconColumn2\" style=\"float: left; width: 50%; padding: 10px;\">\n<h4 style=\"font-size: 13px;\">K\u00d6T\u00c9SBEN-RAKHAT\u00d3-T\u00c9RK\u0150RENDSZER<\/h4>\n<div class=\"column01\" style=\"float: left; width: 33.33%; padding: 10px; display: flex;\"><img decoding=\"async\" style=\"padding-right: 15px; cursor: pointer;\" title=\"Clean and Color Protect\" src=\"https:\/\/www.viastein.hu\/wp-content\/uploads\/2024\/08\/Color-Clean-Protect.jpg\" alt=\"\" \/><\/div>\n<\/div>\n<\/div>\n<\/div>\n<hr style=\"border: solid 1px;\" \/>\n<div class=\"divwarp1\">\n<div class=\"row row011\" style=\"content: ''; display: flex; clear: both;\">\n<div class=\"IconColumn\" style=\"float: left; width: 50%; padding: 10px;\">\n<h4 style=\"font-size: 13px;\"><\/h4>\n<div class=\"column01\" style=\"float: left; width: 33.33%; padding: 10px; display: flex; cursor: pointer;\" title=\"Color Protect\"><img decoding=\"async\" style=\"padding-right: 15px;\" src=\"https:\/\/www.viastein.hu\/wp-content\/uploads\/2024\/08\/.jpg\" alt=\"\" \/><\/div>\n<\/div>\n<\/div>\n<\/div>\n","protected":false},"featured_media":3412,"template":"","meta":{"_acf_changed":false},"product_brand":[],"product_cat":[191,56],"product_tag":[59,60,80,63,309],"class_list":{"0":"post-3338","1":"product","2":"type-product","3":"status-publish","4":"has-post-thumbnail","6":"product_cat-sima-finomszemcses-feluletu-terkovek","7":"product_cat-terkovek-terkorendszerek-lapok","8":"product_tag-clean-and-color-protect","9":"product_tag-gyalogos","10":"product_tag-szemelygepjarmu","11":"product_tag-terasz","12":"product_tag-via26","14":"first","15":"instock","16":"sold-individually","17":"taxable","18":"shipping-taxable","19":"purchasable","20":"product-type-variable"},"acf":[],"yoast_head":"<!-- This site is optimized with the Yoast SEO plugin v27.4 - https:\/\/yoast.com\/product\/yoast-seo-wordpress\/ -->\n<title>VIASTEIN Sk\u00e1la - Pr\u00e9mium t\u00e9rk\u0151<\/title>\n<meta name=\"description\" content=\"A SK\u00c1LA k\u00f6v\u00fcnk h\u00e1rom \u00e1rnyalt sz\u00edn\u00e9vel a legjobban illeszkedik a VIASTEIN kollekci\u00f3 t\u00f6bbi elem\u00e9hez.\" \/>\n<meta name=\"robots\" content=\"index, follow, max-snippet:-1, max-image-preview:large, max-video-preview:-1\" \/>\n<link rel=\"canonical\" href=\"https:\/\/www.viastein.hu\/termek\/diszburkolatok\/terkovek-terkorendszerek-lapok\/skala\/\" \/>\n<meta property=\"og:locale\" content=\"en_US\" \/>\n<meta property=\"og:type\" content=\"article\" \/>\n<meta property=\"og:title\" content=\"VIASTEIN Sk\u00e1la - Pr\u00e9mium t\u00e9rk\u0151\" \/>\n<meta property=\"og:description\" content=\"A SK\u00c1LA k\u00f6v\u00fcnk h\u00e1rom \u00e1rnyalt sz\u00edn\u00e9vel a legjobban illeszkedik a VIASTEIN kollekci\u00f3 t\u00f6bbi elem\u00e9hez.\" \/>\n<meta property=\"og:url\" content=\"https:\/\/www.viastein.hu\/termek\/diszburkolatok\/terkovek-terkorendszerek-lapok\/skala\/\" \/>\n<meta property=\"og:site_name\" content=\"Viastein\" \/>\n<meta property=\"article:publisher\" content=\"https:\/\/www.facebook.com\/viastein.hu\/\" \/>\n<meta property=\"article:modified_time\" content=\"2026-03-17T12:16:52+00:00\" \/>\n<meta property=\"og:image\" content=\"https:\/\/www.viastein.hu\/wp-content\/uploads\/2024\/08\/Skala-nyitokep-kagylohej.jpg\" \/>\n\t<meta property=\"og:image:width\" content=\"1600\" \/>\n\t<meta property=\"og:image:height\" content=\"1067\" \/>\n\t<meta property=\"og:image:type\" content=\"image\/jpeg\" \/>\n<meta name=\"twitter:card\" content=\"summary_large_image\" \/>\n<meta name=\"twitter:label1\" content=\"Est. reading time\" \/>\n\t<meta name=\"twitter:data1\" content=\"1 minute\" \/>\n<script type=\"application\/ld+json\" class=\"yoast-schema-graph\">{\"@context\":\"https:\\\/\\\/schema.org\",\"@graph\":[{\"@type\":\"WebPage\",\"@id\":\"https:\\\/\\\/www.viastein.hu\\\/termek\\\/diszburkolatok\\\/terkovek-terkorendszerek-lapok\\\/skala\\\/\",\"url\":\"https:\\\/\\\/www.viastein.hu\\\/termek\\\/diszburkolatok\\\/terkovek-terkorendszerek-lapok\\\/skala\\\/\",\"name\":\"VIASTEIN Sk\u00e1la - Pr\u00e9mium t\u00e9rk\u0151\",\"isPartOf\":{\"@id\":\"https:\\\/\\\/www.viastein.hu\\\/#website\"},\"primaryImageOfPage\":{\"@id\":\"https:\\\/\\\/www.viastein.hu\\\/termek\\\/diszburkolatok\\\/terkovek-terkorendszerek-lapok\\\/skala\\\/#primaryimage\"},\"image\":{\"@id\":\"https:\\\/\\\/www.viastein.hu\\\/termek\\\/diszburkolatok\\\/terkovek-terkorendszerek-lapok\\\/skala\\\/#primaryimage\"},\"thumbnailUrl\":\"https:\\\/\\\/www.viastein.hu\\\/wp-content\\\/uploads\\\/2024\\\/08\\\/Skala-nyitokep-kagylohej.jpg\",\"datePublished\":\"2024-08-01T13:47:05+00:00\",\"dateModified\":\"2026-03-17T12:16:52+00:00\",\"description\":\"A SK\u00c1LA k\u00f6v\u00fcnk h\u00e1rom \u00e1rnyalt sz\u00edn\u00e9vel a legjobban illeszkedik a VIASTEIN kollekci\u00f3 t\u00f6bbi elem\u00e9hez.\",\"breadcrumb\":{\"@id\":\"https:\\\/\\\/www.viastein.hu\\\/termek\\\/diszburkolatok\\\/terkovek-terkorendszerek-lapok\\\/skala\\\/#breadcrumb\"},\"inLanguage\":\"en-US\",\"potentialAction\":[{\"@type\":\"ReadAction\",\"target\":[\"https:\\\/\\\/www.viastein.hu\\\/termek\\\/diszburkolatok\\\/terkovek-terkorendszerek-lapok\\\/skala\\\/\"]}]},{\"@type\":\"ImageObject\",\"inLanguage\":\"en-US\",\"@id\":\"https:\\\/\\\/www.viastein.hu\\\/termek\\\/diszburkolatok\\\/terkovek-terkorendszerek-lapok\\\/skala\\\/#primaryimage\",\"url\":\"https:\\\/\\\/www.viastein.hu\\\/wp-content\\\/uploads\\\/2024\\\/08\\\/Skala-nyitokep-kagylohej.jpg\",\"contentUrl\":\"https:\\\/\\\/www.viastein.hu\\\/wp-content\\\/uploads\\\/2024\\\/08\\\/Skala-nyitokep-kagylohej.jpg\",\"width\":1600,\"height\":1067},{\"@type\":\"BreadcrumbList\",\"@id\":\"https:\\\/\\\/www.viastein.hu\\\/termek\\\/diszburkolatok\\\/terkovek-terkorendszerek-lapok\\\/skala\\\/#breadcrumb\",\"itemListElement\":[{\"@type\":\"ListItem\",\"position\":1,\"name\":\"Kezd\u0151lap\",\"item\":\"https:\\\/\\\/www.viastein.hu\\\/\"},{\"@type\":\"ListItem\",\"position\":2,\"name\":\"Term\u00e9kek\",\"item\":\"https:\\\/\\\/www.viastein.hu\\\/termekek-2\\\/\"},{\"@type\":\"ListItem\",\"position\":3,\"name\":\"D\u00cdSZBURKOLATOK\",\"item\":\"https:\\\/\\\/www.viastein.hu\\\/termek-kategoria\\\/diszburkolatok\\\/\"},{\"@type\":\"ListItem\",\"position\":4,\"name\":\"T\u00e9rk\u00f6vek, t\u00e9rk\u0151rendszerek \u00e9s lapok\",\"item\":\"https:\\\/\\\/www.viastein.hu\\\/termek-kategoria\\\/diszburkolatok\\\/terkovek-terkorendszerek-lapok\\\/\"},{\"@type\":\"ListItem\",\"position\":5,\"name\":\"Sk\u00e1la\"}]},{\"@type\":\"WebSite\",\"@id\":\"https:\\\/\\\/www.viastein.hu\\\/#website\",\"url\":\"https:\\\/\\\/www.viastein.hu\\\/\",\"name\":\"Viastein\",\"description\":\"D\u00edszburkolatok, falaz\u00f3elemek, vasbeton elemek. Pr\u00e9mium min\u0151s\u00e9gben, hazai rakt\u00e1rb\u00f3l, r\u00f6vid sz\u00e1ll\u00edt\u00e1si hat\u00e1rid\u0151vel.\",\"publisher\":{\"@id\":\"https:\\\/\\\/www.viastein.hu\\\/#organization\"},\"potentialAction\":[{\"@type\":\"SearchAction\",\"target\":{\"@type\":\"EntryPoint\",\"urlTemplate\":\"https:\\\/\\\/www.viastein.hu\\\/?s={search_term_string}\"},\"query-input\":{\"@type\":\"PropertyValueSpecification\",\"valueRequired\":true,\"valueName\":\"search_term_string\"}}],\"inLanguage\":\"en-US\"},{\"@type\":\"Organization\",\"@id\":\"https:\\\/\\\/www.viastein.hu\\\/#organization\",\"name\":\"Viastein\",\"url\":\"https:\\\/\\\/www.viastein.hu\\\/\",\"logo\":{\"@type\":\"ImageObject\",\"inLanguage\":\"en-US\",\"@id\":\"https:\\\/\\\/www.viastein.hu\\\/#\\\/schema\\\/logo\\\/image\\\/\",\"url\":\"https:\\\/\\\/www.viastein.hu\\\/wp-content\\\/uploads\\\/2024\\\/07\\\/viastein-color-logo-02-2.png\",\"contentUrl\":\"https:\\\/\\\/www.viastein.hu\\\/wp-content\\\/uploads\\\/2024\\\/07\\\/viastein-color-logo-02-2.png\",\"width\":232,\"height\":58,\"caption\":\"Viastein\"},\"image\":{\"@id\":\"https:\\\/\\\/www.viastein.hu\\\/#\\\/schema\\\/logo\\\/image\\\/\"},\"sameAs\":[\"https:\\\/\\\/www.facebook.com\\\/viastein.hu\\\/\",\"https:\\\/\\\/www.instagram.com\\\/viastein_hungary\\\/\",\"https:\\\/\\\/www.youtube.com\\\/@viasteinkft8464\",\"https:\\\/\\\/www.tiktok.com\\\/@viastein_hungary\"]}]}<\/script>\n<!-- \/ Yoast SEO plugin. -->","yoast_head_json":{"title":"VIASTEIN Sk\u00e1la - Pr\u00e9mium t\u00e9rk\u0151","description":"A SK\u00c1LA k\u00f6v\u00fcnk h\u00e1rom \u00e1rnyalt sz\u00edn\u00e9vel a legjobban illeszkedik a VIASTEIN kollekci\u00f3 t\u00f6bbi elem\u00e9hez.","robots":{"index":"index","follow":"follow","max-snippet":"max-snippet:-1","max-image-preview":"max-image-preview:large","max-video-preview":"max-video-preview:-1"},"canonical":"https:\/\/www.viastein.hu\/termek\/diszburkolatok\/terkovek-terkorendszerek-lapok\/skala\/","og_locale":"en_US","og_type":"article","og_title":"VIASTEIN Sk\u00e1la - Pr\u00e9mium t\u00e9rk\u0151","og_description":"A SK\u00c1LA k\u00f6v\u00fcnk h\u00e1rom \u00e1rnyalt sz\u00edn\u00e9vel a legjobban illeszkedik a VIASTEIN kollekci\u00f3 t\u00f6bbi elem\u00e9hez.","og_url":"https:\/\/www.viastein.hu\/termek\/diszburkolatok\/terkovek-terkorendszerek-lapok\/skala\/","og_site_name":"Viastein","article_publisher":"https:\/\/www.facebook.com\/viastein.hu\/","article_modified_time":"2026-03-17T12:16:52+00:00","og_image":[{"width":1600,"height":1067,"url":"https:\/\/www.viastein.hu\/wp-content\/uploads\/2024\/08\/Skala-nyitokep-kagylohej.jpg","type":"image\/jpeg"}],"twitter_card":"summary_large_image","twitter_misc":{"Est. reading time":"1 minute"},"schema":{"@context":"https:\/\/schema.org","@graph":[{"@type":"WebPage","@id":"https:\/\/www.viastein.hu\/termek\/diszburkolatok\/terkovek-terkorendszerek-lapok\/skala\/","url":"https:\/\/www.viastein.hu\/termek\/diszburkolatok\/terkovek-terkorendszerek-lapok\/skala\/","name":"VIASTEIN Sk\u00e1la - Pr\u00e9mium t\u00e9rk\u0151","isPartOf":{"@id":"https:\/\/www.viastein.hu\/#website"},"primaryImageOfPage":{"@id":"https:\/\/www.viastein.hu\/termek\/diszburkolatok\/terkovek-terkorendszerek-lapok\/skala\/#primaryimage"},"image":{"@id":"https:\/\/www.viastein.hu\/termek\/diszburkolatok\/terkovek-terkorendszerek-lapok\/skala\/#primaryimage"},"thumbnailUrl":"https:\/\/www.viastein.hu\/wp-content\/uploads\/2024\/08\/Skala-nyitokep-kagylohej.jpg","datePublished":"2024-08-01T13:47:05+00:00","dateModified":"2026-03-17T12:16:52+00:00","description":"A SK\u00c1LA k\u00f6v\u00fcnk h\u00e1rom \u00e1rnyalt sz\u00edn\u00e9vel a legjobban illeszkedik a VIASTEIN kollekci\u00f3 t\u00f6bbi elem\u00e9hez.","breadcrumb":{"@id":"https:\/\/www.viastein.hu\/termek\/diszburkolatok\/terkovek-terkorendszerek-lapok\/skala\/#breadcrumb"},"inLanguage":"en-US","potentialAction":[{"@type":"ReadAction","target":["https:\/\/www.viastein.hu\/termek\/diszburkolatok\/terkovek-terkorendszerek-lapok\/skala\/"]}]},{"@type":"ImageObject","inLanguage":"en-US","@id":"https:\/\/www.viastein.hu\/termek\/diszburkolatok\/terkovek-terkorendszerek-lapok\/skala\/#primaryimage","url":"https:\/\/www.viastein.hu\/wp-content\/uploads\/2024\/08\/Skala-nyitokep-kagylohej.jpg","contentUrl":"https:\/\/www.viastein.hu\/wp-content\/uploads\/2024\/08\/Skala-nyitokep-kagylohej.jpg","width":1600,"height":1067},{"@type":"BreadcrumbList","@id":"https:\/\/www.viastein.hu\/termek\/diszburkolatok\/terkovek-terkorendszerek-lapok\/skala\/#breadcrumb","itemListElement":[{"@type":"ListItem","position":1,"name":"Kezd\u0151lap","item":"https:\/\/www.viastein.hu\/"},{"@type":"ListItem","position":2,"name":"Term\u00e9kek","item":"https:\/\/www.viastein.hu\/termekek-2\/"},{"@type":"ListItem","position":3,"name":"D\u00cdSZBURKOLATOK","item":"https:\/\/www.viastein.hu\/termek-kategoria\/diszburkolatok\/"},{"@type":"ListItem","position":4,"name":"T\u00e9rk\u00f6vek, t\u00e9rk\u0151rendszerek \u00e9s lapok","item":"https:\/\/www.viastein.hu\/termek-kategoria\/diszburkolatok\/terkovek-terkorendszerek-lapok\/"},{"@type":"ListItem","position":5,"name":"Sk\u00e1la"}]},{"@type":"WebSite","@id":"https:\/\/www.viastein.hu\/#website","url":"https:\/\/www.viastein.hu\/","name":"Viastein","description":"D\u00edszburkolatok, falaz\u00f3elemek, vasbeton elemek. Pr\u00e9mium min\u0151s\u00e9gben, hazai rakt\u00e1rb\u00f3l, r\u00f6vid sz\u00e1ll\u00edt\u00e1si hat\u00e1rid\u0151vel.","publisher":{"@id":"https:\/\/www.viastein.hu\/#organization"},"potentialAction":[{"@type":"SearchAction","target":{"@type":"EntryPoint","urlTemplate":"https:\/\/www.viastein.hu\/?s={search_term_string}"},"query-input":{"@type":"PropertyValueSpecification","valueRequired":true,"valueName":"search_term_string"}}],"inLanguage":"en-US"},{"@type":"Organization","@id":"https:\/\/www.viastein.hu\/#organization","name":"Viastein","url":"https:\/\/www.viastein.hu\/","logo":{"@type":"ImageObject","inLanguage":"en-US","@id":"https:\/\/www.viastein.hu\/#\/schema\/logo\/image\/","url":"https:\/\/www.viastein.hu\/wp-content\/uploads\/2024\/07\/viastein-color-logo-02-2.png","contentUrl":"https:\/\/www.viastein.hu\/wp-content\/uploads\/2024\/07\/viastein-color-logo-02-2.png","width":232,"height":58,"caption":"Viastein"},"image":{"@id":"https:\/\/www.viastein.hu\/#\/schema\/logo\/image\/"},"sameAs":["https:\/\/www.facebook.com\/viastein.hu\/","https:\/\/www.instagram.com\/viastein_hungary\/","https:\/\/www.youtube.com\/@viasteinkft8464","https:\/\/www.tiktok.com\/@viastein_hungary"]}]}},"_links":{"self":[{"href":"https:\/\/www.viastein.hu\/en\/wp-json\/wp\/v2\/product\/3338","targetHints":{"allow":["GET"]}}],"collection":[{"href":"https:\/\/www.viastein.hu\/en\/wp-json\/wp\/v2\/product"}],"about":[{"href":"https:\/\/www.viastein.hu\/en\/wp-json\/wp\/v2\/types\/product"}],"wp:featuredmedia":[{"embeddable":true,"href":"https:\/\/www.viastein.hu\/en\/wp-json\/wp\/v2\/media\/3412"}],"wp:attachment":[{"href":"https:\/\/www.viastein.hu\/en\/wp-json\/wp\/v2\/media?parent=3338"}],"wp:term":[{"taxonomy":"product_brand","embeddable":true,"href":"https:\/\/www.viastein.hu\/en\/wp-json\/wp\/v2\/product_brand?post=3338"},{"taxonomy":"product_cat","embeddable":true,"href":"https:\/\/www.viastein.hu\/en\/wp-json\/wp\/v2\/product_cat?post=3338"},{"taxonomy":"product_tag","embeddable":true,"href":"https:\/\/www.viastein.hu\/en\/wp-json\/wp\/v2\/product_tag?post=3338"}],"curies":[{"name":"wp","href":"https:\/\/api.w.org\/{rel}","templated":true}]}}