{"id":3311,"date":"2024-08-01T13:46:39","date_gmt":"2024-08-01T13:46:39","guid":{"rendered":"https:\/\/www.viastein.hu\/?post_type=product&#038;p=3311"},"modified":"2026-03-17T12:20:29","modified_gmt":"2026-03-17T10:20:29","slug":"old-stone","status":"publish","type":"product","link":"https:\/\/www.viastein.hu\/en\/termek\/diszburkolatok\/terkovek-terkorendszerek-lapok\/old-stone\/","title":{"rendered":"Old Stone"},"content":{"rendered":"<p>A j\u00f3 \u00f6reg k\u0151, amelyik minden \u00e9letform\u00e1ban megjelenik nem m\u00e1s, mint az OLD STONE. A XX. sz\u00e1zad eleji utakat id\u00e9z\u0151 formavil\u00e1ga t\u00f6k\u00e9letesen ut\u00e1nozza a \u201emacskak\u00f6vek\u201d hangulat\u00e1t, a hossz\u00fa s\u00e9t\u00e1k kellemes \u00e9s friss\u00edt\u0151 pillanatait. V\u00e1ltoz\u00f3 m\u00e9ret\u0171 k\u00f6vek, \u00edvelt sarok \u00e9s egyenetlen fel\u00fclete t\u00f6k\u00e9letesen ut\u00e1nozza a k\u00e9zi megmunk\u00e1l\u00e1ssal k\u00e9sz\u00fclt utcak\u00f6veket. A D\u00edszburkolatot a Clean &amp; Color Protect (CP+) fel\u00fcletv\u00e9d\u0151 anyag biztos\u00edtja. 7 cm vastag ez\u00e9rt szem\u00e9ly \u00e9s kisebb teherg\u00e9pkocsik forgalm\u00e1t is elviseli.<\/p>\n","protected":false},"excerpt":{"rendered":"<p><strong>SZ\u00cdNEK<\/strong><\/p>\n<div class=\"row\" style=\"display: flex; clear: both;\">\n<div class=\"wrpdiv\">\n<div class=\"column, column011\" style=\"float: left; ;padding: 10px;\">\n<p><img decoding=\"async\" class=\"attachment-full size-full\" src=\"https:\/\/www.viastein.hu\/wp-content\/uploads\/2024\/08\/antracit-4.jpg\" alt=\"\" \/><br \/>\n<strong style=\"font-size: 14px;\">antracit<\/strong><\/p>\n<\/div>\n<div class=\"column, column011\" style=\"float: left; ;padding: 10px;\">\n<p><img decoding=\"async\" class=\"attachment-full size-full\" src=\"https:\/\/www.viastein.hu\/wp-content\/uploads\/2024\/08\/antracit-feher-2.jpg\" \/><br \/>\n<strong style=\"font-size: 14px;\">antracit\/feh\u00e9r \u00e1rnyalt<\/strong><\/p>\n<\/div>\n<div class=\"column, column011\" style=\"float: left; ;padding: 10px;\">\n<p><img decoding=\"async\" class=\"attachment-full size-full\" src=\"https:\/\/www.viastein.hu\/wp-content\/uploads\/2024\/08\/kagylohej-10.jpg\" alt=\"\" \/><br \/>\n<strong style=\"font-size: 14px;\">kagyl\u00f3h\u00e9j \u00e1rnyalt<\/strong><\/p>\n<\/div>\n<\/div>\n<\/div>\n<hr style=\"border: solid 1px;\" \/>\n<div class=\"divwarp1\">\n<div class=\"row row011\" style=\"display: flex; clear: both;\">\n<div class=\"IconColumn\" style=\"float: left; width: 50%; padding: 10px;\">\n<h4 style=\"font-size: 13px;\">TEHERB\u00cdR\u00c1S<\/h4>\n<div class=\"column01\" style=\"float: left; width: 33.33%; padding: 10px; display: flex;\"><img decoding=\"async\" style=\"padding-right: 15px;\" src=\"https:\/\/www.viastein.hu\/wp-content\/uploads\/2024\/08\/human.jpg\" alt=\"\" \/><br \/>\n<img decoding=\"async\" style=\"padding-right: 15px;\" src=\"https:\/\/www.viastein.hu\/wp-content\/uploads\/2024\/08\/terrace.jpg\" alt=\"\" \/><br \/>\n<img decoding=\"async\" style=\"padding-right: 15px;\" src=\"https:\/\/www.viastein.hu\/wp-content\/uploads\/2024\/08\/small-car.jpg\" alt=\"\" \/><\/div>\n<\/div>\n<div class=\"IconColumn IconColumn2\" style=\"float: left; width: 50%; padding: 10px;\">\n<h4 style=\"font-size: 13px;\">K\u00d6T\u00c9SBEN-RAKHAT\u00d3-T\u00c9RK\u0150RENDSZER<\/h4>\n<div class=\"column01\" style=\"float: left; width: 33.33%; padding: 10px; display: flex;\"><img decoding=\"async\" style=\"padding-right: 15px; cursor: pointer;\" title=\"Clean and Color Protect\" src=\"https:\/\/www.viastein.hu\/wp-content\/uploads\/2024\/08\/Color-Clean-Protect.jpg\" alt=\"\" \/><\/div>\n<\/div>\n<\/div>\n<\/div>\n","protected":false},"featured_media":3369,"template":"","meta":{"_acf_changed":false},"product_brand":[],"product_cat":[193,56],"product_tag":[59,60,105,80,63,309],"class_list":{"0":"post-3311","1":"product","2":"type-product","3":"status-publish","4":"has-post-thumbnail","6":"product_cat-strukturalt-feluletu-terkovek","7":"product_cat-terkovek-terkorendszerek-lapok","8":"product_tag-clean-and-color-protect","9":"product_tag-gyalogos","10":"product_tag-old-stone","11":"product_tag-szemelygepjarmu","12":"product_tag-terasz","13":"product_tag-via26","15":"first","16":"instock","17":"sold-individually","18":"taxable","19":"shipping-taxable","20":"purchasable","21":"product-type-variable"},"acf":[],"yoast_head":"<!-- This site is optimized with the Yoast SEO plugin v27.4 - https:\/\/yoast.com\/product\/yoast-seo-wordpress\/ -->\n<title>VIASTEIN Old Stone - Pr\u00e9mium struktur\u00e1lt t\u00e9rk\u0151<\/title>\n<meta name=\"description\" content=\"A j\u00f3 \u00f6reg k\u0151, amelyik minden \u00e9letform\u00e1ban megjelenik nem m\u00e1s, mint az OLD STONE. A XX. sz\u00e1zad eleji utakat id\u00e9z\u0151 formavil\u00e1ga t\u00f6k\u00e9letesen ut\u00e1nozza a \u201emacskak\u00f6vek\u201d hangulat\u00e1t, a hossz\u00fa s\u00e9t\u00e1k kellemes \u00e9s friss\u00edt\u0151 pillanatait.\" \/>\n<meta name=\"robots\" content=\"index, follow, max-snippet:-1, max-image-preview:large, max-video-preview:-1\" \/>\n<link rel=\"canonical\" href=\"https:\/\/www.viastein.hu\/termek\/diszburkolatok\/terkovek-terkorendszerek-lapok\/old-stone\/\" \/>\n<meta property=\"og:locale\" content=\"en_US\" \/>\n<meta property=\"og:type\" content=\"article\" \/>\n<meta property=\"og:title\" content=\"VIASTEIN Old Stone - Pr\u00e9mium struktur\u00e1lt t\u00e9rk\u0151\" \/>\n<meta property=\"og:description\" content=\"A j\u00f3 \u00f6reg k\u0151, amelyik minden \u00e9letform\u00e1ban megjelenik nem m\u00e1s, mint az OLD STONE. A XX. sz\u00e1zad eleji utakat id\u00e9z\u0151 formavil\u00e1ga t\u00f6k\u00e9letesen ut\u00e1nozza a \u201emacskak\u00f6vek\u201d hangulat\u00e1t, a hossz\u00fa s\u00e9t\u00e1k kellemes \u00e9s friss\u00edt\u0151 pillanatait.\" \/>\n<meta property=\"og:url\" content=\"https:\/\/www.viastein.hu\/termek\/diszburkolatok\/terkovek-terkorendszerek-lapok\/old-stone\/\" \/>\n<meta property=\"og:site_name\" content=\"Viastein\" \/>\n<meta property=\"article:publisher\" content=\"https:\/\/www.facebook.com\/viastein.hu\/\" \/>\n<meta property=\"article:modified_time\" content=\"2026-03-17T10:20:29+00:00\" \/>\n<meta property=\"og:image\" content=\"https:\/\/www.viastein.hu\/wp-content\/uploads\/2024\/08\/img1-15.jpg\" \/>\n\t<meta property=\"og:image:width\" content=\"1200\" \/>\n\t<meta property=\"og:image:height\" content=\"1600\" \/>\n\t<meta property=\"og:image:type\" content=\"image\/jpeg\" \/>\n<meta name=\"twitter:card\" content=\"summary_large_image\" \/>\n<meta name=\"twitter:label1\" content=\"Est. reading time\" \/>\n\t<meta name=\"twitter:data1\" content=\"1 minute\" \/>\n<script type=\"application\/ld+json\" class=\"yoast-schema-graph\">{\"@context\":\"https:\\\/\\\/schema.org\",\"@graph\":[{\"@type\":\"WebPage\",\"@id\":\"https:\\\/\\\/www.viastein.hu\\\/termek\\\/diszburkolatok\\\/terkovek-terkorendszerek-lapok\\\/old-stone\\\/\",\"url\":\"https:\\\/\\\/www.viastein.hu\\\/termek\\\/diszburkolatok\\\/terkovek-terkorendszerek-lapok\\\/old-stone\\\/\",\"name\":\"VIASTEIN Old Stone - Pr\u00e9mium struktur\u00e1lt t\u00e9rk\u0151\",\"isPartOf\":{\"@id\":\"https:\\\/\\\/www.viastein.hu\\\/#website\"},\"primaryImageOfPage\":{\"@id\":\"https:\\\/\\\/www.viastein.hu\\\/termek\\\/diszburkolatok\\\/terkovek-terkorendszerek-lapok\\\/old-stone\\\/#primaryimage\"},\"image\":{\"@id\":\"https:\\\/\\\/www.viastein.hu\\\/termek\\\/diszburkolatok\\\/terkovek-terkorendszerek-lapok\\\/old-stone\\\/#primaryimage\"},\"thumbnailUrl\":\"https:\\\/\\\/www.viastein.hu\\\/wp-content\\\/uploads\\\/2024\\\/08\\\/img1-15.jpg\",\"datePublished\":\"2024-08-01T13:46:39+00:00\",\"dateModified\":\"2026-03-17T10:20:29+00:00\",\"description\":\"A j\u00f3 \u00f6reg k\u0151, amelyik minden \u00e9letform\u00e1ban megjelenik nem m\u00e1s, mint az OLD STONE. A XX. sz\u00e1zad eleji utakat id\u00e9z\u0151 formavil\u00e1ga t\u00f6k\u00e9letesen ut\u00e1nozza a \u201emacskak\u00f6vek\u201d hangulat\u00e1t, a hossz\u00fa s\u00e9t\u00e1k kellemes \u00e9s friss\u00edt\u0151 pillanatait.\",\"breadcrumb\":{\"@id\":\"https:\\\/\\\/www.viastein.hu\\\/termek\\\/diszburkolatok\\\/terkovek-terkorendszerek-lapok\\\/old-stone\\\/#breadcrumb\"},\"inLanguage\":\"en-US\",\"potentialAction\":[{\"@type\":\"ReadAction\",\"target\":[\"https:\\\/\\\/www.viastein.hu\\\/termek\\\/diszburkolatok\\\/terkovek-terkorendszerek-lapok\\\/old-stone\\\/\"]}]},{\"@type\":\"ImageObject\",\"inLanguage\":\"en-US\",\"@id\":\"https:\\\/\\\/www.viastein.hu\\\/termek\\\/diszburkolatok\\\/terkovek-terkorendszerek-lapok\\\/old-stone\\\/#primaryimage\",\"url\":\"https:\\\/\\\/www.viastein.hu\\\/wp-content\\\/uploads\\\/2024\\\/08\\\/img1-15.jpg\",\"contentUrl\":\"https:\\\/\\\/www.viastein.hu\\\/wp-content\\\/uploads\\\/2024\\\/08\\\/img1-15.jpg\",\"width\":1200,\"height\":1600},{\"@type\":\"BreadcrumbList\",\"@id\":\"https:\\\/\\\/www.viastein.hu\\\/termek\\\/diszburkolatok\\\/terkovek-terkorendszerek-lapok\\\/old-stone\\\/#breadcrumb\",\"itemListElement\":[{\"@type\":\"ListItem\",\"position\":1,\"name\":\"Kezd\u0151lap\",\"item\":\"https:\\\/\\\/www.viastein.hu\\\/\"},{\"@type\":\"ListItem\",\"position\":2,\"name\":\"Term\u00e9kek\",\"item\":\"https:\\\/\\\/www.viastein.hu\\\/termekek-2\\\/\"},{\"@type\":\"ListItem\",\"position\":3,\"name\":\"D\u00cdSZBURKOLATOK\",\"item\":\"https:\\\/\\\/www.viastein.hu\\\/termek-kategoria\\\/diszburkolatok\\\/\"},{\"@type\":\"ListItem\",\"position\":4,\"name\":\"T\u00e9rk\u00f6vek, t\u00e9rk\u0151rendszerek \u00e9s lapok\",\"item\":\"https:\\\/\\\/www.viastein.hu\\\/termek-kategoria\\\/diszburkolatok\\\/terkovek-terkorendszerek-lapok\\\/\"},{\"@type\":\"ListItem\",\"position\":5,\"name\":\"Old Stone\"}]},{\"@type\":\"WebSite\",\"@id\":\"https:\\\/\\\/www.viastein.hu\\\/#website\",\"url\":\"https:\\\/\\\/www.viastein.hu\\\/\",\"name\":\"Viastein\",\"description\":\"D\u00edszburkolatok, falaz\u00f3elemek, vasbeton elemek. Pr\u00e9mium min\u0151s\u00e9gben, hazai rakt\u00e1rb\u00f3l, r\u00f6vid sz\u00e1ll\u00edt\u00e1si hat\u00e1rid\u0151vel.\",\"publisher\":{\"@id\":\"https:\\\/\\\/www.viastein.hu\\\/#organization\"},\"potentialAction\":[{\"@type\":\"SearchAction\",\"target\":{\"@type\":\"EntryPoint\",\"urlTemplate\":\"https:\\\/\\\/www.viastein.hu\\\/?s={search_term_string}\"},\"query-input\":{\"@type\":\"PropertyValueSpecification\",\"valueRequired\":true,\"valueName\":\"search_term_string\"}}],\"inLanguage\":\"en-US\"},{\"@type\":\"Organization\",\"@id\":\"https:\\\/\\\/www.viastein.hu\\\/#organization\",\"name\":\"Viastein\",\"url\":\"https:\\\/\\\/www.viastein.hu\\\/\",\"logo\":{\"@type\":\"ImageObject\",\"inLanguage\":\"en-US\",\"@id\":\"https:\\\/\\\/www.viastein.hu\\\/#\\\/schema\\\/logo\\\/image\\\/\",\"url\":\"https:\\\/\\\/www.viastein.hu\\\/wp-content\\\/uploads\\\/2024\\\/07\\\/viastein-color-logo-02-2.png\",\"contentUrl\":\"https:\\\/\\\/www.viastein.hu\\\/wp-content\\\/uploads\\\/2024\\\/07\\\/viastein-color-logo-02-2.png\",\"width\":232,\"height\":58,\"caption\":\"Viastein\"},\"image\":{\"@id\":\"https:\\\/\\\/www.viastein.hu\\\/#\\\/schema\\\/logo\\\/image\\\/\"},\"sameAs\":[\"https:\\\/\\\/www.facebook.com\\\/viastein.hu\\\/\",\"https:\\\/\\\/www.instagram.com\\\/viastein_hungary\\\/\",\"https:\\\/\\\/www.youtube.com\\\/@viasteinkft8464\",\"https:\\\/\\\/www.tiktok.com\\\/@viastein_hungary\"]}]}<\/script>\n<!-- \/ Yoast SEO plugin. -->","yoast_head_json":{"title":"VIASTEIN Old Stone - Pr\u00e9mium struktur\u00e1lt t\u00e9rk\u0151","description":"A j\u00f3 \u00f6reg k\u0151, amelyik minden \u00e9letform\u00e1ban megjelenik nem m\u00e1s, mint az OLD STONE. A XX. sz\u00e1zad eleji utakat id\u00e9z\u0151 formavil\u00e1ga t\u00f6k\u00e9letesen ut\u00e1nozza a \u201emacskak\u00f6vek\u201d hangulat\u00e1t, a hossz\u00fa s\u00e9t\u00e1k kellemes \u00e9s friss\u00edt\u0151 pillanatait.","robots":{"index":"index","follow":"follow","max-snippet":"max-snippet:-1","max-image-preview":"max-image-preview:large","max-video-preview":"max-video-preview:-1"},"canonical":"https:\/\/www.viastein.hu\/termek\/diszburkolatok\/terkovek-terkorendszerek-lapok\/old-stone\/","og_locale":"en_US","og_type":"article","og_title":"VIASTEIN Old Stone - Pr\u00e9mium struktur\u00e1lt t\u00e9rk\u0151","og_description":"A j\u00f3 \u00f6reg k\u0151, amelyik minden \u00e9letform\u00e1ban megjelenik nem m\u00e1s, mint az OLD STONE. A XX. sz\u00e1zad eleji utakat id\u00e9z\u0151 formavil\u00e1ga t\u00f6k\u00e9letesen ut\u00e1nozza a \u201emacskak\u00f6vek\u201d hangulat\u00e1t, a hossz\u00fa s\u00e9t\u00e1k kellemes \u00e9s friss\u00edt\u0151 pillanatait.","og_url":"https:\/\/www.viastein.hu\/termek\/diszburkolatok\/terkovek-terkorendszerek-lapok\/old-stone\/","og_site_name":"Viastein","article_publisher":"https:\/\/www.facebook.com\/viastein.hu\/","article_modified_time":"2026-03-17T10:20:29+00:00","og_image":[{"width":1200,"height":1600,"url":"https:\/\/www.viastein.hu\/wp-content\/uploads\/2024\/08\/img1-15.jpg","type":"image\/jpeg"}],"twitter_card":"summary_large_image","twitter_misc":{"Est. reading time":"1 minute"},"schema":{"@context":"https:\/\/schema.org","@graph":[{"@type":"WebPage","@id":"https:\/\/www.viastein.hu\/termek\/diszburkolatok\/terkovek-terkorendszerek-lapok\/old-stone\/","url":"https:\/\/www.viastein.hu\/termek\/diszburkolatok\/terkovek-terkorendszerek-lapok\/old-stone\/","name":"VIASTEIN Old Stone - Pr\u00e9mium struktur\u00e1lt t\u00e9rk\u0151","isPartOf":{"@id":"https:\/\/www.viastein.hu\/#website"},"primaryImageOfPage":{"@id":"https:\/\/www.viastein.hu\/termek\/diszburkolatok\/terkovek-terkorendszerek-lapok\/old-stone\/#primaryimage"},"image":{"@id":"https:\/\/www.viastein.hu\/termek\/diszburkolatok\/terkovek-terkorendszerek-lapok\/old-stone\/#primaryimage"},"thumbnailUrl":"https:\/\/www.viastein.hu\/wp-content\/uploads\/2024\/08\/img1-15.jpg","datePublished":"2024-08-01T13:46:39+00:00","dateModified":"2026-03-17T10:20:29+00:00","description":"A j\u00f3 \u00f6reg k\u0151, amelyik minden \u00e9letform\u00e1ban megjelenik nem m\u00e1s, mint az OLD STONE. A XX. sz\u00e1zad eleji utakat id\u00e9z\u0151 formavil\u00e1ga t\u00f6k\u00e9letesen ut\u00e1nozza a \u201emacskak\u00f6vek\u201d hangulat\u00e1t, a hossz\u00fa s\u00e9t\u00e1k kellemes \u00e9s friss\u00edt\u0151 pillanatait.","breadcrumb":{"@id":"https:\/\/www.viastein.hu\/termek\/diszburkolatok\/terkovek-terkorendszerek-lapok\/old-stone\/#breadcrumb"},"inLanguage":"en-US","potentialAction":[{"@type":"ReadAction","target":["https:\/\/www.viastein.hu\/termek\/diszburkolatok\/terkovek-terkorendszerek-lapok\/old-stone\/"]}]},{"@type":"ImageObject","inLanguage":"en-US","@id":"https:\/\/www.viastein.hu\/termek\/diszburkolatok\/terkovek-terkorendszerek-lapok\/old-stone\/#primaryimage","url":"https:\/\/www.viastein.hu\/wp-content\/uploads\/2024\/08\/img1-15.jpg","contentUrl":"https:\/\/www.viastein.hu\/wp-content\/uploads\/2024\/08\/img1-15.jpg","width":1200,"height":1600},{"@type":"BreadcrumbList","@id":"https:\/\/www.viastein.hu\/termek\/diszburkolatok\/terkovek-terkorendszerek-lapok\/old-stone\/#breadcrumb","itemListElement":[{"@type":"ListItem","position":1,"name":"Kezd\u0151lap","item":"https:\/\/www.viastein.hu\/"},{"@type":"ListItem","position":2,"name":"Term\u00e9kek","item":"https:\/\/www.viastein.hu\/termekek-2\/"},{"@type":"ListItem","position":3,"name":"D\u00cdSZBURKOLATOK","item":"https:\/\/www.viastein.hu\/termek-kategoria\/diszburkolatok\/"},{"@type":"ListItem","position":4,"name":"T\u00e9rk\u00f6vek, t\u00e9rk\u0151rendszerek \u00e9s lapok","item":"https:\/\/www.viastein.hu\/termek-kategoria\/diszburkolatok\/terkovek-terkorendszerek-lapok\/"},{"@type":"ListItem","position":5,"name":"Old Stone"}]},{"@type":"WebSite","@id":"https:\/\/www.viastein.hu\/#website","url":"https:\/\/www.viastein.hu\/","name":"Viastein","description":"D\u00edszburkolatok, falaz\u00f3elemek, vasbeton elemek. Pr\u00e9mium min\u0151s\u00e9gben, hazai rakt\u00e1rb\u00f3l, r\u00f6vid sz\u00e1ll\u00edt\u00e1si hat\u00e1rid\u0151vel.","publisher":{"@id":"https:\/\/www.viastein.hu\/#organization"},"potentialAction":[{"@type":"SearchAction","target":{"@type":"EntryPoint","urlTemplate":"https:\/\/www.viastein.hu\/?s={search_term_string}"},"query-input":{"@type":"PropertyValueSpecification","valueRequired":true,"valueName":"search_term_string"}}],"inLanguage":"en-US"},{"@type":"Organization","@id":"https:\/\/www.viastein.hu\/#organization","name":"Viastein","url":"https:\/\/www.viastein.hu\/","logo":{"@type":"ImageObject","inLanguage":"en-US","@id":"https:\/\/www.viastein.hu\/#\/schema\/logo\/image\/","url":"https:\/\/www.viastein.hu\/wp-content\/uploads\/2024\/07\/viastein-color-logo-02-2.png","contentUrl":"https:\/\/www.viastein.hu\/wp-content\/uploads\/2024\/07\/viastein-color-logo-02-2.png","width":232,"height":58,"caption":"Viastein"},"image":{"@id":"https:\/\/www.viastein.hu\/#\/schema\/logo\/image\/"},"sameAs":["https:\/\/www.facebook.com\/viastein.hu\/","https:\/\/www.instagram.com\/viastein_hungary\/","https:\/\/www.youtube.com\/@viasteinkft8464","https:\/\/www.tiktok.com\/@viastein_hungary"]}]}},"_links":{"self":[{"href":"https:\/\/www.viastein.hu\/en\/wp-json\/wp\/v2\/product\/3311","targetHints":{"allow":["GET"]}}],"collection":[{"href":"https:\/\/www.viastein.hu\/en\/wp-json\/wp\/v2\/product"}],"about":[{"href":"https:\/\/www.viastein.hu\/en\/wp-json\/wp\/v2\/types\/product"}],"wp:featuredmedia":[{"embeddable":true,"href":"https:\/\/www.viastein.hu\/en\/wp-json\/wp\/v2\/media\/3369"}],"wp:attachment":[{"href":"https:\/\/www.viastein.hu\/en\/wp-json\/wp\/v2\/media?parent=3311"}],"wp:term":[{"taxonomy":"product_brand","embeddable":true,"href":"https:\/\/www.viastein.hu\/en\/wp-json\/wp\/v2\/product_brand?post=3311"},{"taxonomy":"product_cat","embeddable":true,"href":"https:\/\/www.viastein.hu\/en\/wp-json\/wp\/v2\/product_cat?post=3311"},{"taxonomy":"product_tag","embeddable":true,"href":"https:\/\/www.viastein.hu\/en\/wp-json\/wp\/v2\/product_tag?post=3311"}],"curies":[{"name":"wp","href":"https:\/\/api.w.org\/{rel}","templated":true}]}}