{"id":3309,"date":"2024-08-01T13:46:39","date_gmt":"2024-08-01T13:46:39","guid":{"rendered":"https:\/\/www.viastein.hu\/?post_type=product&#038;p=3309"},"modified":"2026-02-05T13:31:32","modified_gmt":"2026-02-05T11:31:32","slug":"mattone-tres-falazoblokk","status":"publish","type":"product","link":"https:\/\/www.viastein.hu\/en\/termek\/diszburkolatok\/keritesrendszerek\/mattone-tres-falazoblokk\/","title":{"rendered":"Mattone Tres"},"content":{"rendered":"<div class=\"row\" style=\"content: ''; display: table; clear: both;\">\n<div class=\"column01\" style=\"float: left; width: 33.33%; padding: 10px;\">\n<p>MATTONE TRES falaz\u00f3blokk VIA+ technol\u00f3gi\u00e1nak k\u00f6sz\u00f6nhet\u0151 roppantott fel\u00fclet\u00e9vel a term\u00e9szetes k\u00f6vek fel\u00fclet\u00e9t, v\u00e1ltozatos sz\u00ednvil\u00e1g\u00e1t, hangulat\u00e1t teremti meg d\u00edszkertekben \u00e9s parkokban. H\u00e1rom k\u00fcl\u00f6nb\u00f6z\u0151 oldalhossz\u00fas\u00e1g\u00fa eleme lehet\u0151v\u00e9 teszi zaj- \u00e9s elv\u00e1laszt\u00f3 falak, magas\u00e1gy\u00e1sok vagy kerti tavak \u00e9p\u00edt\u00e9s\u00e9re. Kieg\u00e9sz\u00edt\u0151 rendszerelmei hangs\u00falyoss\u00e1 \u00e9s egyediv\u00e9 alak\u00edtj\u00e1k a be\u00e9p\u00edtett tereket. Term\u00e9szet k\u00f6zeli sz\u00edn\u00e1rnyalata adja meg a fel\u00e9p\u00edtett falazat karakter\u00e9t. A MATTONE TRES falaz\u00f3blokkok k\u00e9t hosszanti oldala has\u00edtott fel\u00fclet\u0171 m\u00edg az \u00e9p\u00edt\u0151 oldalai sim\u00e1k, \u00edgy optim\u00e1lisan haszn\u00e1lhat\u00f3k fel alacsony vagy t\u00e9relv\u00e1laszt\u00f3 falazat, magas\u00e1gy\u00e1s k\u00e9sz\u00edt\u00e9s\u00e9re.<\/p>\n<p>MATTONE TRES falrendszer\u00fcnk kieg\u00e9sz\u00edt\u0151, lez\u00e1r\u00f3 elemei teljess\u00e9, hangs\u00falyoss\u00e1 var\u00e1zsolj\u00e1k udvarok, parkok, kertek falaz\u00f3blokkb\u00f3l \u00e9p\u00edtett falait, kiemelt \u00e1gy\u00e1sait. A VIA+ technik\u00e1val k\u00e9sz\u00fclt oldalain roppantott struktur\u00e1lt fel\u00fclet\u0171 fedlapok z\u00e1rj\u00e1k \u00e9s \u00f3vj\u00e1k a magas\u00e1gy\u00e1s, t\u00e9relv\u00e1laszt\u00f3 falazat fel\u00fcl\u00e9t az id\u0151j\u00e1r\u00e1s viszontags\u00e1gait\u00f3l \u00e9s egyben eszt\u00e9tikuss\u00e1, karakteress\u00e9 teszik annak l\u00e1tv\u00e1ny\u00e1t. A Mattone Tres fedlap a v\u00e9gelem vagy sarok elem k\u00f6z\u00f6tt elhelyezve biztos\u00edt folytonoss\u00e1got az \u00e9p\u00edtm\u00e9ny tetej\u00e9n. A sarokelem a falazat sz\u00f6gben t\u00f6rt\u00e9n\u0151 t\u00f6k\u00e9letes illeszked\u00e9s\u00e9vel kieg\u00e9sz\u00edti a fedlap ir\u00e1nyv\u00e1ltoztat\u00e1s\u00e1t. A fedlap v\u00e9gelem a t\u00e9relv\u00e1szt\u00f3 fal utols\u00f3 lez\u00e1r\u00f3 elmek\u00e9nt teszi teljess\u00e9, eszt\u00e9tikuss\u00e1 az \u00e9p\u00edtm\u00e9nyt.<\/p>\n<\/div>\n<div class=\"column01\" style=\"float: left; width: 33.33%; padding: 10px;\">\n<h3 style=\"text-align: left;\">SPECIFIK\u00c1CI\u00d3K<\/h3>\n<div style=\"max-width: 1000px; margin: 0;\">\n<table style=\"width: 1022px; border-collapse: collapse; text-align: left; height: 623px;\">\n<thead>\n<tr style=\"background-color: #000 !important; color: #fff !important;\">\n<th style=\"padding: 10px; background-color: #000 !important; color: #fff !important;\"><\/th>\n<th style=\"padding: 10px; text-align: left; background-color: #000 !important; color: #fff !important;\">MATTONE TRES FALAZ\u00d3BLOKK<br \/>\nroppantott fel\u00fclettel<\/th>\n<th style=\"padding: 10px; text-align: left; background-color: #000 !important; color: #fff !important;\">MATTONE TRES<br \/>\nroppantott fedlap<\/th>\n<th style=\"padding: 10px; text-align: left; background-color: #000 !important; color: #fff !important;\">MATTONE TRES<br \/>\nroppantott fedlap sarokelem<\/th>\n<th style=\"padding: 10px; text-align: left; background-color: #000 !important; color: #fff !important;\">MATTONE TRES<br \/>\nroppantott fedlap v\u00e9gelem<\/th>\n<\/tr>\n<\/thead>\n<tbody>\n<tr style=\"background-color: #f0f2f2;\">\n<th style=\"padding: 10px;\">vastags\u00e1g<\/th>\n<td style=\"padding: 10px;\">15 cm<\/td>\n<td style=\"padding: 10px;\">8 cm<\/td>\n<td style=\"padding: 10px;\">8 cm<\/td>\n<td style=\"padding: 10px;\">8 cm<\/td>\n<\/tr>\n<tr>\n<th style=\"padding: 10px;\">m\u00e9ret<\/th>\n<td style=\"padding: 10px;\">\n<div>44 x 22 cm<\/div>\n<div>33 x 22 cm<\/div>\n<div>22 x 22 cm<\/div>\n<\/td>\n<td style=\"padding: 10px;\">60 x 30 cm<\/td>\n<td style=\"padding: 10px;\">30 x 30 cm<\/td>\n<td style=\"padding: 10px;\">30 x 30 cm<\/td>\n<\/tr>\n<tr style=\"background-color: #f0f2f2;\">\n<th style=\"padding: 10px;\">db \/ raklap<\/th>\n<td style=\"padding: 10px;\">24<\/td>\n<td style=\"padding: 10px;\">32<\/td>\n<td style=\"padding: 10px;\">32<\/td>\n<td style=\"padding: 10px;\">32<\/td>\n<\/tr>\n<tr>\n<th style=\"padding: 10px;\">m\u00b2 \/ raklap<\/th>\n<td style=\"padding: 10px;\">3,56<\/td>\n<td style=\"padding: 10px;\">5,76<\/td>\n<td style=\"padding: 10px;\">2,88<\/td>\n<td style=\"padding: 10px;\">2,88<\/td>\n<\/tr>\n<tr style=\"background-color: #f0f2f2;\">\n<th style=\"padding: 10px;\">kg \/ raklap<\/th>\n<td style=\"padding: 10px;\">1680<\/td>\n<td style=\"padding: 10px;\">1027<\/td>\n<td style=\"padding: 10px;\">520<\/td>\n<td style=\"padding: 10px;\">520<\/td>\n<\/tr>\n<tr>\n<th style=\"padding: 10px;\">sor \/ raklap<\/th>\n<td style=\"padding: 10px;\">6<\/td>\n<td style=\"padding: 10px;\">8<\/td>\n<td style=\"padding: 10px;\">8<\/td>\n<td style=\"padding: 10px;\">8<\/td>\n<\/tr>\n<tr style=\"background-color: #f0f2f2;\">\n<th style=\"padding: 10px;\">\u00e1r<\/th>\n<td style=\"padding: 10px;\">7.690Ft \/ fm<\/td>\n<td style=\"padding: 10px;\">4.750 Ft \/ db<\/td>\n<td style=\"padding: 10px;\">2.410 Ft \/ db<\/td>\n<td style=\"padding: 10px;\">2.410 Ft \/ db<\/td>\n<\/tr>\n<\/tbody>\n<\/table>\n<\/div>\n<div class=\"column01\" style=\"float: left; width: 33.33%; padding: 10px;\"><img decoding=\"async\" class=\"attachment-full size-full\" src=\"https:\/\/www.viastein.hu\/wp-content\/uploads\/2024\/08\/Mattone_Tres_3d.png\" alt=\"\" \/><\/div>\n<\/div>\n<\/div>\n","protected":false},"excerpt":{"rendered":"<p><strong>SZ\u00cdNEK<\/strong><\/p>\n<div class=\"row\" style=\"content: ''; display: flex; clear: both;\">\n<div class=\"wrpdiv\">\n<div class=\"column, column011\" style=\"float: left; ; padding: 10px;\">\n<p><a href=\"https:\/\/www.viastein.hu\/wp-content\/uploads\/2024\/08\/antracit-feher-1.jpg\"><img decoding=\"async\" class=\"alignnone size-full wp-image-4081\" src=\"https:\/\/www.viastein.hu\/wp-content\/uploads\/2024\/08\/antracit-feher-14.jpg\" width=\"134\" height=\"82\" \/><\/a><br \/>\n<strong>antracit\/feh\u00e9r \u00e1rnyalt<\/strong><\/p>\n<\/div>\n<div class=\"column, column011\" style=\"float: left; padding: 10px;\">\n<p><a href=\"https:\/\/www.viastein.hu\/wp-content\/uploads\/2024\/08\/mokka-1.jpg\"><img decoding=\"async\" class=\"alignnone size-full wp-image-2606\" src=\"https:\/\/www.viastein.hu\/wp-content\/uploads\/2024\/08\/mokka-3.jpg\" width=\"134\" height=\"82\" \/><\/a><br \/>\n<strong>kagyl\u00f3h\u00e9j \u00e1rnyalt<\/strong><\/p>\n<\/div>\n<div class=\"column, column011\" style=\"float: left; ; padding: 10px;\">\n<p><a href=\"https:\/\/www.viastein.hu\/wp-content\/uploads\/2024\/08\/mokka-3.jpg\"><img decoding=\"async\" class=\"alignnone size-full wp-image-2834\" src=\"https:\/\/www.viastein.hu\/wp-content\/uploads\/2025\/07\/mokka-arnyalt.jpg\" width=\"134\" height=\"82\" \/><\/a><br \/>\n<strong>mokka \u00e1rnyalt<\/strong><\/p>\n<\/div>\n<\/div>\n<\/div>\n<hr style=\"border: solid 1px;\" \/>\n<div class=\"divwarp1\">\n<div class=\"row row011\" style=\"content: ''; display: flex; clear: both;\">\n<div class=\"IconColumn IconColumn1\" style=\"float: left; width: 50%; padding: 10px;\">\n<div class=\"column01\" style=\"float: left; width: 33.33%; padding: 10px; display: flex; cursor: pointer;\" title=\"Color Protect\"><img decoding=\"async\" style=\"padding-right: 15px;\" src=\"https:\/\/www.viastein.hu\/wp-content\/uploads\/2024\/08\/VIA.jpg\" alt=\"https:\/\/www.viastein.hu\/wp-content\/uploads\/2025\/07\/roppantott.jpg\" \/><\/div>\n<div class=\"column01\" style=\"float: left; width: 33.33%; padding: 10px; display: flex; cursor: pointer;\" title=\"Roppantott fel\u00fclet\"><img decoding=\"async\" style=\"padding-right: 15px;\" src=\"https:\/\/www.viastein.hu\/wp-content\/uploads\/2025\/07\/roppantott.jpg\" \/><\/div>\n<\/div>\n<\/div>\n<\/div>\n","protected":false},"featured_media":3365,"template":"","meta":{"_acf_changed":false},"product_brand":[],"product_cat":[64],"product_tag":[57,66,61,103,62,231],"class_list":{"0":"post-3309","1":"product","2":"type-product","3":"status-publish","4":"has-post-thumbnail","6":"product_cat-keritesrendszerek","7":"product_tag-antracit-feher-arnyalt","8":"product_tag-feluletkezelt","9":"product_tag-kagylohej-arnyalt","10":"product_tag-mattone-tres","11":"product_tag-mokka-arnyalt","12":"product_tag-roppantott-felulet","14":"first","15":"instock","16":"sold-individually","17":"taxable","18":"shipping-taxable","19":"purchasable","20":"product-type-simple"},"acf":[],"yoast_head":"<!-- This site is optimized with the Yoast SEO plugin v27.4 - https:\/\/yoast.com\/product\/yoast-seo-wordpress\/ -->\n<title>Mattone Tres - Viastein<\/title>\n<meta name=\"description\" content=\"MATTONE TRES falaz\u00f3blokk VIA+ technol\u00f3gi\u00e1nak k\u00f6sz\u00f6nhet\u0151 roppantott fel\u00fclet\u00e9vel a term\u00e9szetes k\u00f6vek fel\u00fclet\u00e9t, v\u00e1ltozatos sz\u00ednvil\u00e1g\u00e1t, hangulat\u00e1t teremti meg d\u00edszkertekben \u00e9s parkokban.\" \/>\n<meta name=\"robots\" content=\"index, follow, max-snippet:-1, max-image-preview:large, max-video-preview:-1\" \/>\n<link rel=\"canonical\" href=\"https:\/\/www.viastein.hu\/termek\/diszburkolatok\/keritesrendszerek\/mattone-tres-falazoblokk\/\" \/>\n<meta property=\"og:locale\" content=\"en_US\" \/>\n<meta property=\"og:type\" content=\"article\" \/>\n<meta property=\"og:title\" content=\"Mattone Tres - Viastein\" \/>\n<meta property=\"og:description\" content=\"MATTONE TRES falaz\u00f3blokk VIA+ technol\u00f3gi\u00e1nak k\u00f6sz\u00f6nhet\u0151 roppantott fel\u00fclet\u00e9vel a term\u00e9szetes k\u00f6vek fel\u00fclet\u00e9t, v\u00e1ltozatos sz\u00ednvil\u00e1g\u00e1t, hangulat\u00e1t teremti meg d\u00edszkertekben \u00e9s parkokban.\" \/>\n<meta property=\"og:url\" content=\"https:\/\/www.viastein.hu\/termek\/diszburkolatok\/keritesrendszerek\/mattone-tres-falazoblokk\/\" \/>\n<meta property=\"og:site_name\" content=\"Viastein\" \/>\n<meta property=\"article:publisher\" content=\"https:\/\/www.facebook.com\/viastein.hu\/\" \/>\n<meta property=\"article:modified_time\" content=\"2026-02-05T11:31:32+00:00\" \/>\n<meta property=\"og:image\" content=\"https:\/\/www.viastein.hu\/wp-content\/uploads\/2024\/08\/img1-13.jpg\" \/>\n\t<meta property=\"og:image:width\" content=\"1200\" \/>\n\t<meta property=\"og:image:height\" content=\"1600\" \/>\n\t<meta property=\"og:image:type\" content=\"image\/jpeg\" \/>\n<meta name=\"twitter:card\" content=\"summary_large_image\" \/>\n<meta name=\"twitter:label1\" content=\"Est. reading time\" \/>\n\t<meta name=\"twitter:data1\" content=\"2 minutes\" \/>\n<script type=\"application\/ld+json\" class=\"yoast-schema-graph\">{\"@context\":\"https:\\\/\\\/schema.org\",\"@graph\":[{\"@type\":\"WebPage\",\"@id\":\"https:\\\/\\\/www.viastein.hu\\\/termek\\\/diszburkolatok\\\/keritesrendszerek\\\/mattone-tres-falazoblokk\\\/\",\"url\":\"https:\\\/\\\/www.viastein.hu\\\/termek\\\/diszburkolatok\\\/keritesrendszerek\\\/mattone-tres-falazoblokk\\\/\",\"name\":\"Mattone Tres - Viastein\",\"isPartOf\":{\"@id\":\"https:\\\/\\\/www.viastein.hu\\\/#website\"},\"primaryImageOfPage\":{\"@id\":\"https:\\\/\\\/www.viastein.hu\\\/termek\\\/diszburkolatok\\\/keritesrendszerek\\\/mattone-tres-falazoblokk\\\/#primaryimage\"},\"image\":{\"@id\":\"https:\\\/\\\/www.viastein.hu\\\/termek\\\/diszburkolatok\\\/keritesrendszerek\\\/mattone-tres-falazoblokk\\\/#primaryimage\"},\"thumbnailUrl\":\"https:\\\/\\\/www.viastein.hu\\\/wp-content\\\/uploads\\\/2024\\\/08\\\/img1-13.jpg\",\"datePublished\":\"2024-08-01T13:46:39+00:00\",\"dateModified\":\"2026-02-05T11:31:32+00:00\",\"description\":\"MATTONE TRES falaz\u00f3blokk VIA+ technol\u00f3gi\u00e1nak k\u00f6sz\u00f6nhet\u0151 roppantott fel\u00fclet\u00e9vel a term\u00e9szetes k\u00f6vek fel\u00fclet\u00e9t, v\u00e1ltozatos sz\u00ednvil\u00e1g\u00e1t, hangulat\u00e1t teremti meg d\u00edszkertekben \u00e9s parkokban.\",\"breadcrumb\":{\"@id\":\"https:\\\/\\\/www.viastein.hu\\\/termek\\\/diszburkolatok\\\/keritesrendszerek\\\/mattone-tres-falazoblokk\\\/#breadcrumb\"},\"inLanguage\":\"en-US\",\"potentialAction\":[{\"@type\":\"ReadAction\",\"target\":[\"https:\\\/\\\/www.viastein.hu\\\/termek\\\/diszburkolatok\\\/keritesrendszerek\\\/mattone-tres-falazoblokk\\\/\"]}]},{\"@type\":\"ImageObject\",\"inLanguage\":\"en-US\",\"@id\":\"https:\\\/\\\/www.viastein.hu\\\/termek\\\/diszburkolatok\\\/keritesrendszerek\\\/mattone-tres-falazoblokk\\\/#primaryimage\",\"url\":\"https:\\\/\\\/www.viastein.hu\\\/wp-content\\\/uploads\\\/2024\\\/08\\\/img1-13.jpg\",\"contentUrl\":\"https:\\\/\\\/www.viastein.hu\\\/wp-content\\\/uploads\\\/2024\\\/08\\\/img1-13.jpg\",\"width\":1200,\"height\":1600},{\"@type\":\"BreadcrumbList\",\"@id\":\"https:\\\/\\\/www.viastein.hu\\\/termek\\\/diszburkolatok\\\/keritesrendszerek\\\/mattone-tres-falazoblokk\\\/#breadcrumb\",\"itemListElement\":[{\"@type\":\"ListItem\",\"position\":1,\"name\":\"Kezd\u0151lap\",\"item\":\"https:\\\/\\\/www.viastein.hu\\\/\"},{\"@type\":\"ListItem\",\"position\":2,\"name\":\"Term\u00e9kek\",\"item\":\"https:\\\/\\\/www.viastein.hu\\\/termekek-2\\\/\"},{\"@type\":\"ListItem\",\"position\":3,\"name\":\"D\u00cdSZBURKOLATOK\",\"item\":\"https:\\\/\\\/www.viastein.hu\\\/termek-kategoria\\\/diszburkolatok\\\/\"},{\"@type\":\"ListItem\",\"position\":4,\"name\":\"Falak, ker\u00edt\u00e9srendszerek\",\"item\":\"https:\\\/\\\/www.viastein.hu\\\/termek-kategoria\\\/diszburkolatok\\\/keritesrendszerek\\\/\"},{\"@type\":\"ListItem\",\"position\":5,\"name\":\"Mattone Tres\"}]},{\"@type\":\"WebSite\",\"@id\":\"https:\\\/\\\/www.viastein.hu\\\/#website\",\"url\":\"https:\\\/\\\/www.viastein.hu\\\/\",\"name\":\"Viastein\",\"description\":\"D\u00edszburkolatok, falaz\u00f3elemek, vasbeton elemek. Pr\u00e9mium min\u0151s\u00e9gben, hazai rakt\u00e1rb\u00f3l, r\u00f6vid sz\u00e1ll\u00edt\u00e1si hat\u00e1rid\u0151vel.\",\"publisher\":{\"@id\":\"https:\\\/\\\/www.viastein.hu\\\/#organization\"},\"potentialAction\":[{\"@type\":\"SearchAction\",\"target\":{\"@type\":\"EntryPoint\",\"urlTemplate\":\"https:\\\/\\\/www.viastein.hu\\\/?s={search_term_string}\"},\"query-input\":{\"@type\":\"PropertyValueSpecification\",\"valueRequired\":true,\"valueName\":\"search_term_string\"}}],\"inLanguage\":\"en-US\"},{\"@type\":\"Organization\",\"@id\":\"https:\\\/\\\/www.viastein.hu\\\/#organization\",\"name\":\"Viastein\",\"url\":\"https:\\\/\\\/www.viastein.hu\\\/\",\"logo\":{\"@type\":\"ImageObject\",\"inLanguage\":\"en-US\",\"@id\":\"https:\\\/\\\/www.viastein.hu\\\/#\\\/schema\\\/logo\\\/image\\\/\",\"url\":\"https:\\\/\\\/www.viastein.hu\\\/wp-content\\\/uploads\\\/2024\\\/07\\\/viastein-color-logo-02-2.png\",\"contentUrl\":\"https:\\\/\\\/www.viastein.hu\\\/wp-content\\\/uploads\\\/2024\\\/07\\\/viastein-color-logo-02-2.png\",\"width\":232,\"height\":58,\"caption\":\"Viastein\"},\"image\":{\"@id\":\"https:\\\/\\\/www.viastein.hu\\\/#\\\/schema\\\/logo\\\/image\\\/\"},\"sameAs\":[\"https:\\\/\\\/www.facebook.com\\\/viastein.hu\\\/\",\"https:\\\/\\\/www.instagram.com\\\/viastein_hungary\\\/\",\"https:\\\/\\\/www.youtube.com\\\/@viasteinkft8464\",\"https:\\\/\\\/www.tiktok.com\\\/@viastein_hungary\"]}]}<\/script>\n<!-- \/ Yoast SEO plugin. -->","yoast_head_json":{"title":"Mattone Tres - Viastein","description":"MATTONE TRES falaz\u00f3blokk VIA+ technol\u00f3gi\u00e1nak k\u00f6sz\u00f6nhet\u0151 roppantott fel\u00fclet\u00e9vel a term\u00e9szetes k\u00f6vek fel\u00fclet\u00e9t, v\u00e1ltozatos sz\u00ednvil\u00e1g\u00e1t, hangulat\u00e1t teremti meg d\u00edszkertekben \u00e9s parkokban.","robots":{"index":"index","follow":"follow","max-snippet":"max-snippet:-1","max-image-preview":"max-image-preview:large","max-video-preview":"max-video-preview:-1"},"canonical":"https:\/\/www.viastein.hu\/termek\/diszburkolatok\/keritesrendszerek\/mattone-tres-falazoblokk\/","og_locale":"en_US","og_type":"article","og_title":"Mattone Tres - Viastein","og_description":"MATTONE TRES falaz\u00f3blokk VIA+ technol\u00f3gi\u00e1nak k\u00f6sz\u00f6nhet\u0151 roppantott fel\u00fclet\u00e9vel a term\u00e9szetes k\u00f6vek fel\u00fclet\u00e9t, v\u00e1ltozatos sz\u00ednvil\u00e1g\u00e1t, hangulat\u00e1t teremti meg d\u00edszkertekben \u00e9s parkokban.","og_url":"https:\/\/www.viastein.hu\/termek\/diszburkolatok\/keritesrendszerek\/mattone-tres-falazoblokk\/","og_site_name":"Viastein","article_publisher":"https:\/\/www.facebook.com\/viastein.hu\/","article_modified_time":"2026-02-05T11:31:32+00:00","og_image":[{"width":1200,"height":1600,"url":"https:\/\/www.viastein.hu\/wp-content\/uploads\/2024\/08\/img1-13.jpg","type":"image\/jpeg"}],"twitter_card":"summary_large_image","twitter_misc":{"Est. reading time":"2 minutes"},"schema":{"@context":"https:\/\/schema.org","@graph":[{"@type":"WebPage","@id":"https:\/\/www.viastein.hu\/termek\/diszburkolatok\/keritesrendszerek\/mattone-tres-falazoblokk\/","url":"https:\/\/www.viastein.hu\/termek\/diszburkolatok\/keritesrendszerek\/mattone-tres-falazoblokk\/","name":"Mattone Tres - Viastein","isPartOf":{"@id":"https:\/\/www.viastein.hu\/#website"},"primaryImageOfPage":{"@id":"https:\/\/www.viastein.hu\/termek\/diszburkolatok\/keritesrendszerek\/mattone-tres-falazoblokk\/#primaryimage"},"image":{"@id":"https:\/\/www.viastein.hu\/termek\/diszburkolatok\/keritesrendszerek\/mattone-tres-falazoblokk\/#primaryimage"},"thumbnailUrl":"https:\/\/www.viastein.hu\/wp-content\/uploads\/2024\/08\/img1-13.jpg","datePublished":"2024-08-01T13:46:39+00:00","dateModified":"2026-02-05T11:31:32+00:00","description":"MATTONE TRES falaz\u00f3blokk VIA+ technol\u00f3gi\u00e1nak k\u00f6sz\u00f6nhet\u0151 roppantott fel\u00fclet\u00e9vel a term\u00e9szetes k\u00f6vek fel\u00fclet\u00e9t, v\u00e1ltozatos sz\u00ednvil\u00e1g\u00e1t, hangulat\u00e1t teremti meg d\u00edszkertekben \u00e9s parkokban.","breadcrumb":{"@id":"https:\/\/www.viastein.hu\/termek\/diszburkolatok\/keritesrendszerek\/mattone-tres-falazoblokk\/#breadcrumb"},"inLanguage":"en-US","potentialAction":[{"@type":"ReadAction","target":["https:\/\/www.viastein.hu\/termek\/diszburkolatok\/keritesrendszerek\/mattone-tres-falazoblokk\/"]}]},{"@type":"ImageObject","inLanguage":"en-US","@id":"https:\/\/www.viastein.hu\/termek\/diszburkolatok\/keritesrendszerek\/mattone-tres-falazoblokk\/#primaryimage","url":"https:\/\/www.viastein.hu\/wp-content\/uploads\/2024\/08\/img1-13.jpg","contentUrl":"https:\/\/www.viastein.hu\/wp-content\/uploads\/2024\/08\/img1-13.jpg","width":1200,"height":1600},{"@type":"BreadcrumbList","@id":"https:\/\/www.viastein.hu\/termek\/diszburkolatok\/keritesrendszerek\/mattone-tres-falazoblokk\/#breadcrumb","itemListElement":[{"@type":"ListItem","position":1,"name":"Kezd\u0151lap","item":"https:\/\/www.viastein.hu\/"},{"@type":"ListItem","position":2,"name":"Term\u00e9kek","item":"https:\/\/www.viastein.hu\/termekek-2\/"},{"@type":"ListItem","position":3,"name":"D\u00cdSZBURKOLATOK","item":"https:\/\/www.viastein.hu\/termek-kategoria\/diszburkolatok\/"},{"@type":"ListItem","position":4,"name":"Falak, ker\u00edt\u00e9srendszerek","item":"https:\/\/www.viastein.hu\/termek-kategoria\/diszburkolatok\/keritesrendszerek\/"},{"@type":"ListItem","position":5,"name":"Mattone Tres"}]},{"@type":"WebSite","@id":"https:\/\/www.viastein.hu\/#website","url":"https:\/\/www.viastein.hu\/","name":"Viastein","description":"D\u00edszburkolatok, falaz\u00f3elemek, vasbeton elemek. Pr\u00e9mium min\u0151s\u00e9gben, hazai rakt\u00e1rb\u00f3l, r\u00f6vid sz\u00e1ll\u00edt\u00e1si hat\u00e1rid\u0151vel.","publisher":{"@id":"https:\/\/www.viastein.hu\/#organization"},"potentialAction":[{"@type":"SearchAction","target":{"@type":"EntryPoint","urlTemplate":"https:\/\/www.viastein.hu\/?s={search_term_string}"},"query-input":{"@type":"PropertyValueSpecification","valueRequired":true,"valueName":"search_term_string"}}],"inLanguage":"en-US"},{"@type":"Organization","@id":"https:\/\/www.viastein.hu\/#organization","name":"Viastein","url":"https:\/\/www.viastein.hu\/","logo":{"@type":"ImageObject","inLanguage":"en-US","@id":"https:\/\/www.viastein.hu\/#\/schema\/logo\/image\/","url":"https:\/\/www.viastein.hu\/wp-content\/uploads\/2024\/07\/viastein-color-logo-02-2.png","contentUrl":"https:\/\/www.viastein.hu\/wp-content\/uploads\/2024\/07\/viastein-color-logo-02-2.png","width":232,"height":58,"caption":"Viastein"},"image":{"@id":"https:\/\/www.viastein.hu\/#\/schema\/logo\/image\/"},"sameAs":["https:\/\/www.facebook.com\/viastein.hu\/","https:\/\/www.instagram.com\/viastein_hungary\/","https:\/\/www.youtube.com\/@viasteinkft8464","https:\/\/www.tiktok.com\/@viastein_hungary"]}]}},"_links":{"self":[{"href":"https:\/\/www.viastein.hu\/en\/wp-json\/wp\/v2\/product\/3309","targetHints":{"allow":["GET"]}}],"collection":[{"href":"https:\/\/www.viastein.hu\/en\/wp-json\/wp\/v2\/product"}],"about":[{"href":"https:\/\/www.viastein.hu\/en\/wp-json\/wp\/v2\/types\/product"}],"wp:featuredmedia":[{"embeddable":true,"href":"https:\/\/www.viastein.hu\/en\/wp-json\/wp\/v2\/media\/3365"}],"wp:attachment":[{"href":"https:\/\/www.viastein.hu\/en\/wp-json\/wp\/v2\/media?parent=3309"}],"wp:term":[{"taxonomy":"product_brand","embeddable":true,"href":"https:\/\/www.viastein.hu\/en\/wp-json\/wp\/v2\/product_brand?post=3309"},{"taxonomy":"product_cat","embeddable":true,"href":"https:\/\/www.viastein.hu\/en\/wp-json\/wp\/v2\/product_cat?post=3309"},{"taxonomy":"product_tag","embeddable":true,"href":"https:\/\/www.viastein.hu\/en\/wp-json\/wp\/v2\/product_tag?post=3309"}],"curies":[{"name":"wp","href":"https:\/\/api.w.org\/{rel}","templated":true}]}}