{"id":3308,"date":"2024-08-01T13:46:39","date_gmt":"2024-08-01T13:46:39","guid":{"rendered":"https:\/\/www.viastein.hu\/?post_type=product&#038;p=3308"},"modified":"2026-02-05T13:28:22","modified_gmt":"2026-02-05T11:28:22","slug":"lunetto","status":"publish","type":"product","link":"https:\/\/www.viastein.hu\/en\/termek\/diszburkolatok\/kiegeszitok\/lunetto\/","title":{"rendered":"Lunetto"},"content":{"rendered":"<p>A LUNETTO n\u00f6v\u00e9nykos\u00e1r-n\u00f6v\u00e9nyt\u00e1mfal csal\u00e1di h\u00e1zak kertj\u00e9nek, k\u00f6zter\u00fcletek parkjainak l\u00e1tv\u00e1nyos \u00e9s eszt\u00e9tikus eleme. Alakj\u00e1b\u00f3l ad\u00f3d\u00f3an b\u00e1rmilyen egyenes, \u00edves vagy k\u00f6r alak\u00fa falazat, kiemelt n\u00f6v\u00e9ny\u00e1gy\u00e1s, n\u00f6v\u00e9nyt\u00e1mfal kialak\u00edthat\u00f3.<\/p>\n<h3 style=\"text-align: left;\">SPECIFIK\u00c1CI\u00d3K<\/h3>\n<div style=\"max-width: 700px; margin: 0;\">\n<table style=\"width: 100%; border-collapse: collapse; text-align: left;\">\n<thead>\n<tr style=\"background-color: #000 !important; color: #fff !important;\">\n<th style=\"padding: 10px; background-color: #000 !important; color: #fff !important;\"><\/th>\n<th style=\"padding: 10px; background-color: #000 !important; color: #fff !important;\">SZ\u00dcRKE<\/th>\n<th style=\"padding: 10px; background-color: #000 !important; color: #fff !important;\">BARNA, ANTRACIT<\/th>\n<\/tr>\n<\/thead>\n<tbody>\n<tr style=\"background-color: #f0f2f2;\">\n<th style=\"padding: 10px;\">magass\u00e1g<\/th>\n<td style=\"padding: 10px;\">20 cm<\/td>\n<td style=\"padding: 10px;\">20 cm<\/td>\n<\/tr>\n<tr>\n<th style=\"padding: 10px;\">m\u00e9ret<\/th>\n<td style=\"padding: 10px;\">30 x 25 cm<\/td>\n<td style=\"padding: 10px;\">30 x 25 cm<\/td>\n<\/tr>\n<tr style=\"background-color: #f0f2f2;\">\n<th style=\"padding: 10px;\">db \/ raklap<\/th>\n<td style=\"padding: 10px;\">60<\/td>\n<td style=\"padding: 10px;\">60<\/td>\n<\/tr>\n<tr>\n<th style=\"padding: 10px;\">kg \/ raklap<\/th>\n<td style=\"padding: 10px;\">822<\/td>\n<td style=\"padding: 10px;\">822<\/td>\n<\/tr>\n<tr style=\"background-color: #f0f2f2;\">\n<th style=\"padding: 10px;\">sor \/ raklap<\/th>\n<td style=\"padding: 10px;\">5<\/td>\n<td style=\"padding: 10px;\">5<\/td>\n<\/tr>\n<tr>\n<th style=\"padding: 10px;\">\u00e1r<\/th>\n<td style=\"padding: 10px;\">1.400 Ft \/ db<\/td>\n<td style=\"padding: 10px;\">1.620 Ft \/ db<\/td>\n<\/tr>\n<\/tbody>\n<\/table>\n<\/div>\n<p><img decoding=\"async\" src=\"https:\/\/www.viastein.hu\/wp-content\/uploads\/2024\/08\/Lunetto_3d.png\" alt=\"\" \/><\/p>\n","protected":false},"excerpt":{"rendered":"<p><strong>SZ\u00cdNEK<\/strong><\/p>\n<div class=\"row\" style=\"content: ''; display: flex; clear: both;\">\n<div class=\"wrpdiv\">\n<div class=\"column, column011\" style=\"float: left; ; padding: 10px;\">\n<p><img decoding=\"async\" class=\"attachment-full size-full\" src=\"https:\/\/www.viastein.hu\/wp-content\/uploads\/2024\/08\/antracit-2.jpg\" alt=\"\" \/><br \/>\n<strong>antracit<\/strong><\/p>\n<\/div>\n<div class=\"column, column011\" style=\"float: left; ; padding: 10px;\">\n<p><img decoding=\"async\" class=\"attachment-full size-full\" src=\"https:\/\/www.viastein.hu\/wp-content\/uploads\/2024\/08\/barna.jpg\" alt=\"\" \/><br \/>\n<strong>barna<\/strong><\/p>\n<\/div>\n<div class=\"column, column011\" style=\"float: left; ; padding: 10px;\">\n<p><img decoding=\"async\" class=\"attachment-full size-full\" src=\"https:\/\/www.viastein.hu\/wp-content\/uploads\/2024\/08\/szurke-2.jpg\" alt=\"\" \/><br \/>\n<strong>sz\u00fcrke<\/strong><\/p>\n<\/div>\n<\/div>\n<\/div>\n<hr style=\"border: solid 1px;\" \/>\n","protected":false},"featured_media":3363,"template":"","meta":{"_acf_changed":false},"product_brand":[],"product_cat":[67,207],"product_tag":[85,100,101,75],"class_list":{"0":"post-3308","1":"product","2":"type-product","3":"status-publish","4":"has-post-thumbnail","6":"product_cat-kiegeszitok","7":"product_cat-novenyedenyek","8":"product_tag-antracit","9":"product_tag-barna","10":"product_tag-lunetto","11":"product_tag-szurke","13":"first","14":"instock","15":"sold-individually","16":"taxable","17":"shipping-taxable","18":"purchasable","19":"product-type-simple"},"acf":[],"yoast_head":"<!-- This site is optimized with the Yoast SEO plugin v27.4 - https:\/\/yoast.com\/product\/yoast-seo-wordpress\/ -->\n<title>Lunetto - Viastein<\/title>\n<meta name=\"description\" content=\"A LUNETTO n\u00f6v\u00e9nykos\u00e1r-n\u00f6v\u00e9nyt\u00e1mfal csal\u00e1di h\u00e1zak kertj\u00e9nek, k\u00f6zter\u00fcletek parkjainak l\u00e1tv\u00e1nyos \u00e9s eszt\u00e9tikus eleme.\" \/>\n<meta name=\"robots\" content=\"index, follow, max-snippet:-1, max-image-preview:large, max-video-preview:-1\" \/>\n<link rel=\"canonical\" href=\"https:\/\/www.viastein.hu\/termek\/diszburkolatok\/kiegeszitok\/lunetto\/\" \/>\n<meta property=\"og:locale\" content=\"en_US\" \/>\n<meta property=\"og:type\" content=\"article\" \/>\n<meta property=\"og:title\" content=\"Lunetto - Viastein\" \/>\n<meta property=\"og:description\" content=\"A LUNETTO n\u00f6v\u00e9nykos\u00e1r-n\u00f6v\u00e9nyt\u00e1mfal csal\u00e1di h\u00e1zak kertj\u00e9nek, k\u00f6zter\u00fcletek parkjainak l\u00e1tv\u00e1nyos \u00e9s eszt\u00e9tikus eleme.\" \/>\n<meta property=\"og:url\" content=\"https:\/\/www.viastein.hu\/termek\/diszburkolatok\/kiegeszitok\/lunetto\/\" \/>\n<meta property=\"og:site_name\" content=\"Viastein\" \/>\n<meta property=\"article:publisher\" content=\"https:\/\/www.facebook.com\/viastein.hu\/\" \/>\n<meta property=\"article:modified_time\" content=\"2026-02-05T11:28:22+00:00\" \/>\n<meta property=\"og:image\" content=\"https:\/\/www.viastein.hu\/wp-content\/uploads\/2024\/08\/img1-12.jpg\" \/>\n\t<meta property=\"og:image:width\" content=\"1200\" \/>\n\t<meta property=\"og:image:height\" content=\"1600\" \/>\n\t<meta property=\"og:image:type\" content=\"image\/jpeg\" \/>\n<meta name=\"twitter:card\" content=\"summary_large_image\" \/>\n<meta name=\"twitter:label1\" content=\"Est. reading time\" \/>\n\t<meta name=\"twitter:data1\" content=\"1 minute\" \/>\n<script type=\"application\/ld+json\" class=\"yoast-schema-graph\">{\"@context\":\"https:\\\/\\\/schema.org\",\"@graph\":[{\"@type\":\"WebPage\",\"@id\":\"https:\\\/\\\/www.viastein.hu\\\/termek\\\/diszburkolatok\\\/kiegeszitok\\\/lunetto\\\/\",\"url\":\"https:\\\/\\\/www.viastein.hu\\\/termek\\\/diszburkolatok\\\/kiegeszitok\\\/lunetto\\\/\",\"name\":\"Lunetto - Viastein\",\"isPartOf\":{\"@id\":\"https:\\\/\\\/www.viastein.hu\\\/#website\"},\"primaryImageOfPage\":{\"@id\":\"https:\\\/\\\/www.viastein.hu\\\/termek\\\/diszburkolatok\\\/kiegeszitok\\\/lunetto\\\/#primaryimage\"},\"image\":{\"@id\":\"https:\\\/\\\/www.viastein.hu\\\/termek\\\/diszburkolatok\\\/kiegeszitok\\\/lunetto\\\/#primaryimage\"},\"thumbnailUrl\":\"https:\\\/\\\/www.viastein.hu\\\/wp-content\\\/uploads\\\/2024\\\/08\\\/img1-12.jpg\",\"datePublished\":\"2024-08-01T13:46:39+00:00\",\"dateModified\":\"2026-02-05T11:28:22+00:00\",\"description\":\"A LUNETTO n\u00f6v\u00e9nykos\u00e1r-n\u00f6v\u00e9nyt\u00e1mfal csal\u00e1di h\u00e1zak kertj\u00e9nek, k\u00f6zter\u00fcletek parkjainak l\u00e1tv\u00e1nyos \u00e9s eszt\u00e9tikus eleme.\",\"breadcrumb\":{\"@id\":\"https:\\\/\\\/www.viastein.hu\\\/termek\\\/diszburkolatok\\\/kiegeszitok\\\/lunetto\\\/#breadcrumb\"},\"inLanguage\":\"en-US\",\"potentialAction\":[{\"@type\":\"ReadAction\",\"target\":[\"https:\\\/\\\/www.viastein.hu\\\/termek\\\/diszburkolatok\\\/kiegeszitok\\\/lunetto\\\/\"]}]},{\"@type\":\"ImageObject\",\"inLanguage\":\"en-US\",\"@id\":\"https:\\\/\\\/www.viastein.hu\\\/termek\\\/diszburkolatok\\\/kiegeszitok\\\/lunetto\\\/#primaryimage\",\"url\":\"https:\\\/\\\/www.viastein.hu\\\/wp-content\\\/uploads\\\/2024\\\/08\\\/img1-12.jpg\",\"contentUrl\":\"https:\\\/\\\/www.viastein.hu\\\/wp-content\\\/uploads\\\/2024\\\/08\\\/img1-12.jpg\",\"width\":1200,\"height\":1600},{\"@type\":\"BreadcrumbList\",\"@id\":\"https:\\\/\\\/www.viastein.hu\\\/termek\\\/diszburkolatok\\\/kiegeszitok\\\/lunetto\\\/#breadcrumb\",\"itemListElement\":[{\"@type\":\"ListItem\",\"position\":1,\"name\":\"Kezd\u0151lap\",\"item\":\"https:\\\/\\\/www.viastein.hu\\\/\"},{\"@type\":\"ListItem\",\"position\":2,\"name\":\"Term\u00e9kek\",\"item\":\"https:\\\/\\\/www.viastein.hu\\\/termekek-2\\\/\"},{\"@type\":\"ListItem\",\"position\":3,\"name\":\"D\u00cdSZBURKOLATOK\",\"item\":\"https:\\\/\\\/www.viastein.hu\\\/termek-kategoria\\\/diszburkolatok\\\/\"},{\"@type\":\"ListItem\",\"position\":4,\"name\":\"Kerti kieg\u00e9sz\u00edt\u0151k\",\"item\":\"https:\\\/\\\/www.viastein.hu\\\/termek-kategoria\\\/diszburkolatok\\\/kiegeszitok\\\/\"},{\"@type\":\"ListItem\",\"position\":5,\"name\":\"Lunetto\"}]},{\"@type\":\"WebSite\",\"@id\":\"https:\\\/\\\/www.viastein.hu\\\/#website\",\"url\":\"https:\\\/\\\/www.viastein.hu\\\/\",\"name\":\"Viastein\",\"description\":\"D\u00edszburkolatok, falaz\u00f3elemek, vasbeton elemek. Pr\u00e9mium min\u0151s\u00e9gben, hazai rakt\u00e1rb\u00f3l, r\u00f6vid sz\u00e1ll\u00edt\u00e1si hat\u00e1rid\u0151vel.\",\"publisher\":{\"@id\":\"https:\\\/\\\/www.viastein.hu\\\/#organization\"},\"potentialAction\":[{\"@type\":\"SearchAction\",\"target\":{\"@type\":\"EntryPoint\",\"urlTemplate\":\"https:\\\/\\\/www.viastein.hu\\\/?s={search_term_string}\"},\"query-input\":{\"@type\":\"PropertyValueSpecification\",\"valueRequired\":true,\"valueName\":\"search_term_string\"}}],\"inLanguage\":\"en-US\"},{\"@type\":\"Organization\",\"@id\":\"https:\\\/\\\/www.viastein.hu\\\/#organization\",\"name\":\"Viastein\",\"url\":\"https:\\\/\\\/www.viastein.hu\\\/\",\"logo\":{\"@type\":\"ImageObject\",\"inLanguage\":\"en-US\",\"@id\":\"https:\\\/\\\/www.viastein.hu\\\/#\\\/schema\\\/logo\\\/image\\\/\",\"url\":\"https:\\\/\\\/www.viastein.hu\\\/wp-content\\\/uploads\\\/2024\\\/07\\\/viastein-color-logo-02-2.png\",\"contentUrl\":\"https:\\\/\\\/www.viastein.hu\\\/wp-content\\\/uploads\\\/2024\\\/07\\\/viastein-color-logo-02-2.png\",\"width\":232,\"height\":58,\"caption\":\"Viastein\"},\"image\":{\"@id\":\"https:\\\/\\\/www.viastein.hu\\\/#\\\/schema\\\/logo\\\/image\\\/\"},\"sameAs\":[\"https:\\\/\\\/www.facebook.com\\\/viastein.hu\\\/\",\"https:\\\/\\\/www.instagram.com\\\/viastein_hungary\\\/\",\"https:\\\/\\\/www.youtube.com\\\/@viasteinkft8464\",\"https:\\\/\\\/www.tiktok.com\\\/@viastein_hungary\"]}]}<\/script>\n<!-- \/ Yoast SEO plugin. -->","yoast_head_json":{"title":"Lunetto - Viastein","description":"A LUNETTO n\u00f6v\u00e9nykos\u00e1r-n\u00f6v\u00e9nyt\u00e1mfal csal\u00e1di h\u00e1zak kertj\u00e9nek, k\u00f6zter\u00fcletek parkjainak l\u00e1tv\u00e1nyos \u00e9s eszt\u00e9tikus eleme.","robots":{"index":"index","follow":"follow","max-snippet":"max-snippet:-1","max-image-preview":"max-image-preview:large","max-video-preview":"max-video-preview:-1"},"canonical":"https:\/\/www.viastein.hu\/termek\/diszburkolatok\/kiegeszitok\/lunetto\/","og_locale":"en_US","og_type":"article","og_title":"Lunetto - Viastein","og_description":"A LUNETTO n\u00f6v\u00e9nykos\u00e1r-n\u00f6v\u00e9nyt\u00e1mfal csal\u00e1di h\u00e1zak kertj\u00e9nek, k\u00f6zter\u00fcletek parkjainak l\u00e1tv\u00e1nyos \u00e9s eszt\u00e9tikus eleme.","og_url":"https:\/\/www.viastein.hu\/termek\/diszburkolatok\/kiegeszitok\/lunetto\/","og_site_name":"Viastein","article_publisher":"https:\/\/www.facebook.com\/viastein.hu\/","article_modified_time":"2026-02-05T11:28:22+00:00","og_image":[{"width":1200,"height":1600,"url":"https:\/\/www.viastein.hu\/wp-content\/uploads\/2024\/08\/img1-12.jpg","type":"image\/jpeg"}],"twitter_card":"summary_large_image","twitter_misc":{"Est. reading time":"1 minute"},"schema":{"@context":"https:\/\/schema.org","@graph":[{"@type":"WebPage","@id":"https:\/\/www.viastein.hu\/termek\/diszburkolatok\/kiegeszitok\/lunetto\/","url":"https:\/\/www.viastein.hu\/termek\/diszburkolatok\/kiegeszitok\/lunetto\/","name":"Lunetto - Viastein","isPartOf":{"@id":"https:\/\/www.viastein.hu\/#website"},"primaryImageOfPage":{"@id":"https:\/\/www.viastein.hu\/termek\/diszburkolatok\/kiegeszitok\/lunetto\/#primaryimage"},"image":{"@id":"https:\/\/www.viastein.hu\/termek\/diszburkolatok\/kiegeszitok\/lunetto\/#primaryimage"},"thumbnailUrl":"https:\/\/www.viastein.hu\/wp-content\/uploads\/2024\/08\/img1-12.jpg","datePublished":"2024-08-01T13:46:39+00:00","dateModified":"2026-02-05T11:28:22+00:00","description":"A LUNETTO n\u00f6v\u00e9nykos\u00e1r-n\u00f6v\u00e9nyt\u00e1mfal csal\u00e1di h\u00e1zak kertj\u00e9nek, k\u00f6zter\u00fcletek parkjainak l\u00e1tv\u00e1nyos \u00e9s eszt\u00e9tikus eleme.","breadcrumb":{"@id":"https:\/\/www.viastein.hu\/termek\/diszburkolatok\/kiegeszitok\/lunetto\/#breadcrumb"},"inLanguage":"en-US","potentialAction":[{"@type":"ReadAction","target":["https:\/\/www.viastein.hu\/termek\/diszburkolatok\/kiegeszitok\/lunetto\/"]}]},{"@type":"ImageObject","inLanguage":"en-US","@id":"https:\/\/www.viastein.hu\/termek\/diszburkolatok\/kiegeszitok\/lunetto\/#primaryimage","url":"https:\/\/www.viastein.hu\/wp-content\/uploads\/2024\/08\/img1-12.jpg","contentUrl":"https:\/\/www.viastein.hu\/wp-content\/uploads\/2024\/08\/img1-12.jpg","width":1200,"height":1600},{"@type":"BreadcrumbList","@id":"https:\/\/www.viastein.hu\/termek\/diszburkolatok\/kiegeszitok\/lunetto\/#breadcrumb","itemListElement":[{"@type":"ListItem","position":1,"name":"Kezd\u0151lap","item":"https:\/\/www.viastein.hu\/"},{"@type":"ListItem","position":2,"name":"Term\u00e9kek","item":"https:\/\/www.viastein.hu\/termekek-2\/"},{"@type":"ListItem","position":3,"name":"D\u00cdSZBURKOLATOK","item":"https:\/\/www.viastein.hu\/termek-kategoria\/diszburkolatok\/"},{"@type":"ListItem","position":4,"name":"Kerti kieg\u00e9sz\u00edt\u0151k","item":"https:\/\/www.viastein.hu\/termek-kategoria\/diszburkolatok\/kiegeszitok\/"},{"@type":"ListItem","position":5,"name":"Lunetto"}]},{"@type":"WebSite","@id":"https:\/\/www.viastein.hu\/#website","url":"https:\/\/www.viastein.hu\/","name":"Viastein","description":"D\u00edszburkolatok, falaz\u00f3elemek, vasbeton elemek. Pr\u00e9mium min\u0151s\u00e9gben, hazai rakt\u00e1rb\u00f3l, r\u00f6vid sz\u00e1ll\u00edt\u00e1si hat\u00e1rid\u0151vel.","publisher":{"@id":"https:\/\/www.viastein.hu\/#organization"},"potentialAction":[{"@type":"SearchAction","target":{"@type":"EntryPoint","urlTemplate":"https:\/\/www.viastein.hu\/?s={search_term_string}"},"query-input":{"@type":"PropertyValueSpecification","valueRequired":true,"valueName":"search_term_string"}}],"inLanguage":"en-US"},{"@type":"Organization","@id":"https:\/\/www.viastein.hu\/#organization","name":"Viastein","url":"https:\/\/www.viastein.hu\/","logo":{"@type":"ImageObject","inLanguage":"en-US","@id":"https:\/\/www.viastein.hu\/#\/schema\/logo\/image\/","url":"https:\/\/www.viastein.hu\/wp-content\/uploads\/2024\/07\/viastein-color-logo-02-2.png","contentUrl":"https:\/\/www.viastein.hu\/wp-content\/uploads\/2024\/07\/viastein-color-logo-02-2.png","width":232,"height":58,"caption":"Viastein"},"image":{"@id":"https:\/\/www.viastein.hu\/#\/schema\/logo\/image\/"},"sameAs":["https:\/\/www.facebook.com\/viastein.hu\/","https:\/\/www.instagram.com\/viastein_hungary\/","https:\/\/www.youtube.com\/@viasteinkft8464","https:\/\/www.tiktok.com\/@viastein_hungary"]}]}},"_links":{"self":[{"href":"https:\/\/www.viastein.hu\/en\/wp-json\/wp\/v2\/product\/3308","targetHints":{"allow":["GET"]}}],"collection":[{"href":"https:\/\/www.viastein.hu\/en\/wp-json\/wp\/v2\/product"}],"about":[{"href":"https:\/\/www.viastein.hu\/en\/wp-json\/wp\/v2\/types\/product"}],"wp:featuredmedia":[{"embeddable":true,"href":"https:\/\/www.viastein.hu\/en\/wp-json\/wp\/v2\/media\/3363"}],"wp:attachment":[{"href":"https:\/\/www.viastein.hu\/en\/wp-json\/wp\/v2\/media?parent=3308"}],"wp:term":[{"taxonomy":"product_brand","embeddable":true,"href":"https:\/\/www.viastein.hu\/en\/wp-json\/wp\/v2\/product_brand?post=3308"},{"taxonomy":"product_cat","embeddable":true,"href":"https:\/\/www.viastein.hu\/en\/wp-json\/wp\/v2\/product_cat?post=3308"},{"taxonomy":"product_tag","embeddable":true,"href":"https:\/\/www.viastein.hu\/en\/wp-json\/wp\/v2\/product_tag?post=3308"}],"curies":[{"name":"wp","href":"https:\/\/api.w.org\/{rel}","templated":true}]}}