{"id":3306,"date":"2024-08-01T13:46:39","date_gmt":"2024-08-01T13:46:39","guid":{"rendered":"https:\/\/www.viastein.hu\/?post_type=product&#038;p=3306"},"modified":"2026-03-04T15:15:52","modified_gmt":"2026-03-04T13:15:52","slug":"grando","status":"publish","type":"product","link":"https:\/\/www.viastein.hu\/en\/termek\/diszburkolatok\/terkovek-terkorendszerek-lapok\/grando\/","title":{"rendered":"Grando"},"content":{"rendered":"<p>A GRANDO term\u00e9k csal\u00e1d egyedi ig\u00e9nyekre szabhat\u00f3 nagyform\u00e1tum\u00fa laprendszer. T\u00f6bbf\u00e9le m\u00e9ret, sz\u00edn \u00e9s fel\u00fcletk\u00e9pz\u00e9s k\u00f6z\u00fcl lehet v\u00e1lasztani, minden egyedi ig\u00e9ny teljes k\u00f6r\u0171 kiszolg\u00e1l\u00e1s\u00e1ra. A GRANDO term\u00e9kcsal\u00e1d a meger\u0151s\u00edtett t\u00e1vtart\u00f3 bord\u00e1zat\u00e1nak k\u00f6sz\u00f6nhet\u0151en szabadon kombin\u00e1lhat\u00f3 a NEXUS \u00e9s SEMPRE MISTRO term\u00e9kekkel. Burkolat fel\u00fcletv\u00e9delm\u00e9r\u0151l a Clean &amp; Color Protect (CP+) fel\u00fcletv\u00e9delem gondoskodik.<\/p>\n","protected":false},"excerpt":{"rendered":"<p><strong>SZ\u00cdNEK<\/strong><\/p>\n<div class=\"row\" style=\"content: ''; display: flex; clear: both;\">\n<div class=\"wrpdiv\">\n<div class=\"column, column011\" style=\"float: left; ; padding: 10px;\"><img decoding=\"async\" class=\"attachment-full size-full\" src=\"https:\/\/www.viastein.hu\/wp-content\/uploads\/2024\/08\/szu\u0308rke.jpg\" alt=\"\" \/><br \/>\n<strong style=\"font-size: 14px;\">sz\u00fcrke<\/strong><\/div>\n<div class=\"column, column011\" style=\"float: left; ; padding: 10px;\"><img decoding=\"async\" class=\"attachment-full size-full\" src=\"https:\/\/www.viastein.hu\/wp-content\/uploads\/2024\/08\/antracit-1.jpg\" alt=\"\" \/><br \/>\n<strong style=\"font-size: 14px;\">antracit<\/strong><\/div>\n<div class=\"column, column011\" style=\"float: left; ; padding: 10px;\"><img decoding=\"async\" class=\"attachment-full size-full\" src=\"https:\/\/www.viastein.hu\/wp-content\/uploads\/2024\/08\/antracit-feher-6.jpg\" alt=\"\" \/><br \/>\n<strong style=\"font-size: 14px;\">antracit-feh\u00e9r \u00e1rnyalt<\/strong><\/div>\n<div class=\"column, column011\" style=\"float: left; ; padding: 10px;\">\n<p><img decoding=\"async\" class=\"attachment-full size-full\" src=\"https:\/\/www.viastein.hu\/wp-content\/uploads\/2024\/08\/kagylohej-8.jpg\" alt=\"\" \/><br \/>\n<strong style=\"font-size: 14px;\">kagyl\u00f3h\u00e9j \u00e1rnyalt<\/strong><\/p>\n<\/div>\n<\/div>\n<\/div>\n<hr style=\"border: solid 1px;\" \/>\n<div class=\"divwarp1\" style=\"height: 70px;\">\n<div class=\"row row011\" style=\"content: ''; display: flex; clear: both;\">\n<div class=\"IconColumn\" style=\"float: left; width: 50%; padding: 10px;\">\n<h4 style=\"font-size: 13px;\">TEHERB\u00cdR\u00c1S<\/h4>\n<div class=\"column01\" style=\"float: left; width: 33.33%; padding: 10px; display: flex;\"><img decoding=\"async\" style=\"padding-right: 15px;\" src=\"https:\/\/www.viastein.hu\/wp-content\/uploads\/2024\/08\/human.jpg\" alt=\"\" \/><br \/>\n<img decoding=\"async\" style=\"padding-right: 15px;\" src=\"https:\/\/www.viastein.hu\/wp-content\/uploads\/2024\/08\/terrace.jpg\" alt=\"\" \/><br \/>\n<img decoding=\"async\" style=\"padding-right: 15px;\" src=\"https:\/\/www.viastein.hu\/wp-content\/uploads\/2024\/08\/small-car.jpg\" alt=\"\" \/><\/div>\n<\/div>\n<div class=\"IconColumn\" style=\"float: left; width: 50%; padding: 10px;\">\n<h4 style=\"font-size: 13px;\">K\u00d6T\u00c9SBEN-RAKHAT\u00d3-T\u00c9RK\u0150RENDSZER<\/h4>\n<div class=\"column01\" style=\"float: left; width: 33.33%; padding: 10px; display: flex; cursor: pointer;\" title=\"Clean and Color Protect\"><img decoding=\"async\" style=\"padding-right: 15px;\" src=\"https:\/\/www.viastein.hu\/wp-content\/uploads\/2024\/08\/Color-Clean-Protect.jpg\" alt=\"\" \/><\/div>\n<\/div>\n<\/div>\n<\/div>\n<p>&nbsp;<\/p>\n<div class=\"divwarp1\" style=\"height: 110px;\">\n<div class=\"row row011\" style=\"content: ''; display: flex; clear: both;\">\n<div class=\"IconColumn\" style=\"float: left; width: 50%; padding: 10px;\">\n<h4 style=\"font-size: 13px;\">K\u00d6T\u00c9SBEN-RAKHAT\u00d3-T\u00c9RK\u0150RENDSZER<\/h4>\n<div class=\"column01\" style=\"float: left; width: 33.33%; padding: 10px; display: flex;\"><img decoding=\"async\" style=\"padding-right: 15px; cursor: pointer;\" title=\"Nexus t\u00e1vtart\u00f3 rendszer\" src=\"https:\/\/www.viastein.hu\/wp-content\/uploads\/2024\/08\/Ko\u0308te\u0301sben-rakhato\u0301-te\u0301rko\u030brendszer-1.jpg\" alt=\"\" \/><br \/>\n<img decoding=\"async\" style=\"padding-right: 15px; cursor: pointer;\" title=\"NEMES\u00cdTETT FEL\u00dcLET\" src=\"https:\/\/www.viastein.hu\/wp-content\/uploads\/2024\/08\/VIA.jpg\" alt=\"\" \/><\/div>\n<\/div>\n<div class=\"IconColumn IconColumn2\" style=\"float: left; width: 50%; padding: 10px;\">\n<h4 style=\"font-size: 13px;\">RENDEL\u00c9SRE<\/h4>\n<div class=\"column01\" style=\"float: left; width: 33.33%; padding: 10px; display: flex;\"><img decoding=\"async\" style=\"padding-right: 15px;\" src=\"https:\/\/www.viastein.hu\/wp-content\/uploads\/2024\/08\/Rendele\u0301sre.jpg\" alt=\"\" \/><\/div>\n<\/div>\n<\/div>\n<\/div>\n<div class=\"divwarp1\">\n<div class=\"row row011\" style=\"content: ''; display: flex; clear: both;\">\n<div class=\"IconColumn\" style=\"float: left; width: 50%; padding: 10px;\">\n<h4 style=\"font-size: 13px;\">NEMES\u00cdTETT FEL\u00dcLET<\/h4>\n<div class=\"column01\" style=\"float: left; width: 33.33%; padding: 10px; display: flex;\"><img decoding=\"async\" style=\"padding-right: 15px; cursor: pointer;\" title=\"Color Protect\" src=\"https:\/\/www.viastein.hu\/wp-content\/uploads\/2024\/08\/VIA.jpg\" alt=\"\" \/><\/div>\n<\/div>\n<\/div>\n<\/div>\n","protected":false},"featured_media":3353,"template":"","meta":{"_acf_changed":false},"product_brand":[],"product_cat":[95,191,56],"product_tag":[85,57,59,96,60,61,97,98,80,75,63,309],"class_list":{"0":"post-3306","1":"product","2":"type-product","3":"status-publish","4":"has-post-thumbnail","6":"product_cat-nagyformatumu-lapok","7":"product_cat-sima-finomszemcses-feluletu-terkovek","8":"product_cat-terkovek-terkorendszerek-lapok","9":"product_tag-antracit","10":"product_tag-antracit-feher-arnyalt","11":"product_tag-clean-and-color-protect","12":"product_tag-grando","13":"product_tag-gyalogos","14":"product_tag-kagylohej-arnyalt","15":"product_tag-kotesben-rakhato","16":"product_tag-rendelesre","17":"product_tag-szemelygepjarmu","18":"product_tag-szurke","19":"product_tag-terasz","20":"product_tag-via26","22":"first","23":"instock","24":"sold-individually","25":"taxable","26":"shipping-taxable","27":"purchasable","28":"product-type-variable"},"acf":[],"yoast_head":"<!-- This site is optimized with the Yoast SEO plugin v27.4 - https:\/\/yoast.com\/product\/yoast-seo-wordpress\/ -->\n<title>VIASTEIN Grando - P\u00e9rmium nagyform\u00e1tum\u00fa lap<\/title>\n<meta name=\"description\" content=\"A GRANDO term\u00e9k csal\u00e1d egyedi ig\u00e9nyekre szabhat\u00f3 nagyform\u00e1tum\u00fa laprendszer. T\u00f6bbf\u00e9le m\u00e9ret, sz\u00edn \u00e9s fel\u00fcletk\u00e9pz\u00e9s k\u00f6z\u00fcl lehet v\u00e1lasztani, minden egyedi ig\u00e9ny teljes k\u00f6r\u0171 kiszolg\u00e1l\u00e1s\u00e1ra.\" \/>\n<meta name=\"robots\" content=\"index, follow, max-snippet:-1, max-image-preview:large, max-video-preview:-1\" \/>\n<link rel=\"canonical\" href=\"https:\/\/www.viastein.hu\/termek\/diszburkolatok\/terkovek-terkorendszerek-lapok\/grando\/\" \/>\n<meta property=\"og:locale\" content=\"en_US\" \/>\n<meta property=\"og:type\" content=\"article\" \/>\n<meta property=\"og:title\" content=\"VIASTEIN Grando - P\u00e9rmium nagyform\u00e1tum\u00fa lap\" \/>\n<meta property=\"og:description\" content=\"A GRANDO term\u00e9k csal\u00e1d egyedi ig\u00e9nyekre szabhat\u00f3 nagyform\u00e1tum\u00fa laprendszer. T\u00f6bbf\u00e9le m\u00e9ret, sz\u00edn \u00e9s fel\u00fcletk\u00e9pz\u00e9s k\u00f6z\u00fcl lehet v\u00e1lasztani, minden egyedi ig\u00e9ny teljes k\u00f6r\u0171 kiszolg\u00e1l\u00e1s\u00e1ra.\" \/>\n<meta property=\"og:url\" content=\"https:\/\/www.viastein.hu\/termek\/diszburkolatok\/terkovek-terkorendszerek-lapok\/grando\/\" \/>\n<meta property=\"og:site_name\" content=\"Viastein\" \/>\n<meta property=\"article:publisher\" content=\"https:\/\/www.facebook.com\/viastein.hu\/\" \/>\n<meta property=\"article:modified_time\" content=\"2026-03-04T13:15:52+00:00\" \/>\n<meta property=\"og:image\" content=\"https:\/\/www.viastein.hu\/wp-content\/uploads\/2024\/08\/img1-10.jpg\" \/>\n\t<meta property=\"og:image:width\" content=\"1200\" \/>\n\t<meta property=\"og:image:height\" content=\"1600\" \/>\n\t<meta property=\"og:image:type\" content=\"image\/jpeg\" \/>\n<meta name=\"twitter:card\" content=\"summary_large_image\" \/>\n<meta name=\"twitter:label1\" content=\"Est. reading time\" \/>\n\t<meta name=\"twitter:data1\" content=\"1 minute\" \/>\n<script type=\"application\/ld+json\" class=\"yoast-schema-graph\">{\"@context\":\"https:\\\/\\\/schema.org\",\"@graph\":[{\"@type\":\"WebPage\",\"@id\":\"https:\\\/\\\/www.viastein.hu\\\/termek\\\/diszburkolatok\\\/terkovek-terkorendszerek-lapok\\\/grando\\\/\",\"url\":\"https:\\\/\\\/www.viastein.hu\\\/termek\\\/diszburkolatok\\\/terkovek-terkorendszerek-lapok\\\/grando\\\/\",\"name\":\"VIASTEIN Grando - P\u00e9rmium nagyform\u00e1tum\u00fa lap\",\"isPartOf\":{\"@id\":\"https:\\\/\\\/www.viastein.hu\\\/#website\"},\"primaryImageOfPage\":{\"@id\":\"https:\\\/\\\/www.viastein.hu\\\/termek\\\/diszburkolatok\\\/terkovek-terkorendszerek-lapok\\\/grando\\\/#primaryimage\"},\"image\":{\"@id\":\"https:\\\/\\\/www.viastein.hu\\\/termek\\\/diszburkolatok\\\/terkovek-terkorendszerek-lapok\\\/grando\\\/#primaryimage\"},\"thumbnailUrl\":\"https:\\\/\\\/www.viastein.hu\\\/wp-content\\\/uploads\\\/2024\\\/08\\\/img1-10.jpg\",\"datePublished\":\"2024-08-01T13:46:39+00:00\",\"dateModified\":\"2026-03-04T13:15:52+00:00\",\"description\":\"A GRANDO term\u00e9k csal\u00e1d egyedi ig\u00e9nyekre szabhat\u00f3 nagyform\u00e1tum\u00fa laprendszer. T\u00f6bbf\u00e9le m\u00e9ret, sz\u00edn \u00e9s fel\u00fcletk\u00e9pz\u00e9s k\u00f6z\u00fcl lehet v\u00e1lasztani, minden egyedi ig\u00e9ny teljes k\u00f6r\u0171 kiszolg\u00e1l\u00e1s\u00e1ra.\",\"breadcrumb\":{\"@id\":\"https:\\\/\\\/www.viastein.hu\\\/termek\\\/diszburkolatok\\\/terkovek-terkorendszerek-lapok\\\/grando\\\/#breadcrumb\"},\"inLanguage\":\"en-US\",\"potentialAction\":[{\"@type\":\"ReadAction\",\"target\":[\"https:\\\/\\\/www.viastein.hu\\\/termek\\\/diszburkolatok\\\/terkovek-terkorendszerek-lapok\\\/grando\\\/\"]}]},{\"@type\":\"ImageObject\",\"inLanguage\":\"en-US\",\"@id\":\"https:\\\/\\\/www.viastein.hu\\\/termek\\\/diszburkolatok\\\/terkovek-terkorendszerek-lapok\\\/grando\\\/#primaryimage\",\"url\":\"https:\\\/\\\/www.viastein.hu\\\/wp-content\\\/uploads\\\/2024\\\/08\\\/img1-10.jpg\",\"contentUrl\":\"https:\\\/\\\/www.viastein.hu\\\/wp-content\\\/uploads\\\/2024\\\/08\\\/img1-10.jpg\",\"width\":1200,\"height\":1600},{\"@type\":\"BreadcrumbList\",\"@id\":\"https:\\\/\\\/www.viastein.hu\\\/termek\\\/diszburkolatok\\\/terkovek-terkorendszerek-lapok\\\/grando\\\/#breadcrumb\",\"itemListElement\":[{\"@type\":\"ListItem\",\"position\":1,\"name\":\"Kezd\u0151lap\",\"item\":\"https:\\\/\\\/www.viastein.hu\\\/\"},{\"@type\":\"ListItem\",\"position\":2,\"name\":\"Term\u00e9kek\",\"item\":\"https:\\\/\\\/www.viastein.hu\\\/termekek-2\\\/\"},{\"@type\":\"ListItem\",\"position\":3,\"name\":\"D\u00cdSZBURKOLATOK\",\"item\":\"https:\\\/\\\/www.viastein.hu\\\/termek-kategoria\\\/diszburkolatok\\\/\"},{\"@type\":\"ListItem\",\"position\":4,\"name\":\"T\u00e9rk\u00f6vek, t\u00e9rk\u0151rendszerek \u00e9s lapok\",\"item\":\"https:\\\/\\\/www.viastein.hu\\\/termek-kategoria\\\/diszburkolatok\\\/terkovek-terkorendszerek-lapok\\\/\"},{\"@type\":\"ListItem\",\"position\":5,\"name\":\"Grando\"}]},{\"@type\":\"WebSite\",\"@id\":\"https:\\\/\\\/www.viastein.hu\\\/#website\",\"url\":\"https:\\\/\\\/www.viastein.hu\\\/\",\"name\":\"Viastein\",\"description\":\"D\u00edszburkolatok, falaz\u00f3elemek, vasbeton elemek. Pr\u00e9mium min\u0151s\u00e9gben, hazai rakt\u00e1rb\u00f3l, r\u00f6vid sz\u00e1ll\u00edt\u00e1si hat\u00e1rid\u0151vel.\",\"publisher\":{\"@id\":\"https:\\\/\\\/www.viastein.hu\\\/#organization\"},\"potentialAction\":[{\"@type\":\"SearchAction\",\"target\":{\"@type\":\"EntryPoint\",\"urlTemplate\":\"https:\\\/\\\/www.viastein.hu\\\/?s={search_term_string}\"},\"query-input\":{\"@type\":\"PropertyValueSpecification\",\"valueRequired\":true,\"valueName\":\"search_term_string\"}}],\"inLanguage\":\"en-US\"},{\"@type\":\"Organization\",\"@id\":\"https:\\\/\\\/www.viastein.hu\\\/#organization\",\"name\":\"Viastein\",\"url\":\"https:\\\/\\\/www.viastein.hu\\\/\",\"logo\":{\"@type\":\"ImageObject\",\"inLanguage\":\"en-US\",\"@id\":\"https:\\\/\\\/www.viastein.hu\\\/#\\\/schema\\\/logo\\\/image\\\/\",\"url\":\"https:\\\/\\\/www.viastein.hu\\\/wp-content\\\/uploads\\\/2024\\\/07\\\/viastein-color-logo-02-2.png\",\"contentUrl\":\"https:\\\/\\\/www.viastein.hu\\\/wp-content\\\/uploads\\\/2024\\\/07\\\/viastein-color-logo-02-2.png\",\"width\":232,\"height\":58,\"caption\":\"Viastein\"},\"image\":{\"@id\":\"https:\\\/\\\/www.viastein.hu\\\/#\\\/schema\\\/logo\\\/image\\\/\"},\"sameAs\":[\"https:\\\/\\\/www.facebook.com\\\/viastein.hu\\\/\",\"https:\\\/\\\/www.instagram.com\\\/viastein_hungary\\\/\",\"https:\\\/\\\/www.youtube.com\\\/@viasteinkft8464\",\"https:\\\/\\\/www.tiktok.com\\\/@viastein_hungary\"]}]}<\/script>\n<!-- \/ Yoast SEO plugin. -->","yoast_head_json":{"title":"VIASTEIN Grando - P\u00e9rmium nagyform\u00e1tum\u00fa lap","description":"A GRANDO term\u00e9k csal\u00e1d egyedi ig\u00e9nyekre szabhat\u00f3 nagyform\u00e1tum\u00fa laprendszer. T\u00f6bbf\u00e9le m\u00e9ret, sz\u00edn \u00e9s fel\u00fcletk\u00e9pz\u00e9s k\u00f6z\u00fcl lehet v\u00e1lasztani, minden egyedi ig\u00e9ny teljes k\u00f6r\u0171 kiszolg\u00e1l\u00e1s\u00e1ra.","robots":{"index":"index","follow":"follow","max-snippet":"max-snippet:-1","max-image-preview":"max-image-preview:large","max-video-preview":"max-video-preview:-1"},"canonical":"https:\/\/www.viastein.hu\/termek\/diszburkolatok\/terkovek-terkorendszerek-lapok\/grando\/","og_locale":"en_US","og_type":"article","og_title":"VIASTEIN Grando - P\u00e9rmium nagyform\u00e1tum\u00fa lap","og_description":"A GRANDO term\u00e9k csal\u00e1d egyedi ig\u00e9nyekre szabhat\u00f3 nagyform\u00e1tum\u00fa laprendszer. T\u00f6bbf\u00e9le m\u00e9ret, sz\u00edn \u00e9s fel\u00fcletk\u00e9pz\u00e9s k\u00f6z\u00fcl lehet v\u00e1lasztani, minden egyedi ig\u00e9ny teljes k\u00f6r\u0171 kiszolg\u00e1l\u00e1s\u00e1ra.","og_url":"https:\/\/www.viastein.hu\/termek\/diszburkolatok\/terkovek-terkorendszerek-lapok\/grando\/","og_site_name":"Viastein","article_publisher":"https:\/\/www.facebook.com\/viastein.hu\/","article_modified_time":"2026-03-04T13:15:52+00:00","og_image":[{"width":1200,"height":1600,"url":"https:\/\/www.viastein.hu\/wp-content\/uploads\/2024\/08\/img1-10.jpg","type":"image\/jpeg"}],"twitter_card":"summary_large_image","twitter_misc":{"Est. reading time":"1 minute"},"schema":{"@context":"https:\/\/schema.org","@graph":[{"@type":"WebPage","@id":"https:\/\/www.viastein.hu\/termek\/diszburkolatok\/terkovek-terkorendszerek-lapok\/grando\/","url":"https:\/\/www.viastein.hu\/termek\/diszburkolatok\/terkovek-terkorendszerek-lapok\/grando\/","name":"VIASTEIN Grando - P\u00e9rmium nagyform\u00e1tum\u00fa lap","isPartOf":{"@id":"https:\/\/www.viastein.hu\/#website"},"primaryImageOfPage":{"@id":"https:\/\/www.viastein.hu\/termek\/diszburkolatok\/terkovek-terkorendszerek-lapok\/grando\/#primaryimage"},"image":{"@id":"https:\/\/www.viastein.hu\/termek\/diszburkolatok\/terkovek-terkorendszerek-lapok\/grando\/#primaryimage"},"thumbnailUrl":"https:\/\/www.viastein.hu\/wp-content\/uploads\/2024\/08\/img1-10.jpg","datePublished":"2024-08-01T13:46:39+00:00","dateModified":"2026-03-04T13:15:52+00:00","description":"A GRANDO term\u00e9k csal\u00e1d egyedi ig\u00e9nyekre szabhat\u00f3 nagyform\u00e1tum\u00fa laprendszer. T\u00f6bbf\u00e9le m\u00e9ret, sz\u00edn \u00e9s fel\u00fcletk\u00e9pz\u00e9s k\u00f6z\u00fcl lehet v\u00e1lasztani, minden egyedi ig\u00e9ny teljes k\u00f6r\u0171 kiszolg\u00e1l\u00e1s\u00e1ra.","breadcrumb":{"@id":"https:\/\/www.viastein.hu\/termek\/diszburkolatok\/terkovek-terkorendszerek-lapok\/grando\/#breadcrumb"},"inLanguage":"en-US","potentialAction":[{"@type":"ReadAction","target":["https:\/\/www.viastein.hu\/termek\/diszburkolatok\/terkovek-terkorendszerek-lapok\/grando\/"]}]},{"@type":"ImageObject","inLanguage":"en-US","@id":"https:\/\/www.viastein.hu\/termek\/diszburkolatok\/terkovek-terkorendszerek-lapok\/grando\/#primaryimage","url":"https:\/\/www.viastein.hu\/wp-content\/uploads\/2024\/08\/img1-10.jpg","contentUrl":"https:\/\/www.viastein.hu\/wp-content\/uploads\/2024\/08\/img1-10.jpg","width":1200,"height":1600},{"@type":"BreadcrumbList","@id":"https:\/\/www.viastein.hu\/termek\/diszburkolatok\/terkovek-terkorendszerek-lapok\/grando\/#breadcrumb","itemListElement":[{"@type":"ListItem","position":1,"name":"Kezd\u0151lap","item":"https:\/\/www.viastein.hu\/"},{"@type":"ListItem","position":2,"name":"Term\u00e9kek","item":"https:\/\/www.viastein.hu\/termekek-2\/"},{"@type":"ListItem","position":3,"name":"D\u00cdSZBURKOLATOK","item":"https:\/\/www.viastein.hu\/termek-kategoria\/diszburkolatok\/"},{"@type":"ListItem","position":4,"name":"T\u00e9rk\u00f6vek, t\u00e9rk\u0151rendszerek \u00e9s lapok","item":"https:\/\/www.viastein.hu\/termek-kategoria\/diszburkolatok\/terkovek-terkorendszerek-lapok\/"},{"@type":"ListItem","position":5,"name":"Grando"}]},{"@type":"WebSite","@id":"https:\/\/www.viastein.hu\/#website","url":"https:\/\/www.viastein.hu\/","name":"Viastein","description":"D\u00edszburkolatok, falaz\u00f3elemek, vasbeton elemek. Pr\u00e9mium min\u0151s\u00e9gben, hazai rakt\u00e1rb\u00f3l, r\u00f6vid sz\u00e1ll\u00edt\u00e1si hat\u00e1rid\u0151vel.","publisher":{"@id":"https:\/\/www.viastein.hu\/#organization"},"potentialAction":[{"@type":"SearchAction","target":{"@type":"EntryPoint","urlTemplate":"https:\/\/www.viastein.hu\/?s={search_term_string}"},"query-input":{"@type":"PropertyValueSpecification","valueRequired":true,"valueName":"search_term_string"}}],"inLanguage":"en-US"},{"@type":"Organization","@id":"https:\/\/www.viastein.hu\/#organization","name":"Viastein","url":"https:\/\/www.viastein.hu\/","logo":{"@type":"ImageObject","inLanguage":"en-US","@id":"https:\/\/www.viastein.hu\/#\/schema\/logo\/image\/","url":"https:\/\/www.viastein.hu\/wp-content\/uploads\/2024\/07\/viastein-color-logo-02-2.png","contentUrl":"https:\/\/www.viastein.hu\/wp-content\/uploads\/2024\/07\/viastein-color-logo-02-2.png","width":232,"height":58,"caption":"Viastein"},"image":{"@id":"https:\/\/www.viastein.hu\/#\/schema\/logo\/image\/"},"sameAs":["https:\/\/www.facebook.com\/viastein.hu\/","https:\/\/www.instagram.com\/viastein_hungary\/","https:\/\/www.youtube.com\/@viasteinkft8464","https:\/\/www.tiktok.com\/@viastein_hungary"]}]}},"_links":{"self":[{"href":"https:\/\/www.viastein.hu\/en\/wp-json\/wp\/v2\/product\/3306","targetHints":{"allow":["GET"]}}],"collection":[{"href":"https:\/\/www.viastein.hu\/en\/wp-json\/wp\/v2\/product"}],"about":[{"href":"https:\/\/www.viastein.hu\/en\/wp-json\/wp\/v2\/types\/product"}],"wp:featuredmedia":[{"embeddable":true,"href":"https:\/\/www.viastein.hu\/en\/wp-json\/wp\/v2\/media\/3353"}],"wp:attachment":[{"href":"https:\/\/www.viastein.hu\/en\/wp-json\/wp\/v2\/media?parent=3306"}],"wp:term":[{"taxonomy":"product_brand","embeddable":true,"href":"https:\/\/www.viastein.hu\/en\/wp-json\/wp\/v2\/product_brand?post=3306"},{"taxonomy":"product_cat","embeddable":true,"href":"https:\/\/www.viastein.hu\/en\/wp-json\/wp\/v2\/product_cat?post=3306"},{"taxonomy":"product_tag","embeddable":true,"href":"https:\/\/www.viastein.hu\/en\/wp-json\/wp\/v2\/product_tag?post=3306"}],"curies":[{"name":"wp","href":"https:\/\/api.w.org\/{rel}","templated":true}]}}