{"id":3305,"date":"2024-08-01T13:46:39","date_gmt":"2024-08-01T13:46:39","guid":{"rendered":"https:\/\/www.viastein.hu\/?post_type=product&#038;p=3305"},"modified":"2026-03-04T14:45:05","modified_gmt":"2026-03-04T12:45:05","slug":"folio-fino","status":"publish","type":"product","link":"https:\/\/www.viastein.hu\/en\/termek\/diszburkolatok\/terkovek-terkorendszerek-lapok\/folio-fino\/","title":{"rendered":"Folio Fino"},"content":{"rendered":"<p>FOLIO FINO teraszburkol\u00f3 lapjaink funkcionalit\u00e1sukkal \u00e9s eszt\u00e9tikus formatervez\u00e9s\u00fckkel az \u00e9p\u00edt\u00e9szet \u00e9s a lak\u00e1skult\u00fara egys\u00e9ges harm\u00f3ni\u00e1j\u00e1t hozz\u00e1k l\u00e9tre. Burkolataink kellemes \u00f6sszhangot teremtenek, mely hosszas pihen\u00e9sre \u00e9s laz\u00edt\u00e1sra cs\u00e1b\u00edtanak. Clean &amp; Color Protect (CP+) fel\u00fcletv\u00e9delemmel \u00e9s term\u00e9szet k\u00f6zeli sz\u00edneivel teszi hangulatoss\u00e1 a teraszok, kertek \u00e9s erk\u00e9lyek l\u00e9gk\u00f6r\u00e9t.<\/p>\n","protected":false},"excerpt":{"rendered":"<p><strong>SZ\u00cdNEK<\/strong><\/p>\n<div style=\"display: flex; flex-wrap: wrap; gap: 20px;\">\n<div style=\"width: 150px; text-align: center;\"><img decoding=\"async\" style=\"width: 100%;\" src=\"https:\/\/www.viastein.hu\/wp-content\/uploads\/2024\/08\/antracit-feher-5.jpg\" alt=\"antracit-feh\u00e9r \u00e1rnyalt\" \/><br \/>\n<strong style=\"font-size: 14px;\">antracit-feh\u00e9r \u00e1rnyalt<\/strong><\/div>\n<div style=\"width: 150px; text-align: center;\"><img decoding=\"async\" style=\"width: 100%;\" src=\"https:\/\/www.viastein.hu\/wp-content\/uploads\/2024\/08\/szavanna-3.jpg\" alt=\"szavanna \u00e1rnyalt\" \/><br \/>\n<strong style=\"font-size: 14px;\">szavanna \u00e1rnyalt<\/strong><\/div>\n<div style=\"width: 150px; text-align: center;\"><img decoding=\"async\" style=\"width: 100%;\" src=\"https:\/\/www.viastein.hu\/wp-content\/uploads\/2024\/08\/kagylohej-7.jpg\" alt=\"kagyl\u00f3h\u00e9j \u00e1rnyalt\" \/><br \/>\n<strong style=\"font-size: 14px;\">kagyl\u00f3h\u00e9j \u00e1rnyalt<\/strong><\/div>\n<div style=\"width: 150px; text-align: center;\"><img decoding=\"async\" style=\"width: 100%;\" src=\"https:\/\/www.viastein.hu\/wp-content\/uploads\/2024\/08\/mokka-7.jpg\" alt=\"mokka \u00e1rnyalt\" \/><br \/>\n<strong style=\"font-size: 14px;\">mokka \u00e1rnyalt<\/strong><\/div>\n<div style=\"width: 150px; text-align: center;\"><img decoding=\"async\" style=\"width: 100%;\" src=\"https:\/\/www.viastein.hu\/wp-content\/uploads\/2024\/08\/sotet_ejszurke.jpg\" alt=\"s\u00f6t\u00e9t \u00e9jsz\u00fcrke\" \/><br \/>\n<strong style=\"font-size: 14px;\">s\u00f6t\u00e9t \u00e9jsz\u00fcrke<\/strong><\/div>\n<div style=\"width: 150px; text-align: center;\"><img decoding=\"async\" style=\"width: 100%;\" src=\"https:\/\/www.viastein.hu\/wp-content\/uploads\/2025\/04\/arany-134.jpg\" alt=\"arany \u00e1rnyalt\" \/><br \/>\n<strong style=\"font-size: 14px;\">arany \u00e1rnyalt<\/strong><\/div>\n<div style=\"width: 150px; text-align: center;\"><img decoding=\"async\" style=\"width: 100%;\" src=\"https:\/\/www.viastein.hu\/wp-content\/uploads\/2024\/08\/krem-2.jpg\" alt=\"kr\u00e9m\" \/><br \/>\n<strong style=\"font-size: 14px;\">kr\u00e9m<\/strong><\/div>\n<div style=\"width: 150px; text-align: center;\"><img decoding=\"async\" style=\"width: 100%;\" src=\"https:\/\/www.viastein.hu\/wp-content\/uploads\/2024\/08\/krem-gyongyszort-2.jpg\" alt=\"kr\u00e9m gy\u00f6ngysz\u00f3rt\" \/><br \/>\n<strong style=\"font-size: 14px;\">kr\u00e9m gy\u00f6ngysz\u00f3rt<\/strong><\/div>\n<\/div>\n<div class=\"column01\" style=\"float: left; width: 33.33%; padding: 10px;\"><\/div>\n<div><\/div>\n<div><\/div>\n<div><\/div>\n<hr style=\"border: solid 1px;\" \/>\n<div class=\"divwarp1\">\n<div class=\"row row011\" style=\"height: 107px; display: flex; clear: both;\">\n<div class=\"IconColumn\" style=\"float: left; width: 50%; padding: 10px;\">\n<h4 style=\"font-size: 13px;\">TEHERB\u00cdR\u00c1S<\/h4>\n<div class=\"column01\" style=\"float: left; width: 33.33%; padding: 10px; display: flex;\"><img decoding=\"async\" style=\"padding-right: 15px;\" src=\"https:\/\/www.viastein.hu\/wp-content\/uploads\/2024\/08\/human.jpg\" alt=\"\" \/><br \/>\n<img decoding=\"async\" style=\"padding-right: 15px;\" src=\"https:\/\/www.viastein.hu\/wp-content\/uploads\/2024\/08\/terrace.jpg\" alt=\"\" \/><\/div>\n<\/div>\n<div class=\"IconColumn IconColumn2\" style=\"float: left; width: 50%; padding: 10px;\">\n<h4 style=\"font-size: 13px;\">K\u00d6T\u00c9SBEN-RAKHAT\u00d3-T\u00c9RK\u0150RENDSZER<\/h4>\n<div class=\"column01\" style=\"float: left; width: 33.33%; padding: 10px; display: flex;\"><img decoding=\"async\" style=\"padding-right: 15px; cursor: pointer;\" title=\"Clean and Color Protect\" src=\"https:\/\/www.viastein.hu\/wp-content\/uploads\/2024\/08\/Color-Clean-Protect.jpg\" alt=\"\" \/><\/div>\n<\/div>\n<\/div>\n<\/div>\n<div class=\"divwarp1\">\n<div class=\"row row011\" style=\"display: flex; clear: both;\">\n<div class=\"IconColumn\" style=\"float: left; width: 50%; padding: 10px;\">\n<h4 style=\"font-size: 13px;\">NEMES\u00cdTETT FEL\u00dcLET<\/h4>\n<div class=\"column01\" style=\"float: left; width: 33.33%; padding: 10px; display: flex; cursor: pointer;\" title=\"Color Protect\"><img decoding=\"async\" style=\"padding-right: 15px;\" src=\"https:\/\/www.viastein.hu\/wp-content\/uploads\/2024\/08\/VIA.jpg\" alt=\"\" \/><\/div>\n<\/div>\n<\/div>\n<\/div>\n","protected":false},"featured_media":3351,"template":"","meta":{"_acf_changed":false},"product_brand":[],"product_cat":[244,192,56],"product_tag":[57,237,59,66,91,60,61,122,62,93,74,63,309],"class_list":{"0":"post-3305","1":"product","2":"type-product","3":"status-publish","4":"has-post-thumbnail","6":"product_cat-diszburkolatok","7":"product_cat-gyongyszort-feluletu-terkovek","8":"product_cat-terkovek-terkorendszerek-lapok","9":"product_tag-antracit-feher-arnyalt","10":"product_tag-arany-arnyalt","11":"product_tag-clean-and-color-protect","12":"product_tag-feluletkezelt","13":"product_tag-folio-fino","14":"product_tag-gyalogos","15":"product_tag-kagylohej-arnyalt","16":"product_tag-krem","17":"product_tag-mokka-arnyalt","18":"product_tag-sotet-ejszurke","19":"product_tag-szavanna-arnyalt","20":"product_tag-terasz","21":"product_tag-via26","23":"first","24":"instock","25":"sold-individually","26":"taxable","27":"shipping-taxable","28":"purchasable","29":"product-type-variable"},"acf":[],"yoast_head":"<!-- This site is optimized with the Yoast SEO plugin v27.4 - https:\/\/yoast.com\/product\/yoast-seo-wordpress\/ -->\n<title>VIASTEIN Folio Fino - Pr\u00e9mium burkol\u00f3 lap<\/title>\n<meta name=\"description\" content=\"FOLIO FINO teraszburkol\u00f3 lapjaink funkcionalit\u00e1sukkal \u00e9s eszt\u00e9tikus formatervez\u00e9s\u00fckkel az \u00e9p\u00edt\u00e9szet \u00e9s a lak\u00e1skult\u00fara egys\u00e9ges harm\u00f3ni\u00e1j\u00e1t hozz\u00e1k l\u00e9tre.\" \/>\n<meta name=\"robots\" content=\"index, follow, max-snippet:-1, max-image-preview:large, max-video-preview:-1\" \/>\n<link rel=\"canonical\" href=\"https:\/\/www.viastein.hu\/termek\/diszburkolatok\/terkovek-terkorendszerek-lapok\/folio-fino\/\" \/>\n<meta property=\"og:locale\" content=\"en_US\" \/>\n<meta property=\"og:type\" content=\"article\" \/>\n<meta property=\"og:title\" content=\"VIASTEIN Folio Fino - Pr\u00e9mium burkol\u00f3 lap\" \/>\n<meta property=\"og:description\" content=\"FOLIO FINO teraszburkol\u00f3 lapjaink funkcionalit\u00e1sukkal \u00e9s eszt\u00e9tikus formatervez\u00e9s\u00fckkel az \u00e9p\u00edt\u00e9szet \u00e9s a lak\u00e1skult\u00fara egys\u00e9ges harm\u00f3ni\u00e1j\u00e1t hozz\u00e1k l\u00e9tre.\" \/>\n<meta property=\"og:url\" content=\"https:\/\/www.viastein.hu\/termek\/diszburkolatok\/terkovek-terkorendszerek-lapok\/folio-fino\/\" \/>\n<meta property=\"og:site_name\" content=\"Viastein\" \/>\n<meta property=\"article:publisher\" content=\"https:\/\/www.facebook.com\/viastein.hu\/\" \/>\n<meta property=\"article:modified_time\" content=\"2026-03-04T12:45:05+00:00\" \/>\n<meta property=\"og:image\" content=\"https:\/\/www.viastein.hu\/wp-content\/uploads\/2024\/08\/img1-9.jpg\" \/>\n\t<meta property=\"og:image:width\" content=\"1200\" \/>\n\t<meta property=\"og:image:height\" content=\"1600\" \/>\n\t<meta property=\"og:image:type\" content=\"image\/jpeg\" \/>\n<meta name=\"twitter:card\" content=\"summary_large_image\" \/>\n<meta name=\"twitter:label1\" content=\"Est. reading time\" \/>\n\t<meta name=\"twitter:data1\" content=\"1 minute\" \/>\n<script type=\"application\/ld+json\" class=\"yoast-schema-graph\">{\"@context\":\"https:\\\/\\\/schema.org\",\"@graph\":[{\"@type\":\"WebPage\",\"@id\":\"https:\\\/\\\/www.viastein.hu\\\/termek\\\/diszburkolatok\\\/terkovek-terkorendszerek-lapok\\\/folio-fino\\\/\",\"url\":\"https:\\\/\\\/www.viastein.hu\\\/termek\\\/diszburkolatok\\\/terkovek-terkorendszerek-lapok\\\/folio-fino\\\/\",\"name\":\"VIASTEIN Folio Fino - Pr\u00e9mium burkol\u00f3 lap\",\"isPartOf\":{\"@id\":\"https:\\\/\\\/www.viastein.hu\\\/#website\"},\"primaryImageOfPage\":{\"@id\":\"https:\\\/\\\/www.viastein.hu\\\/termek\\\/diszburkolatok\\\/terkovek-terkorendszerek-lapok\\\/folio-fino\\\/#primaryimage\"},\"image\":{\"@id\":\"https:\\\/\\\/www.viastein.hu\\\/termek\\\/diszburkolatok\\\/terkovek-terkorendszerek-lapok\\\/folio-fino\\\/#primaryimage\"},\"thumbnailUrl\":\"https:\\\/\\\/www.viastein.hu\\\/wp-content\\\/uploads\\\/2024\\\/08\\\/img1-9.jpg\",\"datePublished\":\"2024-08-01T13:46:39+00:00\",\"dateModified\":\"2026-03-04T12:45:05+00:00\",\"description\":\"FOLIO FINO teraszburkol\u00f3 lapjaink funkcionalit\u00e1sukkal \u00e9s eszt\u00e9tikus formatervez\u00e9s\u00fckkel az \u00e9p\u00edt\u00e9szet \u00e9s a lak\u00e1skult\u00fara egys\u00e9ges harm\u00f3ni\u00e1j\u00e1t hozz\u00e1k l\u00e9tre.\",\"breadcrumb\":{\"@id\":\"https:\\\/\\\/www.viastein.hu\\\/termek\\\/diszburkolatok\\\/terkovek-terkorendszerek-lapok\\\/folio-fino\\\/#breadcrumb\"},\"inLanguage\":\"en-US\",\"potentialAction\":[{\"@type\":\"ReadAction\",\"target\":[\"https:\\\/\\\/www.viastein.hu\\\/termek\\\/diszburkolatok\\\/terkovek-terkorendszerek-lapok\\\/folio-fino\\\/\"]}]},{\"@type\":\"ImageObject\",\"inLanguage\":\"en-US\",\"@id\":\"https:\\\/\\\/www.viastein.hu\\\/termek\\\/diszburkolatok\\\/terkovek-terkorendszerek-lapok\\\/folio-fino\\\/#primaryimage\",\"url\":\"https:\\\/\\\/www.viastein.hu\\\/wp-content\\\/uploads\\\/2024\\\/08\\\/img1-9.jpg\",\"contentUrl\":\"https:\\\/\\\/www.viastein.hu\\\/wp-content\\\/uploads\\\/2024\\\/08\\\/img1-9.jpg\",\"width\":1200,\"height\":1600},{\"@type\":\"BreadcrumbList\",\"@id\":\"https:\\\/\\\/www.viastein.hu\\\/termek\\\/diszburkolatok\\\/terkovek-terkorendszerek-lapok\\\/folio-fino\\\/#breadcrumb\",\"itemListElement\":[{\"@type\":\"ListItem\",\"position\":1,\"name\":\"Kezd\u0151lap\",\"item\":\"https:\\\/\\\/www.viastein.hu\\\/\"},{\"@type\":\"ListItem\",\"position\":2,\"name\":\"Term\u00e9kek\",\"item\":\"https:\\\/\\\/www.viastein.hu\\\/termekek-2\\\/\"},{\"@type\":\"ListItem\",\"position\":3,\"name\":\"D\u00cdSZBURKOLATOK\",\"item\":\"https:\\\/\\\/www.viastein.hu\\\/termek-kategoria\\\/diszburkolatok\\\/\"},{\"@type\":\"ListItem\",\"position\":4,\"name\":\"T\u00e9rk\u00f6vek, t\u00e9rk\u0151rendszerek \u00e9s lapok\",\"item\":\"https:\\\/\\\/www.viastein.hu\\\/termek-kategoria\\\/diszburkolatok\\\/terkovek-terkorendszerek-lapok\\\/\"},{\"@type\":\"ListItem\",\"position\":5,\"name\":\"Folio Fino\"}]},{\"@type\":\"WebSite\",\"@id\":\"https:\\\/\\\/www.viastein.hu\\\/#website\",\"url\":\"https:\\\/\\\/www.viastein.hu\\\/\",\"name\":\"Viastein\",\"description\":\"D\u00edszburkolatok, falaz\u00f3elemek, vasbeton elemek. Pr\u00e9mium min\u0151s\u00e9gben, hazai rakt\u00e1rb\u00f3l, r\u00f6vid sz\u00e1ll\u00edt\u00e1si hat\u00e1rid\u0151vel.\",\"publisher\":{\"@id\":\"https:\\\/\\\/www.viastein.hu\\\/#organization\"},\"potentialAction\":[{\"@type\":\"SearchAction\",\"target\":{\"@type\":\"EntryPoint\",\"urlTemplate\":\"https:\\\/\\\/www.viastein.hu\\\/?s={search_term_string}\"},\"query-input\":{\"@type\":\"PropertyValueSpecification\",\"valueRequired\":true,\"valueName\":\"search_term_string\"}}],\"inLanguage\":\"en-US\"},{\"@type\":\"Organization\",\"@id\":\"https:\\\/\\\/www.viastein.hu\\\/#organization\",\"name\":\"Viastein\",\"url\":\"https:\\\/\\\/www.viastein.hu\\\/\",\"logo\":{\"@type\":\"ImageObject\",\"inLanguage\":\"en-US\",\"@id\":\"https:\\\/\\\/www.viastein.hu\\\/#\\\/schema\\\/logo\\\/image\\\/\",\"url\":\"https:\\\/\\\/www.viastein.hu\\\/wp-content\\\/uploads\\\/2024\\\/07\\\/viastein-color-logo-02-2.png\",\"contentUrl\":\"https:\\\/\\\/www.viastein.hu\\\/wp-content\\\/uploads\\\/2024\\\/07\\\/viastein-color-logo-02-2.png\",\"width\":232,\"height\":58,\"caption\":\"Viastein\"},\"image\":{\"@id\":\"https:\\\/\\\/www.viastein.hu\\\/#\\\/schema\\\/logo\\\/image\\\/\"},\"sameAs\":[\"https:\\\/\\\/www.facebook.com\\\/viastein.hu\\\/\",\"https:\\\/\\\/www.instagram.com\\\/viastein_hungary\\\/\",\"https:\\\/\\\/www.youtube.com\\\/@viasteinkft8464\",\"https:\\\/\\\/www.tiktok.com\\\/@viastein_hungary\"]}]}<\/script>\n<!-- \/ Yoast SEO plugin. -->","yoast_head_json":{"title":"VIASTEIN Folio Fino - Pr\u00e9mium burkol\u00f3 lap","description":"FOLIO FINO teraszburkol\u00f3 lapjaink funkcionalit\u00e1sukkal \u00e9s eszt\u00e9tikus formatervez\u00e9s\u00fckkel az \u00e9p\u00edt\u00e9szet \u00e9s a lak\u00e1skult\u00fara egys\u00e9ges harm\u00f3ni\u00e1j\u00e1t hozz\u00e1k l\u00e9tre.","robots":{"index":"index","follow":"follow","max-snippet":"max-snippet:-1","max-image-preview":"max-image-preview:large","max-video-preview":"max-video-preview:-1"},"canonical":"https:\/\/www.viastein.hu\/termek\/diszburkolatok\/terkovek-terkorendszerek-lapok\/folio-fino\/","og_locale":"en_US","og_type":"article","og_title":"VIASTEIN Folio Fino - Pr\u00e9mium burkol\u00f3 lap","og_description":"FOLIO FINO teraszburkol\u00f3 lapjaink funkcionalit\u00e1sukkal \u00e9s eszt\u00e9tikus formatervez\u00e9s\u00fckkel az \u00e9p\u00edt\u00e9szet \u00e9s a lak\u00e1skult\u00fara egys\u00e9ges harm\u00f3ni\u00e1j\u00e1t hozz\u00e1k l\u00e9tre.","og_url":"https:\/\/www.viastein.hu\/termek\/diszburkolatok\/terkovek-terkorendszerek-lapok\/folio-fino\/","og_site_name":"Viastein","article_publisher":"https:\/\/www.facebook.com\/viastein.hu\/","article_modified_time":"2026-03-04T12:45:05+00:00","og_image":[{"width":1200,"height":1600,"url":"https:\/\/www.viastein.hu\/wp-content\/uploads\/2024\/08\/img1-9.jpg","type":"image\/jpeg"}],"twitter_card":"summary_large_image","twitter_misc":{"Est. reading time":"1 minute"},"schema":{"@context":"https:\/\/schema.org","@graph":[{"@type":"WebPage","@id":"https:\/\/www.viastein.hu\/termek\/diszburkolatok\/terkovek-terkorendszerek-lapok\/folio-fino\/","url":"https:\/\/www.viastein.hu\/termek\/diszburkolatok\/terkovek-terkorendszerek-lapok\/folio-fino\/","name":"VIASTEIN Folio Fino - Pr\u00e9mium burkol\u00f3 lap","isPartOf":{"@id":"https:\/\/www.viastein.hu\/#website"},"primaryImageOfPage":{"@id":"https:\/\/www.viastein.hu\/termek\/diszburkolatok\/terkovek-terkorendszerek-lapok\/folio-fino\/#primaryimage"},"image":{"@id":"https:\/\/www.viastein.hu\/termek\/diszburkolatok\/terkovek-terkorendszerek-lapok\/folio-fino\/#primaryimage"},"thumbnailUrl":"https:\/\/www.viastein.hu\/wp-content\/uploads\/2024\/08\/img1-9.jpg","datePublished":"2024-08-01T13:46:39+00:00","dateModified":"2026-03-04T12:45:05+00:00","description":"FOLIO FINO teraszburkol\u00f3 lapjaink funkcionalit\u00e1sukkal \u00e9s eszt\u00e9tikus formatervez\u00e9s\u00fckkel az \u00e9p\u00edt\u00e9szet \u00e9s a lak\u00e1skult\u00fara egys\u00e9ges harm\u00f3ni\u00e1j\u00e1t hozz\u00e1k l\u00e9tre.","breadcrumb":{"@id":"https:\/\/www.viastein.hu\/termek\/diszburkolatok\/terkovek-terkorendszerek-lapok\/folio-fino\/#breadcrumb"},"inLanguage":"en-US","potentialAction":[{"@type":"ReadAction","target":["https:\/\/www.viastein.hu\/termek\/diszburkolatok\/terkovek-terkorendszerek-lapok\/folio-fino\/"]}]},{"@type":"ImageObject","inLanguage":"en-US","@id":"https:\/\/www.viastein.hu\/termek\/diszburkolatok\/terkovek-terkorendszerek-lapok\/folio-fino\/#primaryimage","url":"https:\/\/www.viastein.hu\/wp-content\/uploads\/2024\/08\/img1-9.jpg","contentUrl":"https:\/\/www.viastein.hu\/wp-content\/uploads\/2024\/08\/img1-9.jpg","width":1200,"height":1600},{"@type":"BreadcrumbList","@id":"https:\/\/www.viastein.hu\/termek\/diszburkolatok\/terkovek-terkorendszerek-lapok\/folio-fino\/#breadcrumb","itemListElement":[{"@type":"ListItem","position":1,"name":"Kezd\u0151lap","item":"https:\/\/www.viastein.hu\/"},{"@type":"ListItem","position":2,"name":"Term\u00e9kek","item":"https:\/\/www.viastein.hu\/termekek-2\/"},{"@type":"ListItem","position":3,"name":"D\u00cdSZBURKOLATOK","item":"https:\/\/www.viastein.hu\/termek-kategoria\/diszburkolatok\/"},{"@type":"ListItem","position":4,"name":"T\u00e9rk\u00f6vek, t\u00e9rk\u0151rendszerek \u00e9s lapok","item":"https:\/\/www.viastein.hu\/termek-kategoria\/diszburkolatok\/terkovek-terkorendszerek-lapok\/"},{"@type":"ListItem","position":5,"name":"Folio Fino"}]},{"@type":"WebSite","@id":"https:\/\/www.viastein.hu\/#website","url":"https:\/\/www.viastein.hu\/","name":"Viastein","description":"D\u00edszburkolatok, falaz\u00f3elemek, vasbeton elemek. Pr\u00e9mium min\u0151s\u00e9gben, hazai rakt\u00e1rb\u00f3l, r\u00f6vid sz\u00e1ll\u00edt\u00e1si hat\u00e1rid\u0151vel.","publisher":{"@id":"https:\/\/www.viastein.hu\/#organization"},"potentialAction":[{"@type":"SearchAction","target":{"@type":"EntryPoint","urlTemplate":"https:\/\/www.viastein.hu\/?s={search_term_string}"},"query-input":{"@type":"PropertyValueSpecification","valueRequired":true,"valueName":"search_term_string"}}],"inLanguage":"en-US"},{"@type":"Organization","@id":"https:\/\/www.viastein.hu\/#organization","name":"Viastein","url":"https:\/\/www.viastein.hu\/","logo":{"@type":"ImageObject","inLanguage":"en-US","@id":"https:\/\/www.viastein.hu\/#\/schema\/logo\/image\/","url":"https:\/\/www.viastein.hu\/wp-content\/uploads\/2024\/07\/viastein-color-logo-02-2.png","contentUrl":"https:\/\/www.viastein.hu\/wp-content\/uploads\/2024\/07\/viastein-color-logo-02-2.png","width":232,"height":58,"caption":"Viastein"},"image":{"@id":"https:\/\/www.viastein.hu\/#\/schema\/logo\/image\/"},"sameAs":["https:\/\/www.facebook.com\/viastein.hu\/","https:\/\/www.instagram.com\/viastein_hungary\/","https:\/\/www.youtube.com\/@viasteinkft8464","https:\/\/www.tiktok.com\/@viastein_hungary"]}]}},"_links":{"self":[{"href":"https:\/\/www.viastein.hu\/en\/wp-json\/wp\/v2\/product\/3305","targetHints":{"allow":["GET"]}}],"collection":[{"href":"https:\/\/www.viastein.hu\/en\/wp-json\/wp\/v2\/product"}],"about":[{"href":"https:\/\/www.viastein.hu\/en\/wp-json\/wp\/v2\/types\/product"}],"wp:featuredmedia":[{"embeddable":true,"href":"https:\/\/www.viastein.hu\/en\/wp-json\/wp\/v2\/media\/3351"}],"wp:attachment":[{"href":"https:\/\/www.viastein.hu\/en\/wp-json\/wp\/v2\/media?parent=3305"}],"wp:term":[{"taxonomy":"product_brand","embeddable":true,"href":"https:\/\/www.viastein.hu\/en\/wp-json\/wp\/v2\/product_brand?post=3305"},{"taxonomy":"product_cat","embeddable":true,"href":"https:\/\/www.viastein.hu\/en\/wp-json\/wp\/v2\/product_cat?post=3305"},{"taxonomy":"product_tag","embeddable":true,"href":"https:\/\/www.viastein.hu\/en\/wp-json\/wp\/v2\/product_tag?post=3305"}],"curies":[{"name":"wp","href":"https:\/\/api.w.org\/{rel}","templated":true}]}}