{"id":3298,"date":"2024-08-01T13:46:38","date_gmt":"2024-08-01T13:46:38","guid":{"rendered":"https:\/\/www.viastein.hu\/?post_type=product&#038;p=3298"},"modified":"2026-02-04T15:28:55","modified_gmt":"2026-02-04T13:28:55","slug":"betonfolyoka","status":"publish","type":"product","link":"https:\/\/www.viastein.hu\/en\/termek\/diszburkolatok\/kiegeszitok\/betonfolyoka\/","title":{"rendered":"Betonfoly\u00f3ka"},"content":{"rendered":"<div class=\"row\" style=\"content: ''; display: table; clear: both;\">\n<div class=\"column01\" style=\"float: left; width: 33.33%; padding: 10px;\">\n<p class=\"BETONFOLY\u00d3KA\">Az anyag\u00e1ban sz\u00ednezett kop\u00f3r\u00e9teggel rendelkez\u0151 Betonfoly\u00f3ka alapvet\u0151en a kis v\u00edzhozam\u00fa burkolt fel\u00fcletek csapad\u00e9kv\u00edz elvezet\u00e9s\u00e9t hivatott szolg\u00e1lni, ezt a funkci\u00f3j\u00e1t a 1,5 cm mederm\u00e9lys\u00e9g\u00e9vel t\u00f6k\u00e9letesen ell\u00e1tja.<br \/>\nAz alap sz\u00fcrke sz\u00edn mellett egyed\u00fcl\u00e1ll\u00f3 m\u00f3don t\u00e9rk\u00f6veink kedvelt \u00e1rnyalt sz\u00ednvil\u00e1g\u00e1hoz igaz\u00edtottuk. A Clean &amp; Color Protect (CP+) v\u00e9delemmel ell\u00e1tott fel\u00fclete szinte beleolvad d\u00edszburkolatainkba.<\/p>\n<p>&nbsp;<\/p>\n<\/div>\n<div class=\"column01\" style=\"float: left; width: 33.33%; padding: 10px;\">\n<h3 style=\"text-align: left;\">SPECIFIK\u00c1CI\u00d3K<\/h3>\n<div style=\"max-width: 700px; margin: 0;\">\n<table style=\"width: 100%; border-collapse: collapse; text-align: left;\">\n<thead>\n<tr style=\"background-color: #000 !important; color: #fff !important;\">\n<th style=\"padding: 10px; background-color: #000 !important; color: #fff !important;\"><\/th>\n<th style=\"padding: 10px; background-color: #000 !important; color: #fff !important;\">PR\u00c9MIUM<\/th>\n<\/tr>\n<\/thead>\n<tbody>\n<tr style=\"background-color: #f0f2f2;\">\n<th style=\"padding: 10px;\">vastags\u00e1g<\/th>\n<td style=\"padding: 10px;\">8 cm<\/td>\n<\/tr>\n<tr>\n<th style=\"padding: 10px;\">m\u00e9ret<\/th>\n<td style=\"padding: 10px;\">40 x 40 cm<\/td>\n<\/tr>\n<tr style=\"background-color: #f0f2f2;\">\n<th style=\"padding: 10px;\">db \/ raklap<\/th>\n<td style=\"padding: 10px;\">60<\/td>\n<\/tr>\n<tr>\n<th style=\"padding: 10px;\">m\u00b2 \/ raklap<\/th>\n<td style=\"padding: 10px;\">9,6<\/td>\n<\/tr>\n<tr style=\"background-color: #f0f2f2;\">\n<th style=\"padding: 10px;\">kg\/ raklap<\/th>\n<td style=\"padding: 10px;\">1620<\/td>\n<\/tr>\n<tr>\n<th style=\"padding: 10px;\">sor \/ raklap<\/th>\n<td style=\"padding: 10px;\">10<\/td>\n<\/tr>\n<\/tbody>\n<\/table>\n<\/div>\n<\/div>\n<div class=\"column01\" style=\"float: left; width: 33.33%; padding: 10px;\"><img decoding=\"async\" class=\"attachment-full size-full\" src=\"https:\/\/www.viastein.hu\/wp-content\/uploads\/2024\/08\/Betonfolyoka_3d-1.png\" alt=\"\" \/><\/div>\n<\/div>\n","protected":false},"excerpt":{"rendered":"<p><strong>SZ\u00cdNEK<\/strong><\/p>\n<div class=\"row\" style=\"content: ''; display: flex; clear: both;\">\n<div class=\"column, column011\" style=\"float: left; padding: 10px;\">\n<p><img decoding=\"async\" class=\"attachment-full size-full\" src=\"https:\/\/www.viastein.hu\/wp-content\/uploads\/2024\/08\/bronz-3.jpg\" alt=\"\" \/><br \/>\n<strong>bronz \u00e1rnyalt<\/strong><\/p>\n<\/div>\n<div class=\"column, column011\" style=\"float: left; padding: 10px;\">\n<p><img decoding=\"async\" class=\"attachment-full size-full\" src=\"https:\/\/www.viastein.hu\/wp-content\/uploads\/2024\/08\/antracit-feher-2.jpg\" alt=\"\" \/><br \/>\n<strong>antracit-feh\u00e9r \u00e1rnyalt<\/strong><\/p>\n<\/div>\n<div class=\"column, column011\" style=\"float: left; padding: 10px;\">\n<p><img decoding=\"async\" class=\"attachment-full size-full\" src=\"https:\/\/www.viastein.hu\/wp-content\/uploads\/2024\/08\/kagylohej-2.jpg\" alt=\"\" \/><br \/>\n<strong>kagyl\u00f3h\u00e9j \u00e1rnyalt<\/strong><\/p>\n<\/div>\n<div class=\"column, column011\" style=\"float: left; padding: 10px;\">\n<p><img decoding=\"async\" class=\"attachment-full size-full\" src=\"https:\/\/www.viastein.hu\/wp-content\/uploads\/2024\/08\/mokka-3.jpg\" alt=\"\" \/><br \/>\n<strong>mokka \u00e1rnyalt<\/strong><\/p>\n<\/div>\n<div class=\"column, column011\" style=\"float: left; padding: 10px;\">\n<p><img decoding=\"async\" class=\"attachment-full size-full\" src=\"https:\/\/www.viastein.hu\/wp-content\/uploads\/2024\/08\/szavanna.jpg\" alt=\"\" \/><br \/>\n<strong>szavanna \u00e1rnyalt<\/strong><\/p>\n<\/div>\n<\/div>\n<hr style=\"border: solid 1px;\" \/>\n<div class=\"divwarp1\">\n<div class=\"row row011\" style=\"content: ''; display: flex; clear: both;\">\n<div class=\"IconColumn \" style=\"float: left; width: 50%; padding: 10px;\">\n<h4 style=\"font-size: 13px;\">TEHERB\u00cdR\u00c1S<\/h4>\n<div class=\"column01\" style=\"float: left; width: 33.33%; padding: 10px; display: flex;\"><img decoding=\"async\" style=\"padding-right: 15px;\" src=\"https:\/\/www.viastein.hu\/wp-content\/uploads\/2024\/08\/human.jpg\" alt=\"\" \/><br \/>\n<img decoding=\"async\" style=\"padding-right: 15px;\" src=\"https:\/\/www.viastein.hu\/wp-content\/uploads\/2024\/08\/small-car.jpg\" alt=\"\" \/><\/div>\n<\/div>\n<div class=\"IconColumn \" style=\"float: left; width: 50%; padding: 10px;\">\n<h4 style=\"font-size: 13px;\">K\u00d6T\u00c9SBEN-RAKHAT\u00d3-T\u00c9RK\u0150RENDSZER<\/h4>\n<div class=\"column01\" style=\"float: left; width: 33.33%; padding: 10px; display: flex;\"><img decoding=\"async\" style=\"padding-right: 15px;\" src=\"https:\/\/www.viastein.hu\/wp-content\/uploads\/2024\/08\/Color-Clean-Protect.jpg\" alt=\"\" \/><\/div>\n<\/div>\n<\/div>\n<\/div>\n","protected":false},"featured_media":3329,"template":"","meta":{"_acf_changed":false},"product_brand":[],"product_cat":[206,67],"product_tag":[57,68,69,59,61,62],"class_list":{"0":"post-3298","1":"product","2":"type-product","3":"status-publish","4":"has-post-thumbnail","6":"product_cat-betonfolyokak","7":"product_cat-kiegeszitok","8":"product_tag-antracit-feher-arnyalt","9":"product_tag-betonfolyoka","10":"product_tag-bronz-arnyalt","11":"product_tag-clean-and-color-protect","12":"product_tag-kagylohej-arnyalt","13":"product_tag-mokka-arnyalt","15":"first","16":"instock","17":"sold-individually","18":"taxable","19":"shipping-taxable","20":"purchasable","21":"product-type-simple"},"acf":[],"yoast_head":"<!-- This site is optimized with the Yoast SEO plugin v27.4 - https:\/\/yoast.com\/product\/yoast-seo-wordpress\/ -->\n<title>Betonfoly\u00f3ka - Viastein<\/title>\n<meta name=\"description\" content=\"Az anyag\u00e1ban sz\u00ednezett kop\u00f3r\u00e9teggel rendelkez\u0151 Betonfoly\u00f3ka alapvet\u0151en a kis v\u00edzhozam\u00fa burkolt fel\u00fcletek csapad\u00e9kv\u00edz elvezet\u00e9s\u00e9t hivatott szolg\u00e1lni, ezt a funkci\u00f3j\u00e1t a 1,5 cm mederm\u00e9lys\u00e9g\u00e9vel t\u00f6k\u00e9letesen ell\u00e1tja.\" \/>\n<meta name=\"robots\" content=\"index, follow, max-snippet:-1, max-image-preview:large, max-video-preview:-1\" \/>\n<link rel=\"canonical\" href=\"https:\/\/www.viastein.hu\/termek\/diszburkolatok\/kiegeszitok\/betonfolyoka\/\" \/>\n<meta property=\"og:locale\" content=\"en_US\" \/>\n<meta property=\"og:type\" content=\"article\" \/>\n<meta property=\"og:title\" content=\"Betonfoly\u00f3ka - Viastein\" \/>\n<meta property=\"og:description\" content=\"Az anyag\u00e1ban sz\u00ednezett kop\u00f3r\u00e9teggel rendelkez\u0151 Betonfoly\u00f3ka alapvet\u0151en a kis v\u00edzhozam\u00fa burkolt fel\u00fcletek csapad\u00e9kv\u00edz elvezet\u00e9s\u00e9t hivatott szolg\u00e1lni, ezt a funkci\u00f3j\u00e1t a 1,5 cm mederm\u00e9lys\u00e9g\u00e9vel t\u00f6k\u00e9letesen ell\u00e1tja.\" \/>\n<meta property=\"og:url\" content=\"https:\/\/www.viastein.hu\/termek\/diszburkolatok\/kiegeszitok\/betonfolyoka\/\" \/>\n<meta property=\"og:site_name\" content=\"Viastein\" \/>\n<meta property=\"article:publisher\" content=\"https:\/\/www.facebook.com\/viastein.hu\/\" \/>\n<meta property=\"article:modified_time\" content=\"2026-02-04T13:28:55+00:00\" \/>\n<meta property=\"og:image\" content=\"https:\/\/www.viastein.hu\/wp-content\/uploads\/2024\/08\/img1-3.jpg\" \/>\n\t<meta property=\"og:image:width\" content=\"1200\" \/>\n\t<meta property=\"og:image:height\" content=\"1600\" \/>\n\t<meta property=\"og:image:type\" content=\"image\/jpeg\" \/>\n<meta name=\"twitter:card\" content=\"summary_large_image\" \/>\n<meta name=\"twitter:label1\" content=\"Est. reading time\" \/>\n\t<meta name=\"twitter:data1\" content=\"1 minute\" \/>\n<script type=\"application\/ld+json\" class=\"yoast-schema-graph\">{\"@context\":\"https:\\\/\\\/schema.org\",\"@graph\":[{\"@type\":\"WebPage\",\"@id\":\"https:\\\/\\\/www.viastein.hu\\\/termek\\\/diszburkolatok\\\/kiegeszitok\\\/betonfolyoka\\\/\",\"url\":\"https:\\\/\\\/www.viastein.hu\\\/termek\\\/diszburkolatok\\\/kiegeszitok\\\/betonfolyoka\\\/\",\"name\":\"Betonfoly\u00f3ka - Viastein\",\"isPartOf\":{\"@id\":\"https:\\\/\\\/www.viastein.hu\\\/#website\"},\"primaryImageOfPage\":{\"@id\":\"https:\\\/\\\/www.viastein.hu\\\/termek\\\/diszburkolatok\\\/kiegeszitok\\\/betonfolyoka\\\/#primaryimage\"},\"image\":{\"@id\":\"https:\\\/\\\/www.viastein.hu\\\/termek\\\/diszburkolatok\\\/kiegeszitok\\\/betonfolyoka\\\/#primaryimage\"},\"thumbnailUrl\":\"https:\\\/\\\/www.viastein.hu\\\/wp-content\\\/uploads\\\/2024\\\/08\\\/img1-3.jpg\",\"datePublished\":\"2024-08-01T13:46:38+00:00\",\"dateModified\":\"2026-02-04T13:28:55+00:00\",\"description\":\"Az anyag\u00e1ban sz\u00ednezett kop\u00f3r\u00e9teggel rendelkez\u0151 Betonfoly\u00f3ka alapvet\u0151en a kis v\u00edzhozam\u00fa burkolt fel\u00fcletek csapad\u00e9kv\u00edz elvezet\u00e9s\u00e9t hivatott szolg\u00e1lni, ezt a funkci\u00f3j\u00e1t a 1,5 cm mederm\u00e9lys\u00e9g\u00e9vel t\u00f6k\u00e9letesen ell\u00e1tja.\",\"breadcrumb\":{\"@id\":\"https:\\\/\\\/www.viastein.hu\\\/termek\\\/diszburkolatok\\\/kiegeszitok\\\/betonfolyoka\\\/#breadcrumb\"},\"inLanguage\":\"en-US\",\"potentialAction\":[{\"@type\":\"ReadAction\",\"target\":[\"https:\\\/\\\/www.viastein.hu\\\/termek\\\/diszburkolatok\\\/kiegeszitok\\\/betonfolyoka\\\/\"]}]},{\"@type\":\"ImageObject\",\"inLanguage\":\"en-US\",\"@id\":\"https:\\\/\\\/www.viastein.hu\\\/termek\\\/diszburkolatok\\\/kiegeszitok\\\/betonfolyoka\\\/#primaryimage\",\"url\":\"https:\\\/\\\/www.viastein.hu\\\/wp-content\\\/uploads\\\/2024\\\/08\\\/img1-3.jpg\",\"contentUrl\":\"https:\\\/\\\/www.viastein.hu\\\/wp-content\\\/uploads\\\/2024\\\/08\\\/img1-3.jpg\",\"width\":1200,\"height\":1600},{\"@type\":\"BreadcrumbList\",\"@id\":\"https:\\\/\\\/www.viastein.hu\\\/termek\\\/diszburkolatok\\\/kiegeszitok\\\/betonfolyoka\\\/#breadcrumb\",\"itemListElement\":[{\"@type\":\"ListItem\",\"position\":1,\"name\":\"Kezd\u0151lap\",\"item\":\"https:\\\/\\\/www.viastein.hu\\\/\"},{\"@type\":\"ListItem\",\"position\":2,\"name\":\"Term\u00e9kek\",\"item\":\"https:\\\/\\\/www.viastein.hu\\\/termekek-2\\\/\"},{\"@type\":\"ListItem\",\"position\":3,\"name\":\"D\u00cdSZBURKOLATOK\",\"item\":\"https:\\\/\\\/www.viastein.hu\\\/termek-kategoria\\\/diszburkolatok\\\/\"},{\"@type\":\"ListItem\",\"position\":4,\"name\":\"Kerti kieg\u00e9sz\u00edt\u0151k\",\"item\":\"https:\\\/\\\/www.viastein.hu\\\/termek-kategoria\\\/diszburkolatok\\\/kiegeszitok\\\/\"},{\"@type\":\"ListItem\",\"position\":5,\"name\":\"Betonfoly\u00f3ka\"}]},{\"@type\":\"WebSite\",\"@id\":\"https:\\\/\\\/www.viastein.hu\\\/#website\",\"url\":\"https:\\\/\\\/www.viastein.hu\\\/\",\"name\":\"Viastein\",\"description\":\"D\u00edszburkolatok, falaz\u00f3elemek, vasbeton elemek. Pr\u00e9mium min\u0151s\u00e9gben, hazai rakt\u00e1rb\u00f3l, r\u00f6vid sz\u00e1ll\u00edt\u00e1si hat\u00e1rid\u0151vel.\",\"publisher\":{\"@id\":\"https:\\\/\\\/www.viastein.hu\\\/#organization\"},\"potentialAction\":[{\"@type\":\"SearchAction\",\"target\":{\"@type\":\"EntryPoint\",\"urlTemplate\":\"https:\\\/\\\/www.viastein.hu\\\/?s={search_term_string}\"},\"query-input\":{\"@type\":\"PropertyValueSpecification\",\"valueRequired\":true,\"valueName\":\"search_term_string\"}}],\"inLanguage\":\"en-US\"},{\"@type\":\"Organization\",\"@id\":\"https:\\\/\\\/www.viastein.hu\\\/#organization\",\"name\":\"Viastein\",\"url\":\"https:\\\/\\\/www.viastein.hu\\\/\",\"logo\":{\"@type\":\"ImageObject\",\"inLanguage\":\"en-US\",\"@id\":\"https:\\\/\\\/www.viastein.hu\\\/#\\\/schema\\\/logo\\\/image\\\/\",\"url\":\"https:\\\/\\\/www.viastein.hu\\\/wp-content\\\/uploads\\\/2024\\\/07\\\/viastein-color-logo-02-2.png\",\"contentUrl\":\"https:\\\/\\\/www.viastein.hu\\\/wp-content\\\/uploads\\\/2024\\\/07\\\/viastein-color-logo-02-2.png\",\"width\":232,\"height\":58,\"caption\":\"Viastein\"},\"image\":{\"@id\":\"https:\\\/\\\/www.viastein.hu\\\/#\\\/schema\\\/logo\\\/image\\\/\"},\"sameAs\":[\"https:\\\/\\\/www.facebook.com\\\/viastein.hu\\\/\",\"https:\\\/\\\/www.instagram.com\\\/viastein_hungary\\\/\",\"https:\\\/\\\/www.youtube.com\\\/@viasteinkft8464\",\"https:\\\/\\\/www.tiktok.com\\\/@viastein_hungary\"]}]}<\/script>\n<!-- \/ Yoast SEO plugin. -->","yoast_head_json":{"title":"Betonfoly\u00f3ka - Viastein","description":"Az anyag\u00e1ban sz\u00ednezett kop\u00f3r\u00e9teggel rendelkez\u0151 Betonfoly\u00f3ka alapvet\u0151en a kis v\u00edzhozam\u00fa burkolt fel\u00fcletek csapad\u00e9kv\u00edz elvezet\u00e9s\u00e9t hivatott szolg\u00e1lni, ezt a funkci\u00f3j\u00e1t a 1,5 cm mederm\u00e9lys\u00e9g\u00e9vel t\u00f6k\u00e9letesen ell\u00e1tja.","robots":{"index":"index","follow":"follow","max-snippet":"max-snippet:-1","max-image-preview":"max-image-preview:large","max-video-preview":"max-video-preview:-1"},"canonical":"https:\/\/www.viastein.hu\/termek\/diszburkolatok\/kiegeszitok\/betonfolyoka\/","og_locale":"en_US","og_type":"article","og_title":"Betonfoly\u00f3ka - Viastein","og_description":"Az anyag\u00e1ban sz\u00ednezett kop\u00f3r\u00e9teggel rendelkez\u0151 Betonfoly\u00f3ka alapvet\u0151en a kis v\u00edzhozam\u00fa burkolt fel\u00fcletek csapad\u00e9kv\u00edz elvezet\u00e9s\u00e9t hivatott szolg\u00e1lni, ezt a funkci\u00f3j\u00e1t a 1,5 cm mederm\u00e9lys\u00e9g\u00e9vel t\u00f6k\u00e9letesen ell\u00e1tja.","og_url":"https:\/\/www.viastein.hu\/termek\/diszburkolatok\/kiegeszitok\/betonfolyoka\/","og_site_name":"Viastein","article_publisher":"https:\/\/www.facebook.com\/viastein.hu\/","article_modified_time":"2026-02-04T13:28:55+00:00","og_image":[{"width":1200,"height":1600,"url":"https:\/\/www.viastein.hu\/wp-content\/uploads\/2024\/08\/img1-3.jpg","type":"image\/jpeg"}],"twitter_card":"summary_large_image","twitter_misc":{"Est. reading time":"1 minute"},"schema":{"@context":"https:\/\/schema.org","@graph":[{"@type":"WebPage","@id":"https:\/\/www.viastein.hu\/termek\/diszburkolatok\/kiegeszitok\/betonfolyoka\/","url":"https:\/\/www.viastein.hu\/termek\/diszburkolatok\/kiegeszitok\/betonfolyoka\/","name":"Betonfoly\u00f3ka - Viastein","isPartOf":{"@id":"https:\/\/www.viastein.hu\/#website"},"primaryImageOfPage":{"@id":"https:\/\/www.viastein.hu\/termek\/diszburkolatok\/kiegeszitok\/betonfolyoka\/#primaryimage"},"image":{"@id":"https:\/\/www.viastein.hu\/termek\/diszburkolatok\/kiegeszitok\/betonfolyoka\/#primaryimage"},"thumbnailUrl":"https:\/\/www.viastein.hu\/wp-content\/uploads\/2024\/08\/img1-3.jpg","datePublished":"2024-08-01T13:46:38+00:00","dateModified":"2026-02-04T13:28:55+00:00","description":"Az anyag\u00e1ban sz\u00ednezett kop\u00f3r\u00e9teggel rendelkez\u0151 Betonfoly\u00f3ka alapvet\u0151en a kis v\u00edzhozam\u00fa burkolt fel\u00fcletek csapad\u00e9kv\u00edz elvezet\u00e9s\u00e9t hivatott szolg\u00e1lni, ezt a funkci\u00f3j\u00e1t a 1,5 cm mederm\u00e9lys\u00e9g\u00e9vel t\u00f6k\u00e9letesen ell\u00e1tja.","breadcrumb":{"@id":"https:\/\/www.viastein.hu\/termek\/diszburkolatok\/kiegeszitok\/betonfolyoka\/#breadcrumb"},"inLanguage":"en-US","potentialAction":[{"@type":"ReadAction","target":["https:\/\/www.viastein.hu\/termek\/diszburkolatok\/kiegeszitok\/betonfolyoka\/"]}]},{"@type":"ImageObject","inLanguage":"en-US","@id":"https:\/\/www.viastein.hu\/termek\/diszburkolatok\/kiegeszitok\/betonfolyoka\/#primaryimage","url":"https:\/\/www.viastein.hu\/wp-content\/uploads\/2024\/08\/img1-3.jpg","contentUrl":"https:\/\/www.viastein.hu\/wp-content\/uploads\/2024\/08\/img1-3.jpg","width":1200,"height":1600},{"@type":"BreadcrumbList","@id":"https:\/\/www.viastein.hu\/termek\/diszburkolatok\/kiegeszitok\/betonfolyoka\/#breadcrumb","itemListElement":[{"@type":"ListItem","position":1,"name":"Kezd\u0151lap","item":"https:\/\/www.viastein.hu\/"},{"@type":"ListItem","position":2,"name":"Term\u00e9kek","item":"https:\/\/www.viastein.hu\/termekek-2\/"},{"@type":"ListItem","position":3,"name":"D\u00cdSZBURKOLATOK","item":"https:\/\/www.viastein.hu\/termek-kategoria\/diszburkolatok\/"},{"@type":"ListItem","position":4,"name":"Kerti kieg\u00e9sz\u00edt\u0151k","item":"https:\/\/www.viastein.hu\/termek-kategoria\/diszburkolatok\/kiegeszitok\/"},{"@type":"ListItem","position":5,"name":"Betonfoly\u00f3ka"}]},{"@type":"WebSite","@id":"https:\/\/www.viastein.hu\/#website","url":"https:\/\/www.viastein.hu\/","name":"Viastein","description":"D\u00edszburkolatok, falaz\u00f3elemek, vasbeton elemek. Pr\u00e9mium min\u0151s\u00e9gben, hazai rakt\u00e1rb\u00f3l, r\u00f6vid sz\u00e1ll\u00edt\u00e1si hat\u00e1rid\u0151vel.","publisher":{"@id":"https:\/\/www.viastein.hu\/#organization"},"potentialAction":[{"@type":"SearchAction","target":{"@type":"EntryPoint","urlTemplate":"https:\/\/www.viastein.hu\/?s={search_term_string}"},"query-input":{"@type":"PropertyValueSpecification","valueRequired":true,"valueName":"search_term_string"}}],"inLanguage":"en-US"},{"@type":"Organization","@id":"https:\/\/www.viastein.hu\/#organization","name":"Viastein","url":"https:\/\/www.viastein.hu\/","logo":{"@type":"ImageObject","inLanguage":"en-US","@id":"https:\/\/www.viastein.hu\/#\/schema\/logo\/image\/","url":"https:\/\/www.viastein.hu\/wp-content\/uploads\/2024\/07\/viastein-color-logo-02-2.png","contentUrl":"https:\/\/www.viastein.hu\/wp-content\/uploads\/2024\/07\/viastein-color-logo-02-2.png","width":232,"height":58,"caption":"Viastein"},"image":{"@id":"https:\/\/www.viastein.hu\/#\/schema\/logo\/image\/"},"sameAs":["https:\/\/www.facebook.com\/viastein.hu\/","https:\/\/www.instagram.com\/viastein_hungary\/","https:\/\/www.youtube.com\/@viasteinkft8464","https:\/\/www.tiktok.com\/@viastein_hungary"]}]}},"_links":{"self":[{"href":"https:\/\/www.viastein.hu\/en\/wp-json\/wp\/v2\/product\/3298","targetHints":{"allow":["GET"]}}],"collection":[{"href":"https:\/\/www.viastein.hu\/en\/wp-json\/wp\/v2\/product"}],"about":[{"href":"https:\/\/www.viastein.hu\/en\/wp-json\/wp\/v2\/types\/product"}],"wp:featuredmedia":[{"embeddable":true,"href":"https:\/\/www.viastein.hu\/en\/wp-json\/wp\/v2\/media\/3329"}],"wp:attachment":[{"href":"https:\/\/www.viastein.hu\/en\/wp-json\/wp\/v2\/media?parent=3298"}],"wp:term":[{"taxonomy":"product_brand","embeddable":true,"href":"https:\/\/www.viastein.hu\/en\/wp-json\/wp\/v2\/product_brand?post=3298"},{"taxonomy":"product_cat","embeddable":true,"href":"https:\/\/www.viastein.hu\/en\/wp-json\/wp\/v2\/product_cat?post=3298"},{"taxonomy":"product_tag","embeddable":true,"href":"https:\/\/www.viastein.hu\/en\/wp-json\/wp\/v2\/product_tag?post=3298"}],"curies":[{"name":"wp","href":"https:\/\/api.w.org\/{rel}","templated":true}]}}