{"id":3297,"date":"2024-08-01T13:46:38","date_gmt":"2024-08-01T13:46:38","guid":{"rendered":"https:\/\/www.viastein.hu\/?post_type=product&#038;p=3297"},"modified":"2026-02-04T15:24:01","modified_gmt":"2026-02-04T13:24:01","slug":"avangard-keritesrendszer","status":"publish","type":"product","link":"https:\/\/www.viastein.hu\/en\/termek\/diszburkolatok\/keritesrendszerek\/avangard-keritesrendszer\/","title":{"rendered":"Avangard roppantott ker\u00edt\u00e9srendszer"},"content":{"rendered":"<p>Az AVANGARD ker\u00edt\u00e9srendszer \u00fatt\u00f6r\u0151 a maga kateg\u00f3ri\u00e1j\u00e1ban. Ez az \u00fat pedig egyenesen felfel\u00e9 vezet. Ezt a falaz\u00f3blokk-rendszert nem csup\u00e1n szintk\u00fcl\u00f6nbs\u00e9gek elv\u00e1laszt\u00e1s\u00e1ra \u00e9s vir\u00e1goskertek, tavak elker\u00edt\u00e9s\u00e9re haszn\u00e1lhatja. Egyedi, \u00fcreges kialak\u00edt\u00e1s\u00e1nak k\u00f6sz\u00f6nhet\u0151en magasabb ker\u00edt\u00e9snek \u00e9s zajv\u00e9d\u0151falnak is egyar\u00e1nt kiv\u00e1l\u00f3.<\/p>\n<h3>J\u00d3 TAN\u00c1CSOK<\/h3>\n<p>T\u00f6m\u00edt\u00e9shez, ideiglenes r\u00f6gz\u00edt\u00e9shez haszn\u00e1ljon szilikon b\u00e1zis\u00fa anyagot.<br \/>\nKer\u00edt\u00e9selemek kit\u00f6lt\u00e9s\u00e9re haszn\u00e1ljon C20\/25 betont.<br \/>\nHaszn\u00e1ljon betonvasat az elemek stabilit\u00e1sa \u00e9rdek\u00e9ben.<br \/>\nM\u00e9retre v\u00e1g\u00e1shoz haszn\u00e1ljon sarokcsiszol\u00f3t, vizesv\u00e1g\u00f3t.<\/p>\n<h3 style=\"text-align: left;\">SPECIFIK\u00c1CI\u00d3K<\/h3>\n<div style=\"max-width: 1000px; margin: 0;\">\n<table style=\"width: 1000px; border-collapse: collapse; text-align: left; height: 505px;\">\n<thead>\n<tr style=\"background-color: #000 !important; color: #fff !important;\">\n<th style=\"padding: 10px; background-color: #000 !important; color: #fff !important;\"><\/th>\n<th style=\"padding: 10px; text-align: left; background-color: #000 !important; color: #fff !important;\">KE &#8211; KER\u00cdTESELEM<br \/>\n2 oldalt roppantott fel\u00fclette<\/th>\n<th style=\"padding: 10px; text-align: left; background-color: #000 !important; color: #fff !important;\">OE1 &#8211; OSZLOPELEM<br \/>\n4 oldalt roppantott fel\u00fclettel<\/th>\n<th style=\"padding: 10px; text-align: left; background-color: #000 !important; color: #fff !important;\">OE2 &#8211; OSZLOPELEM<br \/>\n4 oldalt roppantott fel\u00fclettel<\/th>\n<th style=\"padding: 10px; text-align: left; background-color: #000 !important; color: #fff !important;\">KF &#8211; KER\u00cdTES FEDLAP<br \/>\n2 oldalt roppantott fel\u00fclettel<\/th>\n<th style=\"padding: 10px; text-align: left; background-color: #000 !important; color: #fff !important;\">KOF1 &#8211; OSZLOP FED\u0150LAP<br \/>\n4 oldalt roppantott fel\u00fclettel<\/th>\n<th style=\"padding: 10px; text-align: left; background-color: #000 !important; color: #fff !important;\">KOF2 &#8211; OSZLOP FED\u0150LAP<br \/>\n4 oldalt roppantott fel\u00fclettel<\/th>\n<\/tr>\n<\/thead>\n<tbody>\n<tr style=\"background-color: #f0f2f2;\">\n<th style=\"padding: 10px;\">magass\u00e1g<\/th>\n<td style=\"padding: 10px;\">16 cm<\/td>\n<td style=\"padding: 10px;\">16 cm<\/td>\n<td style=\"padding: 10px;\">16 cm<\/td>\n<td style=\"padding: 10px;\">8 cm<\/td>\n<td style=\"padding: 10px;\">8 cm<\/td>\n<td style=\"padding: 10px;\">8 cm<\/td>\n<\/tr>\n<tr>\n<th style=\"padding: 10px;\">m\u00e9ret<\/th>\n<td style=\"padding: 10px;\">\n<div>40 x 20 cm<\/div>\n<\/td>\n<td style=\"padding: 10px;\">\n<div>25 x 30 cm<\/div>\n<\/td>\n<td style=\"padding: 10px;\">\n<div>50 x 30 cm<\/div>\n<\/td>\n<td style=\"padding: 10px;\">\n<div>60 x 30 cm<\/div>\n<\/td>\n<td style=\"padding: 10px;\">\n<div>31 x 36 cm<\/div>\n<\/td>\n<td style=\"padding: 10px;\">\n<div>56 x 36 cm<\/div>\n<\/td>\n<\/tr>\n<tr style=\"background-color: #f0f2f2;\">\n<th style=\"padding: 10px;\">db \/ raklap<\/th>\n<td style=\"padding: 10px;\">48<\/td>\n<td style=\"padding: 10px;\">40<\/td>\n<td style=\"padding: 10px;\">20<\/td>\n<td style=\"padding: 10px;\">32<\/td>\n<td style=\"padding: 10px;\">32<\/td>\n<td style=\"padding: 10px;\">32<\/td>\n<\/tr>\n<tr>\n<th style=\"padding: 10px;\">kg \/ raklap<\/th>\n<td style=\"padding: 10px;\">864<\/td>\n<td style=\"padding: 10px;\">640<\/td>\n<td style=\"padding: 10px;\">600<\/td>\n<td style=\"padding: 10px;\">1027<\/td>\n<td style=\"padding: 10px;\">640<\/td>\n<td style=\"padding: 10px;\">1152<\/td>\n<\/tr>\n<tr style=\"background-color: #f0f2f2;\">\n<th style=\"padding: 10px;\">sor \/ raklap<\/th>\n<td style=\"padding: 10px;\">6<\/td>\n<td style=\"padding: 10px;\">5<\/td>\n<td style=\"padding: 10px;\">5<\/td>\n<td style=\"padding: 10px;\">8<\/td>\n<td style=\"padding: 10px;\">8<\/td>\n<td style=\"padding: 10px;\">8<\/td>\n<\/tr>\n<tr>\n<th style=\"padding: 10px;\">\u00e1r<\/th>\n<td style=\"padding: 10px;\">3.230 Ft \/ db<\/td>\n<td style=\"padding: 10px;\">3.550 Ft \/ db<\/td>\n<td style=\"padding: 10px;\">6.395 Ft \/ db<\/td>\n<td style=\"padding: 10px;\">4.750 Ft \/ db<\/td>\n<td style=\"padding: 10px;\">4.595 Ft \/ db<\/td>\n<td style=\"padding: 10px;\">6.095 Ft \/ db<\/td>\n<\/tr>\n<\/tbody>\n<\/table>\n<\/div>\n<div class=\"column01\" style=\"float: left; width: 33.33%; padding: 10px;\"><img decoding=\"async\" class=\"attachment-full size-full\" src=\"https:\/\/www.viastein.hu\/wp-content\/uploads\/2024\/08\/Avantgard_3d.png\" alt=\"\" \/><\/div>\n","protected":false},"excerpt":{"rendered":"<p><strong>SZ\u00cdNEK<\/strong><\/p>\n<div class=\"row\" style=\"content: ''; display: flex; clear: both;\">\n<div class=\"wrpdiv\">\n<div class=\"column, column011\" style=\"float: left; ; padding: 10px;\">\n<p><a href=\"https:\/\/www.viastein.hu\/wp-content\/uploads\/2024\/08\/antracit-feher-1.jpg\"><img decoding=\"async\" class=\"alignnone size-full wp-image-4081\" src=\"https:\/\/www.viastein.hu\/wp-content\/uploads\/2024\/08\/antracit-feher-14.jpg\" width=\"134\" height=\"82\" \/><\/a><br \/>\n<strong>antracit\/feh\u00e9r \u00e1rnyalt<\/strong><\/p>\n<\/div>\n<div class=\"column, column011\" style=\"float: left; padding: 10px;\">\n<p><a href=\"https:\/\/www.viastein.hu\/wp-content\/uploads\/2024\/08\/mokka-1.jpg\"><img decoding=\"async\" class=\"alignnone size-full wp-image-2606\" src=\"https:\/\/www.viastein.hu\/wp-content\/uploads\/2024\/08\/mokka-3.jpg\" width=\"134\" height=\"82\" \/><\/a><br \/>\n<strong>kagyl\u00f3h\u00e9j \u00e1rnyalt<\/strong><\/p>\n<\/div>\n<div class=\"column, column011\" style=\"float: left; ; padding: 10px;\">\n<p><a href=\"https:\/\/www.viastein.hu\/wp-content\/uploads\/2024\/08\/mokka-3.jpg\"><img decoding=\"async\" class=\"alignnone size-full wp-image-2834\" src=\"https:\/\/www.viastein.hu\/wp-content\/uploads\/2025\/07\/mokka-arnyalt.jpg\" width=\"134\" height=\"82\" \/><\/a><br \/>\n<strong>mokka \u00e1rnyalt<\/strong><\/p>\n<\/div>\n<\/div>\n<\/div>\n<div class=\"row\" style=\"content: ''; display: flex; clear: both;\">\n<div class=\"column\" style=\"float: left; width: 42%; padding: 10px;\"><img decoding=\"async\" class=\"attachment-full size-full\" src=\"https:\/\/www.viastein.hu\/wp-content\/uploads\/2024\/08\/AVANGARD_KERITESRENDSZER_ARRANGEMENT.jpg \" alt=\"\" \/><\/div>\n<\/div>\n<hr style=\"border: solid 1px;\" \/>\n<div class=\"divwarp1\">\n<div class=\"row row011\" style=\"content: ''; display: flex; clear: both;\">\n<div class=\"IconColumn IconColumn1\" style=\"float: left; width: 50%; padding: 10px;\">\n<div class=\"column01\" style=\"float: left; width: 33.33%; padding: 10px; display: flex; cursor: pointer;\" title=\"Color Protect\"><img decoding=\"async\" style=\"padding-right: 15px;\" src=\"https:\/\/www.viastein.hu\/wp-content\/uploads\/2024\/08\/VIA.jpg\" alt=\"https:\/\/www.viastein.hu\/wp-content\/uploads\/2025\/07\/roppantott.jpg\" \/><\/div>\n<div class=\"column01\" style=\"float: left; width: 33.33%; padding: 10px; display: flex; cursor: pointer;\" title=\"Roppantott fel\u00fclet\"><img decoding=\"async\" style=\"padding-right: 15px;\" src=\"https:\/\/www.viastein.hu\/wp-content\/uploads\/2025\/07\/roppantott.jpg\" \/><\/div>\n<\/div>\n<\/div>\n<\/div>\n","protected":false},"featured_media":3327,"template":"","meta":{"_acf_changed":false},"product_brand":[],"product_cat":[194,64],"product_tag":[57,65,66,61,240,62],"class_list":{"0":"post-3297","1":"product","2":"type-product","3":"status-publish","4":"has-post-thumbnail","6":"product_cat-avangard-roppantott-keritesrendszer","7":"product_cat-keritesrendszerek","8":"product_tag-antracit-feher-arnyalt","9":"product_tag-avangard","10":"product_tag-feluletkezelt","11":"product_tag-kagylohej-arnyalt","12":"product_tag-keritesrendszer","13":"product_tag-mokka-arnyalt","15":"first","16":"instock","17":"sold-individually","18":"taxable","19":"shipping-taxable","20":"purchasable","21":"product-type-simple"},"acf":[],"yoast_head":"<!-- This site is optimized with the Yoast SEO plugin v27.4 - https:\/\/yoast.com\/product\/yoast-seo-wordpress\/ -->\n<title>Avangard roppantott ker\u00edt\u00e9srendszer - Viastein<\/title>\n<meta name=\"description\" content=\"Ezt a falaz\u00f3blokk-rendszert nem csup\u00e1n szintk\u00fcl\u00f6nbs\u00e9gek elv\u00e1laszt\u00e1s\u00e1ra \u00e9s vir\u00e1goskertek, tavak elker\u00edt\u00e9s\u00e9re haszn\u00e1lhatja. Egyedi, \u00fcreges kialak\u00edt\u00e1s\u00e1nak k\u00f6sz\u00f6nhet\u0151en magasabb ker\u00edt\u00e9snek \u00e9s zajv\u00e9d\u0151falnak is egyar\u00e1nt kiv\u00e1l\u00f3.\" \/>\n<meta name=\"robots\" content=\"index, follow, max-snippet:-1, max-image-preview:large, max-video-preview:-1\" \/>\n<link rel=\"canonical\" href=\"https:\/\/www.viastein.hu\/termek\/diszburkolatok\/keritesrendszerek\/avangard-keritesrendszer\/\" \/>\n<meta property=\"og:locale\" content=\"en_US\" \/>\n<meta property=\"og:type\" content=\"article\" \/>\n<meta property=\"og:title\" content=\"Avangard roppantott ker\u00edt\u00e9srendszer - Viastein\" \/>\n<meta property=\"og:description\" content=\"Ezt a falaz\u00f3blokk-rendszert nem csup\u00e1n szintk\u00fcl\u00f6nbs\u00e9gek elv\u00e1laszt\u00e1s\u00e1ra \u00e9s vir\u00e1goskertek, tavak elker\u00edt\u00e9s\u00e9re haszn\u00e1lhatja. Egyedi, \u00fcreges kialak\u00edt\u00e1s\u00e1nak k\u00f6sz\u00f6nhet\u0151en magasabb ker\u00edt\u00e9snek \u00e9s zajv\u00e9d\u0151falnak is egyar\u00e1nt kiv\u00e1l\u00f3.\" \/>\n<meta property=\"og:url\" content=\"https:\/\/www.viastein.hu\/termek\/diszburkolatok\/keritesrendszerek\/avangard-keritesrendszer\/\" \/>\n<meta property=\"og:site_name\" content=\"Viastein\" \/>\n<meta property=\"article:publisher\" content=\"https:\/\/www.facebook.com\/viastein.hu\/\" \/>\n<meta property=\"article:modified_time\" content=\"2026-02-04T13:24:01+00:00\" \/>\n<meta property=\"og:image\" content=\"https:\/\/www.viastein.hu\/wp-content\/uploads\/2024\/08\/img1-2.jpg\" \/>\n\t<meta property=\"og:image:width\" content=\"1200\" \/>\n\t<meta property=\"og:image:height\" content=\"1600\" \/>\n\t<meta property=\"og:image:type\" content=\"image\/jpeg\" \/>\n<meta name=\"twitter:card\" content=\"summary_large_image\" \/>\n<meta name=\"twitter:label1\" content=\"Est. reading time\" \/>\n\t<meta name=\"twitter:data1\" content=\"2 minutes\" \/>\n<script type=\"application\/ld+json\" class=\"yoast-schema-graph\">{\"@context\":\"https:\\\/\\\/schema.org\",\"@graph\":[{\"@type\":\"WebPage\",\"@id\":\"https:\\\/\\\/www.viastein.hu\\\/termek\\\/diszburkolatok\\\/keritesrendszerek\\\/avangard-keritesrendszer\\\/\",\"url\":\"https:\\\/\\\/www.viastein.hu\\\/termek\\\/diszburkolatok\\\/keritesrendszerek\\\/avangard-keritesrendszer\\\/\",\"name\":\"Avangard roppantott ker\u00edt\u00e9srendszer - Viastein\",\"isPartOf\":{\"@id\":\"https:\\\/\\\/www.viastein.hu\\\/#website\"},\"primaryImageOfPage\":{\"@id\":\"https:\\\/\\\/www.viastein.hu\\\/termek\\\/diszburkolatok\\\/keritesrendszerek\\\/avangard-keritesrendszer\\\/#primaryimage\"},\"image\":{\"@id\":\"https:\\\/\\\/www.viastein.hu\\\/termek\\\/diszburkolatok\\\/keritesrendszerek\\\/avangard-keritesrendszer\\\/#primaryimage\"},\"thumbnailUrl\":\"https:\\\/\\\/www.viastein.hu\\\/wp-content\\\/uploads\\\/2024\\\/08\\\/img1-2.jpg\",\"datePublished\":\"2024-08-01T13:46:38+00:00\",\"dateModified\":\"2026-02-04T13:24:01+00:00\",\"description\":\"Ezt a falaz\u00f3blokk-rendszert nem csup\u00e1n szintk\u00fcl\u00f6nbs\u00e9gek elv\u00e1laszt\u00e1s\u00e1ra \u00e9s vir\u00e1goskertek, tavak elker\u00edt\u00e9s\u00e9re haszn\u00e1lhatja. Egyedi, \u00fcreges kialak\u00edt\u00e1s\u00e1nak k\u00f6sz\u00f6nhet\u0151en magasabb ker\u00edt\u00e9snek \u00e9s zajv\u00e9d\u0151falnak is egyar\u00e1nt kiv\u00e1l\u00f3.\",\"breadcrumb\":{\"@id\":\"https:\\\/\\\/www.viastein.hu\\\/termek\\\/diszburkolatok\\\/keritesrendszerek\\\/avangard-keritesrendszer\\\/#breadcrumb\"},\"inLanguage\":\"en-US\",\"potentialAction\":[{\"@type\":\"ReadAction\",\"target\":[\"https:\\\/\\\/www.viastein.hu\\\/termek\\\/diszburkolatok\\\/keritesrendszerek\\\/avangard-keritesrendszer\\\/\"]}]},{\"@type\":\"ImageObject\",\"inLanguage\":\"en-US\",\"@id\":\"https:\\\/\\\/www.viastein.hu\\\/termek\\\/diszburkolatok\\\/keritesrendszerek\\\/avangard-keritesrendszer\\\/#primaryimage\",\"url\":\"https:\\\/\\\/www.viastein.hu\\\/wp-content\\\/uploads\\\/2024\\\/08\\\/img1-2.jpg\",\"contentUrl\":\"https:\\\/\\\/www.viastein.hu\\\/wp-content\\\/uploads\\\/2024\\\/08\\\/img1-2.jpg\",\"width\":1200,\"height\":1600},{\"@type\":\"BreadcrumbList\",\"@id\":\"https:\\\/\\\/www.viastein.hu\\\/termek\\\/diszburkolatok\\\/keritesrendszerek\\\/avangard-keritesrendszer\\\/#breadcrumb\",\"itemListElement\":[{\"@type\":\"ListItem\",\"position\":1,\"name\":\"Kezd\u0151lap\",\"item\":\"https:\\\/\\\/www.viastein.hu\\\/\"},{\"@type\":\"ListItem\",\"position\":2,\"name\":\"Term\u00e9kek\",\"item\":\"https:\\\/\\\/www.viastein.hu\\\/termekek-2\\\/\"},{\"@type\":\"ListItem\",\"position\":3,\"name\":\"D\u00cdSZBURKOLATOK\",\"item\":\"https:\\\/\\\/www.viastein.hu\\\/termek-kategoria\\\/diszburkolatok\\\/\"},{\"@type\":\"ListItem\",\"position\":4,\"name\":\"Falak, ker\u00edt\u00e9srendszerek\",\"item\":\"https:\\\/\\\/www.viastein.hu\\\/termek-kategoria\\\/diszburkolatok\\\/keritesrendszerek\\\/\"},{\"@type\":\"ListItem\",\"position\":5,\"name\":\"Avangard roppantott ker\u00edt\u00e9srendszer\"}]},{\"@type\":\"WebSite\",\"@id\":\"https:\\\/\\\/www.viastein.hu\\\/#website\",\"url\":\"https:\\\/\\\/www.viastein.hu\\\/\",\"name\":\"Viastein\",\"description\":\"D\u00edszburkolatok, falaz\u00f3elemek, vasbeton elemek. Pr\u00e9mium min\u0151s\u00e9gben, hazai rakt\u00e1rb\u00f3l, r\u00f6vid sz\u00e1ll\u00edt\u00e1si hat\u00e1rid\u0151vel.\",\"publisher\":{\"@id\":\"https:\\\/\\\/www.viastein.hu\\\/#organization\"},\"potentialAction\":[{\"@type\":\"SearchAction\",\"target\":{\"@type\":\"EntryPoint\",\"urlTemplate\":\"https:\\\/\\\/www.viastein.hu\\\/?s={search_term_string}\"},\"query-input\":{\"@type\":\"PropertyValueSpecification\",\"valueRequired\":true,\"valueName\":\"search_term_string\"}}],\"inLanguage\":\"en-US\"},{\"@type\":\"Organization\",\"@id\":\"https:\\\/\\\/www.viastein.hu\\\/#organization\",\"name\":\"Viastein\",\"url\":\"https:\\\/\\\/www.viastein.hu\\\/\",\"logo\":{\"@type\":\"ImageObject\",\"inLanguage\":\"en-US\",\"@id\":\"https:\\\/\\\/www.viastein.hu\\\/#\\\/schema\\\/logo\\\/image\\\/\",\"url\":\"https:\\\/\\\/www.viastein.hu\\\/wp-content\\\/uploads\\\/2024\\\/07\\\/viastein-color-logo-02-2.png\",\"contentUrl\":\"https:\\\/\\\/www.viastein.hu\\\/wp-content\\\/uploads\\\/2024\\\/07\\\/viastein-color-logo-02-2.png\",\"width\":232,\"height\":58,\"caption\":\"Viastein\"},\"image\":{\"@id\":\"https:\\\/\\\/www.viastein.hu\\\/#\\\/schema\\\/logo\\\/image\\\/\"},\"sameAs\":[\"https:\\\/\\\/www.facebook.com\\\/viastein.hu\\\/\",\"https:\\\/\\\/www.instagram.com\\\/viastein_hungary\\\/\",\"https:\\\/\\\/www.youtube.com\\\/@viasteinkft8464\",\"https:\\\/\\\/www.tiktok.com\\\/@viastein_hungary\"]}]}<\/script>\n<!-- \/ Yoast SEO plugin. -->","yoast_head_json":{"title":"Avangard roppantott ker\u00edt\u00e9srendszer - Viastein","description":"Ezt a falaz\u00f3blokk-rendszert nem csup\u00e1n szintk\u00fcl\u00f6nbs\u00e9gek elv\u00e1laszt\u00e1s\u00e1ra \u00e9s vir\u00e1goskertek, tavak elker\u00edt\u00e9s\u00e9re haszn\u00e1lhatja. Egyedi, \u00fcreges kialak\u00edt\u00e1s\u00e1nak k\u00f6sz\u00f6nhet\u0151en magasabb ker\u00edt\u00e9snek \u00e9s zajv\u00e9d\u0151falnak is egyar\u00e1nt kiv\u00e1l\u00f3.","robots":{"index":"index","follow":"follow","max-snippet":"max-snippet:-1","max-image-preview":"max-image-preview:large","max-video-preview":"max-video-preview:-1"},"canonical":"https:\/\/www.viastein.hu\/termek\/diszburkolatok\/keritesrendszerek\/avangard-keritesrendszer\/","og_locale":"en_US","og_type":"article","og_title":"Avangard roppantott ker\u00edt\u00e9srendszer - Viastein","og_description":"Ezt a falaz\u00f3blokk-rendszert nem csup\u00e1n szintk\u00fcl\u00f6nbs\u00e9gek elv\u00e1laszt\u00e1s\u00e1ra \u00e9s vir\u00e1goskertek, tavak elker\u00edt\u00e9s\u00e9re haszn\u00e1lhatja. Egyedi, \u00fcreges kialak\u00edt\u00e1s\u00e1nak k\u00f6sz\u00f6nhet\u0151en magasabb ker\u00edt\u00e9snek \u00e9s zajv\u00e9d\u0151falnak is egyar\u00e1nt kiv\u00e1l\u00f3.","og_url":"https:\/\/www.viastein.hu\/termek\/diszburkolatok\/keritesrendszerek\/avangard-keritesrendszer\/","og_site_name":"Viastein","article_publisher":"https:\/\/www.facebook.com\/viastein.hu\/","article_modified_time":"2026-02-04T13:24:01+00:00","og_image":[{"width":1200,"height":1600,"url":"https:\/\/www.viastein.hu\/wp-content\/uploads\/2024\/08\/img1-2.jpg","type":"image\/jpeg"}],"twitter_card":"summary_large_image","twitter_misc":{"Est. reading time":"2 minutes"},"schema":{"@context":"https:\/\/schema.org","@graph":[{"@type":"WebPage","@id":"https:\/\/www.viastein.hu\/termek\/diszburkolatok\/keritesrendszerek\/avangard-keritesrendszer\/","url":"https:\/\/www.viastein.hu\/termek\/diszburkolatok\/keritesrendszerek\/avangard-keritesrendszer\/","name":"Avangard roppantott ker\u00edt\u00e9srendszer - Viastein","isPartOf":{"@id":"https:\/\/www.viastein.hu\/#website"},"primaryImageOfPage":{"@id":"https:\/\/www.viastein.hu\/termek\/diszburkolatok\/keritesrendszerek\/avangard-keritesrendszer\/#primaryimage"},"image":{"@id":"https:\/\/www.viastein.hu\/termek\/diszburkolatok\/keritesrendszerek\/avangard-keritesrendszer\/#primaryimage"},"thumbnailUrl":"https:\/\/www.viastein.hu\/wp-content\/uploads\/2024\/08\/img1-2.jpg","datePublished":"2024-08-01T13:46:38+00:00","dateModified":"2026-02-04T13:24:01+00:00","description":"Ezt a falaz\u00f3blokk-rendszert nem csup\u00e1n szintk\u00fcl\u00f6nbs\u00e9gek elv\u00e1laszt\u00e1s\u00e1ra \u00e9s vir\u00e1goskertek, tavak elker\u00edt\u00e9s\u00e9re haszn\u00e1lhatja. Egyedi, \u00fcreges kialak\u00edt\u00e1s\u00e1nak k\u00f6sz\u00f6nhet\u0151en magasabb ker\u00edt\u00e9snek \u00e9s zajv\u00e9d\u0151falnak is egyar\u00e1nt kiv\u00e1l\u00f3.","breadcrumb":{"@id":"https:\/\/www.viastein.hu\/termek\/diszburkolatok\/keritesrendszerek\/avangard-keritesrendszer\/#breadcrumb"},"inLanguage":"en-US","potentialAction":[{"@type":"ReadAction","target":["https:\/\/www.viastein.hu\/termek\/diszburkolatok\/keritesrendszerek\/avangard-keritesrendszer\/"]}]},{"@type":"ImageObject","inLanguage":"en-US","@id":"https:\/\/www.viastein.hu\/termek\/diszburkolatok\/keritesrendszerek\/avangard-keritesrendszer\/#primaryimage","url":"https:\/\/www.viastein.hu\/wp-content\/uploads\/2024\/08\/img1-2.jpg","contentUrl":"https:\/\/www.viastein.hu\/wp-content\/uploads\/2024\/08\/img1-2.jpg","width":1200,"height":1600},{"@type":"BreadcrumbList","@id":"https:\/\/www.viastein.hu\/termek\/diszburkolatok\/keritesrendszerek\/avangard-keritesrendszer\/#breadcrumb","itemListElement":[{"@type":"ListItem","position":1,"name":"Kezd\u0151lap","item":"https:\/\/www.viastein.hu\/"},{"@type":"ListItem","position":2,"name":"Term\u00e9kek","item":"https:\/\/www.viastein.hu\/termekek-2\/"},{"@type":"ListItem","position":3,"name":"D\u00cdSZBURKOLATOK","item":"https:\/\/www.viastein.hu\/termek-kategoria\/diszburkolatok\/"},{"@type":"ListItem","position":4,"name":"Falak, ker\u00edt\u00e9srendszerek","item":"https:\/\/www.viastein.hu\/termek-kategoria\/diszburkolatok\/keritesrendszerek\/"},{"@type":"ListItem","position":5,"name":"Avangard roppantott ker\u00edt\u00e9srendszer"}]},{"@type":"WebSite","@id":"https:\/\/www.viastein.hu\/#website","url":"https:\/\/www.viastein.hu\/","name":"Viastein","description":"D\u00edszburkolatok, falaz\u00f3elemek, vasbeton elemek. Pr\u00e9mium min\u0151s\u00e9gben, hazai rakt\u00e1rb\u00f3l, r\u00f6vid sz\u00e1ll\u00edt\u00e1si hat\u00e1rid\u0151vel.","publisher":{"@id":"https:\/\/www.viastein.hu\/#organization"},"potentialAction":[{"@type":"SearchAction","target":{"@type":"EntryPoint","urlTemplate":"https:\/\/www.viastein.hu\/?s={search_term_string}"},"query-input":{"@type":"PropertyValueSpecification","valueRequired":true,"valueName":"search_term_string"}}],"inLanguage":"en-US"},{"@type":"Organization","@id":"https:\/\/www.viastein.hu\/#organization","name":"Viastein","url":"https:\/\/www.viastein.hu\/","logo":{"@type":"ImageObject","inLanguage":"en-US","@id":"https:\/\/www.viastein.hu\/#\/schema\/logo\/image\/","url":"https:\/\/www.viastein.hu\/wp-content\/uploads\/2024\/07\/viastein-color-logo-02-2.png","contentUrl":"https:\/\/www.viastein.hu\/wp-content\/uploads\/2024\/07\/viastein-color-logo-02-2.png","width":232,"height":58,"caption":"Viastein"},"image":{"@id":"https:\/\/www.viastein.hu\/#\/schema\/logo\/image\/"},"sameAs":["https:\/\/www.facebook.com\/viastein.hu\/","https:\/\/www.instagram.com\/viastein_hungary\/","https:\/\/www.youtube.com\/@viasteinkft8464","https:\/\/www.tiktok.com\/@viastein_hungary"]}]}},"_links":{"self":[{"href":"https:\/\/www.viastein.hu\/en\/wp-json\/wp\/v2\/product\/3297","targetHints":{"allow":["GET"]}}],"collection":[{"href":"https:\/\/www.viastein.hu\/en\/wp-json\/wp\/v2\/product"}],"about":[{"href":"https:\/\/www.viastein.hu\/en\/wp-json\/wp\/v2\/types\/product"}],"wp:featuredmedia":[{"embeddable":true,"href":"https:\/\/www.viastein.hu\/en\/wp-json\/wp\/v2\/media\/3327"}],"wp:attachment":[{"href":"https:\/\/www.viastein.hu\/en\/wp-json\/wp\/v2\/media?parent=3297"}],"wp:term":[{"taxonomy":"product_brand","embeddable":true,"href":"https:\/\/www.viastein.hu\/en\/wp-json\/wp\/v2\/product_brand?post=3297"},{"taxonomy":"product_cat","embeddable":true,"href":"https:\/\/www.viastein.hu\/en\/wp-json\/wp\/v2\/product_cat?post=3297"},{"taxonomy":"product_tag","embeddable":true,"href":"https:\/\/www.viastein.hu\/en\/wp-json\/wp\/v2\/product_tag?post=3297"}],"curies":[{"name":"wp","href":"https:\/\/api.w.org\/{rel}","templated":true}]}}