{"id":3296,"date":"2024-08-01T13:46:38","date_gmt":"2024-08-01T13:46:38","guid":{"rendered":"https:\/\/www.viastein.hu\/?post_type=product&#038;p=3296"},"modified":"2026-03-17T14:41:35","modified_gmt":"2026-03-17T12:41:35","slug":"artline","status":"publish","type":"product","link":"https:\/\/www.viastein.hu\/en\/termek\/diszburkolatok\/terkovek-terkorendszerek-lapok\/artline\/","title":{"rendered":"Artline"},"content":{"rendered":"<p>M\u0171v\u00e9szi vonalakkal sz\u00fcletett ARTLINE burkolat h\u00e9t kombin\u00e1lt m\u00e9rete ellen\u00e9re mindenben harmoniz\u00e1l t\u00e9rk\u0151 \u00e9s teraszburkol\u00f3 csal\u00e1djainkhoz. V\u00e1ltoz\u00f3 hossz\u00fas\u00e1g\u00fa \u00e9s sz\u00e9less\u00e9g\u0171 lapjai mesteri pontoss\u00e1ggal illeszkednek egym\u00e1shoz, v\u00e1ltozatos k\u00fcls\u0151t k\u00f6lcs\u00f6n\u00f6znek iroda vagy lak\u00f3\u00e9p\u00fclet terasz\u00e1n, j\u00e1rd\u00e1in. Homog\u00e9n, sima j\u00e1r\u00f3fel\u00fclete, Clean &amp; Color Protect (CP+) fel\u00fcletkezel\u00e9se megakad\u00e1lyozza a szennyez\u0151d\u00e9sek megtapad\u00e1s\u00e1t \u00edgy seg\u00edtve a d\u00edszburkolat tiszt\u00e1n tart\u00e1s\u00e1t.<\/p>\n","protected":false},"excerpt":{"rendered":"<p><strong>SZ\u00cdNEK<\/strong><\/p>\n<div class=\"row\" style=\"display: flex; clear: both;\">\n<div class=\"column, column011\" style=\"float: left; ;padding: 10px;\">\n<p><img decoding=\"async\" class=\"attachment-full size-full\" src=\"https:\/\/www.viastein.hu\/wp-content\/uploads\/2024\/08\/antracit-feher-12.jpg\" alt=\"\" \/><br \/>\n<strong>antracit\/feh\u00e9r \u00e1rnyalt<\/strong><\/p>\n<\/div>\n<div class=\"column, column011\" style=\"float: left; ;padding: 10px;\">\n<p><img decoding=\"async\" class=\"attachment-full size-full\" src=\"https:\/\/www.viastein.hu\/wp-content\/uploads\/2024\/08\/bazalt-1.jpg\" alt=\"\" \/><br \/>\n<strong style=\"font-size: 14px;\">bazalt \u00e1rnyalt<\/strong><\/p>\n<\/div>\n<div class=\"column, column011\" style=\"float: left; padding: 10px;\">\n<p><img decoding=\"async\" class=\"attachment-full size-full\" src=\"https:\/\/www.viastein.hu\/wp-content\/uploads\/2024\/10\/mokka-1.jpg\" alt=\"\" \/><br \/>\n<strong style=\"font-size: 14px;\">mokka \u00e1rnyalt<\/strong><\/p>\n<\/div>\n<div class=\"column, column011\" style=\"float: left; padding: 10px;\">\n<p><img decoding=\"async\" class=\"attachment-full size-full\" src=\"https:\/\/www.viastein.hu\/wp-content\/uploads\/2025\/04\/arany-134.jpg\" alt=\"\" \/><br \/>\n<strong style=\"font-size: 14px;\">arany \u00e1rnyalt<\/strong><\/p>\n<\/div>\n<\/div>\n<hr style=\"border: solid 1px;\" \/>\n<div class=\"divwarp1\">\n<div class=\"row row011\" style=\"display: flex; clear: both;\">\n<div class=\"IconColumn IconColumn1\" style=\"float: left; width: 50%; padding: 10px;\">\n<h4 style=\"font-size: 13px;\">TEHERB\u00cdR\u00c1S<\/h4>\n<div class=\"column01\" style=\"float: left; width: 33.33%; padding: 10px; display: flex;\"><img decoding=\"async\" style=\"padding-right: 15px;\" src=\"https:\/\/www.viastein.hu\/wp-content\/uploads\/2024\/08\/human.jpg\" alt=\"\" \/><br \/>\n<img decoding=\"async\" style=\"padding-right: 15px;\" src=\"https:\/\/www.viastein.hu\/wp-content\/uploads\/2024\/08\/terrace.jpg\" alt=\"\" \/><\/div>\n<\/div>\n<div class=\"IconColumn IconColumn2\" style=\"float: left; width: 50%; padding: 10px;\">\n<h4 style=\"font-size: 13px;\">K\u00d6T\u00c9SBEN-RAKHAT\u00d3-RENDSZER T\u00c1VTART\u00d3 BORD\u00c1ZATTAL<\/h4>\n<div class=\"column01\" style=\"float: left; width: 33.33%; padding: 10px; cursor: pointer;\" title=\"Clean&amp;Color Protect v\u00e9delem\"><img decoding=\"async\" style=\"padding-right: 15px;\" src=\"https:\/\/www.viastein.hu\/wp-content\/uploads\/2024\/08\/Color-Clean-Protect.jpg\" alt=\"\" \/><\/div>\n<\/div>\n<\/div>\n<\/div>\n","protected":false},"featured_media":3325,"template":"","meta":{"_acf_changed":false},"product_brand":[],"product_cat":[56],"product_tag":[237,58,72,59,60,62,98,63,309],"class_list":{"0":"post-3296","1":"product","2":"type-product","3":"status-publish","4":"has-post-thumbnail","6":"product_cat-terkovek-terkorendszerek-lapok","7":"product_tag-arany-arnyalt","8":"product_tag-artline","9":"product_tag-bazalt-arnyalt","10":"product_tag-clean-and-color-protect","11":"product_tag-gyalogos","12":"product_tag-mokka-arnyalt","13":"product_tag-rendelesre","14":"product_tag-terasz","15":"product_tag-via26","17":"first","18":"instock","19":"sold-individually","20":"taxable","21":"shipping-taxable","22":"purchasable","23":"product-type-variable"},"acf":[],"yoast_head":"<!-- This site is optimized with the Yoast SEO plugin v27.4 - https:\/\/yoast.com\/product\/yoast-seo-wordpress\/ -->\n<title>VIASTEIN Artline - Pr\u00e9mium t\u00e9rk\u0151<\/title>\n<meta name=\"description\" content=\"M\u0171v\u00e9szi vonalakkal sz\u00fcletett ARTLINE burkolat h\u00e9t kombin\u00e1lt m\u00e9rete ellen\u00e9re mindenben harmoniz\u00e1l t\u00e9rk\u0151 \u00e9s teraszburkol\u00f3 csal\u00e1djainkhoz.\" \/>\n<meta name=\"robots\" content=\"index, follow, max-snippet:-1, max-image-preview:large, max-video-preview:-1\" \/>\n<link rel=\"canonical\" href=\"https:\/\/www.viastein.hu\/termek\/diszburkolatok\/terkovek-terkorendszerek-lapok\/artline\/\" \/>\n<meta property=\"og:locale\" content=\"en_US\" \/>\n<meta property=\"og:type\" content=\"article\" \/>\n<meta property=\"og:title\" content=\"VIASTEIN Artline - Pr\u00e9mium t\u00e9rk\u0151\" \/>\n<meta property=\"og:description\" content=\"M\u0171v\u00e9szi vonalakkal sz\u00fcletett ARTLINE burkolat h\u00e9t kombin\u00e1lt m\u00e9rete ellen\u00e9re mindenben harmoniz\u00e1l t\u00e9rk\u0151 \u00e9s teraszburkol\u00f3 csal\u00e1djainkhoz.\" \/>\n<meta property=\"og:url\" content=\"https:\/\/www.viastein.hu\/termek\/diszburkolatok\/terkovek-terkorendszerek-lapok\/artline\/\" \/>\n<meta property=\"og:site_name\" content=\"Viastein\" \/>\n<meta property=\"article:publisher\" content=\"https:\/\/www.facebook.com\/viastein.hu\/\" \/>\n<meta property=\"article:modified_time\" content=\"2026-03-17T12:41:35+00:00\" \/>\n<meta property=\"og:image\" content=\"https:\/\/www.viastein.hu\/wp-content\/uploads\/2024\/08\/img2-1.jpg\" \/>\n\t<meta property=\"og:image:width\" content=\"1200\" \/>\n\t<meta property=\"og:image:height\" content=\"800\" \/>\n\t<meta property=\"og:image:type\" content=\"image\/jpeg\" \/>\n<meta name=\"twitter:card\" content=\"summary_large_image\" \/>\n<meta name=\"twitter:label1\" content=\"Est. reading time\" \/>\n\t<meta name=\"twitter:data1\" content=\"1 minute\" \/>\n<script type=\"application\/ld+json\" class=\"yoast-schema-graph\">{\"@context\":\"https:\\\/\\\/schema.org\",\"@graph\":[{\"@type\":\"WebPage\",\"@id\":\"https:\\\/\\\/www.viastein.hu\\\/termek\\\/diszburkolatok\\\/terkovek-terkorendszerek-lapok\\\/artline\\\/\",\"url\":\"https:\\\/\\\/www.viastein.hu\\\/termek\\\/diszburkolatok\\\/terkovek-terkorendszerek-lapok\\\/artline\\\/\",\"name\":\"VIASTEIN Artline - Pr\u00e9mium t\u00e9rk\u0151\",\"isPartOf\":{\"@id\":\"https:\\\/\\\/www.viastein.hu\\\/#website\"},\"primaryImageOfPage\":{\"@id\":\"https:\\\/\\\/www.viastein.hu\\\/termek\\\/diszburkolatok\\\/terkovek-terkorendszerek-lapok\\\/artline\\\/#primaryimage\"},\"image\":{\"@id\":\"https:\\\/\\\/www.viastein.hu\\\/termek\\\/diszburkolatok\\\/terkovek-terkorendszerek-lapok\\\/artline\\\/#primaryimage\"},\"thumbnailUrl\":\"https:\\\/\\\/www.viastein.hu\\\/wp-content\\\/uploads\\\/2024\\\/08\\\/img2-1.jpg\",\"datePublished\":\"2024-08-01T13:46:38+00:00\",\"dateModified\":\"2026-03-17T12:41:35+00:00\",\"description\":\"M\u0171v\u00e9szi vonalakkal sz\u00fcletett ARTLINE burkolat h\u00e9t kombin\u00e1lt m\u00e9rete ellen\u00e9re mindenben harmoniz\u00e1l t\u00e9rk\u0151 \u00e9s teraszburkol\u00f3 csal\u00e1djainkhoz.\",\"breadcrumb\":{\"@id\":\"https:\\\/\\\/www.viastein.hu\\\/termek\\\/diszburkolatok\\\/terkovek-terkorendszerek-lapok\\\/artline\\\/#breadcrumb\"},\"inLanguage\":\"en-US\",\"potentialAction\":[{\"@type\":\"ReadAction\",\"target\":[\"https:\\\/\\\/www.viastein.hu\\\/termek\\\/diszburkolatok\\\/terkovek-terkorendszerek-lapok\\\/artline\\\/\"]}]},{\"@type\":\"ImageObject\",\"inLanguage\":\"en-US\",\"@id\":\"https:\\\/\\\/www.viastein.hu\\\/termek\\\/diszburkolatok\\\/terkovek-terkorendszerek-lapok\\\/artline\\\/#primaryimage\",\"url\":\"https:\\\/\\\/www.viastein.hu\\\/wp-content\\\/uploads\\\/2024\\\/08\\\/img2-1.jpg\",\"contentUrl\":\"https:\\\/\\\/www.viastein.hu\\\/wp-content\\\/uploads\\\/2024\\\/08\\\/img2-1.jpg\",\"width\":1200,\"height\":800},{\"@type\":\"BreadcrumbList\",\"@id\":\"https:\\\/\\\/www.viastein.hu\\\/termek\\\/diszburkolatok\\\/terkovek-terkorendszerek-lapok\\\/artline\\\/#breadcrumb\",\"itemListElement\":[{\"@type\":\"ListItem\",\"position\":1,\"name\":\"Kezd\u0151lap\",\"item\":\"https:\\\/\\\/www.viastein.hu\\\/\"},{\"@type\":\"ListItem\",\"position\":2,\"name\":\"Term\u00e9kek\",\"item\":\"https:\\\/\\\/www.viastein.hu\\\/termekek-2\\\/\"},{\"@type\":\"ListItem\",\"position\":3,\"name\":\"D\u00cdSZBURKOLATOK\",\"item\":\"https:\\\/\\\/www.viastein.hu\\\/termek-kategoria\\\/diszburkolatok\\\/\"},{\"@type\":\"ListItem\",\"position\":4,\"name\":\"T\u00e9rk\u00f6vek, t\u00e9rk\u0151rendszerek \u00e9s lapok\",\"item\":\"https:\\\/\\\/www.viastein.hu\\\/termek-kategoria\\\/diszburkolatok\\\/terkovek-terkorendszerek-lapok\\\/\"},{\"@type\":\"ListItem\",\"position\":5,\"name\":\"Artline\"}]},{\"@type\":\"WebSite\",\"@id\":\"https:\\\/\\\/www.viastein.hu\\\/#website\",\"url\":\"https:\\\/\\\/www.viastein.hu\\\/\",\"name\":\"Viastein\",\"description\":\"D\u00edszburkolatok, falaz\u00f3elemek, vasbeton elemek. Pr\u00e9mium min\u0151s\u00e9gben, hazai rakt\u00e1rb\u00f3l, r\u00f6vid sz\u00e1ll\u00edt\u00e1si hat\u00e1rid\u0151vel.\",\"publisher\":{\"@id\":\"https:\\\/\\\/www.viastein.hu\\\/#organization\"},\"potentialAction\":[{\"@type\":\"SearchAction\",\"target\":{\"@type\":\"EntryPoint\",\"urlTemplate\":\"https:\\\/\\\/www.viastein.hu\\\/?s={search_term_string}\"},\"query-input\":{\"@type\":\"PropertyValueSpecification\",\"valueRequired\":true,\"valueName\":\"search_term_string\"}}],\"inLanguage\":\"en-US\"},{\"@type\":\"Organization\",\"@id\":\"https:\\\/\\\/www.viastein.hu\\\/#organization\",\"name\":\"Viastein\",\"url\":\"https:\\\/\\\/www.viastein.hu\\\/\",\"logo\":{\"@type\":\"ImageObject\",\"inLanguage\":\"en-US\",\"@id\":\"https:\\\/\\\/www.viastein.hu\\\/#\\\/schema\\\/logo\\\/image\\\/\",\"url\":\"https:\\\/\\\/www.viastein.hu\\\/wp-content\\\/uploads\\\/2024\\\/07\\\/viastein-color-logo-02-2.png\",\"contentUrl\":\"https:\\\/\\\/www.viastein.hu\\\/wp-content\\\/uploads\\\/2024\\\/07\\\/viastein-color-logo-02-2.png\",\"width\":232,\"height\":58,\"caption\":\"Viastein\"},\"image\":{\"@id\":\"https:\\\/\\\/www.viastein.hu\\\/#\\\/schema\\\/logo\\\/image\\\/\"},\"sameAs\":[\"https:\\\/\\\/www.facebook.com\\\/viastein.hu\\\/\",\"https:\\\/\\\/www.instagram.com\\\/viastein_hungary\\\/\",\"https:\\\/\\\/www.youtube.com\\\/@viasteinkft8464\",\"https:\\\/\\\/www.tiktok.com\\\/@viastein_hungary\"]}]}<\/script>\n<!-- \/ Yoast SEO plugin. -->","yoast_head_json":{"title":"VIASTEIN Artline - Pr\u00e9mium t\u00e9rk\u0151","description":"M\u0171v\u00e9szi vonalakkal sz\u00fcletett ARTLINE burkolat h\u00e9t kombin\u00e1lt m\u00e9rete ellen\u00e9re mindenben harmoniz\u00e1l t\u00e9rk\u0151 \u00e9s teraszburkol\u00f3 csal\u00e1djainkhoz.","robots":{"index":"index","follow":"follow","max-snippet":"max-snippet:-1","max-image-preview":"max-image-preview:large","max-video-preview":"max-video-preview:-1"},"canonical":"https:\/\/www.viastein.hu\/termek\/diszburkolatok\/terkovek-terkorendszerek-lapok\/artline\/","og_locale":"en_US","og_type":"article","og_title":"VIASTEIN Artline - Pr\u00e9mium t\u00e9rk\u0151","og_description":"M\u0171v\u00e9szi vonalakkal sz\u00fcletett ARTLINE burkolat h\u00e9t kombin\u00e1lt m\u00e9rete ellen\u00e9re mindenben harmoniz\u00e1l t\u00e9rk\u0151 \u00e9s teraszburkol\u00f3 csal\u00e1djainkhoz.","og_url":"https:\/\/www.viastein.hu\/termek\/diszburkolatok\/terkovek-terkorendszerek-lapok\/artline\/","og_site_name":"Viastein","article_publisher":"https:\/\/www.facebook.com\/viastein.hu\/","article_modified_time":"2026-03-17T12:41:35+00:00","og_image":[{"width":1200,"height":800,"url":"https:\/\/www.viastein.hu\/wp-content\/uploads\/2024\/08\/img2-1.jpg","type":"image\/jpeg"}],"twitter_card":"summary_large_image","twitter_misc":{"Est. reading time":"1 minute"},"schema":{"@context":"https:\/\/schema.org","@graph":[{"@type":"WebPage","@id":"https:\/\/www.viastein.hu\/termek\/diszburkolatok\/terkovek-terkorendszerek-lapok\/artline\/","url":"https:\/\/www.viastein.hu\/termek\/diszburkolatok\/terkovek-terkorendszerek-lapok\/artline\/","name":"VIASTEIN Artline - Pr\u00e9mium t\u00e9rk\u0151","isPartOf":{"@id":"https:\/\/www.viastein.hu\/#website"},"primaryImageOfPage":{"@id":"https:\/\/www.viastein.hu\/termek\/diszburkolatok\/terkovek-terkorendszerek-lapok\/artline\/#primaryimage"},"image":{"@id":"https:\/\/www.viastein.hu\/termek\/diszburkolatok\/terkovek-terkorendszerek-lapok\/artline\/#primaryimage"},"thumbnailUrl":"https:\/\/www.viastein.hu\/wp-content\/uploads\/2024\/08\/img2-1.jpg","datePublished":"2024-08-01T13:46:38+00:00","dateModified":"2026-03-17T12:41:35+00:00","description":"M\u0171v\u00e9szi vonalakkal sz\u00fcletett ARTLINE burkolat h\u00e9t kombin\u00e1lt m\u00e9rete ellen\u00e9re mindenben harmoniz\u00e1l t\u00e9rk\u0151 \u00e9s teraszburkol\u00f3 csal\u00e1djainkhoz.","breadcrumb":{"@id":"https:\/\/www.viastein.hu\/termek\/diszburkolatok\/terkovek-terkorendszerek-lapok\/artline\/#breadcrumb"},"inLanguage":"en-US","potentialAction":[{"@type":"ReadAction","target":["https:\/\/www.viastein.hu\/termek\/diszburkolatok\/terkovek-terkorendszerek-lapok\/artline\/"]}]},{"@type":"ImageObject","inLanguage":"en-US","@id":"https:\/\/www.viastein.hu\/termek\/diszburkolatok\/terkovek-terkorendszerek-lapok\/artline\/#primaryimage","url":"https:\/\/www.viastein.hu\/wp-content\/uploads\/2024\/08\/img2-1.jpg","contentUrl":"https:\/\/www.viastein.hu\/wp-content\/uploads\/2024\/08\/img2-1.jpg","width":1200,"height":800},{"@type":"BreadcrumbList","@id":"https:\/\/www.viastein.hu\/termek\/diszburkolatok\/terkovek-terkorendszerek-lapok\/artline\/#breadcrumb","itemListElement":[{"@type":"ListItem","position":1,"name":"Kezd\u0151lap","item":"https:\/\/www.viastein.hu\/"},{"@type":"ListItem","position":2,"name":"Term\u00e9kek","item":"https:\/\/www.viastein.hu\/termekek-2\/"},{"@type":"ListItem","position":3,"name":"D\u00cdSZBURKOLATOK","item":"https:\/\/www.viastein.hu\/termek-kategoria\/diszburkolatok\/"},{"@type":"ListItem","position":4,"name":"T\u00e9rk\u00f6vek, t\u00e9rk\u0151rendszerek \u00e9s lapok","item":"https:\/\/www.viastein.hu\/termek-kategoria\/diszburkolatok\/terkovek-terkorendszerek-lapok\/"},{"@type":"ListItem","position":5,"name":"Artline"}]},{"@type":"WebSite","@id":"https:\/\/www.viastein.hu\/#website","url":"https:\/\/www.viastein.hu\/","name":"Viastein","description":"D\u00edszburkolatok, falaz\u00f3elemek, vasbeton elemek. Pr\u00e9mium min\u0151s\u00e9gben, hazai rakt\u00e1rb\u00f3l, r\u00f6vid sz\u00e1ll\u00edt\u00e1si hat\u00e1rid\u0151vel.","publisher":{"@id":"https:\/\/www.viastein.hu\/#organization"},"potentialAction":[{"@type":"SearchAction","target":{"@type":"EntryPoint","urlTemplate":"https:\/\/www.viastein.hu\/?s={search_term_string}"},"query-input":{"@type":"PropertyValueSpecification","valueRequired":true,"valueName":"search_term_string"}}],"inLanguage":"en-US"},{"@type":"Organization","@id":"https:\/\/www.viastein.hu\/#organization","name":"Viastein","url":"https:\/\/www.viastein.hu\/","logo":{"@type":"ImageObject","inLanguage":"en-US","@id":"https:\/\/www.viastein.hu\/#\/schema\/logo\/image\/","url":"https:\/\/www.viastein.hu\/wp-content\/uploads\/2024\/07\/viastein-color-logo-02-2.png","contentUrl":"https:\/\/www.viastein.hu\/wp-content\/uploads\/2024\/07\/viastein-color-logo-02-2.png","width":232,"height":58,"caption":"Viastein"},"image":{"@id":"https:\/\/www.viastein.hu\/#\/schema\/logo\/image\/"},"sameAs":["https:\/\/www.facebook.com\/viastein.hu\/","https:\/\/www.instagram.com\/viastein_hungary\/","https:\/\/www.youtube.com\/@viasteinkft8464","https:\/\/www.tiktok.com\/@viastein_hungary"]}]}},"_links":{"self":[{"href":"https:\/\/www.viastein.hu\/en\/wp-json\/wp\/v2\/product\/3296","targetHints":{"allow":["GET"]}}],"collection":[{"href":"https:\/\/www.viastein.hu\/en\/wp-json\/wp\/v2\/product"}],"about":[{"href":"https:\/\/www.viastein.hu\/en\/wp-json\/wp\/v2\/types\/product"}],"wp:featuredmedia":[{"embeddable":true,"href":"https:\/\/www.viastein.hu\/en\/wp-json\/wp\/v2\/media\/3325"}],"wp:attachment":[{"href":"https:\/\/www.viastein.hu\/en\/wp-json\/wp\/v2\/media?parent=3296"}],"wp:term":[{"taxonomy":"product_brand","embeddable":true,"href":"https:\/\/www.viastein.hu\/en\/wp-json\/wp\/v2\/product_brand?post=3296"},{"taxonomy":"product_cat","embeddable":true,"href":"https:\/\/www.viastein.hu\/en\/wp-json\/wp\/v2\/product_cat?post=3296"},{"taxonomy":"product_tag","embeddable":true,"href":"https:\/\/www.viastein.hu\/en\/wp-json\/wp\/v2\/product_tag?post=3296"}],"curies":[{"name":"wp","href":"https:\/\/api.w.org\/{rel}","templated":true}]}}