{"id":16677,"date":"2026-02-16T14:42:56","date_gmt":"2026-02-16T12:42:56","guid":{"rendered":"https:\/\/www.viastein.hu\/?post_type=product&#038;p=16677"},"modified":"2026-04-22T13:19:51","modified_gmt":"2026-04-22T11:19:51","slug":"grando-lux","status":"publish","type":"product","link":"https:\/\/www.viastein.hu\/en\/termek\/decorative-pavings\/via-lux-en\/grando-lux\/","title":{"rendered":"Grando LUX"},"content":{"rendered":"","protected":false},"excerpt":{"rendered":"","protected":false},"featured_media":15539,"template":"","meta":{"_acf_changed":false},"product_brand":[],"product_cat":[437],"product_tag":[96,60,97,288,98,80,63],"class_list":{"0":"post-16677","1":"product","2":"type-product","3":"status-publish","4":"has-post-thumbnail","6":"product_cat-via-lux-en","7":"product_tag-grando","8":"product_tag-gyalogos","9":"product_tag-kotesben-rakhato","10":"product_tag-lux","11":"product_tag-rendelesre","12":"product_tag-szemelygepjarmu","13":"product_tag-terasz","15":"first","16":"instock","17":"sold-individually","18":"taxable","19":"shipping-taxable","20":"purchasable","21":"product-type-variable"},"acf":[],"yoast_head":"<!-- This site is optimized with the Yoast SEO plugin v27.4 - https:\/\/yoast.com\/product\/yoast-seo-wordpress\/ -->\n<title>Grando LUX - Viastein<\/title>\n<meta name=\"robots\" content=\"index, follow, max-snippet:-1, max-image-preview:large, max-video-preview:-1\" \/>\n<link rel=\"canonical\" href=\"https:\/\/www.viastein.hu\/en\/termek\/decorative-pavings\/via-lux-en\/grando-lux\/\" \/>\n<meta property=\"og:locale\" content=\"en_US\" \/>\n<meta property=\"og:type\" content=\"article\" \/>\n<meta property=\"og:title\" content=\"Grando LUX - Viastein\" \/>\n<meta property=\"og:url\" content=\"https:\/\/www.viastein.hu\/en\/termek\/decorative-pavings\/via-lux-en\/grando-lux\/\" \/>\n<meta property=\"og:site_name\" content=\"Viastein\" \/>\n<meta property=\"article:publisher\" content=\"https:\/\/www.facebook.com\/viastein.hu\/\" \/>\n<meta property=\"article:modified_time\" content=\"2026-04-22T11:19:51+00:00\" \/>\n<meta property=\"og:image\" content=\"https:\/\/www.viastein.hu\/wp-content\/uploads\/2026\/03\/Grando_60x60_ekru2.jpg\" \/>\n\t<meta property=\"og:image:width\" content=\"1024\" \/>\n\t<meta property=\"og:image:height\" content=\"1024\" \/>\n\t<meta property=\"og:image:type\" content=\"image\/jpeg\" \/>\n<meta name=\"twitter:card\" content=\"summary_large_image\" \/>\n<meta name=\"twitter:label1\" content=\"Est. reading time\" \/>\n\t<meta name=\"twitter:data1\" content=\"1 minute\" \/>\n<script type=\"application\/ld+json\" class=\"yoast-schema-graph\">{\"@context\":\"https:\\\/\\\/schema.org\",\"@graph\":[{\"@type\":\"WebPage\",\"@id\":\"https:\\\/\\\/www.viastein.hu\\\/en\\\/termek\\\/decorative-pavings\\\/via-lux-en\\\/grando-lux\\\/\",\"url\":\"https:\\\/\\\/www.viastein.hu\\\/en\\\/termek\\\/decorative-pavings\\\/via-lux-en\\\/grando-lux\\\/\",\"name\":\"Grando LUX - Viastein\",\"isPartOf\":{\"@id\":\"https:\\\/\\\/www.viastein.hu\\\/en\\\/#website\"},\"primaryImageOfPage\":{\"@id\":\"https:\\\/\\\/www.viastein.hu\\\/en\\\/termek\\\/decorative-pavings\\\/via-lux-en\\\/grando-lux\\\/#primaryimage\"},\"image\":{\"@id\":\"https:\\\/\\\/www.viastein.hu\\\/en\\\/termek\\\/decorative-pavings\\\/via-lux-en\\\/grando-lux\\\/#primaryimage\"},\"thumbnailUrl\":\"https:\\\/\\\/www.viastein.hu\\\/wp-content\\\/uploads\\\/2026\\\/03\\\/Grando_60x60_ekru2.jpg\",\"datePublished\":\"2026-02-16T12:42:56+00:00\",\"dateModified\":\"2026-04-22T11:19:51+00:00\",\"breadcrumb\":{\"@id\":\"https:\\\/\\\/www.viastein.hu\\\/en\\\/termek\\\/decorative-pavings\\\/via-lux-en\\\/grando-lux\\\/#breadcrumb\"},\"inLanguage\":\"en-US\",\"potentialAction\":[{\"@type\":\"ReadAction\",\"target\":[\"https:\\\/\\\/www.viastein.hu\\\/en\\\/termek\\\/decorative-pavings\\\/via-lux-en\\\/grando-lux\\\/\"]}]},{\"@type\":\"ImageObject\",\"inLanguage\":\"en-US\",\"@id\":\"https:\\\/\\\/www.viastein.hu\\\/en\\\/termek\\\/decorative-pavings\\\/via-lux-en\\\/grando-lux\\\/#primaryimage\",\"url\":\"https:\\\/\\\/www.viastein.hu\\\/wp-content\\\/uploads\\\/2026\\\/03\\\/Grando_60x60_ekru2.jpg\",\"contentUrl\":\"https:\\\/\\\/www.viastein.hu\\\/wp-content\\\/uploads\\\/2026\\\/03\\\/Grando_60x60_ekru2.jpg\",\"width\":1024,\"height\":1024},{\"@type\":\"BreadcrumbList\",\"@id\":\"https:\\\/\\\/www.viastein.hu\\\/en\\\/termek\\\/decorative-pavings\\\/via-lux-en\\\/grando-lux\\\/#breadcrumb\",\"itemListElement\":[{\"@type\":\"ListItem\",\"position\":1,\"name\":\"Viastein\",\"item\":\"https:\\\/\\\/www.viastein.hu\\\/en\\\/\"},{\"@type\":\"ListItem\",\"position\":2,\"name\":\"Shop\",\"item\":\"https:\\\/\\\/www.viastein.hu\\\/en\\\/shop\\\/\"},{\"@type\":\"ListItem\",\"position\":3,\"name\":\"DECORATIVE PAVINGS\",\"item\":\"https:\\\/\\\/www.viastein.hu\\\/en\\\/termek-kategoria\\\/decorative-pavings\\\/\"},{\"@type\":\"ListItem\",\"position\":4,\"name\":\"Via LUX\",\"item\":\"https:\\\/\\\/www.viastein.hu\\\/en\\\/termek-kategoria\\\/decorative-pavings\\\/via-lux-en\\\/\"},{\"@type\":\"ListItem\",\"position\":5,\"name\":\"Grando LUX\"}]},{\"@type\":\"WebSite\",\"@id\":\"https:\\\/\\\/www.viastein.hu\\\/en\\\/#website\",\"url\":\"https:\\\/\\\/www.viastein.hu\\\/en\\\/\",\"name\":\"Viastein\",\"description\":\"D\u00edszburkolatok, falaz\u00f3elemek, vasbeton elemek. Pr\u00e9mium min\u0151s\u00e9gben, hazai rakt\u00e1rb\u00f3l, r\u00f6vid sz\u00e1ll\u00edt\u00e1si hat\u00e1rid\u0151vel.\",\"publisher\":{\"@id\":\"https:\\\/\\\/www.viastein.hu\\\/en\\\/#organization\"},\"potentialAction\":[{\"@type\":\"SearchAction\",\"target\":{\"@type\":\"EntryPoint\",\"urlTemplate\":\"https:\\\/\\\/www.viastein.hu\\\/en\\\/?s={search_term_string}\"},\"query-input\":{\"@type\":\"PropertyValueSpecification\",\"valueRequired\":true,\"valueName\":\"search_term_string\"}}],\"inLanguage\":\"en-US\"},{\"@type\":\"Organization\",\"@id\":\"https:\\\/\\\/www.viastein.hu\\\/en\\\/#organization\",\"name\":\"Viastein\",\"url\":\"https:\\\/\\\/www.viastein.hu\\\/en\\\/\",\"logo\":{\"@type\":\"ImageObject\",\"inLanguage\":\"en-US\",\"@id\":\"https:\\\/\\\/www.viastein.hu\\\/en\\\/#\\\/schema\\\/logo\\\/image\\\/\",\"url\":\"https:\\\/\\\/www.viastein.hu\\\/wp-content\\\/uploads\\\/2024\\\/07\\\/viastein-color-logo-02-2.png\",\"contentUrl\":\"https:\\\/\\\/www.viastein.hu\\\/wp-content\\\/uploads\\\/2024\\\/07\\\/viastein-color-logo-02-2.png\",\"width\":232,\"height\":58,\"caption\":\"Viastein\"},\"image\":{\"@id\":\"https:\\\/\\\/www.viastein.hu\\\/en\\\/#\\\/schema\\\/logo\\\/image\\\/\"},\"sameAs\":[\"https:\\\/\\\/www.facebook.com\\\/viastein.hu\\\/\",\"https:\\\/\\\/www.instagram.com\\\/viastein_hungary\\\/\",\"https:\\\/\\\/www.youtube.com\\\/@viasteinkft8464\",\"https:\\\/\\\/www.tiktok.com\\\/@viastein_hungary\"]}]}<\/script>\n<!-- \/ Yoast SEO plugin. -->","yoast_head_json":{"title":"Grando LUX - Viastein","robots":{"index":"index","follow":"follow","max-snippet":"max-snippet:-1","max-image-preview":"max-image-preview:large","max-video-preview":"max-video-preview:-1"},"canonical":"https:\/\/www.viastein.hu\/en\/termek\/decorative-pavings\/via-lux-en\/grando-lux\/","og_locale":"en_US","og_type":"article","og_title":"Grando LUX - Viastein","og_url":"https:\/\/www.viastein.hu\/en\/termek\/decorative-pavings\/via-lux-en\/grando-lux\/","og_site_name":"Viastein","article_publisher":"https:\/\/www.facebook.com\/viastein.hu\/","article_modified_time":"2026-04-22T11:19:51+00:00","og_image":[{"width":1024,"height":1024,"url":"https:\/\/www.viastein.hu\/wp-content\/uploads\/2026\/03\/Grando_60x60_ekru2.jpg","type":"image\/jpeg"}],"twitter_card":"summary_large_image","twitter_misc":{"Est. reading time":"1 minute"},"schema":{"@context":"https:\/\/schema.org","@graph":[{"@type":"WebPage","@id":"https:\/\/www.viastein.hu\/en\/termek\/decorative-pavings\/via-lux-en\/grando-lux\/","url":"https:\/\/www.viastein.hu\/en\/termek\/decorative-pavings\/via-lux-en\/grando-lux\/","name":"Grando LUX - Viastein","isPartOf":{"@id":"https:\/\/www.viastein.hu\/en\/#website"},"primaryImageOfPage":{"@id":"https:\/\/www.viastein.hu\/en\/termek\/decorative-pavings\/via-lux-en\/grando-lux\/#primaryimage"},"image":{"@id":"https:\/\/www.viastein.hu\/en\/termek\/decorative-pavings\/via-lux-en\/grando-lux\/#primaryimage"},"thumbnailUrl":"https:\/\/www.viastein.hu\/wp-content\/uploads\/2026\/03\/Grando_60x60_ekru2.jpg","datePublished":"2026-02-16T12:42:56+00:00","dateModified":"2026-04-22T11:19:51+00:00","breadcrumb":{"@id":"https:\/\/www.viastein.hu\/en\/termek\/decorative-pavings\/via-lux-en\/grando-lux\/#breadcrumb"},"inLanguage":"en-US","potentialAction":[{"@type":"ReadAction","target":["https:\/\/www.viastein.hu\/en\/termek\/decorative-pavings\/via-lux-en\/grando-lux\/"]}]},{"@type":"ImageObject","inLanguage":"en-US","@id":"https:\/\/www.viastein.hu\/en\/termek\/decorative-pavings\/via-lux-en\/grando-lux\/#primaryimage","url":"https:\/\/www.viastein.hu\/wp-content\/uploads\/2026\/03\/Grando_60x60_ekru2.jpg","contentUrl":"https:\/\/www.viastein.hu\/wp-content\/uploads\/2026\/03\/Grando_60x60_ekru2.jpg","width":1024,"height":1024},{"@type":"BreadcrumbList","@id":"https:\/\/www.viastein.hu\/en\/termek\/decorative-pavings\/via-lux-en\/grando-lux\/#breadcrumb","itemListElement":[{"@type":"ListItem","position":1,"name":"Viastein","item":"https:\/\/www.viastein.hu\/en\/"},{"@type":"ListItem","position":2,"name":"Shop","item":"https:\/\/www.viastein.hu\/en\/shop\/"},{"@type":"ListItem","position":3,"name":"DECORATIVE PAVINGS","item":"https:\/\/www.viastein.hu\/en\/termek-kategoria\/decorative-pavings\/"},{"@type":"ListItem","position":4,"name":"Via LUX","item":"https:\/\/www.viastein.hu\/en\/termek-kategoria\/decorative-pavings\/via-lux-en\/"},{"@type":"ListItem","position":5,"name":"Grando LUX"}]},{"@type":"WebSite","@id":"https:\/\/www.viastein.hu\/en\/#website","url":"https:\/\/www.viastein.hu\/en\/","name":"Viastein","description":"D\u00edszburkolatok, falaz\u00f3elemek, vasbeton elemek. Pr\u00e9mium min\u0151s\u00e9gben, hazai rakt\u00e1rb\u00f3l, r\u00f6vid sz\u00e1ll\u00edt\u00e1si hat\u00e1rid\u0151vel.","publisher":{"@id":"https:\/\/www.viastein.hu\/en\/#organization"},"potentialAction":[{"@type":"SearchAction","target":{"@type":"EntryPoint","urlTemplate":"https:\/\/www.viastein.hu\/en\/?s={search_term_string}"},"query-input":{"@type":"PropertyValueSpecification","valueRequired":true,"valueName":"search_term_string"}}],"inLanguage":"en-US"},{"@type":"Organization","@id":"https:\/\/www.viastein.hu\/en\/#organization","name":"Viastein","url":"https:\/\/www.viastein.hu\/en\/","logo":{"@type":"ImageObject","inLanguage":"en-US","@id":"https:\/\/www.viastein.hu\/en\/#\/schema\/logo\/image\/","url":"https:\/\/www.viastein.hu\/wp-content\/uploads\/2024\/07\/viastein-color-logo-02-2.png","contentUrl":"https:\/\/www.viastein.hu\/wp-content\/uploads\/2024\/07\/viastein-color-logo-02-2.png","width":232,"height":58,"caption":"Viastein"},"image":{"@id":"https:\/\/www.viastein.hu\/en\/#\/schema\/logo\/image\/"},"sameAs":["https:\/\/www.facebook.com\/viastein.hu\/","https:\/\/www.instagram.com\/viastein_hungary\/","https:\/\/www.youtube.com\/@viasteinkft8464","https:\/\/www.tiktok.com\/@viastein_hungary"]}]}},"_links":{"self":[{"href":"https:\/\/www.viastein.hu\/en\/wp-json\/wp\/v2\/product\/16677","targetHints":{"allow":["GET"]}}],"collection":[{"href":"https:\/\/www.viastein.hu\/en\/wp-json\/wp\/v2\/product"}],"about":[{"href":"https:\/\/www.viastein.hu\/en\/wp-json\/wp\/v2\/types\/product"}],"wp:featuredmedia":[{"embeddable":true,"href":"https:\/\/www.viastein.hu\/en\/wp-json\/wp\/v2\/media\/15539"}],"wp:attachment":[{"href":"https:\/\/www.viastein.hu\/en\/wp-json\/wp\/v2\/media?parent=16677"}],"wp:term":[{"taxonomy":"product_brand","embeddable":true,"href":"https:\/\/www.viastein.hu\/en\/wp-json\/wp\/v2\/product_brand?post=16677"},{"taxonomy":"product_cat","embeddable":true,"href":"https:\/\/www.viastein.hu\/en\/wp-json\/wp\/v2\/product_cat?post=16677"},{"taxonomy":"product_tag","embeddable":true,"href":"https:\/\/www.viastein.hu\/en\/wp-json\/wp\/v2\/product_tag?post=16677"}],"curies":[{"name":"wp","href":"https:\/\/api.w.org\/{rel}","templated":true}]}}