{"id":14443,"date":"2026-02-16T14:42:56","date_gmt":"2026-02-16T12:42:56","guid":{"rendered":"https:\/\/www.viastein.hu\/?post_type=product&#038;p=14443"},"modified":"2026-04-07T13:14:26","modified_gmt":"2026-04-07T11:14:26","slug":"grando-lux-nagyformatumu-laprendszer","status":"publish","type":"product","link":"https:\/\/www.viastein.hu\/en\/termek\/diszburkolatok\/via-lux\/grando-lux-nagyformatumu-laprendszer\/","title":{"rendered":"Grando LUX"},"content":{"rendered":"<p>A Grando LUX term\u00e9kcsal\u00e1d a nagyform\u00e1tum\u00fa burkolatok vil\u00e1g\u00e1ban k\u00edn\u00e1l magas min\u0151s\u00e9g\u0171, egyedi ig\u00e9nyekre szabhat\u00f3 megold\u00e1st. A k\u00fcl\u00f6nb\u00f6z\u0151 m\u00e9retek \u00e9s sz\u00ednek sz\u00e9les v\u00e1laszt\u00e9ka lehet\u0151v\u00e9 teszi, hogy minden t\u00e9r egyedi karaktert kapjon, mik\u00f6zben meg\u0151rzi az egys\u00e9ges, magas sz\u00ednvonal\u00fa megjelen\u00e9st.<\/p>\n<p>A NEXUS t\u00e1vtart\u00f3 rendszernek k\u00f6sz\u00f6nhet\u0151en a Grando LUX elemei szabadon kombin\u00e1lhat\u00f3k a Nexus, a Sempre Mistro \u00e9s a Sempre Mistro LUX burkolatokkal, \u00edgy egyedi, v\u00e1ltozatos, m\u00e9gis harmonikus burkolatk\u00e9p alak\u00edthat\u00f3 ki. Ez a rugalmass\u00e1g nemcsak eszt\u00e9tikai, hanem tervez\u00e9si szempontb\u00f3l is kiemelked\u0151 lehet\u0151s\u00e9geket biztos\u00edt.<\/p>\n<p>A luxus min\u0151s\u00e9get a CleanProtect technol\u00f3gia teszi teljess\u00e9, amely hozz\u00e1j\u00e1rul a burkolat tart\u00f3ss\u00e1g\u00e1hoz, ellen\u00e1ll\u00f3 k\u00e9pess\u00e9g\u00e9hez \u00e9s id\u0151t\u00e1ll\u00f3 megjelen\u00e9s\u00e9hez. A Grando LUX ide\u00e1lis v\u00e1laszt\u00e1s mindazok sz\u00e1m\u00e1ra, akik a modern, letisztult megjelen\u00e9st \u00f6tv\u00f6zn\u00e9k a kiemelked\u0151 m\u0171szaki tartalommal.<\/p>\n","protected":false},"excerpt":{"rendered":"<p>A Grando LUX term\u00e9kcsal\u00e1d a nagyform\u00e1tum\u00fa burkolatok vil\u00e1g\u00e1ban k\u00edn\u00e1l magas min\u0151s\u00e9g\u0171, egyedi ig\u00e9nyekre szabhat\u00f3 megold\u00e1st. A k\u00fcl\u00f6nb\u00f6z\u0151 m\u00e9retek \u00e9s sz\u00ednek sz\u00e9les v\u00e1laszt\u00e9ka lehet\u0151v\u00e9 teszi, hogy minden t\u00e9r egyedi karaktert kapjon, mik\u00f6zben meg\u0151rzi az egys\u00e9ges, magas sz\u00ednvonal\u00fa megjelen\u00e9st.<\/p>\n","protected":false},"featured_media":15538,"template":"","meta":{"_acf_changed":false},"product_brand":[],"product_cat":[298],"product_tag":[96,60,97,288,98,80,63],"class_list":{"0":"post-14443","1":"product","2":"type-product","3":"status-publish","4":"has-post-thumbnail","6":"product_cat-via-lux","7":"product_tag-grando","8":"product_tag-gyalogos","9":"product_tag-kotesben-rakhato","10":"product_tag-lux","11":"product_tag-rendelesre","12":"product_tag-szemelygepjarmu","13":"product_tag-terasz","15":"first","16":"instock","17":"sold-individually","18":"taxable","19":"shipping-taxable","20":"purchasable","21":"product-type-variable"},"acf":[],"yoast_head":"<!-- This site is optimized with the Yoast SEO plugin v27.2 - https:\/\/yoast.com\/product\/yoast-seo-wordpress\/ -->\n<title>Grando LUX t\u00e9rk\u0151 \u2013 nagym\u00e9ret\u0171 modern burkolat<\/title>\n<meta name=\"description\" content=\"Grando LUX nagy form\u00e1tum\u00fa t\u00e9rk\u0151 modern burkolatokhoz. Egys\u00e9ges fel\u00fclet, pr\u00e9mium megjelen\u00e9s \u00e9s hossz\u00fa \u00e9lettartam CleanProtect v\u00e9delemmel.\" \/>\n<meta name=\"robots\" content=\"index, follow, max-snippet:-1, max-image-preview:large, max-video-preview:-1\" \/>\n<link rel=\"canonical\" href=\"https:\/\/www.viastein.hu\/termek\/diszburkolatok\/via-lux\/grando-lux-nagyformatumu-laprendszer\/\" \/>\n<meta property=\"og:locale\" content=\"en_US\" \/>\n<meta property=\"og:type\" content=\"article\" \/>\n<meta property=\"og:title\" content=\"Grando LUX t\u00e9rk\u0151 \u2013 nagym\u00e9ret\u0171 modern burkolat\" \/>\n<meta property=\"og:description\" content=\"Grando LUX nagy form\u00e1tum\u00fa t\u00e9rk\u0151 modern burkolatokhoz. Egys\u00e9ges fel\u00fclet, pr\u00e9mium megjelen\u00e9s \u00e9s hossz\u00fa \u00e9lettartam CleanProtect v\u00e9delemmel.\" \/>\n<meta property=\"og:url\" content=\"https:\/\/www.viastein.hu\/termek\/diszburkolatok\/via-lux\/grando-lux-nagyformatumu-laprendszer\/\" \/>\n<meta property=\"og:site_name\" content=\"Viastein\" \/>\n<meta property=\"article:publisher\" content=\"https:\/\/www.facebook.com\/viastein.hu\/\" \/>\n<meta property=\"article:modified_time\" content=\"2026-04-07T11:14:26+00:00\" \/>\n<meta property=\"og:image\" content=\"https:\/\/www.viastein.hu\/wp-content\/uploads\/2026\/03\/Grando_60x60_ekru2.jpg\" \/>\n\t<meta property=\"og:image:width\" content=\"1024\" \/>\n\t<meta property=\"og:image:height\" content=\"1024\" \/>\n\t<meta property=\"og:image:type\" content=\"image\/jpeg\" \/>\n<meta name=\"twitter:card\" content=\"summary_large_image\" \/>\n<meta name=\"twitter:label1\" content=\"Est. reading time\" \/>\n\t<meta name=\"twitter:data1\" content=\"1 minute\" \/>\n<script type=\"application\/ld+json\" class=\"yoast-schema-graph\">{\"@context\":\"https:\/\/schema.org\",\"@graph\":[{\"@type\":\"WebPage\",\"@id\":\"https:\/\/www.viastein.hu\/termek\/diszburkolatok\/via-lux\/grando-lux-nagyformatumu-laprendszer\/\",\"url\":\"https:\/\/www.viastein.hu\/termek\/diszburkolatok\/via-lux\/grando-lux-nagyformatumu-laprendszer\/\",\"name\":\"Grando LUX t\u00e9rk\u0151 \u2013 nagym\u00e9ret\u0171 modern burkolat\",\"isPartOf\":{\"@id\":\"https:\/\/www.viastein.hu\/#website\"},\"primaryImageOfPage\":{\"@id\":\"https:\/\/www.viastein.hu\/termek\/diszburkolatok\/via-lux\/grando-lux-nagyformatumu-laprendszer\/#primaryimage\"},\"image\":{\"@id\":\"https:\/\/www.viastein.hu\/termek\/diszburkolatok\/via-lux\/grando-lux-nagyformatumu-laprendszer\/#primaryimage\"},\"thumbnailUrl\":\"https:\/\/www.viastein.hu\/wp-content\/uploads\/2026\/03\/Grando_60x60_ekru2.jpg\",\"datePublished\":\"2026-02-16T12:42:56+00:00\",\"dateModified\":\"2026-04-07T11:14:26+00:00\",\"description\":\"Grando LUX nagy form\u00e1tum\u00fa t\u00e9rk\u0151 modern burkolatokhoz. Egys\u00e9ges fel\u00fclet, pr\u00e9mium megjelen\u00e9s \u00e9s hossz\u00fa \u00e9lettartam CleanProtect v\u00e9delemmel.\",\"breadcrumb\":{\"@id\":\"https:\/\/www.viastein.hu\/termek\/diszburkolatok\/via-lux\/grando-lux-nagyformatumu-laprendszer\/#breadcrumb\"},\"inLanguage\":\"en-US\",\"potentialAction\":[{\"@type\":\"ReadAction\",\"target\":[\"https:\/\/www.viastein.hu\/termek\/diszburkolatok\/via-lux\/grando-lux-nagyformatumu-laprendszer\/\"]}]},{\"@type\":\"ImageObject\",\"inLanguage\":\"en-US\",\"@id\":\"https:\/\/www.viastein.hu\/termek\/diszburkolatok\/via-lux\/grando-lux-nagyformatumu-laprendszer\/#primaryimage\",\"url\":\"https:\/\/www.viastein.hu\/wp-content\/uploads\/2026\/03\/Grando_60x60_ekru2.jpg\",\"contentUrl\":\"https:\/\/www.viastein.hu\/wp-content\/uploads\/2026\/03\/Grando_60x60_ekru2.jpg\",\"width\":1024,\"height\":1024},{\"@type\":\"BreadcrumbList\",\"@id\":\"https:\/\/www.viastein.hu\/termek\/diszburkolatok\/via-lux\/grando-lux-nagyformatumu-laprendszer\/#breadcrumb\",\"itemListElement\":[{\"@type\":\"ListItem\",\"position\":1,\"name\":\"Kezd\u0151lap\",\"item\":\"https:\/\/www.viastein.hu\/\"},{\"@type\":\"ListItem\",\"position\":2,\"name\":\"Term\u00e9kek\",\"item\":\"https:\/\/www.viastein.hu\/termekek-2\/\"},{\"@type\":\"ListItem\",\"position\":3,\"name\":\"D\u00cdSZBURKOLATOK\",\"item\":\"https:\/\/www.viastein.hu\/termek-kategoria\/diszburkolatok\/\"},{\"@type\":\"ListItem\",\"position\":4,\"name\":\"Via LUX\",\"item\":\"https:\/\/www.viastein.hu\/termek-kategoria\/diszburkolatok\/via-lux\/\"},{\"@type\":\"ListItem\",\"position\":5,\"name\":\"Grando LUX\"}]},{\"@type\":\"WebSite\",\"@id\":\"https:\/\/www.viastein.hu\/#website\",\"url\":\"https:\/\/www.viastein.hu\/\",\"name\":\"Viastein\",\"description\":\"D\u00edszburkolatok, falaz\u00f3elemek, vasbeton elemek. Pr\u00e9mium min\u0151s\u00e9gben, hazai rakt\u00e1rb\u00f3l, r\u00f6vid sz\u00e1ll\u00edt\u00e1si hat\u00e1rid\u0151vel.\",\"publisher\":{\"@id\":\"https:\/\/www.viastein.hu\/#organization\"},\"potentialAction\":[{\"@type\":\"SearchAction\",\"target\":{\"@type\":\"EntryPoint\",\"urlTemplate\":\"https:\/\/www.viastein.hu\/?s={search_term_string}\"},\"query-input\":{\"@type\":\"PropertyValueSpecification\",\"valueRequired\":true,\"valueName\":\"search_term_string\"}}],\"inLanguage\":\"en-US\"},{\"@type\":\"Organization\",\"@id\":\"https:\/\/www.viastein.hu\/#organization\",\"name\":\"Viastein\",\"url\":\"https:\/\/www.viastein.hu\/\",\"logo\":{\"@type\":\"ImageObject\",\"inLanguage\":\"en-US\",\"@id\":\"https:\/\/www.viastein.hu\/#\/schema\/logo\/image\/\",\"url\":\"https:\/\/www.viastein.hu\/wp-content\/uploads\/2024\/07\/viastein-color-logo-02-2.png\",\"contentUrl\":\"https:\/\/www.viastein.hu\/wp-content\/uploads\/2024\/07\/viastein-color-logo-02-2.png\",\"width\":232,\"height\":58,\"caption\":\"Viastein\"},\"image\":{\"@id\":\"https:\/\/www.viastein.hu\/#\/schema\/logo\/image\/\"},\"sameAs\":[\"https:\/\/www.facebook.com\/viastein.hu\/\",\"https:\/\/www.instagram.com\/viastein_hungary\/\",\"https:\/\/www.youtube.com\/@viasteinkft8464\",\"https:\/\/www.tiktok.com\/@viastein_hungary\"]}]}<\/script>\n<!-- \/ Yoast SEO plugin. -->","yoast_head_json":{"title":"Grando LUX t\u00e9rk\u0151 \u2013 nagym\u00e9ret\u0171 modern burkolat","description":"Grando LUX nagy form\u00e1tum\u00fa t\u00e9rk\u0151 modern burkolatokhoz. Egys\u00e9ges fel\u00fclet, pr\u00e9mium megjelen\u00e9s \u00e9s hossz\u00fa \u00e9lettartam CleanProtect v\u00e9delemmel.","robots":{"index":"index","follow":"follow","max-snippet":"max-snippet:-1","max-image-preview":"max-image-preview:large","max-video-preview":"max-video-preview:-1"},"canonical":"https:\/\/www.viastein.hu\/termek\/diszburkolatok\/via-lux\/grando-lux-nagyformatumu-laprendszer\/","og_locale":"en_US","og_type":"article","og_title":"Grando LUX t\u00e9rk\u0151 \u2013 nagym\u00e9ret\u0171 modern burkolat","og_description":"Grando LUX nagy form\u00e1tum\u00fa t\u00e9rk\u0151 modern burkolatokhoz. Egys\u00e9ges fel\u00fclet, pr\u00e9mium megjelen\u00e9s \u00e9s hossz\u00fa \u00e9lettartam CleanProtect v\u00e9delemmel.","og_url":"https:\/\/www.viastein.hu\/termek\/diszburkolatok\/via-lux\/grando-lux-nagyformatumu-laprendszer\/","og_site_name":"Viastein","article_publisher":"https:\/\/www.facebook.com\/viastein.hu\/","article_modified_time":"2026-04-07T11:14:26+00:00","og_image":[{"width":1024,"height":1024,"url":"https:\/\/www.viastein.hu\/wp-content\/uploads\/2026\/03\/Grando_60x60_ekru2.jpg","type":"image\/jpeg"}],"twitter_card":"summary_large_image","twitter_misc":{"Est. reading time":"1 minute"},"schema":{"@context":"https:\/\/schema.org","@graph":[{"@type":"WebPage","@id":"https:\/\/www.viastein.hu\/termek\/diszburkolatok\/via-lux\/grando-lux-nagyformatumu-laprendszer\/","url":"https:\/\/www.viastein.hu\/termek\/diszburkolatok\/via-lux\/grando-lux-nagyformatumu-laprendszer\/","name":"Grando LUX t\u00e9rk\u0151 \u2013 nagym\u00e9ret\u0171 modern burkolat","isPartOf":{"@id":"https:\/\/www.viastein.hu\/#website"},"primaryImageOfPage":{"@id":"https:\/\/www.viastein.hu\/termek\/diszburkolatok\/via-lux\/grando-lux-nagyformatumu-laprendszer\/#primaryimage"},"image":{"@id":"https:\/\/www.viastein.hu\/termek\/diszburkolatok\/via-lux\/grando-lux-nagyformatumu-laprendszer\/#primaryimage"},"thumbnailUrl":"https:\/\/www.viastein.hu\/wp-content\/uploads\/2026\/03\/Grando_60x60_ekru2.jpg","datePublished":"2026-02-16T12:42:56+00:00","dateModified":"2026-04-07T11:14:26+00:00","description":"Grando LUX nagy form\u00e1tum\u00fa t\u00e9rk\u0151 modern burkolatokhoz. Egys\u00e9ges fel\u00fclet, pr\u00e9mium megjelen\u00e9s \u00e9s hossz\u00fa \u00e9lettartam CleanProtect v\u00e9delemmel.","breadcrumb":{"@id":"https:\/\/www.viastein.hu\/termek\/diszburkolatok\/via-lux\/grando-lux-nagyformatumu-laprendszer\/#breadcrumb"},"inLanguage":"en-US","potentialAction":[{"@type":"ReadAction","target":["https:\/\/www.viastein.hu\/termek\/diszburkolatok\/via-lux\/grando-lux-nagyformatumu-laprendszer\/"]}]},{"@type":"ImageObject","inLanguage":"en-US","@id":"https:\/\/www.viastein.hu\/termek\/diszburkolatok\/via-lux\/grando-lux-nagyformatumu-laprendszer\/#primaryimage","url":"https:\/\/www.viastein.hu\/wp-content\/uploads\/2026\/03\/Grando_60x60_ekru2.jpg","contentUrl":"https:\/\/www.viastein.hu\/wp-content\/uploads\/2026\/03\/Grando_60x60_ekru2.jpg","width":1024,"height":1024},{"@type":"BreadcrumbList","@id":"https:\/\/www.viastein.hu\/termek\/diszburkolatok\/via-lux\/grando-lux-nagyformatumu-laprendszer\/#breadcrumb","itemListElement":[{"@type":"ListItem","position":1,"name":"Kezd\u0151lap","item":"https:\/\/www.viastein.hu\/"},{"@type":"ListItem","position":2,"name":"Term\u00e9kek","item":"https:\/\/www.viastein.hu\/termekek-2\/"},{"@type":"ListItem","position":3,"name":"D\u00cdSZBURKOLATOK","item":"https:\/\/www.viastein.hu\/termek-kategoria\/diszburkolatok\/"},{"@type":"ListItem","position":4,"name":"Via LUX","item":"https:\/\/www.viastein.hu\/termek-kategoria\/diszburkolatok\/via-lux\/"},{"@type":"ListItem","position":5,"name":"Grando LUX"}]},{"@type":"WebSite","@id":"https:\/\/www.viastein.hu\/#website","url":"https:\/\/www.viastein.hu\/","name":"Viastein","description":"D\u00edszburkolatok, falaz\u00f3elemek, vasbeton elemek. Pr\u00e9mium min\u0151s\u00e9gben, hazai rakt\u00e1rb\u00f3l, r\u00f6vid sz\u00e1ll\u00edt\u00e1si hat\u00e1rid\u0151vel.","publisher":{"@id":"https:\/\/www.viastein.hu\/#organization"},"potentialAction":[{"@type":"SearchAction","target":{"@type":"EntryPoint","urlTemplate":"https:\/\/www.viastein.hu\/?s={search_term_string}"},"query-input":{"@type":"PropertyValueSpecification","valueRequired":true,"valueName":"search_term_string"}}],"inLanguage":"en-US"},{"@type":"Organization","@id":"https:\/\/www.viastein.hu\/#organization","name":"Viastein","url":"https:\/\/www.viastein.hu\/","logo":{"@type":"ImageObject","inLanguage":"en-US","@id":"https:\/\/www.viastein.hu\/#\/schema\/logo\/image\/","url":"https:\/\/www.viastein.hu\/wp-content\/uploads\/2024\/07\/viastein-color-logo-02-2.png","contentUrl":"https:\/\/www.viastein.hu\/wp-content\/uploads\/2024\/07\/viastein-color-logo-02-2.png","width":232,"height":58,"caption":"Viastein"},"image":{"@id":"https:\/\/www.viastein.hu\/#\/schema\/logo\/image\/"},"sameAs":["https:\/\/www.facebook.com\/viastein.hu\/","https:\/\/www.instagram.com\/viastein_hungary\/","https:\/\/www.youtube.com\/@viasteinkft8464","https:\/\/www.tiktok.com\/@viastein_hungary"]}]}},"_links":{"self":[{"href":"https:\/\/www.viastein.hu\/en\/wp-json\/wp\/v2\/product\/14443","targetHints":{"allow":["GET"]}}],"collection":[{"href":"https:\/\/www.viastein.hu\/en\/wp-json\/wp\/v2\/product"}],"about":[{"href":"https:\/\/www.viastein.hu\/en\/wp-json\/wp\/v2\/types\/product"}],"wp:featuredmedia":[{"embeddable":true,"href":"https:\/\/www.viastein.hu\/en\/wp-json\/wp\/v2\/media\/15538"}],"wp:attachment":[{"href":"https:\/\/www.viastein.hu\/en\/wp-json\/wp\/v2\/media?parent=14443"}],"wp:term":[{"taxonomy":"product_brand","embeddable":true,"href":"https:\/\/www.viastein.hu\/en\/wp-json\/wp\/v2\/product_brand?post=14443"},{"taxonomy":"product_cat","embeddable":true,"href":"https:\/\/www.viastein.hu\/en\/wp-json\/wp\/v2\/product_cat?post=14443"},{"taxonomy":"product_tag","embeddable":true,"href":"https:\/\/www.viastein.hu\/en\/wp-json\/wp\/v2\/product_tag?post=14443"}],"curies":[{"name":"wp","href":"https:\/\/api.w.org\/{rel}","templated":true}]}}