{"id":14396,"date":"2026-02-16T11:16:56","date_gmt":"2026-02-16T09:16:56","guid":{"rendered":"https:\/\/www.viastein.hu\/?post_type=product&#038;p=14396"},"modified":"2026-04-07T13:15:33","modified_gmt":"2026-04-07T11:15:33","slug":"imperia-border-lux-szegely","status":"publish","type":"product","link":"https:\/\/www.viastein.hu\/en\/termek\/diszburkolatok\/via-lux\/imperia-border-lux-szegely\/","title":{"rendered":"Imperia Border LUX szeg\u00e9ly"},"content":{"rendered":"<p>Az Imperia Border LUX szeg\u00e9ly a burkolati rendszerek elengedhetetlen, m\u00e9gis eleg\u00e1ns kieg\u00e9sz\u00edt\u0151je, amely funkcion\u00e1lis \u00e9s eszt\u00e9tikai szerepet egyar\u00e1nt bet\u00f6lt. Letisztult megjelen\u00e9s\u00e9vel biztos\u00edtja a burkolatok prec\u00edz lez\u00e1r\u00e1s\u00e1t, mik\u00f6zben finom \u00e1tmenetet k\u00e9pez a t\u00e9rk\u0151 \u00e9s a k\u00f6rnyez\u0151 fel\u00fcletek \u2013 p\u00e9ld\u00e1ul a gyep \u2013 k\u00f6z\u00f6tt.<\/p>\n<p>Kifinomult sz\u00ednv\u00e1laszt\u00e9ka, az ekr\u00fc \u00e9s a s\u00f6t\u00e9t gy\u00f6ngysz\u00fcrke \u00e1rnyalatok t\u00f6k\u00e9letes harm\u00f3ni\u00e1ban \u00e1llnak a VIASTEIN LUX term\u00e9kcsal\u00e1d t\u00f6bbi tagj\u00e1val, \u00edgy egys\u00e9ges \u00e9s magas min\u0151s\u00e9g\u0171 \u00f6sszk\u00e9pet teremtenek.<\/p>\n<p>Az Imperia Border LUX ide\u00e1lis v\u00e1laszt\u00e1s, ha a r\u00e9szletekben is a magas min\u0151s\u00e9g\u0171 megold\u00e1sokat keresi a rendezett \u00e9s ig\u00e9nyes \u00f6sszk\u00e9p \u00e9rdek\u00e9ben.<\/p>\n","protected":false},"excerpt":{"rendered":"<p>Az Imperia Border LUX szeg\u00e9ly a burkolati rendszerek elengedhetetlen, m\u00e9gis eleg\u00e1ns kieg\u00e9sz\u00edt\u0151je, amely funkcion\u00e1lis \u00e9s eszt\u00e9tikai szerepet egyar\u00e1nt bet\u00f6lt. Letisztult megjelen\u00e9s\u00e9vel biztos\u00edtja a burkolatok prec\u00edz lez\u00e1r\u00e1s\u00e1t, mik\u00f6zben finom \u00e1tmenetet k\u00e9pez a t\u00e9rk\u0151 \u00e9s a k\u00f6rnyez\u0151 fel\u00fcletek \u2013 p\u00e9ld\u00e1ul a gyep \u2013 k\u00f6z\u00f6tt.<\/p>\n","protected":false},"featured_media":16196,"template":"","meta":{"_acf_changed":false},"product_brand":[],"product_cat":[298],"product_tag":[90,288,242],"class_list":{"0":"post-14396","1":"product","2":"type-product","3":"status-publish","4":"has-post-thumbnail","6":"product_cat-via-lux","7":"product_tag-ekru","8":"product_tag-lux","9":"product_tag-sotet-gyongyszurke","11":"first","12":"instock","13":"sold-individually","14":"taxable","15":"shipping-taxable","16":"purchasable","17":"product-type-variable"},"acf":[],"yoast_head":"<!-- This site is optimized with the Yoast SEO plugin v27.2 - https:\/\/yoast.com\/product\/yoast-seo-wordpress\/ -->\n<title>Imperia Border LUX szeg\u00e9lyk\u0151 \u2013 eleg\u00e1ns lez\u00e1r\u00e1s - Viastein<\/title>\n<meta name=\"description\" content=\"Imperia Border LUX pr\u00e9mium szeg\u00e9lyk\u0151 burkolatok eszt\u00e9tikus lez\u00e1r\u00e1s\u00e1hoz. Tart\u00f3s, letisztult megold\u00e1s kertekbe \u00e9s t\u00e9rburkolatok mell\u00e9\" \/>\n<meta name=\"robots\" content=\"index, follow, max-snippet:-1, max-image-preview:large, max-video-preview:-1\" \/>\n<link rel=\"canonical\" href=\"https:\/\/www.viastein.hu\/termek\/diszburkolatok\/via-lux\/imperia-border-lux-szegely\/\" \/>\n<meta property=\"og:locale\" content=\"en_US\" \/>\n<meta property=\"og:type\" content=\"article\" \/>\n<meta property=\"og:title\" content=\"Imperia Border LUX szeg\u00e9lyk\u0151 \u2013 eleg\u00e1ns lez\u00e1r\u00e1s - Viastein\" \/>\n<meta property=\"og:description\" content=\"Imperia Border LUX pr\u00e9mium szeg\u00e9lyk\u0151 burkolatok eszt\u00e9tikus lez\u00e1r\u00e1s\u00e1hoz. Tart\u00f3s, letisztult megold\u00e1s kertekbe \u00e9s t\u00e9rburkolatok mell\u00e9\" \/>\n<meta property=\"og:url\" content=\"https:\/\/www.viastein.hu\/termek\/diszburkolatok\/via-lux\/imperia-border-lux-szegely\/\" \/>\n<meta property=\"og:site_name\" content=\"Viastein\" \/>\n<meta property=\"article:publisher\" content=\"https:\/\/www.facebook.com\/viastein.hu\/\" \/>\n<meta property=\"article:modified_time\" content=\"2026-04-07T11:15:33+00:00\" \/>\n<meta property=\"og:image\" content=\"https:\/\/www.viastein.hu\/wp-content\/uploads\/2026\/02\/260407-imperia-border-lux.webp\" \/>\n\t<meta property=\"og:image:width\" content=\"1200\" \/>\n\t<meta property=\"og:image:height\" content=\"1200\" \/>\n\t<meta property=\"og:image:type\" content=\"image\/webp\" \/>\n<meta name=\"twitter:card\" content=\"summary_large_image\" \/>\n<meta name=\"twitter:label1\" content=\"Est. reading time\" \/>\n\t<meta name=\"twitter:data1\" content=\"1 minute\" \/>\n<script type=\"application\/ld+json\" class=\"yoast-schema-graph\">{\"@context\":\"https:\/\/schema.org\",\"@graph\":[{\"@type\":\"WebPage\",\"@id\":\"https:\/\/www.viastein.hu\/termek\/diszburkolatok\/via-lux\/imperia-border-lux-szegely\/\",\"url\":\"https:\/\/www.viastein.hu\/termek\/diszburkolatok\/via-lux\/imperia-border-lux-szegely\/\",\"name\":\"Imperia Border LUX szeg\u00e9lyk\u0151 \u2013 eleg\u00e1ns lez\u00e1r\u00e1s - Viastein\",\"isPartOf\":{\"@id\":\"https:\/\/www.viastein.hu\/#website\"},\"primaryImageOfPage\":{\"@id\":\"https:\/\/www.viastein.hu\/termek\/diszburkolatok\/via-lux\/imperia-border-lux-szegely\/#primaryimage\"},\"image\":{\"@id\":\"https:\/\/www.viastein.hu\/termek\/diszburkolatok\/via-lux\/imperia-border-lux-szegely\/#primaryimage\"},\"thumbnailUrl\":\"https:\/\/www.viastein.hu\/wp-content\/uploads\/2026\/02\/260407-imperia-border-lux.webp\",\"datePublished\":\"2026-02-16T09:16:56+00:00\",\"dateModified\":\"2026-04-07T11:15:33+00:00\",\"description\":\"Imperia Border LUX pr\u00e9mium szeg\u00e9lyk\u0151 burkolatok eszt\u00e9tikus lez\u00e1r\u00e1s\u00e1hoz. Tart\u00f3s, letisztult megold\u00e1s kertekbe \u00e9s t\u00e9rburkolatok mell\u00e9\",\"breadcrumb\":{\"@id\":\"https:\/\/www.viastein.hu\/termek\/diszburkolatok\/via-lux\/imperia-border-lux-szegely\/#breadcrumb\"},\"inLanguage\":\"en-US\",\"potentialAction\":[{\"@type\":\"ReadAction\",\"target\":[\"https:\/\/www.viastein.hu\/termek\/diszburkolatok\/via-lux\/imperia-border-lux-szegely\/\"]}]},{\"@type\":\"ImageObject\",\"inLanguage\":\"en-US\",\"@id\":\"https:\/\/www.viastein.hu\/termek\/diszburkolatok\/via-lux\/imperia-border-lux-szegely\/#primaryimage\",\"url\":\"https:\/\/www.viastein.hu\/wp-content\/uploads\/2026\/02\/260407-imperia-border-lux.webp\",\"contentUrl\":\"https:\/\/www.viastein.hu\/wp-content\/uploads\/2026\/02\/260407-imperia-border-lux.webp\",\"width\":1200,\"height\":1200},{\"@type\":\"BreadcrumbList\",\"@id\":\"https:\/\/www.viastein.hu\/termek\/diszburkolatok\/via-lux\/imperia-border-lux-szegely\/#breadcrumb\",\"itemListElement\":[{\"@type\":\"ListItem\",\"position\":1,\"name\":\"Kezd\u0151lap\",\"item\":\"https:\/\/www.viastein.hu\/\"},{\"@type\":\"ListItem\",\"position\":2,\"name\":\"Term\u00e9kek\",\"item\":\"https:\/\/www.viastein.hu\/termekek-2\/\"},{\"@type\":\"ListItem\",\"position\":3,\"name\":\"D\u00cdSZBURKOLATOK\",\"item\":\"https:\/\/www.viastein.hu\/termek-kategoria\/diszburkolatok\/\"},{\"@type\":\"ListItem\",\"position\":4,\"name\":\"Via LUX\",\"item\":\"https:\/\/www.viastein.hu\/termek-kategoria\/diszburkolatok\/via-lux\/\"},{\"@type\":\"ListItem\",\"position\":5,\"name\":\"Imperia Border LUX szeg\u00e9ly\"}]},{\"@type\":\"WebSite\",\"@id\":\"https:\/\/www.viastein.hu\/#website\",\"url\":\"https:\/\/www.viastein.hu\/\",\"name\":\"Viastein\",\"description\":\"D\u00edszburkolatok, falaz\u00f3elemek, vasbeton elemek. Pr\u00e9mium min\u0151s\u00e9gben, hazai rakt\u00e1rb\u00f3l, r\u00f6vid sz\u00e1ll\u00edt\u00e1si hat\u00e1rid\u0151vel.\",\"publisher\":{\"@id\":\"https:\/\/www.viastein.hu\/#organization\"},\"potentialAction\":[{\"@type\":\"SearchAction\",\"target\":{\"@type\":\"EntryPoint\",\"urlTemplate\":\"https:\/\/www.viastein.hu\/?s={search_term_string}\"},\"query-input\":{\"@type\":\"PropertyValueSpecification\",\"valueRequired\":true,\"valueName\":\"search_term_string\"}}],\"inLanguage\":\"en-US\"},{\"@type\":\"Organization\",\"@id\":\"https:\/\/www.viastein.hu\/#organization\",\"name\":\"Viastein\",\"url\":\"https:\/\/www.viastein.hu\/\",\"logo\":{\"@type\":\"ImageObject\",\"inLanguage\":\"en-US\",\"@id\":\"https:\/\/www.viastein.hu\/#\/schema\/logo\/image\/\",\"url\":\"https:\/\/www.viastein.hu\/wp-content\/uploads\/2024\/07\/viastein-color-logo-02-2.png\",\"contentUrl\":\"https:\/\/www.viastein.hu\/wp-content\/uploads\/2024\/07\/viastein-color-logo-02-2.png\",\"width\":232,\"height\":58,\"caption\":\"Viastein\"},\"image\":{\"@id\":\"https:\/\/www.viastein.hu\/#\/schema\/logo\/image\/\"},\"sameAs\":[\"https:\/\/www.facebook.com\/viastein.hu\/\",\"https:\/\/www.instagram.com\/viastein_hungary\/\",\"https:\/\/www.youtube.com\/@viasteinkft8464\",\"https:\/\/www.tiktok.com\/@viastein_hungary\"]}]}<\/script>\n<!-- \/ Yoast SEO plugin. -->","yoast_head_json":{"title":"Imperia Border LUX szeg\u00e9lyk\u0151 \u2013 eleg\u00e1ns lez\u00e1r\u00e1s - Viastein","description":"Imperia Border LUX pr\u00e9mium szeg\u00e9lyk\u0151 burkolatok eszt\u00e9tikus lez\u00e1r\u00e1s\u00e1hoz. Tart\u00f3s, letisztult megold\u00e1s kertekbe \u00e9s t\u00e9rburkolatok mell\u00e9","robots":{"index":"index","follow":"follow","max-snippet":"max-snippet:-1","max-image-preview":"max-image-preview:large","max-video-preview":"max-video-preview:-1"},"canonical":"https:\/\/www.viastein.hu\/termek\/diszburkolatok\/via-lux\/imperia-border-lux-szegely\/","og_locale":"en_US","og_type":"article","og_title":"Imperia Border LUX szeg\u00e9lyk\u0151 \u2013 eleg\u00e1ns lez\u00e1r\u00e1s - Viastein","og_description":"Imperia Border LUX pr\u00e9mium szeg\u00e9lyk\u0151 burkolatok eszt\u00e9tikus lez\u00e1r\u00e1s\u00e1hoz. Tart\u00f3s, letisztult megold\u00e1s kertekbe \u00e9s t\u00e9rburkolatok mell\u00e9","og_url":"https:\/\/www.viastein.hu\/termek\/diszburkolatok\/via-lux\/imperia-border-lux-szegely\/","og_site_name":"Viastein","article_publisher":"https:\/\/www.facebook.com\/viastein.hu\/","article_modified_time":"2026-04-07T11:15:33+00:00","og_image":[{"width":1200,"height":1200,"url":"https:\/\/www.viastein.hu\/wp-content\/uploads\/2026\/02\/260407-imperia-border-lux.webp","type":"image\/webp"}],"twitter_card":"summary_large_image","twitter_misc":{"Est. reading time":"1 minute"},"schema":{"@context":"https:\/\/schema.org","@graph":[{"@type":"WebPage","@id":"https:\/\/www.viastein.hu\/termek\/diszburkolatok\/via-lux\/imperia-border-lux-szegely\/","url":"https:\/\/www.viastein.hu\/termek\/diszburkolatok\/via-lux\/imperia-border-lux-szegely\/","name":"Imperia Border LUX szeg\u00e9lyk\u0151 \u2013 eleg\u00e1ns lez\u00e1r\u00e1s - Viastein","isPartOf":{"@id":"https:\/\/www.viastein.hu\/#website"},"primaryImageOfPage":{"@id":"https:\/\/www.viastein.hu\/termek\/diszburkolatok\/via-lux\/imperia-border-lux-szegely\/#primaryimage"},"image":{"@id":"https:\/\/www.viastein.hu\/termek\/diszburkolatok\/via-lux\/imperia-border-lux-szegely\/#primaryimage"},"thumbnailUrl":"https:\/\/www.viastein.hu\/wp-content\/uploads\/2026\/02\/260407-imperia-border-lux.webp","datePublished":"2026-02-16T09:16:56+00:00","dateModified":"2026-04-07T11:15:33+00:00","description":"Imperia Border LUX pr\u00e9mium szeg\u00e9lyk\u0151 burkolatok eszt\u00e9tikus lez\u00e1r\u00e1s\u00e1hoz. Tart\u00f3s, letisztult megold\u00e1s kertekbe \u00e9s t\u00e9rburkolatok mell\u00e9","breadcrumb":{"@id":"https:\/\/www.viastein.hu\/termek\/diszburkolatok\/via-lux\/imperia-border-lux-szegely\/#breadcrumb"},"inLanguage":"en-US","potentialAction":[{"@type":"ReadAction","target":["https:\/\/www.viastein.hu\/termek\/diszburkolatok\/via-lux\/imperia-border-lux-szegely\/"]}]},{"@type":"ImageObject","inLanguage":"en-US","@id":"https:\/\/www.viastein.hu\/termek\/diszburkolatok\/via-lux\/imperia-border-lux-szegely\/#primaryimage","url":"https:\/\/www.viastein.hu\/wp-content\/uploads\/2026\/02\/260407-imperia-border-lux.webp","contentUrl":"https:\/\/www.viastein.hu\/wp-content\/uploads\/2026\/02\/260407-imperia-border-lux.webp","width":1200,"height":1200},{"@type":"BreadcrumbList","@id":"https:\/\/www.viastein.hu\/termek\/diszburkolatok\/via-lux\/imperia-border-lux-szegely\/#breadcrumb","itemListElement":[{"@type":"ListItem","position":1,"name":"Kezd\u0151lap","item":"https:\/\/www.viastein.hu\/"},{"@type":"ListItem","position":2,"name":"Term\u00e9kek","item":"https:\/\/www.viastein.hu\/termekek-2\/"},{"@type":"ListItem","position":3,"name":"D\u00cdSZBURKOLATOK","item":"https:\/\/www.viastein.hu\/termek-kategoria\/diszburkolatok\/"},{"@type":"ListItem","position":4,"name":"Via LUX","item":"https:\/\/www.viastein.hu\/termek-kategoria\/diszburkolatok\/via-lux\/"},{"@type":"ListItem","position":5,"name":"Imperia Border LUX szeg\u00e9ly"}]},{"@type":"WebSite","@id":"https:\/\/www.viastein.hu\/#website","url":"https:\/\/www.viastein.hu\/","name":"Viastein","description":"D\u00edszburkolatok, falaz\u00f3elemek, vasbeton elemek. Pr\u00e9mium min\u0151s\u00e9gben, hazai rakt\u00e1rb\u00f3l, r\u00f6vid sz\u00e1ll\u00edt\u00e1si hat\u00e1rid\u0151vel.","publisher":{"@id":"https:\/\/www.viastein.hu\/#organization"},"potentialAction":[{"@type":"SearchAction","target":{"@type":"EntryPoint","urlTemplate":"https:\/\/www.viastein.hu\/?s={search_term_string}"},"query-input":{"@type":"PropertyValueSpecification","valueRequired":true,"valueName":"search_term_string"}}],"inLanguage":"en-US"},{"@type":"Organization","@id":"https:\/\/www.viastein.hu\/#organization","name":"Viastein","url":"https:\/\/www.viastein.hu\/","logo":{"@type":"ImageObject","inLanguage":"en-US","@id":"https:\/\/www.viastein.hu\/#\/schema\/logo\/image\/","url":"https:\/\/www.viastein.hu\/wp-content\/uploads\/2024\/07\/viastein-color-logo-02-2.png","contentUrl":"https:\/\/www.viastein.hu\/wp-content\/uploads\/2024\/07\/viastein-color-logo-02-2.png","width":232,"height":58,"caption":"Viastein"},"image":{"@id":"https:\/\/www.viastein.hu\/#\/schema\/logo\/image\/"},"sameAs":["https:\/\/www.facebook.com\/viastein.hu\/","https:\/\/www.instagram.com\/viastein_hungary\/","https:\/\/www.youtube.com\/@viasteinkft8464","https:\/\/www.tiktok.com\/@viastein_hungary"]}]}},"_links":{"self":[{"href":"https:\/\/www.viastein.hu\/en\/wp-json\/wp\/v2\/product\/14396","targetHints":{"allow":["GET"]}}],"collection":[{"href":"https:\/\/www.viastein.hu\/en\/wp-json\/wp\/v2\/product"}],"about":[{"href":"https:\/\/www.viastein.hu\/en\/wp-json\/wp\/v2\/types\/product"}],"wp:featuredmedia":[{"embeddable":true,"href":"https:\/\/www.viastein.hu\/en\/wp-json\/wp\/v2\/media\/16196"}],"wp:attachment":[{"href":"https:\/\/www.viastein.hu\/en\/wp-json\/wp\/v2\/media?parent=14396"}],"wp:term":[{"taxonomy":"product_brand","embeddable":true,"href":"https:\/\/www.viastein.hu\/en\/wp-json\/wp\/v2\/product_brand?post=14396"},{"taxonomy":"product_cat","embeddable":true,"href":"https:\/\/www.viastein.hu\/en\/wp-json\/wp\/v2\/product_cat?post=14396"},{"taxonomy":"product_tag","embeddable":true,"href":"https:\/\/www.viastein.hu\/en\/wp-json\/wp\/v2\/product_tag?post=14396"}],"curies":[{"name":"wp","href":"https:\/\/api.w.org\/{rel}","templated":true}]}}