{"id":14389,"date":"2026-02-16T10:10:43","date_gmt":"2026-02-16T08:10:43","guid":{"rendered":"https:\/\/www.viastein.hu\/?post_type=product&#038;p=14389"},"modified":"2026-04-07T13:17:39","modified_gmt":"2026-04-07T11:17:39","slug":"modulo-antico-lux-keritesrendszer","status":"publish","type":"product","link":"https:\/\/www.viastein.hu\/en\/termek\/diszburkolatok\/via-lux\/modulo-antico-lux-keritesrendszer\/","title":{"rendered":"Modulo Antico LUX ker\u00edt\u00e9srendszer"},"content":{"rendered":"<p>A Modulo Antico LUX ker\u00edt\u00e9srendszer a rusztikus karakter \u00e9s a letisztult \u00e9p\u00edt\u00e9szeti formavil\u00e1g eleg\u00e1ns tal\u00e1lkoz\u00e1sa. A roppantott fel\u00fcletmegmunk\u00e1l\u00e1si technol\u00f3gi\u00e1nak k\u00f6sz\u00f6nhet\u0151en az elemek fel\u00fclete egyedi, term\u00e9szetes hat\u00e1s\u00fa. Tiszta sz\u00edneiben is megjelenik a term\u00e9szetess\u00e9g a roppantott fel\u00fcleten megjelen\u0151 kavicsok \u00e1ltal. A Modulo Antico LUX ker\u00edt\u00e9srendszer harmonikusan illeszkedik b\u00e1rmilyen st\u00edlus\u00fa k\u00f6rnyezethez, mik\u00f6zben karakteres megjelen\u00e9s jellemzi. A Modulo Antico LUX ker\u00edt\u00e9srendszer t\u00f6k\u00e9letes p\u00e9ld\u00e1ja annak, hogyan eg\u00e9sz\u00edti ki egym\u00e1st a modern elegancia \u00e9s a rusztikus st\u00edlus.<\/p>\n<p>A Modulo Antico LUX ker\u00edt\u00e9selemei \u00fcreges kialak\u00edt\u00e1s\u00faak, melyek betonnal kit\u00f6ltend\u0151k, valamint az el\u0151k\u00e9sz\u00edtett pontokon f\u00fcgg\u0151legesen \u00e9s v\u00edzszintesen is vasaland\u00f3k. Sokoldal\u00fas\u00e1g\u00e1nak k\u00f6sz\u00f6nhet\u0151en ker\u00edt\u00e9sek mellett alacsony falak, kiemelt \u00e1gy\u00e1sok kialak\u00edt\u00e1s\u00e1ra is ide\u00e1lis megold\u00e1s.<\/p>\n<p>A Modulo Antico LUX ker\u00edt\u00e9srendszer Ice \u00e9s Shadow sz\u00ednei eleg\u00e1nsan vari\u00e1lhat\u00f3k egym\u00e1ssal.<\/p>\n<p>A rendszerhez tartoz\u00f3 ker\u00edt\u00e9s fedlapok \u00e9s oszlop fedlapok nemcsak eszt\u00e9tikailag z\u00e1rj\u00e1k le a fel\u00fcleteket, hanem hat\u00e9kony v\u00e9delmet is biztos\u00edtanak az id\u0151j\u00e1r\u00e1si hat\u00e1sokkal szemben.<\/p>\n","protected":false},"excerpt":{"rendered":"<p><strong>SZ\u00cdNEK<\/strong><\/p>\n<div class=\"row\" style=\"content: ''; display: flex; clear: both;\">\n<div class=\"column, column011\" style=\"float: left; ; padding: 10px;\">\n<p><img decoding=\"async\" class=\"attachment-full size-full\" src=\"https:\/\/www.viastein.hu\/wp-content\/uploads\/2024\/08\/antracit-3.jpg\" alt=\"\" \/><br \/>\n<strong style=\"font-size: 14px;\">antracit<\/strong><\/p>\n<\/div>\n<div class=\"column, column011\" style=\"float: left; padding: 10px;\"><\/div>\n<div class=\"column, column011\" style=\"float: left; padding: 10px;\">\n<p><img decoding=\"async\" class=\"attachment-full size-full\" src=\"https:\/\/www.viastein.hu\/wp-content\/uploads\/2024\/08\/feher.jpg\" alt=\"\" \/><br \/>\n<strong style=\"font-size: 14px;\">feh\u00e9r<\/strong><\/p>\n<\/div>\n<\/div>\n<div class=\"row\" style=\"content: ''; display: flex; clear: both;\">\n<div class=\"column\" style=\"float: left; width: 42%; padding: 10px;\"><img decoding=\"async\" class=\"attachment-full size-full\" src=\"https:\/\/www.viastein.hu\/wp-content\/uploads\/2024\/08\/Skala-raklap-rajz.jpg \" alt=\"\" \/><\/div>\n<\/div>\n<hr style=\"border: solid 1px;\" \/>\n<p><img decoding=\"async\" style=\"padding-right: 15px;\" src=\"https:\/\/www.viastein.hu\/wp-content\/uploads\/2024\/08\/VIA.jpg\" alt=\"\" \/><img decoding=\"async\" class=\"\" style=\"padding-right: 15px;\" src=\"https:\/\/www.viastein.hu\/wp-content\/uploads\/2025\/07\/roppantott.jpg\" alt=\"\" width=\"84\" height=\"33\" \/><\/p>\n","protected":false},"featured_media":16203,"template":"","meta":{"_acf_changed":false},"product_brand":[],"product_cat":[298],"product_tag":[296,240,288,104,225,297],"class_list":{"0":"post-14389","1":"product","2":"type-product","3":"status-publish","4":"has-post-thumbnail","6":"product_cat-via-lux","7":"product_tag-ice","8":"product_tag-keritesrendszer","9":"product_tag-lux","10":"product_tag-modulo","11":"product_tag-modulo-antico","12":"product_tag-shadow","14":"first","15":"instock","16":"sold-individually","17":"taxable","18":"shipping-taxable","19":"purchasable","20":"product-type-variable"},"acf":[],"yoast_head":"<!-- This site is optimized with the Yoast SEO plugin v27.2 - https:\/\/yoast.com\/product\/yoast-seo-wordpress\/ -->\n<title>Modulo Antico LUX ker\u00edt\u00e9srendszer - Viastein<\/title>\n<meta name=\"description\" content=\"Modulo Antico LUX ker\u00edt\u00e9s \u2013 Rusztikus hat\u00e1s\u00fa ker\u00edt\u00e9srendszer modern kivitelben. Tart\u00f3s, sokoldal\u00fa megold\u00e1s ker\u00edt\u00e9sekhez \u00e9s kerti falakhoz.\" \/>\n<meta name=\"robots\" content=\"index, follow, max-snippet:-1, max-image-preview:large, max-video-preview:-1\" \/>\n<link rel=\"canonical\" href=\"https:\/\/www.viastein.hu\/termek\/diszburkolatok\/via-lux\/modulo-antico-lux-keritesrendszer\/\" \/>\n<meta property=\"og:locale\" content=\"en_US\" \/>\n<meta property=\"og:type\" content=\"article\" \/>\n<meta property=\"og:title\" content=\"Modulo Antico LUX ker\u00edt\u00e9srendszer - Viastein\" \/>\n<meta property=\"og:description\" content=\"Modulo Antico LUX ker\u00edt\u00e9s \u2013 Rusztikus hat\u00e1s\u00fa ker\u00edt\u00e9srendszer modern kivitelben. Tart\u00f3s, sokoldal\u00fa megold\u00e1s ker\u00edt\u00e9sekhez \u00e9s kerti falakhoz.\" \/>\n<meta property=\"og:url\" content=\"https:\/\/www.viastein.hu\/termek\/diszburkolatok\/via-lux\/modulo-antico-lux-keritesrendszer\/\" \/>\n<meta property=\"og:site_name\" content=\"Viastein\" \/>\n<meta property=\"article:publisher\" content=\"https:\/\/www.facebook.com\/viastein.hu\/\" \/>\n<meta property=\"article:modified_time\" content=\"2026-04-07T11:17:39+00:00\" \/>\n<meta property=\"og:image\" content=\"https:\/\/www.viastein.hu\/wp-content\/uploads\/2026\/02\/260407-modulo-antico.webp\" \/>\n\t<meta property=\"og:image:width\" content=\"1200\" \/>\n\t<meta property=\"og:image:height\" content=\"1200\" \/>\n\t<meta property=\"og:image:type\" content=\"image\/webp\" \/>\n<meta name=\"twitter:card\" content=\"summary_large_image\" \/>\n<meta name=\"twitter:label1\" content=\"Est. reading time\" \/>\n\t<meta name=\"twitter:data1\" content=\"1 minute\" \/>\n<script type=\"application\/ld+json\" class=\"yoast-schema-graph\">{\"@context\":\"https:\/\/schema.org\",\"@graph\":[{\"@type\":\"WebPage\",\"@id\":\"https:\/\/www.viastein.hu\/termek\/diszburkolatok\/via-lux\/modulo-antico-lux-keritesrendszer\/\",\"url\":\"https:\/\/www.viastein.hu\/termek\/diszburkolatok\/via-lux\/modulo-antico-lux-keritesrendszer\/\",\"name\":\"Modulo Antico LUX ker\u00edt\u00e9srendszer - Viastein\",\"isPartOf\":{\"@id\":\"https:\/\/www.viastein.hu\/#website\"},\"primaryImageOfPage\":{\"@id\":\"https:\/\/www.viastein.hu\/termek\/diszburkolatok\/via-lux\/modulo-antico-lux-keritesrendszer\/#primaryimage\"},\"image\":{\"@id\":\"https:\/\/www.viastein.hu\/termek\/diszburkolatok\/via-lux\/modulo-antico-lux-keritesrendszer\/#primaryimage\"},\"thumbnailUrl\":\"https:\/\/www.viastein.hu\/wp-content\/uploads\/2026\/02\/260407-modulo-antico.webp\",\"datePublished\":\"2026-02-16T08:10:43+00:00\",\"dateModified\":\"2026-04-07T11:17:39+00:00\",\"description\":\"Modulo Antico LUX ker\u00edt\u00e9s \u2013 Rusztikus hat\u00e1s\u00fa ker\u00edt\u00e9srendszer modern kivitelben. Tart\u00f3s, sokoldal\u00fa megold\u00e1s ker\u00edt\u00e9sekhez \u00e9s kerti falakhoz.\",\"breadcrumb\":{\"@id\":\"https:\/\/www.viastein.hu\/termek\/diszburkolatok\/via-lux\/modulo-antico-lux-keritesrendszer\/#breadcrumb\"},\"inLanguage\":\"en-US\",\"potentialAction\":[{\"@type\":\"ReadAction\",\"target\":[\"https:\/\/www.viastein.hu\/termek\/diszburkolatok\/via-lux\/modulo-antico-lux-keritesrendszer\/\"]}]},{\"@type\":\"ImageObject\",\"inLanguage\":\"en-US\",\"@id\":\"https:\/\/www.viastein.hu\/termek\/diszburkolatok\/via-lux\/modulo-antico-lux-keritesrendszer\/#primaryimage\",\"url\":\"https:\/\/www.viastein.hu\/wp-content\/uploads\/2026\/02\/260407-modulo-antico.webp\",\"contentUrl\":\"https:\/\/www.viastein.hu\/wp-content\/uploads\/2026\/02\/260407-modulo-antico.webp\",\"width\":1200,\"height\":1200},{\"@type\":\"BreadcrumbList\",\"@id\":\"https:\/\/www.viastein.hu\/termek\/diszburkolatok\/via-lux\/modulo-antico-lux-keritesrendszer\/#breadcrumb\",\"itemListElement\":[{\"@type\":\"ListItem\",\"position\":1,\"name\":\"Kezd\u0151lap\",\"item\":\"https:\/\/www.viastein.hu\/\"},{\"@type\":\"ListItem\",\"position\":2,\"name\":\"Term\u00e9kek\",\"item\":\"https:\/\/www.viastein.hu\/termekek-2\/\"},{\"@type\":\"ListItem\",\"position\":3,\"name\":\"D\u00cdSZBURKOLATOK\",\"item\":\"https:\/\/www.viastein.hu\/termek-kategoria\/diszburkolatok\/\"},{\"@type\":\"ListItem\",\"position\":4,\"name\":\"Via LUX\",\"item\":\"https:\/\/www.viastein.hu\/termek-kategoria\/diszburkolatok\/via-lux\/\"},{\"@type\":\"ListItem\",\"position\":5,\"name\":\"Modulo Antico LUX ker\u00edt\u00e9srendszer\"}]},{\"@type\":\"WebSite\",\"@id\":\"https:\/\/www.viastein.hu\/#website\",\"url\":\"https:\/\/www.viastein.hu\/\",\"name\":\"Viastein\",\"description\":\"D\u00edszburkolatok, falaz\u00f3elemek, vasbeton elemek. Pr\u00e9mium min\u0151s\u00e9gben, hazai rakt\u00e1rb\u00f3l, r\u00f6vid sz\u00e1ll\u00edt\u00e1si hat\u00e1rid\u0151vel.\",\"publisher\":{\"@id\":\"https:\/\/www.viastein.hu\/#organization\"},\"potentialAction\":[{\"@type\":\"SearchAction\",\"target\":{\"@type\":\"EntryPoint\",\"urlTemplate\":\"https:\/\/www.viastein.hu\/?s={search_term_string}\"},\"query-input\":{\"@type\":\"PropertyValueSpecification\",\"valueRequired\":true,\"valueName\":\"search_term_string\"}}],\"inLanguage\":\"en-US\"},{\"@type\":\"Organization\",\"@id\":\"https:\/\/www.viastein.hu\/#organization\",\"name\":\"Viastein\",\"url\":\"https:\/\/www.viastein.hu\/\",\"logo\":{\"@type\":\"ImageObject\",\"inLanguage\":\"en-US\",\"@id\":\"https:\/\/www.viastein.hu\/#\/schema\/logo\/image\/\",\"url\":\"https:\/\/www.viastein.hu\/wp-content\/uploads\/2024\/07\/viastein-color-logo-02-2.png\",\"contentUrl\":\"https:\/\/www.viastein.hu\/wp-content\/uploads\/2024\/07\/viastein-color-logo-02-2.png\",\"width\":232,\"height\":58,\"caption\":\"Viastein\"},\"image\":{\"@id\":\"https:\/\/www.viastein.hu\/#\/schema\/logo\/image\/\"},\"sameAs\":[\"https:\/\/www.facebook.com\/viastein.hu\/\",\"https:\/\/www.instagram.com\/viastein_hungary\/\",\"https:\/\/www.youtube.com\/@viasteinkft8464\",\"https:\/\/www.tiktok.com\/@viastein_hungary\"]}]}<\/script>\n<!-- \/ Yoast SEO plugin. -->","yoast_head_json":{"title":"Modulo Antico LUX ker\u00edt\u00e9srendszer - Viastein","description":"Modulo Antico LUX ker\u00edt\u00e9s \u2013 Rusztikus hat\u00e1s\u00fa ker\u00edt\u00e9srendszer modern kivitelben. Tart\u00f3s, sokoldal\u00fa megold\u00e1s ker\u00edt\u00e9sekhez \u00e9s kerti falakhoz.","robots":{"index":"index","follow":"follow","max-snippet":"max-snippet:-1","max-image-preview":"max-image-preview:large","max-video-preview":"max-video-preview:-1"},"canonical":"https:\/\/www.viastein.hu\/termek\/diszburkolatok\/via-lux\/modulo-antico-lux-keritesrendszer\/","og_locale":"en_US","og_type":"article","og_title":"Modulo Antico LUX ker\u00edt\u00e9srendszer - Viastein","og_description":"Modulo Antico LUX ker\u00edt\u00e9s \u2013 Rusztikus hat\u00e1s\u00fa ker\u00edt\u00e9srendszer modern kivitelben. Tart\u00f3s, sokoldal\u00fa megold\u00e1s ker\u00edt\u00e9sekhez \u00e9s kerti falakhoz.","og_url":"https:\/\/www.viastein.hu\/termek\/diszburkolatok\/via-lux\/modulo-antico-lux-keritesrendszer\/","og_site_name":"Viastein","article_publisher":"https:\/\/www.facebook.com\/viastein.hu\/","article_modified_time":"2026-04-07T11:17:39+00:00","og_image":[{"width":1200,"height":1200,"url":"https:\/\/www.viastein.hu\/wp-content\/uploads\/2026\/02\/260407-modulo-antico.webp","type":"image\/webp"}],"twitter_card":"summary_large_image","twitter_misc":{"Est. reading time":"1 minute"},"schema":{"@context":"https:\/\/schema.org","@graph":[{"@type":"WebPage","@id":"https:\/\/www.viastein.hu\/termek\/diszburkolatok\/via-lux\/modulo-antico-lux-keritesrendszer\/","url":"https:\/\/www.viastein.hu\/termek\/diszburkolatok\/via-lux\/modulo-antico-lux-keritesrendszer\/","name":"Modulo Antico LUX ker\u00edt\u00e9srendszer - Viastein","isPartOf":{"@id":"https:\/\/www.viastein.hu\/#website"},"primaryImageOfPage":{"@id":"https:\/\/www.viastein.hu\/termek\/diszburkolatok\/via-lux\/modulo-antico-lux-keritesrendszer\/#primaryimage"},"image":{"@id":"https:\/\/www.viastein.hu\/termek\/diszburkolatok\/via-lux\/modulo-antico-lux-keritesrendszer\/#primaryimage"},"thumbnailUrl":"https:\/\/www.viastein.hu\/wp-content\/uploads\/2026\/02\/260407-modulo-antico.webp","datePublished":"2026-02-16T08:10:43+00:00","dateModified":"2026-04-07T11:17:39+00:00","description":"Modulo Antico LUX ker\u00edt\u00e9s \u2013 Rusztikus hat\u00e1s\u00fa ker\u00edt\u00e9srendszer modern kivitelben. Tart\u00f3s, sokoldal\u00fa megold\u00e1s ker\u00edt\u00e9sekhez \u00e9s kerti falakhoz.","breadcrumb":{"@id":"https:\/\/www.viastein.hu\/termek\/diszburkolatok\/via-lux\/modulo-antico-lux-keritesrendszer\/#breadcrumb"},"inLanguage":"en-US","potentialAction":[{"@type":"ReadAction","target":["https:\/\/www.viastein.hu\/termek\/diszburkolatok\/via-lux\/modulo-antico-lux-keritesrendszer\/"]}]},{"@type":"ImageObject","inLanguage":"en-US","@id":"https:\/\/www.viastein.hu\/termek\/diszburkolatok\/via-lux\/modulo-antico-lux-keritesrendszer\/#primaryimage","url":"https:\/\/www.viastein.hu\/wp-content\/uploads\/2026\/02\/260407-modulo-antico.webp","contentUrl":"https:\/\/www.viastein.hu\/wp-content\/uploads\/2026\/02\/260407-modulo-antico.webp","width":1200,"height":1200},{"@type":"BreadcrumbList","@id":"https:\/\/www.viastein.hu\/termek\/diszburkolatok\/via-lux\/modulo-antico-lux-keritesrendszer\/#breadcrumb","itemListElement":[{"@type":"ListItem","position":1,"name":"Kezd\u0151lap","item":"https:\/\/www.viastein.hu\/"},{"@type":"ListItem","position":2,"name":"Term\u00e9kek","item":"https:\/\/www.viastein.hu\/termekek-2\/"},{"@type":"ListItem","position":3,"name":"D\u00cdSZBURKOLATOK","item":"https:\/\/www.viastein.hu\/termek-kategoria\/diszburkolatok\/"},{"@type":"ListItem","position":4,"name":"Via LUX","item":"https:\/\/www.viastein.hu\/termek-kategoria\/diszburkolatok\/via-lux\/"},{"@type":"ListItem","position":5,"name":"Modulo Antico LUX ker\u00edt\u00e9srendszer"}]},{"@type":"WebSite","@id":"https:\/\/www.viastein.hu\/#website","url":"https:\/\/www.viastein.hu\/","name":"Viastein","description":"D\u00edszburkolatok, falaz\u00f3elemek, vasbeton elemek. Pr\u00e9mium min\u0151s\u00e9gben, hazai rakt\u00e1rb\u00f3l, r\u00f6vid sz\u00e1ll\u00edt\u00e1si hat\u00e1rid\u0151vel.","publisher":{"@id":"https:\/\/www.viastein.hu\/#organization"},"potentialAction":[{"@type":"SearchAction","target":{"@type":"EntryPoint","urlTemplate":"https:\/\/www.viastein.hu\/?s={search_term_string}"},"query-input":{"@type":"PropertyValueSpecification","valueRequired":true,"valueName":"search_term_string"}}],"inLanguage":"en-US"},{"@type":"Organization","@id":"https:\/\/www.viastein.hu\/#organization","name":"Viastein","url":"https:\/\/www.viastein.hu\/","logo":{"@type":"ImageObject","inLanguage":"en-US","@id":"https:\/\/www.viastein.hu\/#\/schema\/logo\/image\/","url":"https:\/\/www.viastein.hu\/wp-content\/uploads\/2024\/07\/viastein-color-logo-02-2.png","contentUrl":"https:\/\/www.viastein.hu\/wp-content\/uploads\/2024\/07\/viastein-color-logo-02-2.png","width":232,"height":58,"caption":"Viastein"},"image":{"@id":"https:\/\/www.viastein.hu\/#\/schema\/logo\/image\/"},"sameAs":["https:\/\/www.facebook.com\/viastein.hu\/","https:\/\/www.instagram.com\/viastein_hungary\/","https:\/\/www.youtube.com\/@viasteinkft8464","https:\/\/www.tiktok.com\/@viastein_hungary"]}]}},"_links":{"self":[{"href":"https:\/\/www.viastein.hu\/en\/wp-json\/wp\/v2\/product\/14389","targetHints":{"allow":["GET"]}}],"collection":[{"href":"https:\/\/www.viastein.hu\/en\/wp-json\/wp\/v2\/product"}],"about":[{"href":"https:\/\/www.viastein.hu\/en\/wp-json\/wp\/v2\/types\/product"}],"wp:featuredmedia":[{"embeddable":true,"href":"https:\/\/www.viastein.hu\/en\/wp-json\/wp\/v2\/media\/16203"}],"wp:attachment":[{"href":"https:\/\/www.viastein.hu\/en\/wp-json\/wp\/v2\/media?parent=14389"}],"wp:term":[{"taxonomy":"product_brand","embeddable":true,"href":"https:\/\/www.viastein.hu\/en\/wp-json\/wp\/v2\/product_brand?post=14389"},{"taxonomy":"product_cat","embeddable":true,"href":"https:\/\/www.viastein.hu\/en\/wp-json\/wp\/v2\/product_cat?post=14389"},{"taxonomy":"product_tag","embeddable":true,"href":"https:\/\/www.viastein.hu\/en\/wp-json\/wp\/v2\/product_tag?post=14389"}],"curies":[{"name":"wp","href":"https:\/\/api.w.org\/{rel}","templated":true}]}}