{"id":14383,"date":"2026-02-16T09:52:53","date_gmt":"2026-02-16T07:52:53","guid":{"rendered":"https:\/\/www.viastein.hu\/?post_type=product&#038;p=14383"},"modified":"2026-04-07T13:21:13","modified_gmt":"2026-04-07T11:21:13","slug":"sempre-mistro-lux","status":"publish","type":"product","link":"https:\/\/www.viastein.hu\/en\/termek\/diszburkolatok\/via-lux\/sempre-mistro-lux\/","title":{"rendered":"Sempre Mistro LUX"},"content":{"rendered":"<p>A Sempre Mistro\u00a0LUX\u00a0t\u00e9rk\u0151rendszer a klasszikus forma \u00e9s a korszer\u0171 burkolati megold\u00e1sok harmonikus \u00f6tv\u00f6zete. A h\u00e1rom k\u00fcl\u00f6nb\u00f6z\u0151 m\u00e9ret\u0171 elem soronk\u00e9nt vegyes elhelyez\u00e9se dinamikus, m\u00e9gis rendezett rak\u00e1sk\u00e9pet eredm\u00e9nyez, amely izgalmas vizu\u00e1lis hat\u00e1st biztos\u00edt.<\/p>\n<p>Az egyszer\u0171 k\u0151forma a kifinomult fel\u00fcleti kialak\u00edt\u00e1ssal \u00e9s az el\u0151k\u00e9sz\u00edtett lerak\u00e1si mint\u00e1val l\u00e9p t\u00fal a hagyom\u00e1nyos megjelen\u00e9sen, \u00edgy a burkolat egys\u00e9ges, m\u00e9gis karakteres \u00f6sszk\u00e9pet ny\u00fajt. A meger\u0151s\u00edtett Nexus t\u00e1vtart\u00f3 bord\u00e1zat kiemelked\u0151 stabilit\u00e1st biztos\u00edt, amely alkalmass\u00e1 teszi a rendszert nagyobb ig\u00e9nybev\u00e9tel\u0171 fel\u00fcletek \u2013 k\u00f6zterek, parkol\u00f3k, forgalmas fel\u00fcletek \u2013 burkol\u00e1s\u00e1ra is.<\/p>\n<p>A luxus min\u0151s\u00e9get a CleanProtect technol\u00f3gia garant\u00e1lja, amely hozz\u00e1j\u00e1rul a fel\u00fclet tart\u00f3ss\u00e1g\u00e1hoz, ellen\u00e1ll\u00f3 k\u00e9pess\u00e9g\u00e9hez \u00e9s k\u00f6nny\u0171 tiszt\u00edthat\u00f3s\u00e1g\u00e1hoz. Eleg\u00e1ns sz\u00edn\u00e1rnyalatai r\u00e9v\u00e9n a Sempre Mistro\u00a0LUX\u00a0b\u00e1rmilyen \u00e9p\u00edt\u00e9szeti k\u00f6rnyezethez harmonikusan illeszkedik, mik\u00f6zben magas min\u0151s\u00e9g\u0171, id\u0151t\u00e1ll\u00f3 megold\u00e1st k\u00edn\u00e1l.<\/p>\n","protected":false},"excerpt":{"rendered":"<p>A Sempre Mistro\u00a0LUX\u00a0t\u00e9rk\u0151rendszer a klasszikus forma \u00e9s a korszer\u0171 burkolati megold\u00e1sok harmonikus \u00f6tv\u00f6zete. A h\u00e1rom k\u00fcl\u00f6nb\u00f6z\u0151 m\u00e9ret\u0171 elem soronk\u00e9nt vegyes elhelyez\u00e9se dinamikus, m\u00e9gis rendezett rak\u00e1sk\u00e9pet eredm\u00e9nyez, amely izgalmas vizu\u00e1lis hat\u00e1st biztos\u00edt.<\/p>\n","protected":false},"featured_media":16209,"template":"","meta":{"_acf_changed":false},"product_brand":[],"product_cat":[298],"product_tag":[59,90,66,60,288,112,242,80,63],"class_list":{"0":"post-14383","1":"product","2":"type-product","3":"status-publish","4":"has-post-thumbnail","6":"product_cat-via-lux","7":"product_tag-clean-and-color-protect","8":"product_tag-ekru","9":"product_tag-feluletkezelt","10":"product_tag-gyalogos","11":"product_tag-lux","12":"product_tag-sempre-mistro","13":"product_tag-sotet-gyongyszurke","14":"product_tag-szemelygepjarmu","15":"product_tag-terasz","17":"first","18":"instock","19":"sold-individually","20":"taxable","21":"shipping-taxable","22":"purchasable","23":"product-type-variable"},"acf":[],"yoast_head":"<!-- This site is optimized with the Yoast SEO plugin v27.2 - https:\/\/yoast.com\/product\/yoast-seo-wordpress\/ -->\n<title>Sempre Mistro LUX t\u00e9rk\u0151 \u2013 dinamikus pr\u00e9mium burkolat - Viastein<\/title>\n<meta name=\"description\" content=\"Sempre Mistro LUX t\u00e9rk\u0151 \u2013 T\u00f6bbm\u00e9ret\u0171 t\u00e9rk\u0151rendszer v\u00e1ltozatos mint\u00e1zattal. Stabil, tart\u00f3s \u00e9s eszt\u00e9tikus megold\u00e1s nagy ig\u00e9nybev\u00e9telhez is.\" \/>\n<meta name=\"robots\" content=\"index, follow, max-snippet:-1, max-image-preview:large, max-video-preview:-1\" \/>\n<link rel=\"canonical\" href=\"https:\/\/www.viastein.hu\/termek\/diszburkolatok\/via-lux\/sempre-mistro-lux\/\" \/>\n<meta property=\"og:locale\" content=\"en_US\" \/>\n<meta property=\"og:type\" content=\"article\" \/>\n<meta property=\"og:title\" content=\"Sempre Mistro LUX t\u00e9rk\u0151 \u2013 dinamikus pr\u00e9mium burkolat - Viastein\" \/>\n<meta property=\"og:description\" content=\"Sempre Mistro LUX t\u00e9rk\u0151 \u2013 T\u00f6bbm\u00e9ret\u0171 t\u00e9rk\u0151rendszer v\u00e1ltozatos mint\u00e1zattal. Stabil, tart\u00f3s \u00e9s eszt\u00e9tikus megold\u00e1s nagy ig\u00e9nybev\u00e9telhez is.\" \/>\n<meta property=\"og:url\" content=\"https:\/\/www.viastein.hu\/termek\/diszburkolatok\/via-lux\/sempre-mistro-lux\/\" \/>\n<meta property=\"og:site_name\" content=\"Viastein\" \/>\n<meta property=\"article:publisher\" content=\"https:\/\/www.facebook.com\/viastein.hu\/\" \/>\n<meta property=\"article:modified_time\" content=\"2026-04-07T11:21:13+00:00\" \/>\n<meta property=\"og:image\" content=\"https:\/\/www.viastein.hu\/wp-content\/uploads\/2026\/02\/260407-sempre-mistro.webp\" \/>\n\t<meta property=\"og:image:width\" content=\"1200\" \/>\n\t<meta property=\"og:image:height\" content=\"1200\" \/>\n\t<meta property=\"og:image:type\" content=\"image\/webp\" \/>\n<meta name=\"twitter:card\" content=\"summary_large_image\" \/>\n<meta name=\"twitter:label1\" content=\"Est. reading time\" \/>\n\t<meta name=\"twitter:data1\" content=\"1 minute\" \/>\n<script type=\"application\/ld+json\" class=\"yoast-schema-graph\">{\"@context\":\"https:\/\/schema.org\",\"@graph\":[{\"@type\":\"WebPage\",\"@id\":\"https:\/\/www.viastein.hu\/termek\/diszburkolatok\/via-lux\/sempre-mistro-lux\/\",\"url\":\"https:\/\/www.viastein.hu\/termek\/diszburkolatok\/via-lux\/sempre-mistro-lux\/\",\"name\":\"Sempre Mistro LUX t\u00e9rk\u0151 \u2013 dinamikus pr\u00e9mium burkolat - Viastein\",\"isPartOf\":{\"@id\":\"https:\/\/www.viastein.hu\/#website\"},\"primaryImageOfPage\":{\"@id\":\"https:\/\/www.viastein.hu\/termek\/diszburkolatok\/via-lux\/sempre-mistro-lux\/#primaryimage\"},\"image\":{\"@id\":\"https:\/\/www.viastein.hu\/termek\/diszburkolatok\/via-lux\/sempre-mistro-lux\/#primaryimage\"},\"thumbnailUrl\":\"https:\/\/www.viastein.hu\/wp-content\/uploads\/2026\/02\/260407-sempre-mistro.webp\",\"datePublished\":\"2026-02-16T07:52:53+00:00\",\"dateModified\":\"2026-04-07T11:21:13+00:00\",\"description\":\"Sempre Mistro LUX t\u00e9rk\u0151 \u2013 T\u00f6bbm\u00e9ret\u0171 t\u00e9rk\u0151rendszer v\u00e1ltozatos mint\u00e1zattal. Stabil, tart\u00f3s \u00e9s eszt\u00e9tikus megold\u00e1s nagy ig\u00e9nybev\u00e9telhez is.\",\"breadcrumb\":{\"@id\":\"https:\/\/www.viastein.hu\/termek\/diszburkolatok\/via-lux\/sempre-mistro-lux\/#breadcrumb\"},\"inLanguage\":\"en-US\",\"potentialAction\":[{\"@type\":\"ReadAction\",\"target\":[\"https:\/\/www.viastein.hu\/termek\/diszburkolatok\/via-lux\/sempre-mistro-lux\/\"]}]},{\"@type\":\"ImageObject\",\"inLanguage\":\"en-US\",\"@id\":\"https:\/\/www.viastein.hu\/termek\/diszburkolatok\/via-lux\/sempre-mistro-lux\/#primaryimage\",\"url\":\"https:\/\/www.viastein.hu\/wp-content\/uploads\/2026\/02\/260407-sempre-mistro.webp\",\"contentUrl\":\"https:\/\/www.viastein.hu\/wp-content\/uploads\/2026\/02\/260407-sempre-mistro.webp\",\"width\":1200,\"height\":1200},{\"@type\":\"BreadcrumbList\",\"@id\":\"https:\/\/www.viastein.hu\/termek\/diszburkolatok\/via-lux\/sempre-mistro-lux\/#breadcrumb\",\"itemListElement\":[{\"@type\":\"ListItem\",\"position\":1,\"name\":\"Kezd\u0151lap\",\"item\":\"https:\/\/www.viastein.hu\/\"},{\"@type\":\"ListItem\",\"position\":2,\"name\":\"Term\u00e9kek\",\"item\":\"https:\/\/www.viastein.hu\/termekek-2\/\"},{\"@type\":\"ListItem\",\"position\":3,\"name\":\"D\u00cdSZBURKOLATOK\",\"item\":\"https:\/\/www.viastein.hu\/termek-kategoria\/diszburkolatok\/\"},{\"@type\":\"ListItem\",\"position\":4,\"name\":\"Via LUX\",\"item\":\"https:\/\/www.viastein.hu\/termek-kategoria\/diszburkolatok\/via-lux\/\"},{\"@type\":\"ListItem\",\"position\":5,\"name\":\"Sempre Mistro LUX\"}]},{\"@type\":\"WebSite\",\"@id\":\"https:\/\/www.viastein.hu\/#website\",\"url\":\"https:\/\/www.viastein.hu\/\",\"name\":\"Viastein\",\"description\":\"D\u00edszburkolatok, falaz\u00f3elemek, vasbeton elemek. Pr\u00e9mium min\u0151s\u00e9gben, hazai rakt\u00e1rb\u00f3l, r\u00f6vid sz\u00e1ll\u00edt\u00e1si hat\u00e1rid\u0151vel.\",\"publisher\":{\"@id\":\"https:\/\/www.viastein.hu\/#organization\"},\"potentialAction\":[{\"@type\":\"SearchAction\",\"target\":{\"@type\":\"EntryPoint\",\"urlTemplate\":\"https:\/\/www.viastein.hu\/?s={search_term_string}\"},\"query-input\":{\"@type\":\"PropertyValueSpecification\",\"valueRequired\":true,\"valueName\":\"search_term_string\"}}],\"inLanguage\":\"en-US\"},{\"@type\":\"Organization\",\"@id\":\"https:\/\/www.viastein.hu\/#organization\",\"name\":\"Viastein\",\"url\":\"https:\/\/www.viastein.hu\/\",\"logo\":{\"@type\":\"ImageObject\",\"inLanguage\":\"en-US\",\"@id\":\"https:\/\/www.viastein.hu\/#\/schema\/logo\/image\/\",\"url\":\"https:\/\/www.viastein.hu\/wp-content\/uploads\/2024\/07\/viastein-color-logo-02-2.png\",\"contentUrl\":\"https:\/\/www.viastein.hu\/wp-content\/uploads\/2024\/07\/viastein-color-logo-02-2.png\",\"width\":232,\"height\":58,\"caption\":\"Viastein\"},\"image\":{\"@id\":\"https:\/\/www.viastein.hu\/#\/schema\/logo\/image\/\"},\"sameAs\":[\"https:\/\/www.facebook.com\/viastein.hu\/\",\"https:\/\/www.instagram.com\/viastein_hungary\/\",\"https:\/\/www.youtube.com\/@viasteinkft8464\",\"https:\/\/www.tiktok.com\/@viastein_hungary\"]}]}<\/script>\n<!-- \/ Yoast SEO plugin. -->","yoast_head_json":{"title":"Sempre Mistro LUX t\u00e9rk\u0151 \u2013 dinamikus pr\u00e9mium burkolat - Viastein","description":"Sempre Mistro LUX t\u00e9rk\u0151 \u2013 T\u00f6bbm\u00e9ret\u0171 t\u00e9rk\u0151rendszer v\u00e1ltozatos mint\u00e1zattal. Stabil, tart\u00f3s \u00e9s eszt\u00e9tikus megold\u00e1s nagy ig\u00e9nybev\u00e9telhez is.","robots":{"index":"index","follow":"follow","max-snippet":"max-snippet:-1","max-image-preview":"max-image-preview:large","max-video-preview":"max-video-preview:-1"},"canonical":"https:\/\/www.viastein.hu\/termek\/diszburkolatok\/via-lux\/sempre-mistro-lux\/","og_locale":"en_US","og_type":"article","og_title":"Sempre Mistro LUX t\u00e9rk\u0151 \u2013 dinamikus pr\u00e9mium burkolat - Viastein","og_description":"Sempre Mistro LUX t\u00e9rk\u0151 \u2013 T\u00f6bbm\u00e9ret\u0171 t\u00e9rk\u0151rendszer v\u00e1ltozatos mint\u00e1zattal. Stabil, tart\u00f3s \u00e9s eszt\u00e9tikus megold\u00e1s nagy ig\u00e9nybev\u00e9telhez is.","og_url":"https:\/\/www.viastein.hu\/termek\/diszburkolatok\/via-lux\/sempre-mistro-lux\/","og_site_name":"Viastein","article_publisher":"https:\/\/www.facebook.com\/viastein.hu\/","article_modified_time":"2026-04-07T11:21:13+00:00","og_image":[{"width":1200,"height":1200,"url":"https:\/\/www.viastein.hu\/wp-content\/uploads\/2026\/02\/260407-sempre-mistro.webp","type":"image\/webp"}],"twitter_card":"summary_large_image","twitter_misc":{"Est. reading time":"1 minute"},"schema":{"@context":"https:\/\/schema.org","@graph":[{"@type":"WebPage","@id":"https:\/\/www.viastein.hu\/termek\/diszburkolatok\/via-lux\/sempre-mistro-lux\/","url":"https:\/\/www.viastein.hu\/termek\/diszburkolatok\/via-lux\/sempre-mistro-lux\/","name":"Sempre Mistro LUX t\u00e9rk\u0151 \u2013 dinamikus pr\u00e9mium burkolat - Viastein","isPartOf":{"@id":"https:\/\/www.viastein.hu\/#website"},"primaryImageOfPage":{"@id":"https:\/\/www.viastein.hu\/termek\/diszburkolatok\/via-lux\/sempre-mistro-lux\/#primaryimage"},"image":{"@id":"https:\/\/www.viastein.hu\/termek\/diszburkolatok\/via-lux\/sempre-mistro-lux\/#primaryimage"},"thumbnailUrl":"https:\/\/www.viastein.hu\/wp-content\/uploads\/2026\/02\/260407-sempre-mistro.webp","datePublished":"2026-02-16T07:52:53+00:00","dateModified":"2026-04-07T11:21:13+00:00","description":"Sempre Mistro LUX t\u00e9rk\u0151 \u2013 T\u00f6bbm\u00e9ret\u0171 t\u00e9rk\u0151rendszer v\u00e1ltozatos mint\u00e1zattal. Stabil, tart\u00f3s \u00e9s eszt\u00e9tikus megold\u00e1s nagy ig\u00e9nybev\u00e9telhez is.","breadcrumb":{"@id":"https:\/\/www.viastein.hu\/termek\/diszburkolatok\/via-lux\/sempre-mistro-lux\/#breadcrumb"},"inLanguage":"en-US","potentialAction":[{"@type":"ReadAction","target":["https:\/\/www.viastein.hu\/termek\/diszburkolatok\/via-lux\/sempre-mistro-lux\/"]}]},{"@type":"ImageObject","inLanguage":"en-US","@id":"https:\/\/www.viastein.hu\/termek\/diszburkolatok\/via-lux\/sempre-mistro-lux\/#primaryimage","url":"https:\/\/www.viastein.hu\/wp-content\/uploads\/2026\/02\/260407-sempre-mistro.webp","contentUrl":"https:\/\/www.viastein.hu\/wp-content\/uploads\/2026\/02\/260407-sempre-mistro.webp","width":1200,"height":1200},{"@type":"BreadcrumbList","@id":"https:\/\/www.viastein.hu\/termek\/diszburkolatok\/via-lux\/sempre-mistro-lux\/#breadcrumb","itemListElement":[{"@type":"ListItem","position":1,"name":"Kezd\u0151lap","item":"https:\/\/www.viastein.hu\/"},{"@type":"ListItem","position":2,"name":"Term\u00e9kek","item":"https:\/\/www.viastein.hu\/termekek-2\/"},{"@type":"ListItem","position":3,"name":"D\u00cdSZBURKOLATOK","item":"https:\/\/www.viastein.hu\/termek-kategoria\/diszburkolatok\/"},{"@type":"ListItem","position":4,"name":"Via LUX","item":"https:\/\/www.viastein.hu\/termek-kategoria\/diszburkolatok\/via-lux\/"},{"@type":"ListItem","position":5,"name":"Sempre Mistro LUX"}]},{"@type":"WebSite","@id":"https:\/\/www.viastein.hu\/#website","url":"https:\/\/www.viastein.hu\/","name":"Viastein","description":"D\u00edszburkolatok, falaz\u00f3elemek, vasbeton elemek. Pr\u00e9mium min\u0151s\u00e9gben, hazai rakt\u00e1rb\u00f3l, r\u00f6vid sz\u00e1ll\u00edt\u00e1si hat\u00e1rid\u0151vel.","publisher":{"@id":"https:\/\/www.viastein.hu\/#organization"},"potentialAction":[{"@type":"SearchAction","target":{"@type":"EntryPoint","urlTemplate":"https:\/\/www.viastein.hu\/?s={search_term_string}"},"query-input":{"@type":"PropertyValueSpecification","valueRequired":true,"valueName":"search_term_string"}}],"inLanguage":"en-US"},{"@type":"Organization","@id":"https:\/\/www.viastein.hu\/#organization","name":"Viastein","url":"https:\/\/www.viastein.hu\/","logo":{"@type":"ImageObject","inLanguage":"en-US","@id":"https:\/\/www.viastein.hu\/#\/schema\/logo\/image\/","url":"https:\/\/www.viastein.hu\/wp-content\/uploads\/2024\/07\/viastein-color-logo-02-2.png","contentUrl":"https:\/\/www.viastein.hu\/wp-content\/uploads\/2024\/07\/viastein-color-logo-02-2.png","width":232,"height":58,"caption":"Viastein"},"image":{"@id":"https:\/\/www.viastein.hu\/#\/schema\/logo\/image\/"},"sameAs":["https:\/\/www.facebook.com\/viastein.hu\/","https:\/\/www.instagram.com\/viastein_hungary\/","https:\/\/www.youtube.com\/@viasteinkft8464","https:\/\/www.tiktok.com\/@viastein_hungary"]}]}},"_links":{"self":[{"href":"https:\/\/www.viastein.hu\/en\/wp-json\/wp\/v2\/product\/14383","targetHints":{"allow":["GET"]}}],"collection":[{"href":"https:\/\/www.viastein.hu\/en\/wp-json\/wp\/v2\/product"}],"about":[{"href":"https:\/\/www.viastein.hu\/en\/wp-json\/wp\/v2\/types\/product"}],"wp:featuredmedia":[{"embeddable":true,"href":"https:\/\/www.viastein.hu\/en\/wp-json\/wp\/v2\/media\/16209"}],"wp:attachment":[{"href":"https:\/\/www.viastein.hu\/en\/wp-json\/wp\/v2\/media?parent=14383"}],"wp:term":[{"taxonomy":"product_brand","embeddable":true,"href":"https:\/\/www.viastein.hu\/en\/wp-json\/wp\/v2\/product_brand?post=14383"},{"taxonomy":"product_cat","embeddable":true,"href":"https:\/\/www.viastein.hu\/en\/wp-json\/wp\/v2\/product_cat?post=14383"},{"taxonomy":"product_tag","embeddable":true,"href":"https:\/\/www.viastein.hu\/en\/wp-json\/wp\/v2\/product_tag?post=14383"}],"curies":[{"name":"wp","href":"https:\/\/api.w.org\/{rel}","templated":true}]}}