{"id":14377,"date":"2026-02-16T09:31:21","date_gmt":"2026-02-16T07:31:21","guid":{"rendered":"https:\/\/www.viastein.hu\/?post_type=product&#038;p=14377"},"modified":"2026-04-07T13:20:06","modified_gmt":"2026-04-07T11:20:06","slug":"sempre-grando-lux","status":"publish","type":"product","link":"https:\/\/www.viastein.hu\/en\/termek\/diszburkolatok\/via-lux\/sempre-grando-lux\/","title":{"rendered":"Sempre Grando LUX"},"content":{"rendered":"<p>A Sempre Grando LUX burkolat a letisztult elegancia \u00e9s a modern formavil\u00e1g t\u00f6k\u00e9letes megtestes\u00edt\u0151je, amely ide\u00e1lis v\u00e1laszt\u00e1s kertek, parkok \u00e9s k\u00f6z\u00f6ss\u00e9gi terek burkolatainak kialak\u00edt\u00e1s\u00e1ra. Egyenes vonalvezet\u00e9se \u00e9s harmonikus ar\u00e1nyai kifinomult, rendezett \u00f6sszk\u00e9pet biztos\u00edtanak minden k\u00f6rnyezetben.<\/p>\n<p>A 30 cm-es raszterm\u00e9retre \u00e9p\u00fcl\u0151 rendszer h\u00e1rom k\u00fcl\u00f6nb\u00f6z\u0151 hossz\u00fas\u00e1g\u00fa elemb\u0151l (30, 45 \u00e9s 60 cm) \u00e1ll, amelyek v\u00e1ltozatos, m\u00e9gis egys\u00e9ges burkolati mint\u00e1zat kialak\u00edt\u00e1s\u00e1t teszik lehet\u0151v\u00e9. Eleg\u00e1ns sz\u00edn\u00e1rnyalatai tov\u00e1bb er\u0151s\u00edtik a burkolat eszt\u00e9tikai \u00e9rt\u00e9k\u00e9t, \u00edgy a v\u00e9geredm\u00e9ny minden esetben eleg\u00e1ns \u00e9s id\u0151t\u00e1ll\u00f3.<\/p>\n<p>A luxus min\u0151s\u00e9get a CleanProtect technol\u00f3gia garant\u00e1lja, amely hat\u00e9kony v\u00e9delmet ny\u00fajt az id\u0151j\u00e1r\u00e1si hat\u00e1sokkal \u00e9s a szennyez\u0151d\u00e9sekkel szemben, mik\u00f6zben megk\u00f6nny\u00edti a fel\u00fclet tiszt\u00e1n tart\u00e1s\u00e1t. A Sempre Grando LUX ide\u00e1lis v\u00e1laszt\u00e1s azok sz\u00e1m\u00e1ra, akik a kifinomult megjelen\u00e9st \u00e9s a hossz\u00fa t\u00e1v\u00fa megb\u00edzhat\u00f3s\u00e1got keresik egy burkolati rendszerben.<\/p>\n","protected":false},"excerpt":{"rendered":"<p>A Sempre Grando LUX burkolat a letisztult elegancia \u00e9s a modern formavil\u00e1g t\u00f6k\u00e9letes megtestes\u00edt\u0151je, amely ide\u00e1lis v\u00e1laszt\u00e1s kertek, parkok \u00e9s k\u00f6z\u00f6ss\u00e9gi terek burkolatainak kialak\u00edt\u00e1s\u00e1ra. Egyenes vonalvezet\u00e9se \u00e9s harmonikus ar\u00e1nyai kifinomult, rendezett \u00f6sszk\u00e9pet biztos\u00edtanak minden k\u00f6rnyezetben. A 30 cm-es raszterm\u00e9retre \u00e9p\u00fcl\u0151 rendszer h\u00e1rom k\u00fcl\u00f6nb\u00f6z\u0151 hossz\u00fas\u00e1g\u00fa elemb\u0151l (30, 45 \u00e9s 60 cm) \u00e1ll, amelyek v\u00e1ltozatos, m\u00e9gis egys\u00e9ges [&hellip;]<\/p>\n","protected":false},"featured_media":16207,"template":"","meta":{"_acf_changed":false},"product_brand":[],"product_cat":[298],"product_tag":[96,60,97,288,98,80,63],"class_list":{"0":"post-14377","1":"product","2":"type-product","3":"status-publish","4":"has-post-thumbnail","6":"product_cat-via-lux","7":"product_tag-grando","8":"product_tag-gyalogos","9":"product_tag-kotesben-rakhato","10":"product_tag-lux","11":"product_tag-rendelesre","12":"product_tag-szemelygepjarmu","13":"product_tag-terasz","15":"first","16":"instock","17":"sold-individually","18":"taxable","19":"shipping-taxable","20":"purchasable","21":"product-type-variable"},"acf":[],"yoast_head":"<!-- This site is optimized with the Yoast SEO plugin v27.2 - https:\/\/yoast.com\/product\/yoast-seo-wordpress\/ -->\n<title>Sempre Grando LUX t\u00e9rk\u0151 \u2013 modern, letisztult burkolat - Sempre Grando LUX<\/title>\n<meta name=\"description\" content=\"Sempre Grando LUX t\u00e9rk\u0151 \u2013 Letisztult formavil\u00e1g\u00fa pr\u00e9mium t\u00e9rk\u0151 modern terekhez. Egys\u00e9ges megjelen\u00e9s, tart\u00f3ss\u00e1g \u00e9s k\u00f6nny\u0171 karbantart\u00e1s\" \/>\n<meta name=\"robots\" content=\"index, follow, max-snippet:-1, max-image-preview:large, max-video-preview:-1\" \/>\n<link rel=\"canonical\" href=\"https:\/\/www.viastein.hu\/termek\/diszburkolatok\/via-lux\/sempre-grando-lux\/\" \/>\n<meta property=\"og:locale\" content=\"en_US\" \/>\n<meta property=\"og:type\" content=\"article\" \/>\n<meta property=\"og:title\" content=\"Sempre Grando LUX t\u00e9rk\u0151 \u2013 modern, letisztult burkolat - Sempre Grando LUX\" \/>\n<meta property=\"og:description\" content=\"Sempre Grando LUX t\u00e9rk\u0151 \u2013 Letisztult formavil\u00e1g\u00fa pr\u00e9mium t\u00e9rk\u0151 modern terekhez. Egys\u00e9ges megjelen\u00e9s, tart\u00f3ss\u00e1g \u00e9s k\u00f6nny\u0171 karbantart\u00e1s\" \/>\n<meta property=\"og:url\" content=\"https:\/\/www.viastein.hu\/termek\/diszburkolatok\/via-lux\/sempre-grando-lux\/\" \/>\n<meta property=\"og:site_name\" content=\"Viastein\" \/>\n<meta property=\"article:publisher\" content=\"https:\/\/www.facebook.com\/viastein.hu\/\" \/>\n<meta property=\"article:modified_time\" content=\"2026-04-07T11:20:06+00:00\" \/>\n<meta property=\"og:image\" content=\"https:\/\/www.viastein.hu\/wp-content\/uploads\/2026\/02\/260407-SempreGrando-lux.webp\" \/>\n\t<meta property=\"og:image:width\" content=\"1200\" \/>\n\t<meta property=\"og:image:height\" content=\"1200\" \/>\n\t<meta property=\"og:image:type\" content=\"image\/webp\" \/>\n<meta name=\"twitter:card\" content=\"summary_large_image\" \/>\n<meta name=\"twitter:label1\" content=\"Est. reading time\" \/>\n\t<meta name=\"twitter:data1\" content=\"1 minute\" \/>\n<script type=\"application\/ld+json\" class=\"yoast-schema-graph\">{\"@context\":\"https:\/\/schema.org\",\"@graph\":[{\"@type\":\"WebPage\",\"@id\":\"https:\/\/www.viastein.hu\/termek\/diszburkolatok\/via-lux\/sempre-grando-lux\/\",\"url\":\"https:\/\/www.viastein.hu\/termek\/diszburkolatok\/via-lux\/sempre-grando-lux\/\",\"name\":\"Sempre Grando LUX t\u00e9rk\u0151 \u2013 modern, letisztult burkolat - Sempre Grando LUX\",\"isPartOf\":{\"@id\":\"https:\/\/www.viastein.hu\/#website\"},\"primaryImageOfPage\":{\"@id\":\"https:\/\/www.viastein.hu\/termek\/diszburkolatok\/via-lux\/sempre-grando-lux\/#primaryimage\"},\"image\":{\"@id\":\"https:\/\/www.viastein.hu\/termek\/diszburkolatok\/via-lux\/sempre-grando-lux\/#primaryimage\"},\"thumbnailUrl\":\"https:\/\/www.viastein.hu\/wp-content\/uploads\/2026\/02\/260407-SempreGrando-lux.webp\",\"datePublished\":\"2026-02-16T07:31:21+00:00\",\"dateModified\":\"2026-04-07T11:20:06+00:00\",\"description\":\"Sempre Grando LUX t\u00e9rk\u0151 \u2013 Letisztult formavil\u00e1g\u00fa pr\u00e9mium t\u00e9rk\u0151 modern terekhez. Egys\u00e9ges megjelen\u00e9s, tart\u00f3ss\u00e1g \u00e9s k\u00f6nny\u0171 karbantart\u00e1s\",\"breadcrumb\":{\"@id\":\"https:\/\/www.viastein.hu\/termek\/diszburkolatok\/via-lux\/sempre-grando-lux\/#breadcrumb\"},\"inLanguage\":\"en-US\",\"potentialAction\":[{\"@type\":\"ReadAction\",\"target\":[\"https:\/\/www.viastein.hu\/termek\/diszburkolatok\/via-lux\/sempre-grando-lux\/\"]}]},{\"@type\":\"ImageObject\",\"inLanguage\":\"en-US\",\"@id\":\"https:\/\/www.viastein.hu\/termek\/diszburkolatok\/via-lux\/sempre-grando-lux\/#primaryimage\",\"url\":\"https:\/\/www.viastein.hu\/wp-content\/uploads\/2026\/02\/260407-SempreGrando-lux.webp\",\"contentUrl\":\"https:\/\/www.viastein.hu\/wp-content\/uploads\/2026\/02\/260407-SempreGrando-lux.webp\",\"width\":1200,\"height\":1200},{\"@type\":\"BreadcrumbList\",\"@id\":\"https:\/\/www.viastein.hu\/termek\/diszburkolatok\/via-lux\/sempre-grando-lux\/#breadcrumb\",\"itemListElement\":[{\"@type\":\"ListItem\",\"position\":1,\"name\":\"Kezd\u0151lap\",\"item\":\"https:\/\/www.viastein.hu\/\"},{\"@type\":\"ListItem\",\"position\":2,\"name\":\"Term\u00e9kek\",\"item\":\"https:\/\/www.viastein.hu\/termekek-2\/\"},{\"@type\":\"ListItem\",\"position\":3,\"name\":\"D\u00cdSZBURKOLATOK\",\"item\":\"https:\/\/www.viastein.hu\/termek-kategoria\/diszburkolatok\/\"},{\"@type\":\"ListItem\",\"position\":4,\"name\":\"Via LUX\",\"item\":\"https:\/\/www.viastein.hu\/termek-kategoria\/diszburkolatok\/via-lux\/\"},{\"@type\":\"ListItem\",\"position\":5,\"name\":\"Sempre Grando LUX\"}]},{\"@type\":\"WebSite\",\"@id\":\"https:\/\/www.viastein.hu\/#website\",\"url\":\"https:\/\/www.viastein.hu\/\",\"name\":\"Viastein\",\"description\":\"D\u00edszburkolatok, falaz\u00f3elemek, vasbeton elemek. Pr\u00e9mium min\u0151s\u00e9gben, hazai rakt\u00e1rb\u00f3l, r\u00f6vid sz\u00e1ll\u00edt\u00e1si hat\u00e1rid\u0151vel.\",\"publisher\":{\"@id\":\"https:\/\/www.viastein.hu\/#organization\"},\"potentialAction\":[{\"@type\":\"SearchAction\",\"target\":{\"@type\":\"EntryPoint\",\"urlTemplate\":\"https:\/\/www.viastein.hu\/?s={search_term_string}\"},\"query-input\":{\"@type\":\"PropertyValueSpecification\",\"valueRequired\":true,\"valueName\":\"search_term_string\"}}],\"inLanguage\":\"en-US\"},{\"@type\":\"Organization\",\"@id\":\"https:\/\/www.viastein.hu\/#organization\",\"name\":\"Viastein\",\"url\":\"https:\/\/www.viastein.hu\/\",\"logo\":{\"@type\":\"ImageObject\",\"inLanguage\":\"en-US\",\"@id\":\"https:\/\/www.viastein.hu\/#\/schema\/logo\/image\/\",\"url\":\"https:\/\/www.viastein.hu\/wp-content\/uploads\/2024\/07\/viastein-color-logo-02-2.png\",\"contentUrl\":\"https:\/\/www.viastein.hu\/wp-content\/uploads\/2024\/07\/viastein-color-logo-02-2.png\",\"width\":232,\"height\":58,\"caption\":\"Viastein\"},\"image\":{\"@id\":\"https:\/\/www.viastein.hu\/#\/schema\/logo\/image\/\"},\"sameAs\":[\"https:\/\/www.facebook.com\/viastein.hu\/\",\"https:\/\/www.instagram.com\/viastein_hungary\/\",\"https:\/\/www.youtube.com\/@viasteinkft8464\",\"https:\/\/www.tiktok.com\/@viastein_hungary\"]}]}<\/script>\n<!-- \/ Yoast SEO plugin. -->","yoast_head_json":{"title":"Sempre Grando LUX t\u00e9rk\u0151 \u2013 modern, letisztult burkolat - Sempre Grando LUX","description":"Sempre Grando LUX t\u00e9rk\u0151 \u2013 Letisztult formavil\u00e1g\u00fa pr\u00e9mium t\u00e9rk\u0151 modern terekhez. Egys\u00e9ges megjelen\u00e9s, tart\u00f3ss\u00e1g \u00e9s k\u00f6nny\u0171 karbantart\u00e1s","robots":{"index":"index","follow":"follow","max-snippet":"max-snippet:-1","max-image-preview":"max-image-preview:large","max-video-preview":"max-video-preview:-1"},"canonical":"https:\/\/www.viastein.hu\/termek\/diszburkolatok\/via-lux\/sempre-grando-lux\/","og_locale":"en_US","og_type":"article","og_title":"Sempre Grando LUX t\u00e9rk\u0151 \u2013 modern, letisztult burkolat - Sempre Grando LUX","og_description":"Sempre Grando LUX t\u00e9rk\u0151 \u2013 Letisztult formavil\u00e1g\u00fa pr\u00e9mium t\u00e9rk\u0151 modern terekhez. Egys\u00e9ges megjelen\u00e9s, tart\u00f3ss\u00e1g \u00e9s k\u00f6nny\u0171 karbantart\u00e1s","og_url":"https:\/\/www.viastein.hu\/termek\/diszburkolatok\/via-lux\/sempre-grando-lux\/","og_site_name":"Viastein","article_publisher":"https:\/\/www.facebook.com\/viastein.hu\/","article_modified_time":"2026-04-07T11:20:06+00:00","og_image":[{"width":1200,"height":1200,"url":"https:\/\/www.viastein.hu\/wp-content\/uploads\/2026\/02\/260407-SempreGrando-lux.webp","type":"image\/webp"}],"twitter_card":"summary_large_image","twitter_misc":{"Est. reading time":"1 minute"},"schema":{"@context":"https:\/\/schema.org","@graph":[{"@type":"WebPage","@id":"https:\/\/www.viastein.hu\/termek\/diszburkolatok\/via-lux\/sempre-grando-lux\/","url":"https:\/\/www.viastein.hu\/termek\/diszburkolatok\/via-lux\/sempre-grando-lux\/","name":"Sempre Grando LUX t\u00e9rk\u0151 \u2013 modern, letisztult burkolat - Sempre Grando LUX","isPartOf":{"@id":"https:\/\/www.viastein.hu\/#website"},"primaryImageOfPage":{"@id":"https:\/\/www.viastein.hu\/termek\/diszburkolatok\/via-lux\/sempre-grando-lux\/#primaryimage"},"image":{"@id":"https:\/\/www.viastein.hu\/termek\/diszburkolatok\/via-lux\/sempre-grando-lux\/#primaryimage"},"thumbnailUrl":"https:\/\/www.viastein.hu\/wp-content\/uploads\/2026\/02\/260407-SempreGrando-lux.webp","datePublished":"2026-02-16T07:31:21+00:00","dateModified":"2026-04-07T11:20:06+00:00","description":"Sempre Grando LUX t\u00e9rk\u0151 \u2013 Letisztult formavil\u00e1g\u00fa pr\u00e9mium t\u00e9rk\u0151 modern terekhez. Egys\u00e9ges megjelen\u00e9s, tart\u00f3ss\u00e1g \u00e9s k\u00f6nny\u0171 karbantart\u00e1s","breadcrumb":{"@id":"https:\/\/www.viastein.hu\/termek\/diszburkolatok\/via-lux\/sempre-grando-lux\/#breadcrumb"},"inLanguage":"en-US","potentialAction":[{"@type":"ReadAction","target":["https:\/\/www.viastein.hu\/termek\/diszburkolatok\/via-lux\/sempre-grando-lux\/"]}]},{"@type":"ImageObject","inLanguage":"en-US","@id":"https:\/\/www.viastein.hu\/termek\/diszburkolatok\/via-lux\/sempre-grando-lux\/#primaryimage","url":"https:\/\/www.viastein.hu\/wp-content\/uploads\/2026\/02\/260407-SempreGrando-lux.webp","contentUrl":"https:\/\/www.viastein.hu\/wp-content\/uploads\/2026\/02\/260407-SempreGrando-lux.webp","width":1200,"height":1200},{"@type":"BreadcrumbList","@id":"https:\/\/www.viastein.hu\/termek\/diszburkolatok\/via-lux\/sempre-grando-lux\/#breadcrumb","itemListElement":[{"@type":"ListItem","position":1,"name":"Kezd\u0151lap","item":"https:\/\/www.viastein.hu\/"},{"@type":"ListItem","position":2,"name":"Term\u00e9kek","item":"https:\/\/www.viastein.hu\/termekek-2\/"},{"@type":"ListItem","position":3,"name":"D\u00cdSZBURKOLATOK","item":"https:\/\/www.viastein.hu\/termek-kategoria\/diszburkolatok\/"},{"@type":"ListItem","position":4,"name":"Via LUX","item":"https:\/\/www.viastein.hu\/termek-kategoria\/diszburkolatok\/via-lux\/"},{"@type":"ListItem","position":5,"name":"Sempre Grando LUX"}]},{"@type":"WebSite","@id":"https:\/\/www.viastein.hu\/#website","url":"https:\/\/www.viastein.hu\/","name":"Viastein","description":"D\u00edszburkolatok, falaz\u00f3elemek, vasbeton elemek. Pr\u00e9mium min\u0151s\u00e9gben, hazai rakt\u00e1rb\u00f3l, r\u00f6vid sz\u00e1ll\u00edt\u00e1si hat\u00e1rid\u0151vel.","publisher":{"@id":"https:\/\/www.viastein.hu\/#organization"},"potentialAction":[{"@type":"SearchAction","target":{"@type":"EntryPoint","urlTemplate":"https:\/\/www.viastein.hu\/?s={search_term_string}"},"query-input":{"@type":"PropertyValueSpecification","valueRequired":true,"valueName":"search_term_string"}}],"inLanguage":"en-US"},{"@type":"Organization","@id":"https:\/\/www.viastein.hu\/#organization","name":"Viastein","url":"https:\/\/www.viastein.hu\/","logo":{"@type":"ImageObject","inLanguage":"en-US","@id":"https:\/\/www.viastein.hu\/#\/schema\/logo\/image\/","url":"https:\/\/www.viastein.hu\/wp-content\/uploads\/2024\/07\/viastein-color-logo-02-2.png","contentUrl":"https:\/\/www.viastein.hu\/wp-content\/uploads\/2024\/07\/viastein-color-logo-02-2.png","width":232,"height":58,"caption":"Viastein"},"image":{"@id":"https:\/\/www.viastein.hu\/#\/schema\/logo\/image\/"},"sameAs":["https:\/\/www.facebook.com\/viastein.hu\/","https:\/\/www.instagram.com\/viastein_hungary\/","https:\/\/www.youtube.com\/@viasteinkft8464","https:\/\/www.tiktok.com\/@viastein_hungary"]}]}},"_links":{"self":[{"href":"https:\/\/www.viastein.hu\/en\/wp-json\/wp\/v2\/product\/14377","targetHints":{"allow":["GET"]}}],"collection":[{"href":"https:\/\/www.viastein.hu\/en\/wp-json\/wp\/v2\/product"}],"about":[{"href":"https:\/\/www.viastein.hu\/en\/wp-json\/wp\/v2\/types\/product"}],"wp:featuredmedia":[{"embeddable":true,"href":"https:\/\/www.viastein.hu\/en\/wp-json\/wp\/v2\/media\/16207"}],"wp:attachment":[{"href":"https:\/\/www.viastein.hu\/en\/wp-json\/wp\/v2\/media?parent=14377"}],"wp:term":[{"taxonomy":"product_brand","embeddable":true,"href":"https:\/\/www.viastein.hu\/en\/wp-json\/wp\/v2\/product_brand?post=14377"},{"taxonomy":"product_cat","embeddable":true,"href":"https:\/\/www.viastein.hu\/en\/wp-json\/wp\/v2\/product_cat?post=14377"},{"taxonomy":"product_tag","embeddable":true,"href":"https:\/\/www.viastein.hu\/en\/wp-json\/wp\/v2\/product_tag?post=14377"}],"curies":[{"name":"wp","href":"https:\/\/api.w.org\/{rel}","templated":true}]}}