{"id":14320,"date":"2026-02-13T14:19:23","date_gmt":"2026-02-13T12:19:23","guid":{"rendered":"https:\/\/www.viastein.hu\/?post_type=product&#038;p=14320"},"modified":"2026-04-07T13:13:08","modified_gmt":"2026-04-07T11:13:08","slug":"folio-fino-lux","status":"publish","type":"product","link":"https:\/\/www.viastein.hu\/en\/termek\/diszburkolatok\/via-lux\/folio-fino-lux\/","title":{"rendered":"Folio Fino LUX"},"content":{"rendered":"<p>A Folio Fino LUX teraszburkol\u00f3 lapok a funkcionalit\u00e1s \u00e9s a kifinomult formatervez\u00e9s t\u00f6k\u00e9letes egys\u00e9g\u00e9t k\u00e9pviselik, \u00edgy az \u00e9p\u00edt\u00e9szet \u00e9s a lak\u00f3k\u00f6rnyezet harmonikus \u00f6sszhangj\u00e1t teremtik meg. Letisztult megjelen\u00e9s\u00fck \u00e9s prec\u00edzen kialak\u00edtott fel\u00fclet\u00fck nyugodt, eleg\u00e1ns atmoszf\u00e9r\u00e1t biztos\u00edt, amely ide\u00e1lis a pihen\u00e9shez \u00e9s a felt\u00f6lt\u0151d\u00e9shez.<\/p>\n<p>A pr\u00e9mium min\u0151s\u00e9get a CleanProtect technol\u00f3gia garant\u00e1lja, amely hozz\u00e1j\u00e1rul a burkolat tart\u00f3ss\u00e1g\u00e1hoz, ellen\u00e1ll\u00f3 k\u00e9pess\u00e9g\u00e9hez \u00e9s eszt\u00e9tikai \u00e9rt\u00e9k\u00e9nek hossz\u00fa t\u00e1v\u00fa meg\u0151rz\u00e9s\u00e9hez. Term\u00e9szetk\u00f6zeli sz\u00ednvil\u00e1ga finoman illeszkedik a k\u00f6rnyezethez, \u00edgy a teraszok, kertek \u00e9s erk\u00e9lyek hangulat\u00e1t magasabb szintre emeli.<\/p>\n<p>A Folio Fino LUX ide\u00e1lis v\u00e1laszt\u00e1s mindazok sz\u00e1m\u00e1ra, akik a visszafogott eleganci\u00e1t \u00e9s a kiemelked\u0151 min\u0151s\u00e9get keresik k\u00fclt\u00e9ri burkolataikban.<\/p>\n","protected":false},"excerpt":{"rendered":"<p>A Folio Fino LUX teraszburkol\u00f3 lapok a funkcionalit\u00e1s \u00e9s a kifinomult formatervez\u00e9s t\u00f6k\u00e9letes egys\u00e9g\u00e9t k\u00e9pviselik, \u00edgy az \u00e9p\u00edt\u00e9szet \u00e9s a lak\u00f3k\u00f6rnyezet harmonikus \u00f6sszhangj\u00e1t teremtik meg. Letisztult megjelen\u00e9s\u00fck \u00e9s prec\u00edzen kialak\u00edtott fel\u00fclet\u00fck nyugodt, eleg\u00e1ns atmoszf\u00e9r\u00e1t biztos\u00edt, amely ide\u00e1lis a pihen\u00e9shez \u00e9s a felt\u00f6lt\u0151d\u00e9shez.<\/p>\n","protected":false},"featured_media":16193,"template":"","meta":{"_acf_changed":false},"product_brand":[],"product_cat":[298],"product_tag":[66,60,288,63],"class_list":{"0":"post-14320","1":"product","2":"type-product","3":"status-publish","4":"has-post-thumbnail","6":"product_cat-via-lux","7":"product_tag-feluletkezelt","8":"product_tag-gyalogos","9":"product_tag-lux","10":"product_tag-terasz","12":"first","13":"instock","14":"sold-individually","15":"taxable","16":"shipping-taxable","17":"purchasable","18":"product-type-variable"},"acf":[],"yoast_head":"<!-- This site is optimized with the Yoast SEO plugin v27.2 - https:\/\/yoast.com\/product\/yoast-seo-wordpress\/ -->\n<title>Folio Fino LUX teraszlap \u2013 modern pr\u00e9mium burkolat<\/title>\n<meta name=\"description\" content=\"Letisztult, nagym\u00e9ret\u0171 teraszlap modern terekhez. Id\u0151t\u00e1ll\u00f3 fel\u00fclet, k\u00f6nny\u0171 tiszt\u00edthat\u00f3s\u00e1g \u00e9s eleg\u00e1ns megjelen\u00e9s k\u00fclt\u00e9rre.\" \/>\n<meta name=\"robots\" content=\"index, follow, max-snippet:-1, max-image-preview:large, max-video-preview:-1\" \/>\n<link rel=\"canonical\" href=\"https:\/\/www.viastein.hu\/termek\/diszburkolatok\/via-lux\/folio-fino-lux\/\" \/>\n<meta property=\"og:locale\" content=\"en_US\" \/>\n<meta property=\"og:type\" content=\"article\" \/>\n<meta property=\"og:title\" content=\"Folio Fino LUX teraszlap \u2013 modern pr\u00e9mium burkolat\" \/>\n<meta property=\"og:description\" content=\"Letisztult, nagym\u00e9ret\u0171 teraszlap modern terekhez. Id\u0151t\u00e1ll\u00f3 fel\u00fclet, k\u00f6nny\u0171 tiszt\u00edthat\u00f3s\u00e1g \u00e9s eleg\u00e1ns megjelen\u00e9s k\u00fclt\u00e9rre.\" \/>\n<meta property=\"og:url\" content=\"https:\/\/www.viastein.hu\/termek\/diszburkolatok\/via-lux\/folio-fino-lux\/\" \/>\n<meta property=\"og:site_name\" content=\"Viastein\" \/>\n<meta property=\"article:publisher\" content=\"https:\/\/www.facebook.com\/viastein.hu\/\" \/>\n<meta property=\"article:modified_time\" content=\"2026-04-07T11:13:08+00:00\" \/>\n<meta property=\"og:image\" content=\"https:\/\/www.viastein.hu\/wp-content\/uploads\/2026\/02\/260407-folio-fino.webp\" \/>\n\t<meta property=\"og:image:width\" content=\"1200\" \/>\n\t<meta property=\"og:image:height\" content=\"1200\" \/>\n\t<meta property=\"og:image:type\" content=\"image\/webp\" \/>\n<meta name=\"twitter:card\" content=\"summary_large_image\" \/>\n<meta name=\"twitter:label1\" content=\"Est. reading time\" \/>\n\t<meta name=\"twitter:data1\" content=\"1 minute\" \/>\n<script type=\"application\/ld+json\" class=\"yoast-schema-graph\">{\"@context\":\"https:\/\/schema.org\",\"@graph\":[{\"@type\":\"WebPage\",\"@id\":\"https:\/\/www.viastein.hu\/termek\/diszburkolatok\/via-lux\/folio-fino-lux\/\",\"url\":\"https:\/\/www.viastein.hu\/termek\/diszburkolatok\/via-lux\/folio-fino-lux\/\",\"name\":\"Folio Fino LUX teraszlap \u2013 modern pr\u00e9mium burkolat\",\"isPartOf\":{\"@id\":\"https:\/\/www.viastein.hu\/#website\"},\"primaryImageOfPage\":{\"@id\":\"https:\/\/www.viastein.hu\/termek\/diszburkolatok\/via-lux\/folio-fino-lux\/#primaryimage\"},\"image\":{\"@id\":\"https:\/\/www.viastein.hu\/termek\/diszburkolatok\/via-lux\/folio-fino-lux\/#primaryimage\"},\"thumbnailUrl\":\"https:\/\/www.viastein.hu\/wp-content\/uploads\/2026\/02\/260407-folio-fino.webp\",\"datePublished\":\"2026-02-13T12:19:23+00:00\",\"dateModified\":\"2026-04-07T11:13:08+00:00\",\"description\":\"Letisztult, nagym\u00e9ret\u0171 teraszlap modern terekhez. Id\u0151t\u00e1ll\u00f3 fel\u00fclet, k\u00f6nny\u0171 tiszt\u00edthat\u00f3s\u00e1g \u00e9s eleg\u00e1ns megjelen\u00e9s k\u00fclt\u00e9rre.\",\"breadcrumb\":{\"@id\":\"https:\/\/www.viastein.hu\/termek\/diszburkolatok\/via-lux\/folio-fino-lux\/#breadcrumb\"},\"inLanguage\":\"en-US\",\"potentialAction\":[{\"@type\":\"ReadAction\",\"target\":[\"https:\/\/www.viastein.hu\/termek\/diszburkolatok\/via-lux\/folio-fino-lux\/\"]}]},{\"@type\":\"ImageObject\",\"inLanguage\":\"en-US\",\"@id\":\"https:\/\/www.viastein.hu\/termek\/diszburkolatok\/via-lux\/folio-fino-lux\/#primaryimage\",\"url\":\"https:\/\/www.viastein.hu\/wp-content\/uploads\/2026\/02\/260407-folio-fino.webp\",\"contentUrl\":\"https:\/\/www.viastein.hu\/wp-content\/uploads\/2026\/02\/260407-folio-fino.webp\",\"width\":1200,\"height\":1200},{\"@type\":\"BreadcrumbList\",\"@id\":\"https:\/\/www.viastein.hu\/termek\/diszburkolatok\/via-lux\/folio-fino-lux\/#breadcrumb\",\"itemListElement\":[{\"@type\":\"ListItem\",\"position\":1,\"name\":\"Kezd\u0151lap\",\"item\":\"https:\/\/www.viastein.hu\/\"},{\"@type\":\"ListItem\",\"position\":2,\"name\":\"Term\u00e9kek\",\"item\":\"https:\/\/www.viastein.hu\/termekek-2\/\"},{\"@type\":\"ListItem\",\"position\":3,\"name\":\"D\u00cdSZBURKOLATOK\",\"item\":\"https:\/\/www.viastein.hu\/termek-kategoria\/diszburkolatok\/\"},{\"@type\":\"ListItem\",\"position\":4,\"name\":\"Via LUX\",\"item\":\"https:\/\/www.viastein.hu\/termek-kategoria\/diszburkolatok\/via-lux\/\"},{\"@type\":\"ListItem\",\"position\":5,\"name\":\"Folio Fino LUX\"}]},{\"@type\":\"WebSite\",\"@id\":\"https:\/\/www.viastein.hu\/#website\",\"url\":\"https:\/\/www.viastein.hu\/\",\"name\":\"Viastein\",\"description\":\"D\u00edszburkolatok, falaz\u00f3elemek, vasbeton elemek. Pr\u00e9mium min\u0151s\u00e9gben, hazai rakt\u00e1rb\u00f3l, r\u00f6vid sz\u00e1ll\u00edt\u00e1si hat\u00e1rid\u0151vel.\",\"publisher\":{\"@id\":\"https:\/\/www.viastein.hu\/#organization\"},\"potentialAction\":[{\"@type\":\"SearchAction\",\"target\":{\"@type\":\"EntryPoint\",\"urlTemplate\":\"https:\/\/www.viastein.hu\/?s={search_term_string}\"},\"query-input\":{\"@type\":\"PropertyValueSpecification\",\"valueRequired\":true,\"valueName\":\"search_term_string\"}}],\"inLanguage\":\"en-US\"},{\"@type\":\"Organization\",\"@id\":\"https:\/\/www.viastein.hu\/#organization\",\"name\":\"Viastein\",\"url\":\"https:\/\/www.viastein.hu\/\",\"logo\":{\"@type\":\"ImageObject\",\"inLanguage\":\"en-US\",\"@id\":\"https:\/\/www.viastein.hu\/#\/schema\/logo\/image\/\",\"url\":\"https:\/\/www.viastein.hu\/wp-content\/uploads\/2024\/07\/viastein-color-logo-02-2.png\",\"contentUrl\":\"https:\/\/www.viastein.hu\/wp-content\/uploads\/2024\/07\/viastein-color-logo-02-2.png\",\"width\":232,\"height\":58,\"caption\":\"Viastein\"},\"image\":{\"@id\":\"https:\/\/www.viastein.hu\/#\/schema\/logo\/image\/\"},\"sameAs\":[\"https:\/\/www.facebook.com\/viastein.hu\/\",\"https:\/\/www.instagram.com\/viastein_hungary\/\",\"https:\/\/www.youtube.com\/@viasteinkft8464\",\"https:\/\/www.tiktok.com\/@viastein_hungary\"]}]}<\/script>\n<!-- \/ Yoast SEO plugin. -->","yoast_head_json":{"title":"Folio Fino LUX teraszlap \u2013 modern pr\u00e9mium burkolat","description":"Letisztult, nagym\u00e9ret\u0171 teraszlap modern terekhez. Id\u0151t\u00e1ll\u00f3 fel\u00fclet, k\u00f6nny\u0171 tiszt\u00edthat\u00f3s\u00e1g \u00e9s eleg\u00e1ns megjelen\u00e9s k\u00fclt\u00e9rre.","robots":{"index":"index","follow":"follow","max-snippet":"max-snippet:-1","max-image-preview":"max-image-preview:large","max-video-preview":"max-video-preview:-1"},"canonical":"https:\/\/www.viastein.hu\/termek\/diszburkolatok\/via-lux\/folio-fino-lux\/","og_locale":"en_US","og_type":"article","og_title":"Folio Fino LUX teraszlap \u2013 modern pr\u00e9mium burkolat","og_description":"Letisztult, nagym\u00e9ret\u0171 teraszlap modern terekhez. Id\u0151t\u00e1ll\u00f3 fel\u00fclet, k\u00f6nny\u0171 tiszt\u00edthat\u00f3s\u00e1g \u00e9s eleg\u00e1ns megjelen\u00e9s k\u00fclt\u00e9rre.","og_url":"https:\/\/www.viastein.hu\/termek\/diszburkolatok\/via-lux\/folio-fino-lux\/","og_site_name":"Viastein","article_publisher":"https:\/\/www.facebook.com\/viastein.hu\/","article_modified_time":"2026-04-07T11:13:08+00:00","og_image":[{"width":1200,"height":1200,"url":"https:\/\/www.viastein.hu\/wp-content\/uploads\/2026\/02\/260407-folio-fino.webp","type":"image\/webp"}],"twitter_card":"summary_large_image","twitter_misc":{"Est. reading time":"1 minute"},"schema":{"@context":"https:\/\/schema.org","@graph":[{"@type":"WebPage","@id":"https:\/\/www.viastein.hu\/termek\/diszburkolatok\/via-lux\/folio-fino-lux\/","url":"https:\/\/www.viastein.hu\/termek\/diszburkolatok\/via-lux\/folio-fino-lux\/","name":"Folio Fino LUX teraszlap \u2013 modern pr\u00e9mium burkolat","isPartOf":{"@id":"https:\/\/www.viastein.hu\/#website"},"primaryImageOfPage":{"@id":"https:\/\/www.viastein.hu\/termek\/diszburkolatok\/via-lux\/folio-fino-lux\/#primaryimage"},"image":{"@id":"https:\/\/www.viastein.hu\/termek\/diszburkolatok\/via-lux\/folio-fino-lux\/#primaryimage"},"thumbnailUrl":"https:\/\/www.viastein.hu\/wp-content\/uploads\/2026\/02\/260407-folio-fino.webp","datePublished":"2026-02-13T12:19:23+00:00","dateModified":"2026-04-07T11:13:08+00:00","description":"Letisztult, nagym\u00e9ret\u0171 teraszlap modern terekhez. Id\u0151t\u00e1ll\u00f3 fel\u00fclet, k\u00f6nny\u0171 tiszt\u00edthat\u00f3s\u00e1g \u00e9s eleg\u00e1ns megjelen\u00e9s k\u00fclt\u00e9rre.","breadcrumb":{"@id":"https:\/\/www.viastein.hu\/termek\/diszburkolatok\/via-lux\/folio-fino-lux\/#breadcrumb"},"inLanguage":"en-US","potentialAction":[{"@type":"ReadAction","target":["https:\/\/www.viastein.hu\/termek\/diszburkolatok\/via-lux\/folio-fino-lux\/"]}]},{"@type":"ImageObject","inLanguage":"en-US","@id":"https:\/\/www.viastein.hu\/termek\/diszburkolatok\/via-lux\/folio-fino-lux\/#primaryimage","url":"https:\/\/www.viastein.hu\/wp-content\/uploads\/2026\/02\/260407-folio-fino.webp","contentUrl":"https:\/\/www.viastein.hu\/wp-content\/uploads\/2026\/02\/260407-folio-fino.webp","width":1200,"height":1200},{"@type":"BreadcrumbList","@id":"https:\/\/www.viastein.hu\/termek\/diszburkolatok\/via-lux\/folio-fino-lux\/#breadcrumb","itemListElement":[{"@type":"ListItem","position":1,"name":"Kezd\u0151lap","item":"https:\/\/www.viastein.hu\/"},{"@type":"ListItem","position":2,"name":"Term\u00e9kek","item":"https:\/\/www.viastein.hu\/termekek-2\/"},{"@type":"ListItem","position":3,"name":"D\u00cdSZBURKOLATOK","item":"https:\/\/www.viastein.hu\/termek-kategoria\/diszburkolatok\/"},{"@type":"ListItem","position":4,"name":"Via LUX","item":"https:\/\/www.viastein.hu\/termek-kategoria\/diszburkolatok\/via-lux\/"},{"@type":"ListItem","position":5,"name":"Folio Fino LUX"}]},{"@type":"WebSite","@id":"https:\/\/www.viastein.hu\/#website","url":"https:\/\/www.viastein.hu\/","name":"Viastein","description":"D\u00edszburkolatok, falaz\u00f3elemek, vasbeton elemek. Pr\u00e9mium min\u0151s\u00e9gben, hazai rakt\u00e1rb\u00f3l, r\u00f6vid sz\u00e1ll\u00edt\u00e1si hat\u00e1rid\u0151vel.","publisher":{"@id":"https:\/\/www.viastein.hu\/#organization"},"potentialAction":[{"@type":"SearchAction","target":{"@type":"EntryPoint","urlTemplate":"https:\/\/www.viastein.hu\/?s={search_term_string}"},"query-input":{"@type":"PropertyValueSpecification","valueRequired":true,"valueName":"search_term_string"}}],"inLanguage":"en-US"},{"@type":"Organization","@id":"https:\/\/www.viastein.hu\/#organization","name":"Viastein","url":"https:\/\/www.viastein.hu\/","logo":{"@type":"ImageObject","inLanguage":"en-US","@id":"https:\/\/www.viastein.hu\/#\/schema\/logo\/image\/","url":"https:\/\/www.viastein.hu\/wp-content\/uploads\/2024\/07\/viastein-color-logo-02-2.png","contentUrl":"https:\/\/www.viastein.hu\/wp-content\/uploads\/2024\/07\/viastein-color-logo-02-2.png","width":232,"height":58,"caption":"Viastein"},"image":{"@id":"https:\/\/www.viastein.hu\/#\/schema\/logo\/image\/"},"sameAs":["https:\/\/www.facebook.com\/viastein.hu\/","https:\/\/www.instagram.com\/viastein_hungary\/","https:\/\/www.youtube.com\/@viasteinkft8464","https:\/\/www.tiktok.com\/@viastein_hungary"]}]}},"_links":{"self":[{"href":"https:\/\/www.viastein.hu\/en\/wp-json\/wp\/v2\/product\/14320","targetHints":{"allow":["GET"]}}],"collection":[{"href":"https:\/\/www.viastein.hu\/en\/wp-json\/wp\/v2\/product"}],"about":[{"href":"https:\/\/www.viastein.hu\/en\/wp-json\/wp\/v2\/types\/product"}],"wp:featuredmedia":[{"embeddable":true,"href":"https:\/\/www.viastein.hu\/en\/wp-json\/wp\/v2\/media\/16193"}],"wp:attachment":[{"href":"https:\/\/www.viastein.hu\/en\/wp-json\/wp\/v2\/media?parent=14320"}],"wp:term":[{"taxonomy":"product_brand","embeddable":true,"href":"https:\/\/www.viastein.hu\/en\/wp-json\/wp\/v2\/product_brand?post=14320"},{"taxonomy":"product_cat","embeddable":true,"href":"https:\/\/www.viastein.hu\/en\/wp-json\/wp\/v2\/product_cat?post=14320"},{"taxonomy":"product_tag","embeddable":true,"href":"https:\/\/www.viastein.hu\/en\/wp-json\/wp\/v2\/product_tag?post=14320"}],"curies":[{"name":"wp","href":"https:\/\/api.w.org\/{rel}","templated":true}]}}