{"id":14081,"date":"2026-02-11T13:32:32","date_gmt":"2026-02-11T11:32:32","guid":{"rendered":"https:\/\/www.viastein.hu\/?post_type=product&#038;p=14081"},"modified":"2026-04-07T13:11:34","modified_gmt":"2026-04-07T11:11:34","slug":"florence-lux","status":"publish","type":"product","link":"https:\/\/www.viastein.hu\/en\/termek\/diszburkolatok\/via-lux\/florence-lux\/","title":{"rendered":"Florence LUX"},"content":{"rendered":"<p>Egyszerre rusztikus \u00e9s monument\u00e1lis megjelen\u00e9s jellemzi a Florence LUX struktur\u00e1lt t\u00e9rk\u00f6vet. Az \u00edvelt sarkok \u00e9s a gazdagon textur\u00e1lt fel\u00fclet term\u00e9szetes k\u0151hat\u00e1st id\u00e9znek, egyedi karaktert adva a fel\u00fcletnek. Az \u00f6tf\u00e9le m\u00e9ret\u0171 k\u0151 harmonikus kombin\u00e1ci\u00f3ja \u2013 a hangs\u00falyos, nagym\u00e9ret\u0171 elemek \u00e9s a finoman kieg\u00e9sz\u00edt\u0151 kisebb darabok \u2013 kiegyens\u00falyozott, m\u00e9gis impoz\u00e1ns burkolati k\u00e9pet eredm\u00e9nyeznek.<\/p>\n<p>A Florence LUX burkolat luxus min\u0151s\u00e9g\u00e9t a CleanProtect technol\u00f3gia teszi teljess\u00e9, amely nemcsak a fel\u00fclet tart\u00f3ss\u00e1g\u00e1t \u00e9s ellen\u00e1ll\u00f3 k\u00e9pess\u00e9g\u00e9t n\u00f6veli, hanem hossz\u00fa t\u00e1von meg\u0151rzi a burkolat eszt\u00e9tikai \u00e9rt\u00e9k\u00e9t is. A Florence LUX burkolat term\u00e9szetes eleganci\u00e1val simul bele k\u00f6rnyezet\u00e9be, mik\u00f6zben finoman kiemeli a t\u00e9r adotts\u00e1gait.<\/p>\n<p>Sz\u00ednvil\u00e1ga, mint az ekr\u00fc \u00e9s a vil\u00e1gos gy\u00f6ngysz\u00fcrke, eleg\u00e1nsan kombin\u00e1lhat\u00f3 a VIASTEIN LUX burkolatokkal \u00e9s kerti kieg\u00e9sz\u00edt\u0151kkel.<\/p>\n","protected":false},"excerpt":{"rendered":"<p>Egyszerre rusztikus \u00e9s monument\u00e1lis megjelen\u00e9s jellemzi a Florence LUX struktur\u00e1lt t\u00e9rk\u00f6vet. Az \u00edvelt sarkok \u00e9s a gazdagon textur\u00e1lt fel\u00fclet term\u00e9szetes k\u0151hat\u00e1st id\u00e9znek, egyedi karaktert adva a fel\u00fcletnek. Az \u00f6tf\u00e9le m\u00e9ret\u0171 k\u0151 harmonikus kombin\u00e1ci\u00f3ja \u2013 a hangs\u00falyos, nagym\u00e9ret\u0171 elemek \u00e9s a finoman kieg\u00e9sz\u00edt\u0151 kisebb darabok \u2013 kiegyens\u00falyozott, m\u00e9gis impoz\u00e1ns burkolati k\u00e9pet eredm\u00e9nyeznek.<\/p>\n","protected":false},"featured_media":16191,"template":"","meta":{"_acf_changed":false},"product_brand":[],"product_cat":[298],"product_tag":[89,288,80,63],"class_list":{"0":"post-14081","1":"product","2":"type-product","3":"status-publish","4":"has-post-thumbnail","6":"product_cat-via-lux","7":"product_tag-florence","8":"product_tag-lux","9":"product_tag-szemelygepjarmu","10":"product_tag-terasz","12":"first","13":"instock","14":"sold-individually","15":"taxable","16":"shipping-taxable","17":"purchasable","18":"product-type-variable"},"acf":[],"yoast_head":"<!-- This site is optimized with the Yoast SEO plugin v27.2 - https:\/\/yoast.com\/product\/yoast-seo-wordpress\/ -->\n<title>Florence LUX t\u00e9rk\u0151 \u2013 pr\u00e9mium megjelen\u00e9s | VIASTEIN<\/title>\n<meta name=\"description\" content=\"Florence LUX t\u00e9rk\u0151 k\u00fclt\u00e9rre: egyszerre rusztikus \u00e9s monument\u00e1lis megjelen\u00e9s, eleg\u00e1ns sz\u00ednek, t\u00f6bb m\u00e9ret, tart\u00f3s fel\u00fclet. K\u00e9rj aj\u00e1nlatot!\" \/>\n<meta name=\"robots\" content=\"index, follow, max-snippet:-1, max-image-preview:large, max-video-preview:-1\" \/>\n<link rel=\"canonical\" href=\"https:\/\/www.viastein.hu\/termek\/diszburkolatok\/via-lux\/florence-lux\/\" \/>\n<meta property=\"og:locale\" content=\"en_US\" \/>\n<meta property=\"og:type\" content=\"article\" \/>\n<meta property=\"og:title\" content=\"Florence LUX t\u00e9rk\u0151 \u2013 pr\u00e9mium megjelen\u00e9s | VIASTEIN\" \/>\n<meta property=\"og:description\" content=\"Florence LUX t\u00e9rk\u0151 k\u00fclt\u00e9rre: egyszerre rusztikus \u00e9s monument\u00e1lis megjelen\u00e9s, eleg\u00e1ns sz\u00ednek, t\u00f6bb m\u00e9ret, tart\u00f3s fel\u00fclet. K\u00e9rj aj\u00e1nlatot!\" \/>\n<meta property=\"og:url\" content=\"https:\/\/www.viastein.hu\/termek\/diszburkolatok\/via-lux\/florence-lux\/\" \/>\n<meta property=\"og:site_name\" content=\"Viastein\" \/>\n<meta property=\"article:publisher\" content=\"https:\/\/www.facebook.com\/viastein.hu\/\" \/>\n<meta property=\"article:modified_time\" content=\"2026-04-07T11:11:34+00:00\" \/>\n<meta property=\"og:image\" content=\"https:\/\/www.viastein.hu\/wp-content\/uploads\/2026\/02\/260407-florence-lux.webp\" \/>\n\t<meta property=\"og:image:width\" content=\"1200\" \/>\n\t<meta property=\"og:image:height\" content=\"1200\" \/>\n\t<meta property=\"og:image:type\" content=\"image\/webp\" \/>\n<meta name=\"twitter:card\" content=\"summary_large_image\" \/>\n<meta name=\"twitter:label1\" content=\"Est. reading time\" \/>\n\t<meta name=\"twitter:data1\" content=\"1 minute\" \/>\n<script type=\"application\/ld+json\" class=\"yoast-schema-graph\">{\"@context\":\"https:\/\/schema.org\",\"@graph\":[{\"@type\":\"WebPage\",\"@id\":\"https:\/\/www.viastein.hu\/termek\/diszburkolatok\/via-lux\/florence-lux\/\",\"url\":\"https:\/\/www.viastein.hu\/termek\/diszburkolatok\/via-lux\/florence-lux\/\",\"name\":\"Florence LUX t\u00e9rk\u0151 \u2013 pr\u00e9mium megjelen\u00e9s | VIASTEIN\",\"isPartOf\":{\"@id\":\"https:\/\/www.viastein.hu\/#website\"},\"primaryImageOfPage\":{\"@id\":\"https:\/\/www.viastein.hu\/termek\/diszburkolatok\/via-lux\/florence-lux\/#primaryimage\"},\"image\":{\"@id\":\"https:\/\/www.viastein.hu\/termek\/diszburkolatok\/via-lux\/florence-lux\/#primaryimage\"},\"thumbnailUrl\":\"https:\/\/www.viastein.hu\/wp-content\/uploads\/2026\/02\/260407-florence-lux.webp\",\"datePublished\":\"2026-02-11T11:32:32+00:00\",\"dateModified\":\"2026-04-07T11:11:34+00:00\",\"description\":\"Florence LUX t\u00e9rk\u0151 k\u00fclt\u00e9rre: egyszerre rusztikus \u00e9s monument\u00e1lis megjelen\u00e9s, eleg\u00e1ns sz\u00ednek, t\u00f6bb m\u00e9ret, tart\u00f3s fel\u00fclet. K\u00e9rj aj\u00e1nlatot!\",\"breadcrumb\":{\"@id\":\"https:\/\/www.viastein.hu\/termek\/diszburkolatok\/via-lux\/florence-lux\/#breadcrumb\"},\"inLanguage\":\"en-US\",\"potentialAction\":[{\"@type\":\"ReadAction\",\"target\":[\"https:\/\/www.viastein.hu\/termek\/diszburkolatok\/via-lux\/florence-lux\/\"]}]},{\"@type\":\"ImageObject\",\"inLanguage\":\"en-US\",\"@id\":\"https:\/\/www.viastein.hu\/termek\/diszburkolatok\/via-lux\/florence-lux\/#primaryimage\",\"url\":\"https:\/\/www.viastein.hu\/wp-content\/uploads\/2026\/02\/260407-florence-lux.webp\",\"contentUrl\":\"https:\/\/www.viastein.hu\/wp-content\/uploads\/2026\/02\/260407-florence-lux.webp\",\"width\":1200,\"height\":1200},{\"@type\":\"BreadcrumbList\",\"@id\":\"https:\/\/www.viastein.hu\/termek\/diszburkolatok\/via-lux\/florence-lux\/#breadcrumb\",\"itemListElement\":[{\"@type\":\"ListItem\",\"position\":1,\"name\":\"Kezd\u0151lap\",\"item\":\"https:\/\/www.viastein.hu\/\"},{\"@type\":\"ListItem\",\"position\":2,\"name\":\"Term\u00e9kek\",\"item\":\"https:\/\/www.viastein.hu\/termekek-2\/\"},{\"@type\":\"ListItem\",\"position\":3,\"name\":\"D\u00cdSZBURKOLATOK\",\"item\":\"https:\/\/www.viastein.hu\/termek-kategoria\/diszburkolatok\/\"},{\"@type\":\"ListItem\",\"position\":4,\"name\":\"Via LUX\",\"item\":\"https:\/\/www.viastein.hu\/termek-kategoria\/diszburkolatok\/via-lux\/\"},{\"@type\":\"ListItem\",\"position\":5,\"name\":\"Florence LUX\"}]},{\"@type\":\"WebSite\",\"@id\":\"https:\/\/www.viastein.hu\/#website\",\"url\":\"https:\/\/www.viastein.hu\/\",\"name\":\"Viastein\",\"description\":\"D\u00edszburkolatok, falaz\u00f3elemek, vasbeton elemek. Pr\u00e9mium min\u0151s\u00e9gben, hazai rakt\u00e1rb\u00f3l, r\u00f6vid sz\u00e1ll\u00edt\u00e1si hat\u00e1rid\u0151vel.\",\"publisher\":{\"@id\":\"https:\/\/www.viastein.hu\/#organization\"},\"potentialAction\":[{\"@type\":\"SearchAction\",\"target\":{\"@type\":\"EntryPoint\",\"urlTemplate\":\"https:\/\/www.viastein.hu\/?s={search_term_string}\"},\"query-input\":{\"@type\":\"PropertyValueSpecification\",\"valueRequired\":true,\"valueName\":\"search_term_string\"}}],\"inLanguage\":\"en-US\"},{\"@type\":\"Organization\",\"@id\":\"https:\/\/www.viastein.hu\/#organization\",\"name\":\"Viastein\",\"url\":\"https:\/\/www.viastein.hu\/\",\"logo\":{\"@type\":\"ImageObject\",\"inLanguage\":\"en-US\",\"@id\":\"https:\/\/www.viastein.hu\/#\/schema\/logo\/image\/\",\"url\":\"https:\/\/www.viastein.hu\/wp-content\/uploads\/2024\/07\/viastein-color-logo-02-2.png\",\"contentUrl\":\"https:\/\/www.viastein.hu\/wp-content\/uploads\/2024\/07\/viastein-color-logo-02-2.png\",\"width\":232,\"height\":58,\"caption\":\"Viastein\"},\"image\":{\"@id\":\"https:\/\/www.viastein.hu\/#\/schema\/logo\/image\/\"},\"sameAs\":[\"https:\/\/www.facebook.com\/viastein.hu\/\",\"https:\/\/www.instagram.com\/viastein_hungary\/\",\"https:\/\/www.youtube.com\/@viasteinkft8464\",\"https:\/\/www.tiktok.com\/@viastein_hungary\"]}]}<\/script>\n<!-- \/ Yoast SEO plugin. -->","yoast_head_json":{"title":"Florence LUX t\u00e9rk\u0151 \u2013 pr\u00e9mium megjelen\u00e9s | VIASTEIN","description":"Florence LUX t\u00e9rk\u0151 k\u00fclt\u00e9rre: egyszerre rusztikus \u00e9s monument\u00e1lis megjelen\u00e9s, eleg\u00e1ns sz\u00ednek, t\u00f6bb m\u00e9ret, tart\u00f3s fel\u00fclet. K\u00e9rj aj\u00e1nlatot!","robots":{"index":"index","follow":"follow","max-snippet":"max-snippet:-1","max-image-preview":"max-image-preview:large","max-video-preview":"max-video-preview:-1"},"canonical":"https:\/\/www.viastein.hu\/termek\/diszburkolatok\/via-lux\/florence-lux\/","og_locale":"en_US","og_type":"article","og_title":"Florence LUX t\u00e9rk\u0151 \u2013 pr\u00e9mium megjelen\u00e9s | VIASTEIN","og_description":"Florence LUX t\u00e9rk\u0151 k\u00fclt\u00e9rre: egyszerre rusztikus \u00e9s monument\u00e1lis megjelen\u00e9s, eleg\u00e1ns sz\u00ednek, t\u00f6bb m\u00e9ret, tart\u00f3s fel\u00fclet. K\u00e9rj aj\u00e1nlatot!","og_url":"https:\/\/www.viastein.hu\/termek\/diszburkolatok\/via-lux\/florence-lux\/","og_site_name":"Viastein","article_publisher":"https:\/\/www.facebook.com\/viastein.hu\/","article_modified_time":"2026-04-07T11:11:34+00:00","og_image":[{"width":1200,"height":1200,"url":"https:\/\/www.viastein.hu\/wp-content\/uploads\/2026\/02\/260407-florence-lux.webp","type":"image\/webp"}],"twitter_card":"summary_large_image","twitter_misc":{"Est. reading time":"1 minute"},"schema":{"@context":"https:\/\/schema.org","@graph":[{"@type":"WebPage","@id":"https:\/\/www.viastein.hu\/termek\/diszburkolatok\/via-lux\/florence-lux\/","url":"https:\/\/www.viastein.hu\/termek\/diszburkolatok\/via-lux\/florence-lux\/","name":"Florence LUX t\u00e9rk\u0151 \u2013 pr\u00e9mium megjelen\u00e9s | VIASTEIN","isPartOf":{"@id":"https:\/\/www.viastein.hu\/#website"},"primaryImageOfPage":{"@id":"https:\/\/www.viastein.hu\/termek\/diszburkolatok\/via-lux\/florence-lux\/#primaryimage"},"image":{"@id":"https:\/\/www.viastein.hu\/termek\/diszburkolatok\/via-lux\/florence-lux\/#primaryimage"},"thumbnailUrl":"https:\/\/www.viastein.hu\/wp-content\/uploads\/2026\/02\/260407-florence-lux.webp","datePublished":"2026-02-11T11:32:32+00:00","dateModified":"2026-04-07T11:11:34+00:00","description":"Florence LUX t\u00e9rk\u0151 k\u00fclt\u00e9rre: egyszerre rusztikus \u00e9s monument\u00e1lis megjelen\u00e9s, eleg\u00e1ns sz\u00ednek, t\u00f6bb m\u00e9ret, tart\u00f3s fel\u00fclet. K\u00e9rj aj\u00e1nlatot!","breadcrumb":{"@id":"https:\/\/www.viastein.hu\/termek\/diszburkolatok\/via-lux\/florence-lux\/#breadcrumb"},"inLanguage":"en-US","potentialAction":[{"@type":"ReadAction","target":["https:\/\/www.viastein.hu\/termek\/diszburkolatok\/via-lux\/florence-lux\/"]}]},{"@type":"ImageObject","inLanguage":"en-US","@id":"https:\/\/www.viastein.hu\/termek\/diszburkolatok\/via-lux\/florence-lux\/#primaryimage","url":"https:\/\/www.viastein.hu\/wp-content\/uploads\/2026\/02\/260407-florence-lux.webp","contentUrl":"https:\/\/www.viastein.hu\/wp-content\/uploads\/2026\/02\/260407-florence-lux.webp","width":1200,"height":1200},{"@type":"BreadcrumbList","@id":"https:\/\/www.viastein.hu\/termek\/diszburkolatok\/via-lux\/florence-lux\/#breadcrumb","itemListElement":[{"@type":"ListItem","position":1,"name":"Kezd\u0151lap","item":"https:\/\/www.viastein.hu\/"},{"@type":"ListItem","position":2,"name":"Term\u00e9kek","item":"https:\/\/www.viastein.hu\/termekek-2\/"},{"@type":"ListItem","position":3,"name":"D\u00cdSZBURKOLATOK","item":"https:\/\/www.viastein.hu\/termek-kategoria\/diszburkolatok\/"},{"@type":"ListItem","position":4,"name":"Via LUX","item":"https:\/\/www.viastein.hu\/termek-kategoria\/diszburkolatok\/via-lux\/"},{"@type":"ListItem","position":5,"name":"Florence LUX"}]},{"@type":"WebSite","@id":"https:\/\/www.viastein.hu\/#website","url":"https:\/\/www.viastein.hu\/","name":"Viastein","description":"D\u00edszburkolatok, falaz\u00f3elemek, vasbeton elemek. Pr\u00e9mium min\u0151s\u00e9gben, hazai rakt\u00e1rb\u00f3l, r\u00f6vid sz\u00e1ll\u00edt\u00e1si hat\u00e1rid\u0151vel.","publisher":{"@id":"https:\/\/www.viastein.hu\/#organization"},"potentialAction":[{"@type":"SearchAction","target":{"@type":"EntryPoint","urlTemplate":"https:\/\/www.viastein.hu\/?s={search_term_string}"},"query-input":{"@type":"PropertyValueSpecification","valueRequired":true,"valueName":"search_term_string"}}],"inLanguage":"en-US"},{"@type":"Organization","@id":"https:\/\/www.viastein.hu\/#organization","name":"Viastein","url":"https:\/\/www.viastein.hu\/","logo":{"@type":"ImageObject","inLanguage":"en-US","@id":"https:\/\/www.viastein.hu\/#\/schema\/logo\/image\/","url":"https:\/\/www.viastein.hu\/wp-content\/uploads\/2024\/07\/viastein-color-logo-02-2.png","contentUrl":"https:\/\/www.viastein.hu\/wp-content\/uploads\/2024\/07\/viastein-color-logo-02-2.png","width":232,"height":58,"caption":"Viastein"},"image":{"@id":"https:\/\/www.viastein.hu\/#\/schema\/logo\/image\/"},"sameAs":["https:\/\/www.facebook.com\/viastein.hu\/","https:\/\/www.instagram.com\/viastein_hungary\/","https:\/\/www.youtube.com\/@viasteinkft8464","https:\/\/www.tiktok.com\/@viastein_hungary"]}]}},"_links":{"self":[{"href":"https:\/\/www.viastein.hu\/en\/wp-json\/wp\/v2\/product\/14081","targetHints":{"allow":["GET"]}}],"collection":[{"href":"https:\/\/www.viastein.hu\/en\/wp-json\/wp\/v2\/product"}],"about":[{"href":"https:\/\/www.viastein.hu\/en\/wp-json\/wp\/v2\/types\/product"}],"wp:featuredmedia":[{"embeddable":true,"href":"https:\/\/www.viastein.hu\/en\/wp-json\/wp\/v2\/media\/16191"}],"wp:attachment":[{"href":"https:\/\/www.viastein.hu\/en\/wp-json\/wp\/v2\/media?parent=14081"}],"wp:term":[{"taxonomy":"product_brand","embeddable":true,"href":"https:\/\/www.viastein.hu\/en\/wp-json\/wp\/v2\/product_brand?post=14081"},{"taxonomy":"product_cat","embeddable":true,"href":"https:\/\/www.viastein.hu\/en\/wp-json\/wp\/v2\/product_cat?post=14081"},{"taxonomy":"product_tag","embeddable":true,"href":"https:\/\/www.viastein.hu\/en\/wp-json\/wp\/v2\/product_tag?post=14081"}],"curies":[{"name":"wp","href":"https:\/\/api.w.org\/{rel}","templated":true}]}}