{"id":11488,"date":"2025-10-28T09:52:06","date_gmt":"2025-10-28T07:52:06","guid":{"rendered":"https:\/\/www.viastein.hu\/?post_type=product&#038;p=11488"},"modified":"2025-11-04T22:06:15","modified_gmt":"2025-11-04T20:06:15","slug":"viapanel-atpd300-2850x500x300","status":"publish","type":"product","link":"https:\/\/www.viastein.hu\/en\/termek\/falazoelemek\/viapanel\/viapanel-atpd300-2850x500x300\/","title":{"rendered":"VIAPANEL ATP\tD300 2850x500x300"},"content":{"rendered":"<p>Vasalt p\u00f3rusbeton \u00e1ll\u00f3 falpaneleink \u00e9p\u00fcletek teherhord\u00f3 \u00e9s v\u00e1zkit\u00f6lt\u0151 falainak gyors, hat\u00e9kony k\u00e9sz\u00edt\u00e9s\u00e9t teszik lehet\u0151v\u00e9.<\/p>\n<p>A VIAPANEL ATP jellemz\u0151 magass\u00e1gi m\u00e9rete 3000 mm, ett\u0151l elt\u00e9r\u0151 egyedi hosszm\u00e9retben is rendelhet\u0151k, lehet\u0151s\u00e9g szerint 3 m-n\u00e9l r\u00f6videbb, 10 cm-re kerek m\u00e9retben. Falvastags\u00e1guk 250, 300, 375 \u00e9s 500 mm-es m\u00e9retekb\u0151l v\u00e1laszthat\u00f3. Tervez\u00e9si sz\u00e9less\u00e9g\u00fck 600 mm, ig\u00e9ny eset\u00e9n rendelhet\u0151 400 \u00e9s 500 mm-es sz\u00e9less\u00e9gben. Tests\u0171r\u0171s\u00e9gi oszt\u00e1lyuk D300, de k\u00fcl\u00f6n k\u00e9r\u00e9sre gy\u00e1rthat\u00f3 m\u00e1s s\u0171r\u0171s\u00e9gi oszt\u00e1lyb\u00f3l is (D350, D400, D450 vagy D500). A jelenlegi h\u0151technikai el\u0151\u00edr\u00e1soknak megfelel\u0151 falszerkezet k\u00fcl\u00f6n h\u0151szigetel\u00e9s n\u00e9lk\u00fcl a 375 mm-es, illetve 500 mm-es elemeinkkel k\u00e9sz\u00edthet\u0151, D300 vagy D350 anyagmin\u0151s\u00e9ggel.<\/p>\n<p>Az elemek k\u00f6z\u00f6tti 0-3 mm fug\u00e1hoz a VIASTEN Tytan falaz\u00f3ragaszt\u00f3t aj\u00e1nljuk, de k\u00e9sz\u00fclhet v\u00e9kony\u00e1gyaz\u00f3 falaz\u00f3habarccsal is.<\/p>\n<p>&nbsp;<\/p>\n<p>&nbsp;<\/p>\n<p><strong><span class=\"cf0\">A term\u00e9k a felt\u00fcntetett<\/span><span class=\"cf1\">\u0151l elt<\/span><span class=\"cf0\">\u00e9r<\/span><span class=\"cf1\">\u0151 hosszm<\/span><span class=\"cf0\">\u00e9retben is rendelhet<\/span><span class=\"cf1\">\u0151, <\/span><span class=\"cf0\">\u00e1raj\u00e1nlat k\u00e9r\u00e9s\u00e9vel vegye fel vel\u00fcnk a kapcsolatot!<\/span><\/strong><\/p>\n<p>&nbsp;<\/p>\n","protected":false},"excerpt":{"rendered":"<h3 style=\"text-align: left;\">TECHNIKAI ADATOK<\/h3>\n<div style=\"max-width: 700px; margin: 0;\">\n<table style=\"width: 100%; border-collapse: collapse; text-align: left;\">\n<thead>\n<tr style=\"background-color: #000 !important; color: #fff !important;\">\n<th style=\"padding: 10px; background-color: #000 !important; color: #fff !important;\"><\/th>\n<th style=\"padding: 10px; background-color: #000 !important; color: #fff !important;\">Tests\u0171r\u0171s\u00e9g<\/th>\n<th style=\"padding: 10px; background-color: #000 !important; color: #fff !important;\">Magass\u00e1g<\/th>\n<th style=\"padding: 10px; background-color: #000 !important; color: #fff !important;\">Sz\u00e9less\u00e9g<\/th>\n<th style=\"padding: 10px; background-color: #000 !important; color: #fff !important;\">Vastags\u00e1g<\/th>\n<\/tr>\n<\/thead>\n<tbody>\n<tr style=\"background-color: #f0f2f2;\">\n<th style=\"padding: 10px;\">Viapanel ATP<\/th>\n<td style=\"padding: 10px;\">300 kg\/m\u00b3<\/td>\n<td style=\"padding: 10px;\">2850 mm<\/td>\n<td style=\"padding: 10px;\">500 mm<\/td>\n<td style=\"padding: 10px;\">300 mm<\/td>\n<\/tr>\n<\/tbody>\n<\/table>\n<\/div>\n","protected":false},"featured_media":11448,"template":"","meta":{"_acf_changed":false},"product_brand":[],"product_cat":[243,176],"product_tag":[],"class_list":{"0":"post-11488","1":"product","2":"type-product","3":"status-publish","4":"has-post-thumbnail","6":"product_cat-falazoelemek","7":"product_cat-viapanel","9":"first","10":"instock","11":"sold-individually","12":"taxable","13":"shipping-taxable","14":"purchasable","15":"product-type-simple"},"acf":[],"yoast_head":"<!-- This site is optimized with the Yoast SEO plugin v27.4 - https:\/\/yoast.com\/product\/yoast-seo-wordpress\/ -->\n<title>VIAPANEL ATP D300 2850x500x300 - Viastein<\/title>\n<meta name=\"robots\" content=\"index, follow, max-snippet:-1, max-image-preview:large, max-video-preview:-1\" \/>\n<link rel=\"canonical\" href=\"https:\/\/www.viastein.hu\/termek\/falazoelemek\/viapanel\/viapanel-atpd300-2850x500x300\/\" \/>\n<meta property=\"og:locale\" content=\"en_US\" \/>\n<meta property=\"og:type\" content=\"article\" \/>\n<meta property=\"og:title\" content=\"VIAPANEL ATP D300 2850x500x300 - Viastein\" \/>\n<meta property=\"og:description\" content=\"TECHNIKAI ADATOK      Tests\u0171r\u0171s\u00e9g Magass\u00e1g Sz\u00e9less\u00e9g Vastags\u00e1g     Viapanel ATP 300 kg\/m\u00b3 2850 mm 500 mm 300 mm\" \/>\n<meta property=\"og:url\" content=\"https:\/\/www.viastein.hu\/termek\/falazoelemek\/viapanel\/viapanel-atpd300-2850x500x300\/\" \/>\n<meta property=\"og:site_name\" content=\"Viastein\" \/>\n<meta property=\"article:publisher\" content=\"https:\/\/www.facebook.com\/viastein.hu\/\" \/>\n<meta property=\"article:modified_time\" content=\"2025-11-04T20:06:15+00:00\" \/>\n<meta property=\"og:image\" content=\"https:\/\/www.viastein.hu\/wp-content\/uploads\/2025\/10\/Viapanel-d300-v7-attetszo-hatter-1.png\" \/>\n\t<meta property=\"og:image:width\" content=\"1920\" \/>\n\t<meta property=\"og:image:height\" content=\"1920\" \/>\n\t<meta property=\"og:image:type\" content=\"image\/png\" \/>\n<meta name=\"twitter:card\" content=\"summary_large_image\" \/>\n<meta name=\"twitter:label1\" content=\"Est. reading time\" \/>\n\t<meta name=\"twitter:data1\" content=\"1 minute\" \/>\n<script type=\"application\/ld+json\" class=\"yoast-schema-graph\">{\"@context\":\"https:\\\/\\\/schema.org\",\"@graph\":[{\"@type\":\"WebPage\",\"@id\":\"https:\\\/\\\/www.viastein.hu\\\/termek\\\/falazoelemek\\\/viapanel\\\/viapanel-atpd300-2850x500x300\\\/\",\"url\":\"https:\\\/\\\/www.viastein.hu\\\/termek\\\/falazoelemek\\\/viapanel\\\/viapanel-atpd300-2850x500x300\\\/\",\"name\":\"VIAPANEL ATP D300 2850x500x300 - Viastein\",\"isPartOf\":{\"@id\":\"https:\\\/\\\/www.viastein.hu\\\/#website\"},\"primaryImageOfPage\":{\"@id\":\"https:\\\/\\\/www.viastein.hu\\\/termek\\\/falazoelemek\\\/viapanel\\\/viapanel-atpd300-2850x500x300\\\/#primaryimage\"},\"image\":{\"@id\":\"https:\\\/\\\/www.viastein.hu\\\/termek\\\/falazoelemek\\\/viapanel\\\/viapanel-atpd300-2850x500x300\\\/#primaryimage\"},\"thumbnailUrl\":\"https:\\\/\\\/www.viastein.hu\\\/wp-content\\\/uploads\\\/2025\\\/10\\\/Viapanel-d300-v7-attetszo-hatter-1.png\",\"datePublished\":\"2025-10-28T07:52:06+00:00\",\"dateModified\":\"2025-11-04T20:06:15+00:00\",\"breadcrumb\":{\"@id\":\"https:\\\/\\\/www.viastein.hu\\\/termek\\\/falazoelemek\\\/viapanel\\\/viapanel-atpd300-2850x500x300\\\/#breadcrumb\"},\"inLanguage\":\"en-US\",\"potentialAction\":[{\"@type\":\"ReadAction\",\"target\":[\"https:\\\/\\\/www.viastein.hu\\\/termek\\\/falazoelemek\\\/viapanel\\\/viapanel-atpd300-2850x500x300\\\/\"]}]},{\"@type\":\"ImageObject\",\"inLanguage\":\"en-US\",\"@id\":\"https:\\\/\\\/www.viastein.hu\\\/termek\\\/falazoelemek\\\/viapanel\\\/viapanel-atpd300-2850x500x300\\\/#primaryimage\",\"url\":\"https:\\\/\\\/www.viastein.hu\\\/wp-content\\\/uploads\\\/2025\\\/10\\\/Viapanel-d300-v7-attetszo-hatter-1.png\",\"contentUrl\":\"https:\\\/\\\/www.viastein.hu\\\/wp-content\\\/uploads\\\/2025\\\/10\\\/Viapanel-d300-v7-attetszo-hatter-1.png\",\"width\":1920,\"height\":1920},{\"@type\":\"BreadcrumbList\",\"@id\":\"https:\\\/\\\/www.viastein.hu\\\/termek\\\/falazoelemek\\\/viapanel\\\/viapanel-atpd300-2850x500x300\\\/#breadcrumb\",\"itemListElement\":[{\"@type\":\"ListItem\",\"position\":1,\"name\":\"Kezd\u0151lap\",\"item\":\"https:\\\/\\\/www.viastein.hu\\\/\"},{\"@type\":\"ListItem\",\"position\":2,\"name\":\"Term\u00e9kek\",\"item\":\"https:\\\/\\\/www.viastein.hu\\\/termekek-2\\\/\"},{\"@type\":\"ListItem\",\"position\":3,\"name\":\"FALAZ\u00d3ELEMEK\",\"item\":\"https:\\\/\\\/www.viastein.hu\\\/termek-kategoria\\\/falazoelemek\\\/\"},{\"@type\":\"ListItem\",\"position\":4,\"name\":\"VIAPANEL\",\"item\":\"https:\\\/\\\/www.viastein.hu\\\/termek-kategoria\\\/falazoelemek\\\/viapanel\\\/\"},{\"@type\":\"ListItem\",\"position\":5,\"name\":\"VIAPANEL ATP D300 2850x500x300\"}]},{\"@type\":\"WebSite\",\"@id\":\"https:\\\/\\\/www.viastein.hu\\\/#website\",\"url\":\"https:\\\/\\\/www.viastein.hu\\\/\",\"name\":\"Viastein\",\"description\":\"D\u00edszburkolatok, falaz\u00f3elemek, vasbeton elemek. Pr\u00e9mium min\u0151s\u00e9gben, hazai rakt\u00e1rb\u00f3l, r\u00f6vid sz\u00e1ll\u00edt\u00e1si hat\u00e1rid\u0151vel.\",\"publisher\":{\"@id\":\"https:\\\/\\\/www.viastein.hu\\\/#organization\"},\"potentialAction\":[{\"@type\":\"SearchAction\",\"target\":{\"@type\":\"EntryPoint\",\"urlTemplate\":\"https:\\\/\\\/www.viastein.hu\\\/?s={search_term_string}\"},\"query-input\":{\"@type\":\"PropertyValueSpecification\",\"valueRequired\":true,\"valueName\":\"search_term_string\"}}],\"inLanguage\":\"en-US\"},{\"@type\":\"Organization\",\"@id\":\"https:\\\/\\\/www.viastein.hu\\\/#organization\",\"name\":\"Viastein\",\"url\":\"https:\\\/\\\/www.viastein.hu\\\/\",\"logo\":{\"@type\":\"ImageObject\",\"inLanguage\":\"en-US\",\"@id\":\"https:\\\/\\\/www.viastein.hu\\\/#\\\/schema\\\/logo\\\/image\\\/\",\"url\":\"https:\\\/\\\/www.viastein.hu\\\/wp-content\\\/uploads\\\/2024\\\/07\\\/viastein-color-logo-02-2.png\",\"contentUrl\":\"https:\\\/\\\/www.viastein.hu\\\/wp-content\\\/uploads\\\/2024\\\/07\\\/viastein-color-logo-02-2.png\",\"width\":232,\"height\":58,\"caption\":\"Viastein\"},\"image\":{\"@id\":\"https:\\\/\\\/www.viastein.hu\\\/#\\\/schema\\\/logo\\\/image\\\/\"},\"sameAs\":[\"https:\\\/\\\/www.facebook.com\\\/viastein.hu\\\/\",\"https:\\\/\\\/www.instagram.com\\\/viastein_hungary\\\/\",\"https:\\\/\\\/www.youtube.com\\\/@viasteinkft8464\",\"https:\\\/\\\/www.tiktok.com\\\/@viastein_hungary\"]}]}<\/script>\n<!-- \/ Yoast SEO plugin. -->","yoast_head_json":{"title":"VIAPANEL ATP D300 2850x500x300 - Viastein","robots":{"index":"index","follow":"follow","max-snippet":"max-snippet:-1","max-image-preview":"max-image-preview:large","max-video-preview":"max-video-preview:-1"},"canonical":"https:\/\/www.viastein.hu\/termek\/falazoelemek\/viapanel\/viapanel-atpd300-2850x500x300\/","og_locale":"en_US","og_type":"article","og_title":"VIAPANEL ATP D300 2850x500x300 - Viastein","og_description":"TECHNIKAI ADATOK      Tests\u0171r\u0171s\u00e9g Magass\u00e1g Sz\u00e9less\u00e9g Vastags\u00e1g     Viapanel ATP 300 kg\/m\u00b3 2850 mm 500 mm 300 mm","og_url":"https:\/\/www.viastein.hu\/termek\/falazoelemek\/viapanel\/viapanel-atpd300-2850x500x300\/","og_site_name":"Viastein","article_publisher":"https:\/\/www.facebook.com\/viastein.hu\/","article_modified_time":"2025-11-04T20:06:15+00:00","og_image":[{"width":1920,"height":1920,"url":"https:\/\/www.viastein.hu\/wp-content\/uploads\/2025\/10\/Viapanel-d300-v7-attetszo-hatter-1.png","type":"image\/png"}],"twitter_card":"summary_large_image","twitter_misc":{"Est. reading time":"1 minute"},"schema":{"@context":"https:\/\/schema.org","@graph":[{"@type":"WebPage","@id":"https:\/\/www.viastein.hu\/termek\/falazoelemek\/viapanel\/viapanel-atpd300-2850x500x300\/","url":"https:\/\/www.viastein.hu\/termek\/falazoelemek\/viapanel\/viapanel-atpd300-2850x500x300\/","name":"VIAPANEL ATP D300 2850x500x300 - Viastein","isPartOf":{"@id":"https:\/\/www.viastein.hu\/#website"},"primaryImageOfPage":{"@id":"https:\/\/www.viastein.hu\/termek\/falazoelemek\/viapanel\/viapanel-atpd300-2850x500x300\/#primaryimage"},"image":{"@id":"https:\/\/www.viastein.hu\/termek\/falazoelemek\/viapanel\/viapanel-atpd300-2850x500x300\/#primaryimage"},"thumbnailUrl":"https:\/\/www.viastein.hu\/wp-content\/uploads\/2025\/10\/Viapanel-d300-v7-attetszo-hatter-1.png","datePublished":"2025-10-28T07:52:06+00:00","dateModified":"2025-11-04T20:06:15+00:00","breadcrumb":{"@id":"https:\/\/www.viastein.hu\/termek\/falazoelemek\/viapanel\/viapanel-atpd300-2850x500x300\/#breadcrumb"},"inLanguage":"en-US","potentialAction":[{"@type":"ReadAction","target":["https:\/\/www.viastein.hu\/termek\/falazoelemek\/viapanel\/viapanel-atpd300-2850x500x300\/"]}]},{"@type":"ImageObject","inLanguage":"en-US","@id":"https:\/\/www.viastein.hu\/termek\/falazoelemek\/viapanel\/viapanel-atpd300-2850x500x300\/#primaryimage","url":"https:\/\/www.viastein.hu\/wp-content\/uploads\/2025\/10\/Viapanel-d300-v7-attetszo-hatter-1.png","contentUrl":"https:\/\/www.viastein.hu\/wp-content\/uploads\/2025\/10\/Viapanel-d300-v7-attetszo-hatter-1.png","width":1920,"height":1920},{"@type":"BreadcrumbList","@id":"https:\/\/www.viastein.hu\/termek\/falazoelemek\/viapanel\/viapanel-atpd300-2850x500x300\/#breadcrumb","itemListElement":[{"@type":"ListItem","position":1,"name":"Kezd\u0151lap","item":"https:\/\/www.viastein.hu\/"},{"@type":"ListItem","position":2,"name":"Term\u00e9kek","item":"https:\/\/www.viastein.hu\/termekek-2\/"},{"@type":"ListItem","position":3,"name":"FALAZ\u00d3ELEMEK","item":"https:\/\/www.viastein.hu\/termek-kategoria\/falazoelemek\/"},{"@type":"ListItem","position":4,"name":"VIAPANEL","item":"https:\/\/www.viastein.hu\/termek-kategoria\/falazoelemek\/viapanel\/"},{"@type":"ListItem","position":5,"name":"VIAPANEL ATP D300 2850x500x300"}]},{"@type":"WebSite","@id":"https:\/\/www.viastein.hu\/#website","url":"https:\/\/www.viastein.hu\/","name":"Viastein","description":"D\u00edszburkolatok, falaz\u00f3elemek, vasbeton elemek. Pr\u00e9mium min\u0151s\u00e9gben, hazai rakt\u00e1rb\u00f3l, r\u00f6vid sz\u00e1ll\u00edt\u00e1si hat\u00e1rid\u0151vel.","publisher":{"@id":"https:\/\/www.viastein.hu\/#organization"},"potentialAction":[{"@type":"SearchAction","target":{"@type":"EntryPoint","urlTemplate":"https:\/\/www.viastein.hu\/?s={search_term_string}"},"query-input":{"@type":"PropertyValueSpecification","valueRequired":true,"valueName":"search_term_string"}}],"inLanguage":"en-US"},{"@type":"Organization","@id":"https:\/\/www.viastein.hu\/#organization","name":"Viastein","url":"https:\/\/www.viastein.hu\/","logo":{"@type":"ImageObject","inLanguage":"en-US","@id":"https:\/\/www.viastein.hu\/#\/schema\/logo\/image\/","url":"https:\/\/www.viastein.hu\/wp-content\/uploads\/2024\/07\/viastein-color-logo-02-2.png","contentUrl":"https:\/\/www.viastein.hu\/wp-content\/uploads\/2024\/07\/viastein-color-logo-02-2.png","width":232,"height":58,"caption":"Viastein"},"image":{"@id":"https:\/\/www.viastein.hu\/#\/schema\/logo\/image\/"},"sameAs":["https:\/\/www.facebook.com\/viastein.hu\/","https:\/\/www.instagram.com\/viastein_hungary\/","https:\/\/www.youtube.com\/@viasteinkft8464","https:\/\/www.tiktok.com\/@viastein_hungary"]}]}},"_links":{"self":[{"href":"https:\/\/www.viastein.hu\/en\/wp-json\/wp\/v2\/product\/11488","targetHints":{"allow":["GET"]}}],"collection":[{"href":"https:\/\/www.viastein.hu\/en\/wp-json\/wp\/v2\/product"}],"about":[{"href":"https:\/\/www.viastein.hu\/en\/wp-json\/wp\/v2\/types\/product"}],"wp:featuredmedia":[{"embeddable":true,"href":"https:\/\/www.viastein.hu\/en\/wp-json\/wp\/v2\/media\/11448"}],"wp:attachment":[{"href":"https:\/\/www.viastein.hu\/en\/wp-json\/wp\/v2\/media?parent=11488"}],"wp:term":[{"taxonomy":"product_brand","embeddable":true,"href":"https:\/\/www.viastein.hu\/en\/wp-json\/wp\/v2\/product_brand?post=11488"},{"taxonomy":"product_cat","embeddable":true,"href":"https:\/\/www.viastein.hu\/en\/wp-json\/wp\/v2\/product_cat?post=11488"},{"taxonomy":"product_tag","embeddable":true,"href":"https:\/\/www.viastein.hu\/en\/wp-json\/wp\/v2\/product_tag?post=11488"}],"curies":[{"name":"wp","href":"https:\/\/api.w.org\/{rel}","templated":true}]}}